{"id":9983,"date":"2015-09-21T11:57:45","date_gmt":"2015-09-21T11:57:45","guid":{"rendered":"https:\/\/www.canons.es\/ru\/nutrichip\/"},"modified":"2026-02-18T14:39:31","modified_gmt":"2026-02-18T12:39:31","slug":"nutrichip","status":"publish","type":"page","link":"https:\/\/www.canons.es\/ru\/dietetica-y-nutricion\/nutrichip\/","title":{"rendered":"Nutrichip"},"content":{"rendered":"<div class=\"wpb-content-wrapper\"><p>[vc_row section_type=&#187;full-width&#187; background_color=&#187;#f7f7f7&#8243;][vc_column][vc_empty_space height=&#187;40px&#187;][vc_row_inner][vc_column_inner width=&#187;1\/2&#8243;][vc_single_image image=&#187;22113&#8243; img_link_large=&#187;&#187;][\/vc_column_inner][vc_column_inner width=&#187;1\/2&#8243;][vc_column_text]<\/p>\n<p style=\"text-align: justify;\">\u041f\u0438\u0442\u0430\u043d\u0438\u0435 \u044f\u0432\u043b\u044f\u0435\u0442\u0441\u044f \u043e\u0441\u043d\u043e\u0432\u043e\u0439 \u043d\u0430\u0448\u0435\u0433\u043e \u0437\u0434\u043e\u0440\u043e\u0432\u044c\u044f. \u041c\u044b \u043d\u0435 \u043c\u043e\u0436\u0435\u043c \u0438\u0437\u043c\u0435\u043d\u0438\u0442\u044c \u043d\u0430\u0448\u0438 \u0433\u0435\u043d\u044b, \u043d\u043e \u043c\u043e\u0436\u0435\u043c \u0438\u0437\u043c\u0435\u043d\u0438\u0442\u044c \u0438\u0445 \u0432\u043b\u0438\u044f\u043d\u0438\u0435 \u043d\u0430 \u043d\u0430\u0448\u0435 \u0437\u0434\u043e\u0440\u043e\u0432\u044c\u0435 . \u041c\u044b \u043c\u043e\u0436\u0435\u043c \u0430\u0434\u0430\u043f\u0442\u0438\u0440\u043e\u0432\u0430\u0442\u044c \u043d\u0430\u0448 \u043e\u0431\u0440\u0430\u0437 \u0436\u0438\u0437\u043d\u0438 , \u0434\u0438\u0435\u0442\u0443 \u0438 \u043f\u0440\u0435\u0434\u043f\u043e\u0447\u0442\u0435\u043d\u0438\u044f \u0432 \u0435\u0434\u0435.<\/p>\n<p>[\/vc_column_text][\/vc_column_inner][\/vc_row_inner][\/vc_column][\/vc_row][vc_row section_type=&#187;full-width&#187;][vc_column][vc_empty_space][vc_accordion][vc_accordion_tab title=&#187;\u0427\u0442\u043e \u0442\u0430\u043a\u043e\u0435 NutriChip?&#187;][vc_column_text]<\/p>\n<p style=\"text-align: justify;\">NutriChip \u044d\u0442\u043e \u043f\u0435\u0440\u0441\u043e\u043d\u0430\u043b\u0438\u0437\u0438\u0440\u043e\u0432\u0430\u043d\u043d\u044b\u0439 \u043c\u0435\u0434\u0438\u0446\u0438\u043d\u0441\u043a\u0438\u0439 \u043f\u0440\u043e\u0433\u043d\u043e\u0437 , \u043f\u043e\u0434\u043a\u0440\u0435\u043f\u043b\u0451\u043d\u043d\u044b\u0439 \u043a\u043b\u0438\u043d\u0438\u0447\u0435\u0441\u043a\u0438\u043c\u0438 \u043f\u0440\u0430\u043a\u0442\u0438\u043a\u0430\u043c\u0438 \u0438 \u043a\u043e\u043d\u0441\u0443\u043b\u044c\u0442\u0438\u0440\u043e\u0432\u0430\u043d\u0438\u0435\u043c \u043f\u043e \u0432\u043e\u043f\u0440\u043e\u0441\u0430\u043c \u043f\u0438\u0442\u0430\u043d\u0438\u044f , \u0441\u043e\u043e\u0442\u0432\u0435\u0442\u0441\u0442\u0432\u0435\u043d\u043d\u043e \u0441 \u0433\u0435\u043d\u0435\u0442\u0438\u0447\u0435\u0441\u043a\u0438\u043c \u043f\u0440\u043e\u0444\u0438\u043b\u0435\u043c \u043a\u0430\u0436\u0434\u043e\u0433\u043e \u0447\u0435\u043b\u043e\u0432\u0435\u043a\u0430 . \u0418\u0437\u0443\u0447\u0435\u043d\u0438\u0435 \u0432\u0430\u0436\u043d\u043e\u0439 \u0433\u0435\u043d\u0435\u0442\u0438\u0447\u0435\u0441\u043a\u043e\u0439 \u0438\u043d\u0444\u043e\u0440\u043c\u0430\u0446\u0438\u0438 , \u043d\u0430\u0445\u043e\u0436\u0434\u0435\u043d\u0438\u0435 \u043f\u0440\u0438\u0447\u0438\u043d \u043f\u043e\u044f\u0432\u043b\u0435\u043d\u0438\u044f \u0438\u0437\u0431\u044b\u0442\u043e\u0447\u043d\u043e\u0433\u043e \u0432\u0435\u0441\u0430 \u0438 \u043e\u0436\u0438\u0440\u0435\u043d\u0438\u044f, \u0430 \u0442\u0430\u043a \u0436\u0435 \u043e\u043d \u043e\u043f\u0440\u0435\u0434\u0435\u043b\u044f\u0435\u0442 \u043d\u0430\u0438\u0431\u043e\u043b\u0435\u0435 \u043f\u043e\u0434\u0445\u043e\u0434\u044f\u0449\u0438\u0435 \u043f\u0440\u043e\u0444\u0438\u043b\u0430\u043a\u0442\u0438\u0447\u0435\u0441\u043a\u0438\u0435 \u0438 \u043b\u0435\u0447\u0435\u0431\u043d\u044b\u0435 \u043c\u0435\u0440\u044b . <strong>NutriChip \u044f\u0432\u043b\u044f\u0435\u0442\u0441\u044f \u0430\u043d\u0430\u043b\u0438\u0437\u043e\u043c \u0414\u041d\u041a \u0441 \u0442\u0435\u0445\u043d\u043e\u043b\u043e\u0433\u0438\u0435\u0439 \u043c\u0438\u043a\u0440\u043e\u0447\u0438\u043f\u043e\u0432 ,<\/strong> \u043f\u0440\u0438\u043c\u0435\u043d\u044f\u0435\u043c\u043e\u0439 \u043a \u0438\u0437\u0443\u0447\u0435\u043d\u0438\u044e \u0447\u0435\u043b\u043e\u0432\u0435\u0447\u0435\u0441\u043a\u043e\u0433\u043e \u0433\u0435\u043d\u043e\u043c\u0430 \u0441 \u0438\u0441\u043f\u043e\u043b\u044c\u0437\u043e\u0432\u0430\u043d\u0438\u0435\u043c \u0438\u043d\u0441\u0442\u0440\u0443\u043c\u0435\u043d\u0442\u0430 \u0433\u0435\u043d\u043e\u0442\u0438\u043f\u0438\u0440\u043e\u0432\u0430\u043d\u0438\u044f \u0441 \u0441\u043f\u0435\u0446\u0438\u0444\u0438\u0447\u043d\u043e\u0441\u0442\u044c\u044e \u0438 \u0447\u0443\u0432\u0441\u0442\u0432\u0438\u0442\u0435\u043b\u044c\u043d\u043e\u0441\u0442\u044c\u044e 99%.<\/p>\n<p>[\/vc_column_text][\/vc_accordion_tab][vc_accordion_tab title=&#187;\u0427\u0442\u043e \u043e\u043d \u0430\u043d\u0430\u043b\u0438\u0437\u0438\u0440\u0443\u0435\u0442?&#187;][vc_column_text]<\/p>\n<p style=\"text-align: justify;\">\u0413\u0435\u043d\u0435\u0442\u0438\u0447\u0435\u0441\u0441\u043a\u0443\u044e \u043f\u0440\u0435\u0434\u0440\u0430\u0441\u043f\u043e\u043b\u043e\u0436\u0435\u043d\u043d\u043e\u0441\u0442\u044c \u043a \u0438\u0437\u0431\u044b\u0442\u043e\u0447\u043d\u043e\u043c\u0443 \u0432\u0435\u0441\u0443, \u043e\u0436\u0438\u0440\u0435\u043d\u0438\u044e, \u0430\u0431\u0434\u043e\u043c\u0438\u043d\u0430\u043b\u044c\u043d\u043e\u043c\u0443 \u043e\u0436\u0438\u0440\u0435\u043d\u0438\u044e, \u0447\u0442\u043e \u043d\u0435\u043f\u043e\u0441\u0440\u0435\u0434\u0441\u0442\u0432\u0435\u043d\u043d\u043e \u0441\u0432\u044f\u0437\u0430\u043d\u043d\u043e \u0441 \u043f\u043e\u0432\u044b\u0448\u0435\u043d\u0438\u0435\u043c \u0440\u0438\u0441\u043a\u0430 \u0441\u0435\u0440\u0434\u0435\u0447\u043d\u043e\u0441\u043e\u0441\u0443\u0434\u0438\u0441\u0442\u044b\u0445 \u0437\u0430\u0431\u043e\u043b\u0435\u0432\u0430\u043d\u0438\u0439 , \u043a\u043e\u043d\u0442\u0440\u043e\u043b\u044c \u043f\u0440\u0438\u0451\u043c\u0430 \u043f\u0438\u0449\u0438 \u0438 \u0441\u043e\u043f\u0443\u0442\u0441\u0442\u0432\u0443\u044e\u0449\u0438\u0445 \u0437\u0430\u0431\u043e\u043b\u0435\u0432\u0430\u043d\u0438\u0439, \u0442\u0430\u043a\u0438\u0445 \u043a\u0430\u043a \u043e\u0441\u0442\u0435\u043e\u043f\u043e\u0440\u043e\u0437 , \u0434\u0438\u0430\u0431\u0435\u0442, \u0433\u0438\u043f\u0435\u0440\u0442\u0435\u043d\u0437\u0438\u044f , \u043d\u0438\u0437\u043a\u0438\u0439 \u0443\u0440\u043e\u0432\u0435\u043d\u044c HDL (\u041b\u0438\u043f\u043e\u043f\u0440\u043e\u0442\u0435\u0438\u043d\u044b \u0432\u044b\u0441\u043e\u043a\u043e\u0439 \u043f\u043b\u043e\u0442\u043d\u043e\u0441\u0442\u0438)\u2026<\/p>\n<p style=\"text-align: justify;\">\u0413\u0435\u043d\u044b , \u043f\u0440\u0438 \u043a\u043e\u0442\u043e\u0440\u044b\u0445 \u0435\u0441\u0442\u044c \u043d\u0435\u043e\u0431\u0445\u043e\u0434\u0438\u043c\u043e\u0441\u0442\u044c \u0432 \u0444\u0438\u0437\u0438\u0447\u0435\u0441\u043a\u0438\u0445 \u0443\u043f\u0440\u0430\u0436\u043d\u0435\u043d\u0438\u044f\u0445 \u0438 \u0434\u0438\u0435\u0442\u0435 \u0441 \u043d\u0438\u0437\u043a\u0438\u043c \u0441\u043e\u0434\u0435\u0440\u0436\u0430\u043d\u0438\u0435\u043c \u043a\u0430\u043b\u043e\u0440\u0438\u0439.<\/p>\n<p style=\"text-align: justify;\">\u0420\u0430\u0437\u043b\u0438\u0447\u043d\u044b\u0435 \u0433\u0435\u043d\u0435\u0442\u0438\u0447\u0435\u0441\u043a\u0438\u0435 \u043e\u0441\u043e\u0431\u0435\u043d\u043d\u043e\u0441\u0442\u0438 , \u043f\u0440\u0438 \u043a\u043e\u0442\u043e\u0440\u044b\u0445 \u0435\u0441\u0442\u044c \u043a\u043e\u043d\u043a\u0440\u0435\u0442\u043d\u044b\u0435 \u043f\u043e\u0442\u0440\u0435\u0431\u043d\u043e\u0441\u0442\u0438 \u0432 \u043f\u0438\u0442\u0430\u043d\u0438\u0438, \u043d\u0430\u043f\u0440\u0438\u043c\u0435\u0440 , \u0434\u0438\u0435\u0442\u0430, \u0431\u043e\u0433\u0430\u0442\u0430\u044f \u0444\u043e\u043b\u0438\u0435\u0432\u043e\u0439 \u043a\u0438\u0441\u043b\u043e\u0442\u043e\u0439 \u0438\u043b\u0438 \u0436\u0438\u0440\u043d\u044b\u043c\u0438 \u043a\u0438\u0441\u043b\u043e\u0442\u0430\u043c\u0438.<\/p>\n<p style=\"text-align: justify;\">\u041e\u0431\u0440\u0430\u0437 \u0436\u0438\u0437\u043d\u0438 (\u043a\u0430\u043a \u0432\u043d\u0435\u0448\u043d\u0438\u0439 \u0444\u0430\u043a\u0442\u043e\u0440) \u043c\u043e\u0436\u043d\u043e \u0438\u0437\u043c\u0435\u043d\u0438\u0442\u044c , \u0447\u0442\u043e\u0431\u044b \u0437\u0430\u0434\u0435\u0440\u0436\u0430\u0442\u044c \u0438\u043b\u0438 \u0443\u043c\u0435\u043d\u044c\u0448\u0438\u0442\u044c \u0432\u043e\u0437\u043d\u0438\u043a\u043d\u043e\u0432\u0435\u043d\u0438\u0435 \u0438\u0437\u0431\u044b\u0442\u043e\u0447\u043d\u043e\u0433\u043e \u0432\u0435\u0441\u0430 \u0438\u043b\u0438 \u043e\u0436\u0438\u0440\u0435\u043d\u0438\u044f.<\/p>\n<p style=\"text-align: justify;\"><strong>NutriChip \u2013\u044d\u0442\u043e \u043f\u0435\u0440\u0441\u043e\u043d\u0430\u043b\u0438\u0437\u0438\u0440\u043e\u0432\u0430\u043d\u043d\u044b\u0439 \u043c\u0435\u0434\u0438\u0446\u0438\u043d\u0441\u043a\u0438\u0439 \u0430\u043d\u0430\u043b\u0438<\/strong>\u0437 , \u043a\u043e\u0442\u043e\u0440\u044b\u0439 \u043e\u0446\u0435\u043d\u0438\u0432\u0430\u0435\u0442 \u0433\u0435\u043d\u0435\u0442\u0438\u0447\u0435\u0441\u043a\u0438\u0439 \u043f\u0440\u043e\u0444\u0438\u043b\u044c \u0438 \u043e\u0431\u0440\u0430\u0437 \u0436\u0438\u0437\u043d\u0438 \u0447\u0435\u043b\u043e\u0432\u0435\u043a\u0430. \u042f\u0432\u043b\u044f\u0435\u0442\u0441\u044f \u043f\u043e\u043b\u0435\u0437\u043d\u044b\u043c \u0438\u043d\u0441\u0442\u0440\u0443\u043c\u0435\u043d\u0442\u043e\u043c \u0441 \u043e\u0433\u0440\u043e\u043c\u043d\u044b\u043c\u0438 \u0432\u043e\u0437\u043c\u043e\u0436\u043d\u043e\u0441\u0442\u044f\u043c\u0438 , \u0441 \u043f\u043e\u043c\u043e\u0449\u044c\u044e \u043a\u043e\u0442\u043e\u0440\u043e\u0433\u043e \u043c\u043e\u0436\u043d\u043e \u043d\u0430\u0439\u0442\u0438 \u043f\u0440\u0438\u0447\u0438\u043d\u044b , \u0432\u043b\u0438\u044f\u044e\u0449\u0438\u0435 \u043d\u0430 \u0440\u0430\u0437\u0432\u0438\u0442\u0438\u0435 \u0438\u0437\u0431\u044b\u0442\u043e\u0447\u043d\u043e\u0439 \u043c\u0430\u0441\u0441\u044b \u0442\u0435\u043b\u0430 \u0438\u043b\u0438 \u043e\u0436\u0438\u0440\u0435\u043d\u0438\u044f . \u0421 \u043f\u043e\u043c\u043e\u0449\u044c\u044e \u044d\u0442\u043e\u0433\u043e \u0430\u043d\u0430\u043b\u0438\u0437\u0430 \u0434\u043e\u0441\u0442\u0438\u0433\u0430\u044e\u0442\u0441\u044f \u043e\u043f\u0442\u0438\u043c\u0430\u043b\u044c\u043d\u044b\u0435 \u0442\u0435\u0440\u0430\u043f\u0435\u0432\u0442\u0438\u0447\u0435\u0441\u043a\u0438\u0435 \u0446\u0435\u043b\u0438 \u0432 \u0433\u0438\u0431\u043a\u043e\u0439 \u0438 \u043f\u0440\u044f\u043c\u043e\u0439 \u0444\u043e\u0440\u043c\u0435 .<\/p>\n<p>[\/vc_column_text][\/vc_accordion_tab][\/vc_accordion][\/vc_column][\/vc_row]<\/p>\n<\/div><!-- AddThis Advanced Settings generic via filter on the_content --><!-- AddThis Share Buttons generic via filter on the_content -->","protected":false},"excerpt":{"rendered":"<p>[vc_row section_type=&#187;full-width&#187; background_color=&#187;#f7f7f7&#8243;][vc_column][vc_empty_space height=&#187;40px&#187;][vc_row_inner][vc_column_inner width=&#187;1\/2&#8243;][vc_single_image image=&#187;22113&#8243; img_link_large=&#187;&#187;][\/vc_column_inner][vc_column_inner width=&#187;1\/2&#8243;][vc_column_text] \u041f\u0438\u0442\u0430\u043d\u0438\u0435 \u044f\u0432\u043b\u044f\u0435\u0442\u0441\u044f \u043e\u0441\u043d\u043e\u0432\u043e\u0439 \u043d\u0430\u0448\u0435\u0433\u043e \u0437\u0434\u043e\u0440\u043e\u0432\u044c\u044f. \u041c\u044b \u043d\u0435 \u043c\u043e\u0436\u0435\u043c \u0438\u0437\u043c\u0435\u043d\u0438\u0442\u044c \u043d\u0430\u0448\u0438 \u0433\u0435\u043d\u044b, \u043d\u043e \u043c\u043e\u0436\u0435\u043c \u0438\u0437\u043c\u0435\u043d\u0438\u0442\u044c \u0438\u0445 \u0432\u043b\u0438\u044f\u043d\u0438\u0435 \u043d\u0430 \u043d\u0430\u0448\u0435 \u0437\u0434\u043e\u0440\u043e\u0432\u044c\u0435 . \u041c\u044b \u043c\u043e\u0436\u0435\u043c \u0430\u0434\u0430\u043f\u0442\u0438\u0440\u043e\u0432\u0430\u0442\u044c \u043d\u0430\u0448 \u043e\u0431\u0440\u0430\u0437 \u0436\u0438\u0437\u043d\u0438 , \u0434\u0438\u0435\u0442\u0443 \u0438 \u043f\u0440\u0435\u0434\u043f\u043e\u0447\u0442\u0435\u043d\u0438\u044f \u0432 \u0435\u0434\u0435. [\/vc_column_text][\/vc_column_inner][\/vc_row_inner][\/vc_column][\/vc_row][vc_row section_type=&#187;full-width&#187;][vc_column][vc_empty_space][vc_accordion][vc_accordion_tab title=&#187;\u0427\u0442\u043e \u0442\u0430\u043a\u043e\u0435 NutriChip?&#187;][vc_column_text]&#8230;<!-- AddThis Advanced Settings generic via filter on get_the_excerpt --><!-- AddThis Share Buttons generic via filter on get_the_excerpt --><\/p>\n","protected":false},"author":25,"featured_media":0,"parent":10172,"menu_order":0,"comment_status":"closed","ping_status":"closed","template":"","meta":{"footnotes":""},"class_list":["post-9983","page","type-page","status-publish","hentry"],"yoast_head":"<!-- This site is optimized with the Yoast SEO Premium plugin v26.9 (Yoast SEO v27.2) - https:\/\/yoast.com\/product\/yoast-seo-premium-wordpress\/ -->\n<title>Nutrichip - \u041a\u043b\u0438\u043d\u0438\u043a\u0430 \u041a\u0430\u043d\u043e\u043d\u0441 | \u0425\u0438\u0440\u0443\u0440\u0433\u0438\u044f \u0438 \u044d\u0441\u0442\u0435\u0442\u0438\u0447\u0435\u0441\u043a\u0430\u044f \u043c\u0435\u0434\u0438\u0446\u0438\u043d\u0430 \u0432 \u0411\u0430\u0440\u0441\u0435\u043b\u043e\u043d\u0435, \u0413\u0440\u0430\u043d\u043e\u043b\u044c\u0435\u0440\u0441<\/title>\n<meta name=\"robots\" content=\"index, follow, max-snippet:-1, max-image-preview:large, max-video-preview:-1\" \/>\n<link rel=\"canonical\" href=\"https:\/\/www.canons.es\/ru\/dietetica-y-nutricion\/nutrichip\/\" \/>\n<meta property=\"og:locale\" content=\"ru_RU\" \/>\n<meta property=\"og:type\" content=\"article\" \/>\n<meta property=\"og:title\" content=\"Nutrichip\" \/>\n<meta property=\"og:description\" content=\"[vc_row section_type=&#187;full-width&#187; background_color=&#187;#f7f7f7&#8243;][vc_column][vc_empty_space height=&#187;40px&#187;][vc_row_inner][vc_column_inner width=&#187;1\/2&#8243;][vc_single_image image=&#187;22113&#8243; img_link_large=&#187;&#187;][\/vc_column_inner][vc_column_inner width=&#187;1\/2&#8243;][vc_column_text] \u041f\u0438\u0442\u0430\u043d\u0438\u0435 \u044f\u0432\u043b\u044f\u0435\u0442\u0441\u044f \u043e\u0441\u043d\u043e\u0432\u043e\u0439 \u043d\u0430\u0448\u0435\u0433\u043e \u0437\u0434\u043e\u0440\u043e\u0432\u044c\u044f. \u041c\u044b \u043d\u0435 \u043c\u043e\u0436\u0435\u043c \u0438\u0437\u043c\u0435\u043d\u0438\u0442\u044c \u043d\u0430\u0448\u0438 \u0433\u0435\u043d\u044b, \u043d\u043e \u043c\u043e\u0436\u0435\u043c \u0438\u0437\u043c\u0435\u043d\u0438\u0442\u044c \u0438\u0445 \u0432\u043b\u0438\u044f\u043d\u0438\u0435 \u043d\u0430 \u043d\u0430\u0448\u0435 \u0437\u0434\u043e\u0440\u043e\u0432\u044c\u0435 . \u041c\u044b \u043c\u043e\u0436\u0435\u043c \u0430\u0434\u0430\u043f\u0442\u0438\u0440\u043e\u0432\u0430\u0442\u044c \u043d\u0430\u0448 \u043e\u0431\u0440\u0430\u0437 \u0436\u0438\u0437\u043d\u0438 , \u0434\u0438\u0435\u0442\u0443 \u0438 \u043f\u0440\u0435\u0434\u043f\u043e\u0447\u0442\u0435\u043d\u0438\u044f \u0432 \u0435\u0434\u0435. [\/vc_column_text][\/vc_column_inner][\/vc_row_inner][\/vc_column][\/vc_row][vc_row section_type=&#187;full-width&#187;][vc_column][vc_empty_space][vc_accordion][vc_accordion_tab title=&#187;\u0427\u0442\u043e \u0442\u0430\u043a\u043e\u0435 NutriChip?&#187;][vc_column_text]...\" \/>\n<meta property=\"og:url\" content=\"https:\/\/www.canons.es\/ru\/dietetica-y-nutricion\/nutrichip\/\" \/>\n<meta property=\"og:site_name\" content=\"\u041a\u043b\u0438\u043d\u0438\u043a\u0430 \u041a\u0430\u043d\u043e\u043d\u0441 | \u0425\u0438\u0440\u0443\u0440\u0433\u0438\u044f \u0438 \u044d\u0441\u0442\u0435\u0442\u0438\u0447\u0435\u0441\u043a\u0430\u044f \u043c\u0435\u0434\u0438\u0446\u0438\u043d\u0430 \u0432 \u0411\u0430\u0440\u0441\u0435\u043b\u043e\u043d\u0435, \u0413\u0440\u0430\u043d\u043e\u043b\u044c\u0435\u0440\u0441\" \/>\n<meta property=\"article:publisher\" content=\"https:\/\/www.facebook.com\/canonsclinics\/\" \/>\n<meta property=\"article:modified_time\" content=\"2026-02-18T12:39:31+00:00\" \/>\n<meta name=\"twitter:card\" content=\"summary_large_image\" \/>\n<meta name=\"twitter:site\" content=\"@canonsclinics\" \/>\n<meta name=\"twitter:label1\" content=\"\u041f\u0440\u0438\u043c\u0435\u0440\u043d\u043e\u0435 \u0432\u0440\u0435\u043c\u044f \u0434\u043b\u044f \u0447\u0442\u0435\u043d\u0438\u044f\" \/>\n\t<meta name=\"twitter:data1\" content=\"1 \u043c\u0438\u043d\u0443\u0442\u0430\" \/>\n<script type=\"application\/ld+json\" class=\"yoast-schema-graph\">{\"@context\":\"https:\/\/schema.org\",\"@graph\":[{\"@type\":\"WebPage\",\"@id\":\"https:\/\/www.canons.es\/ru\/dietetica-y-nutricion\/nutrichip\/\",\"url\":\"https:\/\/www.canons.es\/ru\/dietetica-y-nutricion\/nutrichip\/\",\"name\":\"Nutrichip - \u041a\u043b\u0438\u043d\u0438\u043a\u0430 \u041a\u0430\u043d\u043e\u043d\u0441 | \u0425\u0438\u0440\u0443\u0440\u0433\u0438\u044f \u0438 \u044d\u0441\u0442\u0435\u0442\u0438\u0447\u0435\u0441\u043a\u0430\u044f \u043c\u0435\u0434\u0438\u0446\u0438\u043d\u0430 \u0432 \u0411\u0430\u0440\u0441\u0435\u043b\u043e\u043d\u0435, \u0413\u0440\u0430\u043d\u043e\u043b\u044c\u0435\u0440\u0441\",\"isPartOf\":{\"@id\":\"https:\/\/www.canons.es\/#website\"},\"datePublished\":\"2015-09-21T11:57:45+00:00\",\"dateModified\":\"2026-02-18T12:39:31+00:00\",\"breadcrumb\":{\"@id\":\"https:\/\/www.canons.es\/ru\/dietetica-y-nutricion\/nutrichip\/#breadcrumb\"},\"inLanguage\":\"ru-RU\",\"potentialAction\":[{\"@type\":\"ReadAction\",\"target\":[\"https:\/\/www.canons.es\/ru\/dietetica-y-nutricion\/nutrichip\/\"]}]},{\"@type\":\"BreadcrumbList\",\"@id\":\"https:\/\/www.canons.es\/ru\/dietetica-y-nutricion\/nutrichip\/#breadcrumb\",\"itemListElement\":[{\"@type\":\"ListItem\",\"position\":1,\"name\":\"Portada\",\"item\":\"https:\/\/www.canons.es\/ru\/\"},{\"@type\":\"ListItem\",\"position\":2,\"name\":\"\u0414\u0438\u0435\u0442\u043e\u043b\u043e\u0433\u0438\u044f \u0438 \u043f\u0438\u0442\u0430\u043d\u0438\u0435\",\"item\":\"https:\/\/www.canons.es\/ru\/dietetica-y-nutricion\/\"},{\"@type\":\"ListItem\",\"position\":3,\"name\":\"Nutrichip\"}]},{\"@type\":\"WebSite\",\"@id\":\"https:\/\/www.canons.es\/#website\",\"url\":\"https:\/\/www.canons.es\/\",\"name\":\"Cirug\u00eda Pl\u00e1stica y Est\u00e9tica Barcelona y Granollers | C\u00e0nons Clinics\",\"description\":\"\",\"publisher\":{\"@id\":\"https:\/\/www.canons.es\/#organization\"},\"potentialAction\":[{\"@type\":\"SearchAction\",\"target\":{\"@type\":\"EntryPoint\",\"urlTemplate\":\"https:\/\/www.canons.es\/?s={search_term_string}\"},\"query-input\":{\"@type\":\"PropertyValueSpecification\",\"valueRequired\":true,\"valueName\":\"search_term_string\"}}],\"inLanguage\":\"ru-RU\"},{\"@type\":\"Organization\",\"@id\":\"https:\/\/www.canons.es\/#organization\",\"name\":\"Cirug\u00eda Pl\u00e1stica y Est\u00e9tica Barcelona y Granollers | C\u00e0nons Clinics\",\"url\":\"https:\/\/www.canons.es\/\",\"logo\":{\"@type\":\"ImageObject\",\"inLanguage\":\"ru-RU\",\"@id\":\"https:\/\/www.canons.es\/#\/schema\/logo\/image\/\",\"url\":\"https:\/\/www.canons.es\/wp-content\/uploads\/2025\/04\/logo-canons-clinics.jpg\",\"contentUrl\":\"https:\/\/www.canons.es\/wp-content\/uploads\/2025\/04\/logo-canons-clinics.jpg\",\"width\":600,\"height\":139,\"caption\":\"Cirug\u00eda Pl\u00e1stica y Est\u00e9tica Barcelona y Granollers | C\u00e0nons Clinics\"},\"image\":{\"@id\":\"https:\/\/www.canons.es\/#\/schema\/logo\/image\/\"},\"sameAs\":[\"https:\/\/www.facebook.com\/canonsclinics\/\",\"https:\/\/x.com\/canonsclinics\",\"https:\/\/www.instagram.com\/canonsclinics\/\",\"https:\/\/www.youtube.com\/channel\/UCI1Ia6LjALyo1CuQ0_HwtfQ\",\"https:\/\/www.linkedin.com\/company\/canons-clinics\/\"]}]}<\/script>\n<!-- \/ Yoast SEO Premium plugin. -->","yoast_head_json":{"title":"Nutrichip - \u041a\u043b\u0438\u043d\u0438\u043a\u0430 \u041a\u0430\u043d\u043e\u043d\u0441 | \u0425\u0438\u0440\u0443\u0440\u0433\u0438\u044f \u0438 \u044d\u0441\u0442\u0435\u0442\u0438\u0447\u0435\u0441\u043a\u0430\u044f \u043c\u0435\u0434\u0438\u0446\u0438\u043d\u0430 \u0432 \u0411\u0430\u0440\u0441\u0435\u043b\u043e\u043d\u0435, \u0413\u0440\u0430\u043d\u043e\u043b\u044c\u0435\u0440\u0441","robots":{"index":"index","follow":"follow","max-snippet":"max-snippet:-1","max-image-preview":"max-image-preview:large","max-video-preview":"max-video-preview:-1"},"canonical":"https:\/\/www.canons.es\/ru\/dietetica-y-nutricion\/nutrichip\/","og_locale":"ru_RU","og_type":"article","og_title":"Nutrichip","og_description":"[vc_row section_type=&#187;full-width&#187; background_color=&#187;#f7f7f7&#8243;][vc_column][vc_empty_space height=&#187;40px&#187;][vc_row_inner][vc_column_inner width=&#187;1\/2&#8243;][vc_single_image image=&#187;22113&#8243; img_link_large=&#187;&#187;][\/vc_column_inner][vc_column_inner width=&#187;1\/2&#8243;][vc_column_text] \u041f\u0438\u0442\u0430\u043d\u0438\u0435 \u044f\u0432\u043b\u044f\u0435\u0442\u0441\u044f \u043e\u0441\u043d\u043e\u0432\u043e\u0439 \u043d\u0430\u0448\u0435\u0433\u043e \u0437\u0434\u043e\u0440\u043e\u0432\u044c\u044f. \u041c\u044b \u043d\u0435 \u043c\u043e\u0436\u0435\u043c \u0438\u0437\u043c\u0435\u043d\u0438\u0442\u044c \u043d\u0430\u0448\u0438 \u0433\u0435\u043d\u044b, \u043d\u043e \u043c\u043e\u0436\u0435\u043c \u0438\u0437\u043c\u0435\u043d\u0438\u0442\u044c \u0438\u0445 \u0432\u043b\u0438\u044f\u043d\u0438\u0435 \u043d\u0430 \u043d\u0430\u0448\u0435 \u0437\u0434\u043e\u0440\u043e\u0432\u044c\u0435 . \u041c\u044b \u043c\u043e\u0436\u0435\u043c \u0430\u0434\u0430\u043f\u0442\u0438\u0440\u043e\u0432\u0430\u0442\u044c \u043d\u0430\u0448 \u043e\u0431\u0440\u0430\u0437 \u0436\u0438\u0437\u043d\u0438 , \u0434\u0438\u0435\u0442\u0443 \u0438 \u043f\u0440\u0435\u0434\u043f\u043e\u0447\u0442\u0435\u043d\u0438\u044f \u0432 \u0435\u0434\u0435. [\/vc_column_text][\/vc_column_inner][\/vc_row_inner][\/vc_column][\/vc_row][vc_row section_type=&#187;full-width&#187;][vc_column][vc_empty_space][vc_accordion][vc_accordion_tab title=&#187;\u0427\u0442\u043e \u0442\u0430\u043a\u043e\u0435 NutriChip?&#187;][vc_column_text]...","og_url":"https:\/\/www.canons.es\/ru\/dietetica-y-nutricion\/nutrichip\/","og_site_name":"\u041a\u043b\u0438\u043d\u0438\u043a\u0430 \u041a\u0430\u043d\u043e\u043d\u0441 | \u0425\u0438\u0440\u0443\u0440\u0433\u0438\u044f \u0438 \u044d\u0441\u0442\u0435\u0442\u0438\u0447\u0435\u0441\u043a\u0430\u044f \u043c\u0435\u0434\u0438\u0446\u0438\u043d\u0430 \u0432 \u0411\u0430\u0440\u0441\u0435\u043b\u043e\u043d\u0435, \u0413\u0440\u0430\u043d\u043e\u043b\u044c\u0435\u0440\u0441","article_publisher":"https:\/\/www.facebook.com\/canonsclinics\/","article_modified_time":"2026-02-18T12:39:31+00:00","twitter_card":"summary_large_image","twitter_site":"@canonsclinics","twitter_misc":{"\u041f\u0440\u0438\u043c\u0435\u0440\u043d\u043e\u0435 \u0432\u0440\u0435\u043c\u044f \u0434\u043b\u044f \u0447\u0442\u0435\u043d\u0438\u044f":"1 \u043c\u0438\u043d\u0443\u0442\u0430"},"schema":{"@context":"https:\/\/schema.org","@graph":[{"@type":"WebPage","@id":"https:\/\/www.canons.es\/ru\/dietetica-y-nutricion\/nutrichip\/","url":"https:\/\/www.canons.es\/ru\/dietetica-y-nutricion\/nutrichip\/","name":"Nutrichip - \u041a\u043b\u0438\u043d\u0438\u043a\u0430 \u041a\u0430\u043d\u043e\u043d\u0441 | \u0425\u0438\u0440\u0443\u0440\u0433\u0438\u044f \u0438 \u044d\u0441\u0442\u0435\u0442\u0438\u0447\u0435\u0441\u043a\u0430\u044f \u043c\u0435\u0434\u0438\u0446\u0438\u043d\u0430 \u0432 \u0411\u0430\u0440\u0441\u0435\u043b\u043e\u043d\u0435, \u0413\u0440\u0430\u043d\u043e\u043b\u044c\u0435\u0440\u0441","isPartOf":{"@id":"https:\/\/www.canons.es\/#website"},"datePublished":"2015-09-21T11:57:45+00:00","dateModified":"2026-02-18T12:39:31+00:00","breadcrumb":{"@id":"https:\/\/www.canons.es\/ru\/dietetica-y-nutricion\/nutrichip\/#breadcrumb"},"inLanguage":"ru-RU","potentialAction":[{"@type":"ReadAction","target":["https:\/\/www.canons.es\/ru\/dietetica-y-nutricion\/nutrichip\/"]}]},{"@type":"BreadcrumbList","@id":"https:\/\/www.canons.es\/ru\/dietetica-y-nutricion\/nutrichip\/#breadcrumb","itemListElement":[{"@type":"ListItem","position":1,"name":"Portada","item":"https:\/\/www.canons.es\/ru\/"},{"@type":"ListItem","position":2,"name":"\u0414\u0438\u0435\u0442\u043e\u043b\u043e\u0433\u0438\u044f \u0438 \u043f\u0438\u0442\u0430\u043d\u0438\u0435","item":"https:\/\/www.canons.es\/ru\/dietetica-y-nutricion\/"},{"@type":"ListItem","position":3,"name":"Nutrichip"}]},{"@type":"WebSite","@id":"https:\/\/www.canons.es\/#website","url":"https:\/\/www.canons.es\/","name":"Cirug\u00eda Pl\u00e1stica y Est\u00e9tica Barcelona y Granollers | C\u00e0nons Clinics","description":"","publisher":{"@id":"https:\/\/www.canons.es\/#organization"},"potentialAction":[{"@type":"SearchAction","target":{"@type":"EntryPoint","urlTemplate":"https:\/\/www.canons.es\/?s={search_term_string}"},"query-input":{"@type":"PropertyValueSpecification","valueRequired":true,"valueName":"search_term_string"}}],"inLanguage":"ru-RU"},{"@type":"Organization","@id":"https:\/\/www.canons.es\/#organization","name":"Cirug\u00eda Pl\u00e1stica y Est\u00e9tica Barcelona y Granollers | C\u00e0nons Clinics","url":"https:\/\/www.canons.es\/","logo":{"@type":"ImageObject","inLanguage":"ru-RU","@id":"https:\/\/www.canons.es\/#\/schema\/logo\/image\/","url":"https:\/\/www.canons.es\/wp-content\/uploads\/2025\/04\/logo-canons-clinics.jpg","contentUrl":"https:\/\/www.canons.es\/wp-content\/uploads\/2025\/04\/logo-canons-clinics.jpg","width":600,"height":139,"caption":"Cirug\u00eda Pl\u00e1stica y Est\u00e9tica Barcelona y Granollers | C\u00e0nons Clinics"},"image":{"@id":"https:\/\/www.canons.es\/#\/schema\/logo\/image\/"},"sameAs":["https:\/\/www.facebook.com\/canonsclinics\/","https:\/\/x.com\/canonsclinics","https:\/\/www.instagram.com\/canonsclinics\/","https:\/\/www.youtube.com\/channel\/UCI1Ia6LjALyo1CuQ0_HwtfQ","https:\/\/www.linkedin.com\/company\/canons-clinics\/"]}]}},"_links":{"self":[{"href":"https:\/\/www.canons.es\/ru\/wp-json\/wp\/v2\/pages\/9983","targetHints":{"allow":["GET"]}}],"collection":[{"href":"https:\/\/www.canons.es\/ru\/wp-json\/wp\/v2\/pages"}],"about":[{"href":"https:\/\/www.canons.es\/ru\/wp-json\/wp\/v2\/types\/page"}],"author":[{"embeddable":true,"href":"https:\/\/www.canons.es\/ru\/wp-json\/wp\/v2\/users\/25"}],"replies":[{"embeddable":true,"href":"https:\/\/www.canons.es\/ru\/wp-json\/wp\/v2\/comments?post=9983"}],"version-history":[{"count":0,"href":"https:\/\/www.canons.es\/ru\/wp-json\/wp\/v2\/pages\/9983\/revisions"}],"up":[{"embeddable":true,"href":"https:\/\/www.canons.es\/ru\/wp-json\/wp\/v2\/pages\/10172"}],"wp:attachment":[{"href":"https:\/\/www.canons.es\/ru\/wp-json\/wp\/v2\/media?parent=9983"}],"curies":[{"name":"wp","href":"https:\/\/api.w.org\/{rel}","templated":true}]}}