{"id":9638,"date":"2015-09-25T11:59:37","date_gmt":"2015-09-25T11:59:37","guid":{"rendered":"https:\/\/www.canons.es\/ru\/bodyter-premium\/"},"modified":"2015-11-25T14:51:36","modified_gmt":"2015-11-25T14:51:36","slug":"bodyter-premium","status":"publish","type":"page","link":"https:\/\/www.canons.es\/ru\/bodyter-premium\/","title":{"rendered":"Bodyter Premium"},"content":{"rendered":"<div class=\"wpb-content-wrapper\"><p>[vc_row section_type=&#187;full-width&#187; background_color=&#187;#f7f7f7&#8243;][vc_column][vc_empty_space height=&#187;40px&#187;][vc_row_inner][vc_column_inner width=&#187;1\/2&#8243;][vc_single_image image=&#187;8655&#8243; img_link_large=&#187;&#187;][\/vc_column_inner][vc_column_inner width=&#187;1\/2&#8243;][vc_column_text]<\/p>\n<p style=\"text-align: justify;\">Contamos con la m\u00e1s avanzada aparatolog\u00eda corporal Bodyter Premium que <strong>garantiza notables resultados en la mejora de la celulitis, la flacidez corporal, la remodelaci\u00f3n del contorno corporal<\/strong>, al mismo tiempo que activa el sistema circulatorio y limf\u00e1tico gracias a la <strong>combinaci\u00f3n de Electroestimulaci\u00f3n, Termoterapia y Electroporaci\u00f3n<\/strong>. El tratamiento ideal para tonificar tu cuerpo y eliminar la celulitis.<\/p>\n<p>[\/vc_column_text][\/vc_column_inner][\/vc_row_inner][\/vc_column][\/vc_row][vc_row][vc_column][vc_empty_space][vc_accordion][vc_accordion_tab title=&#187;\u00bfC\u00f3mo act\u00faa?&#187;][vc_column_text]<\/p>\n<p style=\"text-align: justify;\">La\u00a0Electroestimulaci\u00f3n utiliza corrientes de media y baja frecuencia para <strong>tonificar tu musculatura y actuar sobre la degradaci\u00f3n de las grasas<\/strong>. Simult\u00e1neamente, la Termoestimulaci\u00f3n utiliza el calor para actuar sobre el metabolismo celular aceler\u00e1ndolo y <strong>favoreciendo \u00a0el consumo y degradaci\u00f3n de los dep\u00f3sitos grasos<\/strong>.<\/p>\n<p style=\"text-align: justify;\">Finalmente, se activa la Electroporaci\u00f3n mediante corrientes de media frecuencia que <strong>favorecen la penetraci\u00f3n celular de principios activos espec\u00edficos para cada alteraci\u00f3n a tratar<\/strong>.<\/p>\n<p>[\/vc_column_text][\/vc_accordion_tab][vc_accordion_tab title=&#187;\u00bfCu\u00e1ntas sesiones se recomiendan?&#187;][vc_column_text]<\/p>\n<p style=\"text-align: justify;\">El n\u00famero de sesiones recomendadas depender\u00e1 de la importancia, severidad y extensi\u00f3n de la alteraci\u00f3n a tratar. Por lo general, <strong>suelen realizarse entre 10 y 12 sesiones con una frecuencia de dos sesiones semanales<\/strong>.<\/p>\n<p style=\"text-align: justify;\">La duraci\u00f3n de las sesiones podr\u00e1 ser de <strong>un tiempo aproximado de 1 hora o de 30 minutos<\/strong>. Una vez hayas conseguido el resultado deseado, es importante establecer un programa de mantenimiento.<\/p>\n<p>[\/vc_column_text][\/vc_accordion_tab][vc_accordion_tab title=&#187;Tratamientos para la Mujer (Bonus 10 sesiones)&#187;][vc_column_text]<\/p>\n<ul>\n<li>Remodelaci\u00f3n Corporal<\/li>\n<\/ul>\n<ul>\n<li>Flacidez Corporal<\/li>\n<\/ul>\n<ul>\n<li>Circulatorio y Drenante<\/li>\n<\/ul>\n<ul>\n<li>Celulitis Blanda<\/li>\n<\/ul>\n<ul>\n<li>Celulitis Mixta<\/li>\n<\/ul>\n<ul>\n<li>Celulitis Dura<\/li>\n<\/ul>\n<ul>\n<li>Celulitis Edematosa<\/li>\n<\/ul>\n<p>[\/vc_column_text][\/vc_accordion_tab][vc_accordion_tab title=&#187;Tratamientos para el Hombre &#171;][vc_column_text]<\/p>\n<ul>\n<li>Remodelaci\u00f3n Corporal<\/li>\n<\/ul>\n<ul>\n<li>Flacidez Corporal<\/li>\n<\/ul>\n<ul>\n<li>Circulatorio y Drenante<\/li>\n<\/ul>\n<p>[\/vc_column_text][\/vc_accordion_tab][\/vc_accordion][\/vc_column][\/vc_row]<\/p>\n<\/div><!-- AddThis Advanced Settings generic via filter on the_content --><!-- AddThis Share Buttons generic via filter on the_content -->","protected":false},"excerpt":{"rendered":"<p>[vc_row section_type=&#187;full-width&#187; background_color=&#187;#f7f7f7&#8243;][vc_column][vc_empty_space height=&#187;40px&#187;][vc_row_inner][vc_column_inner width=&#187;1\/2&#8243;][vc_single_image image=&#187;8655&#8243; img_link_large=&#187;&#187;][\/vc_column_inner][vc_column_inner width=&#187;1\/2&#8243;][vc_column_text] Contamos con la m\u00e1s avanzada aparatolog\u00eda corporal Bodyter Premium que garantiza notables resultados en la mejora de la celulitis, la flacidez corporal, la remodelaci\u00f3n del contorno corporal, al mismo tiempo que activa el sistema circulatorio y limf\u00e1tico&#8230;<!-- AddThis Advanced Settings generic via filter on get_the_excerpt --><!-- AddThis Share Buttons generic via filter on get_the_excerpt --><\/p>\n","protected":false},"author":25,"featured_media":0,"parent":0,"menu_order":0,"comment_status":"closed","ping_status":"closed","template":"","meta":{"footnotes":""},"class_list":["post-9638","page","type-page","status-publish","hentry"],"yoast_head":"<!-- This site is optimized with the Yoast SEO Premium plugin v26.9 (Yoast SEO v27.2) - https:\/\/yoast.com\/product\/yoast-seo-premium-wordpress\/ -->\n<title>Bodyter Premium - \u041a\u043b\u0438\u043d\u0438\u043a\u0430 \u041a\u0430\u043d\u043e\u043d\u0441 | \u0425\u0438\u0440\u0443\u0440\u0433\u0438\u044f \u0438 \u044d\u0441\u0442\u0435\u0442\u0438\u0447\u0435\u0441\u043a\u0430\u044f \u043c\u0435\u0434\u0438\u0446\u0438\u043d\u0430 \u0432 \u0411\u0430\u0440\u0441\u0435\u043b\u043e\u043d\u0435, \u0413\u0440\u0430\u043d\u043e\u043b\u044c\u0435\u0440\u0441<\/title>\n<meta name=\"robots\" content=\"index, follow, max-snippet:-1, max-image-preview:large, max-video-preview:-1\" \/>\n<link rel=\"canonical\" href=\"https:\/\/www.canons.es\/bodyter-premium\/\" \/>\n<meta property=\"og:locale\" content=\"ru_RU\" \/>\n<meta property=\"og:type\" content=\"article\" \/>\n<meta property=\"og:title\" content=\"Bodyter Premium\" \/>\n<meta property=\"og:description\" content=\"[vc_row section_type=&#187;full-width&#187; background_color=&#187;#f7f7f7&#8243;][vc_column][vc_empty_space height=&#187;40px&#187;][vc_row_inner][vc_column_inner width=&#187;1\/2&#8243;][vc_single_image image=&#187;8655&#8243; img_link_large=&#187;&#187;][\/vc_column_inner][vc_column_inner width=&#187;1\/2&#8243;][vc_column_text] Contamos con la m\u00e1s avanzada aparatolog\u00eda corporal Bodyter Premium que garantiza notables resultados en la mejora de la celulitis, la flacidez corporal, la remodelaci\u00f3n del contorno corporal, al mismo tiempo que activa el sistema circulatorio y limf\u00e1tico...\" \/>\n<meta property=\"og:url\" content=\"https:\/\/www.canons.es\/bodyter-premium\/\" \/>\n<meta property=\"og:site_name\" content=\"\u041a\u043b\u0438\u043d\u0438\u043a\u0430 \u041a\u0430\u043d\u043e\u043d\u0441 | \u0425\u0438\u0440\u0443\u0440\u0433\u0438\u044f \u0438 \u044d\u0441\u0442\u0435\u0442\u0438\u0447\u0435\u0441\u043a\u0430\u044f \u043c\u0435\u0434\u0438\u0446\u0438\u043d\u0430 \u0432 \u0411\u0430\u0440\u0441\u0435\u043b\u043e\u043d\u0435, \u0413\u0440\u0430\u043d\u043e\u043b\u044c\u0435\u0440\u0441\" \/>\n<meta property=\"article:publisher\" content=\"https:\/\/www.facebook.com\/canonsclinics\/\" \/>\n<meta property=\"article:modified_time\" content=\"2015-11-25T14:51:36+00:00\" \/>\n<meta name=\"twitter:card\" content=\"summary_large_image\" \/>\n<meta name=\"twitter:site\" content=\"@canonsclinics\" \/>\n<meta name=\"twitter:label1\" content=\"\u041f\u0440\u0438\u043c\u0435\u0440\u043d\u043e\u0435 \u0432\u0440\u0435\u043c\u044f \u0434\u043b\u044f \u0447\u0442\u0435\u043d\u0438\u044f\" \/>\n\t<meta name=\"twitter:data1\" content=\"2 \u043c\u0438\u043d\u0443\u0442\u044b\" \/>\n<script type=\"application\/ld+json\" class=\"yoast-schema-graph\">{\"@context\":\"https:\/\/schema.org\",\"@graph\":[{\"@type\":\"WebPage\",\"@id\":\"https:\/\/www.canons.es\/bodyter-premium\/\",\"url\":\"https:\/\/www.canons.es\/bodyter-premium\/\",\"name\":\"Bodyter Premium - \u041a\u043b\u0438\u043d\u0438\u043a\u0430 \u041a\u0430\u043d\u043e\u043d\u0441 | \u0425\u0438\u0440\u0443\u0440\u0433\u0438\u044f \u0438 \u044d\u0441\u0442\u0435\u0442\u0438\u0447\u0435\u0441\u043a\u0430\u044f \u043c\u0435\u0434\u0438\u0446\u0438\u043d\u0430 \u0432 \u0411\u0430\u0440\u0441\u0435\u043b\u043e\u043d\u0435, \u0413\u0440\u0430\u043d\u043e\u043b\u044c\u0435\u0440\u0441\",\"isPartOf\":{\"@id\":\"https:\/\/www.canons.es\/#website\"},\"datePublished\":\"2015-09-25T11:59:37+00:00\",\"dateModified\":\"2015-11-25T14:51:36+00:00\",\"breadcrumb\":{\"@id\":\"https:\/\/www.canons.es\/bodyter-premium\/#breadcrumb\"},\"inLanguage\":\"ru-RU\",\"potentialAction\":[{\"@type\":\"ReadAction\",\"target\":[\"https:\/\/www.canons.es\/bodyter-premium\/\"]}]},{\"@type\":\"BreadcrumbList\",\"@id\":\"https:\/\/www.canons.es\/bodyter-premium\/#breadcrumb\",\"itemListElement\":[{\"@type\":\"ListItem\",\"position\":1,\"name\":\"Portada\",\"item\":\"https:\/\/www.canons.es\/ru\/\"},{\"@type\":\"ListItem\",\"position\":2,\"name\":\"Bodyter Premium\"}]},{\"@type\":\"WebSite\",\"@id\":\"https:\/\/www.canons.es\/#website\",\"url\":\"https:\/\/www.canons.es\/\",\"name\":\"Cirug\u00eda Pl\u00e1stica y Est\u00e9tica Barcelona y Granollers | C\u00e0nons Clinics\",\"description\":\"\",\"publisher\":{\"@id\":\"https:\/\/www.canons.es\/#organization\"},\"potentialAction\":[{\"@type\":\"SearchAction\",\"target\":{\"@type\":\"EntryPoint\",\"urlTemplate\":\"https:\/\/www.canons.es\/?s={search_term_string}\"},\"query-input\":{\"@type\":\"PropertyValueSpecification\",\"valueRequired\":true,\"valueName\":\"search_term_string\"}}],\"inLanguage\":\"ru-RU\"},{\"@type\":\"Organization\",\"@id\":\"https:\/\/www.canons.es\/#organization\",\"name\":\"Cirug\u00eda Pl\u00e1stica y Est\u00e9tica Barcelona y Granollers | C\u00e0nons Clinics\",\"url\":\"https:\/\/www.canons.es\/\",\"logo\":{\"@type\":\"ImageObject\",\"inLanguage\":\"ru-RU\",\"@id\":\"https:\/\/www.canons.es\/#\/schema\/logo\/image\/\",\"url\":\"https:\/\/www.canons.es\/wp-content\/uploads\/2025\/04\/logo-canons-clinics.jpg\",\"contentUrl\":\"https:\/\/www.canons.es\/wp-content\/uploads\/2025\/04\/logo-canons-clinics.jpg\",\"width\":600,\"height\":139,\"caption\":\"Cirug\u00eda Pl\u00e1stica y Est\u00e9tica Barcelona y Granollers | C\u00e0nons Clinics\"},\"image\":{\"@id\":\"https:\/\/www.canons.es\/#\/schema\/logo\/image\/\"},\"sameAs\":[\"https:\/\/www.facebook.com\/canonsclinics\/\",\"https:\/\/x.com\/canonsclinics\",\"https:\/\/www.instagram.com\/canonsclinics\/\",\"https:\/\/www.youtube.com\/channel\/UCI1Ia6LjALyo1CuQ0_HwtfQ\",\"https:\/\/www.linkedin.com\/company\/canons-clinics\/\"]}]}<\/script>\n<!-- \/ Yoast SEO Premium plugin. -->","yoast_head_json":{"title":"Bodyter Premium - \u041a\u043b\u0438\u043d\u0438\u043a\u0430 \u041a\u0430\u043d\u043e\u043d\u0441 | \u0425\u0438\u0440\u0443\u0440\u0433\u0438\u044f \u0438 \u044d\u0441\u0442\u0435\u0442\u0438\u0447\u0435\u0441\u043a\u0430\u044f \u043c\u0435\u0434\u0438\u0446\u0438\u043d\u0430 \u0432 \u0411\u0430\u0440\u0441\u0435\u043b\u043e\u043d\u0435, \u0413\u0440\u0430\u043d\u043e\u043b\u044c\u0435\u0440\u0441","robots":{"index":"index","follow":"follow","max-snippet":"max-snippet:-1","max-image-preview":"max-image-preview:large","max-video-preview":"max-video-preview:-1"},"canonical":"https:\/\/www.canons.es\/bodyter-premium\/","og_locale":"ru_RU","og_type":"article","og_title":"Bodyter Premium","og_description":"[vc_row section_type=&#187;full-width&#187; background_color=&#187;#f7f7f7&#8243;][vc_column][vc_empty_space height=&#187;40px&#187;][vc_row_inner][vc_column_inner width=&#187;1\/2&#8243;][vc_single_image image=&#187;8655&#8243; img_link_large=&#187;&#187;][\/vc_column_inner][vc_column_inner width=&#187;1\/2&#8243;][vc_column_text] Contamos con la m\u00e1s avanzada aparatolog\u00eda corporal Bodyter Premium que garantiza notables resultados en la mejora de la celulitis, la flacidez corporal, la remodelaci\u00f3n del contorno corporal, al mismo tiempo que activa el sistema circulatorio y limf\u00e1tico...","og_url":"https:\/\/www.canons.es\/bodyter-premium\/","og_site_name":"\u041a\u043b\u0438\u043d\u0438\u043a\u0430 \u041a\u0430\u043d\u043e\u043d\u0441 | \u0425\u0438\u0440\u0443\u0440\u0433\u0438\u044f \u0438 \u044d\u0441\u0442\u0435\u0442\u0438\u0447\u0435\u0441\u043a\u0430\u044f \u043c\u0435\u0434\u0438\u0446\u0438\u043d\u0430 \u0432 \u0411\u0430\u0440\u0441\u0435\u043b\u043e\u043d\u0435, \u0413\u0440\u0430\u043d\u043e\u043b\u044c\u0435\u0440\u0441","article_publisher":"https:\/\/www.facebook.com\/canonsclinics\/","article_modified_time":"2015-11-25T14:51:36+00:00","twitter_card":"summary_large_image","twitter_site":"@canonsclinics","twitter_misc":{"\u041f\u0440\u0438\u043c\u0435\u0440\u043d\u043e\u0435 \u0432\u0440\u0435\u043c\u044f \u0434\u043b\u044f \u0447\u0442\u0435\u043d\u0438\u044f":"2 \u043c\u0438\u043d\u0443\u0442\u044b"},"schema":{"@context":"https:\/\/schema.org","@graph":[{"@type":"WebPage","@id":"https:\/\/www.canons.es\/bodyter-premium\/","url":"https:\/\/www.canons.es\/bodyter-premium\/","name":"Bodyter Premium - \u041a\u043b\u0438\u043d\u0438\u043a\u0430 \u041a\u0430\u043d\u043e\u043d\u0441 | \u0425\u0438\u0440\u0443\u0440\u0433\u0438\u044f \u0438 \u044d\u0441\u0442\u0435\u0442\u0438\u0447\u0435\u0441\u043a\u0430\u044f \u043c\u0435\u0434\u0438\u0446\u0438\u043d\u0430 \u0432 \u0411\u0430\u0440\u0441\u0435\u043b\u043e\u043d\u0435, \u0413\u0440\u0430\u043d\u043e\u043b\u044c\u0435\u0440\u0441","isPartOf":{"@id":"https:\/\/www.canons.es\/#website"},"datePublished":"2015-09-25T11:59:37+00:00","dateModified":"2015-11-25T14:51:36+00:00","breadcrumb":{"@id":"https:\/\/www.canons.es\/bodyter-premium\/#breadcrumb"},"inLanguage":"ru-RU","potentialAction":[{"@type":"ReadAction","target":["https:\/\/www.canons.es\/bodyter-premium\/"]}]},{"@type":"BreadcrumbList","@id":"https:\/\/www.canons.es\/bodyter-premium\/#breadcrumb","itemListElement":[{"@type":"ListItem","position":1,"name":"Portada","item":"https:\/\/www.canons.es\/ru\/"},{"@type":"ListItem","position":2,"name":"Bodyter Premium"}]},{"@type":"WebSite","@id":"https:\/\/www.canons.es\/#website","url":"https:\/\/www.canons.es\/","name":"Cirug\u00eda Pl\u00e1stica y Est\u00e9tica Barcelona y Granollers | C\u00e0nons Clinics","description":"","publisher":{"@id":"https:\/\/www.canons.es\/#organization"},"potentialAction":[{"@type":"SearchAction","target":{"@type":"EntryPoint","urlTemplate":"https:\/\/www.canons.es\/?s={search_term_string}"},"query-input":{"@type":"PropertyValueSpecification","valueRequired":true,"valueName":"search_term_string"}}],"inLanguage":"ru-RU"},{"@type":"Organization","@id":"https:\/\/www.canons.es\/#organization","name":"Cirug\u00eda Pl\u00e1stica y Est\u00e9tica Barcelona y Granollers | C\u00e0nons Clinics","url":"https:\/\/www.canons.es\/","logo":{"@type":"ImageObject","inLanguage":"ru-RU","@id":"https:\/\/www.canons.es\/#\/schema\/logo\/image\/","url":"https:\/\/www.canons.es\/wp-content\/uploads\/2025\/04\/logo-canons-clinics.jpg","contentUrl":"https:\/\/www.canons.es\/wp-content\/uploads\/2025\/04\/logo-canons-clinics.jpg","width":600,"height":139,"caption":"Cirug\u00eda Pl\u00e1stica y Est\u00e9tica Barcelona y Granollers | C\u00e0nons Clinics"},"image":{"@id":"https:\/\/www.canons.es\/#\/schema\/logo\/image\/"},"sameAs":["https:\/\/www.facebook.com\/canonsclinics\/","https:\/\/x.com\/canonsclinics","https:\/\/www.instagram.com\/canonsclinics\/","https:\/\/www.youtube.com\/channel\/UCI1Ia6LjALyo1CuQ0_HwtfQ","https:\/\/www.linkedin.com\/company\/canons-clinics\/"]}]}},"_links":{"self":[{"href":"https:\/\/www.canons.es\/ru\/wp-json\/wp\/v2\/pages\/9638","targetHints":{"allow":["GET"]}}],"collection":[{"href":"https:\/\/www.canons.es\/ru\/wp-json\/wp\/v2\/pages"}],"about":[{"href":"https:\/\/www.canons.es\/ru\/wp-json\/wp\/v2\/types\/page"}],"author":[{"embeddable":true,"href":"https:\/\/www.canons.es\/ru\/wp-json\/wp\/v2\/users\/25"}],"replies":[{"embeddable":true,"href":"https:\/\/www.canons.es\/ru\/wp-json\/wp\/v2\/comments?post=9638"}],"version-history":[{"count":0,"href":"https:\/\/www.canons.es\/ru\/wp-json\/wp\/v2\/pages\/9638\/revisions"}],"wp:attachment":[{"href":"https:\/\/www.canons.es\/ru\/wp-json\/wp\/v2\/media?parent=9638"}],"curies":[{"name":"wp","href":"https:\/\/api.w.org\/{rel}","templated":true}]}}