{"id":9334,"date":"2015-07-16T09:10:28","date_gmt":"2015-07-16T09:10:28","guid":{"rendered":"https:\/\/www.canons.es\/ru\/terapia-con-plasma-rico-en-factores-de-crecimiento\/"},"modified":"2015-11-27T13:00:52","modified_gmt":"2015-11-27T13:00:52","slug":"terapia-con-plasma-rico-en-factores-de-crecimiento","status":"publish","type":"page","link":"https:\/\/www.canons.es\/ru\/medicina-estetica-facial\/terapia-con-plasma-rico-en-factores-de-crecimiento\/","title":{"rendered":"Therapy with Plasma rich in growth factors"},"content":{"rendered":"<div class=\"wpb-content-wrapper\"><p>[vc_row section_type=&#187;full-width&#187; background_color=&#187;#f7f7f7&#8243;][vc_column][vc_empty_space height=&#187;40px&#187;][vc_row_inner][vc_column_inner width=&#187;1\/2&#8243;][vc_single_image image=&#187;10680&#8243;][\/vc_column_inner][vc_column_inner width=&#187;1\/2&#8243;][vc_column_text]C\u00e0nons Clinics, centres specialized in surgery and aesthetic medicine in Granollers, Barcelona, Reus, have a novel and effective skin rejuvenation treatment.<\/p>\n<p><strong>Gains elasticity and luminosity in the face with this beauty treatment that accelerates the regeneration of the skin.<\/strong>[\/vc_column_text][\/vc_column_inner][\/vc_row_inner][\/vc_column][\/vc_row][vc_row section_type=&#187;full-width&#187;][vc_column][vc_empty_space][vc_accordion][vc_accordion_tab title=&#187;What is the PRGF?&#187;][vc_column_text]<\/p>\n<p style=\"text-align: justify;\">It is\u00a0the antiaging\u00a0star treatment for facial rejuvenation. The PRGF (Plasma Rich in Growth Factors) is a <strong>new technique that enables to isolate and use the factors of growth (protein) present in the blood to stimulate and accelerate the regeneration of the skin<\/strong>. Reduces wrinkles and increases the thickness, smoothness and brightness of the skin, achieving a more youthful appearance.<\/p>\n<p>[\/vc_column_text][\/vc_accordion_tab][vc_accordion_tab title=&#187;What is this aesthetic medicine treatment?&#187;][vc_column_text]<\/p>\n<p style=\"text-align: justify;\">Before you begin treatment, it is necessary to clean the area to be treated and applying an Anaesthetic ointment to avoid the possible inconvenience of the as. For obtaining plasma rich in growth factors we do a <strong>small removal of the patient&#8217;s blood and separates the plasma fractions by a controlled centrifugation<\/strong>. &#171;Plasma rich in growth factors&#187; is then injected into skin of face, chest, neck and backs of the hands to stimulate its regeneration.<\/p>\n<p>[\/vc_column_text][\/vc_accordion_tab][vc_accordion_tab title=&#187;Will my daily activities be altered?&#187;][vc_column_text]<\/p>\n<p style=\"text-align: justify;\">After the treatment you <strong>can return to normal activity immediately<\/strong>. If you wish, you can soak up the Sun, always with Sun protection.<\/p>\n<p>[\/vc_column_text][\/vc_accordion_tab][vc_accordion_tab title=&#187;When can the results be seen?&#187;][vc_column_text]<\/p>\n<p style=\"text-align: justify;\"><strong>Within 24 hours you will already see the first results.<\/strong> They are progressive and with each session you will appreciate better the alleviation of wrinkles and increasing the smoothness and brightness of the skin. The results of this innovative treatment of aesthetic medicine are kept for 6-9 months.<\/p>\n<p>[\/vc_column_text][\/vc_accordion_tab][vc_accordion_tab title=&#187;How many sessions is advisable?&#187;][vc_column_text]<\/p>\n<p style=\"text-align: justify;\">The number of sessions and their frequency will depend on the degree of aging of the skin. We recommend normally <strong>undergo a total of between 3 and 4 sessions<\/strong> <strong>the first year<\/strong> and continue the maintenance treatment with two annual sessions during the following years. The aesthetic medicine service lasts one hour, approximately.<\/p>\n<p>[\/vc_column_text][\/vc_accordion_tab][vc_accordion_tab title=&#187;From what age is it advisable to perform this technique?&#187;][vc_column_text]<\/p>\n<p style=\"text-align: justify;\">The PRGF can be applyied from 35 (to preventive), and to <strong>slow down the aging process<\/strong>, and from age 45, regenerative and corrective purposes.<\/p>\n<p>[\/vc_column_text][\/vc_accordion_tab][vc_accordion_tab title=&#187;Do you have any side effects?&#187;][vc_column_text]<\/p>\n<p style=\"text-align: justify;\">Once the antiaging treatment are finisehd, they may appear, temporarily, a slight redness, swelling or small bruises that <strong>can be perfectly camouflaged with makeup<\/strong>.<\/p>\n<p>[\/vc_column_text][\/vc_accordion_tab][vc_accordion_tab title=&#187;What other treatments of aesthetic medicine can be combined?&#187;][vc_column_text]<\/p>\n<p id=\"tw-target-text\" class=\"tw-data-text vk_txt tw-ta tw-text-small\" dir=\"ltr\" style=\"text-align: justify;\" data-placeholder=\"Traducci\u00f3n\"><span lang=\"en\">Alternate different techniques produce<strong> better and more lasting results<\/strong> because a synergy occurs between them, since each treatment acts differently and different level. <\/span><\/p>\n<p class=\"tw-data-text vk_txt tw-ta tw-text-small\" dir=\"ltr\" style=\"text-align: justify;\" data-placeholder=\"Traducci\u00f3n\"><span lang=\"en\">The technique of plasma rich in growth factors is often combined with other facial aesthetic medicine services you&#8217;ll find in our clinics C\u00e0nons Clinics, such as facial fillers, the Mesoplasty and IPL (Intense Pulsed Light).<\/span><\/p>\n<p>[\/vc_column_text][\/vc_accordion_tab][\/vc_accordion][\/vc_column][\/vc_row]<\/p>\n<\/div><!-- AddThis Advanced Settings generic via filter on the_content --><!-- AddThis Share Buttons generic via filter on the_content -->","protected":false},"excerpt":{"rendered":"<p>[vc_row section_type=&#187;full-width&#187; background_color=&#187;#f7f7f7&#8243;][vc_column][vc_empty_space height=&#187;40px&#187;][vc_row_inner][vc_column_inner width=&#187;1\/2&#8243;][vc_single_image image=&#187;10680&#8243;][\/vc_column_inner][vc_column_inner width=&#187;1\/2&#8243;][vc_column_text]C\u00e0nons Clinics, centres specialized in surgery and aesthetic medicine in Granollers, Barcelona, Reus, have a novel and effective skin rejuvenation treatment. Gains elasticity and luminosity in the face with this beauty treatment that accelerates the regeneration of the skin.[\/vc_column_text][\/vc_column_inner][\/vc_row_inner][\/vc_column][\/vc_row][vc_row&#8230;<!-- AddThis Advanced Settings generic via filter on get_the_excerpt --><!-- AddThis Share Buttons generic via filter on get_the_excerpt --><\/p>\n","protected":false},"author":25,"featured_media":0,"parent":9392,"menu_order":0,"comment_status":"closed","ping_status":"closed","template":"","meta":{"footnotes":""},"class_list":["post-9334","page","type-page","status-publish","hentry"],"yoast_head":"<!-- This site is optimized with the Yoast SEO Premium plugin v26.9 (Yoast SEO v27.2) - https:\/\/yoast.com\/product\/yoast-seo-premium-wordpress\/ -->\n<title>Therapy with Plasma rich in growth factors - \u041a\u043b\u0438\u043d\u0438\u043a\u0430 \u041a\u0430\u043d\u043e\u043d\u0441 | \u0425\u0438\u0440\u0443\u0440\u0433\u0438\u044f \u0438 \u044d\u0441\u0442\u0435\u0442\u0438\u0447\u0435\u0441\u043a\u0430\u044f \u043c\u0435\u0434\u0438\u0446\u0438\u043d\u0430 \u0432 \u0411\u0430\u0440\u0441\u0435\u043b\u043e\u043d\u0435, \u0413\u0440\u0430\u043d\u043e\u043b\u044c\u0435\u0440\u0441<\/title>\n<meta name=\"robots\" content=\"index, follow, max-snippet:-1, max-image-preview:large, max-video-preview:-1\" \/>\n<link rel=\"canonical\" href=\"https:\/\/www.canons.es\/medicina-estetica-facial-2\/terapia-con-plasma-rico-en-factores-de-crecimiento\/\" \/>\n<meta property=\"og:locale\" content=\"ru_RU\" \/>\n<meta property=\"og:type\" content=\"article\" \/>\n<meta property=\"og:title\" content=\"Therapy with Plasma rich in growth factors\" \/>\n<meta property=\"og:description\" content=\"[vc_row section_type=&#187;full-width&#187; background_color=&#187;#f7f7f7&#8243;][vc_column][vc_empty_space height=&#187;40px&#187;][vc_row_inner][vc_column_inner width=&#187;1\/2&#8243;][vc_single_image image=&#187;10680&#8243;][\/vc_column_inner][vc_column_inner width=&#187;1\/2&#8243;][vc_column_text]C\u00e0nons Clinics, centres specialized in surgery and aesthetic medicine in Granollers, Barcelona, Reus, have a novel and effective skin rejuvenation treatment. Gains elasticity and luminosity in the face with this beauty treatment that accelerates the regeneration of the skin.[\/vc_column_text][\/vc_column_inner][\/vc_row_inner][\/vc_column][\/vc_row][vc_row...\" \/>\n<meta property=\"og:url\" content=\"https:\/\/www.canons.es\/medicina-estetica-facial-2\/terapia-con-plasma-rico-en-factores-de-crecimiento\/\" \/>\n<meta property=\"og:site_name\" content=\"\u041a\u043b\u0438\u043d\u0438\u043a\u0430 \u041a\u0430\u043d\u043e\u043d\u0441 | \u0425\u0438\u0440\u0443\u0440\u0433\u0438\u044f \u0438 \u044d\u0441\u0442\u0435\u0442\u0438\u0447\u0435\u0441\u043a\u0430\u044f \u043c\u0435\u0434\u0438\u0446\u0438\u043d\u0430 \u0432 \u0411\u0430\u0440\u0441\u0435\u043b\u043e\u043d\u0435, \u0413\u0440\u0430\u043d\u043e\u043b\u044c\u0435\u0440\u0441\" \/>\n<meta property=\"article:publisher\" content=\"https:\/\/www.facebook.com\/canonsclinics\/\" \/>\n<meta property=\"article:modified_time\" content=\"2015-11-27T13:00:52+00:00\" \/>\n<meta name=\"twitter:card\" content=\"summary_large_image\" \/>\n<meta name=\"twitter:site\" content=\"@canonsclinics\" \/>\n<meta name=\"twitter:label1\" content=\"\u041f\u0440\u0438\u043c\u0435\u0440\u043d\u043e\u0435 \u0432\u0440\u0435\u043c\u044f \u0434\u043b\u044f \u0447\u0442\u0435\u043d\u0438\u044f\" \/>\n\t<meta name=\"twitter:data1\" content=\"3 \u043c\u0438\u043d\u0443\u0442\u044b\" \/>\n<script type=\"application\/ld+json\" class=\"yoast-schema-graph\">{\"@context\":\"https:\/\/schema.org\",\"@graph\":[{\"@type\":\"WebPage\",\"@id\":\"https:\/\/www.canons.es\/medicina-estetica-facial-2\/terapia-con-plasma-rico-en-factores-de-crecimiento\/\",\"url\":\"https:\/\/www.canons.es\/medicina-estetica-facial-2\/terapia-con-plasma-rico-en-factores-de-crecimiento\/\",\"name\":\"Therapy with Plasma rich in growth factors - \u041a\u043b\u0438\u043d\u0438\u043a\u0430 \u041a\u0430\u043d\u043e\u043d\u0441 | \u0425\u0438\u0440\u0443\u0440\u0433\u0438\u044f \u0438 \u044d\u0441\u0442\u0435\u0442\u0438\u0447\u0435\u0441\u043a\u0430\u044f \u043c\u0435\u0434\u0438\u0446\u0438\u043d\u0430 \u0432 \u0411\u0430\u0440\u0441\u0435\u043b\u043e\u043d\u0435, \u0413\u0440\u0430\u043d\u043e\u043b\u044c\u0435\u0440\u0441\",\"isPartOf\":{\"@id\":\"https:\/\/www.canons.es\/#website\"},\"datePublished\":\"2015-07-16T09:10:28+00:00\",\"dateModified\":\"2015-11-27T13:00:52+00:00\",\"breadcrumb\":{\"@id\":\"https:\/\/www.canons.es\/medicina-estetica-facial-2\/terapia-con-plasma-rico-en-factores-de-crecimiento\/#breadcrumb\"},\"inLanguage\":\"ru-RU\",\"potentialAction\":[{\"@type\":\"ReadAction\",\"target\":[\"https:\/\/www.canons.es\/medicina-estetica-facial-2\/terapia-con-plasma-rico-en-factores-de-crecimiento\/\"]}]},{\"@type\":\"BreadcrumbList\",\"@id\":\"https:\/\/www.canons.es\/medicina-estetica-facial-2\/terapia-con-plasma-rico-en-factores-de-crecimiento\/#breadcrumb\",\"itemListElement\":[{\"@type\":\"ListItem\",\"position\":1,\"name\":\"Portada\",\"item\":\"https:\/\/www.canons.es\/ru\/\"},{\"@type\":\"ListItem\",\"position\":2,\"name\":\"\u042d\u0421\u0422\u0415\u0422\u0418\u0427\u0415\u0421\u041a\u0410\u042f \u041c\u0415\u0414\u0418\u0426\u0418\u041d\u0410 \u043b\u0438\u0446\u0430\",\"item\":\"https:\/\/www.canons.es\/ru\/medicina-estetica-facial\/\"},{\"@type\":\"ListItem\",\"position\":3,\"name\":\"Therapy with Plasma rich in growth factors\"}]},{\"@type\":\"WebSite\",\"@id\":\"https:\/\/www.canons.es\/#website\",\"url\":\"https:\/\/www.canons.es\/\",\"name\":\"Cirug\u00eda Pl\u00e1stica y Est\u00e9tica Barcelona y Granollers | C\u00e0nons Clinics\",\"description\":\"\",\"publisher\":{\"@id\":\"https:\/\/www.canons.es\/#organization\"},\"potentialAction\":[{\"@type\":\"SearchAction\",\"target\":{\"@type\":\"EntryPoint\",\"urlTemplate\":\"https:\/\/www.canons.es\/?s={search_term_string}\"},\"query-input\":{\"@type\":\"PropertyValueSpecification\",\"valueRequired\":true,\"valueName\":\"search_term_string\"}}],\"inLanguage\":\"ru-RU\"},{\"@type\":\"Organization\",\"@id\":\"https:\/\/www.canons.es\/#organization\",\"name\":\"Cirug\u00eda Pl\u00e1stica y Est\u00e9tica Barcelona y Granollers | C\u00e0nons Clinics\",\"url\":\"https:\/\/www.canons.es\/\",\"logo\":{\"@type\":\"ImageObject\",\"inLanguage\":\"ru-RU\",\"@id\":\"https:\/\/www.canons.es\/#\/schema\/logo\/image\/\",\"url\":\"https:\/\/www.canons.es\/wp-content\/uploads\/2025\/04\/logo-canons-clinics.jpg\",\"contentUrl\":\"https:\/\/www.canons.es\/wp-content\/uploads\/2025\/04\/logo-canons-clinics.jpg\",\"width\":600,\"height\":139,\"caption\":\"Cirug\u00eda Pl\u00e1stica y Est\u00e9tica Barcelona y Granollers | C\u00e0nons Clinics\"},\"image\":{\"@id\":\"https:\/\/www.canons.es\/#\/schema\/logo\/image\/\"},\"sameAs\":[\"https:\/\/www.facebook.com\/canonsclinics\/\",\"https:\/\/x.com\/canonsclinics\",\"https:\/\/www.instagram.com\/canonsclinics\/\",\"https:\/\/www.youtube.com\/channel\/UCI1Ia6LjALyo1CuQ0_HwtfQ\",\"https:\/\/www.linkedin.com\/company\/canons-clinics\/\"]}]}<\/script>\n<!-- \/ Yoast SEO Premium plugin. -->","yoast_head_json":{"title":"Therapy with Plasma rich in growth factors - \u041a\u043b\u0438\u043d\u0438\u043a\u0430 \u041a\u0430\u043d\u043e\u043d\u0441 | \u0425\u0438\u0440\u0443\u0440\u0433\u0438\u044f \u0438 \u044d\u0441\u0442\u0435\u0442\u0438\u0447\u0435\u0441\u043a\u0430\u044f \u043c\u0435\u0434\u0438\u0446\u0438\u043d\u0430 \u0432 \u0411\u0430\u0440\u0441\u0435\u043b\u043e\u043d\u0435, \u0413\u0440\u0430\u043d\u043e\u043b\u044c\u0435\u0440\u0441","robots":{"index":"index","follow":"follow","max-snippet":"max-snippet:-1","max-image-preview":"max-image-preview:large","max-video-preview":"max-video-preview:-1"},"canonical":"https:\/\/www.canons.es\/medicina-estetica-facial-2\/terapia-con-plasma-rico-en-factores-de-crecimiento\/","og_locale":"ru_RU","og_type":"article","og_title":"Therapy with Plasma rich in growth factors","og_description":"[vc_row section_type=&#187;full-width&#187; background_color=&#187;#f7f7f7&#8243;][vc_column][vc_empty_space height=&#187;40px&#187;][vc_row_inner][vc_column_inner width=&#187;1\/2&#8243;][vc_single_image image=&#187;10680&#8243;][\/vc_column_inner][vc_column_inner width=&#187;1\/2&#8243;][vc_column_text]C\u00e0nons Clinics, centres specialized in surgery and aesthetic medicine in Granollers, Barcelona, Reus, have a novel and effective skin rejuvenation treatment. Gains elasticity and luminosity in the face with this beauty treatment that accelerates the regeneration of the skin.[\/vc_column_text][\/vc_column_inner][\/vc_row_inner][\/vc_column][\/vc_row][vc_row...","og_url":"https:\/\/www.canons.es\/medicina-estetica-facial-2\/terapia-con-plasma-rico-en-factores-de-crecimiento\/","og_site_name":"\u041a\u043b\u0438\u043d\u0438\u043a\u0430 \u041a\u0430\u043d\u043e\u043d\u0441 | \u0425\u0438\u0440\u0443\u0440\u0433\u0438\u044f \u0438 \u044d\u0441\u0442\u0435\u0442\u0438\u0447\u0435\u0441\u043a\u0430\u044f \u043c\u0435\u0434\u0438\u0446\u0438\u043d\u0430 \u0432 \u0411\u0430\u0440\u0441\u0435\u043b\u043e\u043d\u0435, \u0413\u0440\u0430\u043d\u043e\u043b\u044c\u0435\u0440\u0441","article_publisher":"https:\/\/www.facebook.com\/canonsclinics\/","article_modified_time":"2015-11-27T13:00:52+00:00","twitter_card":"summary_large_image","twitter_site":"@canonsclinics","twitter_misc":{"\u041f\u0440\u0438\u043c\u0435\u0440\u043d\u043e\u0435 \u0432\u0440\u0435\u043c\u044f \u0434\u043b\u044f \u0447\u0442\u0435\u043d\u0438\u044f":"3 \u043c\u0438\u043d\u0443\u0442\u044b"},"schema":{"@context":"https:\/\/schema.org","@graph":[{"@type":"WebPage","@id":"https:\/\/www.canons.es\/medicina-estetica-facial-2\/terapia-con-plasma-rico-en-factores-de-crecimiento\/","url":"https:\/\/www.canons.es\/medicina-estetica-facial-2\/terapia-con-plasma-rico-en-factores-de-crecimiento\/","name":"Therapy with Plasma rich in growth factors - \u041a\u043b\u0438\u043d\u0438\u043a\u0430 \u041a\u0430\u043d\u043e\u043d\u0441 | \u0425\u0438\u0440\u0443\u0440\u0433\u0438\u044f \u0438 \u044d\u0441\u0442\u0435\u0442\u0438\u0447\u0435\u0441\u043a\u0430\u044f \u043c\u0435\u0434\u0438\u0446\u0438\u043d\u0430 \u0432 \u0411\u0430\u0440\u0441\u0435\u043b\u043e\u043d\u0435, \u0413\u0440\u0430\u043d\u043e\u043b\u044c\u0435\u0440\u0441","isPartOf":{"@id":"https:\/\/www.canons.es\/#website"},"datePublished":"2015-07-16T09:10:28+00:00","dateModified":"2015-11-27T13:00:52+00:00","breadcrumb":{"@id":"https:\/\/www.canons.es\/medicina-estetica-facial-2\/terapia-con-plasma-rico-en-factores-de-crecimiento\/#breadcrumb"},"inLanguage":"ru-RU","potentialAction":[{"@type":"ReadAction","target":["https:\/\/www.canons.es\/medicina-estetica-facial-2\/terapia-con-plasma-rico-en-factores-de-crecimiento\/"]}]},{"@type":"BreadcrumbList","@id":"https:\/\/www.canons.es\/medicina-estetica-facial-2\/terapia-con-plasma-rico-en-factores-de-crecimiento\/#breadcrumb","itemListElement":[{"@type":"ListItem","position":1,"name":"Portada","item":"https:\/\/www.canons.es\/ru\/"},{"@type":"ListItem","position":2,"name":"\u042d\u0421\u0422\u0415\u0422\u0418\u0427\u0415\u0421\u041a\u0410\u042f \u041c\u0415\u0414\u0418\u0426\u0418\u041d\u0410 \u043b\u0438\u0446\u0430","item":"https:\/\/www.canons.es\/ru\/medicina-estetica-facial\/"},{"@type":"ListItem","position":3,"name":"Therapy with Plasma rich in growth factors"}]},{"@type":"WebSite","@id":"https:\/\/www.canons.es\/#website","url":"https:\/\/www.canons.es\/","name":"Cirug\u00eda Pl\u00e1stica y Est\u00e9tica Barcelona y Granollers | C\u00e0nons Clinics","description":"","publisher":{"@id":"https:\/\/www.canons.es\/#organization"},"potentialAction":[{"@type":"SearchAction","target":{"@type":"EntryPoint","urlTemplate":"https:\/\/www.canons.es\/?s={search_term_string}"},"query-input":{"@type":"PropertyValueSpecification","valueRequired":true,"valueName":"search_term_string"}}],"inLanguage":"ru-RU"},{"@type":"Organization","@id":"https:\/\/www.canons.es\/#organization","name":"Cirug\u00eda Pl\u00e1stica y Est\u00e9tica Barcelona y Granollers | C\u00e0nons Clinics","url":"https:\/\/www.canons.es\/","logo":{"@type":"ImageObject","inLanguage":"ru-RU","@id":"https:\/\/www.canons.es\/#\/schema\/logo\/image\/","url":"https:\/\/www.canons.es\/wp-content\/uploads\/2025\/04\/logo-canons-clinics.jpg","contentUrl":"https:\/\/www.canons.es\/wp-content\/uploads\/2025\/04\/logo-canons-clinics.jpg","width":600,"height":139,"caption":"Cirug\u00eda Pl\u00e1stica y Est\u00e9tica Barcelona y Granollers | C\u00e0nons Clinics"},"image":{"@id":"https:\/\/www.canons.es\/#\/schema\/logo\/image\/"},"sameAs":["https:\/\/www.facebook.com\/canonsclinics\/","https:\/\/x.com\/canonsclinics","https:\/\/www.instagram.com\/canonsclinics\/","https:\/\/www.youtube.com\/channel\/UCI1Ia6LjALyo1CuQ0_HwtfQ","https:\/\/www.linkedin.com\/company\/canons-clinics\/"]}]}},"_links":{"self":[{"href":"https:\/\/www.canons.es\/ru\/wp-json\/wp\/v2\/pages\/9334","targetHints":{"allow":["GET"]}}],"collection":[{"href":"https:\/\/www.canons.es\/ru\/wp-json\/wp\/v2\/pages"}],"about":[{"href":"https:\/\/www.canons.es\/ru\/wp-json\/wp\/v2\/types\/page"}],"author":[{"embeddable":true,"href":"https:\/\/www.canons.es\/ru\/wp-json\/wp\/v2\/users\/25"}],"replies":[{"embeddable":true,"href":"https:\/\/www.canons.es\/ru\/wp-json\/wp\/v2\/comments?post=9334"}],"version-history":[{"count":0,"href":"https:\/\/www.canons.es\/ru\/wp-json\/wp\/v2\/pages\/9334\/revisions"}],"up":[{"embeddable":true,"href":"https:\/\/www.canons.es\/ru\/wp-json\/wp\/v2\/pages\/9392"}],"wp:attachment":[{"href":"https:\/\/www.canons.es\/ru\/wp-json\/wp\/v2\/media?parent=9334"}],"curies":[{"name":"wp","href":"https:\/\/api.w.org\/{rel}","templated":true}]}}