{"id":9146,"date":"2015-07-15T07:07:06","date_gmt":"2015-07-15T07:07:06","guid":{"rendered":"https:\/\/www.canons.es\/ru\/terapia-cosmetica-genomica\/"},"modified":"2015-11-26T16:53:38","modified_gmt":"2015-11-26T16:53:38","slug":"terapia-cosmetica-genomica","status":"publish","type":"page","link":"https:\/\/www.canons.es\/ru\/terapia-cosmetica-genomica\/","title":{"rendered":"Therapy Genomics Cosmetic"},"content":{"rendered":"<div class=\"wpb-content-wrapper\"><p>[vc_row section_type=&#187;full-width&#187; background_color=&#187;#f7f7f7&#8243;][vc_column][vc_empty_space][vc_row_inner][vc_column_inner width=&#187;1\/2&#8243;][vc_single_image image=&#187;7367&#8243; img_size=&#187;thumb-medium&#187; img_link_large=&#187;&#187;][\/vc_column_inner][vc_column_inner width=&#187;1\/2&#8243;][vc_empty_space height=&#187;12px&#187;][vc_column_text]<\/p>\n<p style=\"text-align: justify;\">Humans are genetically 99.9 the same. It only differentiates us the 0.1 of our genes, a small percentage that makes us unique.<\/p>\n<p style=\"text-align: justify;\">The knowledge of these different genes and their involvement in the physiology of our skin has given rise to an innovative technique of aesthetic medicine for skin care: <strong>the personalized Genomics cosmetics, a new discipline that interprets the data of the own DNA to produce the most appropriate cosmetic for each skin from a simple saliva test.<\/strong> It is an exclusive cosmetic-genomic program who performs\u00a0our DNA to design the most effective cosmetic for our skin.<\/p>\n<p>[\/vc_column_text][\/vc_column_inner][\/vc_row_inner][\/vc_column][\/vc_row][vc_row section_type=&#187;full-width&#187;][vc_column][vc_empty_space][vc_accordion][vc_accordion_tab title=&#187;How this cosmetic medicine treatment work?&#187;][vc_column_text]<\/p>\n<p style=\"text-align: justify;\">Using a simple saliva extraction (carried out at the facilities of our clinics of aesthetic), processed along with the clinical history of the patient in a unique DNA bioinformatics platform. <strong>From the analysis, gets a thorough genetic report skin anti-aging and cosmetic treatment necessary to mitigate the &#171;defects&#187;, our genetic fingerprint<\/strong>.<\/p>\n<p>[\/vc_column_text][\/vc_accordion_tab][vc_accordion_tab title=&#187;What products include the cosmetogen\u00f3mico treatment?&#187;][vc_row_inner][vc_column_inner width=&#187;1\/2&#8243;][vc_single_image image=&#187;7317&#8243; img_size=&#187;thumb-medium&#187; img_link_large=&#187;&#187;][\/vc_column_inner][vc_column_inner width=&#187;1\/2&#8243;][vc_empty_space][vc_column_text]<\/p>\n<ul>\n<li style=\"text-align: justify;\"><span style=\"color: #6d98dc;\"><strong>GEN PEEL. Microexfoliant Progressive Cream<\/strong><\/span><strong>:<\/strong> a progressive microexfoliant cream which favours the natural renewal of the skin and improves its appearance, recovering the luminance and homogeneity of the face as well as providing sustained hydration.<\/li>\n<li style=\"text-align: justify;\"><span style=\"color: #6d98dc;\"><strong>GEN ELIXIR. Intensive cosmetic-genomic Serum<\/strong><\/span><strong>:<\/strong> an intensive serum, in which an average of 65 th active pure cosmetics is concentrated. It modulates the activity and expression of genetic markers analysed, moisturizes and enhances the immediate tensor effect.<\/li>\n<li style=\"text-align: justify;\"><span style=\"color: #6d98dc;\"><strong>GEN SINERGY. Protective and Moisturising Cream<\/strong><\/span><strong>:<\/strong> moisturizing and protective cream which promotes the penetration and effectiveness of personalized treatment.<\/li>\n<\/ul>\n<p>[\/vc_column_text][\/vc_column_inner][\/vc_row_inner][\/vc_accordion_tab][vc_accordion_tab title=&#187;Why is the ultimate anti-aging treatment?&#187;][vc_column_text]<\/p>\n<p style=\"text-align: justify;\">This personalized\u00a0technique is<strong> the only cosmetic program that takes into account the study of the genes of each person<\/strong> to custom design a specific cosmetic procedure for each. Our DNA never changes.<\/p>\n<p>[\/vc_column_text][\/vc_accordion_tab][vc_accordion_tab title=&#187;It will only be for me?&#187;][vc_column_text]<\/p>\n<p style=\"text-align: justify;\">Yes. In the same way that every skin is different, each program is also, <strong>adapted to each person&#8217;s genetic profile<\/strong>.<\/p>\n<p>[\/vc_column_text][\/vc_accordion_tab][vc_accordion_tab title=&#187;Can everyone be done this genetic analysis? &#171;][vc_column_text]<\/p>\n<p style=\"text-align: justify;\">Yes. It&#8217;s a <strong>simple analysis of a sample of saliva<\/strong>. For this reason, it can be performed by both men and women, regardless of age.<\/p>\n<p>[\/vc_column_text][\/vc_accordion_tab][vc_accordion_tab title=&#187;Do cosmetic method can change my DNA? &#171;][vc_column_text]<\/p>\n<p style=\"text-align: justify;\">No, DNA cannot be changed. This treatment of facial aesthetic medicine acts <strong>maximizing strengths and minimizing weaknesses in the genetic profile<\/strong>.<\/p>\n<p>[\/vc_column_text][\/vc_accordion_tab][vc_accordion_tab title=&#187;What are the prior preparationsf or the analytics? &#171;][vc_column_text]You <strong>must not eat, drink, or smoke during the 30 minutes prior<\/strong> to the extraction of the saliva sample.[\/vc_column_text][\/vc_accordion_tab][vc_accordion_tab title=&#187;When it takes to get the results of the analytical?&#187;][vc_column_text]<\/p>\n<p style=\"text-align: justify;\">Delivery of the results and the custom product is approximately <strong>4 weeks from receipt of samples of saliva in the laboratory.<\/strong><\/p>\n<p>[\/vc_column_text][\/vc_accordion_tab][\/vc_accordion][\/vc_column][\/vc_row]<\/p>\n<\/div><!-- AddThis Advanced Settings generic via filter on the_content --><!-- AddThis Share Buttons generic via filter on the_content -->","protected":false},"excerpt":{"rendered":"<p>[vc_row section_type=&#187;full-width&#187; background_color=&#187;#f7f7f7&#8243;][vc_column][vc_empty_space][vc_row_inner][vc_column_inner width=&#187;1\/2&#8243;][vc_single_image image=&#187;7367&#8243; img_size=&#187;thumb-medium&#187; img_link_large=&#187;&#187;][\/vc_column_inner][vc_column_inner width=&#187;1\/2&#8243;][vc_empty_space height=&#187;12px&#187;][vc_column_text] Humans are genetically 99.9 the same. It only differentiates us the 0.1 of our genes, a small percentage that makes us unique. The knowledge of these different genes and their involvement in the physiology of our&#8230;<!-- AddThis Advanced Settings generic via filter on get_the_excerpt --><!-- AddThis Share Buttons generic via filter on get_the_excerpt --><\/p>\n","protected":false},"author":25,"featured_media":0,"parent":0,"menu_order":0,"comment_status":"open","ping_status":"open","template":"","meta":{"footnotes":""},"class_list":["post-9146","page","type-page","status-publish","hentry"],"yoast_head":"<!-- This site is optimized with the Yoast SEO Premium plugin v26.9 (Yoast SEO v27.2) - https:\/\/yoast.com\/product\/yoast-seo-premium-wordpress\/ -->\n<title>Therapy Genomics Cosmetic - \u041a\u043b\u0438\u043d\u0438\u043a\u0430 \u041a\u0430\u043d\u043e\u043d\u0441 | \u0425\u0438\u0440\u0443\u0440\u0433\u0438\u044f \u0438 \u044d\u0441\u0442\u0435\u0442\u0438\u0447\u0435\u0441\u043a\u0430\u044f \u043c\u0435\u0434\u0438\u0446\u0438\u043d\u0430 \u0432 \u0411\u0430\u0440\u0441\u0435\u043b\u043e\u043d\u0435, \u0413\u0440\u0430\u043d\u043e\u043b\u044c\u0435\u0440\u0441<\/title>\n<meta name=\"robots\" content=\"index, follow, max-snippet:-1, max-image-preview:large, max-video-preview:-1\" \/>\n<link rel=\"canonical\" href=\"https:\/\/www.canons.es\/cosmetica-genomica\/\" \/>\n<meta property=\"og:locale\" content=\"ru_RU\" \/>\n<meta property=\"og:type\" content=\"article\" \/>\n<meta property=\"og:title\" content=\"Therapy Genomics Cosmetic\" \/>\n<meta property=\"og:description\" content=\"[vc_row section_type=&#187;full-width&#187; background_color=&#187;#f7f7f7&#8243;][vc_column][vc_empty_space][vc_row_inner][vc_column_inner width=&#187;1\/2&#8243;][vc_single_image image=&#187;7367&#8243; img_size=&#187;thumb-medium&#187; img_link_large=&#187;&#187;][\/vc_column_inner][vc_column_inner width=&#187;1\/2&#8243;][vc_empty_space height=&#187;12px&#187;][vc_column_text] Humans are genetically 99.9 the same. It only differentiates us the 0.1 of our genes, a small percentage that makes us unique. The knowledge of these different genes and their involvement in the physiology of our...\" \/>\n<meta property=\"og:url\" content=\"https:\/\/www.canons.es\/cosmetica-genomica\/\" \/>\n<meta property=\"og:site_name\" content=\"\u041a\u043b\u0438\u043d\u0438\u043a\u0430 \u041a\u0430\u043d\u043e\u043d\u0441 | \u0425\u0438\u0440\u0443\u0440\u0433\u0438\u044f \u0438 \u044d\u0441\u0442\u0435\u0442\u0438\u0447\u0435\u0441\u043a\u0430\u044f \u043c\u0435\u0434\u0438\u0446\u0438\u043d\u0430 \u0432 \u0411\u0430\u0440\u0441\u0435\u043b\u043e\u043d\u0435, \u0413\u0440\u0430\u043d\u043e\u043b\u044c\u0435\u0440\u0441\" \/>\n<meta property=\"article:publisher\" content=\"https:\/\/www.facebook.com\/canonsclinics\/\" \/>\n<meta property=\"article:modified_time\" content=\"2015-11-26T16:53:38+00:00\" \/>\n<meta name=\"twitter:card\" content=\"summary_large_image\" \/>\n<meta name=\"twitter:site\" content=\"@canonsclinics\" \/>\n<meta name=\"twitter:label1\" content=\"\u041f\u0440\u0438\u043c\u0435\u0440\u043d\u043e\u0435 \u0432\u0440\u0435\u043c\u044f \u0434\u043b\u044f \u0447\u0442\u0435\u043d\u0438\u044f\" \/>\n\t<meta name=\"twitter:data1\" content=\"3 \u043c\u0438\u043d\u0443\u0442\u044b\" \/>\n<script type=\"application\/ld+json\" class=\"yoast-schema-graph\">{\"@context\":\"https:\/\/schema.org\",\"@graph\":[{\"@type\":\"WebPage\",\"@id\":\"https:\/\/www.canons.es\/cosmetica-genomica\/\",\"url\":\"https:\/\/www.canons.es\/cosmetica-genomica\/\",\"name\":\"Therapy Genomics Cosmetic - \u041a\u043b\u0438\u043d\u0438\u043a\u0430 \u041a\u0430\u043d\u043e\u043d\u0441 | \u0425\u0438\u0440\u0443\u0440\u0433\u0438\u044f \u0438 \u044d\u0441\u0442\u0435\u0442\u0438\u0447\u0435\u0441\u043a\u0430\u044f \u043c\u0435\u0434\u0438\u0446\u0438\u043d\u0430 \u0432 \u0411\u0430\u0440\u0441\u0435\u043b\u043e\u043d\u0435, \u0413\u0440\u0430\u043d\u043e\u043b\u044c\u0435\u0440\u0441\",\"isPartOf\":{\"@id\":\"https:\/\/www.canons.es\/#website\"},\"datePublished\":\"2015-07-15T07:07:06+00:00\",\"dateModified\":\"2015-11-26T16:53:38+00:00\",\"breadcrumb\":{\"@id\":\"https:\/\/www.canons.es\/cosmetica-genomica\/#breadcrumb\"},\"inLanguage\":\"ru-RU\",\"potentialAction\":[{\"@type\":\"ReadAction\",\"target\":[\"https:\/\/www.canons.es\/cosmetica-genomica\/\"]}]},{\"@type\":\"BreadcrumbList\",\"@id\":\"https:\/\/www.canons.es\/cosmetica-genomica\/#breadcrumb\",\"itemListElement\":[{\"@type\":\"ListItem\",\"position\":1,\"name\":\"Portada\",\"item\":\"https:\/\/www.canons.es\/ru\/\"},{\"@type\":\"ListItem\",\"position\":2,\"name\":\"Therapy Genomics Cosmetic\"}]},{\"@type\":\"WebSite\",\"@id\":\"https:\/\/www.canons.es\/#website\",\"url\":\"https:\/\/www.canons.es\/\",\"name\":\"Cirug\u00eda Pl\u00e1stica y Est\u00e9tica Barcelona y Granollers | C\u00e0nons Clinics\",\"description\":\"\",\"publisher\":{\"@id\":\"https:\/\/www.canons.es\/#organization\"},\"potentialAction\":[{\"@type\":\"SearchAction\",\"target\":{\"@type\":\"EntryPoint\",\"urlTemplate\":\"https:\/\/www.canons.es\/?s={search_term_string}\"},\"query-input\":{\"@type\":\"PropertyValueSpecification\",\"valueRequired\":true,\"valueName\":\"search_term_string\"}}],\"inLanguage\":\"ru-RU\"},{\"@type\":\"Organization\",\"@id\":\"https:\/\/www.canons.es\/#organization\",\"name\":\"Cirug\u00eda Pl\u00e1stica y Est\u00e9tica Barcelona y Granollers | C\u00e0nons Clinics\",\"url\":\"https:\/\/www.canons.es\/\",\"logo\":{\"@type\":\"ImageObject\",\"inLanguage\":\"ru-RU\",\"@id\":\"https:\/\/www.canons.es\/#\/schema\/logo\/image\/\",\"url\":\"https:\/\/www.canons.es\/wp-content\/uploads\/2025\/04\/logo-canons-clinics.jpg\",\"contentUrl\":\"https:\/\/www.canons.es\/wp-content\/uploads\/2025\/04\/logo-canons-clinics.jpg\",\"width\":600,\"height\":139,\"caption\":\"Cirug\u00eda Pl\u00e1stica y Est\u00e9tica Barcelona y Granollers | C\u00e0nons Clinics\"},\"image\":{\"@id\":\"https:\/\/www.canons.es\/#\/schema\/logo\/image\/\"},\"sameAs\":[\"https:\/\/www.facebook.com\/canonsclinics\/\",\"https:\/\/x.com\/canonsclinics\",\"https:\/\/www.instagram.com\/canonsclinics\/\",\"https:\/\/www.youtube.com\/channel\/UCI1Ia6LjALyo1CuQ0_HwtfQ\",\"https:\/\/www.linkedin.com\/company\/canons-clinics\/\"]}]}<\/script>\n<!-- \/ Yoast SEO Premium plugin. -->","yoast_head_json":{"title":"Therapy Genomics Cosmetic - \u041a\u043b\u0438\u043d\u0438\u043a\u0430 \u041a\u0430\u043d\u043e\u043d\u0441 | \u0425\u0438\u0440\u0443\u0440\u0433\u0438\u044f \u0438 \u044d\u0441\u0442\u0435\u0442\u0438\u0447\u0435\u0441\u043a\u0430\u044f \u043c\u0435\u0434\u0438\u0446\u0438\u043d\u0430 \u0432 \u0411\u0430\u0440\u0441\u0435\u043b\u043e\u043d\u0435, \u0413\u0440\u0430\u043d\u043e\u043b\u044c\u0435\u0440\u0441","robots":{"index":"index","follow":"follow","max-snippet":"max-snippet:-1","max-image-preview":"max-image-preview:large","max-video-preview":"max-video-preview:-1"},"canonical":"https:\/\/www.canons.es\/cosmetica-genomica\/","og_locale":"ru_RU","og_type":"article","og_title":"Therapy Genomics Cosmetic","og_description":"[vc_row section_type=&#187;full-width&#187; background_color=&#187;#f7f7f7&#8243;][vc_column][vc_empty_space][vc_row_inner][vc_column_inner width=&#187;1\/2&#8243;][vc_single_image image=&#187;7367&#8243; img_size=&#187;thumb-medium&#187; img_link_large=&#187;&#187;][\/vc_column_inner][vc_column_inner width=&#187;1\/2&#8243;][vc_empty_space height=&#187;12px&#187;][vc_column_text] Humans are genetically 99.9 the same. It only differentiates us the 0.1 of our genes, a small percentage that makes us unique. The knowledge of these different genes and their involvement in the physiology of our...","og_url":"https:\/\/www.canons.es\/cosmetica-genomica\/","og_site_name":"\u041a\u043b\u0438\u043d\u0438\u043a\u0430 \u041a\u0430\u043d\u043e\u043d\u0441 | \u0425\u0438\u0440\u0443\u0440\u0433\u0438\u044f \u0438 \u044d\u0441\u0442\u0435\u0442\u0438\u0447\u0435\u0441\u043a\u0430\u044f \u043c\u0435\u0434\u0438\u0446\u0438\u043d\u0430 \u0432 \u0411\u0430\u0440\u0441\u0435\u043b\u043e\u043d\u0435, \u0413\u0440\u0430\u043d\u043e\u043b\u044c\u0435\u0440\u0441","article_publisher":"https:\/\/www.facebook.com\/canonsclinics\/","article_modified_time":"2015-11-26T16:53:38+00:00","twitter_card":"summary_large_image","twitter_site":"@canonsclinics","twitter_misc":{"\u041f\u0440\u0438\u043c\u0435\u0440\u043d\u043e\u0435 \u0432\u0440\u0435\u043c\u044f \u0434\u043b\u044f \u0447\u0442\u0435\u043d\u0438\u044f":"3 \u043c\u0438\u043d\u0443\u0442\u044b"},"schema":{"@context":"https:\/\/schema.org","@graph":[{"@type":"WebPage","@id":"https:\/\/www.canons.es\/cosmetica-genomica\/","url":"https:\/\/www.canons.es\/cosmetica-genomica\/","name":"Therapy Genomics Cosmetic - \u041a\u043b\u0438\u043d\u0438\u043a\u0430 \u041a\u0430\u043d\u043e\u043d\u0441 | \u0425\u0438\u0440\u0443\u0440\u0433\u0438\u044f \u0438 \u044d\u0441\u0442\u0435\u0442\u0438\u0447\u0435\u0441\u043a\u0430\u044f \u043c\u0435\u0434\u0438\u0446\u0438\u043d\u0430 \u0432 \u0411\u0430\u0440\u0441\u0435\u043b\u043e\u043d\u0435, \u0413\u0440\u0430\u043d\u043e\u043b\u044c\u0435\u0440\u0441","isPartOf":{"@id":"https:\/\/www.canons.es\/#website"},"datePublished":"2015-07-15T07:07:06+00:00","dateModified":"2015-11-26T16:53:38+00:00","breadcrumb":{"@id":"https:\/\/www.canons.es\/cosmetica-genomica\/#breadcrumb"},"inLanguage":"ru-RU","potentialAction":[{"@type":"ReadAction","target":["https:\/\/www.canons.es\/cosmetica-genomica\/"]}]},{"@type":"BreadcrumbList","@id":"https:\/\/www.canons.es\/cosmetica-genomica\/#breadcrumb","itemListElement":[{"@type":"ListItem","position":1,"name":"Portada","item":"https:\/\/www.canons.es\/ru\/"},{"@type":"ListItem","position":2,"name":"Therapy Genomics Cosmetic"}]},{"@type":"WebSite","@id":"https:\/\/www.canons.es\/#website","url":"https:\/\/www.canons.es\/","name":"Cirug\u00eda Pl\u00e1stica y Est\u00e9tica Barcelona y Granollers | C\u00e0nons Clinics","description":"","publisher":{"@id":"https:\/\/www.canons.es\/#organization"},"potentialAction":[{"@type":"SearchAction","target":{"@type":"EntryPoint","urlTemplate":"https:\/\/www.canons.es\/?s={search_term_string}"},"query-input":{"@type":"PropertyValueSpecification","valueRequired":true,"valueName":"search_term_string"}}],"inLanguage":"ru-RU"},{"@type":"Organization","@id":"https:\/\/www.canons.es\/#organization","name":"Cirug\u00eda Pl\u00e1stica y Est\u00e9tica Barcelona y Granollers | C\u00e0nons Clinics","url":"https:\/\/www.canons.es\/","logo":{"@type":"ImageObject","inLanguage":"ru-RU","@id":"https:\/\/www.canons.es\/#\/schema\/logo\/image\/","url":"https:\/\/www.canons.es\/wp-content\/uploads\/2025\/04\/logo-canons-clinics.jpg","contentUrl":"https:\/\/www.canons.es\/wp-content\/uploads\/2025\/04\/logo-canons-clinics.jpg","width":600,"height":139,"caption":"Cirug\u00eda Pl\u00e1stica y Est\u00e9tica Barcelona y Granollers | C\u00e0nons Clinics"},"image":{"@id":"https:\/\/www.canons.es\/#\/schema\/logo\/image\/"},"sameAs":["https:\/\/www.facebook.com\/canonsclinics\/","https:\/\/x.com\/canonsclinics","https:\/\/www.instagram.com\/canonsclinics\/","https:\/\/www.youtube.com\/channel\/UCI1Ia6LjALyo1CuQ0_HwtfQ","https:\/\/www.linkedin.com\/company\/canons-clinics\/"]}]}},"_links":{"self":[{"href":"https:\/\/www.canons.es\/ru\/wp-json\/wp\/v2\/pages\/9146","targetHints":{"allow":["GET"]}}],"collection":[{"href":"https:\/\/www.canons.es\/ru\/wp-json\/wp\/v2\/pages"}],"about":[{"href":"https:\/\/www.canons.es\/ru\/wp-json\/wp\/v2\/types\/page"}],"author":[{"embeddable":true,"href":"https:\/\/www.canons.es\/ru\/wp-json\/wp\/v2\/users\/25"}],"replies":[{"embeddable":true,"href":"https:\/\/www.canons.es\/ru\/wp-json\/wp\/v2\/comments?post=9146"}],"version-history":[{"count":0,"href":"https:\/\/www.canons.es\/ru\/wp-json\/wp\/v2\/pages\/9146\/revisions"}],"wp:attachment":[{"href":"https:\/\/www.canons.es\/ru\/wp-json\/wp\/v2\/media?parent=9146"}],"curies":[{"name":"wp","href":"https:\/\/api.w.org\/{rel}","templated":true}]}}