{"id":9126,"date":"2015-07-14T11:56:17","date_gmt":"2015-07-14T11:56:17","guid":{"rendered":"https:\/\/www.canons.es\/ru\/terapia-reafirmante-facial-con-radiofrecuencia\/"},"modified":"2015-11-26T16:53:28","modified_gmt":"2015-11-26T16:53:28","slug":"terapia-reafirmante-facial-con-radiofrecuencia","status":"publish","type":"page","link":"https:\/\/www.canons.es\/ru\/terapia-reafirmante-facial-con-radiofrecuencia\/","title":{"rendered":"Facial Firming Therapy with Radiofrequency"},"content":{"rendered":"<div class=\"wpb-content-wrapper\"><p>[vc_row background_color=&#187;#f9f9f9&#8243;][vc_column][vc_empty_space height=&#187;40px&#187;][vc_row_inner][vc_column_inner width=&#187;1\/2&#8243;][vc_single_image image=&#187;8687&#8243; img_link_large=&#187;&#187;][\/vc_column_inner][vc_column_inner width=&#187;1\/2&#8243;][vc_column_text]<\/p>\n<div style=\"text-align: justify;\"><\/div>\n<div style=\"text-align: justify;\">C\u00e0nons Clinics, clinics specialized in aesthetic medicine and surgery, offers you one of the treatments with more demand; Aesthetic medicine with the Exilis appliances that combines radiofrequency with ultrasound to <strong>treat sagging facial and body at the same time reducing fat deposits and removes cellulite<\/strong>.<\/div>\n<p>[\/vc_column_text][vc_empty_space][\/vc_column_inner][\/vc_row_inner][\/vc_column][\/vc_row][vc_row section_type=&#187;full-width&#187;][vc_column][vc_empty_space][vc_accordion][vc_accordion_tab title=&#187;What is the radiofrequency combined with ultrasound?&#187;][vc_column_text]<\/p>\n<div style=\"text-align: justify;\">It is <strong>non-invasive and painless treatment<\/strong> which combines the therapy ultrasonic waves and radio frequency on the skin, causing a controlled heating of the different layers of the dermis. In this way, we obtain as a result a <strong>remodelling of the treated areas, at the same time that reduces sagging facial and body, as well as fat deposits and resets the collagen fibers damaged by the passage of the years<\/strong>. It is one of the therapies of facial and corporal reaffirmation that offers immediate and effective results already from the first session.<\/div>\n<p>[\/vc_column_text][\/vc_accordion_tab][vc_accordion_tab title=&#187;What is Exilis about?&#187;][vc_column_text]<\/p>\n<div>It is a platform of last generation that, for the first time, une radio frequency with ultrasonic energy. This powerful synergy allows you<strong> to reduce fat from localized areas, correct stretch marks, stimulating collagen, reshaping the body and treating facial wrinkles.<\/strong><\/div>\n<p>[\/vc_column_text][\/vc_accordion_tab][vc_accordion_tab title=&#187;How does technology Exilis act?&#187;][vc_column_text]<\/p>\n<div id=\"stcpDiv\">\n<p>It is the only device that offers the simultaneous combination of waves of ultrasound with radiofrequency and modular cooling. Exilis therapy <strong>focus on removing localized fat and reshapes the treated area quickly and effectively<\/strong>.<\/p>\n<p>Use the thermal stimulation in tissue, through the high frequency in simultaneous combination with the mechanical action of ultrasound, always controlling the temperature of the area being treated.<\/p>\n<p>The mechanical effect of the ultrasound energy <strong>allows the access and treatment of previously resistant fabrics<\/strong>. Exilis aims deeper layers of fat, at the same time that regulates the temperature of the skin and protects the delicate skin structures.<\/p>\n<p>As part of the process, mechanical waves stimulate the fibrous structures of fat cells, causing the separation of fat nodules causing fat cells are exposed. The high frequency energy increases the temperature of the deep structures, causing an explosion of fat cells and subsequently, their elimination.<\/p>\n<\/div>\n<p>&nbsp;<\/p>\n<div id=\"stcpDiv\"><\/div>\n<p>[\/vc_column_text][\/vc_accordion_tab][vc_accordion_tab title=&#187;Benefits&#187;][vc_column_text]<\/p>\n<div id=\"stcpDiv\">\n<p style=\"text-align: justify;\">Exilis uses an innovative technology that has revolutionized the cosmetic treatments. It uses a patented mechanism of action where applied heat controlled tissue through uniform molecular excitation, while it combines constant and simultaneously, with the beneficial effects of ultrasound in a way that:<\/p>\n<ul>\n<li><strong>Reduce localized fat deposits<\/strong>.<\/li>\n<li><strong>Will stimulate you the production of collagen<\/strong> in the skin causing the formation of new collagen, both in the skin and subcutaneous tissue, and will result in a restructuring of the deep collagen, where new fibres replace the aged providing greater elasticity and smoother skin<\/li>\n<li>You will <strong>recover the skin&#8217;s elasticity retracting it<\/strong> and improving the skin flaccidity.<\/li>\n<li>It will <strong>decrease the expression lines and wrinkles<\/strong>.<\/li>\n<li>It will <strong>bring freshness and cutaneous<\/strong> rejuvenation.<\/li>\n<li>Results from the first session.<\/li>\n<\/ul>\n<\/div>\n<p>[\/vc_column_text][\/vc_accordion_tab][vc_accordion_tab title=&#187;What areas can I treat with radiofrequency?&#187;][vc_column_text]<\/p>\n<div id=\"stcpDiv\">\n<p>The areas covered are affected by<strong> localized and cutaneous adiposity<\/strong>.<\/p>\n<\/div>\n<p>In the facial area, Exilis acts on:<\/p>\n<ul>\n<li>Face<\/li>\n<li>Double chin or jowls<\/li>\n<\/ul>\n<p>If you want to know the areas of the body that you can improve, reference <a href=\"http:\/\/www.C\u00e0nons Clinics.es\/en\/terapia-reafirmante-corporal-con-radiofrecuencia\/\">Body Firming Treatment with Radiofrequency<\/a>.<\/p>\n<div id=\"stcpDiv\">\n<p>&nbsp;<\/p>\n<\/div>\n<p>[\/vc_column_text][\/vc_accordion_tab][vc_accordion_tab title=&#187;Will the results be instantaneous?&#187;][vc_column_text]<\/p>\n<p style=\"text-align: justify;\">The <strong>effects of therapy with Exilis are brief\u00a0<\/strong>since it has a slight effect flash. They are improving especially after the first month and pace up in the following months, although it will depend on the State of individual collagen.<\/p>\n<p>[\/vc_column_text][\/vc_accordion_tab][vc_accordion_tab title=&#187; How many sessions will I need?&#187;][vc_column_text]<\/p>\n<div style=\"text-align: justify;\">The number of sessions to be carried out is variable and depends on the status of each patient and the level of demand for the same, but <strong>they are considered necessary between 4 and 6 both facial and body<\/strong>.<\/div>\n<div><\/div>\n<p>[\/vc_column_text][\/vc_accordion_tab][vc_accordion_tab title=&#187;What do you recommend after each session?&#187;][vc_column_text]<\/p>\n<ul>\n<li style=\"text-align: justify;\">\n<div id=\"stcpDiv\"><strong>Hydrate and reaffirm the areas treated<\/strong> with the proper cosmetics<\/div>\n<\/li>\n<li style=\"text-align: justify;\">\n<div id=\"stcpDiv\"><strong>Drink 2-3 litres of water 24 hours later<\/strong><\/div>\n<\/li>\n<li style=\"text-align: justify;\">\n<div id=\"stcpDiv\">Follow a <strong>low calorie diet<\/strong><\/div>\n<\/li>\n<li style=\"text-align: justify;\">\n<div id=\"stcpDiv\"><strong>Perform aerobic exercise<\/strong> for the following 30 minutes<\/div>\n<\/li>\n<li style=\"text-align: justify;\">\n<div id=\"stcpDiv\"><strong>Avoid exposure to solar radiation or tan with ultraviolet<\/strong>, minimum 15 days after each session<\/div>\n<\/li>\n<li style=\"text-align: justify;\">Perform a <strong>specific home treatment<\/strong> to accelerate the process<\/li>\n<\/ul>\n<p>[\/vc_column_text][\/vc_accordion_tab][vc_accordion_tab title=&#187;Will I have any side-effects?&#187;][vc_column_text]<\/p>\n<div>At the end of each session of radio frequency it is normal that <strong>the skin presents some redness<\/strong>, which will disappear in 24 hours, and a slight<strong> feeling of dry skin<\/strong> that disappears with the implementation of proper cosmetics.<\/div>\n<div><\/div>\n<p>[\/vc_column_text][\/vc_accordion_tab][vc_accordion_tab title=&#187;When do Radiofrequency is contraindicated?&#187;][vc_column_text]<\/p>\n<div>It is contraindicated in cases of non ablative in the last 3 months or ablative cosmetic intervention, <strong>pregnancy, lactation<\/strong>, active disease collagen as lupus, burns in the area to be treated, coagulation, neuromuscular diseases, oncological diseases, bacterial or viral, infections kidney or liver diseases, vascular diseases and heart disease, implants recent collagen, have some metal prosthetics, pacemakers or morbid obesity.<\/div>\n<p>[\/vc_column_text][\/vc_accordion_tab][vc_accordion_tab title=&#187;Can I combine it with other body therapies and\/or facial?&#187;][vc_column_text]<\/p>\n<div>It is fully <strong>compatible and combinable with all facial and corporal therapies<\/strong> following recommendations based by our medical specialists in aesthetic medicine in order to enhance personal image and body.<\/div>\n<p>[\/vc_column_text][\/vc_accordion_tab][\/vc_accordion][\/vc_column][\/vc_row]<\/p>\n<\/div><!-- AddThis Advanced Settings generic via filter on the_content --><!-- AddThis Share Buttons generic via filter on the_content -->","protected":false},"excerpt":{"rendered":"<p>[vc_row background_color=&#187;#f9f9f9&#8243;][vc_column][vc_empty_space height=&#187;40px&#187;][vc_row_inner][vc_column_inner width=&#187;1\/2&#8243;][vc_single_image image=&#187;8687&#8243; img_link_large=&#187;&#187;][\/vc_column_inner][vc_column_inner width=&#187;1\/2&#8243;][vc_column_text] C\u00e0nons Clinics, clinics specialized in aesthetic medicine and surgery, offers you one of the treatments with more demand; Aesthetic medicine with the Exilis appliances that combines radiofrequency with ultrasound to treat sagging facial and body at the same&#8230;<!-- AddThis Advanced Settings generic via filter on get_the_excerpt --><!-- AddThis Share Buttons generic via filter on get_the_excerpt --><\/p>\n","protected":false},"author":25,"featured_media":0,"parent":0,"menu_order":0,"comment_status":"open","ping_status":"open","template":"","meta":{"footnotes":""},"class_list":["post-9126","page","type-page","status-publish","hentry"],"yoast_head":"<!-- This site is optimized with the Yoast SEO Premium plugin v26.9 (Yoast SEO v27.2) - https:\/\/yoast.com\/product\/yoast-seo-premium-wordpress\/ -->\n<title>Facial Firming Therapy with Radiofrequency - \u041a\u043b\u0438\u043d\u0438\u043a\u0430 \u041a\u0430\u043d\u043e\u043d\u0441 | \u0425\u0438\u0440\u0443\u0440\u0433\u0438\u044f \u0438 \u044d\u0441\u0442\u0435\u0442\u0438\u0447\u0435\u0441\u043a\u0430\u044f \u043c\u0435\u0434\u0438\u0446\u0438\u043d\u0430 \u0432 \u0411\u0430\u0440\u0441\u0435\u043b\u043e\u043d\u0435, \u0413\u0440\u0430\u043d\u043e\u043b\u044c\u0435\u0440\u0441<\/title>\n<meta name=\"robots\" content=\"index, follow, max-snippet:-1, max-image-preview:large, max-video-preview:-1\" \/>\n<link rel=\"canonical\" href=\"https:\/\/www.canons.es\/terapia-reafirmante-facial-con-radiofrecuencia\/\" \/>\n<meta property=\"og:locale\" content=\"ru_RU\" \/>\n<meta property=\"og:type\" content=\"article\" \/>\n<meta property=\"og:title\" content=\"Facial Firming Therapy with Radiofrequency\" \/>\n<meta property=\"og:description\" content=\"[vc_row background_color=&#187;#f9f9f9&#8243;][vc_column][vc_empty_space height=&#187;40px&#187;][vc_row_inner][vc_column_inner width=&#187;1\/2&#8243;][vc_single_image image=&#187;8687&#8243; img_link_large=&#187;&#187;][\/vc_column_inner][vc_column_inner width=&#187;1\/2&#8243;][vc_column_text] C\u00e0nons Clinics, clinics specialized in aesthetic medicine and surgery, offers you one of the treatments with more demand; Aesthetic medicine with the Exilis appliances that combines radiofrequency with ultrasound to treat sagging facial and body at the same...\" \/>\n<meta property=\"og:url\" content=\"https:\/\/www.canons.es\/terapia-reafirmante-facial-con-radiofrecuencia\/\" \/>\n<meta property=\"og:site_name\" content=\"\u041a\u043b\u0438\u043d\u0438\u043a\u0430 \u041a\u0430\u043d\u043e\u043d\u0441 | \u0425\u0438\u0440\u0443\u0440\u0433\u0438\u044f \u0438 \u044d\u0441\u0442\u0435\u0442\u0438\u0447\u0435\u0441\u043a\u0430\u044f \u043c\u0435\u0434\u0438\u0446\u0438\u043d\u0430 \u0432 \u0411\u0430\u0440\u0441\u0435\u043b\u043e\u043d\u0435, \u0413\u0440\u0430\u043d\u043e\u043b\u044c\u0435\u0440\u0441\" \/>\n<meta property=\"article:publisher\" content=\"https:\/\/www.facebook.com\/canonsclinics\/\" \/>\n<meta property=\"article:modified_time\" content=\"2015-11-26T16:53:28+00:00\" \/>\n<meta name=\"twitter:card\" content=\"summary_large_image\" \/>\n<meta name=\"twitter:site\" content=\"@canonsclinics\" \/>\n<meta name=\"twitter:label1\" content=\"\u041f\u0440\u0438\u043c\u0435\u0440\u043d\u043e\u0435 \u0432\u0440\u0435\u043c\u044f \u0434\u043b\u044f \u0447\u0442\u0435\u043d\u0438\u044f\" \/>\n\t<meta name=\"twitter:data1\" content=\"5 \u043c\u0438\u043d\u0443\u0442\" \/>\n<script type=\"application\/ld+json\" class=\"yoast-schema-graph\">{\"@context\":\"https:\/\/schema.org\",\"@graph\":[{\"@type\":\"WebPage\",\"@id\":\"https:\/\/www.canons.es\/terapia-reafirmante-facial-con-radiofrecuencia\/\",\"url\":\"https:\/\/www.canons.es\/terapia-reafirmante-facial-con-radiofrecuencia\/\",\"name\":\"Facial Firming Therapy with Radiofrequency - \u041a\u043b\u0438\u043d\u0438\u043a\u0430 \u041a\u0430\u043d\u043e\u043d\u0441 | \u0425\u0438\u0440\u0443\u0440\u0433\u0438\u044f \u0438 \u044d\u0441\u0442\u0435\u0442\u0438\u0447\u0435\u0441\u043a\u0430\u044f \u043c\u0435\u0434\u0438\u0446\u0438\u043d\u0430 \u0432 \u0411\u0430\u0440\u0441\u0435\u043b\u043e\u043d\u0435, \u0413\u0440\u0430\u043d\u043e\u043b\u044c\u0435\u0440\u0441\",\"isPartOf\":{\"@id\":\"https:\/\/www.canons.es\/#website\"},\"datePublished\":\"2015-07-14T11:56:17+00:00\",\"dateModified\":\"2015-11-26T16:53:28+00:00\",\"breadcrumb\":{\"@id\":\"https:\/\/www.canons.es\/terapia-reafirmante-facial-con-radiofrecuencia\/#breadcrumb\"},\"inLanguage\":\"ru-RU\",\"potentialAction\":[{\"@type\":\"ReadAction\",\"target\":[\"https:\/\/www.canons.es\/terapia-reafirmante-facial-con-radiofrecuencia\/\"]}]},{\"@type\":\"BreadcrumbList\",\"@id\":\"https:\/\/www.canons.es\/terapia-reafirmante-facial-con-radiofrecuencia\/#breadcrumb\",\"itemListElement\":[{\"@type\":\"ListItem\",\"position\":1,\"name\":\"Portada\",\"item\":\"https:\/\/www.canons.es\/ru\/\"},{\"@type\":\"ListItem\",\"position\":2,\"name\":\"Facial Firming Therapy with Radiofrequency\"}]},{\"@type\":\"WebSite\",\"@id\":\"https:\/\/www.canons.es\/#website\",\"url\":\"https:\/\/www.canons.es\/\",\"name\":\"Cirug\u00eda Pl\u00e1stica y Est\u00e9tica Barcelona y Granollers | C\u00e0nons Clinics\",\"description\":\"\",\"publisher\":{\"@id\":\"https:\/\/www.canons.es\/#organization\"},\"potentialAction\":[{\"@type\":\"SearchAction\",\"target\":{\"@type\":\"EntryPoint\",\"urlTemplate\":\"https:\/\/www.canons.es\/?s={search_term_string}\"},\"query-input\":{\"@type\":\"PropertyValueSpecification\",\"valueRequired\":true,\"valueName\":\"search_term_string\"}}],\"inLanguage\":\"ru-RU\"},{\"@type\":\"Organization\",\"@id\":\"https:\/\/www.canons.es\/#organization\",\"name\":\"Cirug\u00eda Pl\u00e1stica y Est\u00e9tica Barcelona y Granollers | C\u00e0nons Clinics\",\"url\":\"https:\/\/www.canons.es\/\",\"logo\":{\"@type\":\"ImageObject\",\"inLanguage\":\"ru-RU\",\"@id\":\"https:\/\/www.canons.es\/#\/schema\/logo\/image\/\",\"url\":\"https:\/\/www.canons.es\/wp-content\/uploads\/2025\/04\/logo-canons-clinics.jpg\",\"contentUrl\":\"https:\/\/www.canons.es\/wp-content\/uploads\/2025\/04\/logo-canons-clinics.jpg\",\"width\":600,\"height\":139,\"caption\":\"Cirug\u00eda Pl\u00e1stica y Est\u00e9tica Barcelona y Granollers | C\u00e0nons Clinics\"},\"image\":{\"@id\":\"https:\/\/www.canons.es\/#\/schema\/logo\/image\/\"},\"sameAs\":[\"https:\/\/www.facebook.com\/canonsclinics\/\",\"https:\/\/x.com\/canonsclinics\",\"https:\/\/www.instagram.com\/canonsclinics\/\",\"https:\/\/www.youtube.com\/channel\/UCI1Ia6LjALyo1CuQ0_HwtfQ\",\"https:\/\/www.linkedin.com\/company\/canons-clinics\/\"]}]}<\/script>\n<!-- \/ Yoast SEO Premium plugin. -->","yoast_head_json":{"title":"Facial Firming Therapy with Radiofrequency - \u041a\u043b\u0438\u043d\u0438\u043a\u0430 \u041a\u0430\u043d\u043e\u043d\u0441 | \u0425\u0438\u0440\u0443\u0440\u0433\u0438\u044f \u0438 \u044d\u0441\u0442\u0435\u0442\u0438\u0447\u0435\u0441\u043a\u0430\u044f \u043c\u0435\u0434\u0438\u0446\u0438\u043d\u0430 \u0432 \u0411\u0430\u0440\u0441\u0435\u043b\u043e\u043d\u0435, \u0413\u0440\u0430\u043d\u043e\u043b\u044c\u0435\u0440\u0441","robots":{"index":"index","follow":"follow","max-snippet":"max-snippet:-1","max-image-preview":"max-image-preview:large","max-video-preview":"max-video-preview:-1"},"canonical":"https:\/\/www.canons.es\/terapia-reafirmante-facial-con-radiofrecuencia\/","og_locale":"ru_RU","og_type":"article","og_title":"Facial Firming Therapy with Radiofrequency","og_description":"[vc_row background_color=&#187;#f9f9f9&#8243;][vc_column][vc_empty_space height=&#187;40px&#187;][vc_row_inner][vc_column_inner width=&#187;1\/2&#8243;][vc_single_image image=&#187;8687&#8243; img_link_large=&#187;&#187;][\/vc_column_inner][vc_column_inner width=&#187;1\/2&#8243;][vc_column_text] C\u00e0nons Clinics, clinics specialized in aesthetic medicine and surgery, offers you one of the treatments with more demand; Aesthetic medicine with the Exilis appliances that combines radiofrequency with ultrasound to treat sagging facial and body at the same...","og_url":"https:\/\/www.canons.es\/terapia-reafirmante-facial-con-radiofrecuencia\/","og_site_name":"\u041a\u043b\u0438\u043d\u0438\u043a\u0430 \u041a\u0430\u043d\u043e\u043d\u0441 | \u0425\u0438\u0440\u0443\u0440\u0433\u0438\u044f \u0438 \u044d\u0441\u0442\u0435\u0442\u0438\u0447\u0435\u0441\u043a\u0430\u044f \u043c\u0435\u0434\u0438\u0446\u0438\u043d\u0430 \u0432 \u0411\u0430\u0440\u0441\u0435\u043b\u043e\u043d\u0435, \u0413\u0440\u0430\u043d\u043e\u043b\u044c\u0435\u0440\u0441","article_publisher":"https:\/\/www.facebook.com\/canonsclinics\/","article_modified_time":"2015-11-26T16:53:28+00:00","twitter_card":"summary_large_image","twitter_site":"@canonsclinics","twitter_misc":{"\u041f\u0440\u0438\u043c\u0435\u0440\u043d\u043e\u0435 \u0432\u0440\u0435\u043c\u044f \u0434\u043b\u044f \u0447\u0442\u0435\u043d\u0438\u044f":"5 \u043c\u0438\u043d\u0443\u0442"},"schema":{"@context":"https:\/\/schema.org","@graph":[{"@type":"WebPage","@id":"https:\/\/www.canons.es\/terapia-reafirmante-facial-con-radiofrecuencia\/","url":"https:\/\/www.canons.es\/terapia-reafirmante-facial-con-radiofrecuencia\/","name":"Facial Firming Therapy with Radiofrequency - \u041a\u043b\u0438\u043d\u0438\u043a\u0430 \u041a\u0430\u043d\u043e\u043d\u0441 | \u0425\u0438\u0440\u0443\u0440\u0433\u0438\u044f \u0438 \u044d\u0441\u0442\u0435\u0442\u0438\u0447\u0435\u0441\u043a\u0430\u044f \u043c\u0435\u0434\u0438\u0446\u0438\u043d\u0430 \u0432 \u0411\u0430\u0440\u0441\u0435\u043b\u043e\u043d\u0435, \u0413\u0440\u0430\u043d\u043e\u043b\u044c\u0435\u0440\u0441","isPartOf":{"@id":"https:\/\/www.canons.es\/#website"},"datePublished":"2015-07-14T11:56:17+00:00","dateModified":"2015-11-26T16:53:28+00:00","breadcrumb":{"@id":"https:\/\/www.canons.es\/terapia-reafirmante-facial-con-radiofrecuencia\/#breadcrumb"},"inLanguage":"ru-RU","potentialAction":[{"@type":"ReadAction","target":["https:\/\/www.canons.es\/terapia-reafirmante-facial-con-radiofrecuencia\/"]}]},{"@type":"BreadcrumbList","@id":"https:\/\/www.canons.es\/terapia-reafirmante-facial-con-radiofrecuencia\/#breadcrumb","itemListElement":[{"@type":"ListItem","position":1,"name":"Portada","item":"https:\/\/www.canons.es\/ru\/"},{"@type":"ListItem","position":2,"name":"Facial Firming Therapy with Radiofrequency"}]},{"@type":"WebSite","@id":"https:\/\/www.canons.es\/#website","url":"https:\/\/www.canons.es\/","name":"Cirug\u00eda Pl\u00e1stica y Est\u00e9tica Barcelona y Granollers | C\u00e0nons Clinics","description":"","publisher":{"@id":"https:\/\/www.canons.es\/#organization"},"potentialAction":[{"@type":"SearchAction","target":{"@type":"EntryPoint","urlTemplate":"https:\/\/www.canons.es\/?s={search_term_string}"},"query-input":{"@type":"PropertyValueSpecification","valueRequired":true,"valueName":"search_term_string"}}],"inLanguage":"ru-RU"},{"@type":"Organization","@id":"https:\/\/www.canons.es\/#organization","name":"Cirug\u00eda Pl\u00e1stica y Est\u00e9tica Barcelona y Granollers | C\u00e0nons Clinics","url":"https:\/\/www.canons.es\/","logo":{"@type":"ImageObject","inLanguage":"ru-RU","@id":"https:\/\/www.canons.es\/#\/schema\/logo\/image\/","url":"https:\/\/www.canons.es\/wp-content\/uploads\/2025\/04\/logo-canons-clinics.jpg","contentUrl":"https:\/\/www.canons.es\/wp-content\/uploads\/2025\/04\/logo-canons-clinics.jpg","width":600,"height":139,"caption":"Cirug\u00eda Pl\u00e1stica y Est\u00e9tica Barcelona y Granollers | C\u00e0nons Clinics"},"image":{"@id":"https:\/\/www.canons.es\/#\/schema\/logo\/image\/"},"sameAs":["https:\/\/www.facebook.com\/canonsclinics\/","https:\/\/x.com\/canonsclinics","https:\/\/www.instagram.com\/canonsclinics\/","https:\/\/www.youtube.com\/channel\/UCI1Ia6LjALyo1CuQ0_HwtfQ","https:\/\/www.linkedin.com\/company\/canons-clinics\/"]}]}},"_links":{"self":[{"href":"https:\/\/www.canons.es\/ru\/wp-json\/wp\/v2\/pages\/9126","targetHints":{"allow":["GET"]}}],"collection":[{"href":"https:\/\/www.canons.es\/ru\/wp-json\/wp\/v2\/pages"}],"about":[{"href":"https:\/\/www.canons.es\/ru\/wp-json\/wp\/v2\/types\/page"}],"author":[{"embeddable":true,"href":"https:\/\/www.canons.es\/ru\/wp-json\/wp\/v2\/users\/25"}],"replies":[{"embeddable":true,"href":"https:\/\/www.canons.es\/ru\/wp-json\/wp\/v2\/comments?post=9126"}],"version-history":[{"count":0,"href":"https:\/\/www.canons.es\/ru\/wp-json\/wp\/v2\/pages\/9126\/revisions"}],"wp:attachment":[{"href":"https:\/\/www.canons.es\/ru\/wp-json\/wp\/v2\/media?parent=9126"}],"curies":[{"name":"wp","href":"https:\/\/api.w.org\/{rel}","templated":true}]}}