{"id":9049,"date":"2015-07-13T10:18:33","date_gmt":"2015-07-13T10:18:33","guid":{"rendered":"https:\/\/www.canons.es\/ru\/dipl-antonia-badia-gimenez\/"},"modified":"2015-10-22T15:01:43","modified_gmt":"2015-10-22T15:01:43","slug":"dipl-antonia-badia-gimenez","status":"publish","type":"page","link":"https:\/\/www.canons.es\/ru\/m%d0%b5%d0%b4%d0%b8%d1%86%d0%b8%d0%bd%d1%81%d0%ba%d0%b0%d1%8f-%d0%ba%d0%be%d0%bc%d0%b0%d0%bd%d0%b4%d0%b0\/dipl-antonia-badia-gimenez\/","title":{"rendered":"\u041c\u0435\u0434\u0438\u0446\u0438\u043d\u0441\u043a\u0430\u044f \u043a\u043e\u043c\u0430\u043d\u0434\u0430"},"content":{"rendered":"<div class=\"wpb-content-wrapper\"><p>[vc_row section_type=&#187;full-width&#187;][vc_column width=&#187;1\/2&#8243;][vc_single_image image=&#187;7880&#8243; css_animation=&#187;fadeInLeft&#187; img_link_large=&#187;&#187;][\/vc_column][vc_column width=&#187;1\/2&#8243;][vc_heading title=&#187;Dipl. Ant\u00f2nia Badia Gim\u00e9nez&#187; type=&#187;h2&#8243; style=&#187;style1&#8243;][vc_column_text]<\/p>\n<div id=\"stcpDiv\">\n<div id=\"stcpDiv\"><strong>\u041c\u0435\u0434\u0441\u0435\u0441\u0442\u0440\u0430.<\/strong><\/div>\n<\/div>\n<p><span style=\"color: #6d98dc;\"><strong>\u00a0<\/strong><\/span>[\/vc_column_text][vc_empty_space][vc_column_text]<\/p>\n<h4><span style=\"color: #6d98dc;\">ACADEMIC INFORMATION<\/span><\/h4>\n<div id=\"stcpDiv\">\n<ul>\n<li>Course of pediatric nurse,\u00a01979.<\/li>\n<li>Title Technical Assistant Health Hospital Cl\u00ednic of Barcelona 1983.<\/li>\n<li>Recognition of the ATS title of 1985 Nursing Graduate.<\/li>\n<li>V Theoretical and Practical Course of Urology Hospital Vall d\u2019Hebr\u00f3 Barcelona. May\u00a01981.<\/li>\n<li>I Burns Nursing Course Hospital Vall d\u2019Hebr\u00f3 Barcelona.\u00a0\u00a0December\u00a01982.<\/li>\n<li>Course II Medical Surgical Emergencies\u00a0Hospital de Bellvitge de l\u2019Hospitalet\u00a0(Barcelona).\u00a0January 1986.<\/li>\n<li>Col.legiales IInd Primary Care Diploma of Nursing Col.legio Barcelona. January 1991.<\/li>\n<li>Care Course cardiopulmonary arrest\u00a0Fiatc Clinic Foundation.\u00a0April 1991.<\/li>\n<li>Course Management and Administration of Hospital Nursing Services\u00a0Plato Polyclinic Institute. February 2004.<\/li>\n<li>Assistant to Nursing Seminar I Clinical Hospital Infection\u00a0Clinical Fiatc.\u00a0May 2004.<\/li>\n<li>Assistant and Reporter at XXII Congress of the Spanish Arthroscopy.\u00a0Association Marbella. February 2006.<\/li>\n<li>Assistant\u00a0Nursing Seminar IV Hospital Infection Sea Hospital. May 2011.<\/li>\n<li>Operators Course LVII Facilities General Radiology. July 2011.<\/li>\n<li>Conference\u00a0on Nursing Care and Cures for expectant mothers and newborn Diagonal Clinic. November 2012.<\/li>\n<li>Assistant III Nursing Course in Medicine and Aesthetic Surgery SEEMCE<\/li>\n<\/ul>\n<\/div>\n<p>[\/vc_column_text][\/vc_column][\/vc_row][vc_row section_type=&#187;full-width&#187;][vc_column][vc_empty_space][vc_empty_space][\/vc_column][\/vc_row][vc_row section_type=&#187;full-width&#187;][vc_column][vc_accordion][vc_accordion_tab title=&#187; PROFESSIONAL EXPERIENCE&#187;][vc_column_text]<\/p>\n<div id=\"stcpDiv\">\n<ul>\n<li>Diploma of Nursing.\u00a0Plant Hospitalitzaci\u00f3n and Surgery\u00a0in\u00a0Cl\u00ednica\u00a0Dauro. 1986.<\/li>\n<li>Cap Microbiology Unit I (6 months) 1987.<\/li>\n<li>Cap I Surgery hospitalization\u00a0Plant Fiatc Clinic Foundation. 1996.<\/li>\n<li>Diploma in nursing specializing in Orthopedics, General Surgery, Laparoscopic Surgery Plastic, Reconstructive and Aesthetic. Fiatc Clinic Foundation. 2004.<\/li>\n<li>Scrub Nurse responsible for the area of \u200b\u200bNursing and Resuscitation C\u00e0nons Clinics, specialized in Surgery and Aesthetic Medicine. 2011.<\/li>\n<li>Diploma in nursing specializing in Orthopedics, General Surgery, Laparoscopic Surgery Plastic, Reconstructive and Aesthetic. Diagonal Clinic. 2011.<\/li>\n<\/ul>\n<\/div>\n<p>[\/vc_column_text][\/vc_accordion_tab][\/vc_accordion][\/vc_column][\/vc_row]<\/p>\n<\/div><!-- AddThis Advanced Settings generic via filter on the_content --><!-- AddThis Share Buttons generic via filter on the_content -->","protected":false},"excerpt":{"rendered":"<p>[vc_row section_type=&#187;full-width&#187;][vc_column width=&#187;1\/2&#8243;][vc_single_image image=&#187;7880&#8243; css_animation=&#187;fadeInLeft&#187; img_link_large=&#187;&#187;][\/vc_column][vc_column width=&#187;1\/2&#8243;][vc_heading title=&#187;Dipl. Ant\u00f2nia Badia Gim\u00e9nez&#187; type=&#187;h2&#8243; style=&#187;style1&#8243;][vc_column_text] \u041c\u0435\u0434\u0441\u0435\u0441\u0442\u0440\u0430. \u00a0[\/vc_column_text][vc_empty_space][vc_column_text] ACADEMIC INFORMATION Course of pediatric nurse,\u00a01979. Title Technical Assistant Health Hospital Cl\u00ednic of Barcelona 1983. Recognition of the ATS title of 1985 Nursing Graduate. V Theoretical and Practical Course of&#8230;<!-- AddThis Advanced Settings generic via filter on get_the_excerpt --><!-- AddThis Share Buttons generic via filter on get_the_excerpt --><\/p>\n","protected":false},"author":25,"featured_media":0,"parent":8978,"menu_order":0,"comment_status":"closed","ping_status":"closed","template":"","meta":{"footnotes":""},"class_list":["post-9049","page","type-page","status-publish","hentry"],"yoast_head":"<!-- This site is optimized with the Yoast SEO Premium plugin v26.9 (Yoast SEO v27.2) - https:\/\/yoast.com\/product\/yoast-seo-premium-wordpress\/ -->\n<title>\u041c\u0435\u0434\u0438\u0446\u0438\u043d\u0441\u043a\u0430\u044f \u043a\u043e\u043c\u0430\u043d\u0434\u0430 - \u041a\u043b\u0438\u043d\u0438\u043a\u0430 \u041a\u0430\u043d\u043e\u043d\u0441 | \u0425\u0438\u0440\u0443\u0440\u0433\u0438\u044f \u0438 \u044d\u0441\u0442\u0435\u0442\u0438\u0447\u0435\u0441\u043a\u0430\u044f \u043c\u0435\u0434\u0438\u0446\u0438\u043d\u0430 \u0432 \u0411\u0430\u0440\u0441\u0435\u043b\u043e\u043d\u0435, \u0413\u0440\u0430\u043d\u043e\u043b\u044c\u0435\u0440\u0441<\/title>\n<meta name=\"robots\" content=\"index, follow, max-snippet:-1, max-image-preview:large, max-video-preview:-1\" \/>\n<link rel=\"canonical\" href=\"https:\/\/www.canons.es\/ru\/m\u0435\u0434\u0438\u0446\u0438\u043d\u0441\u043a\u0430\u044f-\u043a\u043e\u043c\u0430\u043d\u0434\u0430\/dipl-antonia-badia-gimenez\/\" \/>\n<meta property=\"og:locale\" content=\"ru_RU\" \/>\n<meta property=\"og:type\" content=\"article\" \/>\n<meta property=\"og:title\" content=\"\u041c\u0435\u0434\u0438\u0446\u0438\u043d\u0441\u043a\u0430\u044f \u043a\u043e\u043c\u0430\u043d\u0434\u0430\" \/>\n<meta property=\"og:description\" content=\"[vc_row section_type=&#187;full-width&#187;][vc_column width=&#187;1\/2&#8243;][vc_single_image image=&#187;7880&#8243; css_animation=&#187;fadeInLeft&#187; img_link_large=&#187;&#187;][\/vc_column][vc_column width=&#187;1\/2&#8243;][vc_heading title=&#187;Dipl. Ant\u00f2nia Badia Gim\u00e9nez&#187; type=&#187;h2&#8243; style=&#187;style1&#8243;][vc_column_text] \u041c\u0435\u0434\u0441\u0435\u0441\u0442\u0440\u0430. \u00a0[\/vc_column_text][vc_empty_space][vc_column_text] ACADEMIC INFORMATION Course of pediatric nurse,\u00a01979. Title Technical Assistant Health Hospital Cl\u00ednic of Barcelona 1983. Recognition of the ATS title of 1985 Nursing Graduate. V Theoretical and Practical Course of...\" \/>\n<meta property=\"og:url\" content=\"https:\/\/www.canons.es\/ru\/m\u0435\u0434\u0438\u0446\u0438\u043d\u0441\u043a\u0430\u044f-\u043a\u043e\u043c\u0430\u043d\u0434\u0430\/dipl-antonia-badia-gimenez\/\" \/>\n<meta property=\"og:site_name\" content=\"\u041a\u043b\u0438\u043d\u0438\u043a\u0430 \u041a\u0430\u043d\u043e\u043d\u0441 | \u0425\u0438\u0440\u0443\u0440\u0433\u0438\u044f \u0438 \u044d\u0441\u0442\u0435\u0442\u0438\u0447\u0435\u0441\u043a\u0430\u044f \u043c\u0435\u0434\u0438\u0446\u0438\u043d\u0430 \u0432 \u0411\u0430\u0440\u0441\u0435\u043b\u043e\u043d\u0435, \u0413\u0440\u0430\u043d\u043e\u043b\u044c\u0435\u0440\u0441\" \/>\n<meta property=\"article:publisher\" content=\"https:\/\/www.facebook.com\/canonsclinics\/\" \/>\n<meta property=\"article:modified_time\" content=\"2015-10-22T15:01:43+00:00\" \/>\n<meta name=\"twitter:card\" content=\"summary_large_image\" \/>\n<meta name=\"twitter:site\" content=\"@canonsclinics\" \/>\n<meta name=\"twitter:label1\" content=\"\u041f\u0440\u0438\u043c\u0435\u0440\u043d\u043e\u0435 \u0432\u0440\u0435\u043c\u044f \u0434\u043b\u044f \u0447\u0442\u0435\u043d\u0438\u044f\" \/>\n\t<meta name=\"twitter:data1\" content=\"2 \u043c\u0438\u043d\u0443\u0442\u044b\" \/>\n<script type=\"application\/ld+json\" class=\"yoast-schema-graph\">{\"@context\":\"https:\/\/schema.org\",\"@graph\":[{\"@type\":\"WebPage\",\"@id\":\"https:\/\/www.canons.es\/ru\/m%d0%b5%d0%b4%d0%b8%d1%86%d0%b8%d0%bd%d1%81%d0%ba%d0%b0%d1%8f-%d0%ba%d0%be%d0%bc%d0%b0%d0%bd%d0%b4%d0%b0\/dipl-antonia-badia-gimenez\/\",\"url\":\"https:\/\/www.canons.es\/ru\/m%d0%b5%d0%b4%d0%b8%d1%86%d0%b8%d0%bd%d1%81%d0%ba%d0%b0%d1%8f-%d0%ba%d0%be%d0%bc%d0%b0%d0%bd%d0%b4%d0%b0\/dipl-antonia-badia-gimenez\/\",\"name\":\"\u041c\u0435\u0434\u0438\u0446\u0438\u043d\u0441\u043a\u0430\u044f \u043a\u043e\u043c\u0430\u043d\u0434\u0430 - \u041a\u043b\u0438\u043d\u0438\u043a\u0430 \u041a\u0430\u043d\u043e\u043d\u0441 | \u0425\u0438\u0440\u0443\u0440\u0433\u0438\u044f \u0438 \u044d\u0441\u0442\u0435\u0442\u0438\u0447\u0435\u0441\u043a\u0430\u044f \u043c\u0435\u0434\u0438\u0446\u0438\u043d\u0430 \u0432 \u0411\u0430\u0440\u0441\u0435\u043b\u043e\u043d\u0435, \u0413\u0440\u0430\u043d\u043e\u043b\u044c\u0435\u0440\u0441\",\"isPartOf\":{\"@id\":\"https:\/\/www.canons.es\/#website\"},\"datePublished\":\"2015-07-13T10:18:33+00:00\",\"dateModified\":\"2015-10-22T15:01:43+00:00\",\"breadcrumb\":{\"@id\":\"https:\/\/www.canons.es\/ru\/m%d0%b5%d0%b4%d0%b8%d1%86%d0%b8%d0%bd%d1%81%d0%ba%d0%b0%d1%8f-%d0%ba%d0%be%d0%bc%d0%b0%d0%bd%d0%b4%d0%b0\/dipl-antonia-badia-gimenez\/#breadcrumb\"},\"inLanguage\":\"ru-RU\",\"potentialAction\":[{\"@type\":\"ReadAction\",\"target\":[\"https:\/\/www.canons.es\/ru\/m%d0%b5%d0%b4%d0%b8%d1%86%d0%b8%d0%bd%d1%81%d0%ba%d0%b0%d1%8f-%d0%ba%d0%be%d0%bc%d0%b0%d0%bd%d0%b4%d0%b0\/dipl-antonia-badia-gimenez\/\"]}]},{\"@type\":\"BreadcrumbList\",\"@id\":\"https:\/\/www.canons.es\/ru\/m%d0%b5%d0%b4%d0%b8%d1%86%d0%b8%d0%bd%d1%81%d0%ba%d0%b0%d1%8f-%d0%ba%d0%be%d0%bc%d0%b0%d0%bd%d0%b4%d0%b0\/dipl-antonia-badia-gimenez\/#breadcrumb\",\"itemListElement\":[{\"@type\":\"ListItem\",\"position\":1,\"name\":\"Portada\",\"item\":\"https:\/\/www.canons.es\/ru\/\"},{\"@type\":\"ListItem\",\"position\":2,\"name\":\"\u041c\u0435\u0434\u0438\u0446\u0438\u043d\u0441\u043a\u0430\u044f \u043a\u043e\u043c\u0430\u043d\u0434\u0430\",\"item\":\"https:\/\/www.canons.es\/ru\/m%d0%b5%d0%b4%d0%b8%d1%86%d0%b8%d0%bd%d1%81%d0%ba%d0%b0%d1%8f-%d0%ba%d0%be%d0%bc%d0%b0%d0%bd%d0%b4%d0%b0\/\"},{\"@type\":\"ListItem\",\"position\":3,\"name\":\"\u041c\u0435\u0434\u0438\u0446\u0438\u043d\u0441\u043a\u0430\u044f \u043a\u043e\u043c\u0430\u043d\u0434\u0430\"}]},{\"@type\":\"WebSite\",\"@id\":\"https:\/\/www.canons.es\/#website\",\"url\":\"https:\/\/www.canons.es\/\",\"name\":\"Cirug\u00eda Pl\u00e1stica y Est\u00e9tica Barcelona y Granollers | C\u00e0nons Clinics\",\"description\":\"\",\"publisher\":{\"@id\":\"https:\/\/www.canons.es\/#organization\"},\"potentialAction\":[{\"@type\":\"SearchAction\",\"target\":{\"@type\":\"EntryPoint\",\"urlTemplate\":\"https:\/\/www.canons.es\/?s={search_term_string}\"},\"query-input\":{\"@type\":\"PropertyValueSpecification\",\"valueRequired\":true,\"valueName\":\"search_term_string\"}}],\"inLanguage\":\"ru-RU\"},{\"@type\":\"Organization\",\"@id\":\"https:\/\/www.canons.es\/#organization\",\"name\":\"Cirug\u00eda Pl\u00e1stica y Est\u00e9tica Barcelona y Granollers | C\u00e0nons Clinics\",\"url\":\"https:\/\/www.canons.es\/\",\"logo\":{\"@type\":\"ImageObject\",\"inLanguage\":\"ru-RU\",\"@id\":\"https:\/\/www.canons.es\/#\/schema\/logo\/image\/\",\"url\":\"https:\/\/www.canons.es\/wp-content\/uploads\/2025\/04\/logo-canons-clinics.jpg\",\"contentUrl\":\"https:\/\/www.canons.es\/wp-content\/uploads\/2025\/04\/logo-canons-clinics.jpg\",\"width\":600,\"height\":139,\"caption\":\"Cirug\u00eda Pl\u00e1stica y Est\u00e9tica Barcelona y Granollers | C\u00e0nons Clinics\"},\"image\":{\"@id\":\"https:\/\/www.canons.es\/#\/schema\/logo\/image\/\"},\"sameAs\":[\"https:\/\/www.facebook.com\/canonsclinics\/\",\"https:\/\/x.com\/canonsclinics\",\"https:\/\/www.instagram.com\/canonsclinics\/\",\"https:\/\/www.youtube.com\/channel\/UCI1Ia6LjALyo1CuQ0_HwtfQ\",\"https:\/\/www.linkedin.com\/company\/canons-clinics\/\"]}]}<\/script>\n<!-- \/ Yoast SEO Premium plugin. -->","yoast_head_json":{"title":"\u041c\u0435\u0434\u0438\u0446\u0438\u043d\u0441\u043a\u0430\u044f \u043a\u043e\u043c\u0430\u043d\u0434\u0430 - \u041a\u043b\u0438\u043d\u0438\u043a\u0430 \u041a\u0430\u043d\u043e\u043d\u0441 | \u0425\u0438\u0440\u0443\u0440\u0433\u0438\u044f \u0438 \u044d\u0441\u0442\u0435\u0442\u0438\u0447\u0435\u0441\u043a\u0430\u044f \u043c\u0435\u0434\u0438\u0446\u0438\u043d\u0430 \u0432 \u0411\u0430\u0440\u0441\u0435\u043b\u043e\u043d\u0435, \u0413\u0440\u0430\u043d\u043e\u043b\u044c\u0435\u0440\u0441","robots":{"index":"index","follow":"follow","max-snippet":"max-snippet:-1","max-image-preview":"max-image-preview:large","max-video-preview":"max-video-preview:-1"},"canonical":"https:\/\/www.canons.es\/ru\/m\u0435\u0434\u0438\u0446\u0438\u043d\u0441\u043a\u0430\u044f-\u043a\u043e\u043c\u0430\u043d\u0434\u0430\/dipl-antonia-badia-gimenez\/","og_locale":"ru_RU","og_type":"article","og_title":"\u041c\u0435\u0434\u0438\u0446\u0438\u043d\u0441\u043a\u0430\u044f \u043a\u043e\u043c\u0430\u043d\u0434\u0430","og_description":"[vc_row section_type=&#187;full-width&#187;][vc_column width=&#187;1\/2&#8243;][vc_single_image image=&#187;7880&#8243; css_animation=&#187;fadeInLeft&#187; img_link_large=&#187;&#187;][\/vc_column][vc_column width=&#187;1\/2&#8243;][vc_heading title=&#187;Dipl. Ant\u00f2nia Badia Gim\u00e9nez&#187; type=&#187;h2&#8243; style=&#187;style1&#8243;][vc_column_text] \u041c\u0435\u0434\u0441\u0435\u0441\u0442\u0440\u0430. \u00a0[\/vc_column_text][vc_empty_space][vc_column_text] ACADEMIC INFORMATION Course of pediatric nurse,\u00a01979. Title Technical Assistant Health Hospital Cl\u00ednic of Barcelona 1983. Recognition of the ATS title of 1985 Nursing Graduate. V Theoretical and Practical Course of...","og_url":"https:\/\/www.canons.es\/ru\/m\u0435\u0434\u0438\u0446\u0438\u043d\u0441\u043a\u0430\u044f-\u043a\u043e\u043c\u0430\u043d\u0434\u0430\/dipl-antonia-badia-gimenez\/","og_site_name":"\u041a\u043b\u0438\u043d\u0438\u043a\u0430 \u041a\u0430\u043d\u043e\u043d\u0441 | \u0425\u0438\u0440\u0443\u0440\u0433\u0438\u044f \u0438 \u044d\u0441\u0442\u0435\u0442\u0438\u0447\u0435\u0441\u043a\u0430\u044f \u043c\u0435\u0434\u0438\u0446\u0438\u043d\u0430 \u0432 \u0411\u0430\u0440\u0441\u0435\u043b\u043e\u043d\u0435, \u0413\u0440\u0430\u043d\u043e\u043b\u044c\u0435\u0440\u0441","article_publisher":"https:\/\/www.facebook.com\/canonsclinics\/","article_modified_time":"2015-10-22T15:01:43+00:00","twitter_card":"summary_large_image","twitter_site":"@canonsclinics","twitter_misc":{"\u041f\u0440\u0438\u043c\u0435\u0440\u043d\u043e\u0435 \u0432\u0440\u0435\u043c\u044f \u0434\u043b\u044f \u0447\u0442\u0435\u043d\u0438\u044f":"2 \u043c\u0438\u043d\u0443\u0442\u044b"},"schema":{"@context":"https:\/\/schema.org","@graph":[{"@type":"WebPage","@id":"https:\/\/www.canons.es\/ru\/m%d0%b5%d0%b4%d0%b8%d1%86%d0%b8%d0%bd%d1%81%d0%ba%d0%b0%d1%8f-%d0%ba%d0%be%d0%bc%d0%b0%d0%bd%d0%b4%d0%b0\/dipl-antonia-badia-gimenez\/","url":"https:\/\/www.canons.es\/ru\/m%d0%b5%d0%b4%d0%b8%d1%86%d0%b8%d0%bd%d1%81%d0%ba%d0%b0%d1%8f-%d0%ba%d0%be%d0%bc%d0%b0%d0%bd%d0%b4%d0%b0\/dipl-antonia-badia-gimenez\/","name":"\u041c\u0435\u0434\u0438\u0446\u0438\u043d\u0441\u043a\u0430\u044f \u043a\u043e\u043c\u0430\u043d\u0434\u0430 - \u041a\u043b\u0438\u043d\u0438\u043a\u0430 \u041a\u0430\u043d\u043e\u043d\u0441 | \u0425\u0438\u0440\u0443\u0440\u0433\u0438\u044f \u0438 \u044d\u0441\u0442\u0435\u0442\u0438\u0447\u0435\u0441\u043a\u0430\u044f \u043c\u0435\u0434\u0438\u0446\u0438\u043d\u0430 \u0432 \u0411\u0430\u0440\u0441\u0435\u043b\u043e\u043d\u0435, \u0413\u0440\u0430\u043d\u043e\u043b\u044c\u0435\u0440\u0441","isPartOf":{"@id":"https:\/\/www.canons.es\/#website"},"datePublished":"2015-07-13T10:18:33+00:00","dateModified":"2015-10-22T15:01:43+00:00","breadcrumb":{"@id":"https:\/\/www.canons.es\/ru\/m%d0%b5%d0%b4%d0%b8%d1%86%d0%b8%d0%bd%d1%81%d0%ba%d0%b0%d1%8f-%d0%ba%d0%be%d0%bc%d0%b0%d0%bd%d0%b4%d0%b0\/dipl-antonia-badia-gimenez\/#breadcrumb"},"inLanguage":"ru-RU","potentialAction":[{"@type":"ReadAction","target":["https:\/\/www.canons.es\/ru\/m%d0%b5%d0%b4%d0%b8%d1%86%d0%b8%d0%bd%d1%81%d0%ba%d0%b0%d1%8f-%d0%ba%d0%be%d0%bc%d0%b0%d0%bd%d0%b4%d0%b0\/dipl-antonia-badia-gimenez\/"]}]},{"@type":"BreadcrumbList","@id":"https:\/\/www.canons.es\/ru\/m%d0%b5%d0%b4%d0%b8%d1%86%d0%b8%d0%bd%d1%81%d0%ba%d0%b0%d1%8f-%d0%ba%d0%be%d0%bc%d0%b0%d0%bd%d0%b4%d0%b0\/dipl-antonia-badia-gimenez\/#breadcrumb","itemListElement":[{"@type":"ListItem","position":1,"name":"Portada","item":"https:\/\/www.canons.es\/ru\/"},{"@type":"ListItem","position":2,"name":"\u041c\u0435\u0434\u0438\u0446\u0438\u043d\u0441\u043a\u0430\u044f \u043a\u043e\u043c\u0430\u043d\u0434\u0430","item":"https:\/\/www.canons.es\/ru\/m%d0%b5%d0%b4%d0%b8%d1%86%d0%b8%d0%bd%d1%81%d0%ba%d0%b0%d1%8f-%d0%ba%d0%be%d0%bc%d0%b0%d0%bd%d0%b4%d0%b0\/"},{"@type":"ListItem","position":3,"name":"\u041c\u0435\u0434\u0438\u0446\u0438\u043d\u0441\u043a\u0430\u044f \u043a\u043e\u043c\u0430\u043d\u0434\u0430"}]},{"@type":"WebSite","@id":"https:\/\/www.canons.es\/#website","url":"https:\/\/www.canons.es\/","name":"Cirug\u00eda Pl\u00e1stica y Est\u00e9tica Barcelona y Granollers | C\u00e0nons Clinics","description":"","publisher":{"@id":"https:\/\/www.canons.es\/#organization"},"potentialAction":[{"@type":"SearchAction","target":{"@type":"EntryPoint","urlTemplate":"https:\/\/www.canons.es\/?s={search_term_string}"},"query-input":{"@type":"PropertyValueSpecification","valueRequired":true,"valueName":"search_term_string"}}],"inLanguage":"ru-RU"},{"@type":"Organization","@id":"https:\/\/www.canons.es\/#organization","name":"Cirug\u00eda Pl\u00e1stica y Est\u00e9tica Barcelona y Granollers | C\u00e0nons Clinics","url":"https:\/\/www.canons.es\/","logo":{"@type":"ImageObject","inLanguage":"ru-RU","@id":"https:\/\/www.canons.es\/#\/schema\/logo\/image\/","url":"https:\/\/www.canons.es\/wp-content\/uploads\/2025\/04\/logo-canons-clinics.jpg","contentUrl":"https:\/\/www.canons.es\/wp-content\/uploads\/2025\/04\/logo-canons-clinics.jpg","width":600,"height":139,"caption":"Cirug\u00eda Pl\u00e1stica y Est\u00e9tica Barcelona y Granollers | C\u00e0nons Clinics"},"image":{"@id":"https:\/\/www.canons.es\/#\/schema\/logo\/image\/"},"sameAs":["https:\/\/www.facebook.com\/canonsclinics\/","https:\/\/x.com\/canonsclinics","https:\/\/www.instagram.com\/canonsclinics\/","https:\/\/www.youtube.com\/channel\/UCI1Ia6LjALyo1CuQ0_HwtfQ","https:\/\/www.linkedin.com\/company\/canons-clinics\/"]}]}},"_links":{"self":[{"href":"https:\/\/www.canons.es\/ru\/wp-json\/wp\/v2\/pages\/9049","targetHints":{"allow":["GET"]}}],"collection":[{"href":"https:\/\/www.canons.es\/ru\/wp-json\/wp\/v2\/pages"}],"about":[{"href":"https:\/\/www.canons.es\/ru\/wp-json\/wp\/v2\/types\/page"}],"author":[{"embeddable":true,"href":"https:\/\/www.canons.es\/ru\/wp-json\/wp\/v2\/users\/25"}],"replies":[{"embeddable":true,"href":"https:\/\/www.canons.es\/ru\/wp-json\/wp\/v2\/comments?post=9049"}],"version-history":[{"count":0,"href":"https:\/\/www.canons.es\/ru\/wp-json\/wp\/v2\/pages\/9049\/revisions"}],"up":[{"embeddable":true,"href":"https:\/\/www.canons.es\/ru\/wp-json\/wp\/v2\/pages\/8978"}],"wp:attachment":[{"href":"https:\/\/www.canons.es\/ru\/wp-json\/wp\/v2\/media?parent=9049"}],"curies":[{"name":"wp","href":"https:\/\/api.w.org\/{rel}","templated":true}]}}