{"id":8999,"date":"2015-07-13T08:09:56","date_gmt":"2015-07-13T08:09:56","guid":{"rendered":"https:\/\/www.canons.es\/ru\/dra-diana-perez-sidelnikova\/"},"modified":"2015-10-22T10:45:57","modified_gmt":"2015-10-22T10:45:57","slug":"dra-diana-perez-sidelnikova","status":"publish","type":"page","link":"https:\/\/www.canons.es\/ru\/m%d0%b5%d0%b4%d0%b8%d1%86%d0%b8%d0%bd%d1%81%d0%ba%d0%b0%d1%8f-%d0%ba%d0%be%d0%bc%d0%b0%d0%bd%d0%b4%d0%b0\/dra-diana-perez-sidelnikova\/","title":{"rendered":"\u041c\u0435\u0434\u0438\u0446\u0438\u043d\u0441\u043a\u0430\u044f \u043a\u043e\u043c\u0430\u043d\u0434\u0430"},"content":{"rendered":"<div class=\"wpb-content-wrapper\"><p>[vc_row][vc_column width=&#187;1\/2&#8243;][vc_single_image image=&#187;8194&#8243; css_animation=&#187;fadeInLeft&#187; img_link_large=&#187;&#187;][\/vc_column][vc_column width=&#187;1\/2&#8243;][vc_heading title=&#187;Dra. Diana P\u00e9rez Sidelnikova&#187; type=&#187;h2&#8243; style=&#187;style1&#8243;][vc_column_text]<\/p>\n<div id=\"stcpDiv\">\n<p><strong>\u0417\u0430\u0440\u0435\u0433\u0438\u0441\u0442\u0440\u0438\u0440\u043e\u0432\u0430\u043d\u0430 \u0432 \u041a\u043e\u043b\u0435\u0434\u0436\u0435\u00a0 \u0432\u0440\u0430\u0447\u0435\u0439 \u0411\u0430\u0440\u0441\u0435\u043b\u043e\u043d\u044b \u0441 \u00a0N \u00ba 40020.<\/strong><\/p>\n<p><strong>\u0421\u043f\u0435\u0446\u0438\u0430\u043b\u0438\u0441\u0442 \u043f\u043e \u043f\u043b\u0430\u0441\u0442\u0438\u0447\u0435\u0441\u043a\u043e\u0439, \u0440\u0435\u043a\u043e\u043d\u0441\u0442\u0440\u0443\u043a\u0442\u0438\u0432\u043d\u043e\u0439 \u0438 \u044d\u0441\u0442\u0435\u0442\u0438\u0447\u0435\u0441\u043a\u043e\u0439 \u0445\u0438\u0440\u0443\u0440\u0433\u0438\u0438.<\/strong><\/p>\n<p><strong>\u0414\u0435\u0439\u0441\u0442\u0432\u0438\u0442\u0435\u043b\u044c\u043d\u044b\u0439 \u0447\u043b\u0435\u043d SECPRE, \u0438\u0441\u043f\u0430\u043d\u0441\u043a\u043e\u0433\u043e \u00a0\u043e\u0431\u0449\u0435\u0441\u0442\u0432\u0430 \u043f\u043b\u0430\u0441\u0442\u0438\u0447\u0435\u0441\u043a\u043e\u0439 , \u0440\u0435\u043a\u043e\u043d\u0441\u0442\u0440\u0443\u043a\u0442\u0438\u0432\u043d\u043e\u0439\u00a0 \u0438 \u044d\u0441\u0442\u0435\u0442\u0438\u0447\u0435\u0441\u043a\u043e\u0439 \u0445\u0438\u0440\u0443\u0440\u0433\u0438\u0438.<\/strong><\/p>\n<\/div>\n<p>[\/vc_column_text][vc_empty_space][vc_column_text css=&#187;.vc_custom_1445356799931{margin-bottom: 30px !important;}&#187;]<\/p>\n<h4><span style=\"color: #6d98dc;\">ACADEMIC INFORMATION<\/span><\/h4>\n<ul>\n<li>Basic studies completed within the IB school Alameda de Osuna, Madrid since 1994 from 1997.<\/li>\n<li>COU Studies in I.B. Alameda de Osuna, Madrid in 1998.<\/li>\n<li>Bachelor of Medicine from the Autonomous University of Madrid in 2004, carrying out \u00a0the theoretical and practical training in the second academic year at the University Hospital of La Princesa, Ni\u00f1o Jesus and Santa Cristina.<\/li>\n<li>Obtaining MIR (fellowship)\u00a0 in 2004 to study medicine in the specialty of Plastic, Reconstructive and Aesthetic Surgery at University Medical City Bellvitge, Hospitalet de Llobregat.<\/li>\n<li><strong>Certified Medical Specialist in Plastic and Reconstructive<\/strong> May\u00a02010.<\/li>\n<\/ul>\n<p>[\/vc_column_text][\/vc_column][\/vc_row][vc_row][vc_column][vc_empty_space][\/vc_column][\/vc_row][vc_row section_type=&#187;full-width&#187;][vc_column][vc_accordion][vc_accordion_tab title=&#187;PROFESSIONAL EXPERIENCE&#187;][vc_column_text]<\/p>\n<ul>\n<li id=\"stcpDiv\">\n<div id=\"stcpDiv\">Deputy Medical Specialist Plastic Surgery Department, University Hospital of Bellvitge since July 2010.<\/div>\n<\/li>\n<li>\n<div id=\"stcpDiv\">Membre of the Service of Plastic and Aesthetic Surgery Policlinic Group with Dr. Victor Hernandez Machado Da Costa since 2010.<\/div>\n<\/li>\n<li>\n<div id=\"stcpDiv\">Collaboration C\u00e0nons Clinics, aesthetic medicine and surgery located in Granollers and Barcelona since 2011.<\/div>\n<\/li>\n<\/ul>\n<p>[\/vc_column_text][\/vc_accordion_tab][vc_accordion_tab title=&#187;COMMUNICATIONS AND PUBLICATIONS&#187;][vc_column_text]<\/p>\n<ul>\n<li>\n<div id=\"stcpDiv\">Certificate of congressman in the XLI National Congress of the Spanish Society of Plastic, Reconstructive and Aesthetic \u201c(SECPRE).Pamplona (poster presentation) in May 2006.<\/div>\n<\/li>\n<li>\n<div id=\"stcpDiv\">Congressman Certificate in XLIII National Congress of the Spanish Society of Plastic, Reconstructive and Aesthetic Surgery (SECPRE) \u201c.Zaragoza. (Oral and poster presentation) in June 2008.<\/div>\n<\/li>\n<\/ul>\n<p>[\/vc_column_text][\/vc_accordion_tab][vc_accordion_tab title=&#187;OTHER MERITS&#187;][vc_column_text]<\/p>\n<ul>\n<li id=\"stcpDiv\">\n<div id=\"stcpDiv\">Full Member of the Spanish Society of Plastic, Reconstructive and Aesthetic since December 2010.<\/div>\n<\/li>\n<li>\n<div id=\"stcpDiv\">Russian-Spanish Bilingual.<\/div>\n<\/li>\n<\/ul>\n<p>[\/vc_column_text][\/vc_accordion_tab][\/vc_accordion][\/vc_column][\/vc_row]<\/p>\n<\/div><!-- AddThis Advanced Settings generic via filter on the_content --><!-- AddThis Share Buttons generic via filter on the_content -->","protected":false},"excerpt":{"rendered":"<p>[vc_row][vc_column width=&#187;1\/2&#8243;][vc_single_image image=&#187;8194&#8243; css_animation=&#187;fadeInLeft&#187; img_link_large=&#187;&#187;][\/vc_column][vc_column width=&#187;1\/2&#8243;][vc_heading title=&#187;Dra. Diana P\u00e9rez Sidelnikova&#187; type=&#187;h2&#8243; style=&#187;style1&#8243;][vc_column_text] \u0417\u0430\u0440\u0435\u0433\u0438\u0441\u0442\u0440\u0438\u0440\u043e\u0432\u0430\u043d\u0430 \u0432 \u041a\u043e\u043b\u0435\u0434\u0436\u0435\u00a0 \u0432\u0440\u0430\u0447\u0435\u0439 \u0411\u0430\u0440\u0441\u0435\u043b\u043e\u043d\u044b \u0441 \u00a0N \u00ba 40020. \u0421\u043f\u0435\u0446\u0438\u0430\u043b\u0438\u0441\u0442 \u043f\u043e \u043f\u043b\u0430\u0441\u0442\u0438\u0447\u0435\u0441\u043a\u043e\u0439, \u0440\u0435\u043a\u043e\u043d\u0441\u0442\u0440\u0443\u043a\u0442\u0438\u0432\u043d\u043e\u0439 \u0438 \u044d\u0441\u0442\u0435\u0442\u0438\u0447\u0435\u0441\u043a\u043e\u0439 \u0445\u0438\u0440\u0443\u0440\u0433\u0438\u0438. \u0414\u0435\u0439\u0441\u0442\u0432\u0438\u0442\u0435\u043b\u044c\u043d\u044b\u0439 \u0447\u043b\u0435\u043d SECPRE, \u0438\u0441\u043f\u0430\u043d\u0441\u043a\u043e\u0433\u043e \u00a0\u043e\u0431\u0449\u0435\u0441\u0442\u0432\u0430 \u043f\u043b\u0430\u0441\u0442\u0438\u0447\u0435\u0441\u043a\u043e\u0439 , \u0440\u0435\u043a\u043e\u043d\u0441\u0442\u0440\u0443\u043a\u0442\u0438\u0432\u043d\u043e\u0439\u00a0 \u0438 \u044d\u0441\u0442\u0435\u0442\u0438\u0447\u0435\u0441\u043a\u043e\u0439 \u0445\u0438\u0440\u0443\u0440\u0433\u0438\u0438. [\/vc_column_text][vc_empty_space][vc_column_text css=&#187;.vc_custom_1445356799931{margin-bottom: 30px !important;}&#187;] ACADEMIC INFORMATION&#8230;<!-- AddThis Advanced Settings generic via filter on get_the_excerpt --><!-- AddThis Share Buttons generic via filter on get_the_excerpt --><\/p>\n","protected":false},"author":25,"featured_media":0,"parent":8978,"menu_order":0,"comment_status":"closed","ping_status":"closed","template":"","meta":{"footnotes":""},"class_list":["post-8999","page","type-page","status-publish","hentry"],"yoast_head":"<!-- This site is optimized with the Yoast SEO Premium plugin v26.9 (Yoast SEO v27.4) - https:\/\/yoast.com\/product\/yoast-seo-premium-wordpress\/ -->\n<title>\u041c\u0435\u0434\u0438\u0446\u0438\u043d\u0441\u043a\u0430\u044f \u043a\u043e\u043c\u0430\u043d\u0434\u0430 - \u041a\u043b\u0438\u043d\u0438\u043a\u0430 \u041a\u0430\u043d\u043e\u043d\u0441 | \u0425\u0438\u0440\u0443\u0440\u0433\u0438\u044f \u0438 \u044d\u0441\u0442\u0435\u0442\u0438\u0447\u0435\u0441\u043a\u0430\u044f \u043c\u0435\u0434\u0438\u0446\u0438\u043d\u0430 \u0432 \u0411\u0430\u0440\u0441\u0435\u043b\u043e\u043d\u0435, \u0413\u0440\u0430\u043d\u043e\u043b\u044c\u0435\u0440\u0441<\/title>\n<meta name=\"robots\" content=\"index, follow, max-snippet:-1, max-image-preview:large, max-video-preview:-1\" \/>\n<link rel=\"canonical\" href=\"https:\/\/www.canons.es\/ru\/m\u0435\u0434\u0438\u0446\u0438\u043d\u0441\u043a\u0430\u044f-\u043a\u043e\u043c\u0430\u043d\u0434\u0430\/dra-diana-perez-sidelnikova\/\" \/>\n<meta property=\"og:locale\" content=\"ru_RU\" \/>\n<meta property=\"og:type\" content=\"article\" \/>\n<meta property=\"og:title\" content=\"\u041c\u0435\u0434\u0438\u0446\u0438\u043d\u0441\u043a\u0430\u044f \u043a\u043e\u043c\u0430\u043d\u0434\u0430\" \/>\n<meta property=\"og:description\" content=\"[vc_row][vc_column width=&#187;1\/2&#8243;][vc_single_image image=&#187;8194&#8243; css_animation=&#187;fadeInLeft&#187; img_link_large=&#187;&#187;][\/vc_column][vc_column width=&#187;1\/2&#8243;][vc_heading title=&#187;Dra. Diana P\u00e9rez Sidelnikova&#187; type=&#187;h2&#8243; style=&#187;style1&#8243;][vc_column_text] \u0417\u0430\u0440\u0435\u0433\u0438\u0441\u0442\u0440\u0438\u0440\u043e\u0432\u0430\u043d\u0430 \u0432 \u041a\u043e\u043b\u0435\u0434\u0436\u0435\u00a0 \u0432\u0440\u0430\u0447\u0435\u0439 \u0411\u0430\u0440\u0441\u0435\u043b\u043e\u043d\u044b \u0441 \u00a0N \u00ba 40020. \u0421\u043f\u0435\u0446\u0438\u0430\u043b\u0438\u0441\u0442 \u043f\u043e \u043f\u043b\u0430\u0441\u0442\u0438\u0447\u0435\u0441\u043a\u043e\u0439, \u0440\u0435\u043a\u043e\u043d\u0441\u0442\u0440\u0443\u043a\u0442\u0438\u0432\u043d\u043e\u0439 \u0438 \u044d\u0441\u0442\u0435\u0442\u0438\u0447\u0435\u0441\u043a\u043e\u0439 \u0445\u0438\u0440\u0443\u0440\u0433\u0438\u0438. \u0414\u0435\u0439\u0441\u0442\u0432\u0438\u0442\u0435\u043b\u044c\u043d\u044b\u0439 \u0447\u043b\u0435\u043d SECPRE, \u0438\u0441\u043f\u0430\u043d\u0441\u043a\u043e\u0433\u043e \u00a0\u043e\u0431\u0449\u0435\u0441\u0442\u0432\u0430 \u043f\u043b\u0430\u0441\u0442\u0438\u0447\u0435\u0441\u043a\u043e\u0439 , \u0440\u0435\u043a\u043e\u043d\u0441\u0442\u0440\u0443\u043a\u0442\u0438\u0432\u043d\u043e\u0439\u00a0 \u0438 \u044d\u0441\u0442\u0435\u0442\u0438\u0447\u0435\u0441\u043a\u043e\u0439 \u0445\u0438\u0440\u0443\u0440\u0433\u0438\u0438. [\/vc_column_text][vc_empty_space][vc_column_text css=&#187;.vc_custom_1445356799931{margin-bottom: 30px !important;}&#187;] ACADEMIC INFORMATION...\" \/>\n<meta property=\"og:url\" content=\"https:\/\/www.canons.es\/ru\/m\u0435\u0434\u0438\u0446\u0438\u043d\u0441\u043a\u0430\u044f-\u043a\u043e\u043c\u0430\u043d\u0434\u0430\/dra-diana-perez-sidelnikova\/\" \/>\n<meta property=\"og:site_name\" content=\"\u041a\u043b\u0438\u043d\u0438\u043a\u0430 \u041a\u0430\u043d\u043e\u043d\u0441 | \u0425\u0438\u0440\u0443\u0440\u0433\u0438\u044f \u0438 \u044d\u0441\u0442\u0435\u0442\u0438\u0447\u0435\u0441\u043a\u0430\u044f \u043c\u0435\u0434\u0438\u0446\u0438\u043d\u0430 \u0432 \u0411\u0430\u0440\u0441\u0435\u043b\u043e\u043d\u0435, \u0413\u0440\u0430\u043d\u043e\u043b\u044c\u0435\u0440\u0441\" \/>\n<meta property=\"article:publisher\" content=\"https:\/\/www.facebook.com\/canonsclinics\/\" \/>\n<meta property=\"article:modified_time\" content=\"2015-10-22T10:45:57+00:00\" \/>\n<meta name=\"twitter:card\" content=\"summary_large_image\" \/>\n<meta name=\"twitter:site\" content=\"@canonsclinics\" \/>\n<meta name=\"twitter:label1\" content=\"\u041f\u0440\u0438\u043c\u0435\u0440\u043d\u043e\u0435 \u0432\u0440\u0435\u043c\u044f \u0434\u043b\u044f \u0447\u0442\u0435\u043d\u0438\u044f\" \/>\n\t<meta name=\"twitter:data1\" content=\"2 \u043c\u0438\u043d\u0443\u0442\u044b\" \/>\n<script type=\"application\/ld+json\" class=\"yoast-schema-graph\">{\"@context\":\"https:\\\/\\\/schema.org\",\"@graph\":[{\"@type\":\"WebPage\",\"@id\":\"https:\\\/\\\/www.canons.es\\\/ru\\\/m%d0%b5%d0%b4%d0%b8%d1%86%d0%b8%d0%bd%d1%81%d0%ba%d0%b0%d1%8f-%d0%ba%d0%be%d0%bc%d0%b0%d0%bd%d0%b4%d0%b0\\\/dra-diana-perez-sidelnikova\\\/\",\"url\":\"https:\\\/\\\/www.canons.es\\\/ru\\\/m%d0%b5%d0%b4%d0%b8%d1%86%d0%b8%d0%bd%d1%81%d0%ba%d0%b0%d1%8f-%d0%ba%d0%be%d0%bc%d0%b0%d0%bd%d0%b4%d0%b0\\\/dra-diana-perez-sidelnikova\\\/\",\"name\":\"\u041c\u0435\u0434\u0438\u0446\u0438\u043d\u0441\u043a\u0430\u044f \u043a\u043e\u043c\u0430\u043d\u0434\u0430 - \u041a\u043b\u0438\u043d\u0438\u043a\u0430 \u041a\u0430\u043d\u043e\u043d\u0441 | \u0425\u0438\u0440\u0443\u0440\u0433\u0438\u044f \u0438 \u044d\u0441\u0442\u0435\u0442\u0438\u0447\u0435\u0441\u043a\u0430\u044f \u043c\u0435\u0434\u0438\u0446\u0438\u043d\u0430 \u0432 \u0411\u0430\u0440\u0441\u0435\u043b\u043e\u043d\u0435, \u0413\u0440\u0430\u043d\u043e\u043b\u044c\u0435\u0440\u0441\",\"isPartOf\":{\"@id\":\"https:\\\/\\\/www.canons.es\\\/#website\"},\"datePublished\":\"2015-07-13T08:09:56+00:00\",\"dateModified\":\"2015-10-22T10:45:57+00:00\",\"breadcrumb\":{\"@id\":\"https:\\\/\\\/www.canons.es\\\/ru\\\/m%d0%b5%d0%b4%d0%b8%d1%86%d0%b8%d0%bd%d1%81%d0%ba%d0%b0%d1%8f-%d0%ba%d0%be%d0%bc%d0%b0%d0%bd%d0%b4%d0%b0\\\/dra-diana-perez-sidelnikova\\\/#breadcrumb\"},\"inLanguage\":\"ru-RU\",\"potentialAction\":[{\"@type\":\"ReadAction\",\"target\":[\"https:\\\/\\\/www.canons.es\\\/ru\\\/m%d0%b5%d0%b4%d0%b8%d1%86%d0%b8%d0%bd%d1%81%d0%ba%d0%b0%d1%8f-%d0%ba%d0%be%d0%bc%d0%b0%d0%bd%d0%b4%d0%b0\\\/dra-diana-perez-sidelnikova\\\/\"]}]},{\"@type\":\"BreadcrumbList\",\"@id\":\"https:\\\/\\\/www.canons.es\\\/ru\\\/m%d0%b5%d0%b4%d0%b8%d1%86%d0%b8%d0%bd%d1%81%d0%ba%d0%b0%d1%8f-%d0%ba%d0%be%d0%bc%d0%b0%d0%bd%d0%b4%d0%b0\\\/dra-diana-perez-sidelnikova\\\/#breadcrumb\",\"itemListElement\":[{\"@type\":\"ListItem\",\"position\":1,\"name\":\"Portada\",\"item\":\"https:\\\/\\\/www.canons.es\\\/ru\\\/\"},{\"@type\":\"ListItem\",\"position\":2,\"name\":\"\u041c\u0435\u0434\u0438\u0446\u0438\u043d\u0441\u043a\u0430\u044f \u043a\u043e\u043c\u0430\u043d\u0434\u0430\",\"item\":\"https:\\\/\\\/www.canons.es\\\/ru\\\/m%d0%b5%d0%b4%d0%b8%d1%86%d0%b8%d0%bd%d1%81%d0%ba%d0%b0%d1%8f-%d0%ba%d0%be%d0%bc%d0%b0%d0%bd%d0%b4%d0%b0\\\/\"},{\"@type\":\"ListItem\",\"position\":3,\"name\":\"\u041c\u0435\u0434\u0438\u0446\u0438\u043d\u0441\u043a\u0430\u044f \u043a\u043e\u043c\u0430\u043d\u0434\u0430\"}]},{\"@type\":\"WebSite\",\"@id\":\"https:\\\/\\\/www.canons.es\\\/#website\",\"url\":\"https:\\\/\\\/www.canons.es\\\/\",\"name\":\"Cirug\u00eda Pl\u00e1stica y Est\u00e9tica Barcelona y Granollers | C\u00e0nons Clinics\",\"description\":\"\",\"publisher\":{\"@id\":\"https:\\\/\\\/www.canons.es\\\/#organization\"},\"potentialAction\":[{\"@type\":\"SearchAction\",\"target\":{\"@type\":\"EntryPoint\",\"urlTemplate\":\"https:\\\/\\\/www.canons.es\\\/?s={search_term_string}\"},\"query-input\":{\"@type\":\"PropertyValueSpecification\",\"valueRequired\":true,\"valueName\":\"search_term_string\"}}],\"inLanguage\":\"ru-RU\"},{\"@type\":\"Organization\",\"@id\":\"https:\\\/\\\/www.canons.es\\\/#organization\",\"name\":\"Cirug\u00eda Pl\u00e1stica y Est\u00e9tica Barcelona y Granollers | C\u00e0nons Clinics\",\"url\":\"https:\\\/\\\/www.canons.es\\\/\",\"logo\":{\"@type\":\"ImageObject\",\"inLanguage\":\"ru-RU\",\"@id\":\"https:\\\/\\\/www.canons.es\\\/#\\\/schema\\\/logo\\\/image\\\/\",\"url\":\"https:\\\/\\\/www.canons.es\\\/wp-content\\\/uploads\\\/2025\\\/04\\\/logo-canons-clinics.jpg\",\"contentUrl\":\"https:\\\/\\\/www.canons.es\\\/wp-content\\\/uploads\\\/2025\\\/04\\\/logo-canons-clinics.jpg\",\"width\":600,\"height\":139,\"caption\":\"Cirug\u00eda Pl\u00e1stica y Est\u00e9tica Barcelona y Granollers | C\u00e0nons Clinics\"},\"image\":{\"@id\":\"https:\\\/\\\/www.canons.es\\\/#\\\/schema\\\/logo\\\/image\\\/\"},\"sameAs\":[\"https:\\\/\\\/www.facebook.com\\\/canonsclinics\\\/\",\"https:\\\/\\\/x.com\\\/canonsclinics\",\"https:\\\/\\\/www.instagram.com\\\/canonsclinics\\\/\",\"https:\\\/\\\/www.youtube.com\\\/channel\\\/UCI1Ia6LjALyo1CuQ0_HwtfQ\",\"https:\\\/\\\/www.linkedin.com\\\/company\\\/canons-clinics\\\/\"]}]}<\/script>\n<!-- \/ Yoast SEO Premium plugin. -->","yoast_head_json":{"title":"\u041c\u0435\u0434\u0438\u0446\u0438\u043d\u0441\u043a\u0430\u044f \u043a\u043e\u043c\u0430\u043d\u0434\u0430 - \u041a\u043b\u0438\u043d\u0438\u043a\u0430 \u041a\u0430\u043d\u043e\u043d\u0441 | \u0425\u0438\u0440\u0443\u0440\u0433\u0438\u044f \u0438 \u044d\u0441\u0442\u0435\u0442\u0438\u0447\u0435\u0441\u043a\u0430\u044f \u043c\u0435\u0434\u0438\u0446\u0438\u043d\u0430 \u0432 \u0411\u0430\u0440\u0441\u0435\u043b\u043e\u043d\u0435, \u0413\u0440\u0430\u043d\u043e\u043b\u044c\u0435\u0440\u0441","robots":{"index":"index","follow":"follow","max-snippet":"max-snippet:-1","max-image-preview":"max-image-preview:large","max-video-preview":"max-video-preview:-1"},"canonical":"https:\/\/www.canons.es\/ru\/m\u0435\u0434\u0438\u0446\u0438\u043d\u0441\u043a\u0430\u044f-\u043a\u043e\u043c\u0430\u043d\u0434\u0430\/dra-diana-perez-sidelnikova\/","og_locale":"ru_RU","og_type":"article","og_title":"\u041c\u0435\u0434\u0438\u0446\u0438\u043d\u0441\u043a\u0430\u044f \u043a\u043e\u043c\u0430\u043d\u0434\u0430","og_description":"[vc_row][vc_column width=&#187;1\/2&#8243;][vc_single_image image=&#187;8194&#8243; css_animation=&#187;fadeInLeft&#187; img_link_large=&#187;&#187;][\/vc_column][vc_column width=&#187;1\/2&#8243;][vc_heading title=&#187;Dra. Diana P\u00e9rez Sidelnikova&#187; type=&#187;h2&#8243; style=&#187;style1&#8243;][vc_column_text] \u0417\u0430\u0440\u0435\u0433\u0438\u0441\u0442\u0440\u0438\u0440\u043e\u0432\u0430\u043d\u0430 \u0432 \u041a\u043e\u043b\u0435\u0434\u0436\u0435\u00a0 \u0432\u0440\u0430\u0447\u0435\u0439 \u0411\u0430\u0440\u0441\u0435\u043b\u043e\u043d\u044b \u0441 \u00a0N \u00ba 40020. \u0421\u043f\u0435\u0446\u0438\u0430\u043b\u0438\u0441\u0442 \u043f\u043e \u043f\u043b\u0430\u0441\u0442\u0438\u0447\u0435\u0441\u043a\u043e\u0439, \u0440\u0435\u043a\u043e\u043d\u0441\u0442\u0440\u0443\u043a\u0442\u0438\u0432\u043d\u043e\u0439 \u0438 \u044d\u0441\u0442\u0435\u0442\u0438\u0447\u0435\u0441\u043a\u043e\u0439 \u0445\u0438\u0440\u0443\u0440\u0433\u0438\u0438. \u0414\u0435\u0439\u0441\u0442\u0432\u0438\u0442\u0435\u043b\u044c\u043d\u044b\u0439 \u0447\u043b\u0435\u043d SECPRE, \u0438\u0441\u043f\u0430\u043d\u0441\u043a\u043e\u0433\u043e \u00a0\u043e\u0431\u0449\u0435\u0441\u0442\u0432\u0430 \u043f\u043b\u0430\u0441\u0442\u0438\u0447\u0435\u0441\u043a\u043e\u0439 , \u0440\u0435\u043a\u043e\u043d\u0441\u0442\u0440\u0443\u043a\u0442\u0438\u0432\u043d\u043e\u0439\u00a0 \u0438 \u044d\u0441\u0442\u0435\u0442\u0438\u0447\u0435\u0441\u043a\u043e\u0439 \u0445\u0438\u0440\u0443\u0440\u0433\u0438\u0438. [\/vc_column_text][vc_empty_space][vc_column_text css=&#187;.vc_custom_1445356799931{margin-bottom: 30px !important;}&#187;] ACADEMIC INFORMATION...","og_url":"https:\/\/www.canons.es\/ru\/m\u0435\u0434\u0438\u0446\u0438\u043d\u0441\u043a\u0430\u044f-\u043a\u043e\u043c\u0430\u043d\u0434\u0430\/dra-diana-perez-sidelnikova\/","og_site_name":"\u041a\u043b\u0438\u043d\u0438\u043a\u0430 \u041a\u0430\u043d\u043e\u043d\u0441 | \u0425\u0438\u0440\u0443\u0440\u0433\u0438\u044f \u0438 \u044d\u0441\u0442\u0435\u0442\u0438\u0447\u0435\u0441\u043a\u0430\u044f \u043c\u0435\u0434\u0438\u0446\u0438\u043d\u0430 \u0432 \u0411\u0430\u0440\u0441\u0435\u043b\u043e\u043d\u0435, \u0413\u0440\u0430\u043d\u043e\u043b\u044c\u0435\u0440\u0441","article_publisher":"https:\/\/www.facebook.com\/canonsclinics\/","article_modified_time":"2015-10-22T10:45:57+00:00","twitter_card":"summary_large_image","twitter_site":"@canonsclinics","twitter_misc":{"\u041f\u0440\u0438\u043c\u0435\u0440\u043d\u043e\u0435 \u0432\u0440\u0435\u043c\u044f \u0434\u043b\u044f \u0447\u0442\u0435\u043d\u0438\u044f":"2 \u043c\u0438\u043d\u0443\u0442\u044b"},"schema":{"@context":"https:\/\/schema.org","@graph":[{"@type":"WebPage","@id":"https:\/\/www.canons.es\/ru\/m%d0%b5%d0%b4%d0%b8%d1%86%d0%b8%d0%bd%d1%81%d0%ba%d0%b0%d1%8f-%d0%ba%d0%be%d0%bc%d0%b0%d0%bd%d0%b4%d0%b0\/dra-diana-perez-sidelnikova\/","url":"https:\/\/www.canons.es\/ru\/m%d0%b5%d0%b4%d0%b8%d1%86%d0%b8%d0%bd%d1%81%d0%ba%d0%b0%d1%8f-%d0%ba%d0%be%d0%bc%d0%b0%d0%bd%d0%b4%d0%b0\/dra-diana-perez-sidelnikova\/","name":"\u041c\u0435\u0434\u0438\u0446\u0438\u043d\u0441\u043a\u0430\u044f \u043a\u043e\u043c\u0430\u043d\u0434\u0430 - \u041a\u043b\u0438\u043d\u0438\u043a\u0430 \u041a\u0430\u043d\u043e\u043d\u0441 | \u0425\u0438\u0440\u0443\u0440\u0433\u0438\u044f \u0438 \u044d\u0441\u0442\u0435\u0442\u0438\u0447\u0435\u0441\u043a\u0430\u044f \u043c\u0435\u0434\u0438\u0446\u0438\u043d\u0430 \u0432 \u0411\u0430\u0440\u0441\u0435\u043b\u043e\u043d\u0435, \u0413\u0440\u0430\u043d\u043e\u043b\u044c\u0435\u0440\u0441","isPartOf":{"@id":"https:\/\/www.canons.es\/#website"},"datePublished":"2015-07-13T08:09:56+00:00","dateModified":"2015-10-22T10:45:57+00:00","breadcrumb":{"@id":"https:\/\/www.canons.es\/ru\/m%d0%b5%d0%b4%d0%b8%d1%86%d0%b8%d0%bd%d1%81%d0%ba%d0%b0%d1%8f-%d0%ba%d0%be%d0%bc%d0%b0%d0%bd%d0%b4%d0%b0\/dra-diana-perez-sidelnikova\/#breadcrumb"},"inLanguage":"ru-RU","potentialAction":[{"@type":"ReadAction","target":["https:\/\/www.canons.es\/ru\/m%d0%b5%d0%b4%d0%b8%d1%86%d0%b8%d0%bd%d1%81%d0%ba%d0%b0%d1%8f-%d0%ba%d0%be%d0%bc%d0%b0%d0%bd%d0%b4%d0%b0\/dra-diana-perez-sidelnikova\/"]}]},{"@type":"BreadcrumbList","@id":"https:\/\/www.canons.es\/ru\/m%d0%b5%d0%b4%d0%b8%d1%86%d0%b8%d0%bd%d1%81%d0%ba%d0%b0%d1%8f-%d0%ba%d0%be%d0%bc%d0%b0%d0%bd%d0%b4%d0%b0\/dra-diana-perez-sidelnikova\/#breadcrumb","itemListElement":[{"@type":"ListItem","position":1,"name":"Portada","item":"https:\/\/www.canons.es\/ru\/"},{"@type":"ListItem","position":2,"name":"\u041c\u0435\u0434\u0438\u0446\u0438\u043d\u0441\u043a\u0430\u044f \u043a\u043e\u043c\u0430\u043d\u0434\u0430","item":"https:\/\/www.canons.es\/ru\/m%d0%b5%d0%b4%d0%b8%d1%86%d0%b8%d0%bd%d1%81%d0%ba%d0%b0%d1%8f-%d0%ba%d0%be%d0%bc%d0%b0%d0%bd%d0%b4%d0%b0\/"},{"@type":"ListItem","position":3,"name":"\u041c\u0435\u0434\u0438\u0446\u0438\u043d\u0441\u043a\u0430\u044f \u043a\u043e\u043c\u0430\u043d\u0434\u0430"}]},{"@type":"WebSite","@id":"https:\/\/www.canons.es\/#website","url":"https:\/\/www.canons.es\/","name":"Cirug\u00eda Pl\u00e1stica y Est\u00e9tica Barcelona y Granollers | C\u00e0nons Clinics","description":"","publisher":{"@id":"https:\/\/www.canons.es\/#organization"},"potentialAction":[{"@type":"SearchAction","target":{"@type":"EntryPoint","urlTemplate":"https:\/\/www.canons.es\/?s={search_term_string}"},"query-input":{"@type":"PropertyValueSpecification","valueRequired":true,"valueName":"search_term_string"}}],"inLanguage":"ru-RU"},{"@type":"Organization","@id":"https:\/\/www.canons.es\/#organization","name":"Cirug\u00eda Pl\u00e1stica y Est\u00e9tica Barcelona y Granollers | C\u00e0nons Clinics","url":"https:\/\/www.canons.es\/","logo":{"@type":"ImageObject","inLanguage":"ru-RU","@id":"https:\/\/www.canons.es\/#\/schema\/logo\/image\/","url":"https:\/\/www.canons.es\/wp-content\/uploads\/2025\/04\/logo-canons-clinics.jpg","contentUrl":"https:\/\/www.canons.es\/wp-content\/uploads\/2025\/04\/logo-canons-clinics.jpg","width":600,"height":139,"caption":"Cirug\u00eda Pl\u00e1stica y Est\u00e9tica Barcelona y Granollers | C\u00e0nons Clinics"},"image":{"@id":"https:\/\/www.canons.es\/#\/schema\/logo\/image\/"},"sameAs":["https:\/\/www.facebook.com\/canonsclinics\/","https:\/\/x.com\/canonsclinics","https:\/\/www.instagram.com\/canonsclinics\/","https:\/\/www.youtube.com\/channel\/UCI1Ia6LjALyo1CuQ0_HwtfQ","https:\/\/www.linkedin.com\/company\/canons-clinics\/"]}]}},"_links":{"self":[{"href":"https:\/\/www.canons.es\/ru\/wp-json\/wp\/v2\/pages\/8999","targetHints":{"allow":["GET"]}}],"collection":[{"href":"https:\/\/www.canons.es\/ru\/wp-json\/wp\/v2\/pages"}],"about":[{"href":"https:\/\/www.canons.es\/ru\/wp-json\/wp\/v2\/types\/page"}],"author":[{"embeddable":true,"href":"https:\/\/www.canons.es\/ru\/wp-json\/wp\/v2\/users\/25"}],"replies":[{"embeddable":true,"href":"https:\/\/www.canons.es\/ru\/wp-json\/wp\/v2\/comments?post=8999"}],"version-history":[{"count":0,"href":"https:\/\/www.canons.es\/ru\/wp-json\/wp\/v2\/pages\/8999\/revisions"}],"up":[{"embeddable":true,"href":"https:\/\/www.canons.es\/ru\/wp-json\/wp\/v2\/pages\/8978"}],"wp:attachment":[{"href":"https:\/\/www.canons.es\/ru\/wp-json\/wp\/v2\/media?parent=8999"}],"curies":[{"name":"wp","href":"https:\/\/api.w.org\/{rel}","templated":true}]}}