{"id":13337,"date":"2018-06-28T06:40:12","date_gmt":"2018-06-28T06:40:12","guid":{"rendered":"https:\/\/www.canons.es\/ru\/instalaciones\/"},"modified":"2021-09-24T09:55:49","modified_gmt":"2021-09-24T09:55:49","slug":"clinics","status":"publish","type":"page","link":"https:\/\/www.canons.es\/ru\/clinics\/","title":{"rendered":"Clinics"},"content":{"rendered":"<div class=\"wpb-content-wrapper\"><p>[vc_row css_animation=&#187;&#187; row_type=&#187;row&#187; use_row_as_full_screen_section=&#187;no&#187; type=&#187;full_width&#187; angled_section=&#187;no&#187; text_align=&#187;left&#187; background_image_as_pattern=&#187;without_pattern&#187; css=&#187;.vc_custom_1552911397625{background-color: #efefef !important;}&#187; z_index=&#187;&#187;][vc_column][vc_empty_space height=&#187;40px&#187;][vc_column_text]<\/p>\n<h1 style=\"text-align: center;\"><span style=\"text-align: center; font-family: Raleway; font-weight: 400; font-style: normal; color: #58595b !important;\">\u043d\u0430\u0448\u0438\u00a0<\/span><span style=\"text-align: center; font-family: Raleway; font-weight: 400; font-style: normal; color: #3498db !important;\">\u043a\u043b\u0438\u043d\u0438\u043a\u0438<\/span><\/h1>\n<p>[\/vc_column_text][vc_separator type=&#187;small&#187; position=&#187;center&#187; color=&#187;#3498db&#187;][vc_empty_space height=&#187;20px&#187;][vc_row_inner row_type=&#187;row&#187; type=&#187;grid&#187; text_align=&#187;left&#187; css_animation=&#187;&#187;][vc_column_inner width=&#187;1\/3&#8243;][vc_single_image image=&#187;13087&#8243; img_size=&#187;353&#215;256&#8243; qode_css_animation=&#187;&#187; img_align=&#187;center&#187; custom_img_size=&#187;352&#215;256&#8243; img_link=&#187;\/contacto-barcelona\/&#187; el_class=&#187;borderhome&#187;][vc_empty_space height=&#187;30px&#187; el_class=&#187;borderno&#187;]<div class=\"custom_font_holder\" style=\"font-family: raleway; font-size: 17px; line-height: 26px; font-style: normal; font-weight: 600; color: #818181; text-decoration: none; text-align: center;\"><a href=\"https:\/\/www.google.com\/maps?ll=41.399982,2.17233&amp;z=13&amp;t=m&amp;hl=es&amp;gl=ES&amp;mapclient=embed&amp;cid=1801470970923955931\" target=\"_blank\" rel=\"noopener noreferrer\">Canons Clinics \u0411\u0430\u0440\u0441\u0435\u043b\u043e\u043d\u0430<\/a><\/div>[vc_empty_space height=&#187;30px&#187; el_class=&#187;borderno&#187;][\/vc_column_inner][vc_column_inner width=&#187;1\/3&#8243;][vc_single_image image=&#187;6838&#8243; img_size=&#187;full&#187; alignment=&#187;center&#187; qode_css_animation=&#187;&#187; img_align=&#187;center&#187; custom_img_size=&#187;352&#215;256&#8243; img_link=&#187;\/contacto-granollers\/&#187; el_class=&#187;borderhome&#187;][vc_empty_space height=&#187;30px&#187; el_class=&#187;borderno&#187;]<div class=\"custom_font_holder\" style=\"font-family: raleway; font-size: 17px; line-height: 26px; font-style: normal; font-weight: 600; color: #818181; text-decoration: none; text-align: center;\"><a href=\"https:\/\/www.google.com\/maps?ll=41.610252,2.29156&amp;z=17&amp;t=m&amp;hl=es-ES&amp;gl=ES&amp;mapclient=embed&amp;cid=1522813225476509765\" target=\"_blank\" rel=\"noopener noreferrer\">\u041a\u0430\u043d\u043e\u043d\u044b \u043a\u043b\u0438\u043d\u0438\u043a\u0438 \u0413\u0440\u0430\u043d\u043e\u043b\u044c\u0435\u0440\u0441<\/a><\/div>[vc_empty_space height=&#187;30px&#187; el_class=&#187;borderno&#187;][\/vc_column_inner][vc_column_inner width=&#187;1\/3&#8243;][vc_single_image image=&#187;6836&#8243; img_size=&#187;full&#187; qode_css_animation=&#187;&#187; img_align=&#187;center&#187; custom_img_size=&#187;352&#215;256&#8243; img_link=&#187;\/contacto-reus\/&#187; el_class=&#187;borderhome&#187;][vc_empty_space height=&#187;30px&#187; el_class=&#187;borderno&#187;]<div class=\"custom_font_holder\" style=\"font-family: raleway; font-size: 17px; line-height: 26px; font-style: normal; font-weight: 600; color: #818181; text-decoration: none; text-align: center;\"><a href=\"https:\/\/www.google.com\/maps?ll=41.159027,1.104992&amp;z=16&amp;t=m&amp;hl=es-ES&amp;gl=ES&amp;mapclient=embed&amp;q=Carrer+d%27Antoni+Gaud%C3%AD,+5+43202+Reus+Tarragona\" target=\"_blank\" rel=\"noopener noreferrer\">\u041a\u0430\u043d\u043e\u043d\u044b \u041a\u043b\u0438\u043d\u0438\u043a \u0420\u0435\u0443\u0441<\/a><\/div>[vc_empty_space height=&#187;30px&#187; el_class=&#187;borderno&#187;][\/vc_column_inner][\/vc_row_inner][vc_empty_space height=&#187;40px&#187;][\/vc_column][\/vc_row][vc_row css_animation=&#187;&#187; row_type=&#187;row&#187; use_row_as_full_screen_section=&#187;no&#187; type=&#187;grid&#187; angled_section=&#187;no&#187; text_align=&#187;left&#187; background_image_as_pattern=&#187;without_pattern&#187; z_index=&#187;&#187;][vc_column][vc_empty_space height=&#187;40px&#187;][vc_column_text]\u041d\u0430\u0448\u0438 \u043a\u043b\u0438\u043d\u0438\u043a\u0438 \u043e\u0441\u043d\u0430\u0449\u0435\u043d\u044b \u043b\u0443\u0447\u0448\u0438\u043c\u0438 \u0442\u0435\u0445\u043d\u043e\u043b\u043e\u0433\u0438\u044f\u043c\u0438, \u0447\u0442\u043e\u0431\u044b \u043f\u0440\u0435\u0434\u043b\u0430\u0433\u0430\u0442\u044c \u043d\u0430\u0448\u0438\u043c \u043a\u043b\u0438\u0435\u043d\u0442\u0430\u043c \u0441\u0430\u043c\u044b\u0435 \u043f\u0435\u0440\u0435\u0434\u043e\u0432\u044b\u0435 \u043c\u0435\u0442\u043e\u0434\u044b \u043b\u0435\u0447\u0435\u043d\u0438\u044f. \u041c\u044b \u0442\u0430\u043a\u0436\u0435 \u0443\u0434\u0435\u043b\u044f\u0435\u043c \u043f\u0435\u0440\u0432\u043e\u043e\u0447\u0435\u0440\u0435\u0434\u043d\u043e\u0435 \u0432\u043d\u0438\u043c\u0430\u043d\u0438\u0435 \u0432\u0430\u0448\u0435\u043c\u0443 \u043a\u043e\u043c\u0444\u043e\u0440\u0442\u0443, \u0441\u043e\u0437\u0434\u0430\u0432\u0430\u044f \u0441\u043f\u043e\u043a\u043e\u0439\u043d\u0443\u044e \u0438 \u0440\u0430\u0441\u0441\u043b\u0430\u0431\u043b\u044f\u044e\u0449\u0443\u044e \u043e\u0431\u0441\u0442\u0430\u043d\u043e\u0432\u043a\u0443. \u0412 \u0441\u043b\u0435\u0434\u0443\u044e\u0449\u0435\u0439 \u0433\u0430\u043b\u0435\u0440\u0435\u0435 \u0432\u044b \u043c\u043e\u0436\u0435\u0442\u0435 \u0443\u0432\u0438\u0434\u0435\u0442\u044c \u0438\u0437\u043e\u0431\u0440\u0430\u0436\u0435\u043d\u0438\u044f \u043d\u0430\u0448\u0438\u0445 \u043e\u0431\u044a\u0435\u043a\u0442\u043e\u0432 \u0432 C\u00e0nons Clinics.<br \/>\n[\/vc_column_text][vc_empty_space height=&#187;30px&#187; el_class=&#187;borderno&#187;]<div class=\"custom_font_holder\" style=\"font-family: raleway; font-size: 17px; line-height: 26px; font-style: normal; font-weight: 600; color: #818181; text-decoration: none; text-align: center;\">Canons Clinics \u0411\u0430\u0440\u0441\u0435\u043b\u043e\u043d\u0430<br \/>\n<\/div>[vc_empty_space height=&#187;30px&#187; el_class=&#187;borderno&#187;][vc_gallery type=&#187;image_grid&#187; images=&#187;19555,19559,19563,19567,19571,19575,19579,19583,19587,19591,19595,19599&#8243; img_size=&#187;full&#187; column_number=&#187;3&#8243; grayscale=&#187;no&#187; images_space=&#187;gallery_with_space&#187;][vc_empty_space height=&#187;30px&#187; el_class=&#187;borderno&#187;][vc_separator type=&#187;normal&#187;][vc_empty_space height=&#187;30px&#187; el_class=&#187;borderno&#187;]<div class=\"custom_font_holder\" style=\"font-family: raleway; font-size: 17px; line-height: 26px; font-style: normal; font-weight: 600; color: #818181; text-decoration: none; text-align: center;\">\u041a\u0430\u043d\u043e\u043d\u044b \u043a\u043b\u0438\u043d\u0438\u043a\u0438 \u0413\u0440\u0430\u043d\u043e\u043b\u044c\u0435\u0440\u0441<br \/>\n<\/div>[vc_empty_space height=&#187;30px&#187; el_class=&#187;borderno&#187;][vc_gallery type=&#187;image_grid&#187; images=&#187;19460,19416,19420,19448,19436,19440,19424,19444,19428,19432,19452,19456&#8243; img_size=&#187;full&#187; column_number=&#187;3&#8243; grayscale=&#187;no&#187; images_space=&#187;gallery_with_space&#187;][vc_empty_space height=&#187;30px&#187; el_class=&#187;borderno&#187;][\/vc_column][\/vc_row]<\/p>\n<\/div><!-- AddThis Advanced Settings generic via filter on the_content --><!-- AddThis Share Buttons generic via filter on the_content -->","protected":false},"excerpt":{"rendered":"<p>[vc_row css_animation=&#187;&#187; row_type=&#187;row&#187; use_row_as_full_screen_section=&#187;no&#187; type=&#187;full_width&#187; angled_section=&#187;no&#187; text_align=&#187;left&#187; background_image_as_pattern=&#187;without_pattern&#187; css=&#187;.vc_custom_1552911397625{background-color: #efefef !important;}&#187; z_index=&#187;&#187;][vc_column][vc_empty_space height=&#187;40px&#187;][vc_column_text] \u043d\u0430\u0448\u0438\u00a0\u043a\u043b\u0438\u043d\u0438\u043a\u0438 [\/vc_column_text][vc_separator type=&#187;small&#187; position=&#187;center&#187; color=&#187;#3498db&#187;][vc_empty_space height=&#187;20px&#187;][vc_row_inner row_type=&#187;row&#187; type=&#187;grid&#187; text_align=&#187;left&#187; css_animation=&#187;&#187;][vc_column_inner width=&#187;1\/3&#8243;][vc_single_image image=&#187;13087&#8243; img_size=&#187;353&#215;256&#8243; qode_css_animation=&#187;&#187; img_align=&#187;center&#187; custom_img_size=&#187;352&#215;256&#8243; img_link=&#187;\/contacto-barcelona\/&#187; el_class=&#187;borderhome&#187;][vc_empty_space height=&#187;30px&#187; el_class=&#187;borderno&#187;][vc_empty_space height=&#187;30px&#187; el_class=&#187;borderno&#187;][\/vc_column_inner][vc_column_inner width=&#187;1\/3&#8243;][vc_single_image image=&#187;6838&#8243; img_size=&#187;full&#187; alignment=&#187;center&#187; qode_css_animation=&#187;&#187; img_align=&#187;center&#187; custom_img_size=&#187;352&#215;256&#8243; img_link=&#187;\/contacto-granollers\/&#187; el_class=&#187;borderhome&#187;][vc_empty_space height=&#187;30px&#187;&#8230;<!-- AddThis Advanced Settings generic via filter on get_the_excerpt --><!-- AddThis Share Buttons generic via filter on get_the_excerpt --><\/p>\n","protected":false},"author":25,"featured_media":0,"parent":0,"menu_order":0,"comment_status":"closed","ping_status":"closed","template":"full_width.php","meta":{"footnotes":""},"class_list":["post-13337","page","type-page","status-publish","hentry"],"yoast_head":"<!-- This site is optimized with the Yoast SEO Premium plugin v26.9 (Yoast SEO v27.5) - https:\/\/yoast.com\/product\/yoast-seo-premium-wordpress\/ -->\n<title>Clinics - \u041a\u043b\u0438\u043d\u0438\u043a\u0430 \u041a\u0430\u043d\u043e\u043d\u0441 | \u0425\u0438\u0440\u0443\u0440\u0433\u0438\u044f \u0438 \u044d\u0441\u0442\u0435\u0442\u0438\u0447\u0435\u0441\u043a\u0430\u044f \u043c\u0435\u0434\u0438\u0446\u0438\u043d\u0430 \u0432 \u0411\u0430\u0440\u0441\u0435\u043b\u043e\u043d\u0435, \u0413\u0440\u0430\u043d\u043e\u043b\u044c\u0435\u0440\u0441<\/title>\n<meta name=\"robots\" content=\"index, follow, max-snippet:-1, max-image-preview:large, max-video-preview:-1\" \/>\n<link rel=\"canonical\" href=\"https:\/\/www.canons.es\/ru\/clinics\/\" \/>\n<meta property=\"og:locale\" content=\"ru_RU\" \/>\n<meta property=\"og:type\" content=\"article\" \/>\n<meta property=\"og:title\" content=\"Clinics\" \/>\n<meta property=\"og:description\" content=\"[vc_row css_animation=&#187;&#187; row_type=&#187;row&#187; use_row_as_full_screen_section=&#187;no&#187; type=&#187;full_width&#187; angled_section=&#187;no&#187; text_align=&#187;left&#187; background_image_as_pattern=&#187;without_pattern&#187; css=&#187;.vc_custom_1552911397625{background-color: #efefef !important;}&#187; z_index=&#187;&#187;][vc_column][vc_empty_space height=&#187;40px&#187;][vc_column_text] \u043d\u0430\u0448\u0438\u00a0\u043a\u043b\u0438\u043d\u0438\u043a\u0438 [\/vc_column_text][vc_separator type=&#187;small&#187; position=&#187;center&#187; color=&#187;#3498db&#187;][vc_empty_space height=&#187;20px&#187;][vc_row_inner row_type=&#187;row&#187; type=&#187;grid&#187; text_align=&#187;left&#187; css_animation=&#187;&#187;][vc_column_inner width=&#187;1\/3&#8243;][vc_single_image image=&#187;13087&#8243; img_size=&#187;353&#215;256&#8243; qode_css_animation=&#187;&#187; img_align=&#187;center&#187; custom_img_size=&#187;352&#215;256&#8243; img_link=&#187;\/contacto-barcelona\/&#187; el_class=&#187;borderhome&#187;][vc_empty_space height=&#187;30px&#187; el_class=&#187;borderno&#187;][vc_empty_space height=&#187;30px&#187; el_class=&#187;borderno&#187;][\/vc_column_inner][vc_column_inner width=&#187;1\/3&#8243;][vc_single_image image=&#187;6838&#8243; img_size=&#187;full&#187; alignment=&#187;center&#187; qode_css_animation=&#187;&#187; img_align=&#187;center&#187; custom_img_size=&#187;352&#215;256&#8243; img_link=&#187;\/contacto-granollers\/&#187; el_class=&#187;borderhome&#187;][vc_empty_space height=&#187;30px&#187;...\" \/>\n<meta property=\"og:url\" content=\"https:\/\/www.canons.es\/ru\/clinics\/\" \/>\n<meta property=\"og:site_name\" content=\"\u041a\u043b\u0438\u043d\u0438\u043a\u0430 \u041a\u0430\u043d\u043e\u043d\u0441 | \u0425\u0438\u0440\u0443\u0440\u0433\u0438\u044f \u0438 \u044d\u0441\u0442\u0435\u0442\u0438\u0447\u0435\u0441\u043a\u0430\u044f \u043c\u0435\u0434\u0438\u0446\u0438\u043d\u0430 \u0432 \u0411\u0430\u0440\u0441\u0435\u043b\u043e\u043d\u0435, \u0413\u0440\u0430\u043d\u043e\u043b\u044c\u0435\u0440\u0441\" \/>\n<meta property=\"article:publisher\" content=\"https:\/\/www.facebook.com\/canonsclinics\/\" \/>\n<meta property=\"article:modified_time\" content=\"2021-09-24T09:55:49+00:00\" \/>\n<meta name=\"twitter:card\" content=\"summary_large_image\" \/>\n<meta name=\"twitter:site\" content=\"@canonsclinics\" \/>\n<meta name=\"twitter:label1\" content=\"\u041f\u0440\u0438\u043c\u0435\u0440\u043d\u043e\u0435 \u0432\u0440\u0435\u043c\u044f \u0434\u043b\u044f \u0447\u0442\u0435\u043d\u0438\u044f\" \/>\n\t<meta name=\"twitter:data1\" content=\"3 \u043c\u0438\u043d\u0443\u0442\u044b\" \/>\n<script type=\"application\/ld+json\" class=\"yoast-schema-graph\">{\"@context\":\"https:\\\/\\\/schema.org\",\"@graph\":[{\"@type\":\"WebPage\",\"@id\":\"https:\\\/\\\/www.canons.es\\\/ru\\\/clinics\\\/\",\"url\":\"https:\\\/\\\/www.canons.es\\\/ru\\\/clinics\\\/\",\"name\":\"Clinics - \u041a\u043b\u0438\u043d\u0438\u043a\u0430 \u041a\u0430\u043d\u043e\u043d\u0441 | \u0425\u0438\u0440\u0443\u0440\u0433\u0438\u044f \u0438 \u044d\u0441\u0442\u0435\u0442\u0438\u0447\u0435\u0441\u043a\u0430\u044f \u043c\u0435\u0434\u0438\u0446\u0438\u043d\u0430 \u0432 \u0411\u0430\u0440\u0441\u0435\u043b\u043e\u043d\u0435, \u0413\u0440\u0430\u043d\u043e\u043b\u044c\u0435\u0440\u0441\",\"isPartOf\":{\"@id\":\"https:\\\/\\\/www.canons.es\\\/#website\"},\"datePublished\":\"2018-06-28T06:40:12+00:00\",\"dateModified\":\"2021-09-24T09:55:49+00:00\",\"breadcrumb\":{\"@id\":\"https:\\\/\\\/www.canons.es\\\/ru\\\/clinics\\\/#breadcrumb\"},\"inLanguage\":\"ru-RU\",\"potentialAction\":[{\"@type\":\"ReadAction\",\"target\":[\"https:\\\/\\\/www.canons.es\\\/ru\\\/clinics\\\/\"]}]},{\"@type\":\"BreadcrumbList\",\"@id\":\"https:\\\/\\\/www.canons.es\\\/ru\\\/clinics\\\/#breadcrumb\",\"itemListElement\":[{\"@type\":\"ListItem\",\"position\":1,\"name\":\"Portada\",\"item\":\"https:\\\/\\\/www.canons.es\\\/ru\\\/\"},{\"@type\":\"ListItem\",\"position\":2,\"name\":\"Clinics\"}]},{\"@type\":\"WebSite\",\"@id\":\"https:\\\/\\\/www.canons.es\\\/#website\",\"url\":\"https:\\\/\\\/www.canons.es\\\/\",\"name\":\"Cirug\u00eda Pl\u00e1stica y Est\u00e9tica Barcelona y Granollers | C\u00e0nons Clinics\",\"description\":\"\",\"publisher\":{\"@id\":\"https:\\\/\\\/www.canons.es\\\/#organization\"},\"potentialAction\":[{\"@type\":\"SearchAction\",\"target\":{\"@type\":\"EntryPoint\",\"urlTemplate\":\"https:\\\/\\\/www.canons.es\\\/?s={search_term_string}\"},\"query-input\":{\"@type\":\"PropertyValueSpecification\",\"valueRequired\":true,\"valueName\":\"search_term_string\"}}],\"inLanguage\":\"ru-RU\"},{\"@type\":\"Organization\",\"@id\":\"https:\\\/\\\/www.canons.es\\\/#organization\",\"name\":\"Cirug\u00eda Pl\u00e1stica y Est\u00e9tica Barcelona y Granollers | C\u00e0nons Clinics\",\"url\":\"https:\\\/\\\/www.canons.es\\\/\",\"logo\":{\"@type\":\"ImageObject\",\"inLanguage\":\"ru-RU\",\"@id\":\"https:\\\/\\\/www.canons.es\\\/#\\\/schema\\\/logo\\\/image\\\/\",\"url\":\"https:\\\/\\\/www.canons.es\\\/wp-content\\\/uploads\\\/2025\\\/04\\\/logo-canons-clinics.jpg\",\"contentUrl\":\"https:\\\/\\\/www.canons.es\\\/wp-content\\\/uploads\\\/2025\\\/04\\\/logo-canons-clinics.jpg\",\"width\":600,\"height\":139,\"caption\":\"Cirug\u00eda Pl\u00e1stica y Est\u00e9tica Barcelona y Granollers | C\u00e0nons Clinics\"},\"image\":{\"@id\":\"https:\\\/\\\/www.canons.es\\\/#\\\/schema\\\/logo\\\/image\\\/\"},\"sameAs\":[\"https:\\\/\\\/www.facebook.com\\\/canonsclinics\\\/\",\"https:\\\/\\\/x.com\\\/canonsclinics\",\"https:\\\/\\\/www.instagram.com\\\/canonsclinics\\\/\",\"https:\\\/\\\/www.youtube.com\\\/channel\\\/UCI1Ia6LjALyo1CuQ0_HwtfQ\",\"https:\\\/\\\/www.linkedin.com\\\/company\\\/canons-clinics\\\/\"]}]}<\/script>\n<!-- \/ Yoast SEO Premium plugin. -->","yoast_head_json":{"title":"Clinics - \u041a\u043b\u0438\u043d\u0438\u043a\u0430 \u041a\u0430\u043d\u043e\u043d\u0441 | \u0425\u0438\u0440\u0443\u0440\u0433\u0438\u044f \u0438 \u044d\u0441\u0442\u0435\u0442\u0438\u0447\u0435\u0441\u043a\u0430\u044f \u043c\u0435\u0434\u0438\u0446\u0438\u043d\u0430 \u0432 \u0411\u0430\u0440\u0441\u0435\u043b\u043e\u043d\u0435, \u0413\u0440\u0430\u043d\u043e\u043b\u044c\u0435\u0440\u0441","robots":{"index":"index","follow":"follow","max-snippet":"max-snippet:-1","max-image-preview":"max-image-preview:large","max-video-preview":"max-video-preview:-1"},"canonical":"https:\/\/www.canons.es\/ru\/clinics\/","og_locale":"ru_RU","og_type":"article","og_title":"Clinics","og_description":"[vc_row css_animation=&#187;&#187; row_type=&#187;row&#187; use_row_as_full_screen_section=&#187;no&#187; type=&#187;full_width&#187; angled_section=&#187;no&#187; text_align=&#187;left&#187; background_image_as_pattern=&#187;without_pattern&#187; css=&#187;.vc_custom_1552911397625{background-color: #efefef !important;}&#187; z_index=&#187;&#187;][vc_column][vc_empty_space height=&#187;40px&#187;][vc_column_text] \u043d\u0430\u0448\u0438\u00a0\u043a\u043b\u0438\u043d\u0438\u043a\u0438 [\/vc_column_text][vc_separator type=&#187;small&#187; position=&#187;center&#187; color=&#187;#3498db&#187;][vc_empty_space height=&#187;20px&#187;][vc_row_inner row_type=&#187;row&#187; type=&#187;grid&#187; text_align=&#187;left&#187; css_animation=&#187;&#187;][vc_column_inner width=&#187;1\/3&#8243;][vc_single_image image=&#187;13087&#8243; img_size=&#187;353&#215;256&#8243; qode_css_animation=&#187;&#187; img_align=&#187;center&#187; custom_img_size=&#187;352&#215;256&#8243; img_link=&#187;\/contacto-barcelona\/&#187; el_class=&#187;borderhome&#187;][vc_empty_space height=&#187;30px&#187; el_class=&#187;borderno&#187;][vc_empty_space height=&#187;30px&#187; el_class=&#187;borderno&#187;][\/vc_column_inner][vc_column_inner width=&#187;1\/3&#8243;][vc_single_image image=&#187;6838&#8243; img_size=&#187;full&#187; alignment=&#187;center&#187; qode_css_animation=&#187;&#187; img_align=&#187;center&#187; custom_img_size=&#187;352&#215;256&#8243; img_link=&#187;\/contacto-granollers\/&#187; el_class=&#187;borderhome&#187;][vc_empty_space height=&#187;30px&#187;...","og_url":"https:\/\/www.canons.es\/ru\/clinics\/","og_site_name":"\u041a\u043b\u0438\u043d\u0438\u043a\u0430 \u041a\u0430\u043d\u043e\u043d\u0441 | \u0425\u0438\u0440\u0443\u0440\u0433\u0438\u044f \u0438 \u044d\u0441\u0442\u0435\u0442\u0438\u0447\u0435\u0441\u043a\u0430\u044f \u043c\u0435\u0434\u0438\u0446\u0438\u043d\u0430 \u0432 \u0411\u0430\u0440\u0441\u0435\u043b\u043e\u043d\u0435, \u0413\u0440\u0430\u043d\u043e\u043b\u044c\u0435\u0440\u0441","article_publisher":"https:\/\/www.facebook.com\/canonsclinics\/","article_modified_time":"2021-09-24T09:55:49+00:00","twitter_card":"summary_large_image","twitter_site":"@canonsclinics","twitter_misc":{"\u041f\u0440\u0438\u043c\u0435\u0440\u043d\u043e\u0435 \u0432\u0440\u0435\u043c\u044f \u0434\u043b\u044f \u0447\u0442\u0435\u043d\u0438\u044f":"3 \u043c\u0438\u043d\u0443\u0442\u044b"},"schema":{"@context":"https:\/\/schema.org","@graph":[{"@type":"WebPage","@id":"https:\/\/www.canons.es\/ru\/clinics\/","url":"https:\/\/www.canons.es\/ru\/clinics\/","name":"Clinics - \u041a\u043b\u0438\u043d\u0438\u043a\u0430 \u041a\u0430\u043d\u043e\u043d\u0441 | \u0425\u0438\u0440\u0443\u0440\u0433\u0438\u044f \u0438 \u044d\u0441\u0442\u0435\u0442\u0438\u0447\u0435\u0441\u043a\u0430\u044f \u043c\u0435\u0434\u0438\u0446\u0438\u043d\u0430 \u0432 \u0411\u0430\u0440\u0441\u0435\u043b\u043e\u043d\u0435, \u0413\u0440\u0430\u043d\u043e\u043b\u044c\u0435\u0440\u0441","isPartOf":{"@id":"https:\/\/www.canons.es\/#website"},"datePublished":"2018-06-28T06:40:12+00:00","dateModified":"2021-09-24T09:55:49+00:00","breadcrumb":{"@id":"https:\/\/www.canons.es\/ru\/clinics\/#breadcrumb"},"inLanguage":"ru-RU","potentialAction":[{"@type":"ReadAction","target":["https:\/\/www.canons.es\/ru\/clinics\/"]}]},{"@type":"BreadcrumbList","@id":"https:\/\/www.canons.es\/ru\/clinics\/#breadcrumb","itemListElement":[{"@type":"ListItem","position":1,"name":"Portada","item":"https:\/\/www.canons.es\/ru\/"},{"@type":"ListItem","position":2,"name":"Clinics"}]},{"@type":"WebSite","@id":"https:\/\/www.canons.es\/#website","url":"https:\/\/www.canons.es\/","name":"Cirug\u00eda Pl\u00e1stica y Est\u00e9tica Barcelona y Granollers | C\u00e0nons Clinics","description":"","publisher":{"@id":"https:\/\/www.canons.es\/#organization"},"potentialAction":[{"@type":"SearchAction","target":{"@type":"EntryPoint","urlTemplate":"https:\/\/www.canons.es\/?s={search_term_string}"},"query-input":{"@type":"PropertyValueSpecification","valueRequired":true,"valueName":"search_term_string"}}],"inLanguage":"ru-RU"},{"@type":"Organization","@id":"https:\/\/www.canons.es\/#organization","name":"Cirug\u00eda Pl\u00e1stica y Est\u00e9tica Barcelona y Granollers | C\u00e0nons Clinics","url":"https:\/\/www.canons.es\/","logo":{"@type":"ImageObject","inLanguage":"ru-RU","@id":"https:\/\/www.canons.es\/#\/schema\/logo\/image\/","url":"https:\/\/www.canons.es\/wp-content\/uploads\/2025\/04\/logo-canons-clinics.jpg","contentUrl":"https:\/\/www.canons.es\/wp-content\/uploads\/2025\/04\/logo-canons-clinics.jpg","width":600,"height":139,"caption":"Cirug\u00eda Pl\u00e1stica y Est\u00e9tica Barcelona y Granollers | C\u00e0nons Clinics"},"image":{"@id":"https:\/\/www.canons.es\/#\/schema\/logo\/image\/"},"sameAs":["https:\/\/www.facebook.com\/canonsclinics\/","https:\/\/x.com\/canonsclinics","https:\/\/www.instagram.com\/canonsclinics\/","https:\/\/www.youtube.com\/channel\/UCI1Ia6LjALyo1CuQ0_HwtfQ","https:\/\/www.linkedin.com\/company\/canons-clinics\/"]}]}},"_links":{"self":[{"href":"https:\/\/www.canons.es\/ru\/wp-json\/wp\/v2\/pages\/13337","targetHints":{"allow":["GET"]}}],"collection":[{"href":"https:\/\/www.canons.es\/ru\/wp-json\/wp\/v2\/pages"}],"about":[{"href":"https:\/\/www.canons.es\/ru\/wp-json\/wp\/v2\/types\/page"}],"author":[{"embeddable":true,"href":"https:\/\/www.canons.es\/ru\/wp-json\/wp\/v2\/users\/25"}],"replies":[{"embeddable":true,"href":"https:\/\/www.canons.es\/ru\/wp-json\/wp\/v2\/comments?post=13337"}],"version-history":[{"count":0,"href":"https:\/\/www.canons.es\/ru\/wp-json\/wp\/v2\/pages\/13337\/revisions"}],"wp:attachment":[{"href":"https:\/\/www.canons.es\/ru\/wp-json\/wp\/v2\/media?parent=13337"}],"curies":[{"name":"wp","href":"https:\/\/api.w.org\/{rel}","templated":true}]}}