{"id":11811,"date":"2016-07-15T11:53:27","date_gmt":"2016-07-15T11:53:27","guid":{"rendered":"https:\/\/www.canons.es\/ru\/perineoplasty\/"},"modified":"2016-07-15T11:53:27","modified_gmt":"2016-07-15T11:53:27","slug":"perineoplasty","status":"publish","type":"page","link":"https:\/\/www.canons.es\/ru\/cirugia-plastica-genital\/perineoplasty\/","title":{"rendered":"Perineoplasty"},"content":{"rendered":"<div class=\"wpb-content-wrapper\"><p>[vc_row section_type=&#187;full-width&#187; background_color=&#187;#f7f7f7&#8243;][vc_column][vc_empty_space height=&#187;40px&#187;][vc_row_inner][vc_column_inner width=&#187;1\/2&#8243;][vc_single_image image=&#187;11772&#8243;][\/vc_column_inner][vc_column_inner width=&#187;1\/2&#8243;][vc_column_text]The perineoplastia is a surgical intervention <strong>to restore elasticity and functionality of the perineum, the area between the entrance to the vagina and anus<\/strong>. When this area is young has an appearance elastic and smooth. However, pregnancy, after 9 months of supporting a higher than usual weight, occurs in a distension of the pelvic musculature. Loss of tone can cause loss of urine or hinder the satisfactory sexual intercourse.<\/p>\n<p>This problem is accentuated in childbirth. If in addition, childbirth is difficult, it is possible that the gynaecologist decides to perform an episiotomy, a cut in the skin and perineal muscles to facilitate the exit.<\/p>\n<p>While there are exercise for toning the muscles in this area, in many cases doesn&#8217;t work why is dysfunctional. In these cases, a surgical correction is required[\/vc_column_text][\/vc_column_inner][\/vc_row_inner][\/vc_column][\/vc_row][vc_row section_type=&#187;full-width&#187;][vc_column][vc_empty_space][vc_accordion][vc_accordion_tab title=&#187;What is the perineum?&#187;][vc_column_text]<\/p>\n<p style=\"text-align: justify;\"><strong>The perineum is the portion of tissue that goes from the vagina to the anus<\/strong>. When this area is young usually have &#171;V&#187;-shaped and has an elastic and smooth appearance. With age and deliveries, perineal musculature is losing tone and elasticity, becomes perineum have a &#171;V&#187; to acquire a morphology in &#171;U&#187; shape,<strong> distorting their appearance and functionality, causing functional problems and annoyances, especially during sexual intercourse<\/strong>. If an episiotomy is practiced during childbirth can aggravate the situation.<\/p>\n<p style=\"text-align: justify;\"><strong>The perineoplasty allows return to close the musculature of the perineum<\/strong>, returning you so the tension and the tone that you allow recover the function original of this area.<\/p>\n<p>[\/vc_column_text][\/vc_accordion_tab][vc_accordion_tab title=&#187;What is it?&#187;][vc_column_text]<\/p>\n<p style=\"text-align: justify;\">The perineoplasty is <strong>a<\/strong> <strong>simple intervention, which is usually done under local anesthesia. It is to tighten the muscles of the perineum, thus restoring its elasticity and functionality.<\/strong><\/p>\n<p style=\"text-align: justify;\">In the case of those women who have a major expansion, are performed a narrowing of the outer third of the vagina, improving satisfaction in their relationships.<\/p>\n<p>[\/vc_column_text][\/vc_accordion_tab][vc_accordion_tab title=&#187;Who is a good candidate to undergo the operation?&#187;][vc_column_text]<\/p>\n<p style=\"text-align: justify;\">A good candidate is any woman who <strong>suffers a laxity of the perineum that leaves too exposed vagina; What can cause sensitivity, incontinence, infections and discomfort during sex<\/strong>.<\/p>\n<p>[\/vc_column_text][\/vc_accordion_tab][vc_accordion_tab title=&#187;What will be the results?&#187;][vc_column_text]After the surgery, recovers the dimension, shape and functionality of the perineum.[\/vc_column_text][\/vc_accordion_tab][vc_accordion_tab title=&#187;What will the recovery look like?&#187;][vc_column_text]<\/p>\n<p style=\"text-align: justify;\">In the postoperative period, it is necessary to <strong>make a rest during the first week, after which the patient can be incorporated into the activities of their daily lives.<\/strong><\/p>\n<p style=\"text-align: justify;\">Keep clean and dry, making cures with betadine vaginal for 2 weeks.<\/p>\n<p style=\"text-align: justify;\">Avoid sexual intercourse the first month after surgery, as well as great efforts and exercise.<\/p>\n<p>[\/vc_column_text][\/vc_accordion_tab][\/vc_accordion][\/vc_column][\/vc_row]<\/p>\n<\/div><!-- AddThis Advanced Settings generic via filter on the_content --><!-- AddThis Share Buttons generic via filter on the_content -->","protected":false},"excerpt":{"rendered":"<p>[vc_row section_type=&#187;full-width&#187; background_color=&#187;#f7f7f7&#8243;][vc_column][vc_empty_space height=&#187;40px&#187;][vc_row_inner][vc_column_inner width=&#187;1\/2&#8243;][vc_single_image image=&#187;11772&#8243;][\/vc_column_inner][vc_column_inner width=&#187;1\/2&#8243;][vc_column_text]The perineoplastia is a surgical intervention to restore elasticity and functionality of the perineum, the area between the entrance to the vagina and anus. When this area is young has an appearance elastic and smooth. However, pregnancy, after 9&#8230;<!-- AddThis Advanced Settings generic via filter on get_the_excerpt --><!-- AddThis Share Buttons generic via filter on get_the_excerpt --><\/p>\n","protected":false},"author":25,"featured_media":0,"parent":10041,"menu_order":0,"comment_status":"closed","ping_status":"closed","template":"","meta":{"footnotes":""},"class_list":["post-11811","page","type-page","status-publish","hentry"],"yoast_head":"<!-- This site is optimized with the Yoast SEO Premium plugin v26.9 (Yoast SEO v27.4) - https:\/\/yoast.com\/product\/yoast-seo-premium-wordpress\/ -->\n<title>Perineoplasty - \u041a\u043b\u0438\u043d\u0438\u043a\u0430 \u041a\u0430\u043d\u043e\u043d\u0441 | \u0425\u0438\u0440\u0443\u0440\u0433\u0438\u044f \u0438 \u044d\u0441\u0442\u0435\u0442\u0438\u0447\u0435\u0441\u043a\u0430\u044f \u043c\u0435\u0434\u0438\u0446\u0438\u043d\u0430 \u0432 \u0411\u0430\u0440\u0441\u0435\u043b\u043e\u043d\u0435, \u0413\u0440\u0430\u043d\u043e\u043b\u044c\u0435\u0440\u0441<\/title>\n<meta name=\"robots\" content=\"index, follow, max-snippet:-1, max-image-preview:large, max-video-preview:-1\" \/>\n<link rel=\"canonical\" href=\"https:\/\/www.canons.es\/cirugia-intima-femenina\/perineoplastia\/\" \/>\n<meta property=\"og:locale\" content=\"ru_RU\" \/>\n<meta property=\"og:type\" content=\"article\" \/>\n<meta property=\"og:title\" content=\"Perineoplasty\" \/>\n<meta property=\"og:description\" content=\"[vc_row section_type=&#187;full-width&#187; background_color=&#187;#f7f7f7&#8243;][vc_column][vc_empty_space height=&#187;40px&#187;][vc_row_inner][vc_column_inner width=&#187;1\/2&#8243;][vc_single_image image=&#187;11772&#8243;][\/vc_column_inner][vc_column_inner width=&#187;1\/2&#8243;][vc_column_text]The perineoplastia is a surgical intervention to restore elasticity and functionality of the perineum, the area between the entrance to the vagina and anus. When this area is young has an appearance elastic and smooth. However, pregnancy, after 9...\" \/>\n<meta property=\"og:url\" content=\"https:\/\/www.canons.es\/cirugia-intima-femenina\/perineoplastia\/\" \/>\n<meta property=\"og:site_name\" content=\"\u041a\u043b\u0438\u043d\u0438\u043a\u0430 \u041a\u0430\u043d\u043e\u043d\u0441 | \u0425\u0438\u0440\u0443\u0440\u0433\u0438\u044f \u0438 \u044d\u0441\u0442\u0435\u0442\u0438\u0447\u0435\u0441\u043a\u0430\u044f \u043c\u0435\u0434\u0438\u0446\u0438\u043d\u0430 \u0432 \u0411\u0430\u0440\u0441\u0435\u043b\u043e\u043d\u0435, \u0413\u0440\u0430\u043d\u043e\u043b\u044c\u0435\u0440\u0441\" \/>\n<meta property=\"article:publisher\" content=\"https:\/\/www.facebook.com\/canonsclinics\/\" \/>\n<meta name=\"twitter:card\" content=\"summary_large_image\" \/>\n<meta name=\"twitter:site\" content=\"@canonsclinics\" \/>\n<meta name=\"twitter:label1\" content=\"\u041f\u0440\u0438\u043c\u0435\u0440\u043d\u043e\u0435 \u0432\u0440\u0435\u043c\u044f \u0434\u043b\u044f \u0447\u0442\u0435\u043d\u0438\u044f\" \/>\n\t<meta name=\"twitter:data1\" content=\"3 \u043c\u0438\u043d\u0443\u0442\u044b\" \/>\n<script type=\"application\/ld+json\" class=\"yoast-schema-graph\">{\"@context\":\"https:\\\/\\\/schema.org\",\"@graph\":[{\"@type\":\"WebPage\",\"@id\":\"https:\\\/\\\/www.canons.es\\\/cirugia-intima-femenina\\\/perineoplastia\\\/\",\"url\":\"https:\\\/\\\/www.canons.es\\\/cirugia-intima-femenina\\\/perineoplastia\\\/\",\"name\":\"Perineoplasty - \u041a\u043b\u0438\u043d\u0438\u043a\u0430 \u041a\u0430\u043d\u043e\u043d\u0441 | \u0425\u0438\u0440\u0443\u0440\u0433\u0438\u044f \u0438 \u044d\u0441\u0442\u0435\u0442\u0438\u0447\u0435\u0441\u043a\u0430\u044f \u043c\u0435\u0434\u0438\u0446\u0438\u043d\u0430 \u0432 \u0411\u0430\u0440\u0441\u0435\u043b\u043e\u043d\u0435, \u0413\u0440\u0430\u043d\u043e\u043b\u044c\u0435\u0440\u0441\",\"isPartOf\":{\"@id\":\"https:\\\/\\\/www.canons.es\\\/#website\"},\"datePublished\":\"2016-07-15T11:53:27+00:00\",\"breadcrumb\":{\"@id\":\"https:\\\/\\\/www.canons.es\\\/cirugia-intima-femenina\\\/perineoplastia\\\/#breadcrumb\"},\"inLanguage\":\"ru-RU\",\"potentialAction\":[{\"@type\":\"ReadAction\",\"target\":[\"https:\\\/\\\/www.canons.es\\\/cirugia-intima-femenina\\\/perineoplastia\\\/\"]}]},{\"@type\":\"BreadcrumbList\",\"@id\":\"https:\\\/\\\/www.canons.es\\\/cirugia-intima-femenina\\\/perineoplastia\\\/#breadcrumb\",\"itemListElement\":[{\"@type\":\"ListItem\",\"position\":1,\"name\":\"Portada\",\"item\":\"https:\\\/\\\/www.canons.es\\\/ru\\\/\"},{\"@type\":\"ListItem\",\"position\":2,\"name\":\"\u042d\u0441\u0442\u0435\u0442\u0438\u0447\u0435\u0441\u043a\u0430\u044f \u0438 \u041f\u043b\u0430\u0441\u0442\u0438\u0447\u0435\u0441\u043a\u0430\u044f \u0445\u0438\u0440\u0443\u0440\u0433\u0438\u044f \u0432 \u043e\u0431\u043b\u0430\u0441\u0442\u0438 \u0413\u0438\u043d\u0435\u0442\u0430\u043b\u0438\u0439\",\"item\":\"https:\\\/\\\/www.canons.es\\\/ru\\\/cirugia-plastica-genital\\\/\"},{\"@type\":\"ListItem\",\"position\":3,\"name\":\"Perineoplasty\"}]},{\"@type\":\"WebSite\",\"@id\":\"https:\\\/\\\/www.canons.es\\\/#website\",\"url\":\"https:\\\/\\\/www.canons.es\\\/\",\"name\":\"Cirug\u00eda Pl\u00e1stica y Est\u00e9tica Barcelona y Granollers | C\u00e0nons Clinics\",\"description\":\"\",\"publisher\":{\"@id\":\"https:\\\/\\\/www.canons.es\\\/#organization\"},\"potentialAction\":[{\"@type\":\"SearchAction\",\"target\":{\"@type\":\"EntryPoint\",\"urlTemplate\":\"https:\\\/\\\/www.canons.es\\\/?s={search_term_string}\"},\"query-input\":{\"@type\":\"PropertyValueSpecification\",\"valueRequired\":true,\"valueName\":\"search_term_string\"}}],\"inLanguage\":\"ru-RU\"},{\"@type\":\"Organization\",\"@id\":\"https:\\\/\\\/www.canons.es\\\/#organization\",\"name\":\"Cirug\u00eda Pl\u00e1stica y Est\u00e9tica Barcelona y Granollers | C\u00e0nons Clinics\",\"url\":\"https:\\\/\\\/www.canons.es\\\/\",\"logo\":{\"@type\":\"ImageObject\",\"inLanguage\":\"ru-RU\",\"@id\":\"https:\\\/\\\/www.canons.es\\\/#\\\/schema\\\/logo\\\/image\\\/\",\"url\":\"https:\\\/\\\/www.canons.es\\\/wp-content\\\/uploads\\\/2025\\\/04\\\/logo-canons-clinics.jpg\",\"contentUrl\":\"https:\\\/\\\/www.canons.es\\\/wp-content\\\/uploads\\\/2025\\\/04\\\/logo-canons-clinics.jpg\",\"width\":600,\"height\":139,\"caption\":\"Cirug\u00eda Pl\u00e1stica y Est\u00e9tica Barcelona y Granollers | C\u00e0nons Clinics\"},\"image\":{\"@id\":\"https:\\\/\\\/www.canons.es\\\/#\\\/schema\\\/logo\\\/image\\\/\"},\"sameAs\":[\"https:\\\/\\\/www.facebook.com\\\/canonsclinics\\\/\",\"https:\\\/\\\/x.com\\\/canonsclinics\",\"https:\\\/\\\/www.instagram.com\\\/canonsclinics\\\/\",\"https:\\\/\\\/www.youtube.com\\\/channel\\\/UCI1Ia6LjALyo1CuQ0_HwtfQ\",\"https:\\\/\\\/www.linkedin.com\\\/company\\\/canons-clinics\\\/\"]}]}<\/script>\n<!-- \/ Yoast SEO Premium plugin. -->","yoast_head_json":{"title":"Perineoplasty - \u041a\u043b\u0438\u043d\u0438\u043a\u0430 \u041a\u0430\u043d\u043e\u043d\u0441 | \u0425\u0438\u0440\u0443\u0440\u0433\u0438\u044f \u0438 \u044d\u0441\u0442\u0435\u0442\u0438\u0447\u0435\u0441\u043a\u0430\u044f \u043c\u0435\u0434\u0438\u0446\u0438\u043d\u0430 \u0432 \u0411\u0430\u0440\u0441\u0435\u043b\u043e\u043d\u0435, \u0413\u0440\u0430\u043d\u043e\u043b\u044c\u0435\u0440\u0441","robots":{"index":"index","follow":"follow","max-snippet":"max-snippet:-1","max-image-preview":"max-image-preview:large","max-video-preview":"max-video-preview:-1"},"canonical":"https:\/\/www.canons.es\/cirugia-intima-femenina\/perineoplastia\/","og_locale":"ru_RU","og_type":"article","og_title":"Perineoplasty","og_description":"[vc_row section_type=&#187;full-width&#187; background_color=&#187;#f7f7f7&#8243;][vc_column][vc_empty_space height=&#187;40px&#187;][vc_row_inner][vc_column_inner width=&#187;1\/2&#8243;][vc_single_image image=&#187;11772&#8243;][\/vc_column_inner][vc_column_inner width=&#187;1\/2&#8243;][vc_column_text]The perineoplastia is a surgical intervention to restore elasticity and functionality of the perineum, the area between the entrance to the vagina and anus. When this area is young has an appearance elastic and smooth. However, pregnancy, after 9...","og_url":"https:\/\/www.canons.es\/cirugia-intima-femenina\/perineoplastia\/","og_site_name":"\u041a\u043b\u0438\u043d\u0438\u043a\u0430 \u041a\u0430\u043d\u043e\u043d\u0441 | \u0425\u0438\u0440\u0443\u0440\u0433\u0438\u044f \u0438 \u044d\u0441\u0442\u0435\u0442\u0438\u0447\u0435\u0441\u043a\u0430\u044f \u043c\u0435\u0434\u0438\u0446\u0438\u043d\u0430 \u0432 \u0411\u0430\u0440\u0441\u0435\u043b\u043e\u043d\u0435, \u0413\u0440\u0430\u043d\u043e\u043b\u044c\u0435\u0440\u0441","article_publisher":"https:\/\/www.facebook.com\/canonsclinics\/","twitter_card":"summary_large_image","twitter_site":"@canonsclinics","twitter_misc":{"\u041f\u0440\u0438\u043c\u0435\u0440\u043d\u043e\u0435 \u0432\u0440\u0435\u043c\u044f \u0434\u043b\u044f \u0447\u0442\u0435\u043d\u0438\u044f":"3 \u043c\u0438\u043d\u0443\u0442\u044b"},"schema":{"@context":"https:\/\/schema.org","@graph":[{"@type":"WebPage","@id":"https:\/\/www.canons.es\/cirugia-intima-femenina\/perineoplastia\/","url":"https:\/\/www.canons.es\/cirugia-intima-femenina\/perineoplastia\/","name":"Perineoplasty - \u041a\u043b\u0438\u043d\u0438\u043a\u0430 \u041a\u0430\u043d\u043e\u043d\u0441 | \u0425\u0438\u0440\u0443\u0440\u0433\u0438\u044f \u0438 \u044d\u0441\u0442\u0435\u0442\u0438\u0447\u0435\u0441\u043a\u0430\u044f \u043c\u0435\u0434\u0438\u0446\u0438\u043d\u0430 \u0432 \u0411\u0430\u0440\u0441\u0435\u043b\u043e\u043d\u0435, \u0413\u0440\u0430\u043d\u043e\u043b\u044c\u0435\u0440\u0441","isPartOf":{"@id":"https:\/\/www.canons.es\/#website"},"datePublished":"2016-07-15T11:53:27+00:00","breadcrumb":{"@id":"https:\/\/www.canons.es\/cirugia-intima-femenina\/perineoplastia\/#breadcrumb"},"inLanguage":"ru-RU","potentialAction":[{"@type":"ReadAction","target":["https:\/\/www.canons.es\/cirugia-intima-femenina\/perineoplastia\/"]}]},{"@type":"BreadcrumbList","@id":"https:\/\/www.canons.es\/cirugia-intima-femenina\/perineoplastia\/#breadcrumb","itemListElement":[{"@type":"ListItem","position":1,"name":"Portada","item":"https:\/\/www.canons.es\/ru\/"},{"@type":"ListItem","position":2,"name":"\u042d\u0441\u0442\u0435\u0442\u0438\u0447\u0435\u0441\u043a\u0430\u044f \u0438 \u041f\u043b\u0430\u0441\u0442\u0438\u0447\u0435\u0441\u043a\u0430\u044f \u0445\u0438\u0440\u0443\u0440\u0433\u0438\u044f \u0432 \u043e\u0431\u043b\u0430\u0441\u0442\u0438 \u0413\u0438\u043d\u0435\u0442\u0430\u043b\u0438\u0439","item":"https:\/\/www.canons.es\/ru\/cirugia-plastica-genital\/"},{"@type":"ListItem","position":3,"name":"Perineoplasty"}]},{"@type":"WebSite","@id":"https:\/\/www.canons.es\/#website","url":"https:\/\/www.canons.es\/","name":"Cirug\u00eda Pl\u00e1stica y Est\u00e9tica Barcelona y Granollers | C\u00e0nons Clinics","description":"","publisher":{"@id":"https:\/\/www.canons.es\/#organization"},"potentialAction":[{"@type":"SearchAction","target":{"@type":"EntryPoint","urlTemplate":"https:\/\/www.canons.es\/?s={search_term_string}"},"query-input":{"@type":"PropertyValueSpecification","valueRequired":true,"valueName":"search_term_string"}}],"inLanguage":"ru-RU"},{"@type":"Organization","@id":"https:\/\/www.canons.es\/#organization","name":"Cirug\u00eda Pl\u00e1stica y Est\u00e9tica Barcelona y Granollers | C\u00e0nons Clinics","url":"https:\/\/www.canons.es\/","logo":{"@type":"ImageObject","inLanguage":"ru-RU","@id":"https:\/\/www.canons.es\/#\/schema\/logo\/image\/","url":"https:\/\/www.canons.es\/wp-content\/uploads\/2025\/04\/logo-canons-clinics.jpg","contentUrl":"https:\/\/www.canons.es\/wp-content\/uploads\/2025\/04\/logo-canons-clinics.jpg","width":600,"height":139,"caption":"Cirug\u00eda Pl\u00e1stica y Est\u00e9tica Barcelona y Granollers | C\u00e0nons Clinics"},"image":{"@id":"https:\/\/www.canons.es\/#\/schema\/logo\/image\/"},"sameAs":["https:\/\/www.facebook.com\/canonsclinics\/","https:\/\/x.com\/canonsclinics","https:\/\/www.instagram.com\/canonsclinics\/","https:\/\/www.youtube.com\/channel\/UCI1Ia6LjALyo1CuQ0_HwtfQ","https:\/\/www.linkedin.com\/company\/canons-clinics\/"]}]}},"_links":{"self":[{"href":"https:\/\/www.canons.es\/ru\/wp-json\/wp\/v2\/pages\/11811","targetHints":{"allow":["GET"]}}],"collection":[{"href":"https:\/\/www.canons.es\/ru\/wp-json\/wp\/v2\/pages"}],"about":[{"href":"https:\/\/www.canons.es\/ru\/wp-json\/wp\/v2\/types\/page"}],"author":[{"embeddable":true,"href":"https:\/\/www.canons.es\/ru\/wp-json\/wp\/v2\/users\/25"}],"replies":[{"embeddable":true,"href":"https:\/\/www.canons.es\/ru\/wp-json\/wp\/v2\/comments?post=11811"}],"version-history":[{"count":0,"href":"https:\/\/www.canons.es\/ru\/wp-json\/wp\/v2\/pages\/11811\/revisions"}],"up":[{"embeddable":true,"href":"https:\/\/www.canons.es\/ru\/wp-json\/wp\/v2\/pages\/10041"}],"wp:attachment":[{"href":"https:\/\/www.canons.es\/ru\/wp-json\/wp\/v2\/media?parent=11811"}],"curies":[{"name":"wp","href":"https:\/\/api.w.org\/{rel}","templated":true}]}}