{"id":11512,"date":"2016-03-24T12:17:44","date_gmt":"2016-03-24T12:17:44","guid":{"rendered":"https:\/\/www.canons.es\/ru\/body-firming-therapy-radiofrequency-thermage\/"},"modified":"2021-03-02T14:28:09","modified_gmt":"2021-03-02T14:28:09","slug":"body-firming-therapy-radiofrequency-thermage","status":"publish","type":"page","link":"https:\/\/www.canons.es\/ru\/body-firming-therapy-radiofrequency-thermage\/","title":{"rendered":"Body firming therapy with radiofrequency EndyMed"},"content":{"rendered":"<div class=\"wpb-content-wrapper\"><p>[vc_row css_animation=&#187;&#187; row_type=&#187;row&#187; use_row_as_full_screen_section=&#187;no&#187; type=&#187;full_width&#187; angled_section=&#187;no&#187; text_align=&#187;left&#187; background_image_as_pattern=&#187;without_pattern&#187; background_color=&#187;#f7f7f7&#8243; section_type=&#187;full-width&#187;][vc_column][vc_empty_space height=&#187;20px&#187;]<div class=\"custom_font_holder\" style=\"font-family: Raleway; font-size: 35px; line-height: 26px; font-style: normal; font-weight: 300; color: #1e70b3; text-decoration: none; text-align: left;\">BODY FIRMING AND ANTI-CELLULITE THERAPY WITH ENDYMED RADIOFREQUENCY<\/div>[vc_empty_space height=&#187;40px&#187;][vc_row_inner row_type=&#187;row&#187; type=&#187;full_width&#187; text_align=&#187;left&#187; css_animation=&#187;&#187;][vc_column_inner width=&#187;1\/2&#8243;][vc_single_image image=&#187;17980&#8243; qode_css_animation=&#187;&#187;][\/vc_column_inner][vc_column_inner width=&#187;1\/2&#8243;][vc_column_text]<\/p>\n<p style=\"text-align: justify;\">With age, skin loses collagen and elasticity that favor the appearance of wrinkles and signs of sagging. <strong>EndyMed Pro<\/strong>\u00a0is regarded as <strong>facelift without surgery<\/strong>, uses the energy provided by <strong>radiofrequency<\/strong> acting on collagen and stimulating the <strong>production<\/strong> of collagen in the treated areas so that it reaffirms the tissues where it is applied. Sagging areas such as <strong>arms, abdomen, buttocks and legs<\/strong> and also facial areas like the<strong> face, chin and neck can be treated<\/strong>.<\/p>\n<p>[\/vc_column_text][\/vc_column_inner][\/vc_row_inner][\/vc_column][\/vc_row][vc_row css_animation=&#187;&#187; row_type=&#187;row&#187; use_row_as_full_screen_section=&#187;no&#187; type=&#187;full_width&#187; angled_section=&#187;no&#187; text_align=&#187;left&#187; background_image_as_pattern=&#187;without_pattern&#187; section_type=&#187;full-width&#187;][vc_column][vc_empty_space][vc_accordion style=&#187;accordion&#187;][vc_accordion_tab title=&#187;What is EndyMed radiofrequency?&#187;][vc_column_text]<\/p>\n<p style=\"text-align: justify;\"><strong>EndyMed<\/strong>\u00a0or <strong>lifting without<\/strong> <strong>surgery<\/strong> treatment is the newest beauty technique to <strong>combat sagging arms, abdomen, buttocks, legs, face, Chin and neck<\/strong>. The results are very natural, rejuvenating the skin visibly without leaving any marks.<\/p>\n<p>[\/vc_column_text][vc_raw_html]JTNDdmlkZW8lMjBpZCUzRCUyMnZpZGVvLWVtYmVkLWMlMjIlMjB3aWR0aCUzRCUyMjEwMCUyNSUyMiUyMGNvbnRyb2xzJTIwcG9zdGVyJTNEJTIyJTJGd3AtY29udGVudCUyRnVwbG9hZHMlMkYyMDIxJTJGMDMlMkZlbmR5bWVkLWltZy5qcGclMjIlM0UlMEElMjAlMjAlM0Nzb3VyY2UlMjBzcmMlM0QlMjIlMkZ3cC1jb250ZW50JTJGdXBsb2FkcyUyRjIwMjElMkYwMyUyRkVuZHltZWQtQ29tcGxldGUubXA0JTIyJTIwdHlwZSUzRCUyMnZpZGVvJTJGbXA0JTIyJTNFJTBBJTIwJTIwWW91ciUyMGJyb3dzZXIlMjBkb2VzJTIwbm90JTIwc3VwcG9ydCUyMHRoZSUyMHZpZGVvJTIwdGFnLiUwQSUzQyUyRnZpZGVvJTNF[\/vc_raw_html][\/vc_accordion_tab][vc_accordion_tab title=&#187;How does the EndyMed radiofrequency works?&#187;][vc_column_text]<\/p>\n<p style=\"text-align: justify;\">With the passage of time our skin collagen decreases, which causes the appearance of wrinkles and signs of sagging, side effects of the natural aging process.<\/p>\n<p style=\"text-align: justify;\">EndyMed employs a patented RF technology that heats the deep layers of the skin and stimulates the <strong>existing collagen, creating a new layer for the skin to heal<\/strong>.<\/p>\n<p style=\"text-align: justify;\">EndyMed is postulated as<strong> the best system of regenerative maintenance non-invasive tone and compaction of the skin<\/strong>.<\/p>\n<p>[\/vc_column_text][\/vc_accordion_tab][vc_accordion_tab title=&#187;What areas will I be able to reaffirm with EndyMed?&#187;][vc_column_text]<\/p>\n<p style=\"text-align: justify;\">The areas covered are affected by sagging skin and which need reaffirmation as arms, abdomen, buttocks and <strong>legs and, facial, face, double chin and jowl area<\/strong>.<\/p>\n<p>[\/vc_column_text][\/vc_accordion_tab][vc_accordion_tab title=&#187;What results do I get?&#187;][vc_column_text]<\/p>\n<p style=\"text-align: justify;\">Getting a firm, soft skin with defined contour, you will get a reaffirmation of the treated tissues. In the area of the face you also get a redesinficacion of wrinkles and expression lines reducing its depth by the effect of the stimulation of collagen.<\/p>\n<p>[\/vc_column_text][\/vc_accordion_tab][vc_accordion_tab title=&#187;When should I start with preventive therapy EndyMed?&#187;][vc_column_text]<\/p>\n<p style=\"text-align: justify;\">If the optional implies you can start <strong>between 35 and 40 years<\/strong> depending on the State of sagging skin.<\/p>\n<p>[\/vc_column_text][\/vc_accordion_tab][vc_accordion_tab title=&#187;How many sessions I will do lack the EndyMed radiofrequency?&#187;][vc_column_text]<\/p>\n<p style=\"text-align: justify;\">Unlike other treatments, the EndyMed only requires one session per year, since its progressive effects are appearing and intensifying <strong>during the 6 &#8212; 8 months after the session<\/strong>.<\/p>\n<p>[\/vc_column_text][\/vc_accordion_tab][vc_accordion_tab title=&#187;What I feel in the EndyMed session?&#187;][vc_column_text]<\/p>\n<p style=\"text-align: justify;\">EndyMed is a <strong>painless treatment<\/strong>. You will only feel a slight shot of warmth on the skin which counteracts thanks to built-in EndyMed system of cooling of the surface of the skin. This technique laser has no side effects.<\/p>\n<p>[\/vc_column_text][\/vc_accordion_tab][vc_accordion_tab title=&#187;How long is a session?&#187;][vc_column_text]<\/p>\n<p style=\"text-align: justify;\">The treatment is realized in <span style=\"color: #6d98dc;\"><strong>6 sessions. <\/strong><\/span>The first 4 weekly and the last 2 fortnightly.<\/p>\n<p>[\/vc_column_text][\/vc_accordion_tab][vc_accordion_tab title=&#187;At what time of the year is most recommended?&#187;][vc_column_text]<\/p>\n<p style=\"text-align: justify;\">It can be<strong> done at any time of the year<\/strong>, since sun exposure is not contraindicated.<\/p>\n<p>[\/vc_column_text][\/vc_accordion_tab][vc_accordion_tab title=&#187;In which cases is the radiofrequency contraindicated?&#187;][vc_column_text]<\/p>\n<p style=\"text-align: justify;\">It is contraindicated in cases of non ablative in the last 3 months or ablative cosmetic intervention, <strong>pregnancy<\/strong>, lactation, <strong>active disease collagen<\/strong> as lupus, burns in the area to be treated, coagulation, neuromuscular diseases, <strong>oncological diseases<\/strong>, bacterial or viral, infections kidney or liver diseases, vascular diseases and heart disease, implants recent collagen, have some metal prosthetics, pacemakers or morbid obesity.<\/p>\n<p>[\/vc_column_text][\/vc_accordion_tab][vc_accordion_tab title=&#187;Can I combine it with other facial or body therapies?&#187;][vc_column_text]<\/p>\n<p style=\"text-align: justify;\">It is fully<strong> compatible and combinable<\/strong> with all therapies medical aesthetic facial and body following recommendations based by our medical specialists in aesthetic medicine.<\/p>\n<p>[\/vc_column_text][\/vc_accordion_tab][\/vc_accordion][\/vc_column][\/vc_row]<\/p>\n<\/div><!-- AddThis Advanced Settings generic via filter on the_content --><!-- AddThis Share Buttons generic via filter on the_content -->","protected":false},"excerpt":{"rendered":"<p>[vc_row css_animation=&#187;&#187; row_type=&#187;row&#187; use_row_as_full_screen_section=&#187;no&#187; type=&#187;full_width&#187; angled_section=&#187;no&#187; text_align=&#187;left&#187; background_image_as_pattern=&#187;without_pattern&#187; background_color=&#187;#f7f7f7&#8243; section_type=&#187;full-width&#187;][vc_column][vc_empty_space height=&#187;20px&#187;][vc_empty_space height=&#187;40px&#187;][vc_row_inner row_type=&#187;row&#187; type=&#187;full_width&#187; text_align=&#187;left&#187; css_animation=&#187;&#187;][vc_column_inner width=&#187;1\/2&#8243;][vc_single_image image=&#187;17980&#8243; qode_css_animation=&#187;&#187;][\/vc_column_inner][vc_column_inner width=&#187;1\/2&#8243;][vc_column_text] With age, skin loses collagen and elasticity that favor the appearance of wrinkles and signs of sagging. EndyMed Pro\u00a0is regarded as facelift without surgery, uses&#8230;<!-- AddThis Advanced Settings generic via filter on get_the_excerpt --><!-- AddThis Share Buttons generic via filter on get_the_excerpt --><\/p>\n","protected":false},"author":25,"featured_media":0,"parent":0,"menu_order":0,"comment_status":"closed","ping_status":"closed","template":"","meta":{"footnotes":""},"class_list":["post-11512","page","type-page","status-publish","hentry"],"yoast_head":"<!-- This site is optimized with the Yoast SEO Premium plugin v26.9 (Yoast SEO v27.2) - https:\/\/yoast.com\/product\/yoast-seo-premium-wordpress\/ -->\n<title>Body firming therapy with radiofrequency EndyMed - \u041a\u043b\u0438\u043d\u0438\u043a\u0430 \u041a\u0430\u043d\u043e\u043d\u0441 | \u0425\u0438\u0440\u0443\u0440\u0433\u0438\u044f \u0438 \u044d\u0441\u0442\u0435\u0442\u0438\u0447\u0435\u0441\u043a\u0430\u044f \u043c\u0435\u0434\u0438\u0446\u0438\u043d\u0430 \u0432 \u0411\u0430\u0440\u0441\u0435\u043b\u043e\u043d\u0435, \u0413\u0440\u0430\u043d\u043e\u043b\u044c\u0435\u0440\u0441<\/title>\n<meta name=\"robots\" content=\"index, follow, max-snippet:-1, max-image-preview:large, max-video-preview:-1\" \/>\n<link rel=\"canonical\" href=\"https:\/\/www.canons.es\/corporal-estetica-avanzada\/terapia-reafirmante-corporal-con-radiofrecuencia-endymed\/\" \/>\n<meta property=\"og:locale\" content=\"ru_RU\" \/>\n<meta property=\"og:type\" content=\"article\" \/>\n<meta property=\"og:title\" content=\"Body firming therapy with radiofrequency EndyMed\" \/>\n<meta property=\"og:description\" content=\"[vc_row css_animation=&#187;&#187; row_type=&#187;row&#187; use_row_as_full_screen_section=&#187;no&#187; type=&#187;full_width&#187; angled_section=&#187;no&#187; text_align=&#187;left&#187; background_image_as_pattern=&#187;without_pattern&#187; background_color=&#187;#f7f7f7&#8243; section_type=&#187;full-width&#187;][vc_column][vc_empty_space height=&#187;20px&#187;][vc_empty_space height=&#187;40px&#187;][vc_row_inner row_type=&#187;row&#187; type=&#187;full_width&#187; text_align=&#187;left&#187; css_animation=&#187;&#187;][vc_column_inner width=&#187;1\/2&#8243;][vc_single_image image=&#187;17980&#8243; qode_css_animation=&#187;&#187;][\/vc_column_inner][vc_column_inner width=&#187;1\/2&#8243;][vc_column_text] With age, skin loses collagen and elasticity that favor the appearance of wrinkles and signs of sagging. EndyMed Pro\u00a0is regarded as facelift without surgery, uses...\" \/>\n<meta property=\"og:url\" content=\"https:\/\/www.canons.es\/corporal-estetica-avanzada\/terapia-reafirmante-corporal-con-radiofrecuencia-endymed\/\" \/>\n<meta property=\"og:site_name\" content=\"\u041a\u043b\u0438\u043d\u0438\u043a\u0430 \u041a\u0430\u043d\u043e\u043d\u0441 | \u0425\u0438\u0440\u0443\u0440\u0433\u0438\u044f \u0438 \u044d\u0441\u0442\u0435\u0442\u0438\u0447\u0435\u0441\u043a\u0430\u044f \u043c\u0435\u0434\u0438\u0446\u0438\u043d\u0430 \u0432 \u0411\u0430\u0440\u0441\u0435\u043b\u043e\u043d\u0435, \u0413\u0440\u0430\u043d\u043e\u043b\u044c\u0435\u0440\u0441\" \/>\n<meta property=\"article:publisher\" content=\"https:\/\/www.facebook.com\/canonsclinics\/\" \/>\n<meta property=\"article:modified_time\" content=\"2021-03-02T14:28:09+00:00\" \/>\n<meta name=\"twitter:card\" content=\"summary_large_image\" \/>\n<meta name=\"twitter:site\" content=\"@canonsclinics\" \/>\n<meta name=\"twitter:label1\" content=\"\u041f\u0440\u0438\u043c\u0435\u0440\u043d\u043e\u0435 \u0432\u0440\u0435\u043c\u044f \u0434\u043b\u044f \u0447\u0442\u0435\u043d\u0438\u044f\" \/>\n\t<meta name=\"twitter:data1\" content=\"4 \u043c\u0438\u043d\u0443\u0442\u044b\" \/>\n<script type=\"application\/ld+json\" class=\"yoast-schema-graph\">{\"@context\":\"https:\/\/schema.org\",\"@graph\":[{\"@type\":\"WebPage\",\"@id\":\"https:\/\/www.canons.es\/corporal-estetica-avanzada\/terapia-reafirmante-corporal-con-radiofrecuencia-endymed\/\",\"url\":\"https:\/\/www.canons.es\/corporal-estetica-avanzada\/terapia-reafirmante-corporal-con-radiofrecuencia-endymed\/\",\"name\":\"Body firming therapy with radiofrequency EndyMed - \u041a\u043b\u0438\u043d\u0438\u043a\u0430 \u041a\u0430\u043d\u043e\u043d\u0441 | \u0425\u0438\u0440\u0443\u0440\u0433\u0438\u044f \u0438 \u044d\u0441\u0442\u0435\u0442\u0438\u0447\u0435\u0441\u043a\u0430\u044f \u043c\u0435\u0434\u0438\u0446\u0438\u043d\u0430 \u0432 \u0411\u0430\u0440\u0441\u0435\u043b\u043e\u043d\u0435, \u0413\u0440\u0430\u043d\u043e\u043b\u044c\u0435\u0440\u0441\",\"isPartOf\":{\"@id\":\"https:\/\/www.canons.es\/#website\"},\"datePublished\":\"2016-03-24T12:17:44+00:00\",\"dateModified\":\"2021-03-02T14:28:09+00:00\",\"breadcrumb\":{\"@id\":\"https:\/\/www.canons.es\/corporal-estetica-avanzada\/terapia-reafirmante-corporal-con-radiofrecuencia-endymed\/#breadcrumb\"},\"inLanguage\":\"ru-RU\",\"potentialAction\":[{\"@type\":\"ReadAction\",\"target\":[\"https:\/\/www.canons.es\/corporal-estetica-avanzada\/terapia-reafirmante-corporal-con-radiofrecuencia-endymed\/\"]}]},{\"@type\":\"BreadcrumbList\",\"@id\":\"https:\/\/www.canons.es\/corporal-estetica-avanzada\/terapia-reafirmante-corporal-con-radiofrecuencia-endymed\/#breadcrumb\",\"itemListElement\":[{\"@type\":\"ListItem\",\"position\":1,\"name\":\"Portada\",\"item\":\"https:\/\/www.canons.es\/ru\/\"},{\"@type\":\"ListItem\",\"position\":2,\"name\":\"Body firming therapy with radiofrequency EndyMed\"}]},{\"@type\":\"WebSite\",\"@id\":\"https:\/\/www.canons.es\/#website\",\"url\":\"https:\/\/www.canons.es\/\",\"name\":\"Cirug\u00eda Pl\u00e1stica y Est\u00e9tica Barcelona y Granollers | C\u00e0nons Clinics\",\"description\":\"\",\"publisher\":{\"@id\":\"https:\/\/www.canons.es\/#organization\"},\"potentialAction\":[{\"@type\":\"SearchAction\",\"target\":{\"@type\":\"EntryPoint\",\"urlTemplate\":\"https:\/\/www.canons.es\/?s={search_term_string}\"},\"query-input\":{\"@type\":\"PropertyValueSpecification\",\"valueRequired\":true,\"valueName\":\"search_term_string\"}}],\"inLanguage\":\"ru-RU\"},{\"@type\":\"Organization\",\"@id\":\"https:\/\/www.canons.es\/#organization\",\"name\":\"Cirug\u00eda Pl\u00e1stica y Est\u00e9tica Barcelona y Granollers | C\u00e0nons Clinics\",\"url\":\"https:\/\/www.canons.es\/\",\"logo\":{\"@type\":\"ImageObject\",\"inLanguage\":\"ru-RU\",\"@id\":\"https:\/\/www.canons.es\/#\/schema\/logo\/image\/\",\"url\":\"https:\/\/www.canons.es\/wp-content\/uploads\/2025\/04\/logo-canons-clinics.jpg\",\"contentUrl\":\"https:\/\/www.canons.es\/wp-content\/uploads\/2025\/04\/logo-canons-clinics.jpg\",\"width\":600,\"height\":139,\"caption\":\"Cirug\u00eda Pl\u00e1stica y Est\u00e9tica Barcelona y Granollers | C\u00e0nons Clinics\"},\"image\":{\"@id\":\"https:\/\/www.canons.es\/#\/schema\/logo\/image\/\"},\"sameAs\":[\"https:\/\/www.facebook.com\/canonsclinics\/\",\"https:\/\/x.com\/canonsclinics\",\"https:\/\/www.instagram.com\/canonsclinics\/\",\"https:\/\/www.youtube.com\/channel\/UCI1Ia6LjALyo1CuQ0_HwtfQ\",\"https:\/\/www.linkedin.com\/company\/canons-clinics\/\"]}]}<\/script>\n<!-- \/ Yoast SEO Premium plugin. -->","yoast_head_json":{"title":"Body firming therapy with radiofrequency EndyMed - \u041a\u043b\u0438\u043d\u0438\u043a\u0430 \u041a\u0430\u043d\u043e\u043d\u0441 | \u0425\u0438\u0440\u0443\u0440\u0433\u0438\u044f \u0438 \u044d\u0441\u0442\u0435\u0442\u0438\u0447\u0435\u0441\u043a\u0430\u044f \u043c\u0435\u0434\u0438\u0446\u0438\u043d\u0430 \u0432 \u0411\u0430\u0440\u0441\u0435\u043b\u043e\u043d\u0435, \u0413\u0440\u0430\u043d\u043e\u043b\u044c\u0435\u0440\u0441","robots":{"index":"index","follow":"follow","max-snippet":"max-snippet:-1","max-image-preview":"max-image-preview:large","max-video-preview":"max-video-preview:-1"},"canonical":"https:\/\/www.canons.es\/corporal-estetica-avanzada\/terapia-reafirmante-corporal-con-radiofrecuencia-endymed\/","og_locale":"ru_RU","og_type":"article","og_title":"Body firming therapy with radiofrequency EndyMed","og_description":"[vc_row css_animation=&#187;&#187; row_type=&#187;row&#187; use_row_as_full_screen_section=&#187;no&#187; type=&#187;full_width&#187; angled_section=&#187;no&#187; text_align=&#187;left&#187; background_image_as_pattern=&#187;without_pattern&#187; background_color=&#187;#f7f7f7&#8243; section_type=&#187;full-width&#187;][vc_column][vc_empty_space height=&#187;20px&#187;][vc_empty_space height=&#187;40px&#187;][vc_row_inner row_type=&#187;row&#187; type=&#187;full_width&#187; text_align=&#187;left&#187; css_animation=&#187;&#187;][vc_column_inner width=&#187;1\/2&#8243;][vc_single_image image=&#187;17980&#8243; qode_css_animation=&#187;&#187;][\/vc_column_inner][vc_column_inner width=&#187;1\/2&#8243;][vc_column_text] With age, skin loses collagen and elasticity that favor the appearance of wrinkles and signs of sagging. EndyMed Pro\u00a0is regarded as facelift without surgery, uses...","og_url":"https:\/\/www.canons.es\/corporal-estetica-avanzada\/terapia-reafirmante-corporal-con-radiofrecuencia-endymed\/","og_site_name":"\u041a\u043b\u0438\u043d\u0438\u043a\u0430 \u041a\u0430\u043d\u043e\u043d\u0441 | \u0425\u0438\u0440\u0443\u0440\u0433\u0438\u044f \u0438 \u044d\u0441\u0442\u0435\u0442\u0438\u0447\u0435\u0441\u043a\u0430\u044f \u043c\u0435\u0434\u0438\u0446\u0438\u043d\u0430 \u0432 \u0411\u0430\u0440\u0441\u0435\u043b\u043e\u043d\u0435, \u0413\u0440\u0430\u043d\u043e\u043b\u044c\u0435\u0440\u0441","article_publisher":"https:\/\/www.facebook.com\/canonsclinics\/","article_modified_time":"2021-03-02T14:28:09+00:00","twitter_card":"summary_large_image","twitter_site":"@canonsclinics","twitter_misc":{"\u041f\u0440\u0438\u043c\u0435\u0440\u043d\u043e\u0435 \u0432\u0440\u0435\u043c\u044f \u0434\u043b\u044f \u0447\u0442\u0435\u043d\u0438\u044f":"4 \u043c\u0438\u043d\u0443\u0442\u044b"},"schema":{"@context":"https:\/\/schema.org","@graph":[{"@type":"WebPage","@id":"https:\/\/www.canons.es\/corporal-estetica-avanzada\/terapia-reafirmante-corporal-con-radiofrecuencia-endymed\/","url":"https:\/\/www.canons.es\/corporal-estetica-avanzada\/terapia-reafirmante-corporal-con-radiofrecuencia-endymed\/","name":"Body firming therapy with radiofrequency EndyMed - \u041a\u043b\u0438\u043d\u0438\u043a\u0430 \u041a\u0430\u043d\u043e\u043d\u0441 | \u0425\u0438\u0440\u0443\u0440\u0433\u0438\u044f \u0438 \u044d\u0441\u0442\u0435\u0442\u0438\u0447\u0435\u0441\u043a\u0430\u044f \u043c\u0435\u0434\u0438\u0446\u0438\u043d\u0430 \u0432 \u0411\u0430\u0440\u0441\u0435\u043b\u043e\u043d\u0435, \u0413\u0440\u0430\u043d\u043e\u043b\u044c\u0435\u0440\u0441","isPartOf":{"@id":"https:\/\/www.canons.es\/#website"},"datePublished":"2016-03-24T12:17:44+00:00","dateModified":"2021-03-02T14:28:09+00:00","breadcrumb":{"@id":"https:\/\/www.canons.es\/corporal-estetica-avanzada\/terapia-reafirmante-corporal-con-radiofrecuencia-endymed\/#breadcrumb"},"inLanguage":"ru-RU","potentialAction":[{"@type":"ReadAction","target":["https:\/\/www.canons.es\/corporal-estetica-avanzada\/terapia-reafirmante-corporal-con-radiofrecuencia-endymed\/"]}]},{"@type":"BreadcrumbList","@id":"https:\/\/www.canons.es\/corporal-estetica-avanzada\/terapia-reafirmante-corporal-con-radiofrecuencia-endymed\/#breadcrumb","itemListElement":[{"@type":"ListItem","position":1,"name":"Portada","item":"https:\/\/www.canons.es\/ru\/"},{"@type":"ListItem","position":2,"name":"Body firming therapy with radiofrequency EndyMed"}]},{"@type":"WebSite","@id":"https:\/\/www.canons.es\/#website","url":"https:\/\/www.canons.es\/","name":"Cirug\u00eda Pl\u00e1stica y Est\u00e9tica Barcelona y Granollers | C\u00e0nons Clinics","description":"","publisher":{"@id":"https:\/\/www.canons.es\/#organization"},"potentialAction":[{"@type":"SearchAction","target":{"@type":"EntryPoint","urlTemplate":"https:\/\/www.canons.es\/?s={search_term_string}"},"query-input":{"@type":"PropertyValueSpecification","valueRequired":true,"valueName":"search_term_string"}}],"inLanguage":"ru-RU"},{"@type":"Organization","@id":"https:\/\/www.canons.es\/#organization","name":"Cirug\u00eda Pl\u00e1stica y Est\u00e9tica Barcelona y Granollers | C\u00e0nons Clinics","url":"https:\/\/www.canons.es\/","logo":{"@type":"ImageObject","inLanguage":"ru-RU","@id":"https:\/\/www.canons.es\/#\/schema\/logo\/image\/","url":"https:\/\/www.canons.es\/wp-content\/uploads\/2025\/04\/logo-canons-clinics.jpg","contentUrl":"https:\/\/www.canons.es\/wp-content\/uploads\/2025\/04\/logo-canons-clinics.jpg","width":600,"height":139,"caption":"Cirug\u00eda Pl\u00e1stica y Est\u00e9tica Barcelona y Granollers | C\u00e0nons Clinics"},"image":{"@id":"https:\/\/www.canons.es\/#\/schema\/logo\/image\/"},"sameAs":["https:\/\/www.facebook.com\/canonsclinics\/","https:\/\/x.com\/canonsclinics","https:\/\/www.instagram.com\/canonsclinics\/","https:\/\/www.youtube.com\/channel\/UCI1Ia6LjALyo1CuQ0_HwtfQ","https:\/\/www.linkedin.com\/company\/canons-clinics\/"]}]}},"_links":{"self":[{"href":"https:\/\/www.canons.es\/ru\/wp-json\/wp\/v2\/pages\/11512","targetHints":{"allow":["GET"]}}],"collection":[{"href":"https:\/\/www.canons.es\/ru\/wp-json\/wp\/v2\/pages"}],"about":[{"href":"https:\/\/www.canons.es\/ru\/wp-json\/wp\/v2\/types\/page"}],"author":[{"embeddable":true,"href":"https:\/\/www.canons.es\/ru\/wp-json\/wp\/v2\/users\/25"}],"replies":[{"embeddable":true,"href":"https:\/\/www.canons.es\/ru\/wp-json\/wp\/v2\/comments?post=11512"}],"version-history":[{"count":0,"href":"https:\/\/www.canons.es\/ru\/wp-json\/wp\/v2\/pages\/11512\/revisions"}],"wp:attachment":[{"href":"https:\/\/www.canons.es\/ru\/wp-json\/wp\/v2\/media?parent=11512"}],"curies":[{"name":"wp","href":"https:\/\/api.w.org\/{rel}","templated":true}]}}