{"id":10499,"date":"2015-09-23T14:48:39","date_gmt":"2015-09-23T14:48:39","guid":{"rendered":"https:\/\/www.canons.es\/ru\/clinicum-salut\/"},"modified":"2026-02-18T15:00:02","modified_gmt":"2026-02-18T13:00:02","slug":"clinicum-salut","status":"publish","type":"page","link":"https:\/\/www.canons.es\/ru\/mutuas-asociadas\/clinicum-salut\/","title":{"rendered":"Clinicum Salut"},"content":{"rendered":"<div class=\"wpb-content-wrapper\"><p>[vc_row css_animation=&#187;&#187; row_type=&#187;row&#187; use_row_as_full_screen_section=&#187;no&#187; type=&#187;full_width&#187; angled_section=&#187;no&#187; text_align=&#187;left&#187; background_image_as_pattern=&#187;without_pattern&#187; background_color=&#187;#f7f7f7&#8243; section_type=&#187;full-width&#187;][vc_column][vc_empty_space height=&#187;20px&#187;]<div class=\"custom_font_holder\" style=\"font-family: Raleway; font-size: 35px; line-height: 26px; font-style: normal; font-weight: 300; color: #1e70b3; text-decoration: none; text-align: left;\">\n<h1 style=\"font-size: inherit; font-weight: inherit; line-height: inherit; color: inherit; margin: 20px 0; display: block; text-align: center;\">CLINICUM SALUT<\/h1>\n<\/div>[vc_empty_space][vc_row_inner row_type=&#187;row&#187; type=&#187;full_width&#187; text_align=&#187;left&#187; css_animation=&#187;&#187;][vc_column_inner width=&#187;1\/2&#8243;][vc_single_image image=&#187;16550&#8243; img_size=&#187;full&#187; alignment=&#187;center&#187; qode_css_animation=&#187;&#187;][vc_empty_space height=&#187;40px&#187;][\/vc_column_inner][vc_column_inner width=&#187;1\/2&#8243;][vc_column_text]<\/p>\n<p style=\"text-align: justify;\">Als nostres centres de Granollers i Barcelona hem establert convenis de <strong>col\u00b7laboraci\u00f3 amb Clinicum Salut, de forma que entren els serveis de<\/strong> <strong>Cirurgia Reparadora i Dermatol\u00f2gica<\/strong>.<\/p>\n<p>&nbsp;<\/p>\n<p>&nbsp;<\/p>\n<p>[\/vc_column_text][\/vc_column_inner][\/vc_row_inner][\/vc_column][\/vc_row][vc_row css_animation=&#187;&#187; row_type=&#187;row&#187; use_row_as_full_screen_section=&#187;no&#187; type=&#187;full_width&#187; angled_section=&#187;no&#187; text_align=&#187;left&#187; background_image_as_pattern=&#187;without_pattern&#187; section_type=&#187;full-width&#187;][vc_column][vc_empty_space][vc_accordion style=&#187;accordion&#187;][vc_accordion_tab title=&#187;\u00bfQU\u00c9 SERVICIOS ENTRAN?&#187; title_color=&#187;#3f3f3f&#187;][vc_column_text]<\/p>\n<ul>\n<li><strong><span style=\"color: #6d98dc;\">Lesiones cut\u00e1neas<\/span>:<\/strong>\u00a0la exposici\u00f3n solar, la edad, los diferentes tipos de piel o los factores gen\u00e9ticos potencian la aparici\u00f3n de<span style=\"color: #6d98dc;\">\u00a0<\/span><strong><span style=\"color: #6d98dc;\">lesiones cut\u00e1neas como lunares, verrugas, tumores benignos de piel, epiteliomas, quistes, etc<\/span>.<\/strong>\u00a0que aparecen en zonas visibles. Mediante un procedimiento medianamente sencillo,\u00a0<span style=\"color: #6d98dc;\"><strong>nuestros cirujanos eliminar\u00e1n esa marca que tanto te molesta<\/strong><\/span>.<\/li>\n<\/ul>\n<ul>\n<li><span style=\"color: #6d98dc;\"><strong>C\u00e1ncer de piel<\/strong><\/span><\/li>\n<\/ul>\n<ul>\n<li><strong><span style=\"color: #6d98dc;\">Secuelas de traumatismos<\/span>:<\/strong>\u00a0es posible que quemaduras o traumatismos graves sufridos dejen alg\u00fan tipo de secuela est\u00e9tica o funcional que pueda agravarse con los a\u00f1os. Estos tipos de cicatrices pueden restringir el movimiento de m\u00fasculos, articulaciones y tendones. En nuestros centros de Granollers y Barcelona\u00a0<span style=\"color: #6d98dc;\"><strong>te ayudamos a mitigar el aspecto de estas cicatrices que tanto pueden llegar a molestar<\/strong><\/span>.<\/li>\n<\/ul>\n<ul>\n<li><strong><span style=\"color: #6d98dc;\">Revisi\u00f3n de cicatrices<\/span>:<\/strong>\u00a0es una<span style=\"color: #6d98dc;\">\u00a0<strong>cirug\u00eda \u00fanicamente indicada para mejorar la apariencia de cicatrices<\/strong><\/span>. Restaura la funci\u00f3n y corrige los cambios en la piel ocasionados por una herida, una lesi\u00f3n o una cirug\u00eda previa.<\/li>\n<\/ul>\n<ul>\n<li><span style=\"color: #6d98dc;\"><strong>Microcirug\u00eda en reconstrucci\u00f3n post traum\u00e1tica<\/strong><\/span>: los microscopios quir\u00fargicos y lupas espec\u00edficas para microcirug\u00eda post traum\u00e1tica permiten\u00a0<span style=\"color: #6d98dc;\"><strong>suturar peque\u00f1os vasos sangu\u00edneos y nervios da\u00f1ados por traumatismos, accidentes y resecciones quir\u00fargicas<\/strong><\/span>.<\/li>\n<\/ul>\n<p>[\/vc_column_text][\/vc_accordion_tab][vc_accordion_tab title=&#187;\u00bfC\u00f3mo debo pedir cita?&#187; title_color=&#187;#1e70b3&#8243;][vc_column_text]<\/p>\n<p style=\"text-align: justify;\">Env\u00edanos un WhatsApp <span style=\"color: #6d98dc;\"><a style=\"color: #6d98dc;\" href=\"https:\/\/api.whatsapp.com\/send?phone=34683270709\"><strong>683 270 709<\/strong><\/a><\/span> o ll\u00e1manos al <a href=\"tel:+34683270709\"><span style=\"color: #6d98dc;\"><strong>683 270 709<\/strong><\/span><\/a><\/p>\n<p>[\/vc_column_text][\/vc_accordion_tab][\/vc_accordion][vc_empty_space height=&#187;50px&#187;][\/vc_column][\/vc_row]<\/p>\n<\/div><!-- AddThis Advanced Settings generic via filter on the_content --><!-- AddThis Share Buttons generic via filter on the_content -->","protected":false},"excerpt":{"rendered":"<p>[vc_row css_animation=&#187;&#187; row_type=&#187;row&#187; use_row_as_full_screen_section=&#187;no&#187; type=&#187;full_width&#187; angled_section=&#187;no&#187; text_align=&#187;left&#187; background_image_as_pattern=&#187;without_pattern&#187; background_color=&#187;#f7f7f7&#8243; section_type=&#187;full-width&#187;][vc_column][vc_empty_space height=&#187;20px&#187;][vc_empty_space][vc_row_inner row_type=&#187;row&#187; type=&#187;full_width&#187; text_align=&#187;left&#187; css_animation=&#187;&#187;][vc_column_inner width=&#187;1\/2&#8243;][vc_single_image image=&#187;16550&#8243; img_size=&#187;full&#187; alignment=&#187;center&#187; qode_css_animation=&#187;&#187;][vc_empty_space height=&#187;40px&#187;][\/vc_column_inner][vc_column_inner width=&#187;1\/2&#8243;][vc_column_text] Als nostres centres de Granollers i Barcelona hem establert convenis de col\u00b7laboraci\u00f3 amb Clinicum Salut, de forma que entren els serveis de Cirurgia&#8230;<!-- AddThis Advanced Settings generic via filter on get_the_excerpt --><!-- AddThis Share Buttons generic via filter on get_the_excerpt --><\/p>\n","protected":false},"author":25,"featured_media":0,"parent":11011,"menu_order":0,"comment_status":"closed","ping_status":"closed","template":"","meta":{"footnotes":""},"class_list":["post-10499","page","type-page","status-publish","hentry"],"yoast_head":"<!-- This site is optimized with the Yoast SEO Premium plugin v26.9 (Yoast SEO v27.4) - https:\/\/yoast.com\/product\/yoast-seo-premium-wordpress\/ -->\n<title>Clinicum Salut - \u041a\u043b\u0438\u043d\u0438\u043a\u0430 \u041a\u0430\u043d\u043e\u043d\u0441 | \u0425\u0438\u0440\u0443\u0440\u0433\u0438\u044f \u0438 \u044d\u0441\u0442\u0435\u0442\u0438\u0447\u0435\u0441\u043a\u0430\u044f \u043c\u0435\u0434\u0438\u0446\u0438\u043d\u0430 \u0432 \u0411\u0430\u0440\u0441\u0435\u043b\u043e\u043d\u0435, \u0413\u0440\u0430\u043d\u043e\u043b\u044c\u0435\u0440\u0441<\/title>\n<meta name=\"robots\" content=\"index, follow, max-snippet:-1, max-image-preview:large, max-video-preview:-1\" \/>\n<link rel=\"canonical\" href=\"https:\/\/www.canons.es\/ru\/mutuas-asociadas\/clinicum-salut\/\" \/>\n<meta property=\"og:locale\" content=\"ru_RU\" \/>\n<meta property=\"og:type\" content=\"article\" \/>\n<meta property=\"og:title\" content=\"Clinicum Salut\" \/>\n<meta property=\"og:description\" content=\"[vc_row css_animation=&#187;&#187; row_type=&#187;row&#187; use_row_as_full_screen_section=&#187;no&#187; type=&#187;full_width&#187; angled_section=&#187;no&#187; text_align=&#187;left&#187; background_image_as_pattern=&#187;without_pattern&#187; background_color=&#187;#f7f7f7&#8243; section_type=&#187;full-width&#187;][vc_column][vc_empty_space height=&#187;20px&#187;][vc_empty_space][vc_row_inner row_type=&#187;row&#187; type=&#187;full_width&#187; text_align=&#187;left&#187; css_animation=&#187;&#187;][vc_column_inner width=&#187;1\/2&#8243;][vc_single_image image=&#187;16550&#8243; img_size=&#187;full&#187; alignment=&#187;center&#187; qode_css_animation=&#187;&#187;][vc_empty_space height=&#187;40px&#187;][\/vc_column_inner][vc_column_inner width=&#187;1\/2&#8243;][vc_column_text] Als nostres centres de Granollers i Barcelona hem establert convenis de col\u00b7laboraci\u00f3 amb Clinicum Salut, de forma que entren els serveis de Cirurgia...\" \/>\n<meta property=\"og:url\" content=\"https:\/\/www.canons.es\/ru\/mutuas-asociadas\/clinicum-salut\/\" \/>\n<meta property=\"og:site_name\" content=\"\u041a\u043b\u0438\u043d\u0438\u043a\u0430 \u041a\u0430\u043d\u043e\u043d\u0441 | \u0425\u0438\u0440\u0443\u0440\u0433\u0438\u044f \u0438 \u044d\u0441\u0442\u0435\u0442\u0438\u0447\u0435\u0441\u043a\u0430\u044f \u043c\u0435\u0434\u0438\u0446\u0438\u043d\u0430 \u0432 \u0411\u0430\u0440\u0441\u0435\u043b\u043e\u043d\u0435, \u0413\u0440\u0430\u043d\u043e\u043b\u044c\u0435\u0440\u0441\" \/>\n<meta property=\"article:publisher\" content=\"https:\/\/www.facebook.com\/canonsclinics\/\" \/>\n<meta property=\"article:modified_time\" content=\"2026-02-18T13:00:02+00:00\" \/>\n<meta name=\"twitter:card\" content=\"summary_large_image\" \/>\n<meta name=\"twitter:site\" content=\"@canonsclinics\" \/>\n<meta name=\"twitter:label1\" content=\"\u041f\u0440\u0438\u043c\u0435\u0440\u043d\u043e\u0435 \u0432\u0440\u0435\u043c\u044f \u0434\u043b\u044f \u0447\u0442\u0435\u043d\u0438\u044f\" \/>\n\t<meta name=\"twitter:data1\" content=\"2 \u043c\u0438\u043d\u0443\u0442\u044b\" \/>\n<script type=\"application\/ld+json\" class=\"yoast-schema-graph\">{\"@context\":\"https:\\\/\\\/schema.org\",\"@graph\":[{\"@type\":\"WebPage\",\"@id\":\"https:\\\/\\\/www.canons.es\\\/ru\\\/mutuas-asociadas\\\/clinicum-salut\\\/\",\"url\":\"https:\\\/\\\/www.canons.es\\\/ru\\\/mutuas-asociadas\\\/clinicum-salut\\\/\",\"name\":\"Clinicum Salut - \u041a\u043b\u0438\u043d\u0438\u043a\u0430 \u041a\u0430\u043d\u043e\u043d\u0441 | \u0425\u0438\u0440\u0443\u0440\u0433\u0438\u044f \u0438 \u044d\u0441\u0442\u0435\u0442\u0438\u0447\u0435\u0441\u043a\u0430\u044f \u043c\u0435\u0434\u0438\u0446\u0438\u043d\u0430 \u0432 \u0411\u0430\u0440\u0441\u0435\u043b\u043e\u043d\u0435, \u0413\u0440\u0430\u043d\u043e\u043b\u044c\u0435\u0440\u0441\",\"isPartOf\":{\"@id\":\"https:\\\/\\\/www.canons.es\\\/#website\"},\"datePublished\":\"2015-09-23T14:48:39+00:00\",\"dateModified\":\"2026-02-18T13:00:02+00:00\",\"breadcrumb\":{\"@id\":\"https:\\\/\\\/www.canons.es\\\/ru\\\/mutuas-asociadas\\\/clinicum-salut\\\/#breadcrumb\"},\"inLanguage\":\"ru-RU\",\"potentialAction\":[{\"@type\":\"ReadAction\",\"target\":[\"https:\\\/\\\/www.canons.es\\\/ru\\\/mutuas-asociadas\\\/clinicum-salut\\\/\"]}]},{\"@type\":\"BreadcrumbList\",\"@id\":\"https:\\\/\\\/www.canons.es\\\/ru\\\/mutuas-asociadas\\\/clinicum-salut\\\/#breadcrumb\",\"itemListElement\":[{\"@type\":\"ListItem\",\"position\":1,\"name\":\"Portada\",\"item\":\"https:\\\/\\\/www.canons.es\\\/ru\\\/\"},{\"@type\":\"ListItem\",\"position\":2,\"name\":\"\u0421\u0412\u042f\u0417\u0410\u041d\u041d\u042b\u0415 \u0412\u0417\u0410\u0418\u041c\u041d\u041e\u0419\",\"item\":\"https:\\\/\\\/www.canons.es\\\/ru\\\/mutuas-asociadas\\\/\"},{\"@type\":\"ListItem\",\"position\":3,\"name\":\"Clinicum Salut\"}]},{\"@type\":\"WebSite\",\"@id\":\"https:\\\/\\\/www.canons.es\\\/#website\",\"url\":\"https:\\\/\\\/www.canons.es\\\/\",\"name\":\"Cirug\u00eda Pl\u00e1stica y Est\u00e9tica Barcelona y Granollers | C\u00e0nons Clinics\",\"description\":\"\",\"publisher\":{\"@id\":\"https:\\\/\\\/www.canons.es\\\/#organization\"},\"potentialAction\":[{\"@type\":\"SearchAction\",\"target\":{\"@type\":\"EntryPoint\",\"urlTemplate\":\"https:\\\/\\\/www.canons.es\\\/?s={search_term_string}\"},\"query-input\":{\"@type\":\"PropertyValueSpecification\",\"valueRequired\":true,\"valueName\":\"search_term_string\"}}],\"inLanguage\":\"ru-RU\"},{\"@type\":\"Organization\",\"@id\":\"https:\\\/\\\/www.canons.es\\\/#organization\",\"name\":\"Cirug\u00eda Pl\u00e1stica y Est\u00e9tica Barcelona y Granollers | C\u00e0nons Clinics\",\"url\":\"https:\\\/\\\/www.canons.es\\\/\",\"logo\":{\"@type\":\"ImageObject\",\"inLanguage\":\"ru-RU\",\"@id\":\"https:\\\/\\\/www.canons.es\\\/#\\\/schema\\\/logo\\\/image\\\/\",\"url\":\"https:\\\/\\\/www.canons.es\\\/wp-content\\\/uploads\\\/2025\\\/04\\\/logo-canons-clinics.jpg\",\"contentUrl\":\"https:\\\/\\\/www.canons.es\\\/wp-content\\\/uploads\\\/2025\\\/04\\\/logo-canons-clinics.jpg\",\"width\":600,\"height\":139,\"caption\":\"Cirug\u00eda Pl\u00e1stica y Est\u00e9tica Barcelona y Granollers | C\u00e0nons Clinics\"},\"image\":{\"@id\":\"https:\\\/\\\/www.canons.es\\\/#\\\/schema\\\/logo\\\/image\\\/\"},\"sameAs\":[\"https:\\\/\\\/www.facebook.com\\\/canonsclinics\\\/\",\"https:\\\/\\\/x.com\\\/canonsclinics\",\"https:\\\/\\\/www.instagram.com\\\/canonsclinics\\\/\",\"https:\\\/\\\/www.youtube.com\\\/channel\\\/UCI1Ia6LjALyo1CuQ0_HwtfQ\",\"https:\\\/\\\/www.linkedin.com\\\/company\\\/canons-clinics\\\/\"]}]}<\/script>\n<!-- \/ Yoast SEO Premium plugin. -->","yoast_head_json":{"title":"Clinicum Salut - \u041a\u043b\u0438\u043d\u0438\u043a\u0430 \u041a\u0430\u043d\u043e\u043d\u0441 | \u0425\u0438\u0440\u0443\u0440\u0433\u0438\u044f \u0438 \u044d\u0441\u0442\u0435\u0442\u0438\u0447\u0435\u0441\u043a\u0430\u044f \u043c\u0435\u0434\u0438\u0446\u0438\u043d\u0430 \u0432 \u0411\u0430\u0440\u0441\u0435\u043b\u043e\u043d\u0435, \u0413\u0440\u0430\u043d\u043e\u043b\u044c\u0435\u0440\u0441","robots":{"index":"index","follow":"follow","max-snippet":"max-snippet:-1","max-image-preview":"max-image-preview:large","max-video-preview":"max-video-preview:-1"},"canonical":"https:\/\/www.canons.es\/ru\/mutuas-asociadas\/clinicum-salut\/","og_locale":"ru_RU","og_type":"article","og_title":"Clinicum Salut","og_description":"[vc_row css_animation=&#187;&#187; row_type=&#187;row&#187; use_row_as_full_screen_section=&#187;no&#187; type=&#187;full_width&#187; angled_section=&#187;no&#187; text_align=&#187;left&#187; background_image_as_pattern=&#187;without_pattern&#187; background_color=&#187;#f7f7f7&#8243; section_type=&#187;full-width&#187;][vc_column][vc_empty_space height=&#187;20px&#187;][vc_empty_space][vc_row_inner row_type=&#187;row&#187; type=&#187;full_width&#187; text_align=&#187;left&#187; css_animation=&#187;&#187;][vc_column_inner width=&#187;1\/2&#8243;][vc_single_image image=&#187;16550&#8243; img_size=&#187;full&#187; alignment=&#187;center&#187; qode_css_animation=&#187;&#187;][vc_empty_space height=&#187;40px&#187;][\/vc_column_inner][vc_column_inner width=&#187;1\/2&#8243;][vc_column_text] Als nostres centres de Granollers i Barcelona hem establert convenis de col\u00b7laboraci\u00f3 amb Clinicum Salut, de forma que entren els serveis de Cirurgia...","og_url":"https:\/\/www.canons.es\/ru\/mutuas-asociadas\/clinicum-salut\/","og_site_name":"\u041a\u043b\u0438\u043d\u0438\u043a\u0430 \u041a\u0430\u043d\u043e\u043d\u0441 | \u0425\u0438\u0440\u0443\u0440\u0433\u0438\u044f \u0438 \u044d\u0441\u0442\u0435\u0442\u0438\u0447\u0435\u0441\u043a\u0430\u044f \u043c\u0435\u0434\u0438\u0446\u0438\u043d\u0430 \u0432 \u0411\u0430\u0440\u0441\u0435\u043b\u043e\u043d\u0435, \u0413\u0440\u0430\u043d\u043e\u043b\u044c\u0435\u0440\u0441","article_publisher":"https:\/\/www.facebook.com\/canonsclinics\/","article_modified_time":"2026-02-18T13:00:02+00:00","twitter_card":"summary_large_image","twitter_site":"@canonsclinics","twitter_misc":{"\u041f\u0440\u0438\u043c\u0435\u0440\u043d\u043e\u0435 \u0432\u0440\u0435\u043c\u044f \u0434\u043b\u044f \u0447\u0442\u0435\u043d\u0438\u044f":"2 \u043c\u0438\u043d\u0443\u0442\u044b"},"schema":{"@context":"https:\/\/schema.org","@graph":[{"@type":"WebPage","@id":"https:\/\/www.canons.es\/ru\/mutuas-asociadas\/clinicum-salut\/","url":"https:\/\/www.canons.es\/ru\/mutuas-asociadas\/clinicum-salut\/","name":"Clinicum Salut - \u041a\u043b\u0438\u043d\u0438\u043a\u0430 \u041a\u0430\u043d\u043e\u043d\u0441 | \u0425\u0438\u0440\u0443\u0440\u0433\u0438\u044f \u0438 \u044d\u0441\u0442\u0435\u0442\u0438\u0447\u0435\u0441\u043a\u0430\u044f \u043c\u0435\u0434\u0438\u0446\u0438\u043d\u0430 \u0432 \u0411\u0430\u0440\u0441\u0435\u043b\u043e\u043d\u0435, \u0413\u0440\u0430\u043d\u043e\u043b\u044c\u0435\u0440\u0441","isPartOf":{"@id":"https:\/\/www.canons.es\/#website"},"datePublished":"2015-09-23T14:48:39+00:00","dateModified":"2026-02-18T13:00:02+00:00","breadcrumb":{"@id":"https:\/\/www.canons.es\/ru\/mutuas-asociadas\/clinicum-salut\/#breadcrumb"},"inLanguage":"ru-RU","potentialAction":[{"@type":"ReadAction","target":["https:\/\/www.canons.es\/ru\/mutuas-asociadas\/clinicum-salut\/"]}]},{"@type":"BreadcrumbList","@id":"https:\/\/www.canons.es\/ru\/mutuas-asociadas\/clinicum-salut\/#breadcrumb","itemListElement":[{"@type":"ListItem","position":1,"name":"Portada","item":"https:\/\/www.canons.es\/ru\/"},{"@type":"ListItem","position":2,"name":"\u0421\u0412\u042f\u0417\u0410\u041d\u041d\u042b\u0415 \u0412\u0417\u0410\u0418\u041c\u041d\u041e\u0419","item":"https:\/\/www.canons.es\/ru\/mutuas-asociadas\/"},{"@type":"ListItem","position":3,"name":"Clinicum Salut"}]},{"@type":"WebSite","@id":"https:\/\/www.canons.es\/#website","url":"https:\/\/www.canons.es\/","name":"Cirug\u00eda Pl\u00e1stica y Est\u00e9tica Barcelona y Granollers | C\u00e0nons Clinics","description":"","publisher":{"@id":"https:\/\/www.canons.es\/#organization"},"potentialAction":[{"@type":"SearchAction","target":{"@type":"EntryPoint","urlTemplate":"https:\/\/www.canons.es\/?s={search_term_string}"},"query-input":{"@type":"PropertyValueSpecification","valueRequired":true,"valueName":"search_term_string"}}],"inLanguage":"ru-RU"},{"@type":"Organization","@id":"https:\/\/www.canons.es\/#organization","name":"Cirug\u00eda Pl\u00e1stica y Est\u00e9tica Barcelona y Granollers | C\u00e0nons Clinics","url":"https:\/\/www.canons.es\/","logo":{"@type":"ImageObject","inLanguage":"ru-RU","@id":"https:\/\/www.canons.es\/#\/schema\/logo\/image\/","url":"https:\/\/www.canons.es\/wp-content\/uploads\/2025\/04\/logo-canons-clinics.jpg","contentUrl":"https:\/\/www.canons.es\/wp-content\/uploads\/2025\/04\/logo-canons-clinics.jpg","width":600,"height":139,"caption":"Cirug\u00eda Pl\u00e1stica y Est\u00e9tica Barcelona y Granollers | C\u00e0nons Clinics"},"image":{"@id":"https:\/\/www.canons.es\/#\/schema\/logo\/image\/"},"sameAs":["https:\/\/www.facebook.com\/canonsclinics\/","https:\/\/x.com\/canonsclinics","https:\/\/www.instagram.com\/canonsclinics\/","https:\/\/www.youtube.com\/channel\/UCI1Ia6LjALyo1CuQ0_HwtfQ","https:\/\/www.linkedin.com\/company\/canons-clinics\/"]}]}},"_links":{"self":[{"href":"https:\/\/www.canons.es\/ru\/wp-json\/wp\/v2\/pages\/10499","targetHints":{"allow":["GET"]}}],"collection":[{"href":"https:\/\/www.canons.es\/ru\/wp-json\/wp\/v2\/pages"}],"about":[{"href":"https:\/\/www.canons.es\/ru\/wp-json\/wp\/v2\/types\/page"}],"author":[{"embeddable":true,"href":"https:\/\/www.canons.es\/ru\/wp-json\/wp\/v2\/users\/25"}],"replies":[{"embeddable":true,"href":"https:\/\/www.canons.es\/ru\/wp-json\/wp\/v2\/comments?post=10499"}],"version-history":[{"count":0,"href":"https:\/\/www.canons.es\/ru\/wp-json\/wp\/v2\/pages\/10499\/revisions"}],"up":[{"embeddable":true,"href":"https:\/\/www.canons.es\/ru\/wp-json\/wp\/v2\/pages\/11011"}],"wp:attachment":[{"href":"https:\/\/www.canons.es\/ru\/wp-json\/wp\/v2\/media?parent=10499"}],"curies":[{"name":"wp","href":"https:\/\/api.w.org\/{rel}","templated":true}]}}