{"id":10172,"date":"2015-09-18T13:39:29","date_gmt":"2015-09-18T13:39:29","guid":{"rendered":"https:\/\/www.canons.es\/ru\/dietetica-y-nutricion\/"},"modified":"2026-02-18T14:24:09","modified_gmt":"2026-02-18T12:24:09","slug":"dietetica-y-nutricion","status":"publish","type":"page","link":"https:\/\/www.canons.es\/ru\/dietetica-y-nutricion\/","title":{"rendered":"\u0414\u0438\u0435\u0442\u043e\u043b\u043e\u0433\u0438\u044f \u0438 \u043f\u0438\u0442\u0430\u043d\u0438\u0435"},"content":{"rendered":"<div class=\"wpb-content-wrapper\"><p>[vc_row css_animation=&#187;&#187; row_type=&#187;row&#187; use_row_as_full_screen_section=&#187;no&#187; type=&#187;full_width&#187; angled_section=&#187;no&#187; text_align=&#187;left&#187; background_image_as_pattern=&#187;without_pattern&#187;][vc_column]<div class=\"custom_font_holder\" style=\"font-family: Raleway; font-size: 35px; line-height: 26px; font-style: normal; font-weight: 300; color: #1e70b3; text-decoration: none; text-align: left;\">\n<h1 style=\"font-size: inherit; font-weight: inherit; line-height: inherit; color: inherit; margin: 20px 0; display: block; text-align: center;\">DIET\u00c9TICA Y NUTRICI\u00d3N<\/h1>\n<\/div>[vc_empty_space height=&#187;40px&#187;][\/vc_column][\/vc_row][vc_row css_animation=&#187;&#187; row_type=&#187;row&#187; use_row_as_full_screen_section=&#187;no&#187; type=&#187;full_width&#187; angled_section=&#187;no&#187; text_align=&#187;left&#187; background_image_as_pattern=&#187;without_pattern&#187; section_type=&#187;full-width&#187;][vc_column width=&#187;1\/2&#8243;][vc_single_image image=&#187;8321&#8243; img_size=&#187;full&#187; qode_css_animation=&#187;&#187;][vc_empty_space height=&#187;40px&#187;][\/vc_column][vc_column width=&#187;1\/2&#8243;][vc_column_text]<\/p>\n<p style=\"text-align: justify;\">Tener el peso adecuado o gozar de una buena salud est\u00e1 directamente relacionada con <strong>seguir una alimentaci\u00f3n equilibrada y saludable<\/strong>, que responda a nuestros factores personales biol\u00f3gicos, psicol\u00f3gicos, sociales y ambientales. Nuestros dietistas y nutricionistas te <strong>dise\u00f1ar\u00e1n una dieta personalizada sin riesgos para tu salud y te asesorar\u00e1n sobre los h\u00e1bitos alimentarios saludables que debes seguir<\/strong> para conseguir la figura que siempre has deseado.<\/p>\n<p style=\"text-align: justify;\">Realizamos <strong>pruebas anal\u00edticas diagn\u00f3sticas para saber los alimentos que digieres con m\u00e1s facilidad<\/strong> con el objetivo de que consigas, pero sobre todo que mantengas, un peso saludable y, a la vez, minimizar los riesgos potenciales de sufrir enfermedades asociadas al sobrepeso y a la mala alimentaci\u00f3n, como dislipemias o hiperuricemias, entre otras.<\/p>\n<p>[\/vc_column_text][\/vc_column][\/vc_row][vc_row css_animation=&#187;&#187; row_type=&#187;row&#187; use_row_as_full_screen_section=&#187;no&#187; type=&#187;full_width&#187; angled_section=&#187;no&#187; text_align=&#187;left&#187; background_image_as_pattern=&#187;without_pattern&#187; background_color=&#187;#f7f7f7&#8243; section_type=&#187;full-width&#187;][vc_column][vc_empty_space][vc_row_inner row_type=&#187;row&#187; type=&#187;full_width&#187; text_align=&#187;left&#187; css_animation=&#187;&#187;][vc_column_inner width=&#187;1\/3&#8243;][vc_single_image image=&#187;18212&#8243; img_size=&#187;245&#215;178&#8243; alignment=&#187;center&#187; onclick=&#187;custom_link&#187; qode_css_animation=&#187;&#187; qode_hover_animation=&#187;darken&#187; link=&#187;\/dietas-personalizadas\/&#187; img_link=&#187;\/dietas-medicas-hipocaloricas\/&#187;][vc_empty_space height=&#187;15px&#187;]<div class=\"custom_font_holder\" style=\"font-family: Raleway; font-size: 18px; line-height: 26px; font-style: normal; font-weight: 300; color: #1e70b3; text-decoration: none; text-align: center;\">Dietas<\/p>\n<p>Personalizadas<\/div>[vc_empty_space height=&#187;15px&#187;][\/vc_column_inner][vc_column_inner width=&#187;1\/3&#8243;][vc_single_image image=&#187;22105&#8243; img_size=&#187;full&#187; alignment=&#187;center&#187; onclick=&#187;custom_link&#187; qode_css_animation=&#187;&#187; qode_hover_animation=&#187;darken&#187; link=&#187;\/dietas-medicas-hipocaloricas-2\/&#187; img_link=&#187;\/dietas-medicas-hipocaloricas\/&#187;][vc_empty_space height=&#187;15px&#187;]<div class=\"custom_font_holder\" style=\"font-family: Raleway; font-size: 18px; line-height: 26px; font-style: normal; font-weight: 300; color: #1e70b3; text-decoration: none; text-align: center;\">Dietas M\u00e9dicas<\/p>\n<p>Hipocal\u00f3ricas<\/div>[vc_empty_space height=&#187;15px&#187;][\/vc_column_inner][vc_column_inner width=&#187;1\/3&#8243;][vc_single_image image=&#187;8324&#8243; img_size=&#187;full&#187; alignment=&#187;center&#187; onclick=&#187;custom_link&#187; qode_css_animation=&#187;&#187; qode_hover_animation=&#187;darken&#187; link=&#187;\/dieta-medica-proteifine-2\/&#187; img_link=&#187;\/dieta-medica-proteifine\/&#187;][vc_empty_space height=&#187;15px&#187;]<div class=\"custom_font_holder\" style=\"font-family: Raleway; font-size: 18px; line-height: 26px; font-style: normal; font-weight: 300; color: #1e70b3; text-decoration: none; text-align: center;\">\n<p>Dieta M\u00e9dica Prot\u00e9ifine<\/div>[vc_empty_space height=&#187;15px&#187;][\/vc_column_inner][\/vc_row_inner][vc_row_inner row_type=&#187;row&#187; type=&#187;full_width&#187; text_align=&#187;left&#187; css_animation=&#187;&#187;][vc_column_inner width=&#187;1\/3&#8243;][vc_single_image image=&#187;18299&#8243; img_size=&#187;245&#215;178&#8243; alignment=&#187;center&#187; onclick=&#187;custom_link&#187; qode_css_animation=&#187;&#187; qode_hover_animation=&#187;darken&#187; link=&#187;\/dieta-medica-lipodieta\/&#187; img_link=&#187;\/control-y-mantenimiento-del-peso-corporal\/&#187;][vc_empty_space height=&#187;15px&#187;]<div class=\"custom_font_holder\" style=\"font-family: Raleway; font-size: 18px; line-height: 26px; font-style: normal; font-weight: 300; color: #1e70b3; text-decoration: none; text-align: center;\">Dieta M\u00e9dica<\/p>\n<p>Lipodieta<\/div>[vc_empty_space height=&#187;15px&#187;][\/vc_column_inner][vc_column_inner width=&#187;1\/3&#8243;][vc_single_image image=&#187;8325&#8243; img_size=&#187;full&#187; alignment=&#187;center&#187; onclick=&#187;custom_link&#187; qode_css_animation=&#187;&#187; qode_hover_animation=&#187;darken&#187; link=&#187;\/control-y-mantenimiento-del-peso-corporal\/&#187; img_link=&#187;\/control-y-mantenimiento-del-peso-corporal\/&#187;][vc_empty_space height=&#187;15px&#187;]<div class=\"custom_font_holder\" style=\"font-family: Raleway; font-size: 18px; line-height: 26px; font-style: normal; font-weight: 300; color: #1e70b3; text-decoration: none; text-align: center;\">\n<p>Control y Mantenimiento<\/p>\n<p>del Peso Corporal<\/div>[vc_empty_space height=&#187;15px&#187;][\/vc_column_inner][vc_column_inner width=&#187;1\/3&#8243;][vc_single_image image=&#187;8327&#8243; img_size=&#187;full&#187; alignment=&#187;center&#187; onclick=&#187;custom_link&#187; qode_css_animation=&#187;&#187; qode_hover_animation=&#187;darken&#187; link=&#187;https:\/\/www.canons.es\/ca\/nutrichip-2\/&#187; img_link=&#187;\/nutrichip\/&#187;][vc_empty_space height=&#187;15px&#187;]<div class=\"custom_font_holder\" style=\"font-family: Raleway; font-size: 18px; line-height: 26px; font-style: normal; font-weight: 300; color: #1e70b3; text-decoration: none; text-align: center;\">\n<p>Nutrichip<\/div>[vc_empty_space height=&#187;15px&#187;][\/vc_column_inner][\/vc_row_inner][vc_row_inner row_type=&#187;row&#187; type=&#187;full_width&#187; text_align=&#187;left&#187; css_animation=&#187;&#187;][vc_column_inner width=&#187;1\/3&#8243;][vc_single_image image=&#187;8328&#8243; img_size=&#187;full&#187; alignment=&#187;center&#187; onclick=&#187;custom_link&#187; qode_css_animation=&#187;&#187; qode_hover_animation=&#187;darken&#187; link=&#187;\/test-de-intolerancia-alimentaria\/&#187; img_link=&#187;\/test-de-intolerancia-alimentaria\/&#187;][vc_empty_space height=&#187;15px&#187;]<div class=\"custom_font_holder\" style=\"font-family: Raleway; font-size: 18px; line-height: 26px; font-style: normal; font-weight: 300; color: #1e70b3; text-decoration: none; text-align: center;\">\n<p>Test de Intolerancia<\/p>\n<p>Alimentaria<\/div>[vc_empty_space height=&#187;15px&#187;][\/vc_column_inner][vc_column_inner width=&#187;1\/3&#8243;][vc_single_image image=&#187;8326&#8243; img_size=&#187;full&#187; alignment=&#187;center&#187; onclick=&#187;custom_link&#187; qode_css_animation=&#187;&#187; qode_hover_animation=&#187;darken&#187; link=&#187;https:\/\/www.canons.es\/balon-intragastrico\/&#187; img_link=&#187;https:\/\/www.canons.es\/balon-intragastrico\/&#187;][vc_empty_space height=&#187;15px&#187;]<div class=\"custom_font_holder\" style=\"font-family: Raleway; font-size: 18px; line-height: 26px; font-style: normal; font-weight: 300; color: #1e70b3; text-decoration: none; text-align: center;\">\n<p>Bal\u00f3n Intrag\u00e1strico<\/div>[vc_empty_space height=&#187;15px&#187;][\/vc_column_inner][vc_column_inner width=&#187;1\/3&#8243;][vc_single_image image=&#187;12829&#8243; img_size=&#187;full&#187; alignment=&#187;center&#187; onclick=&#187;custom_link&#187; qode_css_animation=&#187;&#187; qode_hover_animation=&#187;darken&#187; link=&#187;\/capsula-balon-elipse-2\/&#187; img_link=&#187;\/capsula-balon-elipse\/&#187;][vc_empty_space height=&#187;15px&#187;]<div class=\"custom_font_holder\" style=\"font-family: Raleway; font-size: 18px; line-height: 26px; font-style: normal; font-weight: 300; color: #1e70b3; text-decoration: none; text-align: center;\">\n<p>C\u00e1psula Bal\u00f3n G\u00e1strico<\/p>\n<p>Elipse<\/div>[vc_empty_space height=&#187;50px&#187;][\/vc_column_inner][\/vc_row_inner][\/vc_column][\/vc_row]<\/p>\n<\/div><!-- AddThis Advanced Settings generic via filter on the_content --><!-- AddThis Share Buttons generic via filter on the_content -->","protected":false},"excerpt":{"rendered":"<p>[vc_row css_animation=&#187;&#187; row_type=&#187;row&#187; use_row_as_full_screen_section=&#187;no&#187; type=&#187;full_width&#187; angled_section=&#187;no&#187; text_align=&#187;left&#187; background_image_as_pattern=&#187;without_pattern&#187;][vc_column][vc_empty_space height=&#187;40px&#187;][\/vc_column][\/vc_row][vc_row css_animation=&#187;&#187; row_type=&#187;row&#187; use_row_as_full_screen_section=&#187;no&#187; type=&#187;full_width&#187; angled_section=&#187;no&#187; text_align=&#187;left&#187; background_image_as_pattern=&#187;without_pattern&#187; section_type=&#187;full-width&#187;][vc_column width=&#187;1\/2&#8243;][vc_single_image image=&#187;8321&#8243; img_size=&#187;full&#187; qode_css_animation=&#187;&#187;][vc_empty_space height=&#187;40px&#187;][\/vc_column][vc_column width=&#187;1\/2&#8243;][vc_column_text] Tener el peso adecuado o gozar de una buena salud est\u00e1 directamente relacionada con seguir una alimentaci\u00f3n equilibrada y saludable, que responda&#8230;<!-- AddThis Advanced Settings generic via filter on get_the_excerpt --><!-- AddThis Share Buttons generic via filter on get_the_excerpt --><\/p>\n","protected":false},"author":25,"featured_media":0,"parent":0,"menu_order":0,"comment_status":"closed","ping_status":"closed","template":"","meta":{"footnotes":""},"class_list":["post-10172","page","type-page","status-publish","hentry"],"yoast_head":"<!-- This site is optimized with the Yoast SEO Premium plugin v26.9 (Yoast SEO v27.4) - https:\/\/yoast.com\/product\/yoast-seo-premium-wordpress\/ -->\n<title>\u0414\u0438\u0435\u0442\u043e\u043b\u043e\u0433\u0438\u044f \u0438 \u043f\u0438\u0442\u0430\u043d\u0438\u0435 - \u041a\u043b\u0438\u043d\u0438\u043a\u0430 \u041a\u0430\u043d\u043e\u043d\u0441 | \u0425\u0438\u0440\u0443\u0440\u0433\u0438\u044f \u0438 \u044d\u0441\u0442\u0435\u0442\u0438\u0447\u0435\u0441\u043a\u0430\u044f \u043c\u0435\u0434\u0438\u0446\u0438\u043d\u0430 \u0432 \u0411\u0430\u0440\u0441\u0435\u043b\u043e\u043d\u0435, \u0413\u0440\u0430\u043d\u043e\u043b\u044c\u0435\u0440\u0441<\/title>\n<meta name=\"robots\" content=\"index, follow, max-snippet:-1, max-image-preview:large, max-video-preview:-1\" \/>\n<link rel=\"canonical\" href=\"https:\/\/www.canons.es\/ru\/dietetica-y-nutricion\/\" \/>\n<meta property=\"og:locale\" content=\"ru_RU\" \/>\n<meta property=\"og:type\" content=\"article\" \/>\n<meta property=\"og:title\" content=\"\u0414\u0438\u0435\u0442\u043e\u043b\u043e\u0433\u0438\u044f \u0438 \u043f\u0438\u0442\u0430\u043d\u0438\u0435\" \/>\n<meta property=\"og:description\" content=\"[vc_row css_animation=&#187;&#187; row_type=&#187;row&#187; use_row_as_full_screen_section=&#187;no&#187; type=&#187;full_width&#187; angled_section=&#187;no&#187; text_align=&#187;left&#187; background_image_as_pattern=&#187;without_pattern&#187;][vc_column][vc_empty_space height=&#187;40px&#187;][\/vc_column][\/vc_row][vc_row css_animation=&#187;&#187; row_type=&#187;row&#187; use_row_as_full_screen_section=&#187;no&#187; type=&#187;full_width&#187; angled_section=&#187;no&#187; text_align=&#187;left&#187; background_image_as_pattern=&#187;without_pattern&#187; section_type=&#187;full-width&#187;][vc_column width=&#187;1\/2&#8243;][vc_single_image image=&#187;8321&#8243; img_size=&#187;full&#187; qode_css_animation=&#187;&#187;][vc_empty_space height=&#187;40px&#187;][\/vc_column][vc_column width=&#187;1\/2&#8243;][vc_column_text] Tener el peso adecuado o gozar de una buena salud est\u00e1 directamente relacionada con seguir una alimentaci\u00f3n equilibrada y saludable, que responda...\" \/>\n<meta property=\"og:url\" content=\"https:\/\/www.canons.es\/ru\/dietetica-y-nutricion\/\" \/>\n<meta property=\"og:site_name\" content=\"\u041a\u043b\u0438\u043d\u0438\u043a\u0430 \u041a\u0430\u043d\u043e\u043d\u0441 | \u0425\u0438\u0440\u0443\u0440\u0433\u0438\u044f \u0438 \u044d\u0441\u0442\u0435\u0442\u0438\u0447\u0435\u0441\u043a\u0430\u044f \u043c\u0435\u0434\u0438\u0446\u0438\u043d\u0430 \u0432 \u0411\u0430\u0440\u0441\u0435\u043b\u043e\u043d\u0435, \u0413\u0440\u0430\u043d\u043e\u043b\u044c\u0435\u0440\u0441\" \/>\n<meta property=\"article:publisher\" content=\"https:\/\/www.facebook.com\/canonsclinics\/\" \/>\n<meta property=\"article:modified_time\" content=\"2026-02-18T12:24:09+00:00\" \/>\n<meta name=\"twitter:card\" content=\"summary_large_image\" \/>\n<meta name=\"twitter:site\" content=\"@canonsclinics\" \/>\n<meta name=\"twitter:label1\" content=\"\u041f\u0440\u0438\u043c\u0435\u0440\u043d\u043e\u0435 \u0432\u0440\u0435\u043c\u044f \u0434\u043b\u044f \u0447\u0442\u0435\u043d\u0438\u044f\" \/>\n\t<meta name=\"twitter:data1\" content=\"5 \u043c\u0438\u043d\u0443\u0442\" \/>\n<script type=\"application\/ld+json\" class=\"yoast-schema-graph\">{\"@context\":\"https:\\\/\\\/schema.org\",\"@graph\":[{\"@type\":\"WebPage\",\"@id\":\"https:\\\/\\\/www.canons.es\\\/ru\\\/dietetica-y-nutricion\\\/\",\"url\":\"https:\\\/\\\/www.canons.es\\\/ru\\\/dietetica-y-nutricion\\\/\",\"name\":\"\u0414\u0438\u0435\u0442\u043e\u043b\u043e\u0433\u0438\u044f \u0438 \u043f\u0438\u0442\u0430\u043d\u0438\u0435 - \u041a\u043b\u0438\u043d\u0438\u043a\u0430 \u041a\u0430\u043d\u043e\u043d\u0441 | \u0425\u0438\u0440\u0443\u0440\u0433\u0438\u044f \u0438 \u044d\u0441\u0442\u0435\u0442\u0438\u0447\u0435\u0441\u043a\u0430\u044f \u043c\u0435\u0434\u0438\u0446\u0438\u043d\u0430 \u0432 \u0411\u0430\u0440\u0441\u0435\u043b\u043e\u043d\u0435, \u0413\u0440\u0430\u043d\u043e\u043b\u044c\u0435\u0440\u0441\",\"isPartOf\":{\"@id\":\"https:\\\/\\\/www.canons.es\\\/#website\"},\"datePublished\":\"2015-09-18T13:39:29+00:00\",\"dateModified\":\"2026-02-18T12:24:09+00:00\",\"breadcrumb\":{\"@id\":\"https:\\\/\\\/www.canons.es\\\/ru\\\/dietetica-y-nutricion\\\/#breadcrumb\"},\"inLanguage\":\"ru-RU\",\"potentialAction\":[{\"@type\":\"ReadAction\",\"target\":[\"https:\\\/\\\/www.canons.es\\\/ru\\\/dietetica-y-nutricion\\\/\"]}]},{\"@type\":\"BreadcrumbList\",\"@id\":\"https:\\\/\\\/www.canons.es\\\/ru\\\/dietetica-y-nutricion\\\/#breadcrumb\",\"itemListElement\":[{\"@type\":\"ListItem\",\"position\":1,\"name\":\"Portada\",\"item\":\"https:\\\/\\\/www.canons.es\\\/ru\\\/\"},{\"@type\":\"ListItem\",\"position\":2,\"name\":\"\u0414\u0438\u0435\u0442\u043e\u043b\u043e\u0433\u0438\u044f \u0438 \u043f\u0438\u0442\u0430\u043d\u0438\u0435\"}]},{\"@type\":\"WebSite\",\"@id\":\"https:\\\/\\\/www.canons.es\\\/#website\",\"url\":\"https:\\\/\\\/www.canons.es\\\/\",\"name\":\"Cirug\u00eda Pl\u00e1stica y Est\u00e9tica Barcelona y Granollers | C\u00e0nons Clinics\",\"description\":\"\",\"publisher\":{\"@id\":\"https:\\\/\\\/www.canons.es\\\/#organization\"},\"potentialAction\":[{\"@type\":\"SearchAction\",\"target\":{\"@type\":\"EntryPoint\",\"urlTemplate\":\"https:\\\/\\\/www.canons.es\\\/?s={search_term_string}\"},\"query-input\":{\"@type\":\"PropertyValueSpecification\",\"valueRequired\":true,\"valueName\":\"search_term_string\"}}],\"inLanguage\":\"ru-RU\"},{\"@type\":\"Organization\",\"@id\":\"https:\\\/\\\/www.canons.es\\\/#organization\",\"name\":\"Cirug\u00eda Pl\u00e1stica y Est\u00e9tica Barcelona y Granollers | C\u00e0nons Clinics\",\"url\":\"https:\\\/\\\/www.canons.es\\\/\",\"logo\":{\"@type\":\"ImageObject\",\"inLanguage\":\"ru-RU\",\"@id\":\"https:\\\/\\\/www.canons.es\\\/#\\\/schema\\\/logo\\\/image\\\/\",\"url\":\"https:\\\/\\\/www.canons.es\\\/wp-content\\\/uploads\\\/2025\\\/04\\\/logo-canons-clinics.jpg\",\"contentUrl\":\"https:\\\/\\\/www.canons.es\\\/wp-content\\\/uploads\\\/2025\\\/04\\\/logo-canons-clinics.jpg\",\"width\":600,\"height\":139,\"caption\":\"Cirug\u00eda Pl\u00e1stica y Est\u00e9tica Barcelona y Granollers | C\u00e0nons Clinics\"},\"image\":{\"@id\":\"https:\\\/\\\/www.canons.es\\\/#\\\/schema\\\/logo\\\/image\\\/\"},\"sameAs\":[\"https:\\\/\\\/www.facebook.com\\\/canonsclinics\\\/\",\"https:\\\/\\\/x.com\\\/canonsclinics\",\"https:\\\/\\\/www.instagram.com\\\/canonsclinics\\\/\",\"https:\\\/\\\/www.youtube.com\\\/channel\\\/UCI1Ia6LjALyo1CuQ0_HwtfQ\",\"https:\\\/\\\/www.linkedin.com\\\/company\\\/canons-clinics\\\/\"]}]}<\/script>\n<!-- \/ Yoast SEO Premium plugin. -->","yoast_head_json":{"title":"\u0414\u0438\u0435\u0442\u043e\u043b\u043e\u0433\u0438\u044f \u0438 \u043f\u0438\u0442\u0430\u043d\u0438\u0435 - \u041a\u043b\u0438\u043d\u0438\u043a\u0430 \u041a\u0430\u043d\u043e\u043d\u0441 | \u0425\u0438\u0440\u0443\u0440\u0433\u0438\u044f \u0438 \u044d\u0441\u0442\u0435\u0442\u0438\u0447\u0435\u0441\u043a\u0430\u044f \u043c\u0435\u0434\u0438\u0446\u0438\u043d\u0430 \u0432 \u0411\u0430\u0440\u0441\u0435\u043b\u043e\u043d\u0435, \u0413\u0440\u0430\u043d\u043e\u043b\u044c\u0435\u0440\u0441","robots":{"index":"index","follow":"follow","max-snippet":"max-snippet:-1","max-image-preview":"max-image-preview:large","max-video-preview":"max-video-preview:-1"},"canonical":"https:\/\/www.canons.es\/ru\/dietetica-y-nutricion\/","og_locale":"ru_RU","og_type":"article","og_title":"\u0414\u0438\u0435\u0442\u043e\u043b\u043e\u0433\u0438\u044f \u0438 \u043f\u0438\u0442\u0430\u043d\u0438\u0435","og_description":"[vc_row css_animation=&#187;&#187; row_type=&#187;row&#187; use_row_as_full_screen_section=&#187;no&#187; type=&#187;full_width&#187; angled_section=&#187;no&#187; text_align=&#187;left&#187; background_image_as_pattern=&#187;without_pattern&#187;][vc_column][vc_empty_space height=&#187;40px&#187;][\/vc_column][\/vc_row][vc_row css_animation=&#187;&#187; row_type=&#187;row&#187; use_row_as_full_screen_section=&#187;no&#187; type=&#187;full_width&#187; angled_section=&#187;no&#187; text_align=&#187;left&#187; background_image_as_pattern=&#187;without_pattern&#187; section_type=&#187;full-width&#187;][vc_column width=&#187;1\/2&#8243;][vc_single_image image=&#187;8321&#8243; img_size=&#187;full&#187; qode_css_animation=&#187;&#187;][vc_empty_space height=&#187;40px&#187;][\/vc_column][vc_column width=&#187;1\/2&#8243;][vc_column_text] Tener el peso adecuado o gozar de una buena salud est\u00e1 directamente relacionada con seguir una alimentaci\u00f3n equilibrada y saludable, que responda...","og_url":"https:\/\/www.canons.es\/ru\/dietetica-y-nutricion\/","og_site_name":"\u041a\u043b\u0438\u043d\u0438\u043a\u0430 \u041a\u0430\u043d\u043e\u043d\u0441 | \u0425\u0438\u0440\u0443\u0440\u0433\u0438\u044f \u0438 \u044d\u0441\u0442\u0435\u0442\u0438\u0447\u0435\u0441\u043a\u0430\u044f \u043c\u0435\u0434\u0438\u0446\u0438\u043d\u0430 \u0432 \u0411\u0430\u0440\u0441\u0435\u043b\u043e\u043d\u0435, \u0413\u0440\u0430\u043d\u043e\u043b\u044c\u0435\u0440\u0441","article_publisher":"https:\/\/www.facebook.com\/canonsclinics\/","article_modified_time":"2026-02-18T12:24:09+00:00","twitter_card":"summary_large_image","twitter_site":"@canonsclinics","twitter_misc":{"\u041f\u0440\u0438\u043c\u0435\u0440\u043d\u043e\u0435 \u0432\u0440\u0435\u043c\u044f \u0434\u043b\u044f \u0447\u0442\u0435\u043d\u0438\u044f":"5 \u043c\u0438\u043d\u0443\u0442"},"schema":{"@context":"https:\/\/schema.org","@graph":[{"@type":"WebPage","@id":"https:\/\/www.canons.es\/ru\/dietetica-y-nutricion\/","url":"https:\/\/www.canons.es\/ru\/dietetica-y-nutricion\/","name":"\u0414\u0438\u0435\u0442\u043e\u043b\u043e\u0433\u0438\u044f \u0438 \u043f\u0438\u0442\u0430\u043d\u0438\u0435 - \u041a\u043b\u0438\u043d\u0438\u043a\u0430 \u041a\u0430\u043d\u043e\u043d\u0441 | \u0425\u0438\u0440\u0443\u0440\u0433\u0438\u044f \u0438 \u044d\u0441\u0442\u0435\u0442\u0438\u0447\u0435\u0441\u043a\u0430\u044f \u043c\u0435\u0434\u0438\u0446\u0438\u043d\u0430 \u0432 \u0411\u0430\u0440\u0441\u0435\u043b\u043e\u043d\u0435, \u0413\u0440\u0430\u043d\u043e\u043b\u044c\u0435\u0440\u0441","isPartOf":{"@id":"https:\/\/www.canons.es\/#website"},"datePublished":"2015-09-18T13:39:29+00:00","dateModified":"2026-02-18T12:24:09+00:00","breadcrumb":{"@id":"https:\/\/www.canons.es\/ru\/dietetica-y-nutricion\/#breadcrumb"},"inLanguage":"ru-RU","potentialAction":[{"@type":"ReadAction","target":["https:\/\/www.canons.es\/ru\/dietetica-y-nutricion\/"]}]},{"@type":"BreadcrumbList","@id":"https:\/\/www.canons.es\/ru\/dietetica-y-nutricion\/#breadcrumb","itemListElement":[{"@type":"ListItem","position":1,"name":"Portada","item":"https:\/\/www.canons.es\/ru\/"},{"@type":"ListItem","position":2,"name":"\u0414\u0438\u0435\u0442\u043e\u043b\u043e\u0433\u0438\u044f \u0438 \u043f\u0438\u0442\u0430\u043d\u0438\u0435"}]},{"@type":"WebSite","@id":"https:\/\/www.canons.es\/#website","url":"https:\/\/www.canons.es\/","name":"Cirug\u00eda Pl\u00e1stica y Est\u00e9tica Barcelona y Granollers | C\u00e0nons Clinics","description":"","publisher":{"@id":"https:\/\/www.canons.es\/#organization"},"potentialAction":[{"@type":"SearchAction","target":{"@type":"EntryPoint","urlTemplate":"https:\/\/www.canons.es\/?s={search_term_string}"},"query-input":{"@type":"PropertyValueSpecification","valueRequired":true,"valueName":"search_term_string"}}],"inLanguage":"ru-RU"},{"@type":"Organization","@id":"https:\/\/www.canons.es\/#organization","name":"Cirug\u00eda Pl\u00e1stica y Est\u00e9tica Barcelona y Granollers | C\u00e0nons Clinics","url":"https:\/\/www.canons.es\/","logo":{"@type":"ImageObject","inLanguage":"ru-RU","@id":"https:\/\/www.canons.es\/#\/schema\/logo\/image\/","url":"https:\/\/www.canons.es\/wp-content\/uploads\/2025\/04\/logo-canons-clinics.jpg","contentUrl":"https:\/\/www.canons.es\/wp-content\/uploads\/2025\/04\/logo-canons-clinics.jpg","width":600,"height":139,"caption":"Cirug\u00eda Pl\u00e1stica y Est\u00e9tica Barcelona y Granollers | C\u00e0nons Clinics"},"image":{"@id":"https:\/\/www.canons.es\/#\/schema\/logo\/image\/"},"sameAs":["https:\/\/www.facebook.com\/canonsclinics\/","https:\/\/x.com\/canonsclinics","https:\/\/www.instagram.com\/canonsclinics\/","https:\/\/www.youtube.com\/channel\/UCI1Ia6LjALyo1CuQ0_HwtfQ","https:\/\/www.linkedin.com\/company\/canons-clinics\/"]}]}},"_links":{"self":[{"href":"https:\/\/www.canons.es\/ru\/wp-json\/wp\/v2\/pages\/10172","targetHints":{"allow":["GET"]}}],"collection":[{"href":"https:\/\/www.canons.es\/ru\/wp-json\/wp\/v2\/pages"}],"about":[{"href":"https:\/\/www.canons.es\/ru\/wp-json\/wp\/v2\/types\/page"}],"author":[{"embeddable":true,"href":"https:\/\/www.canons.es\/ru\/wp-json\/wp\/v2\/users\/25"}],"replies":[{"embeddable":true,"href":"https:\/\/www.canons.es\/ru\/wp-json\/wp\/v2\/comments?post=10172"}],"version-history":[{"count":0,"href":"https:\/\/www.canons.es\/ru\/wp-json\/wp\/v2\/pages\/10172\/revisions"}],"wp:attachment":[{"href":"https:\/\/www.canons.es\/ru\/wp-json\/wp\/v2\/media?parent=10172"}],"curies":[{"name":"wp","href":"https:\/\/api.w.org\/{rel}","templated":true}]}}