{"id":9994,"date":"2015-09-21T13:45:37","date_gmt":"2015-09-21T13:45:37","guid":{"rendered":"https:\/\/www.canons.es\/en\/test-de-intolerancia-alimentaria\/"},"modified":"2026-02-18T14:42:22","modified_gmt":"2026-02-18T12:42:22","slug":"test-de-intolerancia-alimentaria-2","status":"publish","type":"page","link":"https:\/\/www.canons.es\/en\/dietetica-y-nutricion\/test-de-intolerancia-alimentaria-2\/","title":{"rendered":"Test de Intolerancia Alimentaria"},"content":{"rendered":"<div class=\"wpb-content-wrapper\"><p>[vc_row css_animation=&#8221;&#8221; row_type=&#8221;row&#8221; use_row_as_full_screen_section=&#8221;no&#8221; type=&#8221;full_width&#8221; angled_section=&#8221;no&#8221; text_align=&#8221;left&#8221; background_image_as_pattern=&#8221;without_pattern&#8221; background_color=&#8221;#f7f7f7&#8243; section_type=&#8221;full-width&#8221;][vc_column][vc_empty_space height=&#8221;20px&#8221;]<div class=\"custom_font_holder\" style=\"font-family: Raleway; font-size: 35px; line-height: 26px; font-style: normal; font-weight: 300; color: #1e70b3; text-decoration: none; text-align: left;\">\n<h1 style=\"font-size: inherit; font-weight: inherit; line-height: inherit; color: inherit; margin: 20px 0; display: block; text-align: center;\">TEST DE INTOLERANCIA ALIMENTARIA<\/h1>\n<\/div>[vc_empty_space height=&#8221;40px&#8221;][vc_row_inner row_type=&#8221;row&#8221; type=&#8221;full_width&#8221; text_align=&#8221;left&#8221; css_animation=&#8221;&#8221;][vc_column_inner width=&#8221;1\/2&#8243;][vc_single_image image=&#8221;15714&#8243; img_size=&#8221;full&#8221; alignment=&#8221;center&#8221; qode_css_animation=&#8221;&#8221;][vc_empty_space height=&#8221;40px&#8221;][\/vc_column_inner][vc_column_inner width=&#8221;1\/2&#8243;][vc_column_text]<\/p>\n<p style=\"text-align: justify;\">Un test de intolerancia alimentaria\u00a0permitir\u00e1\u00a0<strong>detectar, mediante una sencilla extracci\u00f3n de sangre, aquellos alimentos potencialmente perjudiciales para la persona<\/strong>, una informaci\u00f3n muy valiosa para adecuar las pautas\u00a0diet\u00e9ticas a los resultados obtenidos.<\/p>\n<p>[\/vc_column_text][\/vc_column_inner][\/vc_row_inner][\/vc_column][\/vc_row][vc_row css_animation=&#8221;&#8221; row_type=&#8221;row&#8221; use_row_as_full_screen_section=&#8221;no&#8221; type=&#8221;full_width&#8221; angled_section=&#8221;no&#8221; text_align=&#8221;left&#8221; background_image_as_pattern=&#8221;without_pattern&#8221; section_type=&#8221;full-width&#8221;][vc_column][vc_empty_space][vc_accordion style=&#8221;accordion&#8221;][vc_accordion_tab title=&#8221;\u00bfQu\u00e9 significa la Intolerancia Alimentaria?&#8221; title_color=&#8221;#3f3f3f&#8221;][vc_column_text]<\/p>\n<p style=\"text-align: justify;\">La hipersensibilidad alimentaria es una reacci\u00f3n indeseable, o no esperada, ante la ingesta de un determinado alimento. Aqu\u00ed se incluyen las <span style=\"color: #6d98dc;\"><strong>alergias cl\u00e1sicas<\/strong><\/span> (alergia alimentaria intervenida por IgE) y las llamadas <span style=\"color: #6d98dc;\"><strong>intolerancias alimentarias<\/strong><\/span> (hipersensibilidad alimentaria no al\u00e9rgica) en las que pueden estar implicados mecanismos inmunol\u00f3gicos, enzim\u00e1ticos, t\u00f3xicos o psicol\u00f3gicos, entre otros. A nivel intestinal, el sistema inmune tiene que discriminar entre ant\u00edgenos perjudiciales y beneficiosos.<\/p>\n<p style=\"text-align: justify;\">Sin embargo, <span style=\"color: #6d98dc;\"><strong>una inadecuada sensibilizaci\u00f3n hace que el organismo genere anticuerpos frente a las prote\u00ednas de los alimentos o la flora intestinal comensal, lo que podr\u00eda conducir a enfermedades cr\u00f3nicas<\/strong><\/span>. Muchas personas presentan alg\u00fan grado de sensibilidad ante diferentes alimentos, pero en muchos casos resulta indetectable si no se someten a un an\u00e1lisis espec\u00edfico.<\/p>\n<p>[\/vc_column_text][\/vc_accordion_tab][vc_accordion_tab title=&#8221;\u00bfQu\u00e9 pautas tengo que seguir?&#8221; title_color=&#8221;#3f3f3f&#8221;][vc_column_text]<\/p>\n<p style=\"text-align: justify;\">Para realizarte la anal\u00edtica tienes que <span style=\"color: #6d98dc;\"><strong>acudir con un m\u00ednimo de 4 horas de ayuno y no haber tomado en el \u00faltimo mes ning\u00fan f\u00e1rmaco que contenga Corticosteroides como Urbason, TrigonDepot, Cortidene, Dacortin, Pulmicort\u2026\u00a0<\/strong><\/span><\/p>\n<p>[\/vc_column_text][\/vc_accordion_tab][vc_accordion_tab title=&#8221;\u00bfQu\u00e9 analizaremos con el Test de Intolerancia Alimentaria?&#8221; title_color=&#8221;#3f3f3f&#8221;][vc_column_text]<\/p>\n<p style=\"text-align: justify;\">Este test permite detectar, mediante una sencilla extracci\u00f3n de sangre,\u00a0la presencia de anticuerpos IgG espec\u00edficos ante una gran variedad de extractos alimentarios.<\/p>\n<p style=\"text-align: justify;\">Los resultados de este an\u00e1lisis <span style=\"color: #6d98dc;\"><strong>muestran los alimentos potencialmente perjudiciales para la persona<\/strong><\/span>, una informaci\u00f3n muy valiosa para adecuar nuestras recomendaciones diet\u00e9ticas a los resultados obtenidos.<\/p>\n<p>[\/vc_column_text][\/vc_accordion_tab][vc_accordion_tab title=&#8221;\u00bfC\u00f3mo ser\u00e1 el informe del Test de Intolerancia Alimentaria?&#8221; title_color=&#8221;#3f3f3f&#8221;][vc_column_text]<\/p>\n<p style=\"text-align: justify;\">En el informe, cada alimento genera una barra progresiva de diferentes colores seg\u00fan los niveles de respuesta de los anticuerpos:<\/p>\n<ul>\n<li style=\"text-align: justify;\"><span style=\"color: #6d98dc;\"><strong>Los alimentos que <em>tendr\u00e1s que evitar<\/em>:<\/strong><\/span> recomendaremos eliminar de la dieta estos alimentos durante 6 meses y reintroduir despu\u00e9s de forma progresiva.<\/li>\n<li style=\"text-align: justify;\"><span style=\"color: #6d98dc;\"><strong>Los alimentos que<em> tendr\u00e1s que varia<\/em>r:<\/strong><\/span> se incluir\u00e1n los alimentos que presentan un bajo nivel de anticuerpos y que recomendaremos no consumir m\u00e1s de una vez cada 4 o 5 d\u00edas.<\/li>\n<li style=\"text-align: justify;\"><span style=\"color: #6d98dc;\"><strong>Los alimentos <em>sin restricci\u00f3n<\/em>:<\/strong><\/span> no generan niveles detectables de anticuerpos en el organismo, de forma que no hay restricci\u00f3n en su consumo.<\/li>\n<\/ul>\n<p>[\/vc_column_text][\/vc_accordion_tab][\/vc_accordion][vc_empty_space height=&#8221;50px&#8221;][\/vc_column][\/vc_row]<\/p>\n<\/div><!-- AddThis Advanced Settings generic via filter on the_content --><!-- AddThis Share Buttons generic via filter on the_content -->","protected":false},"excerpt":{"rendered":"<p>[vc_row css_animation=&#8221;&#8221; row_type=&#8221;row&#8221; use_row_as_full_screen_section=&#8221;no&#8221; type=&#8221;full_width&#8221; angled_section=&#8221;no&#8221; text_align=&#8221;left&#8221; background_image_as_pattern=&#8221;without_pattern&#8221; background_color=&#8221;#f7f7f7&#8243; section_type=&#8221;full-width&#8221;][vc_column][vc_empty_space height=&#8221;20px&#8221;][vc_empty_space height=&#8221;40px&#8221;][vc_row_inner row_type=&#8221;row&#8221; type=&#8221;full_width&#8221; text_align=&#8221;left&#8221; css_animation=&#8221;&#8221;][vc_column_inner width=&#8221;1\/2&#8243;][vc_single_image image=&#8221;15714&#8243; img_size=&#8221;full&#8221; alignment=&#8221;center&#8221; qode_css_animation=&#8221;&#8221;][vc_empty_space height=&#8221;40px&#8221;][\/vc_column_inner][vc_column_inner width=&#8221;1\/2&#8243;][vc_column_text] Un test de intolerancia alimentaria\u00a0permitir\u00e1\u00a0detectar, mediante una sencilla extracci\u00f3n de sangre, aquellos alimentos potencialmente perjudiciales para la persona, una informaci\u00f3n muy valiosa&#8230;<!-- AddThis Advanced Settings generic via filter on get_the_excerpt --><!-- AddThis Share Buttons generic via filter on get_the_excerpt --><\/p>\n","protected":false},"author":25,"featured_media":15714,"parent":10169,"menu_order":0,"comment_status":"closed","ping_status":"closed","template":"","meta":{"footnotes":""},"class_list":["post-9994","page","type-page","status-publish","has-post-thumbnail","hentry"],"yoast_head":"<!-- This site is optimized with the Yoast SEO Premium plugin v26.9 (Yoast SEO v27.5) - https:\/\/yoast.com\/product\/yoast-seo-premium-wordpress\/ -->\n<title>Test de intolerancia alimentaria | Canons Clinics\u00ae<\/title>\n<meta name=\"description\" content=\"Test de intolerancia alimentaria en Barcelona y Granollers para identificar molestias y mejorar tu dieta. Asesoramiento y plan personalizado.\" \/>\n<meta name=\"robots\" content=\"index, follow, max-snippet:-1, max-image-preview:large, max-video-preview:-1\" \/>\n<link rel=\"canonical\" href=\"https:\/\/www.canons.es\/en\/dietetica-y-nutricion\/test-de-intolerancia-alimentaria-2\/\" \/>\n<meta property=\"og:locale\" content=\"en_US\" \/>\n<meta property=\"og:type\" content=\"article\" \/>\n<meta property=\"og:title\" content=\"Test de Intolerancia Alimentaria\" \/>\n<meta property=\"og:description\" content=\"Test de intolerancia alimentaria en Barcelona y Granollers para identificar molestias y mejorar tu dieta. Asesoramiento y plan personalizado.\" \/>\n<meta property=\"og:url\" content=\"https:\/\/www.canons.es\/en\/dietetica-y-nutricion\/test-de-intolerancia-alimentaria-2\/\" \/>\n<meta property=\"og:site_name\" content=\"Canons Clinic | Surgery and Aesthetic Medicine in Barcelona, \u200b\u200bGranollers\" \/>\n<meta property=\"article:publisher\" content=\"https:\/\/www.facebook.com\/canonsclinics\/\" \/>\n<meta property=\"article:modified_time\" content=\"2026-02-18T12:42:22+00:00\" \/>\n<meta property=\"og:image\" content=\"https:\/\/www.canons.es\/wp-content\/uploads\/2015\/09\/test-intolerancia-alimentaria-barcelona.jpg\" \/>\n\t<meta property=\"og:image:width\" content=\"456\" \/>\n\t<meta property=\"og:image:height\" content=\"185\" \/>\n\t<meta property=\"og:image:type\" content=\"image\/jpeg\" \/>\n<meta name=\"twitter:card\" content=\"summary_large_image\" \/>\n<meta name=\"twitter:site\" content=\"@canonsclinics\" \/>\n<meta name=\"twitter:label1\" content=\"Est. reading time\" \/>\n\t<meta name=\"twitter:data1\" content=\"3 minutes\" \/>\n<script type=\"application\/ld+json\" class=\"yoast-schema-graph\">{\"@context\":\"https:\\\/\\\/schema.org\",\"@graph\":[{\"@type\":\"WebPage\",\"@id\":\"https:\\\/\\\/www.canons.es\\\/en\\\/dietetica-y-nutricion\\\/test-de-intolerancia-alimentaria-2\\\/\",\"url\":\"https:\\\/\\\/www.canons.es\\\/en\\\/dietetica-y-nutricion\\\/test-de-intolerancia-alimentaria-2\\\/\",\"name\":\"Test de intolerancia alimentaria | Canons Clinics\u00ae\",\"isPartOf\":{\"@id\":\"https:\\\/\\\/www.canons.es\\\/#website\"},\"primaryImageOfPage\":{\"@id\":\"https:\\\/\\\/www.canons.es\\\/en\\\/dietetica-y-nutricion\\\/test-de-intolerancia-alimentaria-2\\\/#primaryimage\"},\"image\":{\"@id\":\"https:\\\/\\\/www.canons.es\\\/en\\\/dietetica-y-nutricion\\\/test-de-intolerancia-alimentaria-2\\\/#primaryimage\"},\"thumbnailUrl\":\"https:\\\/\\\/www.canons.es\\\/wp-content\\\/uploads\\\/2015\\\/09\\\/test-intolerancia-alimentaria-barcelona.jpg\",\"datePublished\":\"2015-09-21T13:45:37+00:00\",\"dateModified\":\"2026-02-18T12:42:22+00:00\",\"description\":\"Test de intolerancia alimentaria en Barcelona y Granollers para identificar molestias y mejorar tu dieta. Asesoramiento y plan personalizado.\",\"breadcrumb\":{\"@id\":\"https:\\\/\\\/www.canons.es\\\/en\\\/dietetica-y-nutricion\\\/test-de-intolerancia-alimentaria-2\\\/#breadcrumb\"},\"inLanguage\":\"en-US\",\"potentialAction\":[{\"@type\":\"ReadAction\",\"target\":[\"https:\\\/\\\/www.canons.es\\\/en\\\/dietetica-y-nutricion\\\/test-de-intolerancia-alimentaria-2\\\/\"]}]},{\"@type\":\"ImageObject\",\"inLanguage\":\"en-US\",\"@id\":\"https:\\\/\\\/www.canons.es\\\/en\\\/dietetica-y-nutricion\\\/test-de-intolerancia-alimentaria-2\\\/#primaryimage\",\"url\":\"https:\\\/\\\/www.canons.es\\\/wp-content\\\/uploads\\\/2015\\\/09\\\/test-intolerancia-alimentaria-barcelona.jpg\",\"contentUrl\":\"https:\\\/\\\/www.canons.es\\\/wp-content\\\/uploads\\\/2015\\\/09\\\/test-intolerancia-alimentaria-barcelona.jpg\",\"width\":456,\"height\":185,\"caption\":\"Test de intolerancia alimentaria en Barcelona y Granollers para detectar molestias y mejorar la dieta con asesoramiento personalizado.\"},{\"@type\":\"BreadcrumbList\",\"@id\":\"https:\\\/\\\/www.canons.es\\\/en\\\/dietetica-y-nutricion\\\/test-de-intolerancia-alimentaria-2\\\/#breadcrumb\",\"itemListElement\":[{\"@type\":\"ListItem\",\"position\":1,\"name\":\"Portada\",\"item\":\"https:\\\/\\\/www.canons.es\\\/en\\\/\"},{\"@type\":\"ListItem\",\"position\":2,\"name\":\"DIETETICS AND NUTRITION\",\"item\":\"https:\\\/\\\/www.canons.es\\\/en\\\/dietetica-y-nutricion\\\/\"},{\"@type\":\"ListItem\",\"position\":3,\"name\":\"Test de Intolerancia Alimentaria\"}]},{\"@type\":\"WebSite\",\"@id\":\"https:\\\/\\\/www.canons.es\\\/#website\",\"url\":\"https:\\\/\\\/www.canons.es\\\/\",\"name\":\"Cirug\u00eda Pl\u00e1stica y Est\u00e9tica Barcelona y Granollers | C\u00e0nons Clinics\",\"description\":\"\",\"publisher\":{\"@id\":\"https:\\\/\\\/www.canons.es\\\/#organization\"},\"potentialAction\":[{\"@type\":\"SearchAction\",\"target\":{\"@type\":\"EntryPoint\",\"urlTemplate\":\"https:\\\/\\\/www.canons.es\\\/?s={search_term_string}\"},\"query-input\":{\"@type\":\"PropertyValueSpecification\",\"valueRequired\":true,\"valueName\":\"search_term_string\"}}],\"inLanguage\":\"en-US\"},{\"@type\":\"Organization\",\"@id\":\"https:\\\/\\\/www.canons.es\\\/#organization\",\"name\":\"Cirug\u00eda Pl\u00e1stica y Est\u00e9tica Barcelona y Granollers | C\u00e0nons Clinics\",\"url\":\"https:\\\/\\\/www.canons.es\\\/\",\"logo\":{\"@type\":\"ImageObject\",\"inLanguage\":\"en-US\",\"@id\":\"https:\\\/\\\/www.canons.es\\\/#\\\/schema\\\/logo\\\/image\\\/\",\"url\":\"https:\\\/\\\/www.canons.es\\\/wp-content\\\/uploads\\\/2025\\\/04\\\/logo-canons-clinics.jpg\",\"contentUrl\":\"https:\\\/\\\/www.canons.es\\\/wp-content\\\/uploads\\\/2025\\\/04\\\/logo-canons-clinics.jpg\",\"width\":600,\"height\":139,\"caption\":\"Cirug\u00eda Pl\u00e1stica y Est\u00e9tica Barcelona y Granollers | C\u00e0nons Clinics\"},\"image\":{\"@id\":\"https:\\\/\\\/www.canons.es\\\/#\\\/schema\\\/logo\\\/image\\\/\"},\"sameAs\":[\"https:\\\/\\\/www.facebook.com\\\/canonsclinics\\\/\",\"https:\\\/\\\/x.com\\\/canonsclinics\",\"https:\\\/\\\/www.instagram.com\\\/canonsclinics\\\/\",\"https:\\\/\\\/www.youtube.com\\\/channel\\\/UCI1Ia6LjALyo1CuQ0_HwtfQ\",\"https:\\\/\\\/www.linkedin.com\\\/company\\\/canons-clinics\\\/\"]}]}<\/script>\n<!-- \/ Yoast SEO Premium plugin. -->","yoast_head_json":{"title":"Test de intolerancia alimentaria | Canons Clinics\u00ae","description":"Test de intolerancia alimentaria en Barcelona y Granollers para identificar molestias y mejorar tu dieta. Asesoramiento y plan personalizado.","robots":{"index":"index","follow":"follow","max-snippet":"max-snippet:-1","max-image-preview":"max-image-preview:large","max-video-preview":"max-video-preview:-1"},"canonical":"https:\/\/www.canons.es\/en\/dietetica-y-nutricion\/test-de-intolerancia-alimentaria-2\/","og_locale":"en_US","og_type":"article","og_title":"Test de Intolerancia Alimentaria","og_description":"Test de intolerancia alimentaria en Barcelona y Granollers para identificar molestias y mejorar tu dieta. Asesoramiento y plan personalizado.","og_url":"https:\/\/www.canons.es\/en\/dietetica-y-nutricion\/test-de-intolerancia-alimentaria-2\/","og_site_name":"Canons Clinic | Surgery and Aesthetic Medicine in Barcelona, \u200b\u200bGranollers","article_publisher":"https:\/\/www.facebook.com\/canonsclinics\/","article_modified_time":"2026-02-18T12:42:22+00:00","og_image":[{"width":456,"height":185,"url":"https:\/\/www.canons.es\/wp-content\/uploads\/2015\/09\/test-intolerancia-alimentaria-barcelona.jpg","type":"image\/jpeg"}],"twitter_card":"summary_large_image","twitter_site":"@canonsclinics","twitter_misc":{"Est. reading time":"3 minutes"},"schema":{"@context":"https:\/\/schema.org","@graph":[{"@type":"WebPage","@id":"https:\/\/www.canons.es\/en\/dietetica-y-nutricion\/test-de-intolerancia-alimentaria-2\/","url":"https:\/\/www.canons.es\/en\/dietetica-y-nutricion\/test-de-intolerancia-alimentaria-2\/","name":"Test de intolerancia alimentaria | Canons Clinics\u00ae","isPartOf":{"@id":"https:\/\/www.canons.es\/#website"},"primaryImageOfPage":{"@id":"https:\/\/www.canons.es\/en\/dietetica-y-nutricion\/test-de-intolerancia-alimentaria-2\/#primaryimage"},"image":{"@id":"https:\/\/www.canons.es\/en\/dietetica-y-nutricion\/test-de-intolerancia-alimentaria-2\/#primaryimage"},"thumbnailUrl":"https:\/\/www.canons.es\/wp-content\/uploads\/2015\/09\/test-intolerancia-alimentaria-barcelona.jpg","datePublished":"2015-09-21T13:45:37+00:00","dateModified":"2026-02-18T12:42:22+00:00","description":"Test de intolerancia alimentaria en Barcelona y Granollers para identificar molestias y mejorar tu dieta. Asesoramiento y plan personalizado.","breadcrumb":{"@id":"https:\/\/www.canons.es\/en\/dietetica-y-nutricion\/test-de-intolerancia-alimentaria-2\/#breadcrumb"},"inLanguage":"en-US","potentialAction":[{"@type":"ReadAction","target":["https:\/\/www.canons.es\/en\/dietetica-y-nutricion\/test-de-intolerancia-alimentaria-2\/"]}]},{"@type":"ImageObject","inLanguage":"en-US","@id":"https:\/\/www.canons.es\/en\/dietetica-y-nutricion\/test-de-intolerancia-alimentaria-2\/#primaryimage","url":"https:\/\/www.canons.es\/wp-content\/uploads\/2015\/09\/test-intolerancia-alimentaria-barcelona.jpg","contentUrl":"https:\/\/www.canons.es\/wp-content\/uploads\/2015\/09\/test-intolerancia-alimentaria-barcelona.jpg","width":456,"height":185,"caption":"Test de intolerancia alimentaria en Barcelona y Granollers para detectar molestias y mejorar la dieta con asesoramiento personalizado."},{"@type":"BreadcrumbList","@id":"https:\/\/www.canons.es\/en\/dietetica-y-nutricion\/test-de-intolerancia-alimentaria-2\/#breadcrumb","itemListElement":[{"@type":"ListItem","position":1,"name":"Portada","item":"https:\/\/www.canons.es\/en\/"},{"@type":"ListItem","position":2,"name":"DIETETICS AND NUTRITION","item":"https:\/\/www.canons.es\/en\/dietetica-y-nutricion\/"},{"@type":"ListItem","position":3,"name":"Test de Intolerancia Alimentaria"}]},{"@type":"WebSite","@id":"https:\/\/www.canons.es\/#website","url":"https:\/\/www.canons.es\/","name":"Cirug\u00eda Pl\u00e1stica y Est\u00e9tica Barcelona y Granollers | C\u00e0nons Clinics","description":"","publisher":{"@id":"https:\/\/www.canons.es\/#organization"},"potentialAction":[{"@type":"SearchAction","target":{"@type":"EntryPoint","urlTemplate":"https:\/\/www.canons.es\/?s={search_term_string}"},"query-input":{"@type":"PropertyValueSpecification","valueRequired":true,"valueName":"search_term_string"}}],"inLanguage":"en-US"},{"@type":"Organization","@id":"https:\/\/www.canons.es\/#organization","name":"Cirug\u00eda Pl\u00e1stica y Est\u00e9tica Barcelona y Granollers | C\u00e0nons Clinics","url":"https:\/\/www.canons.es\/","logo":{"@type":"ImageObject","inLanguage":"en-US","@id":"https:\/\/www.canons.es\/#\/schema\/logo\/image\/","url":"https:\/\/www.canons.es\/wp-content\/uploads\/2025\/04\/logo-canons-clinics.jpg","contentUrl":"https:\/\/www.canons.es\/wp-content\/uploads\/2025\/04\/logo-canons-clinics.jpg","width":600,"height":139,"caption":"Cirug\u00eda Pl\u00e1stica y Est\u00e9tica Barcelona y Granollers | C\u00e0nons Clinics"},"image":{"@id":"https:\/\/www.canons.es\/#\/schema\/logo\/image\/"},"sameAs":["https:\/\/www.facebook.com\/canonsclinics\/","https:\/\/x.com\/canonsclinics","https:\/\/www.instagram.com\/canonsclinics\/","https:\/\/www.youtube.com\/channel\/UCI1Ia6LjALyo1CuQ0_HwtfQ","https:\/\/www.linkedin.com\/company\/canons-clinics\/"]}]}},"_links":{"self":[{"href":"https:\/\/www.canons.es\/en\/wp-json\/wp\/v2\/pages\/9994","targetHints":{"allow":["GET"]}}],"collection":[{"href":"https:\/\/www.canons.es\/en\/wp-json\/wp\/v2\/pages"}],"about":[{"href":"https:\/\/www.canons.es\/en\/wp-json\/wp\/v2\/types\/page"}],"author":[{"embeddable":true,"href":"https:\/\/www.canons.es\/en\/wp-json\/wp\/v2\/users\/25"}],"replies":[{"embeddable":true,"href":"https:\/\/www.canons.es\/en\/wp-json\/wp\/v2\/comments?post=9994"}],"version-history":[{"count":0,"href":"https:\/\/www.canons.es\/en\/wp-json\/wp\/v2\/pages\/9994\/revisions"}],"up":[{"embeddable":true,"href":"https:\/\/www.canons.es\/en\/wp-json\/wp\/v2\/pages\/10169"}],"wp:featuredmedia":[{"embeddable":true,"href":"https:\/\/www.canons.es\/en\/wp-json\/wp\/v2\/media\/15714"}],"wp:attachment":[{"href":"https:\/\/www.canons.es\/en\/wp-json\/wp\/v2\/media?parent=9994"}],"curies":[{"name":"wp","href":"https:\/\/api.w.org\/{rel}","templated":true}]}}