{"id":9947,"date":"2015-09-18T14:58:23","date_gmt":"2015-09-18T14:58:23","guid":{"rendered":"https:\/\/www.canons.es\/en\/dietas-medicas-hipocaloricas\/"},"modified":"2019-04-10T09:15:11","modified_gmt":"2019-04-10T09:15:11","slug":"dietas-medicas-hipocaloricas","status":"publish","type":"page","link":"https:\/\/www.canons.es\/en\/dietetica-y-nutricion\/dietas-medicas-hipocaloricas\/","title":{"rendered":"Dietas M\u00e9dicas Hipocal\u00f3ricas"},"content":{"rendered":"<div class=\"wpb-content-wrapper\"><p>[vc_row css_animation=&#8221;&#8221; row_type=&#8221;row&#8221; use_row_as_full_screen_section=&#8221;no&#8221; type=&#8221;full_width&#8221; angled_section=&#8221;no&#8221; text_align=&#8221;left&#8221; background_image_as_pattern=&#8221;without_pattern&#8221; background_color=&#8221;#f7f7f7&#8243; padding=&#8221;medium&#8221; vpadding=&#8221;medium&#8221; section_type=&#8221;full-width&#8221; sp_top=&#8221;0&#8243; sp_bottom=&#8221;0&#8243; enable_border=&#8221;&#8221; enable_bottom_border=&#8221;&#8221; bg_type=&#8221;image&#8221; equal_height=&#8221;&#8221; background_style=&#8221;stretch&#8221; fixed_bg=&#8221;no&#8221; enable_parallax=&#8221;no&#8221; height=&#8221;content&#8221; bg_overlay=&#8221;&#8221; bg_overlay_opacity=&#8221;0.4&#8243; bg_overlay_dot=&#8221;no&#8221; enable_triangle=&#8221;&#8221; triangle_location=&#8221;top&#8221;][vc_column p_top=&#8221;0&#8243; p_bottom=&#8221;0&#8243; p_left=&#8221;0&#8243; p_right=&#8221;0&#8243; color_scheme=&#8221;&#8221; bg_overlay=&#8221;&#8221; bg_overlay_color=&#8221;&#8221; bg_overlay_opacity=&#8221;0.4&#8243;][vc_empty_space height=&#8221;40px&#8221;][vc_row_inner row_type=&#8221;row&#8221; type=&#8221;full_width&#8221; text_align=&#8221;left&#8221; css_animation=&#8221;&#8221; padding=&#8221;medium&#8221; vpadding=&#8221;medium&#8221;][vc_column_inner width=&#8221;1\/2&#8243;][vc_single_image image=&#8221;8334&#8243; img_size=&#8221;full&#8221; alignment=&#8221;center&#8221; qode_css_animation=&#8221;&#8221; css_animation_delay=&#8221;100&#8243; img_align=&#8221;none&#8221; target=&#8221;_self&#8221; img_lightbox=&#8221;&#8221;][\/vc_column_inner][vc_column_inner width=&#8221;1\/2&#8243;][vc_column_text]<\/p>\n<p style=\"text-align: justify;\">La dieta equilibrada y sana nos ayuda a mantener una salud confortable. La dieta es b\u00e1sica en el tratamiento de numerosas patolog\u00edas como la obesidad, un grave problema de salud p\u00fablica que va en aumento o determinados factores de riesgo de enfermedad cardiovascular como hipercolesterolemia, hiperuricemia\u2026<\/p>\n<p style=\"text-align: justify;\">De entrada <span style=\"color: #6d98dc;\"><strong>se hace un estudio de los h\u00e1bitos alimentarios, estudio hematol\u00f3gico y bioqu\u00edmico, permite elaborar una dieta hipocal\u00f3rica personalizada<\/strong><\/span> que nos ayudar\u00e1 a adquirir y mantener unos h\u00e1bitos alimentarios adecuados.<\/p>\n<p style=\"text-align: justify;\"><span style=\"color: #6d98dc;\"><strong>Las dietas hipocal\u00f3rica deben ser personalizadas<\/strong><\/span> ya que existen factores externos, psicol\u00f3gicos, laborales, sociales, etc. que se deben tener en cuenta y valorarlos.<\/p>\n<p style=\"text-align: justify;\">Conseguir el peso adecuado deseado es posible con el control de profesionales y, sobre todo, el esfuerzo y constancia del paciente.<\/p>\n<p>[\/vc_column_text][\/vc_column_inner][\/vc_row_inner][\/vc_column][\/vc_row][vc_row css_animation=&#8221;&#8221; row_type=&#8221;row&#8221; use_row_as_full_screen_section=&#8221;no&#8221; type=&#8221;full_width&#8221; angled_section=&#8221;no&#8221; text_align=&#8221;left&#8221; background_image_as_pattern=&#8221;without_pattern&#8221; padding=&#8221;medium&#8221; vpadding=&#8221;medium&#8221; section_type=&#8221;full-width&#8221; sp_top=&#8221;0&#8243; sp_bottom=&#8221;0&#8243; enable_border=&#8221;&#8221; enable_bottom_border=&#8221;&#8221; bg_type=&#8221;image&#8221; equal_height=&#8221;&#8221; background_style=&#8221;stretch&#8221; fixed_bg=&#8221;no&#8221; enable_parallax=&#8221;no&#8221; height=&#8221;content&#8221; bg_overlay=&#8221;&#8221; bg_overlay_opacity=&#8221;0.4&#8243; bg_overlay_dot=&#8221;no&#8221; enable_triangle=&#8221;&#8221; triangle_location=&#8221;top&#8221;][vc_column p_top=&#8221;0&#8243; p_bottom=&#8221;0&#8243; p_left=&#8221;0&#8243; p_right=&#8221;0&#8243; color_scheme=&#8221;&#8221; bg_overlay=&#8221;&#8221; bg_overlay_color=&#8221;&#8221; bg_overlay_opacity=&#8221;0.4&#8243;][vc_empty_space][vc_accordion style=&#8221;accordion&#8221; disable_keyboard=&#8221;&#8221;][vc_accordion_tab title=&#8221;\u00bfPuedo complementar la Dieta Hipocal\u00f3rica con tratamientos de Remodelaci\u00f3n del Contorno Corporal?&#8221;][vc_column_text]<\/p>\n<p style=\"text-align: justify;\">Como tratamiento complementario a las dietas, en algunos casos <span style=\"color: #6d98dc;\"><strong>la disminuci\u00f3n de peso se complementa con otros tratamientos medicoest\u00e9ticos<\/strong><\/span> tales como la <a href=\"http:\/\/www.C\u00e0nons Clinics.es\/mesoterapia-corporal-para-combatir-la-celulitis\/\">Mesoterapia Corporal<\/a> mediante inyecciones intrad\u00e9rmicas de productos homeop\u00e1ticos, la <a href=\"http:\/\/www.C\u00e0nons Clinics.es\/intralipoterapia-con-aqualyx\/\">Intralipoterapia con Aqualyx<\/a>\u00a0o una\u00a0<a href=\"http:\/\/www.C\u00e0nons Clinics.es\/lipoescultura-corporal-asistida-por-laser\/\">Lipoescultura asistida por L\u00e1ser<\/a>, entre otros\u2026<\/p>\n<p style=\"text-align: justify;\">El objetivo principal es una <span style=\"color: #6d98dc;\"><strong>remodelaci\u00f3n del contorno corporal de las zonas que presentan acumulaci\u00f3n de grasa y celulitits localizada<\/strong><\/span> mediante inyecciones intrad\u00e9rmicas de productos homeop\u00e1ticos que activan la circulaci\u00f3n y eliminan contenido graso.<\/p>\n<p>[\/vc_column_text][\/vc_accordion_tab][\/vc_accordion][\/vc_column][\/vc_row]<\/p>\n<\/div><!-- AddThis Advanced Settings generic via filter on the_content --><!-- AddThis Share Buttons generic via filter on the_content -->","protected":false},"excerpt":{"rendered":"<p>[vc_row css_animation=&#8221;&#8221; row_type=&#8221;row&#8221; use_row_as_full_screen_section=&#8221;no&#8221; type=&#8221;full_width&#8221; angled_section=&#8221;no&#8221; text_align=&#8221;left&#8221; background_image_as_pattern=&#8221;without_pattern&#8221; background_color=&#8221;#f7f7f7&#8243; padding=&#8221;medium&#8221; vpadding=&#8221;medium&#8221; section_type=&#8221;full-width&#8221; sp_top=&#8221;0&#8243; sp_bottom=&#8221;0&#8243; enable_border=&#8221;&#8221; enable_bottom_border=&#8221;&#8221; bg_type=&#8221;image&#8221; equal_height=&#8221;&#8221; background_style=&#8221;stretch&#8221; fixed_bg=&#8221;no&#8221; enable_parallax=&#8221;no&#8221; height=&#8221;content&#8221; bg_overlay=&#8221;&#8221; bg_overlay_opacity=&#8221;0.4&#8243; bg_overlay_dot=&#8221;no&#8221; enable_triangle=&#8221;&#8221; triangle_location=&#8221;top&#8221;][vc_column p_top=&#8221;0&#8243; p_bottom=&#8221;0&#8243; p_left=&#8221;0&#8243; p_right=&#8221;0&#8243; color_scheme=&#8221;&#8221; bg_overlay=&#8221;&#8221; bg_overlay_color=&#8221;&#8221; bg_overlay_opacity=&#8221;0.4&#8243;][vc_empty_space height=&#8221;40px&#8221;][vc_row_inner row_type=&#8221;row&#8221; type=&#8221;full_width&#8221; text_align=&#8221;left&#8221; css_animation=&#8221;&#8221; padding=&#8221;medium&#8221; vpadding=&#8221;medium&#8221;][vc_column_inner width=&#8221;1\/2&#8243;][vc_single_image image=&#8221;8334&#8243; img_size=&#8221;full&#8221;&#8230;<!-- AddThis Advanced Settings generic via filter on get_the_excerpt --><!-- AddThis Share Buttons generic via filter on get_the_excerpt --><\/p>\n","protected":false},"author":25,"featured_media":0,"parent":10169,"menu_order":0,"comment_status":"closed","ping_status":"closed","template":"","meta":{"footnotes":""},"class_list":["post-9947","page","type-page","status-publish","hentry"],"yoast_head":"<!-- This site is optimized with the Yoast SEO Premium plugin v26.9 (Yoast SEO v27.2) - https:\/\/yoast.com\/product\/yoast-seo-premium-wordpress\/ -->\n<title>Dietas M\u00e9dicas Hipocal\u00f3ricas - Canons Clinic | Surgery and Aesthetic Medicine in Barcelona, \u200b\u200bGranollers<\/title>\n<meta name=\"robots\" content=\"index, follow, max-snippet:-1, max-image-preview:large, max-video-preview:-1\" \/>\n<link rel=\"canonical\" href=\"https:\/\/www.canons.es\/dietetica-y-nutricion-2\/dietas-medicas-hipocaloricas-2\/\" \/>\n<meta property=\"og:locale\" content=\"en_US\" \/>\n<meta property=\"og:type\" content=\"article\" \/>\n<meta property=\"og:title\" content=\"Dietas M\u00e9dicas Hipocal\u00f3ricas\" \/>\n<meta property=\"og:description\" content=\"[vc_row css_animation=&#8221;&#8221; row_type=&#8221;row&#8221; use_row_as_full_screen_section=&#8221;no&#8221; type=&#8221;full_width&#8221; angled_section=&#8221;no&#8221; text_align=&#8221;left&#8221; background_image_as_pattern=&#8221;without_pattern&#8221; background_color=&#8221;#f7f7f7&#8243; padding=&#8221;medium&#8221; vpadding=&#8221;medium&#8221; section_type=&#8221;full-width&#8221; sp_top=&#8221;0&#8243; sp_bottom=&#8221;0&#8243; enable_border=&#8221;&#8221; enable_bottom_border=&#8221;&#8221; bg_type=&#8221;image&#8221; equal_height=&#8221;&#8221; background_style=&#8221;stretch&#8221; fixed_bg=&#8221;no&#8221; enable_parallax=&#8221;no&#8221; height=&#8221;content&#8221; bg_overlay=&#8221;&#8221; bg_overlay_opacity=&#8221;0.4&#8243; bg_overlay_dot=&#8221;no&#8221; enable_triangle=&#8221;&#8221; triangle_location=&#8221;top&#8221;][vc_column p_top=&#8221;0&#8243; p_bottom=&#8221;0&#8243; p_left=&#8221;0&#8243; p_right=&#8221;0&#8243; color_scheme=&#8221;&#8221; bg_overlay=&#8221;&#8221; bg_overlay_color=&#8221;&#8221; bg_overlay_opacity=&#8221;0.4&#8243;][vc_empty_space height=&#8221;40px&#8221;][vc_row_inner row_type=&#8221;row&#8221; type=&#8221;full_width&#8221; text_align=&#8221;left&#8221; css_animation=&#8221;&#8221; padding=&#8221;medium&#8221; vpadding=&#8221;medium&#8221;][vc_column_inner width=&#8221;1\/2&#8243;][vc_single_image image=&#8221;8334&#8243; img_size=&#8221;full&#8221;...\" \/>\n<meta property=\"og:url\" content=\"https:\/\/www.canons.es\/dietetica-y-nutricion-2\/dietas-medicas-hipocaloricas-2\/\" \/>\n<meta property=\"og:site_name\" content=\"Canons Clinic | Surgery and Aesthetic Medicine in Barcelona, \u200b\u200bGranollers\" \/>\n<meta property=\"article:publisher\" content=\"https:\/\/www.facebook.com\/canonsclinics\/\" \/>\n<meta property=\"article:modified_time\" content=\"2019-04-10T09:15:11+00:00\" \/>\n<meta name=\"twitter:card\" content=\"summary_large_image\" \/>\n<meta name=\"twitter:site\" content=\"@canonsclinics\" \/>\n<meta name=\"twitter:label1\" content=\"Est. reading time\" \/>\n\t<meta name=\"twitter:data1\" content=\"3 minutes\" \/>\n<script type=\"application\/ld+json\" class=\"yoast-schema-graph\">{\"@context\":\"https:\/\/schema.org\",\"@graph\":[{\"@type\":\"WebPage\",\"@id\":\"https:\/\/www.canons.es\/dietetica-y-nutricion-2\/dietas-medicas-hipocaloricas-2\/\",\"url\":\"https:\/\/www.canons.es\/dietetica-y-nutricion-2\/dietas-medicas-hipocaloricas-2\/\",\"name\":\"Dietas M\u00e9dicas Hipocal\u00f3ricas - Canons Clinic | Surgery and Aesthetic Medicine in Barcelona, \u200b\u200bGranollers\",\"isPartOf\":{\"@id\":\"https:\/\/www.canons.es\/#website\"},\"datePublished\":\"2015-09-18T14:58:23+00:00\",\"dateModified\":\"2019-04-10T09:15:11+00:00\",\"breadcrumb\":{\"@id\":\"https:\/\/www.canons.es\/dietetica-y-nutricion-2\/dietas-medicas-hipocaloricas-2\/#breadcrumb\"},\"inLanguage\":\"en-US\",\"potentialAction\":[{\"@type\":\"ReadAction\",\"target\":[\"https:\/\/www.canons.es\/dietetica-y-nutricion-2\/dietas-medicas-hipocaloricas-2\/\"]}]},{\"@type\":\"BreadcrumbList\",\"@id\":\"https:\/\/www.canons.es\/dietetica-y-nutricion-2\/dietas-medicas-hipocaloricas-2\/#breadcrumb\",\"itemListElement\":[{\"@type\":\"ListItem\",\"position\":1,\"name\":\"Portada\",\"item\":\"https:\/\/www.canons.es\/en\/\"},{\"@type\":\"ListItem\",\"position\":2,\"name\":\"DIETETICS AND NUTRITION\",\"item\":\"https:\/\/www.canons.es\/en\/dietetica-y-nutricion\/\"},{\"@type\":\"ListItem\",\"position\":3,\"name\":\"Dietas M\u00e9dicas Hipocal\u00f3ricas\"}]},{\"@type\":\"WebSite\",\"@id\":\"https:\/\/www.canons.es\/#website\",\"url\":\"https:\/\/www.canons.es\/\",\"name\":\"Cirug\u00eda Pl\u00e1stica y Est\u00e9tica Barcelona y Granollers | C\u00e0nons Clinics\",\"description\":\"\",\"publisher\":{\"@id\":\"https:\/\/www.canons.es\/#organization\"},\"potentialAction\":[{\"@type\":\"SearchAction\",\"target\":{\"@type\":\"EntryPoint\",\"urlTemplate\":\"https:\/\/www.canons.es\/?s={search_term_string}\"},\"query-input\":{\"@type\":\"PropertyValueSpecification\",\"valueRequired\":true,\"valueName\":\"search_term_string\"}}],\"inLanguage\":\"en-US\"},{\"@type\":\"Organization\",\"@id\":\"https:\/\/www.canons.es\/#organization\",\"name\":\"Cirug\u00eda Pl\u00e1stica y Est\u00e9tica Barcelona y Granollers | C\u00e0nons Clinics\",\"url\":\"https:\/\/www.canons.es\/\",\"logo\":{\"@type\":\"ImageObject\",\"inLanguage\":\"en-US\",\"@id\":\"https:\/\/www.canons.es\/#\/schema\/logo\/image\/\",\"url\":\"https:\/\/www.canons.es\/wp-content\/uploads\/2025\/04\/logo-canons-clinics.jpg\",\"contentUrl\":\"https:\/\/www.canons.es\/wp-content\/uploads\/2025\/04\/logo-canons-clinics.jpg\",\"width\":600,\"height\":139,\"caption\":\"Cirug\u00eda Pl\u00e1stica y Est\u00e9tica Barcelona y Granollers | C\u00e0nons Clinics\"},\"image\":{\"@id\":\"https:\/\/www.canons.es\/#\/schema\/logo\/image\/\"},\"sameAs\":[\"https:\/\/www.facebook.com\/canonsclinics\/\",\"https:\/\/x.com\/canonsclinics\",\"https:\/\/www.instagram.com\/canonsclinics\/\",\"https:\/\/www.youtube.com\/channel\/UCI1Ia6LjALyo1CuQ0_HwtfQ\",\"https:\/\/www.linkedin.com\/company\/canons-clinics\/\"]}]}<\/script>\n<!-- \/ Yoast SEO Premium plugin. -->","yoast_head_json":{"title":"Dietas M\u00e9dicas Hipocal\u00f3ricas - Canons Clinic | Surgery and Aesthetic Medicine in Barcelona, \u200b\u200bGranollers","robots":{"index":"index","follow":"follow","max-snippet":"max-snippet:-1","max-image-preview":"max-image-preview:large","max-video-preview":"max-video-preview:-1"},"canonical":"https:\/\/www.canons.es\/dietetica-y-nutricion-2\/dietas-medicas-hipocaloricas-2\/","og_locale":"en_US","og_type":"article","og_title":"Dietas M\u00e9dicas Hipocal\u00f3ricas","og_description":"[vc_row css_animation=&#8221;&#8221; row_type=&#8221;row&#8221; use_row_as_full_screen_section=&#8221;no&#8221; type=&#8221;full_width&#8221; angled_section=&#8221;no&#8221; text_align=&#8221;left&#8221; background_image_as_pattern=&#8221;without_pattern&#8221; background_color=&#8221;#f7f7f7&#8243; padding=&#8221;medium&#8221; vpadding=&#8221;medium&#8221; section_type=&#8221;full-width&#8221; sp_top=&#8221;0&#8243; sp_bottom=&#8221;0&#8243; enable_border=&#8221;&#8221; enable_bottom_border=&#8221;&#8221; bg_type=&#8221;image&#8221; equal_height=&#8221;&#8221; background_style=&#8221;stretch&#8221; fixed_bg=&#8221;no&#8221; enable_parallax=&#8221;no&#8221; height=&#8221;content&#8221; bg_overlay=&#8221;&#8221; bg_overlay_opacity=&#8221;0.4&#8243; bg_overlay_dot=&#8221;no&#8221; enable_triangle=&#8221;&#8221; triangle_location=&#8221;top&#8221;][vc_column p_top=&#8221;0&#8243; p_bottom=&#8221;0&#8243; p_left=&#8221;0&#8243; p_right=&#8221;0&#8243; color_scheme=&#8221;&#8221; bg_overlay=&#8221;&#8221; bg_overlay_color=&#8221;&#8221; bg_overlay_opacity=&#8221;0.4&#8243;][vc_empty_space height=&#8221;40px&#8221;][vc_row_inner row_type=&#8221;row&#8221; type=&#8221;full_width&#8221; text_align=&#8221;left&#8221; css_animation=&#8221;&#8221; padding=&#8221;medium&#8221; vpadding=&#8221;medium&#8221;][vc_column_inner width=&#8221;1\/2&#8243;][vc_single_image image=&#8221;8334&#8243; img_size=&#8221;full&#8221;...","og_url":"https:\/\/www.canons.es\/dietetica-y-nutricion-2\/dietas-medicas-hipocaloricas-2\/","og_site_name":"Canons Clinic | Surgery and Aesthetic Medicine in Barcelona, \u200b\u200bGranollers","article_publisher":"https:\/\/www.facebook.com\/canonsclinics\/","article_modified_time":"2019-04-10T09:15:11+00:00","twitter_card":"summary_large_image","twitter_site":"@canonsclinics","twitter_misc":{"Est. reading time":"3 minutes"},"schema":{"@context":"https:\/\/schema.org","@graph":[{"@type":"WebPage","@id":"https:\/\/www.canons.es\/dietetica-y-nutricion-2\/dietas-medicas-hipocaloricas-2\/","url":"https:\/\/www.canons.es\/dietetica-y-nutricion-2\/dietas-medicas-hipocaloricas-2\/","name":"Dietas M\u00e9dicas Hipocal\u00f3ricas - Canons Clinic | Surgery and Aesthetic Medicine in Barcelona, \u200b\u200bGranollers","isPartOf":{"@id":"https:\/\/www.canons.es\/#website"},"datePublished":"2015-09-18T14:58:23+00:00","dateModified":"2019-04-10T09:15:11+00:00","breadcrumb":{"@id":"https:\/\/www.canons.es\/dietetica-y-nutricion-2\/dietas-medicas-hipocaloricas-2\/#breadcrumb"},"inLanguage":"en-US","potentialAction":[{"@type":"ReadAction","target":["https:\/\/www.canons.es\/dietetica-y-nutricion-2\/dietas-medicas-hipocaloricas-2\/"]}]},{"@type":"BreadcrumbList","@id":"https:\/\/www.canons.es\/dietetica-y-nutricion-2\/dietas-medicas-hipocaloricas-2\/#breadcrumb","itemListElement":[{"@type":"ListItem","position":1,"name":"Portada","item":"https:\/\/www.canons.es\/en\/"},{"@type":"ListItem","position":2,"name":"DIETETICS AND NUTRITION","item":"https:\/\/www.canons.es\/en\/dietetica-y-nutricion\/"},{"@type":"ListItem","position":3,"name":"Dietas M\u00e9dicas Hipocal\u00f3ricas"}]},{"@type":"WebSite","@id":"https:\/\/www.canons.es\/#website","url":"https:\/\/www.canons.es\/","name":"Cirug\u00eda Pl\u00e1stica y Est\u00e9tica Barcelona y Granollers | C\u00e0nons Clinics","description":"","publisher":{"@id":"https:\/\/www.canons.es\/#organization"},"potentialAction":[{"@type":"SearchAction","target":{"@type":"EntryPoint","urlTemplate":"https:\/\/www.canons.es\/?s={search_term_string}"},"query-input":{"@type":"PropertyValueSpecification","valueRequired":true,"valueName":"search_term_string"}}],"inLanguage":"en-US"},{"@type":"Organization","@id":"https:\/\/www.canons.es\/#organization","name":"Cirug\u00eda Pl\u00e1stica y Est\u00e9tica Barcelona y Granollers | C\u00e0nons Clinics","url":"https:\/\/www.canons.es\/","logo":{"@type":"ImageObject","inLanguage":"en-US","@id":"https:\/\/www.canons.es\/#\/schema\/logo\/image\/","url":"https:\/\/www.canons.es\/wp-content\/uploads\/2025\/04\/logo-canons-clinics.jpg","contentUrl":"https:\/\/www.canons.es\/wp-content\/uploads\/2025\/04\/logo-canons-clinics.jpg","width":600,"height":139,"caption":"Cirug\u00eda Pl\u00e1stica y Est\u00e9tica Barcelona y Granollers | C\u00e0nons Clinics"},"image":{"@id":"https:\/\/www.canons.es\/#\/schema\/logo\/image\/"},"sameAs":["https:\/\/www.facebook.com\/canonsclinics\/","https:\/\/x.com\/canonsclinics","https:\/\/www.instagram.com\/canonsclinics\/","https:\/\/www.youtube.com\/channel\/UCI1Ia6LjALyo1CuQ0_HwtfQ","https:\/\/www.linkedin.com\/company\/canons-clinics\/"]}]}},"_links":{"self":[{"href":"https:\/\/www.canons.es\/en\/wp-json\/wp\/v2\/pages\/9947","targetHints":{"allow":["GET"]}}],"collection":[{"href":"https:\/\/www.canons.es\/en\/wp-json\/wp\/v2\/pages"}],"about":[{"href":"https:\/\/www.canons.es\/en\/wp-json\/wp\/v2\/types\/page"}],"author":[{"embeddable":true,"href":"https:\/\/www.canons.es\/en\/wp-json\/wp\/v2\/users\/25"}],"replies":[{"embeddable":true,"href":"https:\/\/www.canons.es\/en\/wp-json\/wp\/v2\/comments?post=9947"}],"version-history":[{"count":0,"href":"https:\/\/www.canons.es\/en\/wp-json\/wp\/v2\/pages\/9947\/revisions"}],"up":[{"embeddable":true,"href":"https:\/\/www.canons.es\/en\/wp-json\/wp\/v2\/pages\/10169"}],"wp:attachment":[{"href":"https:\/\/www.canons.es\/en\/wp-json\/wp\/v2\/media?parent=9947"}],"curies":[{"name":"wp","href":"https:\/\/api.w.org\/{rel}","templated":true}]}}