{"id":9897,"date":"2015-09-16T16:45:43","date_gmt":"2015-09-16T16:45:43","guid":{"rendered":"https:\/\/www.canons.es\/en\/nimfoplastia-o-reduccion-de-labios-menores\/"},"modified":"2020-01-29T14:04:51","modified_gmt":"2020-01-29T14:04:51","slug":"nimfoplastia-o-reduccion-de-labios-menores","status":"publish","type":"page","link":"https:\/\/www.canons.es\/en\/cirugia-plastica-intimate\/nimfoplastia-o-reduccion-de-labios-menores\/","title":{"rendered":"Correcting Nimfoplastia or Labia"},"content":{"rendered":"<div class=\"wpb-content-wrapper\"><p>[vc_row css_animation=&#8221;&#8221; row_type=&#8221;row&#8221; use_row_as_full_screen_section=&#8221;no&#8221; type=&#8221;full_width&#8221; angled_section=&#8221;no&#8221; text_align=&#8221;left&#8221; background_image_as_pattern=&#8221;without_pattern&#8221; background_color=&#8221;#f7f7f7&#8243; section_type=&#8221;full-width&#8221;][vc_column][vc_empty_space height=&#8221;20px&#8221;]<div class=\"custom_font_holder\" style=\"font-family: Raleway; font-size: 35px; line-height: 26px; font-style: normal; font-weight: 300; color: #1e70b3; text-decoration: none; text-align: left;\">NIMFOPLASTIA<\/div>[vc_empty_space height=&#8221;40px&#8221;][vc_row_inner row_type=&#8221;row&#8221; type=&#8221;full_width&#8221; text_align=&#8221;left&#8221; css_animation=&#8221;&#8221;][vc_column_inner width=&#8221;1\/2&#8243;][vc_single_image image=&#8221;8172&#8243; img_size=&#8221;full&#8221; qode_css_animation=&#8221;&#8221;][\/vc_column_inner][vc_column_inner width=&#8221;1\/2&#8243;][vc_column_text]<\/p>\n<p style=\"text-align: justify;\">The nimfoplastia is a surgical procedure designed to<strong> correct alterations in the normal development of the labia minora using a novel technique, <\/strong>making small incisions that are sutured with absorbable material which will eliminate by the body in two weeks.<\/p>\n<p>[\/vc_column_text][\/vc_column_inner][\/vc_row_inner][\/vc_column][\/vc_row][vc_row css_animation=&#8221;&#8221; row_type=&#8221;row&#8221; use_row_as_full_screen_section=&#8221;no&#8221; type=&#8221;full_width&#8221; angled_section=&#8221;no&#8221; text_align=&#8221;left&#8221; background_image_as_pattern=&#8221;without_pattern&#8221; section_type=&#8221;full-width&#8221;][vc_column][vc_empty_space][vc_accordion style=&#8221;accordion&#8221;][vc_accordion_tab title=&#8221;What is the Nimfoplastia or Correcting Labia?&#8221;][vc_column_text]<\/p>\n<div id=\"stcpDiv\">\n<div id=\"stcpDiv\">Consists surgery intended to correct the alterations of normal development labia models using a novel technique making small incisions will be closed with absorbable material that will be phased out by the body in about two weeks, so the Lower Lip cicatrizende gradually and naturally.<\/div>\n<div><\/div>\n<div>This is a surgery that is performed in a clinic or hospital, usually on an outpatient basis under intravenous sedation. in a few hours after surgery will discharge. <strong>It lasts approximately 1 hour.<\/strong><\/div>\n<div><\/div>\n<div><strong>This surgery is done often secondary to other aesthetic plastic surgery.<\/strong><\/div>\n<\/div>\n<p>[\/vc_column_text][\/vc_accordion_tab][vc_accordion_tab title=&#8221;Who is the ideal candidate to undergo Nimfoplastia or Correction Labia?&#8221;][vc_column_text]<\/p>\n<div id=\"stcpDiv\">\n<div id=\"stcpDiv\" style=\"text-align: justify;\">The ideal candidate for the Correction of Labia <strong>women are all well after pregnancy in older or congenital causes young girls\u2026 alterations in size, they have grown disproportionately Labia or are asymmetric, one more than another. <\/strong><\/div>\n<div style=\"text-align: justify;\"><\/div>\n<div style=\"text-align: justify;\">Also, women may be those incomodarles besides the size of the Labia them creates discomfort when wearing tight clothes, have some pain during sex or have certain complex to undress or bikini carrying.<\/div>\n<\/div>\n<p>[\/vc_column_text][\/vc_accordion_tab][vc_accordion_tab title=&#8221;What will return to normal?&#8221;][vc_column_text]<\/p>\n<div id=\"stcpDiv\">\n<div id=\"stcpDiv\" style=\"text-align: justify;\"><strong>After surgery Labia Reduction is normal to be a little tired and bothersome few days.<\/strong><\/div>\n<div style=\"text-align: justify;\"><\/div>\n<div style=\"text-align: justify;\">It will be very important relative rest and the application of local cold during the first 48h. surgery. Most of the discomfort will be controlled smoothly with the pattern of analgesics and anti-inflammatories will you prewritten your plastic surgeon.<\/div>\n<div style=\"text-align: justify;\"><\/div>\n<div style=\"text-align: justify;\">You\u2019ll have to wear a pad to control postoperative spotting which is normal if it is minimal. It is normal to have a bloated feeling in the Labia during the first two weeks. No points will be removed as hypoallergenic using absorbable suture.<\/div>\n<div style=\"text-align: justify;\"><\/div>\n<div style=\"text-align: justify;\"><strong> You\u2019ll be conditioned for up to two or three days depending on your activity, since the area is swollen but not sore.<\/strong> It is not a painful procedure.<\/div>\n<div style=\"text-align: justify;\"><\/div>\n<div style=\"text-align: justify;\">Immediately after Reduction Surgery Labia see the end result. The results are permanent, with no noticeable scars.<\/div>\n<\/div>\n<p>[\/vc_column_text][\/vc_accordion_tab][vc_accordion_tab title=&#8221;How do you plan the Nimfoplastia or Correction Labia?&#8221;][vc_column_text]<\/p>\n<div id=\"stcpDiv\">\n<div id=\"stcpDiv\" style=\"text-align: justify;\">During the initial consultation, your plastic surgeon will evaluate the size and shape of the Labia minora, the firmness of the skin and overall health status. Be required preoperative testing and an EKG if necessary.<\/div>\n<div style=\"text-align: justify;\"><\/div>\n<div style=\"text-align: justify;\">It also will explain what type of anesthesia to be used, the need to enter the clinic where the surgery will be performed and the costs of the intervention.<\/div>\n<div style=\"text-align: justify;\"><\/div>\n<div style=\"text-align: justify;\">You should expose your expectations honestly and frankly, for the plastic surgeon show the alternatives available to suit your needs.<\/div>\n<div style=\"text-align: justify;\"><\/div>\n<div style=\"text-align: justify;\">The doctor will give you instructions on how to prepare for surgery, including guidelines to keep on shooting or suppressing medications, vitamins, iron supplements, food, liquid and snuff.<\/div>\n<div style=\"text-align: justify;\"><\/div>\n<div style=\"text-align: justify;\"><strong>Make sure also that a family member or companion can take you home when you are to be discharged<\/strong> and that if necessary, a few days can help.<\/div>\n<\/div>\n<p>[\/vc_column_text][\/vc_accordion_tab][vc_accordion_tab title=&#8221;What precautions should I take?&#8221;][vc_column_text]<\/p>\n<div id=\"stcpDiv\" style=\"text-align: justify;\">\n<div id=\"stcpDiv\">In order to limit the risk of bleeding and bruising have to <strong>avoid taking in the 7 days before<\/strong> the procedure antiplatelet drugs such as aspirin, dipyridamole, ticlopidine\u2026 as well as in the 3 days prior to taking NSAIDs like Ibuprofen antiplatelet effect, Diclofenac, indomethacin, piroxicam, naproxen\u2026<\/div>\n<\/div>\n<p>[\/vc_column_text][\/vc_accordion_tab][\/vc_accordion][\/vc_column][\/vc_row]<\/p>\n<\/div><!-- AddThis Advanced Settings generic via filter on the_content --><!-- AddThis Share Buttons generic via filter on the_content -->","protected":false},"excerpt":{"rendered":"<p>[vc_row css_animation=&#8221;&#8221; row_type=&#8221;row&#8221; use_row_as_full_screen_section=&#8221;no&#8221; type=&#8221;full_width&#8221; angled_section=&#8221;no&#8221; text_align=&#8221;left&#8221; background_image_as_pattern=&#8221;without_pattern&#8221; background_color=&#8221;#f7f7f7&#8243; section_type=&#8221;full-width&#8221;][vc_column][vc_empty_space height=&#8221;20px&#8221;][vc_empty_space height=&#8221;40px&#8221;][vc_row_inner row_type=&#8221;row&#8221; type=&#8221;full_width&#8221; text_align=&#8221;left&#8221; css_animation=&#8221;&#8221;][vc_column_inner width=&#8221;1\/2&#8243;][vc_single_image image=&#8221;8172&#8243; img_size=&#8221;full&#8221; qode_css_animation=&#8221;&#8221;][\/vc_column_inner][vc_column_inner width=&#8221;1\/2&#8243;][vc_column_text] The nimfoplastia is a surgical procedure designed to correct alterations in the normal development of the labia minora using a novel technique, making small&#8230;<!-- AddThis Advanced Settings generic via filter on get_the_excerpt --><!-- AddThis Share Buttons generic via filter on get_the_excerpt --><\/p>\n","protected":false},"author":25,"featured_media":0,"parent":10034,"menu_order":0,"comment_status":"closed","ping_status":"closed","template":"","meta":{"footnotes":""},"class_list":["post-9897","page","type-page","status-publish","hentry"],"yoast_head":"<!-- This site is optimized with the Yoast SEO Premium plugin v26.9 (Yoast SEO v27.2) - https:\/\/yoast.com\/product\/yoast-seo-premium-wordpress\/ -->\n<title>Correcting Nimfoplastia or Labia - Canons Clinic | Surgery and Aesthetic Medicine in Barcelona, \u200b\u200bGranollers<\/title>\n<meta name=\"robots\" content=\"index, follow, max-snippet:-1, max-image-preview:large, max-video-preview:-1\" \/>\n<link rel=\"canonical\" href=\"https:\/\/www.canons.es\/en\/cirugia-plastica-intimate\/nimfoplastia-o-reduccion-de-labios-menores\/\" \/>\n<meta property=\"og:locale\" content=\"en_US\" \/>\n<meta property=\"og:type\" content=\"article\" \/>\n<meta property=\"og:title\" content=\"Correcting Nimfoplastia or Labia\" \/>\n<meta property=\"og:description\" content=\"[vc_row css_animation=&#8221;&#8221; row_type=&#8221;row&#8221; use_row_as_full_screen_section=&#8221;no&#8221; type=&#8221;full_width&#8221; angled_section=&#8221;no&#8221; text_align=&#8221;left&#8221; background_image_as_pattern=&#8221;without_pattern&#8221; background_color=&#8221;#f7f7f7&#8243; section_type=&#8221;full-width&#8221;][vc_column][vc_empty_space height=&#8221;20px&#8221;][vc_empty_space height=&#8221;40px&#8221;][vc_row_inner row_type=&#8221;row&#8221; type=&#8221;full_width&#8221; text_align=&#8221;left&#8221; css_animation=&#8221;&#8221;][vc_column_inner width=&#8221;1\/2&#8243;][vc_single_image image=&#8221;8172&#8243; img_size=&#8221;full&#8221; qode_css_animation=&#8221;&#8221;][\/vc_column_inner][vc_column_inner width=&#8221;1\/2&#8243;][vc_column_text] The nimfoplastia is a surgical procedure designed to correct alterations in the normal development of the labia minora using a novel technique, making small...\" \/>\n<meta property=\"og:url\" content=\"https:\/\/www.canons.es\/en\/cirugia-plastica-intimate\/nimfoplastia-o-reduccion-de-labios-menores\/\" \/>\n<meta property=\"og:site_name\" content=\"Canons Clinic | Surgery and Aesthetic Medicine in Barcelona, \u200b\u200bGranollers\" \/>\n<meta property=\"article:publisher\" content=\"https:\/\/www.facebook.com\/canonsclinics\/\" \/>\n<meta property=\"article:modified_time\" content=\"2020-01-29T14:04:51+00:00\" \/>\n<meta name=\"twitter:card\" content=\"summary_large_image\" \/>\n<meta name=\"twitter:site\" content=\"@canonsclinics\" \/>\n<meta name=\"twitter:label1\" content=\"Est. reading time\" \/>\n\t<meta name=\"twitter:data1\" content=\"4 minutes\" \/>\n<script type=\"application\/ld+json\" class=\"yoast-schema-graph\">{\"@context\":\"https:\/\/schema.org\",\"@graph\":[{\"@type\":\"WebPage\",\"@id\":\"https:\/\/www.canons.es\/en\/cirugia-plastica-intimate\/nimfoplastia-o-reduccion-de-labios-menores\/\",\"url\":\"https:\/\/www.canons.es\/en\/cirugia-plastica-intimate\/nimfoplastia-o-reduccion-de-labios-menores\/\",\"name\":\"Correcting Nimfoplastia or Labia - Canons Clinic | Surgery and Aesthetic Medicine in Barcelona, \u200b\u200bGranollers\",\"isPartOf\":{\"@id\":\"https:\/\/www.canons.es\/#website\"},\"datePublished\":\"2015-09-16T16:45:43+00:00\",\"dateModified\":\"2020-01-29T14:04:51+00:00\",\"breadcrumb\":{\"@id\":\"https:\/\/www.canons.es\/en\/cirugia-plastica-intimate\/nimfoplastia-o-reduccion-de-labios-menores\/#breadcrumb\"},\"inLanguage\":\"en-US\",\"potentialAction\":[{\"@type\":\"ReadAction\",\"target\":[\"https:\/\/www.canons.es\/en\/cirugia-plastica-intimate\/nimfoplastia-o-reduccion-de-labios-menores\/\"]}]},{\"@type\":\"BreadcrumbList\",\"@id\":\"https:\/\/www.canons.es\/en\/cirugia-plastica-intimate\/nimfoplastia-o-reduccion-de-labios-menores\/#breadcrumb\",\"itemListElement\":[{\"@type\":\"ListItem\",\"position\":1,\"name\":\"Portada\",\"item\":\"https:\/\/www.canons.es\/en\/\"},{\"@type\":\"ListItem\",\"position\":2,\"name\":\"INTIMATE COSMETIC SURGERY\",\"item\":\"https:\/\/www.canons.es\/en\/cirugia-plastica-intimate\/\"},{\"@type\":\"ListItem\",\"position\":3,\"name\":\"Correcting Nimfoplastia or Labia\"}]},{\"@type\":\"WebSite\",\"@id\":\"https:\/\/www.canons.es\/#website\",\"url\":\"https:\/\/www.canons.es\/\",\"name\":\"Cirug\u00eda Pl\u00e1stica y Est\u00e9tica Barcelona y Granollers | C\u00e0nons Clinics\",\"description\":\"\",\"publisher\":{\"@id\":\"https:\/\/www.canons.es\/#organization\"},\"potentialAction\":[{\"@type\":\"SearchAction\",\"target\":{\"@type\":\"EntryPoint\",\"urlTemplate\":\"https:\/\/www.canons.es\/?s={search_term_string}\"},\"query-input\":{\"@type\":\"PropertyValueSpecification\",\"valueRequired\":true,\"valueName\":\"search_term_string\"}}],\"inLanguage\":\"en-US\"},{\"@type\":\"Organization\",\"@id\":\"https:\/\/www.canons.es\/#organization\",\"name\":\"Cirug\u00eda Pl\u00e1stica y Est\u00e9tica Barcelona y Granollers | C\u00e0nons Clinics\",\"url\":\"https:\/\/www.canons.es\/\",\"logo\":{\"@type\":\"ImageObject\",\"inLanguage\":\"en-US\",\"@id\":\"https:\/\/www.canons.es\/#\/schema\/logo\/image\/\",\"url\":\"https:\/\/www.canons.es\/wp-content\/uploads\/2025\/04\/logo-canons-clinics.jpg\",\"contentUrl\":\"https:\/\/www.canons.es\/wp-content\/uploads\/2025\/04\/logo-canons-clinics.jpg\",\"width\":600,\"height\":139,\"caption\":\"Cirug\u00eda Pl\u00e1stica y Est\u00e9tica Barcelona y Granollers | C\u00e0nons Clinics\"},\"image\":{\"@id\":\"https:\/\/www.canons.es\/#\/schema\/logo\/image\/\"},\"sameAs\":[\"https:\/\/www.facebook.com\/canonsclinics\/\",\"https:\/\/x.com\/canonsclinics\",\"https:\/\/www.instagram.com\/canonsclinics\/\",\"https:\/\/www.youtube.com\/channel\/UCI1Ia6LjALyo1CuQ0_HwtfQ\",\"https:\/\/www.linkedin.com\/company\/canons-clinics\/\"]}]}<\/script>\n<!-- \/ Yoast SEO Premium plugin. -->","yoast_head_json":{"title":"Correcting Nimfoplastia or Labia - Canons Clinic | Surgery and Aesthetic Medicine in Barcelona, \u200b\u200bGranollers","robots":{"index":"index","follow":"follow","max-snippet":"max-snippet:-1","max-image-preview":"max-image-preview:large","max-video-preview":"max-video-preview:-1"},"canonical":"https:\/\/www.canons.es\/en\/cirugia-plastica-intimate\/nimfoplastia-o-reduccion-de-labios-menores\/","og_locale":"en_US","og_type":"article","og_title":"Correcting Nimfoplastia or Labia","og_description":"[vc_row css_animation=&#8221;&#8221; row_type=&#8221;row&#8221; use_row_as_full_screen_section=&#8221;no&#8221; type=&#8221;full_width&#8221; angled_section=&#8221;no&#8221; text_align=&#8221;left&#8221; background_image_as_pattern=&#8221;without_pattern&#8221; background_color=&#8221;#f7f7f7&#8243; section_type=&#8221;full-width&#8221;][vc_column][vc_empty_space height=&#8221;20px&#8221;][vc_empty_space height=&#8221;40px&#8221;][vc_row_inner row_type=&#8221;row&#8221; type=&#8221;full_width&#8221; text_align=&#8221;left&#8221; css_animation=&#8221;&#8221;][vc_column_inner width=&#8221;1\/2&#8243;][vc_single_image image=&#8221;8172&#8243; img_size=&#8221;full&#8221; qode_css_animation=&#8221;&#8221;][\/vc_column_inner][vc_column_inner width=&#8221;1\/2&#8243;][vc_column_text] The nimfoplastia is a surgical procedure designed to correct alterations in the normal development of the labia minora using a novel technique, making small...","og_url":"https:\/\/www.canons.es\/en\/cirugia-plastica-intimate\/nimfoplastia-o-reduccion-de-labios-menores\/","og_site_name":"Canons Clinic | Surgery and Aesthetic Medicine in Barcelona, \u200b\u200bGranollers","article_publisher":"https:\/\/www.facebook.com\/canonsclinics\/","article_modified_time":"2020-01-29T14:04:51+00:00","twitter_card":"summary_large_image","twitter_site":"@canonsclinics","twitter_misc":{"Est. reading time":"4 minutes"},"schema":{"@context":"https:\/\/schema.org","@graph":[{"@type":"WebPage","@id":"https:\/\/www.canons.es\/en\/cirugia-plastica-intimate\/nimfoplastia-o-reduccion-de-labios-menores\/","url":"https:\/\/www.canons.es\/en\/cirugia-plastica-intimate\/nimfoplastia-o-reduccion-de-labios-menores\/","name":"Correcting Nimfoplastia or Labia - Canons Clinic | Surgery and Aesthetic Medicine in Barcelona, \u200b\u200bGranollers","isPartOf":{"@id":"https:\/\/www.canons.es\/#website"},"datePublished":"2015-09-16T16:45:43+00:00","dateModified":"2020-01-29T14:04:51+00:00","breadcrumb":{"@id":"https:\/\/www.canons.es\/en\/cirugia-plastica-intimate\/nimfoplastia-o-reduccion-de-labios-menores\/#breadcrumb"},"inLanguage":"en-US","potentialAction":[{"@type":"ReadAction","target":["https:\/\/www.canons.es\/en\/cirugia-plastica-intimate\/nimfoplastia-o-reduccion-de-labios-menores\/"]}]},{"@type":"BreadcrumbList","@id":"https:\/\/www.canons.es\/en\/cirugia-plastica-intimate\/nimfoplastia-o-reduccion-de-labios-menores\/#breadcrumb","itemListElement":[{"@type":"ListItem","position":1,"name":"Portada","item":"https:\/\/www.canons.es\/en\/"},{"@type":"ListItem","position":2,"name":"INTIMATE COSMETIC SURGERY","item":"https:\/\/www.canons.es\/en\/cirugia-plastica-intimate\/"},{"@type":"ListItem","position":3,"name":"Correcting Nimfoplastia or Labia"}]},{"@type":"WebSite","@id":"https:\/\/www.canons.es\/#website","url":"https:\/\/www.canons.es\/","name":"Cirug\u00eda Pl\u00e1stica y Est\u00e9tica Barcelona y Granollers | C\u00e0nons Clinics","description":"","publisher":{"@id":"https:\/\/www.canons.es\/#organization"},"potentialAction":[{"@type":"SearchAction","target":{"@type":"EntryPoint","urlTemplate":"https:\/\/www.canons.es\/?s={search_term_string}"},"query-input":{"@type":"PropertyValueSpecification","valueRequired":true,"valueName":"search_term_string"}}],"inLanguage":"en-US"},{"@type":"Organization","@id":"https:\/\/www.canons.es\/#organization","name":"Cirug\u00eda Pl\u00e1stica y Est\u00e9tica Barcelona y Granollers | C\u00e0nons Clinics","url":"https:\/\/www.canons.es\/","logo":{"@type":"ImageObject","inLanguage":"en-US","@id":"https:\/\/www.canons.es\/#\/schema\/logo\/image\/","url":"https:\/\/www.canons.es\/wp-content\/uploads\/2025\/04\/logo-canons-clinics.jpg","contentUrl":"https:\/\/www.canons.es\/wp-content\/uploads\/2025\/04\/logo-canons-clinics.jpg","width":600,"height":139,"caption":"Cirug\u00eda Pl\u00e1stica y Est\u00e9tica Barcelona y Granollers | C\u00e0nons Clinics"},"image":{"@id":"https:\/\/www.canons.es\/#\/schema\/logo\/image\/"},"sameAs":["https:\/\/www.facebook.com\/canonsclinics\/","https:\/\/x.com\/canonsclinics","https:\/\/www.instagram.com\/canonsclinics\/","https:\/\/www.youtube.com\/channel\/UCI1Ia6LjALyo1CuQ0_HwtfQ","https:\/\/www.linkedin.com\/company\/canons-clinics\/"]}]}},"_links":{"self":[{"href":"https:\/\/www.canons.es\/en\/wp-json\/wp\/v2\/pages\/9897","targetHints":{"allow":["GET"]}}],"collection":[{"href":"https:\/\/www.canons.es\/en\/wp-json\/wp\/v2\/pages"}],"about":[{"href":"https:\/\/www.canons.es\/en\/wp-json\/wp\/v2\/types\/page"}],"author":[{"embeddable":true,"href":"https:\/\/www.canons.es\/en\/wp-json\/wp\/v2\/users\/25"}],"replies":[{"embeddable":true,"href":"https:\/\/www.canons.es\/en\/wp-json\/wp\/v2\/comments?post=9897"}],"version-history":[{"count":0,"href":"https:\/\/www.canons.es\/en\/wp-json\/wp\/v2\/pages\/9897\/revisions"}],"up":[{"embeddable":true,"href":"https:\/\/www.canons.es\/en\/wp-json\/wp\/v2\/pages\/10034"}],"wp:attachment":[{"href":"https:\/\/www.canons.es\/en\/wp-json\/wp\/v2\/media?parent=9897"}],"curies":[{"name":"wp","href":"https:\/\/api.w.org\/{rel}","templated":true}]}}