{"id":9800,"date":"2015-09-14T15:14:02","date_gmt":"2015-09-14T15:14:02","guid":{"rendered":"https:\/\/www.canons.es\/en\/lipoescultura-corporal-asistida-por-laser\/"},"modified":"2019-12-13T12:48:03","modified_gmt":"2019-12-13T12:48:03","slug":"lipoescultura-corporal-asistida-por-laser","status":"publish","type":"page","link":"https:\/\/www.canons.es\/en\/cirugia-plastica-corporal\/lipoescultura-corporal-asistida-por-laser\/","title":{"rendered":"Laser Assisted Liposculpture body"},"content":{"rendered":"<div class=\"wpb-content-wrapper\"><p>[vc_row css_animation=&#8221;&#8221; row_type=&#8221;row&#8221; use_row_as_full_screen_section=&#8221;no&#8221; type=&#8221;full_width&#8221; angled_section=&#8221;no&#8221; text_align=&#8221;left&#8221; background_image_as_pattern=&#8221;without_pattern&#8221; section_type=&#8221;full-width&#8221;][vc_column][vc_empty_space height=&#8221;20px&#8221;]<div class=\"custom_font_holder\" style=\"font-family: Raleway; font-size: 35px; line-height: 26px; font-style: normal; font-weight: 300; color: #1e70b3; text-decoration: none; text-align: left;\">LASER BODY LIPOSCULPTURE<\/div>[vc_empty_space height=&#8221;40px&#8221;][vc_row_inner row_type=&#8221;row&#8221; type=&#8221;full_width&#8221; text_align=&#8221;left&#8221; css_animation=&#8221;&#8221;][vc_column_inner width=&#8221;1\/2&#8243;][vc_single_image image=&#8221;8099&#8243; img_size=&#8221;full&#8221; qode_css_animation=&#8221;&#8221;][\/vc_column_inner][vc_column_inner width=&#8221;1\/2&#8243;][vc_column_text]<\/p>\n<p style=\"text-align: justify;\">Liposuction is suitable both for <strong>women and for men who want to eliminate the accumulation of fat <\/strong>in areas such as the abdomen, flanks, back, arms, thighs, knees or ankles.<\/p>\n<p style=\"text-align: justify;\">The main advantage of this <strong>new technique is that you get a more precise body contouring and greater<\/strong> than that achieved with traditional liposuction deep.<\/p>\n<p>[\/vc_column_text][\/vc_column_inner][\/vc_row_inner][vc_empty_space][\/vc_column][\/vc_row][vc_row css_animation=&#8221;&#8221; row_type=&#8221;row&#8221; use_row_as_full_screen_section=&#8221;no&#8221; type=&#8221;full_width&#8221; angled_section=&#8221;no&#8221; text_align=&#8221;left&#8221; background_image_as_pattern=&#8221;without_pattern&#8221; background_color=&#8221;#f7f7f7&#8243; section_type=&#8221;full-width&#8221;][vc_column][vc_accordion style=&#8221;accordion&#8221;][vc_accordion_tab title=&#8221;Who is the ideal candidate to undergo Laser Assisted Liposculpture Body?&#8221;][vc_column_text]<\/p>\n<p style=\"text-align: justify;\">Laser-assisted liposuction is the best solution for young and middle-aged, both men and women, who have smooth and elastic skin who want to remove fat deposits that do not respond to exercise, or massage, or diets\u2026 and that accumulates over the years in the abdomen, flanks, back, arms, thighs, knees, ankles\u2026<\/p>\n<p style=\"text-align: justify;\"><strong>The purpose of undergoing laser-assisted liposuction will improve and remodel the body obtaining a homogeneous and contoured silhouette.<\/strong><\/p>\n<p>[\/vc_column_text][\/vc_accordion_tab][vc_accordion_tab title=&#8221;Can it be done in both genders?&#8221;][vc_column_text]<\/p>\n<p style=\"text-align: justify;\">Liposuction is suitable for both women and men, although it must be borne in mind that the accumulation of fat in both genders is very different, because of different fat grip areas and the various hormonal stimuli.<\/p>\n<p style=\"text-align: justify;\"><strong>Men often suffer greater accumulations of fat in the breasts, or gynecomastia, in the abdominal area.<\/strong><\/p>\n<p style=\"text-align: justify;\"><strong>Women usually do on the buttocks, abdomen, thighs and legs.<\/strong><\/p>\n<p style=\"text-align: justify;\">Note that this surgical technique <strong>can be performed in several areas at once, including areas such as neck, arms, underarms, back, ankles.<\/strong><\/p>\n<p>[\/vc_column_text][\/vc_accordion_tab][vc_accordion_tab title=&#8221;What is the Laser Assisted Liposculpture Body?&#8221;][vc_column_text]<\/p>\n<p style=\"text-align: justify;\">This is a very simple surgery that lets you rejoin your usual lifestyle in 24-48 h., Approximately.<\/p>\n<p style=\"text-align: justify;\">Assisted Liposuction Laser Body is the most effective surgical procedure that allows body contouring by removing subcutaneous fat deposits. Currently, subcutaneous fat accumulations can only be permanently removed by liposuction.<\/p>\n<p style=\"text-align: justify;\">The main advantage of this new technique is that it achieves a more precise body contouring and greater than that achieved with the classic deep liposuction.<\/p>\n<p style=\"text-align: justify;\"><strong>It consists of making a small incision just in the area or, multizone wish to try to reshape, through which laser light is introduced and fine liposuction cannula to suck the excess fat.<\/strong><\/p>\n<p style=\"text-align: justify;\">Since the tube placed is very thin, the incisions are minimal which disappear as soon lower the inflammation of the area so that the scars will be barely noticeable over time.<\/p>\n<p style=\"text-align: justify;\"><strong>The novelty of this technique lies in the feature that when liposuction is performed body fat simultaneously trying liposuctioned laser area. The laser has the feature of retracting the epidermis, stimulating collagen and subcutaneous, coagulate bleeding blood vessels during liposuction.<\/strong><\/p>\n<p style=\"text-align: justify;\">Laser Assisted Liposuction is performed on an outpatient basis, usually performed under local anesthesia or sedation. The duration is usually between 1 and 2 hours, the time varies depending on the area being treated.<\/p>\n<p>[\/vc_column_text][\/vc_accordion_tab][vc_accordion_tab title=&#8221;What is the difference between Laser Assisted Liposculpture Body with Traditional Liposuction?&#8221;][vc_column_text]<\/p>\n<p style=\"text-align: justify;\">The problem with traditional liposuction is that it leaves skin-fat flap too thick and heavy.<\/p>\n<p style=\"text-align: justify;\">However, with the laser-assisted liposuction also <strong>excised superficial fat leaving a thinner and lighter flap is retracted, while the heat stimulates the synthesis of collagen and elastin<\/strong>, thereby creating new curves and emphasizing the maximum volumes property skin retraction.<\/p>\n<p>[\/vc_column_text][\/vc_accordion_tab][vc_accordion_tab title=&#8221;How will the back to normality be?&#8221;][vc_column_text]<\/p>\n<p style=\"text-align: justify;\"><strong>Often small bruises and swelling appear in the liposuctioned. These effects are not bothersome postoperative. The pain is very superficial and can be treated with analgesics and anti-inflammatory perfectly you recommend your surgeon.<\/strong><\/p>\n<p style=\"text-align: justify;\">It is important during the first 24 hours make relative rest, local not get cold, you keep all the analgesic and anti-inflammatory pattern that will indicate your plastic surgeon.<\/p>\n<p style=\"text-align: justify;\">After the intervention elastic bandaged or pledge of acupressure on liposuctioned area you must take for a month or so.<\/p>\n<p style=\"text-align: justify;\">Furthermore, C\u00e0nons Clinics, specialized centers complement Surgery and Aesthetic Medicine Laser assisted liposuction with manual lymphatic drainage and specific massage firming, cellulite \u2026 with the aim of shortening the postoperative period and returned as soon as possible to normal day-to- day.<\/p>\n<p>[\/vc_column_text][\/vc_accordion_tab][vc_accordion_tab title=&#8221;How do I have to plan the Laser Assisted Liposculpture Body?&#8221;][vc_column_text]<\/p>\n<p style=\"text-align: justify;\">The doctor will give you instructions on how to prepare for surgery, including guidelines to keep on shooting or, suppressing medications, vitamins, iron supplements, food, liquid and snuff.<\/p>\n<p style=\"text-align: justify;\"><strong>Make sure also that a family member or companion can take you home when you are to be discharged and, if necessary, can help a few days.<\/strong><\/p>\n<p>[\/vc_column_text][\/vc_accordion_tab][vc_accordion_tab title=&#8221;What precautions should I take?&#8221;][vc_column_text]<\/p>\n<p style=\"text-align: justify;\">In order to limit the risk of bleeding and bruising have to<strong> avoid taking in the 7 days before<\/strong> the procedure antiplatelet drugs such as aspirin, dipyridamole, ticlopidine\u2026 as well as in the 3 days prior to taking NSAIDs like Ibuprofen antiplatelet effect, Diclofenac , indomethacin, piroxicam, naproxen\u2026<\/p>\n<p>[\/vc_column_text][\/vc_accordion_tab][\/vc_accordion][\/vc_column][\/vc_row]<\/p>\n<\/div><!-- AddThis Advanced Settings generic via filter on the_content --><!-- AddThis Share Buttons generic via filter on the_content -->","protected":false},"excerpt":{"rendered":"<p>[vc_row css_animation=&#8221;&#8221; row_type=&#8221;row&#8221; use_row_as_full_screen_section=&#8221;no&#8221; type=&#8221;full_width&#8221; angled_section=&#8221;no&#8221; text_align=&#8221;left&#8221; background_image_as_pattern=&#8221;without_pattern&#8221; section_type=&#8221;full-width&#8221;][vc_column][vc_empty_space height=&#8221;20px&#8221;][vc_empty_space height=&#8221;40px&#8221;][vc_row_inner row_type=&#8221;row&#8221; type=&#8221;full_width&#8221; text_align=&#8221;left&#8221; css_animation=&#8221;&#8221;][vc_column_inner width=&#8221;1\/2&#8243;][vc_single_image image=&#8221;8099&#8243; img_size=&#8221;full&#8221; qode_css_animation=&#8221;&#8221;][\/vc_column_inner][vc_column_inner width=&#8221;1\/2&#8243;][vc_column_text] Liposuction is suitable both for women and for men who want to eliminate the accumulation of fat in areas such as the abdomen, flanks, back,&#8230;<!-- AddThis Advanced Settings generic via filter on get_the_excerpt --><!-- AddThis Share Buttons generic via filter on get_the_excerpt --><\/p>\n","protected":false},"author":25,"featured_media":0,"parent":9879,"menu_order":0,"comment_status":"closed","ping_status":"closed","template":"","meta":{"footnotes":""},"class_list":["post-9800","page","type-page","status-publish","hentry"],"yoast_head":"<!-- This site is optimized with the Yoast SEO Premium plugin v26.9 (Yoast SEO v27.4) - https:\/\/yoast.com\/product\/yoast-seo-premium-wordpress\/ -->\n<title>Laser Assisted Liposculpture body - Canons Clinic | Surgery and Aesthetic Medicine in Barcelona, \u200b\u200bGranollers<\/title>\n<meta name=\"robots\" content=\"index, follow, max-snippet:-1, max-image-preview:large, max-video-preview:-1\" \/>\n<link rel=\"canonical\" href=\"https:\/\/www.canons.es\/cirugia-plastica-corporal-2\/lipoescultura-corporal-asistida-por-laser\/\" \/>\n<meta property=\"og:locale\" content=\"en_US\" \/>\n<meta property=\"og:type\" content=\"article\" \/>\n<meta property=\"og:title\" content=\"Laser Assisted Liposculpture body\" \/>\n<meta property=\"og:description\" content=\"[vc_row css_animation=&#8221;&#8221; row_type=&#8221;row&#8221; use_row_as_full_screen_section=&#8221;no&#8221; type=&#8221;full_width&#8221; angled_section=&#8221;no&#8221; text_align=&#8221;left&#8221; background_image_as_pattern=&#8221;without_pattern&#8221; section_type=&#8221;full-width&#8221;][vc_column][vc_empty_space height=&#8221;20px&#8221;][vc_empty_space height=&#8221;40px&#8221;][vc_row_inner row_type=&#8221;row&#8221; type=&#8221;full_width&#8221; text_align=&#8221;left&#8221; css_animation=&#8221;&#8221;][vc_column_inner width=&#8221;1\/2&#8243;][vc_single_image image=&#8221;8099&#8243; img_size=&#8221;full&#8221; qode_css_animation=&#8221;&#8221;][\/vc_column_inner][vc_column_inner width=&#8221;1\/2&#8243;][vc_column_text] Liposuction is suitable both for women and for men who want to eliminate the accumulation of fat in areas such as the abdomen, flanks, back,...\" \/>\n<meta property=\"og:url\" content=\"https:\/\/www.canons.es\/cirugia-plastica-corporal-2\/lipoescultura-corporal-asistida-por-laser\/\" \/>\n<meta property=\"og:site_name\" content=\"Canons Clinic | Surgery and Aesthetic Medicine in Barcelona, \u200b\u200bGranollers\" \/>\n<meta property=\"article:publisher\" content=\"https:\/\/www.facebook.com\/canonsclinics\/\" \/>\n<meta property=\"article:modified_time\" content=\"2019-12-13T12:48:03+00:00\" \/>\n<meta name=\"twitter:card\" content=\"summary_large_image\" \/>\n<meta name=\"twitter:site\" content=\"@canonsclinics\" \/>\n<meta name=\"twitter:label1\" content=\"Est. reading time\" \/>\n\t<meta name=\"twitter:data1\" content=\"5 minutes\" \/>\n<script type=\"application\/ld+json\" class=\"yoast-schema-graph\">{\"@context\":\"https:\\\/\\\/schema.org\",\"@graph\":[{\"@type\":\"WebPage\",\"@id\":\"https:\\\/\\\/www.canons.es\\\/cirugia-plastica-corporal-2\\\/lipoescultura-corporal-asistida-por-laser\\\/\",\"url\":\"https:\\\/\\\/www.canons.es\\\/cirugia-plastica-corporal-2\\\/lipoescultura-corporal-asistida-por-laser\\\/\",\"name\":\"Laser Assisted Liposculpture body - Canons Clinic | Surgery and Aesthetic Medicine in Barcelona, \u200b\u200bGranollers\",\"isPartOf\":{\"@id\":\"https:\\\/\\\/www.canons.es\\\/#website\"},\"datePublished\":\"2015-09-14T15:14:02+00:00\",\"dateModified\":\"2019-12-13T12:48:03+00:00\",\"breadcrumb\":{\"@id\":\"https:\\\/\\\/www.canons.es\\\/cirugia-plastica-corporal-2\\\/lipoescultura-corporal-asistida-por-laser\\\/#breadcrumb\"},\"inLanguage\":\"en-US\",\"potentialAction\":[{\"@type\":\"ReadAction\",\"target\":[\"https:\\\/\\\/www.canons.es\\\/cirugia-plastica-corporal-2\\\/lipoescultura-corporal-asistida-por-laser\\\/\"]}]},{\"@type\":\"BreadcrumbList\",\"@id\":\"https:\\\/\\\/www.canons.es\\\/cirugia-plastica-corporal-2\\\/lipoescultura-corporal-asistida-por-laser\\\/#breadcrumb\",\"itemListElement\":[{\"@type\":\"ListItem\",\"position\":1,\"name\":\"Portada\",\"item\":\"https:\\\/\\\/www.canons.es\\\/en\\\/\"},{\"@type\":\"ListItem\",\"position\":2,\"name\":\"BODY COSMETIC SURGERY\",\"item\":\"https:\\\/\\\/www.canons.es\\\/en\\\/cirugia-plastica-corporal\\\/\"},{\"@type\":\"ListItem\",\"position\":3,\"name\":\"Laser Assisted Liposculpture body\"}]},{\"@type\":\"WebSite\",\"@id\":\"https:\\\/\\\/www.canons.es\\\/#website\",\"url\":\"https:\\\/\\\/www.canons.es\\\/\",\"name\":\"Cirug\u00eda Pl\u00e1stica y Est\u00e9tica Barcelona y Granollers | C\u00e0nons Clinics\",\"description\":\"\",\"publisher\":{\"@id\":\"https:\\\/\\\/www.canons.es\\\/#organization\"},\"potentialAction\":[{\"@type\":\"SearchAction\",\"target\":{\"@type\":\"EntryPoint\",\"urlTemplate\":\"https:\\\/\\\/www.canons.es\\\/?s={search_term_string}\"},\"query-input\":{\"@type\":\"PropertyValueSpecification\",\"valueRequired\":true,\"valueName\":\"search_term_string\"}}],\"inLanguage\":\"en-US\"},{\"@type\":\"Organization\",\"@id\":\"https:\\\/\\\/www.canons.es\\\/#organization\",\"name\":\"Cirug\u00eda Pl\u00e1stica y Est\u00e9tica Barcelona y Granollers | C\u00e0nons Clinics\",\"url\":\"https:\\\/\\\/www.canons.es\\\/\",\"logo\":{\"@type\":\"ImageObject\",\"inLanguage\":\"en-US\",\"@id\":\"https:\\\/\\\/www.canons.es\\\/#\\\/schema\\\/logo\\\/image\\\/\",\"url\":\"https:\\\/\\\/www.canons.es\\\/wp-content\\\/uploads\\\/2025\\\/04\\\/logo-canons-clinics.jpg\",\"contentUrl\":\"https:\\\/\\\/www.canons.es\\\/wp-content\\\/uploads\\\/2025\\\/04\\\/logo-canons-clinics.jpg\",\"width\":600,\"height\":139,\"caption\":\"Cirug\u00eda Pl\u00e1stica y Est\u00e9tica Barcelona y Granollers | C\u00e0nons Clinics\"},\"image\":{\"@id\":\"https:\\\/\\\/www.canons.es\\\/#\\\/schema\\\/logo\\\/image\\\/\"},\"sameAs\":[\"https:\\\/\\\/www.facebook.com\\\/canonsclinics\\\/\",\"https:\\\/\\\/x.com\\\/canonsclinics\",\"https:\\\/\\\/www.instagram.com\\\/canonsclinics\\\/\",\"https:\\\/\\\/www.youtube.com\\\/channel\\\/UCI1Ia6LjALyo1CuQ0_HwtfQ\",\"https:\\\/\\\/www.linkedin.com\\\/company\\\/canons-clinics\\\/\"]}]}<\/script>\n<!-- \/ Yoast SEO Premium plugin. -->","yoast_head_json":{"title":"Laser Assisted Liposculpture body - Canons Clinic | Surgery and Aesthetic Medicine in Barcelona, \u200b\u200bGranollers","robots":{"index":"index","follow":"follow","max-snippet":"max-snippet:-1","max-image-preview":"max-image-preview:large","max-video-preview":"max-video-preview:-1"},"canonical":"https:\/\/www.canons.es\/cirugia-plastica-corporal-2\/lipoescultura-corporal-asistida-por-laser\/","og_locale":"en_US","og_type":"article","og_title":"Laser Assisted Liposculpture body","og_description":"[vc_row css_animation=&#8221;&#8221; row_type=&#8221;row&#8221; use_row_as_full_screen_section=&#8221;no&#8221; type=&#8221;full_width&#8221; angled_section=&#8221;no&#8221; text_align=&#8221;left&#8221; background_image_as_pattern=&#8221;without_pattern&#8221; section_type=&#8221;full-width&#8221;][vc_column][vc_empty_space height=&#8221;20px&#8221;][vc_empty_space height=&#8221;40px&#8221;][vc_row_inner row_type=&#8221;row&#8221; type=&#8221;full_width&#8221; text_align=&#8221;left&#8221; css_animation=&#8221;&#8221;][vc_column_inner width=&#8221;1\/2&#8243;][vc_single_image image=&#8221;8099&#8243; img_size=&#8221;full&#8221; qode_css_animation=&#8221;&#8221;][\/vc_column_inner][vc_column_inner width=&#8221;1\/2&#8243;][vc_column_text] Liposuction is suitable both for women and for men who want to eliminate the accumulation of fat in areas such as the abdomen, flanks, back,...","og_url":"https:\/\/www.canons.es\/cirugia-plastica-corporal-2\/lipoescultura-corporal-asistida-por-laser\/","og_site_name":"Canons Clinic | Surgery and Aesthetic Medicine in Barcelona, \u200b\u200bGranollers","article_publisher":"https:\/\/www.facebook.com\/canonsclinics\/","article_modified_time":"2019-12-13T12:48:03+00:00","twitter_card":"summary_large_image","twitter_site":"@canonsclinics","twitter_misc":{"Est. reading time":"5 minutes"},"schema":{"@context":"https:\/\/schema.org","@graph":[{"@type":"WebPage","@id":"https:\/\/www.canons.es\/cirugia-plastica-corporal-2\/lipoescultura-corporal-asistida-por-laser\/","url":"https:\/\/www.canons.es\/cirugia-plastica-corporal-2\/lipoescultura-corporal-asistida-por-laser\/","name":"Laser Assisted Liposculpture body - Canons Clinic | Surgery and Aesthetic Medicine in Barcelona, \u200b\u200bGranollers","isPartOf":{"@id":"https:\/\/www.canons.es\/#website"},"datePublished":"2015-09-14T15:14:02+00:00","dateModified":"2019-12-13T12:48:03+00:00","breadcrumb":{"@id":"https:\/\/www.canons.es\/cirugia-plastica-corporal-2\/lipoescultura-corporal-asistida-por-laser\/#breadcrumb"},"inLanguage":"en-US","potentialAction":[{"@type":"ReadAction","target":["https:\/\/www.canons.es\/cirugia-plastica-corporal-2\/lipoescultura-corporal-asistida-por-laser\/"]}]},{"@type":"BreadcrumbList","@id":"https:\/\/www.canons.es\/cirugia-plastica-corporal-2\/lipoescultura-corporal-asistida-por-laser\/#breadcrumb","itemListElement":[{"@type":"ListItem","position":1,"name":"Portada","item":"https:\/\/www.canons.es\/en\/"},{"@type":"ListItem","position":2,"name":"BODY COSMETIC SURGERY","item":"https:\/\/www.canons.es\/en\/cirugia-plastica-corporal\/"},{"@type":"ListItem","position":3,"name":"Laser Assisted Liposculpture body"}]},{"@type":"WebSite","@id":"https:\/\/www.canons.es\/#website","url":"https:\/\/www.canons.es\/","name":"Cirug\u00eda Pl\u00e1stica y Est\u00e9tica Barcelona y Granollers | C\u00e0nons Clinics","description":"","publisher":{"@id":"https:\/\/www.canons.es\/#organization"},"potentialAction":[{"@type":"SearchAction","target":{"@type":"EntryPoint","urlTemplate":"https:\/\/www.canons.es\/?s={search_term_string}"},"query-input":{"@type":"PropertyValueSpecification","valueRequired":true,"valueName":"search_term_string"}}],"inLanguage":"en-US"},{"@type":"Organization","@id":"https:\/\/www.canons.es\/#organization","name":"Cirug\u00eda Pl\u00e1stica y Est\u00e9tica Barcelona y Granollers | C\u00e0nons Clinics","url":"https:\/\/www.canons.es\/","logo":{"@type":"ImageObject","inLanguage":"en-US","@id":"https:\/\/www.canons.es\/#\/schema\/logo\/image\/","url":"https:\/\/www.canons.es\/wp-content\/uploads\/2025\/04\/logo-canons-clinics.jpg","contentUrl":"https:\/\/www.canons.es\/wp-content\/uploads\/2025\/04\/logo-canons-clinics.jpg","width":600,"height":139,"caption":"Cirug\u00eda Pl\u00e1stica y Est\u00e9tica Barcelona y Granollers | C\u00e0nons Clinics"},"image":{"@id":"https:\/\/www.canons.es\/#\/schema\/logo\/image\/"},"sameAs":["https:\/\/www.facebook.com\/canonsclinics\/","https:\/\/x.com\/canonsclinics","https:\/\/www.instagram.com\/canonsclinics\/","https:\/\/www.youtube.com\/channel\/UCI1Ia6LjALyo1CuQ0_HwtfQ","https:\/\/www.linkedin.com\/company\/canons-clinics\/"]}]}},"_links":{"self":[{"href":"https:\/\/www.canons.es\/en\/wp-json\/wp\/v2\/pages\/9800","targetHints":{"allow":["GET"]}}],"collection":[{"href":"https:\/\/www.canons.es\/en\/wp-json\/wp\/v2\/pages"}],"about":[{"href":"https:\/\/www.canons.es\/en\/wp-json\/wp\/v2\/types\/page"}],"author":[{"embeddable":true,"href":"https:\/\/www.canons.es\/en\/wp-json\/wp\/v2\/users\/25"}],"replies":[{"embeddable":true,"href":"https:\/\/www.canons.es\/en\/wp-json\/wp\/v2\/comments?post=9800"}],"version-history":[{"count":0,"href":"https:\/\/www.canons.es\/en\/wp-json\/wp\/v2\/pages\/9800\/revisions"}],"up":[{"embeddable":true,"href":"https:\/\/www.canons.es\/en\/wp-json\/wp\/v2\/pages\/9879"}],"wp:attachment":[{"href":"https:\/\/www.canons.es\/en\/wp-json\/wp\/v2\/media?parent=9800"}],"curies":[{"name":"wp","href":"https:\/\/api.w.org\/{rel}","templated":true}]}}