{"id":9707,"date":"2015-09-08T15:35:29","date_gmt":"2015-09-08T15:35:29","guid":{"rendered":"https:\/\/www.canons.es\/en\/lifting-de-cuello\/"},"modified":"2019-12-12T16:00:11","modified_gmt":"2019-12-12T16:00:11","slug":"lifting-de-cuello","status":"publish","type":"page","link":"https:\/\/www.canons.es\/en\/facial-plastic-surgery\/lifting-de-cuello\/","title":{"rendered":"Neck Lifting"},"content":{"rendered":"<div class=\"wpb-content-wrapper\"><p>[vc_row css_animation=&#8221;&#8221; row_type=&#8221;row&#8221; use_row_as_full_screen_section=&#8221;no&#8221; type=&#8221;full_width&#8221; angled_section=&#8221;no&#8221; text_align=&#8221;left&#8221; background_image_as_pattern=&#8221;without_pattern&#8221; background_color=&#8221;#f7f7f7&#8243; section_type=&#8221;full-width&#8221;][vc_column][vc_empty_space height=&#8221;20px&#8221;]<div class=\"custom_font_holder\" style=\"font-family: Raleway; font-size: 35px; line-height: 26px; font-style: normal; font-weight: 300; color: #1e70b3; text-decoration: none; text-align: left;\">NECK LIFTING<\/div>[vc_empty_space][vc_row_inner row_type=&#8221;row&#8221; type=&#8221;full_width&#8221; text_align=&#8221;left&#8221; css_animation=&#8221;&#8221;][vc_column_inner width=&#8221;1\/2&#8243;][vc_single_image image=&#8221;7987&#8243; img_size=&#8221;full&#8221; qode_css_animation=&#8221;&#8221;][\/vc_column_inner][vc_column_inner width=&#8221;1\/2&#8243;][vc_column_text]The folds between the nose and mouth are accentuated, the lost mandibular border definition and increases your sagging neck. The Forehead Lift procedure can be performed as alone or in combination with other facial surgery such as rhinoplasty or\u00a0<strong><a href=\"http:\/\/www.C\u00e0nons Clinics.es\/en\/blefaroplastia\/\">blepharoplasty<\/a>.<\/strong>[\/vc_column_text][\/vc_column_inner][\/vc_row_inner][\/vc_column][\/vc_row][vc_row css_animation=&#8221;&#8221; row_type=&#8221;row&#8221; use_row_as_full_screen_section=&#8221;no&#8221; type=&#8221;full_width&#8221; angled_section=&#8221;no&#8221; text_align=&#8221;left&#8221; background_image_as_pattern=&#8221;without_pattern&#8221; section_type=&#8221;full-width&#8221;][vc_column][vc_empty_space height=&#8221;40px&#8221;][vc_accordion style=&#8221;accordion&#8221;][vc_accordion_tab title=&#8221;Who is the ideal candidate to undergo Cervical Lifting?&#8221;][vc_column_text]<\/p>\n<p style=\"text-align: justify;\">The best candidates are those men and women where the skin has begun to sag but it still maintains a good degree of elasticity and muscle bands having apparent. A facelift does not have to rejuvenate a certain number of years, but <strong>get back a better look and a more youthful appearance.<\/strong><\/p>\n<p style=\"text-align: justify;\">The age is usually between fifty and seventy years but facelifts are performed in people over seventy years with excellent results.<\/p>\n<p>[\/vc_column_text][\/vc_accordion_tab][vc_accordion_tab title=&#8221;What is the Cervical Lifting?&#8221;][vc_column_text]<\/p>\n<p style=\"text-align: justify;\">The neck lift is uncommon take place in isolation, and it is common to associate the lifting of the lower third facial for harmonic results.<\/p>\n<p style=\"text-align: justify;\"><strong>The lift is basically tightening the muscle and skin layers, removing the remaining tissue.<\/strong> Once completed, the wounds are closed temporarily leaving some small drains under the skin so it does not collect any exudate or blood. Finally, place a bandage.<\/p>\n<p style=\"text-align: justify;\">The lift must be performed in a licensed clinic and is performed under sedation or general anesthesia depending on the particular case.<\/p>\n<p style=\"text-align: justify;\">Your stay in the clinic depends on the type of anesthesia and the extent of lifting.<\/p>\n<p>[\/vc_column_text][\/vc_accordion_tab][vc_accordion_tab title=&#8221;How will the back to normality be?&#8221;][vc_column_text]<\/p>\n<p style=\"text-align: justify;\">The postoperative period is usually not painful. <strong>The discomfort usually appear often to be controlled with standard analgesics. Bandage and the drain pipes are normally removed within 24 to 48 hours.<\/strong><\/p>\n<p style=\"text-align: justify;\">The first points are removed around week and, points on the scalp and\/or staples a little later. It is normal to feel the skin of the face \u201ccorky\u201d, this sensation is temporary and disappears in a few weeks. Considered normal to be swollen face and bruises present, this aspect will only last between 10 and 15 days approximately.<\/p>\n<p style=\"text-align: justify;\">It is advisable to do rest during the first two weeks and that you avoid exercise or violent activities for at least two weeks following the operation. The facial skin will need special care and should not expose to sunlight or to UV rays for at least three months.<\/p>\n<p style=\"text-align: justify;\">At first, you may feel worried or the appearance of the face, thinks most people return to normal life, including work, after two weeks depending on each case. In this period normalizes inflammation and bruises disappear. The scars are concealed few more weeks, but eventually become almost imperceptible.<\/p>\n<p style=\"text-align: justify;\">From the third week, your look will be much better. If you have to return to work, you can apply makeup to camouflage the potential bruises that may persist.<\/p>\n<p style=\"text-align: justify;\">Lifting Prospects are good especially if you are aware that the results are not seen immediately. After the swelling and bruising, hair can be located in the temple can be thinner and the skin is usually dry and red for a few months.<\/p>\n<p>[\/vc_column_text][\/vc_accordion_tab][vc_accordion_tab title=&#8221;How can I have to plan the lifting?&#8221;][vc_column_text]<\/p>\n<p style=\"text-align: justify;\">Your surgeon will explain which technique to employ in your case as well as anesthesia advisable. Be sure to ask your surgeon any questions you have about the surgery, you should also think carefully about your expectations and your surgeon com\u00e9ntaselas.<\/p>\n<p style=\"text-align: justify;\">The doctor will tell you what steps have to be taken to prepare the intervention. Also check all those medical issues that could cause problems during or after surgery, such as uncontrolled high blood pressure, blood clotting problems, etc.. Comentale if you are taking any medication, especially aspirin or any drugs that may affect blood clotting.<\/p>\n<p style=\"text-align: justify;\">You\u2019ll have to carefully follow the guidelines that you check the plastic surgeon, a fact that will greatly help you to develop better surgery. If you are a smoker \/ a is essential that at least four weeks before and after the intervention to quit smoking. Snuff hinders the blood flow to the skin and can interfere with the recovery of scars.<\/p>\n<p style=\"text-align: justify;\"><strong>If you have short hair it is advisable to let it grow before surgery because long hair helps to hide the scars from the surgery while they remain visible.<\/strong> When the lift has made you remember that whether entered or remained, has been an outpatient surgery must have help to take you both home to help at home for the first few days.<\/p>\n<p style=\"text-align: justify;\"><strong>Make sure also that a family member or companion can take you home when you are to be discharged and, if necessary, can help a few days.<\/strong><\/p>\n<p>[\/vc_column_text][\/vc_accordion_tab][vc_accordion_tab title=&#8221;What precautions should I take?&#8221;][vc_column_text]<\/p>\n<p style=\"text-align: justify;\">In order to limit the risk of bleeding and bruising have to <strong>avoid taking in the 7 days before<\/strong> the procedure antiplatelet drugs such as aspirin, dipyridamole, ticlopidine\u2026 as well as in the 3 days prior to taking NSAIDs like Ibuprofen antiplatelet effect, Diclofenac, indomethacin, piroxicam, naproxen\u2026<\/p>\n<p>[\/vc_column_text][\/vc_accordion_tab][\/vc_accordion][\/vc_column][\/vc_row]<\/p>\n<\/div><!-- AddThis Advanced Settings generic via filter on the_content --><!-- AddThis Share Buttons generic via filter on the_content -->","protected":false},"excerpt":{"rendered":"<p>[vc_row css_animation=&#8221;&#8221; row_type=&#8221;row&#8221; use_row_as_full_screen_section=&#8221;no&#8221; type=&#8221;full_width&#8221; angled_section=&#8221;no&#8221; text_align=&#8221;left&#8221; background_image_as_pattern=&#8221;without_pattern&#8221; background_color=&#8221;#f7f7f7&#8243; section_type=&#8221;full-width&#8221;][vc_column][vc_empty_space height=&#8221;20px&#8221;][vc_empty_space][vc_row_inner row_type=&#8221;row&#8221; type=&#8221;full_width&#8221; text_align=&#8221;left&#8221; css_animation=&#8221;&#8221;][vc_column_inner width=&#8221;1\/2&#8243;][vc_single_image image=&#8221;7987&#8243; img_size=&#8221;full&#8221; qode_css_animation=&#8221;&#8221;][\/vc_column_inner][vc_column_inner width=&#8221;1\/2&#8243;][vc_column_text]The folds between the nose and mouth are accentuated, the lost mandibular border definition and increases your sagging neck. The Forehead Lift procedure can be performed&#8230;<!-- AddThis Advanced Settings generic via filter on get_the_excerpt --><!-- AddThis Share Buttons generic via filter on get_the_excerpt --><\/p>\n","protected":false},"author":25,"featured_media":0,"parent":9764,"menu_order":0,"comment_status":"closed","ping_status":"closed","template":"","meta":{"footnotes":""},"class_list":["post-9707","page","type-page","status-publish","hentry"],"yoast_head":"<!-- This site is optimized with the Yoast SEO Premium plugin v26.9 (Yoast SEO v27.2) - https:\/\/yoast.com\/product\/yoast-seo-premium-wordpress\/ -->\n<title>Neck Lifting - Canons Clinic | Surgery and Aesthetic Medicine in Barcelona, \u200b\u200bGranollers<\/title>\n<meta name=\"robots\" content=\"index, follow, max-snippet:-1, max-image-preview:large, max-video-preview:-1\" \/>\n<link rel=\"canonical\" href=\"https:\/\/www.canons.es\/cirugia-plastica-facial-2\/lifting-de-cuello\/\" \/>\n<meta property=\"og:locale\" content=\"en_US\" \/>\n<meta property=\"og:type\" content=\"article\" \/>\n<meta property=\"og:title\" content=\"Neck Lifting\" \/>\n<meta property=\"og:description\" content=\"[vc_row css_animation=&#8221;&#8221; row_type=&#8221;row&#8221; use_row_as_full_screen_section=&#8221;no&#8221; type=&#8221;full_width&#8221; angled_section=&#8221;no&#8221; text_align=&#8221;left&#8221; background_image_as_pattern=&#8221;without_pattern&#8221; background_color=&#8221;#f7f7f7&#8243; section_type=&#8221;full-width&#8221;][vc_column][vc_empty_space height=&#8221;20px&#8221;][vc_empty_space][vc_row_inner row_type=&#8221;row&#8221; type=&#8221;full_width&#8221; text_align=&#8221;left&#8221; css_animation=&#8221;&#8221;][vc_column_inner width=&#8221;1\/2&#8243;][vc_single_image image=&#8221;7987&#8243; img_size=&#8221;full&#8221; qode_css_animation=&#8221;&#8221;][\/vc_column_inner][vc_column_inner width=&#8221;1\/2&#8243;][vc_column_text]The folds between the nose and mouth are accentuated, the lost mandibular border definition and increases your sagging neck. The Forehead Lift procedure can be performed...\" \/>\n<meta property=\"og:url\" content=\"https:\/\/www.canons.es\/cirugia-plastica-facial-2\/lifting-de-cuello\/\" \/>\n<meta property=\"og:site_name\" content=\"Canons Clinic | Surgery and Aesthetic Medicine in Barcelona, \u200b\u200bGranollers\" \/>\n<meta property=\"article:publisher\" content=\"https:\/\/www.facebook.com\/canonsclinics\/\" \/>\n<meta property=\"article:modified_time\" content=\"2019-12-12T16:00:11+00:00\" \/>\n<meta name=\"twitter:card\" content=\"summary_large_image\" \/>\n<meta name=\"twitter:site\" content=\"@canonsclinics\" \/>\n<meta name=\"twitter:label1\" content=\"Est. reading time\" \/>\n\t<meta name=\"twitter:data1\" content=\"5 minutes\" \/>\n<script type=\"application\/ld+json\" class=\"yoast-schema-graph\">{\"@context\":\"https:\/\/schema.org\",\"@graph\":[{\"@type\":\"WebPage\",\"@id\":\"https:\/\/www.canons.es\/cirugia-plastica-facial-2\/lifting-de-cuello\/\",\"url\":\"https:\/\/www.canons.es\/cirugia-plastica-facial-2\/lifting-de-cuello\/\",\"name\":\"Neck Lifting - Canons Clinic | Surgery and Aesthetic Medicine in Barcelona, \u200b\u200bGranollers\",\"isPartOf\":{\"@id\":\"https:\/\/www.canons.es\/#website\"},\"datePublished\":\"2015-09-08T15:35:29+00:00\",\"dateModified\":\"2019-12-12T16:00:11+00:00\",\"breadcrumb\":{\"@id\":\"https:\/\/www.canons.es\/cirugia-plastica-facial-2\/lifting-de-cuello\/#breadcrumb\"},\"inLanguage\":\"en-US\",\"potentialAction\":[{\"@type\":\"ReadAction\",\"target\":[\"https:\/\/www.canons.es\/cirugia-plastica-facial-2\/lifting-de-cuello\/\"]}]},{\"@type\":\"BreadcrumbList\",\"@id\":\"https:\/\/www.canons.es\/cirugia-plastica-facial-2\/lifting-de-cuello\/#breadcrumb\",\"itemListElement\":[{\"@type\":\"ListItem\",\"position\":1,\"name\":\"Portada\",\"item\":\"https:\/\/www.canons.es\/en\/\"},{\"@type\":\"ListItem\",\"position\":2,\"name\":\"FACIAL PLASTIC SURGERY\",\"item\":\"https:\/\/www.canons.es\/en\/facial-plastic-surgery\/\"},{\"@type\":\"ListItem\",\"position\":3,\"name\":\"Neck Lifting\"}]},{\"@type\":\"WebSite\",\"@id\":\"https:\/\/www.canons.es\/#website\",\"url\":\"https:\/\/www.canons.es\/\",\"name\":\"Cirug\u00eda Pl\u00e1stica y Est\u00e9tica Barcelona y Granollers | C\u00e0nons Clinics\",\"description\":\"\",\"publisher\":{\"@id\":\"https:\/\/www.canons.es\/#organization\"},\"potentialAction\":[{\"@type\":\"SearchAction\",\"target\":{\"@type\":\"EntryPoint\",\"urlTemplate\":\"https:\/\/www.canons.es\/?s={search_term_string}\"},\"query-input\":{\"@type\":\"PropertyValueSpecification\",\"valueRequired\":true,\"valueName\":\"search_term_string\"}}],\"inLanguage\":\"en-US\"},{\"@type\":\"Organization\",\"@id\":\"https:\/\/www.canons.es\/#organization\",\"name\":\"Cirug\u00eda Pl\u00e1stica y Est\u00e9tica Barcelona y Granollers | C\u00e0nons Clinics\",\"url\":\"https:\/\/www.canons.es\/\",\"logo\":{\"@type\":\"ImageObject\",\"inLanguage\":\"en-US\",\"@id\":\"https:\/\/www.canons.es\/#\/schema\/logo\/image\/\",\"url\":\"https:\/\/www.canons.es\/wp-content\/uploads\/2025\/04\/logo-canons-clinics.jpg\",\"contentUrl\":\"https:\/\/www.canons.es\/wp-content\/uploads\/2025\/04\/logo-canons-clinics.jpg\",\"width\":600,\"height\":139,\"caption\":\"Cirug\u00eda Pl\u00e1stica y Est\u00e9tica Barcelona y Granollers | C\u00e0nons Clinics\"},\"image\":{\"@id\":\"https:\/\/www.canons.es\/#\/schema\/logo\/image\/\"},\"sameAs\":[\"https:\/\/www.facebook.com\/canonsclinics\/\",\"https:\/\/x.com\/canonsclinics\",\"https:\/\/www.instagram.com\/canonsclinics\/\",\"https:\/\/www.youtube.com\/channel\/UCI1Ia6LjALyo1CuQ0_HwtfQ\",\"https:\/\/www.linkedin.com\/company\/canons-clinics\/\"]}]}<\/script>\n<!-- \/ Yoast SEO Premium plugin. -->","yoast_head_json":{"title":"Neck Lifting - Canons Clinic | Surgery and Aesthetic Medicine in Barcelona, \u200b\u200bGranollers","robots":{"index":"index","follow":"follow","max-snippet":"max-snippet:-1","max-image-preview":"max-image-preview:large","max-video-preview":"max-video-preview:-1"},"canonical":"https:\/\/www.canons.es\/cirugia-plastica-facial-2\/lifting-de-cuello\/","og_locale":"en_US","og_type":"article","og_title":"Neck Lifting","og_description":"[vc_row css_animation=&#8221;&#8221; row_type=&#8221;row&#8221; use_row_as_full_screen_section=&#8221;no&#8221; type=&#8221;full_width&#8221; angled_section=&#8221;no&#8221; text_align=&#8221;left&#8221; background_image_as_pattern=&#8221;without_pattern&#8221; background_color=&#8221;#f7f7f7&#8243; section_type=&#8221;full-width&#8221;][vc_column][vc_empty_space height=&#8221;20px&#8221;][vc_empty_space][vc_row_inner row_type=&#8221;row&#8221; type=&#8221;full_width&#8221; text_align=&#8221;left&#8221; css_animation=&#8221;&#8221;][vc_column_inner width=&#8221;1\/2&#8243;][vc_single_image image=&#8221;7987&#8243; img_size=&#8221;full&#8221; qode_css_animation=&#8221;&#8221;][\/vc_column_inner][vc_column_inner width=&#8221;1\/2&#8243;][vc_column_text]The folds between the nose and mouth are accentuated, the lost mandibular border definition and increases your sagging neck. The Forehead Lift procedure can be performed...","og_url":"https:\/\/www.canons.es\/cirugia-plastica-facial-2\/lifting-de-cuello\/","og_site_name":"Canons Clinic | Surgery and Aesthetic Medicine in Barcelona, \u200b\u200bGranollers","article_publisher":"https:\/\/www.facebook.com\/canonsclinics\/","article_modified_time":"2019-12-12T16:00:11+00:00","twitter_card":"summary_large_image","twitter_site":"@canonsclinics","twitter_misc":{"Est. reading time":"5 minutes"},"schema":{"@context":"https:\/\/schema.org","@graph":[{"@type":"WebPage","@id":"https:\/\/www.canons.es\/cirugia-plastica-facial-2\/lifting-de-cuello\/","url":"https:\/\/www.canons.es\/cirugia-plastica-facial-2\/lifting-de-cuello\/","name":"Neck Lifting - Canons Clinic | Surgery and Aesthetic Medicine in Barcelona, \u200b\u200bGranollers","isPartOf":{"@id":"https:\/\/www.canons.es\/#website"},"datePublished":"2015-09-08T15:35:29+00:00","dateModified":"2019-12-12T16:00:11+00:00","breadcrumb":{"@id":"https:\/\/www.canons.es\/cirugia-plastica-facial-2\/lifting-de-cuello\/#breadcrumb"},"inLanguage":"en-US","potentialAction":[{"@type":"ReadAction","target":["https:\/\/www.canons.es\/cirugia-plastica-facial-2\/lifting-de-cuello\/"]}]},{"@type":"BreadcrumbList","@id":"https:\/\/www.canons.es\/cirugia-plastica-facial-2\/lifting-de-cuello\/#breadcrumb","itemListElement":[{"@type":"ListItem","position":1,"name":"Portada","item":"https:\/\/www.canons.es\/en\/"},{"@type":"ListItem","position":2,"name":"FACIAL PLASTIC SURGERY","item":"https:\/\/www.canons.es\/en\/facial-plastic-surgery\/"},{"@type":"ListItem","position":3,"name":"Neck Lifting"}]},{"@type":"WebSite","@id":"https:\/\/www.canons.es\/#website","url":"https:\/\/www.canons.es\/","name":"Cirug\u00eda Pl\u00e1stica y Est\u00e9tica Barcelona y Granollers | C\u00e0nons Clinics","description":"","publisher":{"@id":"https:\/\/www.canons.es\/#organization"},"potentialAction":[{"@type":"SearchAction","target":{"@type":"EntryPoint","urlTemplate":"https:\/\/www.canons.es\/?s={search_term_string}"},"query-input":{"@type":"PropertyValueSpecification","valueRequired":true,"valueName":"search_term_string"}}],"inLanguage":"en-US"},{"@type":"Organization","@id":"https:\/\/www.canons.es\/#organization","name":"Cirug\u00eda Pl\u00e1stica y Est\u00e9tica Barcelona y Granollers | C\u00e0nons Clinics","url":"https:\/\/www.canons.es\/","logo":{"@type":"ImageObject","inLanguage":"en-US","@id":"https:\/\/www.canons.es\/#\/schema\/logo\/image\/","url":"https:\/\/www.canons.es\/wp-content\/uploads\/2025\/04\/logo-canons-clinics.jpg","contentUrl":"https:\/\/www.canons.es\/wp-content\/uploads\/2025\/04\/logo-canons-clinics.jpg","width":600,"height":139,"caption":"Cirug\u00eda Pl\u00e1stica y Est\u00e9tica Barcelona y Granollers | C\u00e0nons Clinics"},"image":{"@id":"https:\/\/www.canons.es\/#\/schema\/logo\/image\/"},"sameAs":["https:\/\/www.facebook.com\/canonsclinics\/","https:\/\/x.com\/canonsclinics","https:\/\/www.instagram.com\/canonsclinics\/","https:\/\/www.youtube.com\/channel\/UCI1Ia6LjALyo1CuQ0_HwtfQ","https:\/\/www.linkedin.com\/company\/canons-clinics\/"]}]}},"_links":{"self":[{"href":"https:\/\/www.canons.es\/en\/wp-json\/wp\/v2\/pages\/9707","targetHints":{"allow":["GET"]}}],"collection":[{"href":"https:\/\/www.canons.es\/en\/wp-json\/wp\/v2\/pages"}],"about":[{"href":"https:\/\/www.canons.es\/en\/wp-json\/wp\/v2\/types\/page"}],"author":[{"embeddable":true,"href":"https:\/\/www.canons.es\/en\/wp-json\/wp\/v2\/users\/25"}],"replies":[{"embeddable":true,"href":"https:\/\/www.canons.es\/en\/wp-json\/wp\/v2\/comments?post=9707"}],"version-history":[{"count":0,"href":"https:\/\/www.canons.es\/en\/wp-json\/wp\/v2\/pages\/9707\/revisions"}],"up":[{"embeddable":true,"href":"https:\/\/www.canons.es\/en\/wp-json\/wp\/v2\/pages\/9764"}],"wp:attachment":[{"href":"https:\/\/www.canons.es\/en\/wp-json\/wp\/v2\/media?parent=9707"}],"curies":[{"name":"wp","href":"https:\/\/api.w.org\/{rel}","templated":true}]}}