{"id":9578,"date":"2015-08-24T11:04:59","date_gmt":"2015-08-24T11:04:59","guid":{"rendered":"https:\/\/www.canons.es\/en\/intralipoterapia-con-aqualyx\/"},"modified":"2015-11-25T17:00:56","modified_gmt":"2015-11-25T17:00:56","slug":"intralipoterapia-con-aqualyx","status":"publish","type":"page","link":"https:\/\/www.canons.es\/en\/intralipoterapia-con-aqualyx\/","title":{"rendered":"Intralipoterapia with Aqualyx"},"content":{"rendered":"<div class=\"wpb-content-wrapper\"><p>[vc_row section_type=&#8221;full-width&#8221; background_color=&#8221;#f9f9f9&#8243;][vc_column][vc_empty_space height=&#8221;40px&#8221;][vc_row_inner][vc_column_inner width=&#8221;1\/2&#8243;][vc_single_image image=&#8221;8794&#8243; img_link_large=&#8221;&#8221;][\/vc_column_inner][vc_column_inner width=&#8221;1\/2&#8243;][vc_column_text]<span style=\"line-height: 1.5;\">This medical protocol is specifically formed for the use of a biocompatible, injectable solution, fully resorbable that \u00a0is called Aqualyx<sup>\u00ae<\/sup>\u00a0and <strong>allows gradually degradation fat deposits and located in confined areas.\u00a0<\/strong><\/span><\/p>\n<p><span style=\"line-height: 1.5;\">It is now considered the treatment of choice as an alternative to\u00a0<\/span><a style=\"line-height: 1.5;\" href=\"http:\/\/www.C\u00e0nons Clinics.es\/en\/lipoescultura-corporal-asistida-por-laser\/\">liposuction<\/a><span style=\"line-height: 1.5;\">.<\/span>[\/vc_column_text][\/vc_column_inner][\/vc_row_inner][\/vc_column][\/vc_row][vc_row section_type=&#8221;full-width&#8221;][vc_column][vc_empty_space][vc_accordion][vc_accordion_tab title=&#8221;How does it work?&#8221;][vc_column_text]<\/p>\n<p style=\"text-align: justify;\">Aqualyx\u00ae injected in adipose tissue with a technique called Intralipotherapy producing tumescence tissue, allowing it to penetrate the adipocytes of the area or areas to be treated in a manner that<strong> initiates a process of adipocitolisis or elimination of fat cells<\/strong>, which will<strong> leverage with the help of lymphoma manuals drains accelerating the process of removing localized fat.<\/strong><\/p>\n<p>[\/vc_column_text][vc_empty_space][vc_row_inner][vc_column_inner width=&#8221;1\/4&#8243;]<br \/>\n[\/vc_column_inner][vc_column_inner width=&#8221;1\/2&#8243;][vc_video link=&#8221;https:\/\/www.youtube.com\/embed\/O3lf0WPDNTI&#8221;][\/vc_column_inner][vc_column_inner width=&#8221;1\/4&#8243;]<br \/>\n[\/vc_column_inner][\/vc_row_inner][vc_empty_space][\/vc_accordion_tab][vc_accordion_tab title=&#8221;What areas can I treat with Aqualyx\u00ae?&#8221;][vc_column_text]<strong>The body areas most affected by localized fat that does not go away with diet or exercise.<\/strong><\/p>\n<p>The areas most affected are the flanks, inner thighs, the inside of the knee, the trochanteric region or \u201ccartridge\u201d, abdomen, and upper extremities, double chin or jowls.[\/vc_column_text][\/vc_accordion_tab][vc_accordion_tab title=&#8221;What will be the protocol to follow?&#8221;][vc_column_text]<\/p>\n<p style=\"text-align: justify;\">Prior to treatment Aqualyx\u00ae session will make a manual lymphatic drainage treatment area to remove fluid and toxins. In this way will adapt it to be more receptive to treatment with Aqualyx.<\/p>\n<p style=\"text-align: justify;\">Subsequently properly disinfection of \u00a0the area to be treated. Depending on the area or areas to be treated the doctor will inject the appropriate amount in each case.<\/p>\n<p style=\"text-align: justify;\">Although there has been a high tolerance to treatment, Aqualyx never be injected in amounts greater than 40ml per session or 25ml at a specific anatomical area. If necessary, can be added pure 0,2 ml lidocaine without epinephrine or other vasoconstrictor Aqualyx each vial.<\/p>\n<p style=\"text-align: justify;\">Subsequently, there will be <strong>three manual lymphatic dreinages to accelerate the process of fat removal<\/strong>.<\/p>\n<p style=\"text-align: justify;\">Based on clinical data targets, treatments must be made at <strong>intervals of 15 days or greater<\/strong>.<\/p>\n<p style=\"text-align: justify;\">The number of sessions with Aqualyx\u00ae varies <strong>between 2 and 5, depending on the extent of the areas to be treated, with a mean interval between 3 and 4 weeks of each other<\/strong>. Depending on particular clinical aspects these intervals can be modified.<\/p>\n<p style=\"text-align: justify;\">To ensure the maintenance of the results obtained, it is important to see a specialist a few months after treatment.<\/p>\n<p>[\/vc_column_text][\/vc_accordion_tab][vc_accordion_tab title=&#8221;What do you recommend after each session?&#8221;][vc_column_text]<\/p>\n<p style=\"text-align: justify;\"><strong>Avoid exposing yourself to solar radiation or ultraviolet<\/strong> tanning with at least during the first 45 days after each session. Also, you have to make a specific home treatment to accelerate the process.<\/p>\n<p>[\/vc_column_text][\/vc_accordion_tab][vc_accordion_tab title=&#8221;Can I combine it with other body therapies?&#8221;][vc_column_text]<\/p>\n<p style=\"text-align: justify;\"><strong>It is fully compatible and combinable with all bodily aesthetic medical therapies<\/strong> as recommended by our Medical patterned Aesthetic Medicine Specialists providing comprehensive treatment in order to enhance the image. Patients should avoid physical excecise during 1 week.<\/p>\n<p>[\/vc_column_text][\/vc_accordion_tab][\/vc_accordion][\/vc_column][\/vc_row]<\/p>\n<\/div><!-- AddThis Advanced Settings generic via filter on the_content --><!-- AddThis Share Buttons generic via filter on the_content -->","protected":false},"excerpt":{"rendered":"<p>[vc_row section_type=&#8221;full-width&#8221; background_color=&#8221;#f9f9f9&#8243;][vc_column][vc_empty_space height=&#8221;40px&#8221;][vc_row_inner][vc_column_inner width=&#8221;1\/2&#8243;][vc_single_image image=&#8221;8794&#8243; img_link_large=&#8221;&#8221;][\/vc_column_inner][vc_column_inner width=&#8221;1\/2&#8243;][vc_column_text]This medical protocol is specifically formed for the use of a biocompatible, injectable solution, fully resorbable that \u00a0is called Aqualyx\u00ae\u00a0and allows gradually degradation fat deposits and located in confined areas.\u00a0 It is now considered the treatment of choice&#8230;<!-- AddThis Advanced Settings generic via filter on get_the_excerpt --><!-- AddThis Share Buttons generic via filter on get_the_excerpt --><\/p>\n","protected":false},"author":25,"featured_media":0,"parent":0,"menu_order":0,"comment_status":"closed","ping_status":"closed","template":"","meta":{"footnotes":""},"class_list":["post-9578","page","type-page","status-publish","hentry"],"yoast_head":"<!-- This site is optimized with the Yoast SEO Premium plugin v26.9 (Yoast SEO v27.5) - https:\/\/yoast.com\/product\/yoast-seo-premium-wordpress\/ -->\n<title>Intralipoterapia with Aqualyx - Canons Clinic | Surgery and Aesthetic Medicine in Barcelona, \u200b\u200bGranollers<\/title>\n<meta name=\"robots\" content=\"index, follow, max-snippet:-1, max-image-preview:large, max-video-preview:-1\" \/>\n<link rel=\"canonical\" href=\"https:\/\/www.canons.es\/intralipoterapia-con-aqualyx\/\" \/>\n<meta property=\"og:locale\" content=\"en_US\" \/>\n<meta property=\"og:type\" content=\"article\" \/>\n<meta property=\"og:title\" content=\"Intralipoterapia with Aqualyx\" \/>\n<meta property=\"og:description\" content=\"[vc_row section_type=&#8221;full-width&#8221; background_color=&#8221;#f9f9f9&#8243;][vc_column][vc_empty_space height=&#8221;40px&#8221;][vc_row_inner][vc_column_inner width=&#8221;1\/2&#8243;][vc_single_image image=&#8221;8794&#8243; img_link_large=&#8221;&#8221;][\/vc_column_inner][vc_column_inner width=&#8221;1\/2&#8243;][vc_column_text]This medical protocol is specifically formed for the use of a biocompatible, injectable solution, fully resorbable that \u00a0is called Aqualyx\u00ae\u00a0and allows gradually degradation fat deposits and located in confined areas.\u00a0 It is now considered the treatment of choice...\" \/>\n<meta property=\"og:url\" content=\"https:\/\/www.canons.es\/intralipoterapia-con-aqualyx\/\" \/>\n<meta property=\"og:site_name\" content=\"Canons Clinic | Surgery and Aesthetic Medicine in Barcelona, \u200b\u200bGranollers\" \/>\n<meta property=\"article:publisher\" content=\"https:\/\/www.facebook.com\/canonsclinics\/\" \/>\n<meta property=\"article:modified_time\" content=\"2015-11-25T17:00:56+00:00\" \/>\n<meta name=\"twitter:card\" content=\"summary_large_image\" \/>\n<meta name=\"twitter:site\" content=\"@canonsclinics\" \/>\n<meta name=\"twitter:label1\" content=\"Est. reading time\" \/>\n\t<meta name=\"twitter:data1\" content=\"3 minutes\" \/>\n<script type=\"application\/ld+json\" class=\"yoast-schema-graph\">{\"@context\":\"https:\\\/\\\/schema.org\",\"@graph\":[{\"@type\":\"WebPage\",\"@id\":\"https:\\\/\\\/www.canons.es\\\/intralipoterapia-con-aqualyx\\\/\",\"url\":\"https:\\\/\\\/www.canons.es\\\/intralipoterapia-con-aqualyx\\\/\",\"name\":\"Intralipoterapia with Aqualyx - Canons Clinic | Surgery and Aesthetic Medicine in Barcelona, \u200b\u200bGranollers\",\"isPartOf\":{\"@id\":\"https:\\\/\\\/www.canons.es\\\/#website\"},\"datePublished\":\"2015-08-24T11:04:59+00:00\",\"dateModified\":\"2015-11-25T17:00:56+00:00\",\"breadcrumb\":{\"@id\":\"https:\\\/\\\/www.canons.es\\\/intralipoterapia-con-aqualyx\\\/#breadcrumb\"},\"inLanguage\":\"en-US\",\"potentialAction\":[{\"@type\":\"ReadAction\",\"target\":[\"https:\\\/\\\/www.canons.es\\\/intralipoterapia-con-aqualyx\\\/\"]}]},{\"@type\":\"BreadcrumbList\",\"@id\":\"https:\\\/\\\/www.canons.es\\\/intralipoterapia-con-aqualyx\\\/#breadcrumb\",\"itemListElement\":[{\"@type\":\"ListItem\",\"position\":1,\"name\":\"Portada\",\"item\":\"https:\\\/\\\/www.canons.es\\\/en\\\/\"},{\"@type\":\"ListItem\",\"position\":2,\"name\":\"Intralipoterapia with Aqualyx\"}]},{\"@type\":\"WebSite\",\"@id\":\"https:\\\/\\\/www.canons.es\\\/#website\",\"url\":\"https:\\\/\\\/www.canons.es\\\/\",\"name\":\"Cirug\u00eda Pl\u00e1stica y Est\u00e9tica Barcelona y Granollers | C\u00e0nons Clinics\",\"description\":\"\",\"publisher\":{\"@id\":\"https:\\\/\\\/www.canons.es\\\/#organization\"},\"potentialAction\":[{\"@type\":\"SearchAction\",\"target\":{\"@type\":\"EntryPoint\",\"urlTemplate\":\"https:\\\/\\\/www.canons.es\\\/?s={search_term_string}\"},\"query-input\":{\"@type\":\"PropertyValueSpecification\",\"valueRequired\":true,\"valueName\":\"search_term_string\"}}],\"inLanguage\":\"en-US\"},{\"@type\":\"Organization\",\"@id\":\"https:\\\/\\\/www.canons.es\\\/#organization\",\"name\":\"Cirug\u00eda Pl\u00e1stica y Est\u00e9tica Barcelona y Granollers | C\u00e0nons Clinics\",\"url\":\"https:\\\/\\\/www.canons.es\\\/\",\"logo\":{\"@type\":\"ImageObject\",\"inLanguage\":\"en-US\",\"@id\":\"https:\\\/\\\/www.canons.es\\\/#\\\/schema\\\/logo\\\/image\\\/\",\"url\":\"https:\\\/\\\/www.canons.es\\\/wp-content\\\/uploads\\\/2025\\\/04\\\/logo-canons-clinics.jpg\",\"contentUrl\":\"https:\\\/\\\/www.canons.es\\\/wp-content\\\/uploads\\\/2025\\\/04\\\/logo-canons-clinics.jpg\",\"width\":600,\"height\":139,\"caption\":\"Cirug\u00eda Pl\u00e1stica y Est\u00e9tica Barcelona y Granollers | C\u00e0nons Clinics\"},\"image\":{\"@id\":\"https:\\\/\\\/www.canons.es\\\/#\\\/schema\\\/logo\\\/image\\\/\"},\"sameAs\":[\"https:\\\/\\\/www.facebook.com\\\/canonsclinics\\\/\",\"https:\\\/\\\/x.com\\\/canonsclinics\",\"https:\\\/\\\/www.instagram.com\\\/canonsclinics\\\/\",\"https:\\\/\\\/www.youtube.com\\\/channel\\\/UCI1Ia6LjALyo1CuQ0_HwtfQ\",\"https:\\\/\\\/www.linkedin.com\\\/company\\\/canons-clinics\\\/\"]}]}<\/script>\n<!-- \/ Yoast SEO Premium plugin. -->","yoast_head_json":{"title":"Intralipoterapia with Aqualyx - Canons Clinic | Surgery and Aesthetic Medicine in Barcelona, \u200b\u200bGranollers","robots":{"index":"index","follow":"follow","max-snippet":"max-snippet:-1","max-image-preview":"max-image-preview:large","max-video-preview":"max-video-preview:-1"},"canonical":"https:\/\/www.canons.es\/intralipoterapia-con-aqualyx\/","og_locale":"en_US","og_type":"article","og_title":"Intralipoterapia with Aqualyx","og_description":"[vc_row section_type=&#8221;full-width&#8221; background_color=&#8221;#f9f9f9&#8243;][vc_column][vc_empty_space height=&#8221;40px&#8221;][vc_row_inner][vc_column_inner width=&#8221;1\/2&#8243;][vc_single_image image=&#8221;8794&#8243; img_link_large=&#8221;&#8221;][\/vc_column_inner][vc_column_inner width=&#8221;1\/2&#8243;][vc_column_text]This medical protocol is specifically formed for the use of a biocompatible, injectable solution, fully resorbable that \u00a0is called Aqualyx\u00ae\u00a0and allows gradually degradation fat deposits and located in confined areas.\u00a0 It is now considered the treatment of choice...","og_url":"https:\/\/www.canons.es\/intralipoterapia-con-aqualyx\/","og_site_name":"Canons Clinic | Surgery and Aesthetic Medicine in Barcelona, \u200b\u200bGranollers","article_publisher":"https:\/\/www.facebook.com\/canonsclinics\/","article_modified_time":"2015-11-25T17:00:56+00:00","twitter_card":"summary_large_image","twitter_site":"@canonsclinics","twitter_misc":{"Est. reading time":"3 minutes"},"schema":{"@context":"https:\/\/schema.org","@graph":[{"@type":"WebPage","@id":"https:\/\/www.canons.es\/intralipoterapia-con-aqualyx\/","url":"https:\/\/www.canons.es\/intralipoterapia-con-aqualyx\/","name":"Intralipoterapia with Aqualyx - Canons Clinic | Surgery and Aesthetic Medicine in Barcelona, \u200b\u200bGranollers","isPartOf":{"@id":"https:\/\/www.canons.es\/#website"},"datePublished":"2015-08-24T11:04:59+00:00","dateModified":"2015-11-25T17:00:56+00:00","breadcrumb":{"@id":"https:\/\/www.canons.es\/intralipoterapia-con-aqualyx\/#breadcrumb"},"inLanguage":"en-US","potentialAction":[{"@type":"ReadAction","target":["https:\/\/www.canons.es\/intralipoterapia-con-aqualyx\/"]}]},{"@type":"BreadcrumbList","@id":"https:\/\/www.canons.es\/intralipoterapia-con-aqualyx\/#breadcrumb","itemListElement":[{"@type":"ListItem","position":1,"name":"Portada","item":"https:\/\/www.canons.es\/en\/"},{"@type":"ListItem","position":2,"name":"Intralipoterapia with Aqualyx"}]},{"@type":"WebSite","@id":"https:\/\/www.canons.es\/#website","url":"https:\/\/www.canons.es\/","name":"Cirug\u00eda Pl\u00e1stica y Est\u00e9tica Barcelona y Granollers | C\u00e0nons Clinics","description":"","publisher":{"@id":"https:\/\/www.canons.es\/#organization"},"potentialAction":[{"@type":"SearchAction","target":{"@type":"EntryPoint","urlTemplate":"https:\/\/www.canons.es\/?s={search_term_string}"},"query-input":{"@type":"PropertyValueSpecification","valueRequired":true,"valueName":"search_term_string"}}],"inLanguage":"en-US"},{"@type":"Organization","@id":"https:\/\/www.canons.es\/#organization","name":"Cirug\u00eda Pl\u00e1stica y Est\u00e9tica Barcelona y Granollers | C\u00e0nons Clinics","url":"https:\/\/www.canons.es\/","logo":{"@type":"ImageObject","inLanguage":"en-US","@id":"https:\/\/www.canons.es\/#\/schema\/logo\/image\/","url":"https:\/\/www.canons.es\/wp-content\/uploads\/2025\/04\/logo-canons-clinics.jpg","contentUrl":"https:\/\/www.canons.es\/wp-content\/uploads\/2025\/04\/logo-canons-clinics.jpg","width":600,"height":139,"caption":"Cirug\u00eda Pl\u00e1stica y Est\u00e9tica Barcelona y Granollers | C\u00e0nons Clinics"},"image":{"@id":"https:\/\/www.canons.es\/#\/schema\/logo\/image\/"},"sameAs":["https:\/\/www.facebook.com\/canonsclinics\/","https:\/\/x.com\/canonsclinics","https:\/\/www.instagram.com\/canonsclinics\/","https:\/\/www.youtube.com\/channel\/UCI1Ia6LjALyo1CuQ0_HwtfQ","https:\/\/www.linkedin.com\/company\/canons-clinics\/"]}]}},"_links":{"self":[{"href":"https:\/\/www.canons.es\/en\/wp-json\/wp\/v2\/pages\/9578","targetHints":{"allow":["GET"]}}],"collection":[{"href":"https:\/\/www.canons.es\/en\/wp-json\/wp\/v2\/pages"}],"about":[{"href":"https:\/\/www.canons.es\/en\/wp-json\/wp\/v2\/types\/page"}],"author":[{"embeddable":true,"href":"https:\/\/www.canons.es\/en\/wp-json\/wp\/v2\/users\/25"}],"replies":[{"embeddable":true,"href":"https:\/\/www.canons.es\/en\/wp-json\/wp\/v2\/comments?post=9578"}],"version-history":[{"count":0,"href":"https:\/\/www.canons.es\/en\/wp-json\/wp\/v2\/pages\/9578\/revisions"}],"wp:attachment":[{"href":"https:\/\/www.canons.es\/en\/wp-json\/wp\/v2\/media?parent=9578"}],"curies":[{"name":"wp","href":"https:\/\/api.w.org\/{rel}","templated":true}]}}