{"id":9454,"date":"2015-08-24T10:28:31","date_gmt":"2015-08-24T10:28:31","guid":{"rendered":"https:\/\/www.canons.es\/en\/eliminacion-de-manchas-con-laser-medico-de-manos-y-escote\/"},"modified":"2019-12-11T16:53:06","modified_gmt":"2019-12-11T16:53:06","slug":"eliminacion-de-manchas-con-laser-medico-de-manos-y-escote","status":"publish","type":"page","link":"https:\/\/www.canons.es\/en\/body-aesthetic-medicine\/eliminacion-de-manchas-con-laser-medico-de-manos-y-escote\/","title":{"rendered":"Removing Stains from Hands and Cleavage by Medical Laser"},"content":{"rendered":"<div class=\"wpb-content-wrapper\"><p>[vc_row css_animation=&#8221;&#8221; row_type=&#8221;row&#8221; use_row_as_full_screen_section=&#8221;no&#8221; type=&#8221;full_width&#8221; angled_section=&#8221;no&#8221; text_align=&#8221;left&#8221; background_image_as_pattern=&#8221;without_pattern&#8221; background_color=&#8221;#f9f9f9&#8243; section_type=&#8221;full-width&#8221;][vc_column][vc_empty_space height=&#8221;20px&#8221;]<div class=\"custom_font_holder\" style=\"font-family: Raleway; font-size: 35px; line-height: 26px; font-style: normal; font-weight: 300; color: #1e70b3; text-decoration: none; text-align: left;\">REMOVING OF SPOTS WITH LASER IN HANDS AND NECK<\/div>[vc_empty_space height=&#8221;40px&#8221;][vc_row_inner row_type=&#8221;row&#8221; type=&#8221;full_width&#8221; text_align=&#8221;left&#8221; css_animation=&#8221;&#8221;][vc_column_inner width=&#8221;1\/2&#8243;][vc_single_image image=&#8221;8762&#8243; qode_css_animation=&#8221;&#8221;][\/vc_column_inner][vc_column_inner width=&#8221;1\/2&#8243;][vc_column_text]<\/p>\n<p style=\"text-align: justify;\">In this treatment we apply an effective power in the form of beam of intense pulsed light that penetrates through the skin deep down to levels where melanin is located so that it greatly improves cutaneous photoaging and skin damaged by sun exposure as the spots of Brown, freckles, Solar lentigines&#8230;<\/p>\n<p>[\/vc_column_text][\/vc_column_inner][\/vc_row_inner][\/vc_column][\/vc_row][vc_row css_animation=&#8221;&#8221; row_type=&#8221;row&#8221; use_row_as_full_screen_section=&#8221;no&#8221; type=&#8221;full_width&#8221; angled_section=&#8221;no&#8221; text_align=&#8221;left&#8221; background_image_as_pattern=&#8221;without_pattern&#8221; section_type=&#8221;full-width&#8221;][vc_column][vc_empty_space][vc_accordion style=&#8221;accordion&#8221;][vc_accordion_tab title=&#8221;Why are there dark stains on the skin?&#8221;][vc_column_text]<\/p>\n<ul>\n<li>Excessive <strong>exposure to solar radiation<\/strong><\/li>\n<\/ul>\n<ul>\n<li>The <strong>individual genetics<\/strong><\/li>\n<\/ul>\n<ul>\n<li>Biological <strong>age<\/strong><\/li>\n<\/ul>\n<ul>\n<li><strong>Hormonal changes<\/strong><\/li>\n<\/ul>\n<ul>\n<li>The <strong>use of drugs<\/strong><\/li>\n<\/ul>\n<ul>\n<li>The <strong>application of perfumes, cosmetics<\/strong> unsuitable, etc.<\/li>\n<\/ul>\n<p>[\/vc_column_text][\/vc_accordion_tab][vc_accordion_tab title=&#8221;What benefits will you get?&#8221;][vc_column_text]<\/p>\n<ul>\n<li>It will <strong>remove pigmented skin spots<\/strong>.<\/li>\n<\/ul>\n<ul>\n<li><strong>Solar lentigines be deleted<\/strong>.<\/li>\n<\/ul>\n<ul>\n<li>Visibly will <strong>improve skin quality<\/strong> of the treated areas as it provides skin regeneration and luminosity.<\/li>\n<\/ul>\n<ul>\n<li><strong>Rejuvenation <\/strong>of the Medical Laser treated areas.<\/li>\n<\/ul>\n<p>[\/vc_column_text][\/vc_accordion_tab][vc_accordion_tab title=&#8221;In which cases is the medical laser indicated?&#8221;][vc_column_text]It is suitable for both men and women who want to give a more <strong>youthful appearance to your skin<\/strong> and removing spots, solar lentigines, and for any age.<\/p>\n<h2><\/h2>\n<p>[\/vc_column_text][\/vc_accordion_tab][vc_accordion_tab title=&#8221;How many sessions will I need?&#8221;][vc_column_text]We usually advise <strong>from 2 to 3 sessions with each monthly intervals or bimonthly<\/strong>.<\/p>\n<p>Depending on the patient it can be repeated as many times as it takes to get the desired result. Later, as you will be advised preventive maintenance an annual session.[\/vc_column_text][\/vc_accordion_tab][vc_accordion_tab title=&#8221;What is most appropriate time for Medical Laser stain removal?&#8221;][vc_column_text]<\/p>\n<p style=\"text-align: justify;\"><strong>It can be done at any time of year<\/strong>, provided you have special care with applying yourself solar radiation sunscreens with full screen. Anyway, we should avoid.<\/p>\n<p>[\/vc_column_text][\/vc_accordion_tab][vc_accordion_tab title=&#8221;My daily activities will be altered?&#8221;][vc_column_text]<\/p>\n<p style=\"text-align: justify;\">Allows <strong>resume your daily activities immediately<\/strong> after each session with the indicated creams and the right makeup.<\/p>\n<p>[\/vc_column_text][\/vc_accordion_tab][vc_accordion_tab title=&#8221;What do you recommend before each session?&#8221;][vc_column_text]<\/p>\n<p style=\"text-align: justify;\"><strong>Avoid exposing yourself to solar radiation or ultraviolet tanning with at least two weeks before each session.<\/strong><\/p>\n<p style=\"text-align: justify;\">In parallel, you must follow the guidelines recommended by your doctor to your specific skin lightening skin phototype.<\/p>\n<p>[\/vc_column_text][\/vc_accordion_tab][vc_accordion_tab title=&#8221;What do you recommend after each session?&#8221;][vc_column_text]<\/p>\n<p style=\"text-align: justify;\"><strong>Avoid exposing yourself to the sun\u2019s rays or ultraviolet tanning with at least during the first 45 days of the session.<\/strong> Also, you have to apply a specific home treatment to your skin type and skin depigmentation, epidermal regenerative.<\/p>\n<p>[\/vc_column_text][\/vc_accordion_tab][vc_accordion_tab title=&#8221;Can I combine it with other Body Therapies?&#8221;][vc_column_text]<\/p>\n<p style=\"text-align: justify;\">It is fully <strong>compatible and combinable with all bodily aesthetic medical therapies<\/strong> as recommended by our Medical patterned Aesthetic Medicine Specialists C\u00e0nons Clinics, providing a comprehensive treatment of hands and chest in order to enhance the image.<\/p>\n<p>[\/vc_column_text][\/vc_accordion_tab][\/vc_accordion][\/vc_column][\/vc_row]<\/p>\n<\/div><!-- AddThis Advanced Settings generic via filter on the_content --><!-- AddThis Share Buttons generic via filter on the_content -->","protected":false},"excerpt":{"rendered":"<p>[vc_row css_animation=&#8221;&#8221; row_type=&#8221;row&#8221; use_row_as_full_screen_section=&#8221;no&#8221; type=&#8221;full_width&#8221; angled_section=&#8221;no&#8221; text_align=&#8221;left&#8221; background_image_as_pattern=&#8221;without_pattern&#8221; background_color=&#8221;#f9f9f9&#8243; section_type=&#8221;full-width&#8221;][vc_column][vc_empty_space height=&#8221;20px&#8221;][vc_empty_space height=&#8221;40px&#8221;][vc_row_inner row_type=&#8221;row&#8221; type=&#8221;full_width&#8221; text_align=&#8221;left&#8221; css_animation=&#8221;&#8221;][vc_column_inner width=&#8221;1\/2&#8243;][vc_single_image image=&#8221;8762&#8243; qode_css_animation=&#8221;&#8221;][\/vc_column_inner][vc_column_inner width=&#8221;1\/2&#8243;][vc_column_text] In this treatment we apply an effective power in the form of beam of intense pulsed light that penetrates through the skin deep down to&#8230;<!-- AddThis Advanced Settings generic via filter on get_the_excerpt --><!-- AddThis Share Buttons generic via filter on get_the_excerpt --><\/p>\n","protected":false},"author":25,"featured_media":0,"parent":9588,"menu_order":0,"comment_status":"closed","ping_status":"closed","template":"","meta":{"footnotes":""},"class_list":["post-9454","page","type-page","status-publish","hentry"],"yoast_head":"<!-- This site is optimized with the Yoast SEO Premium plugin v26.9 (Yoast SEO v27.4) - https:\/\/yoast.com\/product\/yoast-seo-premium-wordpress\/ -->\n<title>Removing Stains from Hands and Cleavage by Medical Laser - Canons Clinic | Surgery and Aesthetic Medicine in Barcelona, \u200b\u200bGranollers<\/title>\n<meta name=\"robots\" content=\"index, follow, max-snippet:-1, max-image-preview:large, max-video-preview:-1\" \/>\n<link rel=\"canonical\" href=\"https:\/\/www.canons.es\/medicina-estetica-corporal-2\/eliminacion-de-manchas-con-laser-medico-de-manos-y-escote\/\" \/>\n<meta property=\"og:locale\" content=\"en_US\" \/>\n<meta property=\"og:type\" content=\"article\" \/>\n<meta property=\"og:title\" content=\"Removing Stains from Hands and Cleavage by Medical Laser\" \/>\n<meta property=\"og:description\" content=\"[vc_row css_animation=&#8221;&#8221; row_type=&#8221;row&#8221; use_row_as_full_screen_section=&#8221;no&#8221; type=&#8221;full_width&#8221; angled_section=&#8221;no&#8221; text_align=&#8221;left&#8221; background_image_as_pattern=&#8221;without_pattern&#8221; background_color=&#8221;#f9f9f9&#8243; section_type=&#8221;full-width&#8221;][vc_column][vc_empty_space height=&#8221;20px&#8221;][vc_empty_space height=&#8221;40px&#8221;][vc_row_inner row_type=&#8221;row&#8221; type=&#8221;full_width&#8221; text_align=&#8221;left&#8221; css_animation=&#8221;&#8221;][vc_column_inner width=&#8221;1\/2&#8243;][vc_single_image image=&#8221;8762&#8243; qode_css_animation=&#8221;&#8221;][\/vc_column_inner][vc_column_inner width=&#8221;1\/2&#8243;][vc_column_text] In this treatment we apply an effective power in the form of beam of intense pulsed light that penetrates through the skin deep down to...\" \/>\n<meta property=\"og:url\" content=\"https:\/\/www.canons.es\/medicina-estetica-corporal-2\/eliminacion-de-manchas-con-laser-medico-de-manos-y-escote\/\" \/>\n<meta property=\"og:site_name\" content=\"Canons Clinic | Surgery and Aesthetic Medicine in Barcelona, \u200b\u200bGranollers\" \/>\n<meta property=\"article:publisher\" content=\"https:\/\/www.facebook.com\/canonsclinics\/\" \/>\n<meta property=\"article:modified_time\" content=\"2019-12-11T16:53:06+00:00\" \/>\n<meta name=\"twitter:card\" content=\"summary_large_image\" \/>\n<meta name=\"twitter:site\" content=\"@canonsclinics\" \/>\n<meta name=\"twitter:label1\" content=\"Est. reading time\" \/>\n\t<meta name=\"twitter:data1\" content=\"3 minutes\" \/>\n<script type=\"application\/ld+json\" class=\"yoast-schema-graph\">{\"@context\":\"https:\\\/\\\/schema.org\",\"@graph\":[{\"@type\":\"WebPage\",\"@id\":\"https:\\\/\\\/www.canons.es\\\/medicina-estetica-corporal-2\\\/eliminacion-de-manchas-con-laser-medico-de-manos-y-escote\\\/\",\"url\":\"https:\\\/\\\/www.canons.es\\\/medicina-estetica-corporal-2\\\/eliminacion-de-manchas-con-laser-medico-de-manos-y-escote\\\/\",\"name\":\"Removing Stains from Hands and Cleavage by Medical Laser - Canons Clinic | Surgery and Aesthetic Medicine in Barcelona, \u200b\u200bGranollers\",\"isPartOf\":{\"@id\":\"https:\\\/\\\/www.canons.es\\\/#website\"},\"datePublished\":\"2015-08-24T10:28:31+00:00\",\"dateModified\":\"2019-12-11T16:53:06+00:00\",\"breadcrumb\":{\"@id\":\"https:\\\/\\\/www.canons.es\\\/medicina-estetica-corporal-2\\\/eliminacion-de-manchas-con-laser-medico-de-manos-y-escote\\\/#breadcrumb\"},\"inLanguage\":\"en-US\",\"potentialAction\":[{\"@type\":\"ReadAction\",\"target\":[\"https:\\\/\\\/www.canons.es\\\/medicina-estetica-corporal-2\\\/eliminacion-de-manchas-con-laser-medico-de-manos-y-escote\\\/\"]}]},{\"@type\":\"BreadcrumbList\",\"@id\":\"https:\\\/\\\/www.canons.es\\\/medicina-estetica-corporal-2\\\/eliminacion-de-manchas-con-laser-medico-de-manos-y-escote\\\/#breadcrumb\",\"itemListElement\":[{\"@type\":\"ListItem\",\"position\":1,\"name\":\"Portada\",\"item\":\"https:\\\/\\\/www.canons.es\\\/en\\\/\"},{\"@type\":\"ListItem\",\"position\":2,\"name\":\"BODY AESTHETIC MEDICINE\",\"item\":\"https:\\\/\\\/www.canons.es\\\/en\\\/body-aesthetic-medicine\\\/\"},{\"@type\":\"ListItem\",\"position\":3,\"name\":\"Removing Stains from Hands and Cleavage by Medical Laser\"}]},{\"@type\":\"WebSite\",\"@id\":\"https:\\\/\\\/www.canons.es\\\/#website\",\"url\":\"https:\\\/\\\/www.canons.es\\\/\",\"name\":\"Cirug\u00eda Pl\u00e1stica y Est\u00e9tica Barcelona y Granollers | C\u00e0nons Clinics\",\"description\":\"\",\"publisher\":{\"@id\":\"https:\\\/\\\/www.canons.es\\\/#organization\"},\"potentialAction\":[{\"@type\":\"SearchAction\",\"target\":{\"@type\":\"EntryPoint\",\"urlTemplate\":\"https:\\\/\\\/www.canons.es\\\/?s={search_term_string}\"},\"query-input\":{\"@type\":\"PropertyValueSpecification\",\"valueRequired\":true,\"valueName\":\"search_term_string\"}}],\"inLanguage\":\"en-US\"},{\"@type\":\"Organization\",\"@id\":\"https:\\\/\\\/www.canons.es\\\/#organization\",\"name\":\"Cirug\u00eda Pl\u00e1stica y Est\u00e9tica Barcelona y Granollers | C\u00e0nons Clinics\",\"url\":\"https:\\\/\\\/www.canons.es\\\/\",\"logo\":{\"@type\":\"ImageObject\",\"inLanguage\":\"en-US\",\"@id\":\"https:\\\/\\\/www.canons.es\\\/#\\\/schema\\\/logo\\\/image\\\/\",\"url\":\"https:\\\/\\\/www.canons.es\\\/wp-content\\\/uploads\\\/2025\\\/04\\\/logo-canons-clinics.jpg\",\"contentUrl\":\"https:\\\/\\\/www.canons.es\\\/wp-content\\\/uploads\\\/2025\\\/04\\\/logo-canons-clinics.jpg\",\"width\":600,\"height\":139,\"caption\":\"Cirug\u00eda Pl\u00e1stica y Est\u00e9tica Barcelona y Granollers | C\u00e0nons Clinics\"},\"image\":{\"@id\":\"https:\\\/\\\/www.canons.es\\\/#\\\/schema\\\/logo\\\/image\\\/\"},\"sameAs\":[\"https:\\\/\\\/www.facebook.com\\\/canonsclinics\\\/\",\"https:\\\/\\\/x.com\\\/canonsclinics\",\"https:\\\/\\\/www.instagram.com\\\/canonsclinics\\\/\",\"https:\\\/\\\/www.youtube.com\\\/channel\\\/UCI1Ia6LjALyo1CuQ0_HwtfQ\",\"https:\\\/\\\/www.linkedin.com\\\/company\\\/canons-clinics\\\/\"]}]}<\/script>\n<!-- \/ Yoast SEO Premium plugin. -->","yoast_head_json":{"title":"Removing Stains from Hands and Cleavage by Medical Laser - Canons Clinic | Surgery and Aesthetic Medicine in Barcelona, \u200b\u200bGranollers","robots":{"index":"index","follow":"follow","max-snippet":"max-snippet:-1","max-image-preview":"max-image-preview:large","max-video-preview":"max-video-preview:-1"},"canonical":"https:\/\/www.canons.es\/medicina-estetica-corporal-2\/eliminacion-de-manchas-con-laser-medico-de-manos-y-escote\/","og_locale":"en_US","og_type":"article","og_title":"Removing Stains from Hands and Cleavage by Medical Laser","og_description":"[vc_row css_animation=&#8221;&#8221; row_type=&#8221;row&#8221; use_row_as_full_screen_section=&#8221;no&#8221; type=&#8221;full_width&#8221; angled_section=&#8221;no&#8221; text_align=&#8221;left&#8221; background_image_as_pattern=&#8221;without_pattern&#8221; background_color=&#8221;#f9f9f9&#8243; section_type=&#8221;full-width&#8221;][vc_column][vc_empty_space height=&#8221;20px&#8221;][vc_empty_space height=&#8221;40px&#8221;][vc_row_inner row_type=&#8221;row&#8221; type=&#8221;full_width&#8221; text_align=&#8221;left&#8221; css_animation=&#8221;&#8221;][vc_column_inner width=&#8221;1\/2&#8243;][vc_single_image image=&#8221;8762&#8243; qode_css_animation=&#8221;&#8221;][\/vc_column_inner][vc_column_inner width=&#8221;1\/2&#8243;][vc_column_text] In this treatment we apply an effective power in the form of beam of intense pulsed light that penetrates through the skin deep down to...","og_url":"https:\/\/www.canons.es\/medicina-estetica-corporal-2\/eliminacion-de-manchas-con-laser-medico-de-manos-y-escote\/","og_site_name":"Canons Clinic | Surgery and Aesthetic Medicine in Barcelona, \u200b\u200bGranollers","article_publisher":"https:\/\/www.facebook.com\/canonsclinics\/","article_modified_time":"2019-12-11T16:53:06+00:00","twitter_card":"summary_large_image","twitter_site":"@canonsclinics","twitter_misc":{"Est. reading time":"3 minutes"},"schema":{"@context":"https:\/\/schema.org","@graph":[{"@type":"WebPage","@id":"https:\/\/www.canons.es\/medicina-estetica-corporal-2\/eliminacion-de-manchas-con-laser-medico-de-manos-y-escote\/","url":"https:\/\/www.canons.es\/medicina-estetica-corporal-2\/eliminacion-de-manchas-con-laser-medico-de-manos-y-escote\/","name":"Removing Stains from Hands and Cleavage by Medical Laser - Canons Clinic | Surgery and Aesthetic Medicine in Barcelona, \u200b\u200bGranollers","isPartOf":{"@id":"https:\/\/www.canons.es\/#website"},"datePublished":"2015-08-24T10:28:31+00:00","dateModified":"2019-12-11T16:53:06+00:00","breadcrumb":{"@id":"https:\/\/www.canons.es\/medicina-estetica-corporal-2\/eliminacion-de-manchas-con-laser-medico-de-manos-y-escote\/#breadcrumb"},"inLanguage":"en-US","potentialAction":[{"@type":"ReadAction","target":["https:\/\/www.canons.es\/medicina-estetica-corporal-2\/eliminacion-de-manchas-con-laser-medico-de-manos-y-escote\/"]}]},{"@type":"BreadcrumbList","@id":"https:\/\/www.canons.es\/medicina-estetica-corporal-2\/eliminacion-de-manchas-con-laser-medico-de-manos-y-escote\/#breadcrumb","itemListElement":[{"@type":"ListItem","position":1,"name":"Portada","item":"https:\/\/www.canons.es\/en\/"},{"@type":"ListItem","position":2,"name":"BODY AESTHETIC MEDICINE","item":"https:\/\/www.canons.es\/en\/body-aesthetic-medicine\/"},{"@type":"ListItem","position":3,"name":"Removing Stains from Hands and Cleavage by Medical Laser"}]},{"@type":"WebSite","@id":"https:\/\/www.canons.es\/#website","url":"https:\/\/www.canons.es\/","name":"Cirug\u00eda Pl\u00e1stica y Est\u00e9tica Barcelona y Granollers | C\u00e0nons Clinics","description":"","publisher":{"@id":"https:\/\/www.canons.es\/#organization"},"potentialAction":[{"@type":"SearchAction","target":{"@type":"EntryPoint","urlTemplate":"https:\/\/www.canons.es\/?s={search_term_string}"},"query-input":{"@type":"PropertyValueSpecification","valueRequired":true,"valueName":"search_term_string"}}],"inLanguage":"en-US"},{"@type":"Organization","@id":"https:\/\/www.canons.es\/#organization","name":"Cirug\u00eda Pl\u00e1stica y Est\u00e9tica Barcelona y Granollers | C\u00e0nons Clinics","url":"https:\/\/www.canons.es\/","logo":{"@type":"ImageObject","inLanguage":"en-US","@id":"https:\/\/www.canons.es\/#\/schema\/logo\/image\/","url":"https:\/\/www.canons.es\/wp-content\/uploads\/2025\/04\/logo-canons-clinics.jpg","contentUrl":"https:\/\/www.canons.es\/wp-content\/uploads\/2025\/04\/logo-canons-clinics.jpg","width":600,"height":139,"caption":"Cirug\u00eda Pl\u00e1stica y Est\u00e9tica Barcelona y Granollers | C\u00e0nons Clinics"},"image":{"@id":"https:\/\/www.canons.es\/#\/schema\/logo\/image\/"},"sameAs":["https:\/\/www.facebook.com\/canonsclinics\/","https:\/\/x.com\/canonsclinics","https:\/\/www.instagram.com\/canonsclinics\/","https:\/\/www.youtube.com\/channel\/UCI1Ia6LjALyo1CuQ0_HwtfQ","https:\/\/www.linkedin.com\/company\/canons-clinics\/"]}]}},"_links":{"self":[{"href":"https:\/\/www.canons.es\/en\/wp-json\/wp\/v2\/pages\/9454","targetHints":{"allow":["GET"]}}],"collection":[{"href":"https:\/\/www.canons.es\/en\/wp-json\/wp\/v2\/pages"}],"about":[{"href":"https:\/\/www.canons.es\/en\/wp-json\/wp\/v2\/types\/page"}],"author":[{"embeddable":true,"href":"https:\/\/www.canons.es\/en\/wp-json\/wp\/v2\/users\/25"}],"replies":[{"embeddable":true,"href":"https:\/\/www.canons.es\/en\/wp-json\/wp\/v2\/comments?post=9454"}],"version-history":[{"count":0,"href":"https:\/\/www.canons.es\/en\/wp-json\/wp\/v2\/pages\/9454\/revisions"}],"up":[{"embeddable":true,"href":"https:\/\/www.canons.es\/en\/wp-json\/wp\/v2\/pages\/9588"}],"wp:attachment":[{"href":"https:\/\/www.canons.es\/en\/wp-json\/wp\/v2\/media?parent=9454"}],"curies":[{"name":"wp","href":"https:\/\/api.w.org\/{rel}","templated":true}]}}