{"id":9415,"date":"2015-08-24T10:09:08","date_gmt":"2015-08-24T10:09:08","guid":{"rendered":"https:\/\/www.canons.es\/en\/rejuvenecimiento-manos-y-escote-con-peelings-quimicos-medicos\/"},"modified":"2019-12-11T16:04:22","modified_gmt":"2019-12-11T16:04:22","slug":"rejuvenecimiento-manos-y-escote-con-peelings-quimicos-medicos","status":"publish","type":"page","link":"https:\/\/www.canons.es\/en\/body-aesthetic-medicine\/rejuvenecimiento-manos-y-escote-con-peelings-quimicos-medicos\/","title":{"rendered":"Hands and neck rejuvenation with Medical Chemical Peels"},"content":{"rendered":"<div class=\"wpb-content-wrapper\"><p>[vc_row css_animation=&#8221;&#8221; row_type=&#8221;row&#8221; use_row_as_full_screen_section=&#8221;no&#8221; type=&#8221;full_width&#8221; angled_section=&#8221;no&#8221; text_align=&#8221;left&#8221; background_image_as_pattern=&#8221;without_pattern&#8221; background_color=&#8221;#f9f9f9&#8243;][vc_column][vc_empty_space height=&#8221;20px&#8221;]<div class=\"custom_font_holder\" style=\"font-family: Raleway; font-size: 35px; line-height: 26px; font-style: normal; font-weight: 300; color: #1e70b3; text-decoration: none; text-align: left;\">Hands &amp; Neck Rejuvenation with Chemical Peeling<\/div>[vc_empty_space height=&#8221;40px&#8221;][vc_row_inner row_type=&#8221;row&#8221; type=&#8221;full_width&#8221; text_align=&#8221;left&#8221; css_animation=&#8221;&#8221;][vc_column_inner width=&#8221;1\/2&#8243;][vc_single_image image=&#8221;10697&#8243; qode_css_animation=&#8221;&#8221;][\/vc_column_inner][vc_column_inner width=&#8221;1\/2&#8243;][vc_column_text]<\/p>\n<p style=\"text-align: justify;\">The Chemical Peeling is a quick, easy and painless treatment that involves the application of different acids at different concentrations, whose effect will be mild, moderate or deep according to the epidermal changes epidermal exfoliation to treat.<\/p>\n<p>I wil <strong>stimulate you the production of collagen and elastin causing a rejuvenating and firming effect of the treated area getting a skin rejuvenated.<\/strong>[\/vc_column_text][\/vc_column_inner][\/vc_row_inner][\/vc_column][\/vc_row][vc_row css_animation=&#8221;&#8221; row_type=&#8221;row&#8221; use_row_as_full_screen_section=&#8221;no&#8221; type=&#8221;full_width&#8221; angled_section=&#8221;no&#8221; text_align=&#8221;left&#8221; background_image_as_pattern=&#8221;without_pattern&#8221; section_type=&#8221;full-width&#8221;][vc_column][vc_empty_space][vc_accordion style=&#8221;accordion&#8221;][vc_accordion_tab title=&#8221;What benefits will you obtain from chemical peeling?&#8221;][vc_column_text]<\/p>\n<div id=\"stcpDiv\">\n<div id=\"stcpDiv\">\n<ul>\n<li><strong>Anticancer effect<\/strong> by skin microdermabrasion of death cells.<\/li>\n<\/ul>\n<ul>\n<li>Will <strong>improve skin quality<\/strong> by epidermal regeneration.<\/li>\n<\/ul>\n<ul>\n<li><strong>Reaffirm and remodeled treated<\/strong> areas by collagen stimulation.<\/li>\n<\/ul>\n<ul>\n<li><strong>Relax depth of wrinkles.<\/strong><\/li>\n<\/ul>\n<ul>\n<li><strong>Provide uniformity and light skin.<\/strong><\/li>\n<\/ul>\n<ul>\n<li><strong>Improve skin elasticity.<\/strong><\/li>\n<\/ul>\n<ul>\n<li>Increasing the consistency by redensification of treated areas.<\/li>\n<\/ul>\n<ul>\n<li><strong>Improve acne scars or old injuries.<\/strong><\/li>\n<\/ul>\n<ul>\n<li>Will stimulate the production of collagen and elastin.<\/li>\n<\/ul>\n<ul>\n<li>Attenuate or delete skin stains.<\/li>\n<\/ul>\n<ul>\n<li><strong>Attenuate stretch marks.<\/strong><\/li>\n<\/ul>\n<ul>\n<li><strong>Diminish the size of the pores.<\/strong><\/li>\n<\/ul>\n<ul>\n<li>Regulation of the excess of cutaneus sebum secretion by fighting against acne and its sequelae.<\/li>\n<\/ul>\n<\/div>\n<\/div>\n<p>[\/vc_column_text][\/vc_accordion_tab][vc_accordion_tab title=&#8221;What is a chemical peeling?&#8221;][vc_column_text]<\/p>\n<div id=\"stcpDiv\" style=\"text-align: justify;\">\n<div id=\"stcpDiv\">In our C\u00e0nons Clinics, centers specializing in <strong>Cosmetic Surgery and Medicine<\/strong>, we\u00a0 first analyze \u00a0the face and choose \u00a0products specific to each type of skin and then apply the specific acid depending on each particular case by controlling the time of action of the acids and the good tolerance to it.<\/div>\n<\/div>\n<p>[\/vc_column_text][\/vc_accordion_tab][vc_accordion_tab title=&#8221;How long does a chemical peeling last?&#8221;][vc_column_text]<\/p>\n<div id=\"stcpDiv\">\n<div id=\"stcpDiv\"><strong>The average length of a chemical peeling may be from 10 minutes to 4 hours.<\/strong><\/div>\n<\/div>\n<p>[\/vc_column_text][\/vc_accordion_tab][vc_accordion_tab title=&#8221;What type of chemical peeling is right for me?&#8221;][vc_column_text]<\/p>\n<div id=\"stcpDiv\">\n<p style=\"text-align: justify;\">The <strong>Chemical Peeling treatment<\/strong> must be personalized. Peeling intensity should be directly related to the alteration to be treated and the type of skin.<\/p>\n<p style=\"text-align: justify;\">The <strong>Superficial Peeling <\/strong>is intended to eliminate fine wrinkles, age spots and acne in people who do not want or can not afford a visible peeling because it only leaves a slight redness that disappears within a few hours. Can be applied weekly or with in intervals of one or two weeks.. It is recommended to be apply at least one every season.<\/p>\n<p style=\"text-align: justify;\">The <strong>Medium Peeling<\/strong> is intended to remove superficial wrinkles and pigmented lesions and acne extended active phase. Redness greater and more visible desquamation, dry skin shedding. Practically not alter normal social life.\u2028 It can be applied again at six weeks.<\/p>\n<p style=\"text-align: justify;\">The <strong>Deep Peeling<\/strong> is intended to eliminate deep wrinkles, photo-aging of high average degree, acne scar status and circumscribed pigmentation. Redness of the skin is intense for 3 or 4 days and severe scaling for up to 10 days. The normal social life can be altered for about a week. Is performed in a sesi\u00f3n. It can be reapplied after 3 months.<\/p>\n<\/div>\n<p>[\/vc_column_text][\/vc_accordion_tab][vc_accordion_tab title=&#8221;What time of the year is it most indicated to make a chemical peeling?&#8221;][vc_column_text]<\/p>\n<div id=\"stcpDiv\" style=\"text-align: justify;\">\n<div id=\"stcpDiv\">You can do this at any time of year. It is <strong>indicated for all skin types and in any part of the bod<\/strong>y. As deeper the peeling is, less sun exposure is rrecommended.<\/div>\n<\/div>\n<p>[\/vc_column_text][\/vc_accordion_tab][vc_accordion_tab title=&#8221;Can I combine it with other Body Therapies?&#8221;][vc_column_text]<\/p>\n<div id=\"stcpDiv\" style=\"text-align: justify;\">\n<div id=\"stcpDiv\">It is fully <strong>compatible and combinable<\/strong> with all body aesthetic medical therapies as recommended by our Medical patterned Aesthetic Medicine Specialists providing comprehensive treatment of hands and chest in order to enhance the image.<\/div>\n<\/div>\n<p>[\/vc_column_text][\/vc_accordion_tab][\/vc_accordion][\/vc_column][\/vc_row]<\/p>\n<\/div><!-- AddThis Advanced Settings generic via filter on the_content --><!-- AddThis Share Buttons generic via filter on the_content -->","protected":false},"excerpt":{"rendered":"<p>[vc_row css_animation=&#8221;&#8221; row_type=&#8221;row&#8221; use_row_as_full_screen_section=&#8221;no&#8221; type=&#8221;full_width&#8221; angled_section=&#8221;no&#8221; text_align=&#8221;left&#8221; background_image_as_pattern=&#8221;without_pattern&#8221; background_color=&#8221;#f9f9f9&#8243;][vc_column][vc_empty_space height=&#8221;20px&#8221;][vc_empty_space height=&#8221;40px&#8221;][vc_row_inner row_type=&#8221;row&#8221; type=&#8221;full_width&#8221; text_align=&#8221;left&#8221; css_animation=&#8221;&#8221;][vc_column_inner width=&#8221;1\/2&#8243;][vc_single_image image=&#8221;10697&#8243; qode_css_animation=&#8221;&#8221;][\/vc_column_inner][vc_column_inner width=&#8221;1\/2&#8243;][vc_column_text] The Chemical Peeling is a quick, easy and painless treatment that involves the application of different acids at different concentrations, whose effect will be mild, moderate&#8230;<!-- AddThis Advanced Settings generic via filter on get_the_excerpt --><!-- AddThis Share Buttons generic via filter on get_the_excerpt --><\/p>\n","protected":false},"author":25,"featured_media":0,"parent":9588,"menu_order":0,"comment_status":"closed","ping_status":"closed","template":"","meta":{"footnotes":""},"class_list":["post-9415","page","type-page","status-publish","hentry"],"yoast_head":"<!-- This site is optimized with the Yoast SEO Premium plugin v26.9 (Yoast SEO v27.2) - https:\/\/yoast.com\/product\/yoast-seo-premium-wordpress\/ -->\n<title>Hands and neck rejuvenation with Medical Chemical Peels - Canons Clinic | Surgery and Aesthetic Medicine in Barcelona, \u200b\u200bGranollers<\/title>\n<meta name=\"robots\" content=\"index, follow, max-snippet:-1, max-image-preview:large, max-video-preview:-1\" \/>\n<link rel=\"canonical\" href=\"https:\/\/www.canons.es\/medicina-estetica-corporal-2\/rejuvenecimiento-manos-y-escote-con-peelings-quimicos-medicos\/\" \/>\n<meta property=\"og:locale\" content=\"en_US\" \/>\n<meta property=\"og:type\" content=\"article\" \/>\n<meta property=\"og:title\" content=\"Hands and neck rejuvenation with Medical Chemical Peels\" \/>\n<meta property=\"og:description\" content=\"[vc_row css_animation=&#8221;&#8221; row_type=&#8221;row&#8221; use_row_as_full_screen_section=&#8221;no&#8221; type=&#8221;full_width&#8221; angled_section=&#8221;no&#8221; text_align=&#8221;left&#8221; background_image_as_pattern=&#8221;without_pattern&#8221; background_color=&#8221;#f9f9f9&#8243;][vc_column][vc_empty_space height=&#8221;20px&#8221;][vc_empty_space height=&#8221;40px&#8221;][vc_row_inner row_type=&#8221;row&#8221; type=&#8221;full_width&#8221; text_align=&#8221;left&#8221; css_animation=&#8221;&#8221;][vc_column_inner width=&#8221;1\/2&#8243;][vc_single_image image=&#8221;10697&#8243; qode_css_animation=&#8221;&#8221;][\/vc_column_inner][vc_column_inner width=&#8221;1\/2&#8243;][vc_column_text] The Chemical Peeling is a quick, easy and painless treatment that involves the application of different acids at different concentrations, whose effect will be mild, moderate...\" \/>\n<meta property=\"og:url\" content=\"https:\/\/www.canons.es\/medicina-estetica-corporal-2\/rejuvenecimiento-manos-y-escote-con-peelings-quimicos-medicos\/\" \/>\n<meta property=\"og:site_name\" content=\"Canons Clinic | Surgery and Aesthetic Medicine in Barcelona, \u200b\u200bGranollers\" \/>\n<meta property=\"article:publisher\" content=\"https:\/\/www.facebook.com\/canonsclinics\/\" \/>\n<meta property=\"article:modified_time\" content=\"2019-12-11T16:04:22+00:00\" \/>\n<meta name=\"twitter:card\" content=\"summary_large_image\" \/>\n<meta name=\"twitter:site\" content=\"@canonsclinics\" \/>\n<meta name=\"twitter:label1\" content=\"Est. reading time\" \/>\n\t<meta name=\"twitter:data1\" content=\"4 minutes\" \/>\n<script type=\"application\/ld+json\" class=\"yoast-schema-graph\">{\"@context\":\"https:\/\/schema.org\",\"@graph\":[{\"@type\":\"WebPage\",\"@id\":\"https:\/\/www.canons.es\/medicina-estetica-corporal-2\/rejuvenecimiento-manos-y-escote-con-peelings-quimicos-medicos\/\",\"url\":\"https:\/\/www.canons.es\/medicina-estetica-corporal-2\/rejuvenecimiento-manos-y-escote-con-peelings-quimicos-medicos\/\",\"name\":\"Hands and neck rejuvenation with Medical Chemical Peels - Canons Clinic | Surgery and Aesthetic Medicine in Barcelona, \u200b\u200bGranollers\",\"isPartOf\":{\"@id\":\"https:\/\/www.canons.es\/#website\"},\"datePublished\":\"2015-08-24T10:09:08+00:00\",\"dateModified\":\"2019-12-11T16:04:22+00:00\",\"breadcrumb\":{\"@id\":\"https:\/\/www.canons.es\/medicina-estetica-corporal-2\/rejuvenecimiento-manos-y-escote-con-peelings-quimicos-medicos\/#breadcrumb\"},\"inLanguage\":\"en-US\",\"potentialAction\":[{\"@type\":\"ReadAction\",\"target\":[\"https:\/\/www.canons.es\/medicina-estetica-corporal-2\/rejuvenecimiento-manos-y-escote-con-peelings-quimicos-medicos\/\"]}]},{\"@type\":\"BreadcrumbList\",\"@id\":\"https:\/\/www.canons.es\/medicina-estetica-corporal-2\/rejuvenecimiento-manos-y-escote-con-peelings-quimicos-medicos\/#breadcrumb\",\"itemListElement\":[{\"@type\":\"ListItem\",\"position\":1,\"name\":\"Portada\",\"item\":\"https:\/\/www.canons.es\/en\/\"},{\"@type\":\"ListItem\",\"position\":2,\"name\":\"BODY AESTHETIC MEDICINE\",\"item\":\"https:\/\/www.canons.es\/en\/body-aesthetic-medicine\/\"},{\"@type\":\"ListItem\",\"position\":3,\"name\":\"Hands and neck rejuvenation with Medical Chemical Peels\"}]},{\"@type\":\"WebSite\",\"@id\":\"https:\/\/www.canons.es\/#website\",\"url\":\"https:\/\/www.canons.es\/\",\"name\":\"Cirug\u00eda Pl\u00e1stica y Est\u00e9tica Barcelona y Granollers | C\u00e0nons Clinics\",\"description\":\"\",\"publisher\":{\"@id\":\"https:\/\/www.canons.es\/#organization\"},\"potentialAction\":[{\"@type\":\"SearchAction\",\"target\":{\"@type\":\"EntryPoint\",\"urlTemplate\":\"https:\/\/www.canons.es\/?s={search_term_string}\"},\"query-input\":{\"@type\":\"PropertyValueSpecification\",\"valueRequired\":true,\"valueName\":\"search_term_string\"}}],\"inLanguage\":\"en-US\"},{\"@type\":\"Organization\",\"@id\":\"https:\/\/www.canons.es\/#organization\",\"name\":\"Cirug\u00eda Pl\u00e1stica y Est\u00e9tica Barcelona y Granollers | C\u00e0nons Clinics\",\"url\":\"https:\/\/www.canons.es\/\",\"logo\":{\"@type\":\"ImageObject\",\"inLanguage\":\"en-US\",\"@id\":\"https:\/\/www.canons.es\/#\/schema\/logo\/image\/\",\"url\":\"https:\/\/www.canons.es\/wp-content\/uploads\/2025\/04\/logo-canons-clinics.jpg\",\"contentUrl\":\"https:\/\/www.canons.es\/wp-content\/uploads\/2025\/04\/logo-canons-clinics.jpg\",\"width\":600,\"height\":139,\"caption\":\"Cirug\u00eda Pl\u00e1stica y Est\u00e9tica Barcelona y Granollers | C\u00e0nons Clinics\"},\"image\":{\"@id\":\"https:\/\/www.canons.es\/#\/schema\/logo\/image\/\"},\"sameAs\":[\"https:\/\/www.facebook.com\/canonsclinics\/\",\"https:\/\/x.com\/canonsclinics\",\"https:\/\/www.instagram.com\/canonsclinics\/\",\"https:\/\/www.youtube.com\/channel\/UCI1Ia6LjALyo1CuQ0_HwtfQ\",\"https:\/\/www.linkedin.com\/company\/canons-clinics\/\"]}]}<\/script>\n<!-- \/ Yoast SEO Premium plugin. -->","yoast_head_json":{"title":"Hands and neck rejuvenation with Medical Chemical Peels - Canons Clinic | Surgery and Aesthetic Medicine in Barcelona, \u200b\u200bGranollers","robots":{"index":"index","follow":"follow","max-snippet":"max-snippet:-1","max-image-preview":"max-image-preview:large","max-video-preview":"max-video-preview:-1"},"canonical":"https:\/\/www.canons.es\/medicina-estetica-corporal-2\/rejuvenecimiento-manos-y-escote-con-peelings-quimicos-medicos\/","og_locale":"en_US","og_type":"article","og_title":"Hands and neck rejuvenation with Medical Chemical Peels","og_description":"[vc_row css_animation=&#8221;&#8221; row_type=&#8221;row&#8221; use_row_as_full_screen_section=&#8221;no&#8221; type=&#8221;full_width&#8221; angled_section=&#8221;no&#8221; text_align=&#8221;left&#8221; background_image_as_pattern=&#8221;without_pattern&#8221; background_color=&#8221;#f9f9f9&#8243;][vc_column][vc_empty_space height=&#8221;20px&#8221;][vc_empty_space height=&#8221;40px&#8221;][vc_row_inner row_type=&#8221;row&#8221; type=&#8221;full_width&#8221; text_align=&#8221;left&#8221; css_animation=&#8221;&#8221;][vc_column_inner width=&#8221;1\/2&#8243;][vc_single_image image=&#8221;10697&#8243; qode_css_animation=&#8221;&#8221;][\/vc_column_inner][vc_column_inner width=&#8221;1\/2&#8243;][vc_column_text] The Chemical Peeling is a quick, easy and painless treatment that involves the application of different acids at different concentrations, whose effect will be mild, moderate...","og_url":"https:\/\/www.canons.es\/medicina-estetica-corporal-2\/rejuvenecimiento-manos-y-escote-con-peelings-quimicos-medicos\/","og_site_name":"Canons Clinic | Surgery and Aesthetic Medicine in Barcelona, \u200b\u200bGranollers","article_publisher":"https:\/\/www.facebook.com\/canonsclinics\/","article_modified_time":"2019-12-11T16:04:22+00:00","twitter_card":"summary_large_image","twitter_site":"@canonsclinics","twitter_misc":{"Est. reading time":"4 minutes"},"schema":{"@context":"https:\/\/schema.org","@graph":[{"@type":"WebPage","@id":"https:\/\/www.canons.es\/medicina-estetica-corporal-2\/rejuvenecimiento-manos-y-escote-con-peelings-quimicos-medicos\/","url":"https:\/\/www.canons.es\/medicina-estetica-corporal-2\/rejuvenecimiento-manos-y-escote-con-peelings-quimicos-medicos\/","name":"Hands and neck rejuvenation with Medical Chemical Peels - Canons Clinic | Surgery and Aesthetic Medicine in Barcelona, \u200b\u200bGranollers","isPartOf":{"@id":"https:\/\/www.canons.es\/#website"},"datePublished":"2015-08-24T10:09:08+00:00","dateModified":"2019-12-11T16:04:22+00:00","breadcrumb":{"@id":"https:\/\/www.canons.es\/medicina-estetica-corporal-2\/rejuvenecimiento-manos-y-escote-con-peelings-quimicos-medicos\/#breadcrumb"},"inLanguage":"en-US","potentialAction":[{"@type":"ReadAction","target":["https:\/\/www.canons.es\/medicina-estetica-corporal-2\/rejuvenecimiento-manos-y-escote-con-peelings-quimicos-medicos\/"]}]},{"@type":"BreadcrumbList","@id":"https:\/\/www.canons.es\/medicina-estetica-corporal-2\/rejuvenecimiento-manos-y-escote-con-peelings-quimicos-medicos\/#breadcrumb","itemListElement":[{"@type":"ListItem","position":1,"name":"Portada","item":"https:\/\/www.canons.es\/en\/"},{"@type":"ListItem","position":2,"name":"BODY AESTHETIC MEDICINE","item":"https:\/\/www.canons.es\/en\/body-aesthetic-medicine\/"},{"@type":"ListItem","position":3,"name":"Hands and neck rejuvenation with Medical Chemical Peels"}]},{"@type":"WebSite","@id":"https:\/\/www.canons.es\/#website","url":"https:\/\/www.canons.es\/","name":"Cirug\u00eda Pl\u00e1stica y Est\u00e9tica Barcelona y Granollers | C\u00e0nons Clinics","description":"","publisher":{"@id":"https:\/\/www.canons.es\/#organization"},"potentialAction":[{"@type":"SearchAction","target":{"@type":"EntryPoint","urlTemplate":"https:\/\/www.canons.es\/?s={search_term_string}"},"query-input":{"@type":"PropertyValueSpecification","valueRequired":true,"valueName":"search_term_string"}}],"inLanguage":"en-US"},{"@type":"Organization","@id":"https:\/\/www.canons.es\/#organization","name":"Cirug\u00eda Pl\u00e1stica y Est\u00e9tica Barcelona y Granollers | C\u00e0nons Clinics","url":"https:\/\/www.canons.es\/","logo":{"@type":"ImageObject","inLanguage":"en-US","@id":"https:\/\/www.canons.es\/#\/schema\/logo\/image\/","url":"https:\/\/www.canons.es\/wp-content\/uploads\/2025\/04\/logo-canons-clinics.jpg","contentUrl":"https:\/\/www.canons.es\/wp-content\/uploads\/2025\/04\/logo-canons-clinics.jpg","width":600,"height":139,"caption":"Cirug\u00eda Pl\u00e1stica y Est\u00e9tica Barcelona y Granollers | C\u00e0nons Clinics"},"image":{"@id":"https:\/\/www.canons.es\/#\/schema\/logo\/image\/"},"sameAs":["https:\/\/www.facebook.com\/canonsclinics\/","https:\/\/x.com\/canonsclinics","https:\/\/www.instagram.com\/canonsclinics\/","https:\/\/www.youtube.com\/channel\/UCI1Ia6LjALyo1CuQ0_HwtfQ","https:\/\/www.linkedin.com\/company\/canons-clinics\/"]}]}},"_links":{"self":[{"href":"https:\/\/www.canons.es\/en\/wp-json\/wp\/v2\/pages\/9415","targetHints":{"allow":["GET"]}}],"collection":[{"href":"https:\/\/www.canons.es\/en\/wp-json\/wp\/v2\/pages"}],"about":[{"href":"https:\/\/www.canons.es\/en\/wp-json\/wp\/v2\/types\/page"}],"author":[{"embeddable":true,"href":"https:\/\/www.canons.es\/en\/wp-json\/wp\/v2\/users\/25"}],"replies":[{"embeddable":true,"href":"https:\/\/www.canons.es\/en\/wp-json\/wp\/v2\/comments?post=9415"}],"version-history":[{"count":0,"href":"https:\/\/www.canons.es\/en\/wp-json\/wp\/v2\/pages\/9415\/revisions"}],"up":[{"embeddable":true,"href":"https:\/\/www.canons.es\/en\/wp-json\/wp\/v2\/pages\/9588"}],"wp:attachment":[{"href":"https:\/\/www.canons.es\/en\/wp-json\/wp\/v2\/media?parent=9415"}],"curies":[{"name":"wp","href":"https:\/\/api.w.org\/{rel}","templated":true}]}}