{"id":9366,"date":"2015-07-17T09:16:26","date_gmt":"2015-07-17T09:16:26","guid":{"rendered":"https:\/\/www.canons.es\/en\/terapia-para-la-couperosi-facial-o-rosacea-con-laser-medico\/"},"modified":"2020-06-10T13:10:39","modified_gmt":"2020-06-10T13:10:39","slug":"terapia-para-la-couperosi-facial-o-rosacea-con-laser-medico","status":"publish","type":"page","link":"https:\/\/www.canons.es\/en\/facial-aesthetic-medicine\/terapia-para-la-couperosi-facial-o-rosacea-con-laser-medico\/","title":{"rendered":"Therapy for Rosacea with medical laser"},"content":{"rendered":"<div class=\"wpb-content-wrapper\"><p>[vc_row css_animation=&#8221;&#8221; row_type=&#8221;row&#8221; use_row_as_full_screen_section=&#8221;no&#8221; type=&#8221;full_width&#8221; angled_section=&#8221;no&#8221; text_align=&#8221;left&#8221; background_image_as_pattern=&#8221;without_pattern&#8221; background_color=&#8221;#f7f7f7&#8243; section_type=&#8221;full-width&#8221;][vc_column][vc_empty_space height=&#8221;40px&#8221;][vc_row_inner row_type=&#8221;row&#8221; type=&#8221;full_width&#8221; text_align=&#8221;left&#8221; css_animation=&#8221;&#8221;][vc_column_inner width=&#8221;1\/2&#8243;][vc_single_image image=&#8221;17842&#8243; qode_css_animation=&#8221;&#8221;][\/vc_column_inner][vc_column_inner width=&#8221;1\/2&#8243;][vc_column_text]<\/p>\n<p style=\"text-align: justify;\">C\u00e0nons Clinics, centers specialized\u00a0in aesthetic medicine and plastic surgery, have an effective medical apparatus to <strong>eliminate redness and couperosi<\/strong>. Using the laser technique of pulsed light and Laser medical Cutera excel HR, we subtract all kinds of scar, without <strong>leaving scars on the surface of the skin<\/strong>.<\/p>\n<p>[\/vc_column_text][\/vc_column_inner][\/vc_row_inner][\/vc_column][\/vc_row][vc_row css_animation=&#8221;&#8221; row_type=&#8221;row&#8221; use_row_as_full_screen_section=&#8221;no&#8221; type=&#8221;full_width&#8221; angled_section=&#8221;no&#8221; text_align=&#8221;left&#8221; background_image_as_pattern=&#8221;without_pattern&#8221; section_type=&#8221;full-width&#8221;][vc_column][vc_empty_space][vc_accordion style=&#8221;accordion&#8221;][vc_accordion_tab title=&#8221;What is eliminating redness and Medical Laser Couperosi?&#8221;][vc_column_text]<\/p>\n<p style=\"text-align: justify;\">Is based on<strong> eliminating redness and couperosi<\/strong> by laser technique without scarring in the skin surface. This technique is <strong>safe and there are high levels of satisfaction and immediately thereafter can continue their activities without altering its daily rhythm.<\/strong><\/p>\n<p style=\"text-align: justify;\">Before starting the session with the laser will proceed to implement a powerful anesthetic cream that leave act for about 5-10 min., Then apply a specific gel, the doctor will proceed to deal with the specific Laser Vascular through appropriate energies in each case of redness or couperosi without scarring whatsoever. Subsequently, we will apply a special cream in the treated areas to make redness reaction less evident.<\/p>\n<p>[\/vc_column_text][\/vc_accordion_tab][vc_accordion_tab title=&#8221;How long are the sessions and how often are they?&#8221;][vc_column_text]Depending on the areas to be treated the sessions can last approximately <strong>30 minutes and is usually performed as medical advice can be monthly or bimonthly<\/strong>.<\/p>\n<p>After that you will only need a session per year ot two.<\/p>\n<p>[\/vc_column_text][\/vc_accordion_tab][vc_accordion_tab title=&#8221;Will my daily activities be altered?&#8221;][vc_column_text]<strong>Allows you to keep on with normal activities immediately after each session<\/strong>.[\/vc_column_text][\/vc_accordion_tab][vc_accordion_tab title=&#8221;What times are most indicated?&#8221;][vc_column_text]<\/p>\n<p style=\"text-align: justify;\">It can be done at any time of the year, provided you have very careful about applying yourself solar radiation sunscreens with full screen. <strong>That\u2019s why summer time is not an ideal season.\u00a0<\/strong><\/p>\n<p>[\/vc_column_text][\/vc_accordion_tab][vc_accordion_tab title=&#8221;What do you recommend before each session?&#8221;][vc_column_text]<\/p>\n<p style=\"text-align: justify;\"><strong>Avoid exposing yourself to the sun\u2019s rays or ultraviolet tanning with at least two weeks before each session.<\/strong> In parallel, you will have to follow the recommended guidelines to your specific cosmetic skin typen.<\/p>\n<p>[\/vc_column_text][\/vc_accordion_tab][vc_accordion_tab title=&#8221;What do you recommend after each session?&#8221;][vc_column_text]<\/p>\n<p style=\"text-align: justify;\"><strong>Avoid exposing yourself to the sun\u2019s rays or ultraviolet tanning with at least during the first 45 days after the session<\/strong>. Also, you will have to perform a specific home treatment to your skin type.<\/p>\n<p style=\"text-align: justify;\">The problems of rosacea and couperosis always require annual or biannual maintenance sessions as appropriate.<br \/>\nLet us not forget that this new platform Excel HR of Cutera is even in color skins, very common in the Anglo-Saxon market, and broceadas.<\/p>\n<p>[\/vc_column_text][\/vc_accordion_tab][vc_accordion_tab title=&#8221;Can I combine it with other facial therapies?&#8221;][vc_column_text]<\/p>\n<p style=\"text-align: justify;\">It is fully compatible and combinable with all facial aesthetic medical therapies as recommended patterned by our Physicians in Aesthetic Medicine C\u00e0nons Clinics, <strong>providing a comprehensive treatment of hands and chest in order to enhance the image.\u00a0<\/strong><\/p>\n<p>[\/vc_column_text][\/vc_accordion_tab][vc_accordion_tab title=&#8221;What do we recommend after each session?&#8221;][vc_column_text]<\/p>\n<p style=\"text-align: justify;\"><strong>Avoid solar radiation or tanning with ultraviolet<\/strong>, at least during the first 45 days after the session. You will also have to perform a customized home treatment.<\/p>\n<p>[\/vc_column_text][\/vc_accordion_tab][vc_accordion_tab title=&#8221;Can I combine with other Facial aesthetic medicine therapies?&#8221;][vc_column_text]<\/p>\n<p style=\"text-align: justify;\">It is fully <strong>compatible and combinable with all therapies of aesthetic medicine Facial<\/strong> following recommendations based by our medical specialists in aesthetic medicine of C\u00e0nons Clinics, contributing an overall treatment of hands and neckline with the aim of enhancing personal image.<\/p>\n<p>[\/vc_column_text][\/vc_accordion_tab][vc_accordion_tab title=&#8221;What vascular alterations can also eliminate?&#8221;][vc_column_text]<\/p>\n<ul>\n<li>Spider veins<\/li>\n<li>Cutaneous erythema<\/li>\n<li>Ruby points<\/li>\n<li>Simple Angioma<\/li>\n<li>Cherry Hemangioma<\/li>\n<li>Red spots from birth<\/li>\n<\/ul>\n<p>[\/vc_column_text][\/vc_accordion_tab][\/vc_accordion][\/vc_column][\/vc_row]<\/p>\n<\/div><!-- AddThis Advanced Settings generic via filter on the_content --><!-- AddThis Share Buttons generic via filter on the_content -->","protected":false},"excerpt":{"rendered":"<p>[vc_row css_animation=&#8221;&#8221; row_type=&#8221;row&#8221; use_row_as_full_screen_section=&#8221;no&#8221; type=&#8221;full_width&#8221; angled_section=&#8221;no&#8221; text_align=&#8221;left&#8221; background_image_as_pattern=&#8221;without_pattern&#8221; background_color=&#8221;#f7f7f7&#8243; section_type=&#8221;full-width&#8221;][vc_column][vc_empty_space height=&#8221;40px&#8221;][vc_row_inner row_type=&#8221;row&#8221; type=&#8221;full_width&#8221; text_align=&#8221;left&#8221; css_animation=&#8221;&#8221;][vc_column_inner width=&#8221;1\/2&#8243;][vc_single_image image=&#8221;17842&#8243; qode_css_animation=&#8221;&#8221;][\/vc_column_inner][vc_column_inner width=&#8221;1\/2&#8243;][vc_column_text] C\u00e0nons Clinics, centers specialized\u00a0in aesthetic medicine and plastic surgery, have an effective medical apparatus to eliminate redness and couperosi. Using the laser technique of pulsed light&#8230;<!-- AddThis Advanced Settings generic via filter on get_the_excerpt --><!-- AddThis Share Buttons generic via filter on get_the_excerpt --><\/p>\n","protected":false},"author":25,"featured_media":0,"parent":9385,"menu_order":0,"comment_status":"closed","ping_status":"closed","template":"","meta":{"footnotes":""},"class_list":["post-9366","page","type-page","status-publish","hentry"],"yoast_head":"<!-- This site is optimized with the Yoast SEO Premium plugin v26.9 (Yoast SEO v27.4) - https:\/\/yoast.com\/product\/yoast-seo-premium-wordpress\/ -->\n<title>Therapy for Rosacea with medical laser - Canons Clinic | Surgery and Aesthetic Medicine in Barcelona, \u200b\u200bGranollers<\/title>\n<meta name=\"robots\" content=\"index, follow, max-snippet:-1, max-image-preview:large, max-video-preview:-1\" \/>\n<link rel=\"canonical\" href=\"https:\/\/www.canons.es\/unidad-laser-2\/terapia-couperosi-laser-medico\/\" \/>\n<meta property=\"og:locale\" content=\"en_US\" \/>\n<meta property=\"og:type\" content=\"article\" \/>\n<meta property=\"og:title\" content=\"Therapy for Rosacea with medical laser\" \/>\n<meta property=\"og:description\" content=\"[vc_row css_animation=&#8221;&#8221; row_type=&#8221;row&#8221; use_row_as_full_screen_section=&#8221;no&#8221; type=&#8221;full_width&#8221; angled_section=&#8221;no&#8221; text_align=&#8221;left&#8221; background_image_as_pattern=&#8221;without_pattern&#8221; background_color=&#8221;#f7f7f7&#8243; section_type=&#8221;full-width&#8221;][vc_column][vc_empty_space height=&#8221;40px&#8221;][vc_row_inner row_type=&#8221;row&#8221; type=&#8221;full_width&#8221; text_align=&#8221;left&#8221; css_animation=&#8221;&#8221;][vc_column_inner width=&#8221;1\/2&#8243;][vc_single_image image=&#8221;17842&#8243; qode_css_animation=&#8221;&#8221;][\/vc_column_inner][vc_column_inner width=&#8221;1\/2&#8243;][vc_column_text] C\u00e0nons Clinics, centers specialized\u00a0in aesthetic medicine and plastic surgery, have an effective medical apparatus to eliminate redness and couperosi. Using the laser technique of pulsed light...\" \/>\n<meta property=\"og:url\" content=\"https:\/\/www.canons.es\/unidad-laser-2\/terapia-couperosi-laser-medico\/\" \/>\n<meta property=\"og:site_name\" content=\"Canons Clinic | Surgery and Aesthetic Medicine in Barcelona, \u200b\u200bGranollers\" \/>\n<meta property=\"article:publisher\" content=\"https:\/\/www.facebook.com\/canonsclinics\/\" \/>\n<meta property=\"article:modified_time\" content=\"2020-06-10T13:10:39+00:00\" \/>\n<meta name=\"twitter:card\" content=\"summary_large_image\" \/>\n<meta name=\"twitter:site\" content=\"@canonsclinics\" \/>\n<meta name=\"twitter:label1\" content=\"Est. reading time\" \/>\n\t<meta name=\"twitter:data1\" content=\"4 minutes\" \/>\n<script type=\"application\/ld+json\" class=\"yoast-schema-graph\">{\"@context\":\"https:\\\/\\\/schema.org\",\"@graph\":[{\"@type\":\"WebPage\",\"@id\":\"https:\\\/\\\/www.canons.es\\\/unidad-laser-2\\\/terapia-couperosi-laser-medico\\\/\",\"url\":\"https:\\\/\\\/www.canons.es\\\/unidad-laser-2\\\/terapia-couperosi-laser-medico\\\/\",\"name\":\"Therapy for Rosacea with medical laser - Canons Clinic | Surgery and Aesthetic Medicine in Barcelona, \u200b\u200bGranollers\",\"isPartOf\":{\"@id\":\"https:\\\/\\\/www.canons.es\\\/#website\"},\"datePublished\":\"2015-07-17T09:16:26+00:00\",\"dateModified\":\"2020-06-10T13:10:39+00:00\",\"breadcrumb\":{\"@id\":\"https:\\\/\\\/www.canons.es\\\/unidad-laser-2\\\/terapia-couperosi-laser-medico\\\/#breadcrumb\"},\"inLanguage\":\"en-US\",\"potentialAction\":[{\"@type\":\"ReadAction\",\"target\":[\"https:\\\/\\\/www.canons.es\\\/unidad-laser-2\\\/terapia-couperosi-laser-medico\\\/\"]}]},{\"@type\":\"BreadcrumbList\",\"@id\":\"https:\\\/\\\/www.canons.es\\\/unidad-laser-2\\\/terapia-couperosi-laser-medico\\\/#breadcrumb\",\"itemListElement\":[{\"@type\":\"ListItem\",\"position\":1,\"name\":\"Portada\",\"item\":\"https:\\\/\\\/www.canons.es\\\/en\\\/\"},{\"@type\":\"ListItem\",\"position\":2,\"name\":\"FACIAL AESTHETIC MEDICINE\",\"item\":\"https:\\\/\\\/www.canons.es\\\/en\\\/facial-aesthetic-medicine\\\/\"},{\"@type\":\"ListItem\",\"position\":3,\"name\":\"Therapy for Rosacea with medical laser\"}]},{\"@type\":\"WebSite\",\"@id\":\"https:\\\/\\\/www.canons.es\\\/#website\",\"url\":\"https:\\\/\\\/www.canons.es\\\/\",\"name\":\"Cirug\u00eda Pl\u00e1stica y Est\u00e9tica Barcelona y Granollers | C\u00e0nons Clinics\",\"description\":\"\",\"publisher\":{\"@id\":\"https:\\\/\\\/www.canons.es\\\/#organization\"},\"potentialAction\":[{\"@type\":\"SearchAction\",\"target\":{\"@type\":\"EntryPoint\",\"urlTemplate\":\"https:\\\/\\\/www.canons.es\\\/?s={search_term_string}\"},\"query-input\":{\"@type\":\"PropertyValueSpecification\",\"valueRequired\":true,\"valueName\":\"search_term_string\"}}],\"inLanguage\":\"en-US\"},{\"@type\":\"Organization\",\"@id\":\"https:\\\/\\\/www.canons.es\\\/#organization\",\"name\":\"Cirug\u00eda Pl\u00e1stica y Est\u00e9tica Barcelona y Granollers | C\u00e0nons Clinics\",\"url\":\"https:\\\/\\\/www.canons.es\\\/\",\"logo\":{\"@type\":\"ImageObject\",\"inLanguage\":\"en-US\",\"@id\":\"https:\\\/\\\/www.canons.es\\\/#\\\/schema\\\/logo\\\/image\\\/\",\"url\":\"https:\\\/\\\/www.canons.es\\\/wp-content\\\/uploads\\\/2025\\\/04\\\/logo-canons-clinics.jpg\",\"contentUrl\":\"https:\\\/\\\/www.canons.es\\\/wp-content\\\/uploads\\\/2025\\\/04\\\/logo-canons-clinics.jpg\",\"width\":600,\"height\":139,\"caption\":\"Cirug\u00eda Pl\u00e1stica y Est\u00e9tica Barcelona y Granollers | C\u00e0nons Clinics\"},\"image\":{\"@id\":\"https:\\\/\\\/www.canons.es\\\/#\\\/schema\\\/logo\\\/image\\\/\"},\"sameAs\":[\"https:\\\/\\\/www.facebook.com\\\/canonsclinics\\\/\",\"https:\\\/\\\/x.com\\\/canonsclinics\",\"https:\\\/\\\/www.instagram.com\\\/canonsclinics\\\/\",\"https:\\\/\\\/www.youtube.com\\\/channel\\\/UCI1Ia6LjALyo1CuQ0_HwtfQ\",\"https:\\\/\\\/www.linkedin.com\\\/company\\\/canons-clinics\\\/\"]}]}<\/script>\n<!-- \/ Yoast SEO Premium plugin. -->","yoast_head_json":{"title":"Therapy for Rosacea with medical laser - Canons Clinic | Surgery and Aesthetic Medicine in Barcelona, \u200b\u200bGranollers","robots":{"index":"index","follow":"follow","max-snippet":"max-snippet:-1","max-image-preview":"max-image-preview:large","max-video-preview":"max-video-preview:-1"},"canonical":"https:\/\/www.canons.es\/unidad-laser-2\/terapia-couperosi-laser-medico\/","og_locale":"en_US","og_type":"article","og_title":"Therapy for Rosacea with medical laser","og_description":"[vc_row css_animation=&#8221;&#8221; row_type=&#8221;row&#8221; use_row_as_full_screen_section=&#8221;no&#8221; type=&#8221;full_width&#8221; angled_section=&#8221;no&#8221; text_align=&#8221;left&#8221; background_image_as_pattern=&#8221;without_pattern&#8221; background_color=&#8221;#f7f7f7&#8243; section_type=&#8221;full-width&#8221;][vc_column][vc_empty_space height=&#8221;40px&#8221;][vc_row_inner row_type=&#8221;row&#8221; type=&#8221;full_width&#8221; text_align=&#8221;left&#8221; css_animation=&#8221;&#8221;][vc_column_inner width=&#8221;1\/2&#8243;][vc_single_image image=&#8221;17842&#8243; qode_css_animation=&#8221;&#8221;][\/vc_column_inner][vc_column_inner width=&#8221;1\/2&#8243;][vc_column_text] C\u00e0nons Clinics, centers specialized\u00a0in aesthetic medicine and plastic surgery, have an effective medical apparatus to eliminate redness and couperosi. Using the laser technique of pulsed light...","og_url":"https:\/\/www.canons.es\/unidad-laser-2\/terapia-couperosi-laser-medico\/","og_site_name":"Canons Clinic | Surgery and Aesthetic Medicine in Barcelona, \u200b\u200bGranollers","article_publisher":"https:\/\/www.facebook.com\/canonsclinics\/","article_modified_time":"2020-06-10T13:10:39+00:00","twitter_card":"summary_large_image","twitter_site":"@canonsclinics","twitter_misc":{"Est. reading time":"4 minutes"},"schema":{"@context":"https:\/\/schema.org","@graph":[{"@type":"WebPage","@id":"https:\/\/www.canons.es\/unidad-laser-2\/terapia-couperosi-laser-medico\/","url":"https:\/\/www.canons.es\/unidad-laser-2\/terapia-couperosi-laser-medico\/","name":"Therapy for Rosacea with medical laser - Canons Clinic | Surgery and Aesthetic Medicine in Barcelona, \u200b\u200bGranollers","isPartOf":{"@id":"https:\/\/www.canons.es\/#website"},"datePublished":"2015-07-17T09:16:26+00:00","dateModified":"2020-06-10T13:10:39+00:00","breadcrumb":{"@id":"https:\/\/www.canons.es\/unidad-laser-2\/terapia-couperosi-laser-medico\/#breadcrumb"},"inLanguage":"en-US","potentialAction":[{"@type":"ReadAction","target":["https:\/\/www.canons.es\/unidad-laser-2\/terapia-couperosi-laser-medico\/"]}]},{"@type":"BreadcrumbList","@id":"https:\/\/www.canons.es\/unidad-laser-2\/terapia-couperosi-laser-medico\/#breadcrumb","itemListElement":[{"@type":"ListItem","position":1,"name":"Portada","item":"https:\/\/www.canons.es\/en\/"},{"@type":"ListItem","position":2,"name":"FACIAL AESTHETIC MEDICINE","item":"https:\/\/www.canons.es\/en\/facial-aesthetic-medicine\/"},{"@type":"ListItem","position":3,"name":"Therapy for Rosacea with medical laser"}]},{"@type":"WebSite","@id":"https:\/\/www.canons.es\/#website","url":"https:\/\/www.canons.es\/","name":"Cirug\u00eda Pl\u00e1stica y Est\u00e9tica Barcelona y Granollers | C\u00e0nons Clinics","description":"","publisher":{"@id":"https:\/\/www.canons.es\/#organization"},"potentialAction":[{"@type":"SearchAction","target":{"@type":"EntryPoint","urlTemplate":"https:\/\/www.canons.es\/?s={search_term_string}"},"query-input":{"@type":"PropertyValueSpecification","valueRequired":true,"valueName":"search_term_string"}}],"inLanguage":"en-US"},{"@type":"Organization","@id":"https:\/\/www.canons.es\/#organization","name":"Cirug\u00eda Pl\u00e1stica y Est\u00e9tica Barcelona y Granollers | C\u00e0nons Clinics","url":"https:\/\/www.canons.es\/","logo":{"@type":"ImageObject","inLanguage":"en-US","@id":"https:\/\/www.canons.es\/#\/schema\/logo\/image\/","url":"https:\/\/www.canons.es\/wp-content\/uploads\/2025\/04\/logo-canons-clinics.jpg","contentUrl":"https:\/\/www.canons.es\/wp-content\/uploads\/2025\/04\/logo-canons-clinics.jpg","width":600,"height":139,"caption":"Cirug\u00eda Pl\u00e1stica y Est\u00e9tica Barcelona y Granollers | C\u00e0nons Clinics"},"image":{"@id":"https:\/\/www.canons.es\/#\/schema\/logo\/image\/"},"sameAs":["https:\/\/www.facebook.com\/canonsclinics\/","https:\/\/x.com\/canonsclinics","https:\/\/www.instagram.com\/canonsclinics\/","https:\/\/www.youtube.com\/channel\/UCI1Ia6LjALyo1CuQ0_HwtfQ","https:\/\/www.linkedin.com\/company\/canons-clinics\/"]}]}},"_links":{"self":[{"href":"https:\/\/www.canons.es\/en\/wp-json\/wp\/v2\/pages\/9366","targetHints":{"allow":["GET"]}}],"collection":[{"href":"https:\/\/www.canons.es\/en\/wp-json\/wp\/v2\/pages"}],"about":[{"href":"https:\/\/www.canons.es\/en\/wp-json\/wp\/v2\/types\/page"}],"author":[{"embeddable":true,"href":"https:\/\/www.canons.es\/en\/wp-json\/wp\/v2\/users\/25"}],"replies":[{"embeddable":true,"href":"https:\/\/www.canons.es\/en\/wp-json\/wp\/v2\/comments?post=9366"}],"version-history":[{"count":0,"href":"https:\/\/www.canons.es\/en\/wp-json\/wp\/v2\/pages\/9366\/revisions"}],"up":[{"embeddable":true,"href":"https:\/\/www.canons.es\/en\/wp-json\/wp\/v2\/pages\/9385"}],"wp:attachment":[{"href":"https:\/\/www.canons.es\/en\/wp-json\/wp\/v2\/media?parent=9366"}],"curies":[{"name":"wp","href":"https:\/\/api.w.org\/{rel}","templated":true}]}}