{"id":9356,"date":"2015-07-16T13:19:52","date_gmt":"2015-07-16T13:19:52","guid":{"rendered":"https:\/\/www.canons.es\/en\/eliminacion-de-manchas-y-lentigos-solares-con-laser-medico\/"},"modified":"2020-06-10T11:53:31","modified_gmt":"2020-06-10T11:53:31","slug":"removing-stains-laser","status":"publish","type":"page","link":"https:\/\/www.canons.es\/en\/removing-stains-laser\/","title":{"rendered":"Removing Stains and Laser Medical solar lentigines"},"content":{"rendered":"<div class=\"wpb-content-wrapper\"><p>[vc_row css_animation=&#8221;&#8221; row_type=&#8221;row&#8221; use_row_as_full_screen_section=&#8221;no&#8221; type=&#8221;full_width&#8221; angled_section=&#8221;no&#8221; text_align=&#8221;left&#8221; background_image_as_pattern=&#8221;without_pattern&#8221; background_color=&#8221;#f7f7f7&#8243; section_type=&#8221;full-width&#8221;][vc_column][vc_empty_space height=&#8221;40px&#8221;][vc_row_inner row_type=&#8221;row&#8221; type=&#8221;full_width&#8221; text_align=&#8221;left&#8221; css_animation=&#8221;&#8221;][vc_column_inner width=&#8221;1\/2&#8243;][vc_single_image image=&#8221;17831&#8243; qode_css_animation=&#8221;&#8221;][\/vc_column_inner][vc_column_inner width=&#8221;1\/2&#8243;][vc_column_text]<\/p>\n<div id=\"stcpDiv\">\n<p style=\"text-align: justify;\">In C\u00e0nons Clinics we offer different solutions for removing spots and solar lentigines. The most effective techniques are the Medical Laser Intense Pulsed Ligh and the Medical Laser cutera excel HR.<\/p>\n<p style=\"text-align: justify;\"><strong>They are the most effective therapies for removing stains and solar lentigines in the face, neck and d\u00e9collet\u00e9, while these areas are rejuvenated to provide them clear brightness.<\/strong><\/p>\n<\/div>\n<p>[\/vc_column_text][\/vc_column_inner][\/vc_row_inner][\/vc_column][\/vc_row][vc_row css_animation=&#8221;&#8221; row_type=&#8221;row&#8221; use_row_as_full_screen_section=&#8221;no&#8221; type=&#8221;full_width&#8221; angled_section=&#8221;no&#8221; text_align=&#8221;left&#8221; background_image_as_pattern=&#8221;without_pattern&#8221; section_type=&#8221;full-width&#8221;][vc_column][vc_empty_space][vc_accordion style=&#8221;accordion&#8221;][vc_accordion_tab title=&#8221;What is the Medical Laser stain removal?&#8221;][vc_column_text]<\/p>\n<p style=\"text-align: justify;\">It consists of applying an effective energy that penetrates deep through the skin to levels where the melanin so dramatically<strong> improves skin photoaging and skin damaged by sun exposure as brown spots, freckles, solar lentigines\u2026\u00a0<\/strong><\/p>\n<p>[\/vc_column_text][\/vc_accordion_tab][vc_accordion_tab title=&#8221;Why are stains on the skin?&#8221;][vc_column_text]<\/p>\n<ul>\n<li><strong>Excessive exposure to solar radiation<\/strong><\/li>\n<li>The individual <strong>genetics<\/strong><\/li>\n<li><strong>Biological age<\/strong><\/li>\n<li><strong>Hormonal changes<\/strong><\/li>\n<li>The use of\u00a0<strong>medication<\/strong><\/li>\n<li>The application of <strong>perfumes, cosmetics<\/strong> unsuitable, etc.<\/li>\n<\/ul>\n<p>[\/vc_column_text][\/vc_accordion_tab][vc_accordion_tab title=&#8221;What are the benefits of the Medical Laser for the elimination of stains?&#8221;][vc_column_text]<\/p>\n<ul>\n<li style=\"text-align: justify;\">Will remove <strong>pigmented skin spots<\/strong><\/li>\n<li style=\"text-align: justify;\">Solar lentigines are deleted<\/li>\n<li style=\"text-align: justify;\"><strong>Improve skin quality of the treated areas<\/strong> as it provides skin regeneration and luminosity<\/li>\n<li style=\"text-align: justify;\"><strong>You will rejuvenate your skin<\/strong><\/li>\n<\/ul>\n<p>[\/vc_column_text][\/vc_accordion_tab][vc_accordion_tab title=&#8221;In what cases is indicated Medical Laser stain removal?&#8221;][vc_column_text]<\/p>\n<p style=\"text-align: justify;\">It is suitable for both men and women who want to<strong> give a more youthful appearance to your skin and removing spots, solar lentigines, and for any age.\u00a0<\/strong><\/p>\n<p>[\/vc_column_text][\/vc_accordion_tab][vc_accordion_tab title=&#8221;Can I see some simulation in 3D before depigmenting treatment?&#8221;][vc_column_text]<\/p>\n<p style=\"text-align: justify;\">At our C\u00e0nons Clinics, specializing in Surgery and Aesthetic Medicine offers the ability to display a new program using 3D E-Stetix various three-dimensional simulations of medical laser therapy for <strong>removing stains to analyze in a personalized and, at the discretion doctor every aspect you want to improve<\/strong>, just doing some preliminary photographs, where you can get an idea, always about, how you\u2019ll be later, and involved a variety of factors.<\/p>\n<p>[\/vc_column_text][\/vc_accordion_tab][vc_accordion_tab title=&#8221;How many sessions will I need?&#8221;][vc_column_text]<\/p>\n<p style=\"text-align: justify;\">Usually, <strong>2 to 3 sessions with a lapse of time of three weeks are needed<\/strong>. Depending on the type ok skin or lesion it can be repeated as many times as needed to get the desired result.<\/p>\n<p style=\"text-align: justify;\">Later preventive maintenance needs annual sessions.<\/p>\n<p>[\/vc_column_text][\/vc_accordion_tab][vc_accordion_tab title=&#8221;In which times is Medical Laser most indicated for the elimination of stains on the skin?&#8221;][vc_column_text]<\/p>\n<p style=\"text-align: justify;\">It can be done at any time of the year, provided you have <strong>very careful about applying yourself solar radiation sunscreens<\/strong> with full screen. <strong>That\u2019s why summer time is not an ideal season.<\/strong><\/p>\n<p>[\/vc_column_text][\/vc_accordion_tab][vc_accordion_tab title=&#8221;My daily activities will be altered?&#8221;][vc_column_text]<\/p>\n<p style=\"text-align: justify;\">This treatment <strong>allows keep on your daily activities immediately after each session<\/strong> with the indicated creams and the right make up.<\/p>\n<p>[\/vc_column_text][\/vc_accordion_tab][vc_accordion_tab title=&#8221;What do you recommend before each session?&#8221;][vc_column_text]<\/p>\n<p style=\"text-align: justify;\"><strong>Avoid exposing yourself to the sun\u2019s rays or ultraviolet tanning<\/strong> with at least two weeks before each session. In parallel, you will have to follow the guidelines recommended by your doctor for your specific skin lightening skin phototype.<\/p>\n<p>[\/vc_column_text][\/vc_accordion_tab][vc_accordion_tab title=&#8221;What do you recommend after each session?&#8221;][vc_column_text]<\/p>\n<p style=\"text-align: justify;\"><strong>Avoid exposing yourself to the sun\u2019s rays or ultraviolet tanning with at least during the first 45 days of the session<\/strong>. Also, you have to apply a specific home treatment to your skin type and skin depigmentation and an epidermal regenerative treatment.<\/p>\n<p style=\"text-align: justify;\">Let us not forget that this new platform Excel HR of Cutera is even in color and tanned\u00a0skins, very common in the Anglo-Saxon market.<\/p>\n<p>[\/vc_column_text][\/vc_accordion_tab][vc_accordion_tab title=&#8221;Can I combine it with other facial therapies?&#8221;][vc_column_text]<\/p>\n<p style=\"text-align: justify;\">It is fully <strong>compatible and combinable with all facial aesthetic medical therapies<\/strong> as recommended patterned by our Physicians in Aesthetic Medicine C\u00e0nons Clinics, providing a comprehensive treatment of hands and chest in order to enhance the image.<\/p>\n<p>[\/vc_column_text][\/vc_accordion_tab][\/vc_accordion][\/vc_column][\/vc_row]<\/p>\n<\/div><!-- AddThis Advanced Settings generic via filter on the_content --><!-- AddThis Share Buttons generic via filter on the_content -->","protected":false},"excerpt":{"rendered":"<p>[vc_row css_animation=&#8221;&#8221; row_type=&#8221;row&#8221; use_row_as_full_screen_section=&#8221;no&#8221; type=&#8221;full_width&#8221; angled_section=&#8221;no&#8221; text_align=&#8221;left&#8221; background_image_as_pattern=&#8221;without_pattern&#8221; background_color=&#8221;#f7f7f7&#8243; section_type=&#8221;full-width&#8221;][vc_column][vc_empty_space height=&#8221;40px&#8221;][vc_row_inner row_type=&#8221;row&#8221; type=&#8221;full_width&#8221; text_align=&#8221;left&#8221; css_animation=&#8221;&#8221;][vc_column_inner width=&#8221;1\/2&#8243;][vc_single_image image=&#8221;17831&#8243; qode_css_animation=&#8221;&#8221;][\/vc_column_inner][vc_column_inner width=&#8221;1\/2&#8243;][vc_column_text] In C\u00e0nons Clinics we offer different solutions for removing spots and solar lentigines. The most effective techniques are the Medical Laser Intense Pulsed Ligh and the&#8230;<!-- AddThis Advanced Settings generic via filter on get_the_excerpt --><!-- AddThis Share Buttons generic via filter on get_the_excerpt --><\/p>\n","protected":false},"author":25,"featured_media":0,"parent":0,"menu_order":0,"comment_status":"closed","ping_status":"closed","template":"","meta":{"footnotes":""},"class_list":["post-9356","page","type-page","status-publish","hentry"],"yoast_head":"<!-- This site is optimized with the Yoast SEO Premium plugin v26.9 (Yoast SEO v27.2) - https:\/\/yoast.com\/product\/yoast-seo-premium-wordpress\/ -->\n<title>Removing Stains and Laser Medical solar lentigines - Canons Clinic | Surgery and Aesthetic Medicine in Barcelona, \u200b\u200bGranollers<\/title>\n<meta name=\"robots\" content=\"index, follow, max-snippet:-1, max-image-preview:large, max-video-preview:-1\" \/>\n<link rel=\"canonical\" href=\"https:\/\/www.canons.es\/unidad-laser-2\/eliminacion-manchas-laser\/\" \/>\n<meta property=\"og:locale\" content=\"en_US\" \/>\n<meta property=\"og:type\" content=\"article\" \/>\n<meta property=\"og:title\" content=\"Removing Stains and Laser Medical solar lentigines\" \/>\n<meta property=\"og:description\" content=\"[vc_row css_animation=&#8221;&#8221; row_type=&#8221;row&#8221; use_row_as_full_screen_section=&#8221;no&#8221; type=&#8221;full_width&#8221; angled_section=&#8221;no&#8221; text_align=&#8221;left&#8221; background_image_as_pattern=&#8221;without_pattern&#8221; background_color=&#8221;#f7f7f7&#8243; section_type=&#8221;full-width&#8221;][vc_column][vc_empty_space height=&#8221;40px&#8221;][vc_row_inner row_type=&#8221;row&#8221; type=&#8221;full_width&#8221; text_align=&#8221;left&#8221; css_animation=&#8221;&#8221;][vc_column_inner width=&#8221;1\/2&#8243;][vc_single_image image=&#8221;17831&#8243; qode_css_animation=&#8221;&#8221;][\/vc_column_inner][vc_column_inner width=&#8221;1\/2&#8243;][vc_column_text] In C\u00e0nons Clinics we offer different solutions for removing spots and solar lentigines. The most effective techniques are the Medical Laser Intense Pulsed Ligh and the...\" \/>\n<meta property=\"og:url\" content=\"https:\/\/www.canons.es\/unidad-laser-2\/eliminacion-manchas-laser\/\" \/>\n<meta property=\"og:site_name\" content=\"Canons Clinic | Surgery and Aesthetic Medicine in Barcelona, \u200b\u200bGranollers\" \/>\n<meta property=\"article:publisher\" content=\"https:\/\/www.facebook.com\/canonsclinics\/\" \/>\n<meta property=\"article:modified_time\" content=\"2020-06-10T11:53:31+00:00\" \/>\n<meta name=\"twitter:card\" content=\"summary_large_image\" \/>\n<meta name=\"twitter:site\" content=\"@canonsclinics\" \/>\n<meta name=\"twitter:label1\" content=\"Est. reading time\" \/>\n\t<meta name=\"twitter:data1\" content=\"4 minutes\" \/>\n<script type=\"application\/ld+json\" class=\"yoast-schema-graph\">{\"@context\":\"https:\/\/schema.org\",\"@graph\":[{\"@type\":\"WebPage\",\"@id\":\"https:\/\/www.canons.es\/unidad-laser-2\/eliminacion-manchas-laser\/\",\"url\":\"https:\/\/www.canons.es\/unidad-laser-2\/eliminacion-manchas-laser\/\",\"name\":\"Removing Stains and Laser Medical solar lentigines - Canons Clinic | Surgery and Aesthetic Medicine in Barcelona, \u200b\u200bGranollers\",\"isPartOf\":{\"@id\":\"https:\/\/www.canons.es\/#website\"},\"datePublished\":\"2015-07-16T13:19:52+00:00\",\"dateModified\":\"2020-06-10T11:53:31+00:00\",\"breadcrumb\":{\"@id\":\"https:\/\/www.canons.es\/unidad-laser-2\/eliminacion-manchas-laser\/#breadcrumb\"},\"inLanguage\":\"en-US\",\"potentialAction\":[{\"@type\":\"ReadAction\",\"target\":[\"https:\/\/www.canons.es\/unidad-laser-2\/eliminacion-manchas-laser\/\"]}]},{\"@type\":\"BreadcrumbList\",\"@id\":\"https:\/\/www.canons.es\/unidad-laser-2\/eliminacion-manchas-laser\/#breadcrumb\",\"itemListElement\":[{\"@type\":\"ListItem\",\"position\":1,\"name\":\"Portada\",\"item\":\"https:\/\/www.canons.es\/en\/\"},{\"@type\":\"ListItem\",\"position\":2,\"name\":\"Removing Stains and Laser Medical solar lentigines\"}]},{\"@type\":\"WebSite\",\"@id\":\"https:\/\/www.canons.es\/#website\",\"url\":\"https:\/\/www.canons.es\/\",\"name\":\"Cirug\u00eda Pl\u00e1stica y Est\u00e9tica Barcelona y Granollers | C\u00e0nons Clinics\",\"description\":\"\",\"publisher\":{\"@id\":\"https:\/\/www.canons.es\/#organization\"},\"potentialAction\":[{\"@type\":\"SearchAction\",\"target\":{\"@type\":\"EntryPoint\",\"urlTemplate\":\"https:\/\/www.canons.es\/?s={search_term_string}\"},\"query-input\":{\"@type\":\"PropertyValueSpecification\",\"valueRequired\":true,\"valueName\":\"search_term_string\"}}],\"inLanguage\":\"en-US\"},{\"@type\":\"Organization\",\"@id\":\"https:\/\/www.canons.es\/#organization\",\"name\":\"Cirug\u00eda Pl\u00e1stica y Est\u00e9tica Barcelona y Granollers | C\u00e0nons Clinics\",\"url\":\"https:\/\/www.canons.es\/\",\"logo\":{\"@type\":\"ImageObject\",\"inLanguage\":\"en-US\",\"@id\":\"https:\/\/www.canons.es\/#\/schema\/logo\/image\/\",\"url\":\"https:\/\/www.canons.es\/wp-content\/uploads\/2025\/04\/logo-canons-clinics.jpg\",\"contentUrl\":\"https:\/\/www.canons.es\/wp-content\/uploads\/2025\/04\/logo-canons-clinics.jpg\",\"width\":600,\"height\":139,\"caption\":\"Cirug\u00eda Pl\u00e1stica y Est\u00e9tica Barcelona y Granollers | C\u00e0nons Clinics\"},\"image\":{\"@id\":\"https:\/\/www.canons.es\/#\/schema\/logo\/image\/\"},\"sameAs\":[\"https:\/\/www.facebook.com\/canonsclinics\/\",\"https:\/\/x.com\/canonsclinics\",\"https:\/\/www.instagram.com\/canonsclinics\/\",\"https:\/\/www.youtube.com\/channel\/UCI1Ia6LjALyo1CuQ0_HwtfQ\",\"https:\/\/www.linkedin.com\/company\/canons-clinics\/\"]}]}<\/script>\n<!-- \/ Yoast SEO Premium plugin. -->","yoast_head_json":{"title":"Removing Stains and Laser Medical solar lentigines - Canons Clinic | Surgery and Aesthetic Medicine in Barcelona, \u200b\u200bGranollers","robots":{"index":"index","follow":"follow","max-snippet":"max-snippet:-1","max-image-preview":"max-image-preview:large","max-video-preview":"max-video-preview:-1"},"canonical":"https:\/\/www.canons.es\/unidad-laser-2\/eliminacion-manchas-laser\/","og_locale":"en_US","og_type":"article","og_title":"Removing Stains and Laser Medical solar lentigines","og_description":"[vc_row css_animation=&#8221;&#8221; row_type=&#8221;row&#8221; use_row_as_full_screen_section=&#8221;no&#8221; type=&#8221;full_width&#8221; angled_section=&#8221;no&#8221; text_align=&#8221;left&#8221; background_image_as_pattern=&#8221;without_pattern&#8221; background_color=&#8221;#f7f7f7&#8243; section_type=&#8221;full-width&#8221;][vc_column][vc_empty_space height=&#8221;40px&#8221;][vc_row_inner row_type=&#8221;row&#8221; type=&#8221;full_width&#8221; text_align=&#8221;left&#8221; css_animation=&#8221;&#8221;][vc_column_inner width=&#8221;1\/2&#8243;][vc_single_image image=&#8221;17831&#8243; qode_css_animation=&#8221;&#8221;][\/vc_column_inner][vc_column_inner width=&#8221;1\/2&#8243;][vc_column_text] In C\u00e0nons Clinics we offer different solutions for removing spots and solar lentigines. The most effective techniques are the Medical Laser Intense Pulsed Ligh and the...","og_url":"https:\/\/www.canons.es\/unidad-laser-2\/eliminacion-manchas-laser\/","og_site_name":"Canons Clinic | Surgery and Aesthetic Medicine in Barcelona, \u200b\u200bGranollers","article_publisher":"https:\/\/www.facebook.com\/canonsclinics\/","article_modified_time":"2020-06-10T11:53:31+00:00","twitter_card":"summary_large_image","twitter_site":"@canonsclinics","twitter_misc":{"Est. reading time":"4 minutes"},"schema":{"@context":"https:\/\/schema.org","@graph":[{"@type":"WebPage","@id":"https:\/\/www.canons.es\/unidad-laser-2\/eliminacion-manchas-laser\/","url":"https:\/\/www.canons.es\/unidad-laser-2\/eliminacion-manchas-laser\/","name":"Removing Stains and Laser Medical solar lentigines - Canons Clinic | Surgery and Aesthetic Medicine in Barcelona, \u200b\u200bGranollers","isPartOf":{"@id":"https:\/\/www.canons.es\/#website"},"datePublished":"2015-07-16T13:19:52+00:00","dateModified":"2020-06-10T11:53:31+00:00","breadcrumb":{"@id":"https:\/\/www.canons.es\/unidad-laser-2\/eliminacion-manchas-laser\/#breadcrumb"},"inLanguage":"en-US","potentialAction":[{"@type":"ReadAction","target":["https:\/\/www.canons.es\/unidad-laser-2\/eliminacion-manchas-laser\/"]}]},{"@type":"BreadcrumbList","@id":"https:\/\/www.canons.es\/unidad-laser-2\/eliminacion-manchas-laser\/#breadcrumb","itemListElement":[{"@type":"ListItem","position":1,"name":"Portada","item":"https:\/\/www.canons.es\/en\/"},{"@type":"ListItem","position":2,"name":"Removing Stains and Laser Medical solar lentigines"}]},{"@type":"WebSite","@id":"https:\/\/www.canons.es\/#website","url":"https:\/\/www.canons.es\/","name":"Cirug\u00eda Pl\u00e1stica y Est\u00e9tica Barcelona y Granollers | C\u00e0nons Clinics","description":"","publisher":{"@id":"https:\/\/www.canons.es\/#organization"},"potentialAction":[{"@type":"SearchAction","target":{"@type":"EntryPoint","urlTemplate":"https:\/\/www.canons.es\/?s={search_term_string}"},"query-input":{"@type":"PropertyValueSpecification","valueRequired":true,"valueName":"search_term_string"}}],"inLanguage":"en-US"},{"@type":"Organization","@id":"https:\/\/www.canons.es\/#organization","name":"Cirug\u00eda Pl\u00e1stica y Est\u00e9tica Barcelona y Granollers | C\u00e0nons Clinics","url":"https:\/\/www.canons.es\/","logo":{"@type":"ImageObject","inLanguage":"en-US","@id":"https:\/\/www.canons.es\/#\/schema\/logo\/image\/","url":"https:\/\/www.canons.es\/wp-content\/uploads\/2025\/04\/logo-canons-clinics.jpg","contentUrl":"https:\/\/www.canons.es\/wp-content\/uploads\/2025\/04\/logo-canons-clinics.jpg","width":600,"height":139,"caption":"Cirug\u00eda Pl\u00e1stica y Est\u00e9tica Barcelona y Granollers | C\u00e0nons Clinics"},"image":{"@id":"https:\/\/www.canons.es\/#\/schema\/logo\/image\/"},"sameAs":["https:\/\/www.facebook.com\/canonsclinics\/","https:\/\/x.com\/canonsclinics","https:\/\/www.instagram.com\/canonsclinics\/","https:\/\/www.youtube.com\/channel\/UCI1Ia6LjALyo1CuQ0_HwtfQ","https:\/\/www.linkedin.com\/company\/canons-clinics\/"]}]}},"_links":{"self":[{"href":"https:\/\/www.canons.es\/en\/wp-json\/wp\/v2\/pages\/9356","targetHints":{"allow":["GET"]}}],"collection":[{"href":"https:\/\/www.canons.es\/en\/wp-json\/wp\/v2\/pages"}],"about":[{"href":"https:\/\/www.canons.es\/en\/wp-json\/wp\/v2\/types\/page"}],"author":[{"embeddable":true,"href":"https:\/\/www.canons.es\/en\/wp-json\/wp\/v2\/users\/25"}],"replies":[{"embeddable":true,"href":"https:\/\/www.canons.es\/en\/wp-json\/wp\/v2\/comments?post=9356"}],"version-history":[{"count":0,"href":"https:\/\/www.canons.es\/en\/wp-json\/wp\/v2\/pages\/9356\/revisions"}],"wp:attachment":[{"href":"https:\/\/www.canons.es\/en\/wp-json\/wp\/v2\/media?parent=9356"}],"curies":[{"name":"wp","href":"https:\/\/api.w.org\/{rel}","templated":true}]}}