{"id":9150,"date":"2015-07-15T07:22:40","date_gmt":"2015-07-15T07:22:40","guid":{"rendered":"https:\/\/www.canons.es\/en\/rejuvenicimento-facial-con-peelings-quimicos\/"},"modified":"2019-10-03T09:58:02","modified_gmt":"2019-10-03T09:58:02","slug":"facial-rejuvenation-with-chemical-peeling","status":"publish","type":"page","link":"https:\/\/www.canons.es\/en\/facial-aesthetic-medicine\/facial-rejuvenation-with-chemical-peeling\/","title":{"rendered":"Facial Rejuvenation with Chemical Peeling"},"content":{"rendered":"<div class=\"wpb-content-wrapper\"><p>[vc_row css_animation=&#8221;&#8221; row_type=&#8221;row&#8221; use_row_as_full_screen_section=&#8221;no&#8221; type=&#8221;full_width&#8221; angled_section=&#8221;no&#8221; text_align=&#8221;left&#8221; background_image_as_pattern=&#8221;without_pattern&#8221; background_color=&#8221;#f7f7f7&#8243; section_type=&#8221;full-width&#8221;][vc_column][vc_empty_space height=&#8221;20px&#8221;]<div class=\"custom_font_holder\" style=\"font-family: Raleway; font-size: 35px; line-height: 26px; font-style: normal; font-weight: 300; color: #1e70b3; text-decoration: none; text-align: left;\">FACIAL REJUVENATION WITH CHEMICAL PEELING<\/div>[vc_empty_space height=&#8221;40px&#8221;][vc_row_inner row_type=&#8221;row&#8221; type=&#8221;full_width&#8221; text_align=&#8221;left&#8221; css_animation=&#8221;&#8221;][vc_column_inner width=&#8221;1\/2&#8243;][vc_single_image image=&#8221;10687&#8243; img_size=&#8221;custom&#8221; qode_css_animation=&#8221;&#8221; img_align=&#8221;center&#8221; custom_img_size=&#8221;500&#215;400&#8243;][\/vc_column_inner][vc_column_inner width=&#8221;1\/2&#8243;][vc_column_text]<\/p>\n<p style=\"text-align: justify;\">Challenge the passage of time with C\u00e0nons Clinics! <strong>Reduces the signs of aging with our Facial Chemical Peeling. Say goodbye to the brands of expression<\/strong> forever in the hands of our professionals in health and beauty.<\/p>\n<p>[\/vc_column_text][\/vc_column_inner][\/vc_row_inner][\/vc_column][\/vc_row][vc_row css_animation=&#8221;&#8221; row_type=&#8221;row&#8221; use_row_as_full_screen_section=&#8221;no&#8221; type=&#8221;full_width&#8221; angled_section=&#8221;no&#8221; text_align=&#8221;left&#8221; background_image_as_pattern=&#8221;without_pattern&#8221; section_type=&#8221;full-width&#8221;][vc_column][vc_empty_space][vc_accordion style=&#8221;accordion&#8221;][vc_accordion_tab title=&#8221;Why will Facial Chemical Peeling rejuvenate you?&#8221;][vc_column_text]<\/p>\n<p style=\"text-align: justify;\">Chemical Peeling treatment is a quick, simple and painless application consisting of different acids at different concentrations whose epidermal exfoliation effect is mild, moderate or deep under the skin alterations treated. They may also be applied in other body sites.<\/p>\n<p style=\"text-align: justify;\">We will<strong> stimulate the production of collagen and elastin resulting in a rejuvenating and tightening of the treated area getting rejuvenated skin, bright, smooth and free of impurities.<\/strong><\/p>\n<p>[\/vc_column_text][\/vc_accordion_tab][vc_accordion_tab title=&#8221;What benefits does Facial Chemical Peeling have?&#8221;][vc_column_text]<\/p>\n<ul>\n<li>Anticancer effect by skin microdermabrasion.<\/li>\n<li>It will<strong> improve skin quality<\/strong> by epidermal regeneration.<\/li>\n<li>It will<strong> reaffirm and reshape the treated areas<\/strong>.<\/li>\n<li>It attenuates the depth of superficial wrinkles.<\/li>\n<li>We will provide uniformity and <strong>lighting<\/strong> skin.<\/li>\n<li>Improve <strong>skin elasticity<\/strong>.<\/li>\n<li>It will enhace consistency of treated areas.<\/li>\n<li><strong>Improve acne scars<\/strong> or old injuries.<\/li>\n<li>It will <strong>stimulate the production of collagen<\/strong> and elastin<\/li>\n<li>It will attenuate and prevents stains or hiperpigmentations.<\/li>\n<li><strong>Control the excess secretion<\/strong> of sebumand prevents acne apparition.<\/li>\n<li>Diminish the size of the pores.<\/li>\n<\/ul>\n<p>[\/vc_column_text][\/vc_accordion_tab][vc_accordion_tab title=&#8221;What kind of Chemical Peeling is the most suitable for me?&#8221;][vc_column_text]<\/p>\n<p style=\"text-align: justify;\"><strong>Chemical Peel treatment must be customized<\/strong>. Peeling intensity should be directly related to the the skin type.<\/p>\n<p style=\"text-align: justify;\">There are different types of <strong>Chemical Peel<\/strong>:<\/p>\n<p style=\"text-align: justify;\">\u2022\u00a0The <strong>Superficial Peeling<\/strong><b>:<\/b>\u00a0is intended to <strong>eliminate wrinkles<\/strong>, age spots and prevent acne in people who do not want or can not afford a visible peeling, and leaves only a slight redness that disappears within a few hours. It can be applied weekly or every two weeks. It is recommended to apply it at least <strong>once every season<\/strong>.<\/p>\n<p style=\"text-align: justify;\">\u2022\u00a0The <strong>Middle Peeling<\/strong><b>:<\/b>\u00a0is intended to <strong>remove superficial wrinkles and pigmented lesions and acne on extended active phase<\/strong>. Redness greater and more visible desquamation, dry skin shedding. Practically not alter normal social life and can be applied again <strong>after six weeks<\/strong>, depending on the result obtained.<\/p>\n<p style=\"text-align: justify;\">\u2022 The\u00a0<strong>Deep Peeling<\/strong><b>:<\/b>\u00a0is intended to <strong>remove stubborn lines<\/strong>, the middle grade <strong>photoaging<\/strong> high status <strong>acne<\/strong> scarring and <strong>pigmentation circumscribed<\/strong>. Redness of the skin is intense for 3 or 4 days and a severe scaling for up to 10 days. The normal social life can be altered for <strong>about a week<\/strong>. It is performed in a sesi\u00f3n.It can be applied after three months.<\/p>\n<p>[\/vc_column_text][\/vc_accordion_tab][vc_accordion_tab title=&#8221;Can I combine it with other beauty treatments?&#8221;][vc_column_text]<\/p>\n<p style=\"text-align: justify;\">It is fully <strong>compatible and combinable with all bodily aesthetic medical therapies<\/strong> as recommended patterned by our Aesthetic Medicine physicians. <strong>Providing an overall treatment in hands and chest will enhance your image<\/strong>.<\/p>\n<p>[\/vc_column_text][\/vc_accordion_tab][\/vc_accordion][\/vc_column][\/vc_row]<\/p>\n<\/div><!-- AddThis Advanced Settings generic via filter on the_content --><!-- AddThis Share Buttons generic via filter on the_content -->","protected":false},"excerpt":{"rendered":"<p>[vc_row css_animation=&#8221;&#8221; row_type=&#8221;row&#8221; use_row_as_full_screen_section=&#8221;no&#8221; type=&#8221;full_width&#8221; angled_section=&#8221;no&#8221; text_align=&#8221;left&#8221; background_image_as_pattern=&#8221;without_pattern&#8221; background_color=&#8221;#f7f7f7&#8243; section_type=&#8221;full-width&#8221;][vc_column][vc_empty_space height=&#8221;20px&#8221;][vc_empty_space height=&#8221;40px&#8221;][vc_row_inner row_type=&#8221;row&#8221; type=&#8221;full_width&#8221; text_align=&#8221;left&#8221; css_animation=&#8221;&#8221;][vc_column_inner width=&#8221;1\/2&#8243;][vc_single_image image=&#8221;10687&#8243; img_size=&#8221;custom&#8221; qode_css_animation=&#8221;&#8221; img_align=&#8221;center&#8221; custom_img_size=&#8221;500&#215;400&#8243;][\/vc_column_inner][vc_column_inner width=&#8221;1\/2&#8243;][vc_column_text] Challenge the passage of time with C\u00e0nons Clinics! Reduces the signs of aging with our Facial Chemical Peeling. Say goodbye to the&#8230;<!-- AddThis Advanced Settings generic via filter on get_the_excerpt --><!-- AddThis Share Buttons generic via filter on get_the_excerpt --><\/p>\n","protected":false},"author":25,"featured_media":0,"parent":9385,"menu_order":0,"comment_status":"closed","ping_status":"closed","template":"","meta":{"footnotes":""},"class_list":["post-9150","page","type-page","status-publish","hentry"],"yoast_head":"<!-- This site is optimized with the Yoast SEO Premium plugin v26.9 (Yoast SEO v27.2) - https:\/\/yoast.com\/product\/yoast-seo-premium-wordpress\/ -->\n<title>Facial Rejuvenation with Chemical Peeling - Canons Clinic | Surgery and Aesthetic Medicine in Barcelona, \u200b\u200bGranollers<\/title>\n<meta name=\"robots\" content=\"index, follow, max-snippet:-1, max-image-preview:large, max-video-preview:-1\" \/>\n<link rel=\"canonical\" href=\"https:\/\/www.canons.es\/en\/facial-aesthetic-medicine\/facial-rejuvenation-with-chemical-peeling\/\" \/>\n<meta property=\"og:locale\" content=\"en_US\" \/>\n<meta property=\"og:type\" content=\"article\" \/>\n<meta property=\"og:title\" content=\"Facial Rejuvenation with Chemical Peeling\" \/>\n<meta property=\"og:description\" content=\"[vc_row css_animation=&#8221;&#8221; row_type=&#8221;row&#8221; use_row_as_full_screen_section=&#8221;no&#8221; type=&#8221;full_width&#8221; angled_section=&#8221;no&#8221; text_align=&#8221;left&#8221; background_image_as_pattern=&#8221;without_pattern&#8221; background_color=&#8221;#f7f7f7&#8243; section_type=&#8221;full-width&#8221;][vc_column][vc_empty_space height=&#8221;20px&#8221;][vc_empty_space height=&#8221;40px&#8221;][vc_row_inner row_type=&#8221;row&#8221; type=&#8221;full_width&#8221; text_align=&#8221;left&#8221; css_animation=&#8221;&#8221;][vc_column_inner width=&#8221;1\/2&#8243;][vc_single_image image=&#8221;10687&#8243; img_size=&#8221;custom&#8221; qode_css_animation=&#8221;&#8221; img_align=&#8221;center&#8221; custom_img_size=&#8221;500&#215;400&#8243;][\/vc_column_inner][vc_column_inner width=&#8221;1\/2&#8243;][vc_column_text] Challenge the passage of time with C\u00e0nons Clinics! Reduces the signs of aging with our Facial Chemical Peeling. Say goodbye to the...\" \/>\n<meta property=\"og:url\" content=\"https:\/\/www.canons.es\/en\/facial-aesthetic-medicine\/facial-rejuvenation-with-chemical-peeling\/\" \/>\n<meta property=\"og:site_name\" content=\"Canons Clinic | Surgery and Aesthetic Medicine in Barcelona, \u200b\u200bGranollers\" \/>\n<meta property=\"article:publisher\" content=\"https:\/\/www.facebook.com\/canonsclinics\/\" \/>\n<meta property=\"article:modified_time\" content=\"2019-10-03T09:58:02+00:00\" \/>\n<meta name=\"twitter:card\" content=\"summary_large_image\" \/>\n<meta name=\"twitter:site\" content=\"@canonsclinics\" \/>\n<meta name=\"twitter:label1\" content=\"Est. reading time\" \/>\n\t<meta name=\"twitter:data1\" content=\"3 minutes\" \/>\n<script type=\"application\/ld+json\" class=\"yoast-schema-graph\">{\"@context\":\"https:\/\/schema.org\",\"@graph\":[{\"@type\":\"WebPage\",\"@id\":\"https:\/\/www.canons.es\/en\/facial-aesthetic-medicine\/facial-rejuvenation-with-chemical-peeling\/\",\"url\":\"https:\/\/www.canons.es\/en\/facial-aesthetic-medicine\/facial-rejuvenation-with-chemical-peeling\/\",\"name\":\"Facial Rejuvenation with Chemical Peeling - Canons Clinic | Surgery and Aesthetic Medicine in Barcelona, \u200b\u200bGranollers\",\"isPartOf\":{\"@id\":\"https:\/\/www.canons.es\/#website\"},\"datePublished\":\"2015-07-15T07:22:40+00:00\",\"dateModified\":\"2019-10-03T09:58:02+00:00\",\"breadcrumb\":{\"@id\":\"https:\/\/www.canons.es\/en\/facial-aesthetic-medicine\/facial-rejuvenation-with-chemical-peeling\/#breadcrumb\"},\"inLanguage\":\"en-US\",\"potentialAction\":[{\"@type\":\"ReadAction\",\"target\":[\"https:\/\/www.canons.es\/en\/facial-aesthetic-medicine\/facial-rejuvenation-with-chemical-peeling\/\"]}]},{\"@type\":\"BreadcrumbList\",\"@id\":\"https:\/\/www.canons.es\/en\/facial-aesthetic-medicine\/facial-rejuvenation-with-chemical-peeling\/#breadcrumb\",\"itemListElement\":[{\"@type\":\"ListItem\",\"position\":1,\"name\":\"Portada\",\"item\":\"https:\/\/www.canons.es\/en\/\"},{\"@type\":\"ListItem\",\"position\":2,\"name\":\"FACIAL AESTHETIC MEDICINE\",\"item\":\"https:\/\/www.canons.es\/en\/facial-aesthetic-medicine\/\"},{\"@type\":\"ListItem\",\"position\":3,\"name\":\"Facial Rejuvenation with Chemical Peeling\"}]},{\"@type\":\"WebSite\",\"@id\":\"https:\/\/www.canons.es\/#website\",\"url\":\"https:\/\/www.canons.es\/\",\"name\":\"Cirug\u00eda Pl\u00e1stica y Est\u00e9tica Barcelona y Granollers | C\u00e0nons Clinics\",\"description\":\"\",\"publisher\":{\"@id\":\"https:\/\/www.canons.es\/#organization\"},\"potentialAction\":[{\"@type\":\"SearchAction\",\"target\":{\"@type\":\"EntryPoint\",\"urlTemplate\":\"https:\/\/www.canons.es\/?s={search_term_string}\"},\"query-input\":{\"@type\":\"PropertyValueSpecification\",\"valueRequired\":true,\"valueName\":\"search_term_string\"}}],\"inLanguage\":\"en-US\"},{\"@type\":\"Organization\",\"@id\":\"https:\/\/www.canons.es\/#organization\",\"name\":\"Cirug\u00eda Pl\u00e1stica y Est\u00e9tica Barcelona y Granollers | C\u00e0nons Clinics\",\"url\":\"https:\/\/www.canons.es\/\",\"logo\":{\"@type\":\"ImageObject\",\"inLanguage\":\"en-US\",\"@id\":\"https:\/\/www.canons.es\/#\/schema\/logo\/image\/\",\"url\":\"https:\/\/www.canons.es\/wp-content\/uploads\/2025\/04\/logo-canons-clinics.jpg\",\"contentUrl\":\"https:\/\/www.canons.es\/wp-content\/uploads\/2025\/04\/logo-canons-clinics.jpg\",\"width\":600,\"height\":139,\"caption\":\"Cirug\u00eda Pl\u00e1stica y Est\u00e9tica Barcelona y Granollers | C\u00e0nons Clinics\"},\"image\":{\"@id\":\"https:\/\/www.canons.es\/#\/schema\/logo\/image\/\"},\"sameAs\":[\"https:\/\/www.facebook.com\/canonsclinics\/\",\"https:\/\/x.com\/canonsclinics\",\"https:\/\/www.instagram.com\/canonsclinics\/\",\"https:\/\/www.youtube.com\/channel\/UCI1Ia6LjALyo1CuQ0_HwtfQ\",\"https:\/\/www.linkedin.com\/company\/canons-clinics\/\"]}]}<\/script>\n<!-- \/ Yoast SEO Premium plugin. -->","yoast_head_json":{"title":"Facial Rejuvenation with Chemical Peeling - Canons Clinic | Surgery and Aesthetic Medicine in Barcelona, \u200b\u200bGranollers","robots":{"index":"index","follow":"follow","max-snippet":"max-snippet:-1","max-image-preview":"max-image-preview:large","max-video-preview":"max-video-preview:-1"},"canonical":"https:\/\/www.canons.es\/en\/facial-aesthetic-medicine\/facial-rejuvenation-with-chemical-peeling\/","og_locale":"en_US","og_type":"article","og_title":"Facial Rejuvenation with Chemical Peeling","og_description":"[vc_row css_animation=&#8221;&#8221; row_type=&#8221;row&#8221; use_row_as_full_screen_section=&#8221;no&#8221; type=&#8221;full_width&#8221; angled_section=&#8221;no&#8221; text_align=&#8221;left&#8221; background_image_as_pattern=&#8221;without_pattern&#8221; background_color=&#8221;#f7f7f7&#8243; section_type=&#8221;full-width&#8221;][vc_column][vc_empty_space height=&#8221;20px&#8221;][vc_empty_space height=&#8221;40px&#8221;][vc_row_inner row_type=&#8221;row&#8221; type=&#8221;full_width&#8221; text_align=&#8221;left&#8221; css_animation=&#8221;&#8221;][vc_column_inner width=&#8221;1\/2&#8243;][vc_single_image image=&#8221;10687&#8243; img_size=&#8221;custom&#8221; qode_css_animation=&#8221;&#8221; img_align=&#8221;center&#8221; custom_img_size=&#8221;500&#215;400&#8243;][\/vc_column_inner][vc_column_inner width=&#8221;1\/2&#8243;][vc_column_text] Challenge the passage of time with C\u00e0nons Clinics! Reduces the signs of aging with our Facial Chemical Peeling. Say goodbye to the...","og_url":"https:\/\/www.canons.es\/en\/facial-aesthetic-medicine\/facial-rejuvenation-with-chemical-peeling\/","og_site_name":"Canons Clinic | Surgery and Aesthetic Medicine in Barcelona, \u200b\u200bGranollers","article_publisher":"https:\/\/www.facebook.com\/canonsclinics\/","article_modified_time":"2019-10-03T09:58:02+00:00","twitter_card":"summary_large_image","twitter_site":"@canonsclinics","twitter_misc":{"Est. reading time":"3 minutes"},"schema":{"@context":"https:\/\/schema.org","@graph":[{"@type":"WebPage","@id":"https:\/\/www.canons.es\/en\/facial-aesthetic-medicine\/facial-rejuvenation-with-chemical-peeling\/","url":"https:\/\/www.canons.es\/en\/facial-aesthetic-medicine\/facial-rejuvenation-with-chemical-peeling\/","name":"Facial Rejuvenation with Chemical Peeling - Canons Clinic | Surgery and Aesthetic Medicine in Barcelona, \u200b\u200bGranollers","isPartOf":{"@id":"https:\/\/www.canons.es\/#website"},"datePublished":"2015-07-15T07:22:40+00:00","dateModified":"2019-10-03T09:58:02+00:00","breadcrumb":{"@id":"https:\/\/www.canons.es\/en\/facial-aesthetic-medicine\/facial-rejuvenation-with-chemical-peeling\/#breadcrumb"},"inLanguage":"en-US","potentialAction":[{"@type":"ReadAction","target":["https:\/\/www.canons.es\/en\/facial-aesthetic-medicine\/facial-rejuvenation-with-chemical-peeling\/"]}]},{"@type":"BreadcrumbList","@id":"https:\/\/www.canons.es\/en\/facial-aesthetic-medicine\/facial-rejuvenation-with-chemical-peeling\/#breadcrumb","itemListElement":[{"@type":"ListItem","position":1,"name":"Portada","item":"https:\/\/www.canons.es\/en\/"},{"@type":"ListItem","position":2,"name":"FACIAL AESTHETIC MEDICINE","item":"https:\/\/www.canons.es\/en\/facial-aesthetic-medicine\/"},{"@type":"ListItem","position":3,"name":"Facial Rejuvenation with Chemical Peeling"}]},{"@type":"WebSite","@id":"https:\/\/www.canons.es\/#website","url":"https:\/\/www.canons.es\/","name":"Cirug\u00eda Pl\u00e1stica y Est\u00e9tica Barcelona y Granollers | C\u00e0nons Clinics","description":"","publisher":{"@id":"https:\/\/www.canons.es\/#organization"},"potentialAction":[{"@type":"SearchAction","target":{"@type":"EntryPoint","urlTemplate":"https:\/\/www.canons.es\/?s={search_term_string}"},"query-input":{"@type":"PropertyValueSpecification","valueRequired":true,"valueName":"search_term_string"}}],"inLanguage":"en-US"},{"@type":"Organization","@id":"https:\/\/www.canons.es\/#organization","name":"Cirug\u00eda Pl\u00e1stica y Est\u00e9tica Barcelona y Granollers | C\u00e0nons Clinics","url":"https:\/\/www.canons.es\/","logo":{"@type":"ImageObject","inLanguage":"en-US","@id":"https:\/\/www.canons.es\/#\/schema\/logo\/image\/","url":"https:\/\/www.canons.es\/wp-content\/uploads\/2025\/04\/logo-canons-clinics.jpg","contentUrl":"https:\/\/www.canons.es\/wp-content\/uploads\/2025\/04\/logo-canons-clinics.jpg","width":600,"height":139,"caption":"Cirug\u00eda Pl\u00e1stica y Est\u00e9tica Barcelona y Granollers | C\u00e0nons Clinics"},"image":{"@id":"https:\/\/www.canons.es\/#\/schema\/logo\/image\/"},"sameAs":["https:\/\/www.facebook.com\/canonsclinics\/","https:\/\/x.com\/canonsclinics","https:\/\/www.instagram.com\/canonsclinics\/","https:\/\/www.youtube.com\/channel\/UCI1Ia6LjALyo1CuQ0_HwtfQ","https:\/\/www.linkedin.com\/company\/canons-clinics\/"]}]}},"_links":{"self":[{"href":"https:\/\/www.canons.es\/en\/wp-json\/wp\/v2\/pages\/9150","targetHints":{"allow":["GET"]}}],"collection":[{"href":"https:\/\/www.canons.es\/en\/wp-json\/wp\/v2\/pages"}],"about":[{"href":"https:\/\/www.canons.es\/en\/wp-json\/wp\/v2\/types\/page"}],"author":[{"embeddable":true,"href":"https:\/\/www.canons.es\/en\/wp-json\/wp\/v2\/users\/25"}],"replies":[{"embeddable":true,"href":"https:\/\/www.canons.es\/en\/wp-json\/wp\/v2\/comments?post=9150"}],"version-history":[{"count":0,"href":"https:\/\/www.canons.es\/en\/wp-json\/wp\/v2\/pages\/9150\/revisions"}],"up":[{"embeddable":true,"href":"https:\/\/www.canons.es\/en\/wp-json\/wp\/v2\/pages\/9385"}],"wp:attachment":[{"href":"https:\/\/www.canons.es\/en\/wp-json\/wp\/v2\/media?parent=9150"}],"curies":[{"name":"wp","href":"https:\/\/api.w.org\/{rel}","templated":true}]}}