{"id":9064,"date":"2015-07-13T10:34:55","date_gmt":"2015-07-13T10:34:55","guid":{"rendered":"https:\/\/www.canons.es\/en\/estrella-rodriguez-rodriguez\/"},"modified":"2015-10-23T13:16:32","modified_gmt":"2015-10-23T13:16:32","slug":"estrella-rodriguez-rodriguez","status":"publish","type":"page","link":"https:\/\/www.canons.es\/en\/estrella-rodriguez-rodriguez\/","title":{"rendered":"Medical Team"},"content":{"rendered":"<div class=\"wpb-content-wrapper\"><p>[vc_row section_type=&#8221;full-width&#8221;][vc_column width=&#8221;1\/2&#8243;][vc_single_image image=&#8221;7660&#8243; css_animation=&#8221;fadeInLeft&#8221; img_link_large=&#8221;&#8221;][\/vc_column][vc_column width=&#8221;1\/2&#8243;][vc_heading title=&#8221;Estrella Rodr\u00edguez Rodr\u00edguez&#8221; type=&#8221;h2&#8243; style=&#8221;style1&#8243;][vc_column_text]<\/p>\n<div id=\"stcpDiv\"><strong>Premium grade esthetician<br \/>\nNutritionist top grade<br \/>\nLinfoterapeuta<br \/>\nChiropractor<br \/>\n<\/strong><\/div>\n<p>[\/vc_column_text][vc_empty_space][vc_column_text]<\/p>\n<h4><span style=\"color: #6d98dc;\">ACADEMICAL INFORMATION<br \/>\n<\/span><\/h4>\n<div id=\"stcpDiv\">\n<ul>\n<li>Top grade of aesthetics (1997-1999) I.E.S. Salvador Segu\u00ed<\/li>\n<li>Higher level of nutrition (2009-2011) I.E.S. Ram\u00f3n y cajal<\/li>\n<li>Course lymphatic drainage (Vooder Method), therapeutic massage (1999-2000) I.E.S. Salvador Segu\u00ed<\/li>\n<li>Course facelift, reflexology, aromatherapy, Siatshu (1999-2000) I.E.S. Salvador Segu\u00ed<\/li>\n<li>Nutrition course in cardiovascular diseases (2010) Almer\u00eda.<\/li>\n<li>Course Assistant surgical and sterilization of surgical materials company.<\/li>\n<li>Courses company from LPG, cavitation, radiofrequency, IPL, oxygen therapy and Massage Spa.<\/li>\n<\/ul>\n<\/div>\n<p>[\/vc_column_text][\/vc_column][\/vc_row][vc_row][vc_column][vc_empty_space][\/vc_column][\/vc_row][vc_row section_type=&#8221;full-width&#8221;][vc_column][vc_accordion][vc_accordion_tab title=&#8221;PROFESSIONAL EXPERIENCE&#8221;][vc_column_text]<\/p>\n<div id=\"stcpDiv\">\n<ul>\n<li>Bisel Beauty Center\u00a0 2000-2005<\/li>\n<li>Cl\u00ednica Sants Institute 2005-2011<\/li>\n<li>Policlinic Barcelona (2011-2013)<\/li>\n<li>C\u00e0nons Clinics, especialitzados in aesthetic medicine and surgery centers, 2013 until the present day.<\/li>\n<\/ul>\n<\/div>\n<p>[\/vc_column_text][\/vc_accordion_tab][\/vc_accordion][\/vc_column][\/vc_row]<\/p>\n<\/div><!-- AddThis Advanced Settings generic via filter on the_content --><!-- AddThis Share Buttons generic via filter on the_content -->","protected":false},"excerpt":{"rendered":"<p>[vc_row section_type=&#8221;full-width&#8221;][vc_column width=&#8221;1\/2&#8243;][vc_single_image image=&#8221;7660&#8243; css_animation=&#8221;fadeInLeft&#8221; img_link_large=&#8221;&#8221;][\/vc_column][vc_column width=&#8221;1\/2&#8243;][vc_heading title=&#8221;Estrella Rodr\u00edguez Rodr\u00edguez&#8221; type=&#8221;h2&#8243; style=&#8221;style1&#8243;][vc_column_text] Premium grade esthetician Nutritionist top grade Linfoterapeuta Chiropractor [\/vc_column_text][vc_empty_space][vc_column_text] ACADEMICAL INFORMATION Top grade of aesthetics (1997-1999) I.E.S. Salvador Segu\u00ed Higher level of nutrition (2009-2011) I.E.S. Ram\u00f3n y cajal Course lymphatic drainage (Vooder Method),&#8230;<!-- AddThis Advanced Settings generic via filter on get_the_excerpt --><!-- AddThis Share Buttons generic via filter on get_the_excerpt --><\/p>\n","protected":false},"author":25,"featured_media":0,"parent":0,"menu_order":0,"comment_status":"open","ping_status":"open","template":"","meta":{"footnotes":""},"class_list":["post-9064","page","type-page","status-publish","hentry"],"yoast_head":"<!-- This site is optimized with the Yoast SEO Premium plugin v26.9 (Yoast SEO v27.6) - https:\/\/yoast.com\/product\/yoast-seo-premium-wordpress\/ -->\n<title>Medical Team - Canons Clinic | Surgery and Aesthetic Medicine in Barcelona, \u200b\u200bGranollers<\/title>\n<meta name=\"robots\" content=\"index, follow, max-snippet:-1, max-image-preview:large, max-video-preview:-1\" \/>\n<link rel=\"canonical\" href=\"https:\/\/www.canons.es\/en\/estrella-rodriguez-rodriguez\/\" \/>\n<meta property=\"og:locale\" content=\"en_US\" \/>\n<meta property=\"og:type\" content=\"article\" \/>\n<meta property=\"og:title\" content=\"Medical Team\" \/>\n<meta property=\"og:description\" content=\"[vc_row section_type=&#8221;full-width&#8221;][vc_column width=&#8221;1\/2&#8243;][vc_single_image image=&#8221;7660&#8243; css_animation=&#8221;fadeInLeft&#8221; img_link_large=&#8221;&#8221;][\/vc_column][vc_column width=&#8221;1\/2&#8243;][vc_heading title=&#8221;Estrella Rodr\u00edguez Rodr\u00edguez&#8221; type=&#8221;h2&#8243; style=&#8221;style1&#8243;][vc_column_text] Premium grade esthetician Nutritionist top grade Linfoterapeuta Chiropractor [\/vc_column_text][vc_empty_space][vc_column_text] ACADEMICAL INFORMATION Top grade of aesthetics (1997-1999) I.E.S. Salvador Segu\u00ed Higher level of nutrition (2009-2011) I.E.S. Ram\u00f3n y cajal Course lymphatic drainage (Vooder Method),...\" \/>\n<meta property=\"og:url\" content=\"https:\/\/www.canons.es\/en\/estrella-rodriguez-rodriguez\/\" \/>\n<meta property=\"og:site_name\" content=\"Canons Clinic | Surgery and Aesthetic Medicine in Barcelona, \u200b\u200bGranollers\" \/>\n<meta property=\"article:publisher\" content=\"https:\/\/www.facebook.com\/canonsclinics\/\" \/>\n<meta property=\"article:modified_time\" content=\"2015-10-23T13:16:32+00:00\" \/>\n<meta name=\"twitter:card\" content=\"summary_large_image\" \/>\n<meta name=\"twitter:site\" content=\"@canonsclinics\" \/>\n<meta name=\"twitter:label1\" content=\"Est. reading time\" \/>\n\t<meta name=\"twitter:data1\" content=\"1 minute\" \/>\n<script type=\"application\/ld+json\" class=\"yoast-schema-graph\">{\"@context\":\"https:\\\/\\\/schema.org\",\"@graph\":[{\"@type\":\"WebPage\",\"@id\":\"https:\\\/\\\/www.canons.es\\\/en\\\/estrella-rodriguez-rodriguez\\\/\",\"url\":\"https:\\\/\\\/www.canons.es\\\/en\\\/estrella-rodriguez-rodriguez\\\/\",\"name\":\"Medical Team - Canons Clinic | Surgery and Aesthetic Medicine in Barcelona, \u200b\u200bGranollers\",\"isPartOf\":{\"@id\":\"https:\\\/\\\/www.canons.es\\\/#website\"},\"datePublished\":\"2015-07-13T10:34:55+00:00\",\"dateModified\":\"2015-10-23T13:16:32+00:00\",\"breadcrumb\":{\"@id\":\"https:\\\/\\\/www.canons.es\\\/en\\\/estrella-rodriguez-rodriguez\\\/#breadcrumb\"},\"inLanguage\":\"en-US\",\"potentialAction\":[{\"@type\":\"ReadAction\",\"target\":[\"https:\\\/\\\/www.canons.es\\\/en\\\/estrella-rodriguez-rodriguez\\\/\"]}]},{\"@type\":\"BreadcrumbList\",\"@id\":\"https:\\\/\\\/www.canons.es\\\/en\\\/estrella-rodriguez-rodriguez\\\/#breadcrumb\",\"itemListElement\":[{\"@type\":\"ListItem\",\"position\":1,\"name\":\"Portada\",\"item\":\"https:\\\/\\\/www.canons.es\\\/en\\\/\"},{\"@type\":\"ListItem\",\"position\":2,\"name\":\"Medical Team\"}]},{\"@type\":\"WebSite\",\"@id\":\"https:\\\/\\\/www.canons.es\\\/#website\",\"url\":\"https:\\\/\\\/www.canons.es\\\/\",\"name\":\"Cirug\u00eda Pl\u00e1stica y Est\u00e9tica Barcelona y Granollers | C\u00e0nons Clinics\",\"description\":\"\",\"publisher\":{\"@id\":\"https:\\\/\\\/www.canons.es\\\/#organization\"},\"potentialAction\":[{\"@type\":\"SearchAction\",\"target\":{\"@type\":\"EntryPoint\",\"urlTemplate\":\"https:\\\/\\\/www.canons.es\\\/?s={search_term_string}\"},\"query-input\":{\"@type\":\"PropertyValueSpecification\",\"valueRequired\":true,\"valueName\":\"search_term_string\"}}],\"inLanguage\":\"en-US\"},{\"@type\":\"Organization\",\"@id\":\"https:\\\/\\\/www.canons.es\\\/#organization\",\"name\":\"Cirug\u00eda Pl\u00e1stica y Est\u00e9tica Barcelona y Granollers | C\u00e0nons Clinics\",\"url\":\"https:\\\/\\\/www.canons.es\\\/\",\"logo\":{\"@type\":\"ImageObject\",\"inLanguage\":\"en-US\",\"@id\":\"https:\\\/\\\/www.canons.es\\\/#\\\/schema\\\/logo\\\/image\\\/\",\"url\":\"https:\\\/\\\/www.canons.es\\\/wp-content\\\/uploads\\\/2025\\\/04\\\/logo-canons-clinics.jpg\",\"contentUrl\":\"https:\\\/\\\/www.canons.es\\\/wp-content\\\/uploads\\\/2025\\\/04\\\/logo-canons-clinics.jpg\",\"width\":600,\"height\":139,\"caption\":\"Cirug\u00eda Pl\u00e1stica y Est\u00e9tica Barcelona y Granollers | C\u00e0nons Clinics\"},\"image\":{\"@id\":\"https:\\\/\\\/www.canons.es\\\/#\\\/schema\\\/logo\\\/image\\\/\"},\"sameAs\":[\"https:\\\/\\\/www.facebook.com\\\/canonsclinics\\\/\",\"https:\\\/\\\/x.com\\\/canonsclinics\",\"https:\\\/\\\/www.instagram.com\\\/canonsclinics\\\/\",\"https:\\\/\\\/www.youtube.com\\\/channel\\\/UCI1Ia6LjALyo1CuQ0_HwtfQ\",\"https:\\\/\\\/www.linkedin.com\\\/company\\\/canons-clinics\\\/\"]}]}<\/script>\n<!-- \/ Yoast SEO Premium plugin. -->","yoast_head_json":{"title":"Medical Team - Canons Clinic | Surgery and Aesthetic Medicine in Barcelona, \u200b\u200bGranollers","robots":{"index":"index","follow":"follow","max-snippet":"max-snippet:-1","max-image-preview":"max-image-preview:large","max-video-preview":"max-video-preview:-1"},"canonical":"https:\/\/www.canons.es\/en\/estrella-rodriguez-rodriguez\/","og_locale":"en_US","og_type":"article","og_title":"Medical Team","og_description":"[vc_row section_type=&#8221;full-width&#8221;][vc_column width=&#8221;1\/2&#8243;][vc_single_image image=&#8221;7660&#8243; css_animation=&#8221;fadeInLeft&#8221; img_link_large=&#8221;&#8221;][\/vc_column][vc_column width=&#8221;1\/2&#8243;][vc_heading title=&#8221;Estrella Rodr\u00edguez Rodr\u00edguez&#8221; type=&#8221;h2&#8243; style=&#8221;style1&#8243;][vc_column_text] Premium grade esthetician Nutritionist top grade Linfoterapeuta Chiropractor [\/vc_column_text][vc_empty_space][vc_column_text] ACADEMICAL INFORMATION Top grade of aesthetics (1997-1999) I.E.S. Salvador Segu\u00ed Higher level of nutrition (2009-2011) I.E.S. Ram\u00f3n y cajal Course lymphatic drainage (Vooder Method),...","og_url":"https:\/\/www.canons.es\/en\/estrella-rodriguez-rodriguez\/","og_site_name":"Canons Clinic | Surgery and Aesthetic Medicine in Barcelona, \u200b\u200bGranollers","article_publisher":"https:\/\/www.facebook.com\/canonsclinics\/","article_modified_time":"2015-10-23T13:16:32+00:00","twitter_card":"summary_large_image","twitter_site":"@canonsclinics","twitter_misc":{"Est. reading time":"1 minute"},"schema":{"@context":"https:\/\/schema.org","@graph":[{"@type":"WebPage","@id":"https:\/\/www.canons.es\/en\/estrella-rodriguez-rodriguez\/","url":"https:\/\/www.canons.es\/en\/estrella-rodriguez-rodriguez\/","name":"Medical Team - Canons Clinic | Surgery and Aesthetic Medicine in Barcelona, \u200b\u200bGranollers","isPartOf":{"@id":"https:\/\/www.canons.es\/#website"},"datePublished":"2015-07-13T10:34:55+00:00","dateModified":"2015-10-23T13:16:32+00:00","breadcrumb":{"@id":"https:\/\/www.canons.es\/en\/estrella-rodriguez-rodriguez\/#breadcrumb"},"inLanguage":"en-US","potentialAction":[{"@type":"ReadAction","target":["https:\/\/www.canons.es\/en\/estrella-rodriguez-rodriguez\/"]}]},{"@type":"BreadcrumbList","@id":"https:\/\/www.canons.es\/en\/estrella-rodriguez-rodriguez\/#breadcrumb","itemListElement":[{"@type":"ListItem","position":1,"name":"Portada","item":"https:\/\/www.canons.es\/en\/"},{"@type":"ListItem","position":2,"name":"Medical Team"}]},{"@type":"WebSite","@id":"https:\/\/www.canons.es\/#website","url":"https:\/\/www.canons.es\/","name":"Cirug\u00eda Pl\u00e1stica y Est\u00e9tica Barcelona y Granollers | C\u00e0nons Clinics","description":"","publisher":{"@id":"https:\/\/www.canons.es\/#organization"},"potentialAction":[{"@type":"SearchAction","target":{"@type":"EntryPoint","urlTemplate":"https:\/\/www.canons.es\/?s={search_term_string}"},"query-input":{"@type":"PropertyValueSpecification","valueRequired":true,"valueName":"search_term_string"}}],"inLanguage":"en-US"},{"@type":"Organization","@id":"https:\/\/www.canons.es\/#organization","name":"Cirug\u00eda Pl\u00e1stica y Est\u00e9tica Barcelona y Granollers | C\u00e0nons Clinics","url":"https:\/\/www.canons.es\/","logo":{"@type":"ImageObject","inLanguage":"en-US","@id":"https:\/\/www.canons.es\/#\/schema\/logo\/image\/","url":"https:\/\/www.canons.es\/wp-content\/uploads\/2025\/04\/logo-canons-clinics.jpg","contentUrl":"https:\/\/www.canons.es\/wp-content\/uploads\/2025\/04\/logo-canons-clinics.jpg","width":600,"height":139,"caption":"Cirug\u00eda Pl\u00e1stica y Est\u00e9tica Barcelona y Granollers | C\u00e0nons Clinics"},"image":{"@id":"https:\/\/www.canons.es\/#\/schema\/logo\/image\/"},"sameAs":["https:\/\/www.facebook.com\/canonsclinics\/","https:\/\/x.com\/canonsclinics","https:\/\/www.instagram.com\/canonsclinics\/","https:\/\/www.youtube.com\/channel\/UCI1Ia6LjALyo1CuQ0_HwtfQ","https:\/\/www.linkedin.com\/company\/canons-clinics\/"]}]}},"_links":{"self":[{"href":"https:\/\/www.canons.es\/en\/wp-json\/wp\/v2\/pages\/9064","targetHints":{"allow":["GET"]}}],"collection":[{"href":"https:\/\/www.canons.es\/en\/wp-json\/wp\/v2\/pages"}],"about":[{"href":"https:\/\/www.canons.es\/en\/wp-json\/wp\/v2\/types\/page"}],"author":[{"embeddable":true,"href":"https:\/\/www.canons.es\/en\/wp-json\/wp\/v2\/users\/25"}],"replies":[{"embeddable":true,"href":"https:\/\/www.canons.es\/en\/wp-json\/wp\/v2\/comments?post=9064"}],"version-history":[{"count":0,"href":"https:\/\/www.canons.es\/en\/wp-json\/wp\/v2\/pages\/9064\/revisions"}],"wp:attachment":[{"href":"https:\/\/www.canons.es\/en\/wp-json\/wp\/v2\/media?parent=9064"}],"curies":[{"name":"wp","href":"https:\/\/api.w.org\/{rel}","templated":true}]}}