{"id":9046,"date":"2015-07-13T10:18:33","date_gmt":"2015-07-13T10:18:33","guid":{"rendered":"https:\/\/www.canons.es\/en\/dipl-antonia-badia-gimenez\/"},"modified":"2019-10-24T14:45:06","modified_gmt":"2019-10-24T14:45:06","slug":"dipl-antonia-badia-gimenez","status":"publish","type":"page","link":"https:\/\/www.canons.es\/en\/canons-team\/dipl-antonia-badia-gimenez\/","title":{"rendered":"C\u00e0nons Clinics Team"},"content":{"rendered":"<div class=\"wpb-content-wrapper\"><p>[vc_row css_animation=&#8221;&#8221; row_type=&#8221;row&#8221; use_row_as_full_screen_section=&#8221;no&#8221; type=&#8221;full_width&#8221; angled_section=&#8221;no&#8221; text_align=&#8221;left&#8221; background_image_as_pattern=&#8221;without_pattern&#8221; section_type=&#8221;full-width&#8221;][vc_column width=&#8221;1\/2&#8243;][vc_single_image image=&#8221;7880&#8243; qode_css_animation=&#8221;&#8221; css_animation=&#8221;fadeInLeft&#8221;][\/vc_column][vc_column width=&#8221;1\/2&#8243;][vc_column_text][vc_heading title=&#8221;Dipl. Ant\u00f2nia Badia Gim\u00e9nez&#8221; type=&#8221;h2&#8243; style=&#8221;style1&#8243;][vc_column_text]<\/p>\n<div id=\"stcpDiv\"><strong>Nurse Certificate.<\/strong><\/div>\n<p><span style=\"color: #6d98dc;\"><strong>\u00a0<\/strong><\/span>[\/vc_column_text][vc_empty_space][vc_column_text]<\/p>\n<h4><span style=\"color: #6d98dc;\">ACADEMIC INFORMATION<\/span><\/h4>\n<p>&nbsp;<\/p>\n<div id=\"stcpDiv\">\n<ul>\n<li>Course of pediatric nurse,\u00a01979.<\/li>\n<li>Title Technical Assistant Health Hospital Cl\u00ednic of Barcelona 1983.<\/li>\n<li>Recognition of the ATS title of 1985 Nursing Graduate.<\/li>\n<li>V Theoretical and Practical Course of Urology Hospital Vall d\u2019Hebr\u00f3 Barcelona. May\u00a01981.<\/li>\n<li>I Burns Nursing Course Hospital Vall d\u2019Hebr\u00f3 Barcelona.\u00a0\u00a0December\u00a01982.<\/li>\n<li>Course II Medical Surgical Emergencies\u00a0Hospital de Bellvitge de l\u2019Hospitalet\u00a0(Barcelona).\u00a0January 1986.<\/li>\n<li>Col.legiales IInd Primary Care Diploma of Nursing Col.legio Barcelona. January 1991.<\/li>\n<li>Care Course cardiopulmonary arrest\u00a0Fiatc Clinic Foundation.\u00a0April 1991.<\/li>\n<li>Course Management and Administration of Hospital Nursing Services\u00a0Plato Polyclinic Institute. February 2004.<\/li>\n<li>Assistant to Nursing Seminar I Clinical Hospital Infection\u00a0Clinical Fiatc.\u00a0May 2004.<\/li>\n<li>Assistant and Reporter at XXII Congress of the Spanish Arthroscopy.\u00a0Association Marbella. February 2006.<\/li>\n<li>Assistant\u00a0Nursing Seminar IV Hospital Infection Sea Hospital. May 2011.<\/li>\n<li>Operators Course LVII Facilities General Radiology. July 2011.<\/li>\n<li>Conference\u00a0on Nursing Care and Cures for expectant mothers and newborn Diagonal Clinic. November 2012.<\/li>\n<li>Assistant III Nursing Course in Medicine and Aesthetic Surgery SEEMCE<\/li>\n<\/ul>\n<\/div>\n<p>[\/vc_column_text][\/vc_column][\/vc_row][vc_row css_animation=&#8221;&#8221; row_type=&#8221;row&#8221; use_row_as_full_screen_section=&#8221;no&#8221; type=&#8221;full_width&#8221; angled_section=&#8221;no&#8221; text_align=&#8221;left&#8221; background_image_as_pattern=&#8221;without_pattern&#8221; section_type=&#8221;full-width&#8221;][vc_column][vc_empty_space][vc_empty_space][\/vc_column][\/vc_row][vc_row css_animation=&#8221;&#8221; row_type=&#8221;row&#8221; use_row_as_full_screen_section=&#8221;no&#8221; type=&#8221;full_width&#8221; angled_section=&#8221;no&#8221; text_align=&#8221;left&#8221; background_image_as_pattern=&#8221;without_pattern&#8221; section_type=&#8221;full-width&#8221;][vc_column][vc_accordion style=&#8221;accordion&#8221;][vc_accordion_tab title=&#8221;PROFESSIONAL EXPERIENCE&#8221;][vc_column_text]<\/p>\n<div id=\"stcpDiv\">\n<ul>\n<li>Diploma of Nursing.\u00a0Plant Hospitalitzaci\u00f3n and Surgery\u00a0in\u00a0Cl\u00ednica\u00a0Dauro. 1986.<\/li>\n<li>Cap Microbiology Unit I (6 months) 1987.<\/li>\n<li>Cap I Surgery hospitalization\u00a0Plant Fiatc Clinic Foundation. 1996.<\/li>\n<li>Diploma in nursing specializing in Orthopedics, General Surgery, Laparoscopic Surgery Plastic, Reconstructive and Aesthetic. Fiatc Clinic Foundation. 2004.<\/li>\n<li>Scrub Nurse responsible for the area of Nursing and Resuscitation C\u00e0nons Clinics, specialized in Surgery and Aesthetic Medicine. 2011.<\/li>\n<li>Diploma in nursing specializing in Orthopedics, General Surgery, Laparoscopic Surgery Plastic, Reconstructive and Aesthetic. Diagonal Clinic. 2011.<\/li>\n<\/ul>\n<\/div>\n<p>[\/vc_column_text][\/vc_accordion_tab][\/vc_accordion][\/vc_column][\/vc_row]<\/p>\n<\/div><!-- AddThis Advanced Settings generic via filter on the_content --><!-- AddThis Share Buttons generic via filter on the_content -->","protected":false},"excerpt":{"rendered":"<p>[vc_row css_animation=&#8221;&#8221; row_type=&#8221;row&#8221; use_row_as_full_screen_section=&#8221;no&#8221; type=&#8221;full_width&#8221; angled_section=&#8221;no&#8221; text_align=&#8221;left&#8221; background_image_as_pattern=&#8221;without_pattern&#8221; section_type=&#8221;full-width&#8221;][vc_column width=&#8221;1\/2&#8243;][vc_single_image image=&#8221;7880&#8243; qode_css_animation=&#8221;&#8221; css_animation=&#8221;fadeInLeft&#8221;][\/vc_column][vc_column width=&#8221;1\/2&#8243;][vc_column_text][vc_heading title=&#8221;Dipl. Ant\u00f2nia Badia Gim\u00e9nez&#8221; type=&#8221;h2&#8243; style=&#8221;style1&#8243;][vc_column_text] Nurse Certificate. \u00a0[\/vc_column_text][vc_empty_space][vc_column_text] ACADEMIC INFORMATION &nbsp; Course of pediatric nurse,\u00a01979. Title Technical Assistant Health Hospital Cl\u00ednic of Barcelona 1983. Recognition of the ATS title of&#8230;<!-- AddThis Advanced Settings generic via filter on get_the_excerpt --><!-- AddThis Share Buttons generic via filter on get_the_excerpt --><\/p>\n","protected":false},"author":25,"featured_media":0,"parent":8971,"menu_order":0,"comment_status":"closed","ping_status":"closed","template":"","meta":{"footnotes":""},"class_list":["post-9046","page","type-page","status-publish","hentry"],"yoast_head":"<!-- This site is optimized with the Yoast SEO Premium plugin v26.9 (Yoast SEO v27.2) - https:\/\/yoast.com\/product\/yoast-seo-premium-wordpress\/ -->\n<title>C\u00e0nons Clinics Team - Canons Clinic | Surgery and Aesthetic Medicine in Barcelona, \u200b\u200bGranollers<\/title>\n<meta name=\"robots\" content=\"index, follow, max-snippet:-1, max-image-preview:large, max-video-preview:-1\" \/>\n<link rel=\"canonical\" href=\"https:\/\/www.canons.es\/equipo-canons\/dipl-antonia-badia-gimenez\/\" \/>\n<meta property=\"og:locale\" content=\"en_US\" \/>\n<meta property=\"og:type\" content=\"article\" \/>\n<meta property=\"og:title\" content=\"C\u00e0nons Clinics Team\" \/>\n<meta property=\"og:description\" content=\"[vc_row css_animation=&#8221;&#8221; row_type=&#8221;row&#8221; use_row_as_full_screen_section=&#8221;no&#8221; type=&#8221;full_width&#8221; angled_section=&#8221;no&#8221; text_align=&#8221;left&#8221; background_image_as_pattern=&#8221;without_pattern&#8221; section_type=&#8221;full-width&#8221;][vc_column width=&#8221;1\/2&#8243;][vc_single_image image=&#8221;7880&#8243; qode_css_animation=&#8221;&#8221; css_animation=&#8221;fadeInLeft&#8221;][\/vc_column][vc_column width=&#8221;1\/2&#8243;][vc_column_text][vc_heading title=&#8221;Dipl. Ant\u00f2nia Badia Gim\u00e9nez&#8221; type=&#8221;h2&#8243; style=&#8221;style1&#8243;][vc_column_text] Nurse Certificate. \u00a0[\/vc_column_text][vc_empty_space][vc_column_text] ACADEMIC INFORMATION &nbsp; Course of pediatric nurse,\u00a01979. Title Technical Assistant Health Hospital Cl\u00ednic of Barcelona 1983. Recognition of the ATS title of...\" \/>\n<meta property=\"og:url\" content=\"https:\/\/www.canons.es\/equipo-canons\/dipl-antonia-badia-gimenez\/\" \/>\n<meta property=\"og:site_name\" content=\"Canons Clinic | Surgery and Aesthetic Medicine in Barcelona, \u200b\u200bGranollers\" \/>\n<meta property=\"article:publisher\" content=\"https:\/\/www.facebook.com\/canonsclinics\/\" \/>\n<meta property=\"article:modified_time\" content=\"2019-10-24T14:45:06+00:00\" \/>\n<meta name=\"twitter:card\" content=\"summary_large_image\" \/>\n<meta name=\"twitter:site\" content=\"@canonsclinics\" \/>\n<meta name=\"twitter:label1\" content=\"Est. reading time\" \/>\n\t<meta name=\"twitter:data1\" content=\"2 minutes\" \/>\n<script type=\"application\/ld+json\" class=\"yoast-schema-graph\">{\"@context\":\"https:\/\/schema.org\",\"@graph\":[{\"@type\":\"WebPage\",\"@id\":\"https:\/\/www.canons.es\/equipo-canons\/dipl-antonia-badia-gimenez\/\",\"url\":\"https:\/\/www.canons.es\/equipo-canons\/dipl-antonia-badia-gimenez\/\",\"name\":\"C\u00e0nons Clinics Team - Canons Clinic | Surgery and Aesthetic Medicine in Barcelona, \u200b\u200bGranollers\",\"isPartOf\":{\"@id\":\"https:\/\/www.canons.es\/#website\"},\"datePublished\":\"2015-07-13T10:18:33+00:00\",\"dateModified\":\"2019-10-24T14:45:06+00:00\",\"breadcrumb\":{\"@id\":\"https:\/\/www.canons.es\/equipo-canons\/dipl-antonia-badia-gimenez\/#breadcrumb\"},\"inLanguage\":\"en-US\",\"potentialAction\":[{\"@type\":\"ReadAction\",\"target\":[\"https:\/\/www.canons.es\/equipo-canons\/dipl-antonia-badia-gimenez\/\"]}]},{\"@type\":\"BreadcrumbList\",\"@id\":\"https:\/\/www.canons.es\/equipo-canons\/dipl-antonia-badia-gimenez\/#breadcrumb\",\"itemListElement\":[{\"@type\":\"ListItem\",\"position\":1,\"name\":\"Portada\",\"item\":\"https:\/\/www.canons.es\/en\/\"},{\"@type\":\"ListItem\",\"position\":2,\"name\":\"C\u00e0nons Clinics Team\",\"item\":\"https:\/\/www.canons.es\/equipo-canons\/\"},{\"@type\":\"ListItem\",\"position\":3,\"name\":\"C\u00e0nons Clinics Team\"}]},{\"@type\":\"WebSite\",\"@id\":\"https:\/\/www.canons.es\/#website\",\"url\":\"https:\/\/www.canons.es\/\",\"name\":\"Cirug\u00eda Pl\u00e1stica y Est\u00e9tica Barcelona y Granollers | C\u00e0nons Clinics\",\"description\":\"\",\"publisher\":{\"@id\":\"https:\/\/www.canons.es\/#organization\"},\"potentialAction\":[{\"@type\":\"SearchAction\",\"target\":{\"@type\":\"EntryPoint\",\"urlTemplate\":\"https:\/\/www.canons.es\/?s={search_term_string}\"},\"query-input\":{\"@type\":\"PropertyValueSpecification\",\"valueRequired\":true,\"valueName\":\"search_term_string\"}}],\"inLanguage\":\"en-US\"},{\"@type\":\"Organization\",\"@id\":\"https:\/\/www.canons.es\/#organization\",\"name\":\"Cirug\u00eda Pl\u00e1stica y Est\u00e9tica Barcelona y Granollers | C\u00e0nons Clinics\",\"url\":\"https:\/\/www.canons.es\/\",\"logo\":{\"@type\":\"ImageObject\",\"inLanguage\":\"en-US\",\"@id\":\"https:\/\/www.canons.es\/#\/schema\/logo\/image\/\",\"url\":\"https:\/\/www.canons.es\/wp-content\/uploads\/2025\/04\/logo-canons-clinics.jpg\",\"contentUrl\":\"https:\/\/www.canons.es\/wp-content\/uploads\/2025\/04\/logo-canons-clinics.jpg\",\"width\":600,\"height\":139,\"caption\":\"Cirug\u00eda Pl\u00e1stica y Est\u00e9tica Barcelona y Granollers | C\u00e0nons Clinics\"},\"image\":{\"@id\":\"https:\/\/www.canons.es\/#\/schema\/logo\/image\/\"},\"sameAs\":[\"https:\/\/www.facebook.com\/canonsclinics\/\",\"https:\/\/x.com\/canonsclinics\",\"https:\/\/www.instagram.com\/canonsclinics\/\",\"https:\/\/www.youtube.com\/channel\/UCI1Ia6LjALyo1CuQ0_HwtfQ\",\"https:\/\/www.linkedin.com\/company\/canons-clinics\/\"]}]}<\/script>\n<!-- \/ Yoast SEO Premium plugin. -->","yoast_head_json":{"title":"C\u00e0nons Clinics Team - Canons Clinic | Surgery and Aesthetic Medicine in Barcelona, \u200b\u200bGranollers","robots":{"index":"index","follow":"follow","max-snippet":"max-snippet:-1","max-image-preview":"max-image-preview:large","max-video-preview":"max-video-preview:-1"},"canonical":"https:\/\/www.canons.es\/equipo-canons\/dipl-antonia-badia-gimenez\/","og_locale":"en_US","og_type":"article","og_title":"C\u00e0nons Clinics Team","og_description":"[vc_row css_animation=&#8221;&#8221; row_type=&#8221;row&#8221; use_row_as_full_screen_section=&#8221;no&#8221; type=&#8221;full_width&#8221; angled_section=&#8221;no&#8221; text_align=&#8221;left&#8221; background_image_as_pattern=&#8221;without_pattern&#8221; section_type=&#8221;full-width&#8221;][vc_column width=&#8221;1\/2&#8243;][vc_single_image image=&#8221;7880&#8243; qode_css_animation=&#8221;&#8221; css_animation=&#8221;fadeInLeft&#8221;][\/vc_column][vc_column width=&#8221;1\/2&#8243;][vc_column_text][vc_heading title=&#8221;Dipl. Ant\u00f2nia Badia Gim\u00e9nez&#8221; type=&#8221;h2&#8243; style=&#8221;style1&#8243;][vc_column_text] Nurse Certificate. \u00a0[\/vc_column_text][vc_empty_space][vc_column_text] ACADEMIC INFORMATION &nbsp; Course of pediatric nurse,\u00a01979. Title Technical Assistant Health Hospital Cl\u00ednic of Barcelona 1983. Recognition of the ATS title of...","og_url":"https:\/\/www.canons.es\/equipo-canons\/dipl-antonia-badia-gimenez\/","og_site_name":"Canons Clinic | Surgery and Aesthetic Medicine in Barcelona, \u200b\u200bGranollers","article_publisher":"https:\/\/www.facebook.com\/canonsclinics\/","article_modified_time":"2019-10-24T14:45:06+00:00","twitter_card":"summary_large_image","twitter_site":"@canonsclinics","twitter_misc":{"Est. reading time":"2 minutes"},"schema":{"@context":"https:\/\/schema.org","@graph":[{"@type":"WebPage","@id":"https:\/\/www.canons.es\/equipo-canons\/dipl-antonia-badia-gimenez\/","url":"https:\/\/www.canons.es\/equipo-canons\/dipl-antonia-badia-gimenez\/","name":"C\u00e0nons Clinics Team - Canons Clinic | Surgery and Aesthetic Medicine in Barcelona, \u200b\u200bGranollers","isPartOf":{"@id":"https:\/\/www.canons.es\/#website"},"datePublished":"2015-07-13T10:18:33+00:00","dateModified":"2019-10-24T14:45:06+00:00","breadcrumb":{"@id":"https:\/\/www.canons.es\/equipo-canons\/dipl-antonia-badia-gimenez\/#breadcrumb"},"inLanguage":"en-US","potentialAction":[{"@type":"ReadAction","target":["https:\/\/www.canons.es\/equipo-canons\/dipl-antonia-badia-gimenez\/"]}]},{"@type":"BreadcrumbList","@id":"https:\/\/www.canons.es\/equipo-canons\/dipl-antonia-badia-gimenez\/#breadcrumb","itemListElement":[{"@type":"ListItem","position":1,"name":"Portada","item":"https:\/\/www.canons.es\/en\/"},{"@type":"ListItem","position":2,"name":"C\u00e0nons Clinics Team","item":"https:\/\/www.canons.es\/equipo-canons\/"},{"@type":"ListItem","position":3,"name":"C\u00e0nons Clinics Team"}]},{"@type":"WebSite","@id":"https:\/\/www.canons.es\/#website","url":"https:\/\/www.canons.es\/","name":"Cirug\u00eda Pl\u00e1stica y Est\u00e9tica Barcelona y Granollers | C\u00e0nons Clinics","description":"","publisher":{"@id":"https:\/\/www.canons.es\/#organization"},"potentialAction":[{"@type":"SearchAction","target":{"@type":"EntryPoint","urlTemplate":"https:\/\/www.canons.es\/?s={search_term_string}"},"query-input":{"@type":"PropertyValueSpecification","valueRequired":true,"valueName":"search_term_string"}}],"inLanguage":"en-US"},{"@type":"Organization","@id":"https:\/\/www.canons.es\/#organization","name":"Cirug\u00eda Pl\u00e1stica y Est\u00e9tica Barcelona y Granollers | C\u00e0nons Clinics","url":"https:\/\/www.canons.es\/","logo":{"@type":"ImageObject","inLanguage":"en-US","@id":"https:\/\/www.canons.es\/#\/schema\/logo\/image\/","url":"https:\/\/www.canons.es\/wp-content\/uploads\/2025\/04\/logo-canons-clinics.jpg","contentUrl":"https:\/\/www.canons.es\/wp-content\/uploads\/2025\/04\/logo-canons-clinics.jpg","width":600,"height":139,"caption":"Cirug\u00eda Pl\u00e1stica y Est\u00e9tica Barcelona y Granollers | C\u00e0nons Clinics"},"image":{"@id":"https:\/\/www.canons.es\/#\/schema\/logo\/image\/"},"sameAs":["https:\/\/www.facebook.com\/canonsclinics\/","https:\/\/x.com\/canonsclinics","https:\/\/www.instagram.com\/canonsclinics\/","https:\/\/www.youtube.com\/channel\/UCI1Ia6LjALyo1CuQ0_HwtfQ","https:\/\/www.linkedin.com\/company\/canons-clinics\/"]}]}},"_links":{"self":[{"href":"https:\/\/www.canons.es\/en\/wp-json\/wp\/v2\/pages\/9046","targetHints":{"allow":["GET"]}}],"collection":[{"href":"https:\/\/www.canons.es\/en\/wp-json\/wp\/v2\/pages"}],"about":[{"href":"https:\/\/www.canons.es\/en\/wp-json\/wp\/v2\/types\/page"}],"author":[{"embeddable":true,"href":"https:\/\/www.canons.es\/en\/wp-json\/wp\/v2\/users\/25"}],"replies":[{"embeddable":true,"href":"https:\/\/www.canons.es\/en\/wp-json\/wp\/v2\/comments?post=9046"}],"version-history":[{"count":0,"href":"https:\/\/www.canons.es\/en\/wp-json\/wp\/v2\/pages\/9046\/revisions"}],"up":[{"embeddable":true,"href":"https:\/\/www.canons.es\/en\/wp-json\/wp\/v2\/pages\/8971"}],"wp:attachment":[{"href":"https:\/\/www.canons.es\/en\/wp-json\/wp\/v2\/media?parent=9046"}],"curies":[{"name":"wp","href":"https:\/\/api.w.org\/{rel}","templated":true}]}}