{"id":19865,"date":"2021-11-02T11:44:32","date_gmt":"2021-11-02T11:44:32","guid":{"rendered":"https:\/\/www.canons.es\/cristina-morillas-borrego\/"},"modified":"2021-11-23T08:17:22","modified_gmt":"2021-11-23T08:17:22","slug":"cristina-morillas-borrego","status":"publish","type":"page","link":"https:\/\/www.canons.es\/en\/canons-team\/cristina-morillas-borrego\/","title":{"rendered":"Cristina Morilla Borrego"},"content":{"rendered":"<div class=\"wpb-content-wrapper\"><p>[vc_row css_animation=&#8221;&#8221; row_type=&#8221;row&#8221; use_row_as_full_screen_section=&#8221;no&#8221; type=&#8221;full_width&#8221; angled_section=&#8221;no&#8221; text_align=&#8221;left&#8221; background_image_as_pattern=&#8221;without_pattern&#8221; full_width=&#8221;&#8221; parallax=&#8221;&#8221; parallax_image=&#8221;&#8221; sid=&#8221;&#8221; padding=&#8221;medium&#8221; vpadding=&#8221;medium&#8221; color_scheme=&#8221;&#8221; section_type=&#8221;&#8221; sp_top=&#8221;0&#8243; sp_bottom=&#8221;0&#8243; enable_border=&#8221;&#8221; enable_bottom_border=&#8221;&#8221; bg_type=&#8221;image&#8221; equal_height=&#8221;&#8221; background_style=&#8221;stretch&#8221; fixed_bg=&#8221;no&#8221; enable_parallax=&#8221;no&#8221; height=&#8221;content&#8221; video_ratio=&#8221;&#8221; bg_overlay=&#8221;&#8221; bg_overlay_color=&#8221;&#8221; bg_overlay_opacity=&#8221;0.4&#8243; bg_overlay_dot=&#8221;no&#8221; enable_triangle=&#8221;&#8221; triangle_color=&#8221;&#8221; triangle_location=&#8221;top&#8221;][vc_column width=&#8221;1\/2&#8243; p_top=&#8221;0&#8243; p_bottom=&#8221;0&#8243; p_left=&#8221;0&#8243; p_right=&#8221;0&#8243; color_scheme=&#8221;&#8221; bg_overlay=&#8221;&#8221; bg_overlay_color=&#8221;&#8221; bg_overlay_opacity=&#8221;0.4&#8243;][vc_single_image image=&#8221;19851&#8243; img_size=&#8221;full&#8221; qode_css_animation=&#8221;&#8221; css_animation=&#8221;fadeInLeft&#8221; css_animation_delay=&#8221;100&#8243; img_align=&#8221;none&#8221; target=&#8221;_self&#8221; img_lightbox=&#8221;&#8221;][\/vc_column][vc_column width=&#8221;1\/2&#8243; p_top=&#8221;0&#8243; p_bottom=&#8221;0&#8243; p_left=&#8221;0&#8243; p_right=&#8221;0&#8243; color_scheme=&#8221;&#8221; bg_overlay=&#8221;&#8221; bg_overlay_color=&#8221;&#8221; bg_overlay_opacity=&#8221;0.4&#8243;][vc_column_text]<\/p>\n<h1 style=\"color: #6d98dc;\">Cristina Morilla Borrego<\/h1>\n<p>[\/vc_column_text][vc_empty_space][vc_column_text]<span style=\"color: #6d98dc;\"><strong>Beautician \u2013 Image Consulting<\/strong><\/span>[\/vc_column_text][vc_empty_space][vc_column_text css=&#8221;.vc_custom_1635853803138{margin-bottom: 30px !important;}&#8221;]<\/p>\n<h4><span style=\"color: #6d98dc;\">ACADEMIC INFORMATION<\/span><\/h4>\n<p>&nbsp;<\/p>\n<ul>\n<li>Training cycle of Middle Degree in Aesthetics and Beauty at the Margaret School of Granollers, 2018 \u2013 2020<\/li>\n<li>Telecare Training Course at Merca-rapid de Granollers, 2021<\/li>\n<\/ul>\n<p>[\/vc_column_text][\/vc_column][\/vc_row][vc_row css_animation=&#8221;&#8221; row_type=&#8221;row&#8221; use_row_as_full_screen_section=&#8221;no&#8221; type=&#8221;full_width&#8221; angled_section=&#8221;no&#8221; text_align=&#8221;left&#8221; background_image_as_pattern=&#8221;without_pattern&#8221; full_width=&#8221;&#8221; parallax=&#8221;&#8221; parallax_image=&#8221;&#8221; sid=&#8221;&#8221; padding=&#8221;medium&#8221; vpadding=&#8221;medium&#8221; color_scheme=&#8221;&#8221; section_type=&#8221;&#8221; sp_top=&#8221;0&#8243; sp_bottom=&#8221;0&#8243; enable_border=&#8221;&#8221; enable_bottom_border=&#8221;&#8221; bg_type=&#8221;image&#8221; equal_height=&#8221;&#8221; background_style=&#8221;stretch&#8221; fixed_bg=&#8221;no&#8221; enable_parallax=&#8221;no&#8221; height=&#8221;content&#8221; video_ratio=&#8221;&#8221; bg_overlay=&#8221;&#8221; bg_overlay_color=&#8221;&#8221; bg_overlay_opacity=&#8221;0.4&#8243; bg_overlay_dot=&#8221;no&#8221; enable_triangle=&#8221;&#8221; triangle_color=&#8221;&#8221; triangle_location=&#8221;top&#8221;][vc_column p_top=&#8221;0&#8243; p_bottom=&#8221;0&#8243; p_left=&#8221;0&#8243; p_right=&#8221;0&#8243; color_scheme=&#8221;&#8221; bg_overlay=&#8221;&#8221; bg_overlay_color=&#8221;&#8221; bg_overlay_opacity=&#8221;0.4&#8243;][vc_empty_space][\/vc_column][\/vc_row][vc_row css_animation=&#8221;&#8221; row_type=&#8221;row&#8221; use_row_as_full_screen_section=&#8221;no&#8221; type=&#8221;full_width&#8221; angled_section=&#8221;no&#8221; text_align=&#8221;left&#8221; background_image_as_pattern=&#8221;without_pattern&#8221; padding=&#8221;medium&#8221; vpadding=&#8221;medium&#8221; section_type=&#8221;full-width&#8221; sp_top=&#8221;0&#8243; sp_bottom=&#8221;0&#8243; enable_border=&#8221;&#8221; enable_bottom_border=&#8221;&#8221; bg_type=&#8221;image&#8221; equal_height=&#8221;&#8221; background_style=&#8221;stretch&#8221; fixed_bg=&#8221;no&#8221; enable_parallax=&#8221;no&#8221; height=&#8221;content&#8221; bg_overlay=&#8221;&#8221; bg_overlay_opacity=&#8221;0.4&#8243; bg_overlay_dot=&#8221;no&#8221; enable_triangle=&#8221;&#8221; triangle_location=&#8221;top&#8221;][vc_column p_top=&#8221;0&#8243; p_bottom=&#8221;0&#8243; p_left=&#8221;0&#8243; p_right=&#8221;0&#8243; color_scheme=&#8221;&#8221; bg_overlay=&#8221;&#8221; bg_overlay_color=&#8221;&#8221; bg_overlay_opacity=&#8221;0.4&#8243;][vc_accordion style=&#8221;accordion&#8221; disable_keyboard=&#8221;&#8221;][vc_accordion_tab title=&#8221;PROFESSIONAL EXPERIENCE&#8221;][vc_column_text]<\/p>\n<ul>\n<li>Esthetician and Aesthetic Medicine Assistant at C\u00e0nons Clinics de Granollers (September 2021-Present).<\/li>\n<\/ul>\n<p>[\/vc_column_text][\/vc_accordion_tab][\/vc_accordion][\/vc_column][\/vc_row]<\/p>\n<\/div><!-- AddThis Advanced Settings generic via filter on the_content --><!-- AddThis Share Buttons generic via filter on the_content -->","protected":false},"excerpt":{"rendered":"<p>[vc_row css_animation=&#8221;&#8221; row_type=&#8221;row&#8221; use_row_as_full_screen_section=&#8221;no&#8221; type=&#8221;full_width&#8221; angled_section=&#8221;no&#8221; text_align=&#8221;left&#8221; background_image_as_pattern=&#8221;without_pattern&#8221; full_width=&#8221;&#8221; parallax=&#8221;&#8221; parallax_image=&#8221;&#8221; sid=&#8221;&#8221; padding=&#8221;medium&#8221; vpadding=&#8221;medium&#8221; color_scheme=&#8221;&#8221; section_type=&#8221;&#8221; sp_top=&#8221;0&#8243; sp_bottom=&#8221;0&#8243; enable_border=&#8221;&#8221; enable_bottom_border=&#8221;&#8221; bg_type=&#8221;image&#8221; equal_height=&#8221;&#8221; background_style=&#8221;stretch&#8221; fixed_bg=&#8221;no&#8221; enable_parallax=&#8221;no&#8221; height=&#8221;content&#8221; video_ratio=&#8221;&#8221; bg_overlay=&#8221;&#8221; bg_overlay_color=&#8221;&#8221; bg_overlay_opacity=&#8221;0.4&#8243; bg_overlay_dot=&#8221;no&#8221; enable_triangle=&#8221;&#8221; triangle_color=&#8221;&#8221; triangle_location=&#8221;top&#8221;][vc_column width=&#8221;1\/2&#8243; p_top=&#8221;0&#8243; p_bottom=&#8221;0&#8243; p_left=&#8221;0&#8243; p_right=&#8221;0&#8243; color_scheme=&#8221;&#8221; bg_overlay=&#8221;&#8221; bg_overlay_color=&#8221;&#8221; bg_overlay_opacity=&#8221;0.4&#8243;][vc_single_image image=&#8221;19851&#8243; img_size=&#8221;full&#8221;&#8230;<!-- AddThis Advanced Settings generic via filter on get_the_excerpt --><!-- AddThis Share Buttons generic via filter on get_the_excerpt --><\/p>\n","protected":false},"author":25,"featured_media":0,"parent":8971,"menu_order":0,"comment_status":"closed","ping_status":"closed","template":"","meta":{"footnotes":""},"class_list":["post-19865","page","type-page","status-publish","hentry"],"yoast_head":"<!-- This site is optimized with the Yoast SEO Premium plugin v26.9 (Yoast SEO v27.4) - https:\/\/yoast.com\/product\/yoast-seo-premium-wordpress\/ -->\n<title>Cristina Morilla Borrego - Canons Clinic | Surgery and Aesthetic Medicine in Barcelona, \u200b\u200bGranollers<\/title>\n<meta name=\"robots\" content=\"index, follow, max-snippet:-1, max-image-preview:large, max-video-preview:-1\" \/>\n<link rel=\"canonical\" href=\"https:\/\/www.canons.es\/equipo-canons\/cristina-morillas-borrego\/\" \/>\n<meta property=\"og:locale\" content=\"en_US\" \/>\n<meta property=\"og:type\" content=\"article\" \/>\n<meta property=\"og:title\" content=\"Cristina Morilla Borrego\" \/>\n<meta property=\"og:description\" content=\"[vc_row css_animation=&#8221;&#8221; row_type=&#8221;row&#8221; use_row_as_full_screen_section=&#8221;no&#8221; type=&#8221;full_width&#8221; angled_section=&#8221;no&#8221; text_align=&#8221;left&#8221; background_image_as_pattern=&#8221;without_pattern&#8221; full_width=&#8221;&#8221; parallax=&#8221;&#8221; parallax_image=&#8221;&#8221; sid=&#8221;&#8221; padding=&#8221;medium&#8221; vpadding=&#8221;medium&#8221; color_scheme=&#8221;&#8221; section_type=&#8221;&#8221; sp_top=&#8221;0&#8243; sp_bottom=&#8221;0&#8243; enable_border=&#8221;&#8221; enable_bottom_border=&#8221;&#8221; bg_type=&#8221;image&#8221; equal_height=&#8221;&#8221; background_style=&#8221;stretch&#8221; fixed_bg=&#8221;no&#8221; enable_parallax=&#8221;no&#8221; height=&#8221;content&#8221; video_ratio=&#8221;&#8221; bg_overlay=&#8221;&#8221; bg_overlay_color=&#8221;&#8221; bg_overlay_opacity=&#8221;0.4&#8243; bg_overlay_dot=&#8221;no&#8221; enable_triangle=&#8221;&#8221; triangle_color=&#8221;&#8221; triangle_location=&#8221;top&#8221;][vc_column width=&#8221;1\/2&#8243; p_top=&#8221;0&#8243; p_bottom=&#8221;0&#8243; p_left=&#8221;0&#8243; p_right=&#8221;0&#8243; color_scheme=&#8221;&#8221; bg_overlay=&#8221;&#8221; bg_overlay_color=&#8221;&#8221; bg_overlay_opacity=&#8221;0.4&#8243;][vc_single_image image=&#8221;19851&#8243; img_size=&#8221;full&#8221;...\" \/>\n<meta property=\"og:url\" content=\"https:\/\/www.canons.es\/equipo-canons\/cristina-morillas-borrego\/\" \/>\n<meta property=\"og:site_name\" content=\"Canons Clinic | Surgery and Aesthetic Medicine in Barcelona, \u200b\u200bGranollers\" \/>\n<meta property=\"article:publisher\" content=\"https:\/\/www.facebook.com\/canonsclinics\/\" \/>\n<meta property=\"article:modified_time\" content=\"2021-11-23T08:17:22+00:00\" \/>\n<meta name=\"twitter:card\" content=\"summary_large_image\" \/>\n<meta name=\"twitter:site\" content=\"@canonsclinics\" \/>\n<meta name=\"twitter:label1\" content=\"Est. reading time\" \/>\n\t<meta name=\"twitter:data1\" content=\"2 minutes\" \/>\n<script type=\"application\/ld+json\" class=\"yoast-schema-graph\">{\"@context\":\"https:\\\/\\\/schema.org\",\"@graph\":[{\"@type\":\"WebPage\",\"@id\":\"https:\\\/\\\/www.canons.es\\\/equipo-canons\\\/cristina-morillas-borrego\\\/\",\"url\":\"https:\\\/\\\/www.canons.es\\\/equipo-canons\\\/cristina-morillas-borrego\\\/\",\"name\":\"Cristina Morilla Borrego - Canons Clinic | Surgery and Aesthetic Medicine in Barcelona, \u200b\u200bGranollers\",\"isPartOf\":{\"@id\":\"https:\\\/\\\/www.canons.es\\\/#website\"},\"datePublished\":\"2021-11-02T11:44:32+00:00\",\"dateModified\":\"2021-11-23T08:17:22+00:00\",\"breadcrumb\":{\"@id\":\"https:\\\/\\\/www.canons.es\\\/equipo-canons\\\/cristina-morillas-borrego\\\/#breadcrumb\"},\"inLanguage\":\"en-US\",\"potentialAction\":[{\"@type\":\"ReadAction\",\"target\":[\"https:\\\/\\\/www.canons.es\\\/equipo-canons\\\/cristina-morillas-borrego\\\/\"]}]},{\"@type\":\"BreadcrumbList\",\"@id\":\"https:\\\/\\\/www.canons.es\\\/equipo-canons\\\/cristina-morillas-borrego\\\/#breadcrumb\",\"itemListElement\":[{\"@type\":\"ListItem\",\"position\":1,\"name\":\"Portada\",\"item\":\"https:\\\/\\\/www.canons.es\\\/en\\\/\"},{\"@type\":\"ListItem\",\"position\":2,\"name\":\"C\u00e0nons Clinics Team\",\"item\":\"https:\\\/\\\/www.canons.es\\\/equipo-canons\\\/\"},{\"@type\":\"ListItem\",\"position\":3,\"name\":\"Cristina Morilla Borrego\"}]},{\"@type\":\"WebSite\",\"@id\":\"https:\\\/\\\/www.canons.es\\\/#website\",\"url\":\"https:\\\/\\\/www.canons.es\\\/\",\"name\":\"Cirug\u00eda Pl\u00e1stica y Est\u00e9tica Barcelona y Granollers | C\u00e0nons Clinics\",\"description\":\"\",\"publisher\":{\"@id\":\"https:\\\/\\\/www.canons.es\\\/#organization\"},\"potentialAction\":[{\"@type\":\"SearchAction\",\"target\":{\"@type\":\"EntryPoint\",\"urlTemplate\":\"https:\\\/\\\/www.canons.es\\\/?s={search_term_string}\"},\"query-input\":{\"@type\":\"PropertyValueSpecification\",\"valueRequired\":true,\"valueName\":\"search_term_string\"}}],\"inLanguage\":\"en-US\"},{\"@type\":\"Organization\",\"@id\":\"https:\\\/\\\/www.canons.es\\\/#organization\",\"name\":\"Cirug\u00eda Pl\u00e1stica y Est\u00e9tica Barcelona y Granollers | C\u00e0nons Clinics\",\"url\":\"https:\\\/\\\/www.canons.es\\\/\",\"logo\":{\"@type\":\"ImageObject\",\"inLanguage\":\"en-US\",\"@id\":\"https:\\\/\\\/www.canons.es\\\/#\\\/schema\\\/logo\\\/image\\\/\",\"url\":\"https:\\\/\\\/www.canons.es\\\/wp-content\\\/uploads\\\/2025\\\/04\\\/logo-canons-clinics.jpg\",\"contentUrl\":\"https:\\\/\\\/www.canons.es\\\/wp-content\\\/uploads\\\/2025\\\/04\\\/logo-canons-clinics.jpg\",\"width\":600,\"height\":139,\"caption\":\"Cirug\u00eda Pl\u00e1stica y Est\u00e9tica Barcelona y Granollers | C\u00e0nons Clinics\"},\"image\":{\"@id\":\"https:\\\/\\\/www.canons.es\\\/#\\\/schema\\\/logo\\\/image\\\/\"},\"sameAs\":[\"https:\\\/\\\/www.facebook.com\\\/canonsclinics\\\/\",\"https:\\\/\\\/x.com\\\/canonsclinics\",\"https:\\\/\\\/www.instagram.com\\\/canonsclinics\\\/\",\"https:\\\/\\\/www.youtube.com\\\/channel\\\/UCI1Ia6LjALyo1CuQ0_HwtfQ\",\"https:\\\/\\\/www.linkedin.com\\\/company\\\/canons-clinics\\\/\"]}]}<\/script>\n<!-- \/ Yoast SEO Premium plugin. -->","yoast_head_json":{"title":"Cristina Morilla Borrego - Canons Clinic | Surgery and Aesthetic Medicine in Barcelona, \u200b\u200bGranollers","robots":{"index":"index","follow":"follow","max-snippet":"max-snippet:-1","max-image-preview":"max-image-preview:large","max-video-preview":"max-video-preview:-1"},"canonical":"https:\/\/www.canons.es\/equipo-canons\/cristina-morillas-borrego\/","og_locale":"en_US","og_type":"article","og_title":"Cristina Morilla Borrego","og_description":"[vc_row css_animation=&#8221;&#8221; row_type=&#8221;row&#8221; use_row_as_full_screen_section=&#8221;no&#8221; type=&#8221;full_width&#8221; angled_section=&#8221;no&#8221; text_align=&#8221;left&#8221; background_image_as_pattern=&#8221;without_pattern&#8221; full_width=&#8221;&#8221; parallax=&#8221;&#8221; parallax_image=&#8221;&#8221; sid=&#8221;&#8221; padding=&#8221;medium&#8221; vpadding=&#8221;medium&#8221; color_scheme=&#8221;&#8221; section_type=&#8221;&#8221; sp_top=&#8221;0&#8243; sp_bottom=&#8221;0&#8243; enable_border=&#8221;&#8221; enable_bottom_border=&#8221;&#8221; bg_type=&#8221;image&#8221; equal_height=&#8221;&#8221; background_style=&#8221;stretch&#8221; fixed_bg=&#8221;no&#8221; enable_parallax=&#8221;no&#8221; height=&#8221;content&#8221; video_ratio=&#8221;&#8221; bg_overlay=&#8221;&#8221; bg_overlay_color=&#8221;&#8221; bg_overlay_opacity=&#8221;0.4&#8243; bg_overlay_dot=&#8221;no&#8221; enable_triangle=&#8221;&#8221; triangle_color=&#8221;&#8221; triangle_location=&#8221;top&#8221;][vc_column width=&#8221;1\/2&#8243; p_top=&#8221;0&#8243; p_bottom=&#8221;0&#8243; p_left=&#8221;0&#8243; p_right=&#8221;0&#8243; color_scheme=&#8221;&#8221; bg_overlay=&#8221;&#8221; bg_overlay_color=&#8221;&#8221; bg_overlay_opacity=&#8221;0.4&#8243;][vc_single_image image=&#8221;19851&#8243; img_size=&#8221;full&#8221;...","og_url":"https:\/\/www.canons.es\/equipo-canons\/cristina-morillas-borrego\/","og_site_name":"Canons Clinic | Surgery and Aesthetic Medicine in Barcelona, \u200b\u200bGranollers","article_publisher":"https:\/\/www.facebook.com\/canonsclinics\/","article_modified_time":"2021-11-23T08:17:22+00:00","twitter_card":"summary_large_image","twitter_site":"@canonsclinics","twitter_misc":{"Est. reading time":"2 minutes"},"schema":{"@context":"https:\/\/schema.org","@graph":[{"@type":"WebPage","@id":"https:\/\/www.canons.es\/equipo-canons\/cristina-morillas-borrego\/","url":"https:\/\/www.canons.es\/equipo-canons\/cristina-morillas-borrego\/","name":"Cristina Morilla Borrego - Canons Clinic | Surgery and Aesthetic Medicine in Barcelona, \u200b\u200bGranollers","isPartOf":{"@id":"https:\/\/www.canons.es\/#website"},"datePublished":"2021-11-02T11:44:32+00:00","dateModified":"2021-11-23T08:17:22+00:00","breadcrumb":{"@id":"https:\/\/www.canons.es\/equipo-canons\/cristina-morillas-borrego\/#breadcrumb"},"inLanguage":"en-US","potentialAction":[{"@type":"ReadAction","target":["https:\/\/www.canons.es\/equipo-canons\/cristina-morillas-borrego\/"]}]},{"@type":"BreadcrumbList","@id":"https:\/\/www.canons.es\/equipo-canons\/cristina-morillas-borrego\/#breadcrumb","itemListElement":[{"@type":"ListItem","position":1,"name":"Portada","item":"https:\/\/www.canons.es\/en\/"},{"@type":"ListItem","position":2,"name":"C\u00e0nons Clinics Team","item":"https:\/\/www.canons.es\/equipo-canons\/"},{"@type":"ListItem","position":3,"name":"Cristina Morilla Borrego"}]},{"@type":"WebSite","@id":"https:\/\/www.canons.es\/#website","url":"https:\/\/www.canons.es\/","name":"Cirug\u00eda Pl\u00e1stica y Est\u00e9tica Barcelona y Granollers | C\u00e0nons Clinics","description":"","publisher":{"@id":"https:\/\/www.canons.es\/#organization"},"potentialAction":[{"@type":"SearchAction","target":{"@type":"EntryPoint","urlTemplate":"https:\/\/www.canons.es\/?s={search_term_string}"},"query-input":{"@type":"PropertyValueSpecification","valueRequired":true,"valueName":"search_term_string"}}],"inLanguage":"en-US"},{"@type":"Organization","@id":"https:\/\/www.canons.es\/#organization","name":"Cirug\u00eda Pl\u00e1stica y Est\u00e9tica Barcelona y Granollers | C\u00e0nons Clinics","url":"https:\/\/www.canons.es\/","logo":{"@type":"ImageObject","inLanguage":"en-US","@id":"https:\/\/www.canons.es\/#\/schema\/logo\/image\/","url":"https:\/\/www.canons.es\/wp-content\/uploads\/2025\/04\/logo-canons-clinics.jpg","contentUrl":"https:\/\/www.canons.es\/wp-content\/uploads\/2025\/04\/logo-canons-clinics.jpg","width":600,"height":139,"caption":"Cirug\u00eda Pl\u00e1stica y Est\u00e9tica Barcelona y Granollers | C\u00e0nons Clinics"},"image":{"@id":"https:\/\/www.canons.es\/#\/schema\/logo\/image\/"},"sameAs":["https:\/\/www.facebook.com\/canonsclinics\/","https:\/\/x.com\/canonsclinics","https:\/\/www.instagram.com\/canonsclinics\/","https:\/\/www.youtube.com\/channel\/UCI1Ia6LjALyo1CuQ0_HwtfQ","https:\/\/www.linkedin.com\/company\/canons-clinics\/"]}]}},"_links":{"self":[{"href":"https:\/\/www.canons.es\/en\/wp-json\/wp\/v2\/pages\/19865","targetHints":{"allow":["GET"]}}],"collection":[{"href":"https:\/\/www.canons.es\/en\/wp-json\/wp\/v2\/pages"}],"about":[{"href":"https:\/\/www.canons.es\/en\/wp-json\/wp\/v2\/types\/page"}],"author":[{"embeddable":true,"href":"https:\/\/www.canons.es\/en\/wp-json\/wp\/v2\/users\/25"}],"replies":[{"embeddable":true,"href":"https:\/\/www.canons.es\/en\/wp-json\/wp\/v2\/comments?post=19865"}],"version-history":[{"count":0,"href":"https:\/\/www.canons.es\/en\/wp-json\/wp\/v2\/pages\/19865\/revisions"}],"up":[{"embeddable":true,"href":"https:\/\/www.canons.es\/en\/wp-json\/wp\/v2\/pages\/8971"}],"wp:attachment":[{"href":"https:\/\/www.canons.es\/en\/wp-json\/wp\/v2\/media?parent=19865"}],"curies":[{"name":"wp","href":"https:\/\/api.w.org\/{rel}","templated":true}]}}