{"id":18261,"date":"2020-09-22T07:39:11","date_gmt":"2020-09-22T07:39:11","guid":{"rendered":"https:\/\/www.canons.es\/remodelacion-muscular-con-trusculpt-flex\/"},"modified":"2020-09-23T14:57:00","modified_gmt":"2020-09-23T14:57:00","slug":"muscle-remodeling-with-trusculpt-flex","status":"publish","type":"page","link":"https:\/\/www.canons.es\/en\/body-aesthetic-medicine\/muscle-remodeling-with-trusculpt-flex\/","title":{"rendered":"Muscle Remodeling With Trusculpt Flex"},"content":{"rendered":"<div class=\"wpb-content-wrapper\"><p>[vc_row css_animation=&#8221;&#8221; row_type=&#8221;row&#8221; use_row_as_full_screen_section=&#8221;no&#8221; type=&#8221;full_width&#8221; angled_section=&#8221;no&#8221; text_align=&#8221;left&#8221; background_image_as_pattern=&#8221;without_pattern&#8221; background_color=&#8221;#ffffff&#8221; section_type=&#8221;full-width&#8221; z_index=&#8221;&#8221;][vc_column]<div class=\"custom_font_holder\" style=\"font-family: Raleway; font-size: 35px; line-height: 26px; font-style: normal; font-weight: 300; color: #1e70b3; text-decoration: none; text-align: left;\">MUSCLE REMODELING WITH TRUSCULPT\u00ae FLEX<\/div>[vc_empty_space][vc_single_image image=&#8221;18233&#8243; img_size=&#8221;full&#8221; alignment=&#8221;center&#8221; qode_css_animation=&#8221;&#8221;][vc_empty_space][vc_column_text]Are you looking for an extra solution to strengthen, firm and tone your body? TruSculpt\u00aeFlex is the revolutionary new way to sculpt your body, regardless of physical condition or shape, with a personalized muscle stimulation treatment, available in various areas of the body. Remarkable results in 45 minutes.<br \/>\n[\/vc_column_text][vc_empty_space][\/vc_column][\/vc_row][vc_row css_animation=&#8221;&#8221; row_type=&#8221;row&#8221; use_row_as_full_screen_section=&#8221;no&#8221; type=&#8221;full_width&#8221; angled_section=&#8221;no&#8221; text_align=&#8221;left&#8221; background_image_as_pattern=&#8221;without_pattern&#8221;][vc_column width=&#8221;1\/2&#8243;][vc_video link=&#8221;https:\/\/www.youtube.com\/watch?v=Bxvmm9zNa2g&#8221;][vc_empty_space][\/vc_column][vc_column width=&#8221;1\/2&#8243;][vc_empty_space height=&#8221;70px&#8221;][vc_column_text]<\/p>\n<h2 style=\"text-align: left;\">What is Trusculpt\u00ae Flex?<\/h2>\n<p>[\/vc_column_text][vc_empty_space height=&#8221;15px&#8221;][vc_column_text]<\/p>\n<p style=\"text-align: left;\">The TruSculpt<sup>\u00ae<\/sup>Flex is a muscle reshaping device that offers personalized treatments based on the patient&#8217;s physical shape, figure and goals. The platform features <strong>multidirectional stimulation<\/strong> (MDS), which provides a unique method of muscle electrostimulation to act on specific muscle groups with three treatment modes. It is an exclusive technology from <strong>Cutera<\/strong>.<\/p>\n<p>[\/vc_column_text][vc_empty_space][\/vc_column][\/vc_row][vc_row css_animation=&#8221;&#8221; row_type=&#8221;row&#8221; use_row_as_full_screen_section=&#8221;no&#8221; type=&#8221;full_width&#8221; angled_section=&#8221;no&#8221; text_align=&#8221;left&#8221; background_image_as_pattern=&#8221;without_pattern&#8221;][vc_column][vc_accordion style=&#8221;toggle&#8221;][vc_accordion_tab title=&#8221;HOW DOES TRUSCULPT\u00aeFLEX WORK?&#8221;][vc_column_text]The three modes of treatment, selected according to each patient, simulate the intensity of different abdominal and squat exercises:<\/p>\n<p>&nbsp;<\/p>\n<p><strong>Mode 1 (Preparation). <\/strong>Rotating motion to warm up, stretch muscles, and slowly develop tolerance to muscle contractions.<\/p>\n<p>&nbsp;<\/p>\n<p><strong>Mode 2 (Toning). <\/strong>Contract your muscles and hold them to the point of exhaustion. Then relax them to increase strength and improve endurance.<\/p>\n<p>&nbsp;<\/p>\n<p><strong>Mode 3 (Sculpt). <\/strong>Fast, deep and sequential contractions of the muscles to build muscle mass and increase metabolic rate.[\/vc_column_text][vc_empty_space][\/vc_accordion_tab][vc_accordion_tab title=&#8221;WHAT AREAS WILL I BE ABLE TO TREAT WITH TRUSCULPT\u00aeFLEX?&#8221;][vc_column_text]<\/p>\n<ul>\n<li>Abs<\/li>\n<li>Buttocks<\/li>\n<li>Thighs<\/li>\n<li>Arms<\/li>\n<\/ul>\n<p>[\/vc_column_text][vc_empty_space][\/vc_accordion_tab][vc_accordion_tab title=&#8221;WHAT RESULTS WILL I GET?&#8221;][vc_column_text]Results are visible after a 45 minutes\u2019 session. But the most remarkable results can be achieved with four sessions. Also, maximum results are generally visible 8-12 weeks after the last session.[\/vc_column_text][vc_empty_space][vc_video link=&#8221;https:\/\/www.youtube.com\/watch?v=Ai01MxywrZ4&#8243;][vc_empty_space][\/vc_accordion_tab][vc_accordion_tab title=&#8221;ARE THE RESULTS PERMANENT?&#8221;][vc_column_text]The results are more or less permanent depending on the muscle training of each of the patients. The more training, the less need for maintenance sessions. But, as a general rule, and to even improve the result obtained, 3-4 sessions a year could be recommended, depending on each patient.<strong> It is a fully customizable treatment.<\/strong>[\/vc_column_text][vc_empty_space][\/vc_accordion_tab][vc_accordion_tab title=&#8221;WHAT ARE THE ADVANTAGES OF THE TREATMENT?&#8221;][vc_column_text]<\/p>\n<ul>\n<li><strong>Fast:<\/strong> sup to eight areas can be treated in each 45-minute session.<\/li>\n<li><strong>Safe:<\/strong> exclusive TruControl\u00ae technology provides safe and consistent results through targeted and personalized energy delivery for each patient.<\/li>\n<li><strong>Effective:<\/strong> there are three treatment modes available to customize the results for each patient based on their goals.<\/li>\n<li><strong>Muscle Gain:<\/strong> clinical studies have shown an average 30% increase in muscle mass.<\/li>\n<li><strong>Versatile:<\/strong> best of all, the treatment is customizable for different fitness levels, body shapes, and patient goals.<\/li>\n<\/ul>\n<p>[\/vc_column_text][vc_empty_space][\/vc_accordion_tab][vc_accordion_tab title=&#8221;WHAT WILL I NOTICE IN THE SESSION?&#8221;][vc_column_text]When treatment begins, patients feel a sensation of mild contraction. As the intensity increases slowly, the muscle contraction intensifies. The results are uniform and consistent.[\/vc_column_text][vc_empty_space][\/vc_accordion_tab][vc_accordion_tab title=&#8221;HOW LONG DOES A SESSION LAST?&#8221;][vc_column_text]Each session lasts 45 minutes.[\/vc_column_text][vc_empty_space][\/vc_accordion_tab][vc_accordion_tab title=&#8221;HOW WILL THE RETURN TO NORMALITY BE?&#8221;][vc_column_text]It is a non-invasive treatment and does not require recovery time. Patients can immediately return to their normal activities.<\/p>\n<p>&nbsp;<\/p>\n<p>After the procedure, patients may notice tingling in the treated areas for a few hours, or mild pain or muscle tenderness for 24 to 72 hours.[\/vc_column_text][vc_empty_space][\/vc_accordion_tab][vc_accordion_tab title=&#8221;HOW IS THE TREATMENT PLANNED?&#8221;][vc_column_text]A global body evaluation is carried out and the areas that can be treated depending on each patient, making recommendations to help obtain the desired appearance. The consultation may include measuring body, weight, girth, and muscle mass. The specialist can also take pictures to help the patient compare the before and after.<\/p>\n<p>&nbsp;<\/p>\n<p>We always propose a specific dietary and nutritional support.[\/vc_column_text][vc_empty_space][\/vc_accordion_tab][vc_accordion_tab title=&#8221;WHAT PRECAUTIONS SHOULD I TAKE?&#8221;][vc_column_text]<\/p>\n<ul>\n<li>Make sure you are well hydrated before the treatment.<\/li>\n<li>Remove jewellery, including body piercings, near the area to be treated.<\/li>\n<li>Clean the area, removing all makeup or lotions.<\/li>\n<li>Shave the treatment area as needed.<\/li>\n<\/ul>\n<p>[\/vc_column_text][vc_empty_space][\/vc_accordion_tab][vc_accordion_tab title=&#8221;IN WHAT CASES IS TRUSCULPT\u00aeFLEX CONTRAINDICATED?&#8221;][vc_column_text]<\/p>\n<ul>\n<li>Pregnancy<\/li>\n<li>Pacemakers, defibrillators, or other implanted metallic or electronic devices<\/li>\n<li>Epilepsy<\/li>\n<li>Cancer lesions<\/li>\n<li>Acute trauma or fracture<\/li>\n<li>Recent surgical procedures<\/li>\n<li>Abdominal or inguinal hernia<\/li>\n<li>Critical ischemia of lower limbs<\/li>\n<li>Blood flow deficiencies \/ venous thrombosis<\/li>\n<\/ul>\n<p>[\/vc_column_text][vc_empty_space][\/vc_accordion_tab][\/vc_accordion][vc_empty_space][vc_row_inner row_type=&#8221;row&#8221; type=&#8221;full_width&#8221; text_align=&#8221;left&#8221; css_animation=&#8221;&#8221;][vc_column_inner width=&#8221;1\/4&#8243;][\/vc_column_inner][vc_column_inner width=&#8221;1\/2&#8243;]<div id=\"twenty20-1\" class=\"twenty20\" style=\"width: 100% !important; clear: both;\"><div class=\"twentytwenty-container twenty20-1 \"><img decoding=\"async\" src=\"https:\/\/www.canons.es\/wp-content\/uploads\/2020\/09\/foto-1.jpg\" alt=\"Before image\" \/><img decoding=\"async\" src=\"https:\/\/www.canons.es\/wp-content\/uploads\/2020\/09\/foto-2.jpg\" alt=\"After image\" \/><\/div><\/div>[\/vc_column_inner][vc_column_inner width=&#8221;1\/4&#8243;][\/vc_column_inner][\/vc_row_inner][vc_empty_space height=&#8221;100px&#8221;][\/vc_column][\/vc_row]<\/p>\n<\/div><!-- AddThis Advanced Settings generic via filter on the_content --><!-- AddThis Share Buttons generic via filter on the_content -->","protected":false},"excerpt":{"rendered":"<p>[vc_row css_animation=&#8221;&#8221; row_type=&#8221;row&#8221; use_row_as_full_screen_section=&#8221;no&#8221; type=&#8221;full_width&#8221; angled_section=&#8221;no&#8221; text_align=&#8221;left&#8221; background_image_as_pattern=&#8221;without_pattern&#8221; background_color=&#8221;#ffffff&#8221; section_type=&#8221;full-width&#8221; z_index=&#8221;&#8221;][vc_column][vc_empty_space][vc_single_image image=&#8221;18233&#8243; img_size=&#8221;full&#8221; alignment=&#8221;center&#8221; qode_css_animation=&#8221;&#8221;][vc_empty_space][vc_column_text]Are you looking for an extra solution to strengthen, firm and tone your body? TruSculpt\u00aeFlex is the revolutionary new way to sculpt your body, regardless of physical condition or shape, with&#8230;<!-- AddThis Advanced Settings generic via filter on get_the_excerpt --><!-- AddThis Share Buttons generic via filter on get_the_excerpt --><\/p>\n","protected":false},"author":25,"featured_media":0,"parent":9588,"menu_order":0,"comment_status":"closed","ping_status":"closed","template":"","meta":{"footnotes":""},"class_list":["post-18261","page","type-page","status-publish","hentry"],"yoast_head":"<!-- This site is optimized with the Yoast SEO Premium plugin v26.9 (Yoast SEO v27.2) - https:\/\/yoast.com\/product\/yoast-seo-premium-wordpress\/ -->\n<title>Muscle Remodeling With Trusculpt Flex - Canons Clinic | Surgery and Aesthetic Medicine in Barcelona, \u200b\u200bGranollers<\/title>\n<meta name=\"robots\" content=\"index, follow, max-snippet:-1, max-image-preview:large, max-video-preview:-1\" \/>\n<link rel=\"canonical\" href=\"https:\/\/www.canons.es\/medicina-estetica-corporal-2\/remodelacion-muscular-con-trusculpt-flex\/\" \/>\n<meta property=\"og:locale\" content=\"en_US\" \/>\n<meta property=\"og:type\" content=\"article\" \/>\n<meta property=\"og:title\" content=\"Muscle Remodeling With Trusculpt Flex\" \/>\n<meta property=\"og:description\" content=\"[vc_row css_animation=&#8221;&#8221; row_type=&#8221;row&#8221; use_row_as_full_screen_section=&#8221;no&#8221; type=&#8221;full_width&#8221; angled_section=&#8221;no&#8221; text_align=&#8221;left&#8221; background_image_as_pattern=&#8221;without_pattern&#8221; background_color=&#8221;#ffffff&#8221; section_type=&#8221;full-width&#8221; z_index=&#8221;&#8221;][vc_column][vc_empty_space][vc_single_image image=&#8221;18233&#8243; img_size=&#8221;full&#8221; alignment=&#8221;center&#8221; qode_css_animation=&#8221;&#8221;][vc_empty_space][vc_column_text]Are you looking for an extra solution to strengthen, firm and tone your body? TruSculpt\u00aeFlex is the revolutionary new way to sculpt your body, regardless of physical condition or shape, with...\" \/>\n<meta property=\"og:url\" content=\"https:\/\/www.canons.es\/medicina-estetica-corporal-2\/remodelacion-muscular-con-trusculpt-flex\/\" \/>\n<meta property=\"og:site_name\" content=\"Canons Clinic | Surgery and Aesthetic Medicine in Barcelona, \u200b\u200bGranollers\" \/>\n<meta property=\"article:publisher\" content=\"https:\/\/www.facebook.com\/canonsclinics\/\" \/>\n<meta property=\"article:modified_time\" content=\"2020-09-23T14:57:00+00:00\" \/>\n<meta name=\"twitter:card\" content=\"summary_large_image\" \/>\n<meta name=\"twitter:site\" content=\"@canonsclinics\" \/>\n<meta name=\"twitter:label1\" content=\"Est. reading time\" \/>\n\t<meta name=\"twitter:data1\" content=\"5 minutes\" \/>\n<script type=\"application\/ld+json\" class=\"yoast-schema-graph\">{\"@context\":\"https:\/\/schema.org\",\"@graph\":[{\"@type\":\"WebPage\",\"@id\":\"https:\/\/www.canons.es\/medicina-estetica-corporal-2\/remodelacion-muscular-con-trusculpt-flex\/\",\"url\":\"https:\/\/www.canons.es\/medicina-estetica-corporal-2\/remodelacion-muscular-con-trusculpt-flex\/\",\"name\":\"Muscle Remodeling With Trusculpt Flex - Canons Clinic | Surgery and Aesthetic Medicine in Barcelona, \u200b\u200bGranollers\",\"isPartOf\":{\"@id\":\"https:\/\/www.canons.es\/#website\"},\"datePublished\":\"2020-09-22T07:39:11+00:00\",\"dateModified\":\"2020-09-23T14:57:00+00:00\",\"breadcrumb\":{\"@id\":\"https:\/\/www.canons.es\/medicina-estetica-corporal-2\/remodelacion-muscular-con-trusculpt-flex\/#breadcrumb\"},\"inLanguage\":\"en-US\",\"potentialAction\":[{\"@type\":\"ReadAction\",\"target\":[\"https:\/\/www.canons.es\/medicina-estetica-corporal-2\/remodelacion-muscular-con-trusculpt-flex\/\"]}]},{\"@type\":\"BreadcrumbList\",\"@id\":\"https:\/\/www.canons.es\/medicina-estetica-corporal-2\/remodelacion-muscular-con-trusculpt-flex\/#breadcrumb\",\"itemListElement\":[{\"@type\":\"ListItem\",\"position\":1,\"name\":\"Portada\",\"item\":\"https:\/\/www.canons.es\/en\/\"},{\"@type\":\"ListItem\",\"position\":2,\"name\":\"BODY AESTHETIC MEDICINE\",\"item\":\"https:\/\/www.canons.es\/en\/body-aesthetic-medicine\/\"},{\"@type\":\"ListItem\",\"position\":3,\"name\":\"Muscle Remodeling With Trusculpt Flex\"}]},{\"@type\":\"WebSite\",\"@id\":\"https:\/\/www.canons.es\/#website\",\"url\":\"https:\/\/www.canons.es\/\",\"name\":\"Cirug\u00eda Pl\u00e1stica y Est\u00e9tica Barcelona y Granollers | C\u00e0nons Clinics\",\"description\":\"\",\"publisher\":{\"@id\":\"https:\/\/www.canons.es\/#organization\"},\"potentialAction\":[{\"@type\":\"SearchAction\",\"target\":{\"@type\":\"EntryPoint\",\"urlTemplate\":\"https:\/\/www.canons.es\/?s={search_term_string}\"},\"query-input\":{\"@type\":\"PropertyValueSpecification\",\"valueRequired\":true,\"valueName\":\"search_term_string\"}}],\"inLanguage\":\"en-US\"},{\"@type\":\"Organization\",\"@id\":\"https:\/\/www.canons.es\/#organization\",\"name\":\"Cirug\u00eda Pl\u00e1stica y Est\u00e9tica Barcelona y Granollers | C\u00e0nons Clinics\",\"url\":\"https:\/\/www.canons.es\/\",\"logo\":{\"@type\":\"ImageObject\",\"inLanguage\":\"en-US\",\"@id\":\"https:\/\/www.canons.es\/#\/schema\/logo\/image\/\",\"url\":\"https:\/\/www.canons.es\/wp-content\/uploads\/2025\/04\/logo-canons-clinics.jpg\",\"contentUrl\":\"https:\/\/www.canons.es\/wp-content\/uploads\/2025\/04\/logo-canons-clinics.jpg\",\"width\":600,\"height\":139,\"caption\":\"Cirug\u00eda Pl\u00e1stica y Est\u00e9tica Barcelona y Granollers | C\u00e0nons Clinics\"},\"image\":{\"@id\":\"https:\/\/www.canons.es\/#\/schema\/logo\/image\/\"},\"sameAs\":[\"https:\/\/www.facebook.com\/canonsclinics\/\",\"https:\/\/x.com\/canonsclinics\",\"https:\/\/www.instagram.com\/canonsclinics\/\",\"https:\/\/www.youtube.com\/channel\/UCI1Ia6LjALyo1CuQ0_HwtfQ\",\"https:\/\/www.linkedin.com\/company\/canons-clinics\/\"]}]}<\/script>\n<!-- \/ Yoast SEO Premium plugin. -->","yoast_head_json":{"title":"Muscle Remodeling With Trusculpt Flex - Canons Clinic | Surgery and Aesthetic Medicine in Barcelona, \u200b\u200bGranollers","robots":{"index":"index","follow":"follow","max-snippet":"max-snippet:-1","max-image-preview":"max-image-preview:large","max-video-preview":"max-video-preview:-1"},"canonical":"https:\/\/www.canons.es\/medicina-estetica-corporal-2\/remodelacion-muscular-con-trusculpt-flex\/","og_locale":"en_US","og_type":"article","og_title":"Muscle Remodeling With Trusculpt Flex","og_description":"[vc_row css_animation=&#8221;&#8221; row_type=&#8221;row&#8221; use_row_as_full_screen_section=&#8221;no&#8221; type=&#8221;full_width&#8221; angled_section=&#8221;no&#8221; text_align=&#8221;left&#8221; background_image_as_pattern=&#8221;without_pattern&#8221; background_color=&#8221;#ffffff&#8221; section_type=&#8221;full-width&#8221; z_index=&#8221;&#8221;][vc_column][vc_empty_space][vc_single_image image=&#8221;18233&#8243; img_size=&#8221;full&#8221; alignment=&#8221;center&#8221; qode_css_animation=&#8221;&#8221;][vc_empty_space][vc_column_text]Are you looking for an extra solution to strengthen, firm and tone your body? TruSculpt\u00aeFlex is the revolutionary new way to sculpt your body, regardless of physical condition or shape, with...","og_url":"https:\/\/www.canons.es\/medicina-estetica-corporal-2\/remodelacion-muscular-con-trusculpt-flex\/","og_site_name":"Canons Clinic | Surgery and Aesthetic Medicine in Barcelona, \u200b\u200bGranollers","article_publisher":"https:\/\/www.facebook.com\/canonsclinics\/","article_modified_time":"2020-09-23T14:57:00+00:00","twitter_card":"summary_large_image","twitter_site":"@canonsclinics","twitter_misc":{"Est. reading time":"5 minutes"},"schema":{"@context":"https:\/\/schema.org","@graph":[{"@type":"WebPage","@id":"https:\/\/www.canons.es\/medicina-estetica-corporal-2\/remodelacion-muscular-con-trusculpt-flex\/","url":"https:\/\/www.canons.es\/medicina-estetica-corporal-2\/remodelacion-muscular-con-trusculpt-flex\/","name":"Muscle Remodeling With Trusculpt Flex - Canons Clinic | Surgery and Aesthetic Medicine in Barcelona, \u200b\u200bGranollers","isPartOf":{"@id":"https:\/\/www.canons.es\/#website"},"datePublished":"2020-09-22T07:39:11+00:00","dateModified":"2020-09-23T14:57:00+00:00","breadcrumb":{"@id":"https:\/\/www.canons.es\/medicina-estetica-corporal-2\/remodelacion-muscular-con-trusculpt-flex\/#breadcrumb"},"inLanguage":"en-US","potentialAction":[{"@type":"ReadAction","target":["https:\/\/www.canons.es\/medicina-estetica-corporal-2\/remodelacion-muscular-con-trusculpt-flex\/"]}]},{"@type":"BreadcrumbList","@id":"https:\/\/www.canons.es\/medicina-estetica-corporal-2\/remodelacion-muscular-con-trusculpt-flex\/#breadcrumb","itemListElement":[{"@type":"ListItem","position":1,"name":"Portada","item":"https:\/\/www.canons.es\/en\/"},{"@type":"ListItem","position":2,"name":"BODY AESTHETIC MEDICINE","item":"https:\/\/www.canons.es\/en\/body-aesthetic-medicine\/"},{"@type":"ListItem","position":3,"name":"Muscle Remodeling With Trusculpt Flex"}]},{"@type":"WebSite","@id":"https:\/\/www.canons.es\/#website","url":"https:\/\/www.canons.es\/","name":"Cirug\u00eda Pl\u00e1stica y Est\u00e9tica Barcelona y Granollers | C\u00e0nons Clinics","description":"","publisher":{"@id":"https:\/\/www.canons.es\/#organization"},"potentialAction":[{"@type":"SearchAction","target":{"@type":"EntryPoint","urlTemplate":"https:\/\/www.canons.es\/?s={search_term_string}"},"query-input":{"@type":"PropertyValueSpecification","valueRequired":true,"valueName":"search_term_string"}}],"inLanguage":"en-US"},{"@type":"Organization","@id":"https:\/\/www.canons.es\/#organization","name":"Cirug\u00eda Pl\u00e1stica y Est\u00e9tica Barcelona y Granollers | C\u00e0nons Clinics","url":"https:\/\/www.canons.es\/","logo":{"@type":"ImageObject","inLanguage":"en-US","@id":"https:\/\/www.canons.es\/#\/schema\/logo\/image\/","url":"https:\/\/www.canons.es\/wp-content\/uploads\/2025\/04\/logo-canons-clinics.jpg","contentUrl":"https:\/\/www.canons.es\/wp-content\/uploads\/2025\/04\/logo-canons-clinics.jpg","width":600,"height":139,"caption":"Cirug\u00eda Pl\u00e1stica y Est\u00e9tica Barcelona y Granollers | C\u00e0nons Clinics"},"image":{"@id":"https:\/\/www.canons.es\/#\/schema\/logo\/image\/"},"sameAs":["https:\/\/www.facebook.com\/canonsclinics\/","https:\/\/x.com\/canonsclinics","https:\/\/www.instagram.com\/canonsclinics\/","https:\/\/www.youtube.com\/channel\/UCI1Ia6LjALyo1CuQ0_HwtfQ","https:\/\/www.linkedin.com\/company\/canons-clinics\/"]}]}},"_links":{"self":[{"href":"https:\/\/www.canons.es\/en\/wp-json\/wp\/v2\/pages\/18261","targetHints":{"allow":["GET"]}}],"collection":[{"href":"https:\/\/www.canons.es\/en\/wp-json\/wp\/v2\/pages"}],"about":[{"href":"https:\/\/www.canons.es\/en\/wp-json\/wp\/v2\/types\/page"}],"author":[{"embeddable":true,"href":"https:\/\/www.canons.es\/en\/wp-json\/wp\/v2\/users\/25"}],"replies":[{"embeddable":true,"href":"https:\/\/www.canons.es\/en\/wp-json\/wp\/v2\/comments?post=18261"}],"version-history":[{"count":0,"href":"https:\/\/www.canons.es\/en\/wp-json\/wp\/v2\/pages\/18261\/revisions"}],"up":[{"embeddable":true,"href":"https:\/\/www.canons.es\/en\/wp-json\/wp\/v2\/pages\/9588"}],"wp:attachment":[{"href":"https:\/\/www.canons.es\/en\/wp-json\/wp\/v2\/media?parent=18261"}],"curies":[{"name":"wp","href":"https:\/\/api.w.org\/{rel}","templated":true}]}}