{"id":17920,"date":"2020-06-15T14:17:15","date_gmt":"2020-06-15T14:17:15","guid":{"rendered":"https:\/\/www.canons.es\/terapia-reafirmante-con-micro-agujas-endymed-intensif\/"},"modified":"2020-06-29T11:42:11","modified_gmt":"2020-06-29T11:42:11","slug":"terapia-reafirmante-con-micro-agujas-endymed-intensif","status":"publish","type":"page","link":"https:\/\/www.canons.es\/en\/terapia-reafirmante-con-micro-agujas-endymed-intensif\/","title":{"rendered":"Endymed Intensif micro needle firming therapy"},"content":{"rendered":"<div class=\"wpb-content-wrapper\"><p>[vc_row css_animation=&#8221;&#8221; row_type=&#8221;row&#8221; use_row_as_full_screen_section=&#8221;no&#8221; type=&#8221;full_width&#8221; angled_section=&#8221;no&#8221; text_align=&#8221;left&#8221; background_image_as_pattern=&#8221;without_pattern&#8221; background_color=&#8221;#f7f7f7&#8243; section_type=&#8221;full-width&#8221;][vc_column][vc_empty_space height=&#8221;20px&#8221;]<div class=\"custom_font_holder\" style=\"font-family: Raleway; font-size: 35px; line-height: 26px; font-style: normal; font-weight: 300; color: #1e70b3; text-decoration: none; text-align: left;\">Endymed Intensif micro needle firming therapy<\/div>[vc_empty_space height=&#8221;40px&#8221;][vc_row_inner row_type=&#8221;row&#8221; type=&#8221;full_width&#8221; text_align=&#8221;left&#8221; css_animation=&#8221;&#8221;][vc_column_inner width=&#8221;1\/2&#8243;][vc_single_image image=&#8221;18054&#8243; img_size=&#8221;full&#8221; alignment=&#8221;center&#8221; qode_css_animation=&#8221;&#8221;][vc_empty_space height=&#8221;40px&#8221;][\/vc_column_inner][vc_column_inner width=&#8221;1\/2&#8243;][vc_column_text]<strong>EndyMed Intensif<\/strong> is the first micro-needle radio frequency technology, noted for its unique, smooth and fast mode of operation. It is the perfect solution to treat <strong>acne and its scars, stretch marks and deep wrinkles, while improving the texture of the skin.<\/strong> EndyMed Intensif treatments seek visible results from the beginning, with continuous improvement of the skin, long after its completion.[\/vc_column_text][\/vc_column_inner][\/vc_row_inner][\/vc_column][\/vc_row][vc_row css_animation=&#8221;&#8221; row_type=&#8221;row&#8221; use_row_as_full_screen_section=&#8221;no&#8221; type=&#8221;full_width&#8221; angled_section=&#8221;no&#8221; text_align=&#8221;left&#8221; background_image_as_pattern=&#8221;without_pattern&#8221; section_type=&#8221;full-width&#8221;][vc_column][vc_empty_space][vc_accordion style=&#8221;accordion&#8221;][vc_accordion_tab title=&#8221;WHAT IS ENDYMED INTENSIF?&#8221; icon=&#8221;&#8221;][vc_column_text]EndyMed Intensif uses micro needles to selectively deliver radio frequency energy to the deeper layers of the skin. In this way, <strong>the production of new collagen is stimulated, <\/strong>improving the aesthetic appearance of the skin and its smoothness.<br \/>\nAreas with a tendency to sagging or scarring are especially indicated.<\/p>\n<p>Main indications:<br \/>\n\u2022 Skin flaccidity, both body and facial<br \/>\n\u2022 Acne scars<br \/>\n\u2022 Facial and cervical rejuvenation<br \/>\n\u2022 Axillary hyperhidrosis[\/vc_column_text][vc_video link=&#8221;https:\/\/www.youtube.com\/watch?v=Ngt7tqSdrrE&#8221; align=&#8221;center&#8221;][\/vc_accordion_tab][vc_accordion_tab title=&#8221;HOW DOES ENDYMED INTENSIF WORK?&#8221; icon=&#8221;&#8221;][vc_column_text]A tip with micro needles, individual for each patient, is placed in the EndyMed Intensif hand tool and rest on the surface of the skin. The device generates a movement that favors the micro needles to penetrate smoothly into the skin, emitting radio frequency in the deepest layers. From this moment on, the regeneration of collagen and elastin begins.[\/vc_column_text][vc_single_image image=&#8221;17904&#8243; img_size=&#8221;full&#8221; alignment=&#8221;center&#8221; qode_css_animation=&#8221;&#8221;][\/vc_accordion_tab][vc_accordion_tab title=&#8221;WHICH AREA CAN I REJUVENATE WITH ENDYMED INTENSIF?&#8221; icon=&#8221;&#8221;][vc_column_text]The treatment is indicated and is effective <strong>for any facial and body area,<\/strong> but it is especially recommended for the inner thighs and arms, neck, eyelids and periorbital area.[\/vc_column_text][\/vc_accordion_tab][vc_accordion_tab title=&#8221;WHAT RESULTS WILL I OBTAIN?&#8221;][vc_column_text]\u00b7 Thinner and smoother skin<br \/>\n\u00b7 Reduction of stretch marks and flaccidity<br \/>\n\u00b7 Collagen regeneration<br \/>\n\u00b7 Elastin production[\/vc_column_text][vc_row_inner row_type=&#8221;row&#8221; type=&#8221;full_width&#8221; text_align=&#8221;left&#8221; css_animation=&#8221;&#8221;][vc_column_inner width=&#8221;1\/2&#8243;][vc_single_image image=&#8221;17908&#8243; img_size=&#8221;full&#8221; alignment=&#8221;center&#8221; qode_css_animation=&#8221;&#8221;][\/vc_column_inner][vc_column_inner width=&#8221;1\/2&#8243;][vc_single_image image=&#8221;17912&#8243; img_size=&#8221;full&#8221; alignment=&#8221;center&#8221; qode_css_animation=&#8221;&#8221;][\/vc_column_inner][\/vc_row_inner][\/vc_accordion_tab][vc_accordion_tab title=&#8221;WHAT ARE THE ADVANTAGES OF THE TRATMENT?&#8221; icon=&#8221;&#8221;][vc_column_text]\u00b7 Intensif gold plated needles require fewer passes per treatment and greater patient comfort.<br \/>\n\u00b7 Recovery time is faster than any other device on the market.<br \/>\n\u00b7 Intensif offers a complete treatment without bleeding or bruising.<br \/>\n\u00b7 The depth and high precision of the micro needles, appropriate to the area to be treated, provides more effectiveness.[\/vc_column_text][\/vc_accordion_tab][vc_accordion_tab title=&#8221;HOW MANY SESSIONS WILL I NEED WITH ENDYMED RADIO FREQUENCY?&#8221; icon=&#8221;&#8221;][vc_column_text]The standard protocol involves applying the treatment <strong>once a month for 3 months<\/strong>. That is, three sessions. In any case, a prior visit is always made with the specialist to confirm any extreme.<br \/>\nLike any other treatment based on collagen stimulation, maintenance sessions are required. Between <strong>2 and 3 per year.<\/strong>[\/vc_column_text][\/vc_accordion_tab][vc_accordion_tab title=&#8221;WHAT WILL I NOTE AT THE ENDYMED SESSION?&#8221; icon=&#8221;&#8221;][vc_column_text]The sensation is that of micro punctures with some temperature. Being small areas, it is usually well tolerated, previously applying an anaesthetic cream.[\/vc_column_text][\/vc_accordion_tab][vc_accordion_tab title=&#8221;HOW LONG DOES A SESSION LAST?&#8221;][vc_column_text]The duration of the treatment <strong>is not more than 45 minutes<\/strong>, depending on the area to be treated, which is usually reduced by rule.[\/vc_column_text][\/vc_accordion_tab][vc_accordion_tab title=&#8221;WHAT TIME OF THE YEAR IS THE TREATMENT MOST RECOMMENDED?&#8221;][vc_column_text]It is a treatment that can be applied at any time of the year. It only requires not exposing yourself to the sun during the first 3-5 days after treatment, during which the skin is a little red.[\/vc_column_text][\/vc_accordion_tab][vc_accordion_tab title=&#8221;IN WHICH CASES IS RADIO FREQUENCY CONTRAINDICATED?&#8221;][vc_column_text]It is contraindicated in cases of ablative or non-ablative cosmetic intervention in the last 3 months, pregnancy, lactation, active collagen disease such as lupus, vascular diseases and heart disease, burns in the area to be treated, coagulation disorders, neuromuscular diseases, oncological diseases, bacterial or viral infections, kidney or liver diseases, recent collagen implants, having a metallic prosthesis, pacemaker or morbid obesity.[\/vc_column_text][\/vc_accordion_tab][vc_accordion_tab title=&#8221;CAN I COMBINE IT WITH OTHER FACIAL OR BODY THERAPIES?&#8221;][vc_column_text]It is fully <strong>compatible and combinable<\/strong> with all medical, aesthetic, facial and body therapies, following the recommendations outlined by our specialists in Aesthetic Medicine.[\/vc_column_text][\/vc_accordion_tab][\/vc_accordion][\/vc_column][\/vc_row]<\/p>\n<\/div><!-- AddThis Advanced Settings generic via filter on the_content --><!-- AddThis Share Buttons generic via filter on the_content -->","protected":false},"excerpt":{"rendered":"<p>[vc_row css_animation=&#8221;&#8221; row_type=&#8221;row&#8221; use_row_as_full_screen_section=&#8221;no&#8221; type=&#8221;full_width&#8221; angled_section=&#8221;no&#8221; text_align=&#8221;left&#8221; background_image_as_pattern=&#8221;without_pattern&#8221; background_color=&#8221;#f7f7f7&#8243; section_type=&#8221;full-width&#8221;][vc_column][vc_empty_space height=&#8221;20px&#8221;][vc_empty_space height=&#8221;40px&#8221;][vc_row_inner row_type=&#8221;row&#8221; type=&#8221;full_width&#8221; text_align=&#8221;left&#8221; css_animation=&#8221;&#8221;][vc_column_inner width=&#8221;1\/2&#8243;][vc_single_image image=&#8221;18054&#8243; img_size=&#8221;full&#8221; alignment=&#8221;center&#8221; qode_css_animation=&#8221;&#8221;][vc_empty_space height=&#8221;40px&#8221;][\/vc_column_inner][vc_column_inner width=&#8221;1\/2&#8243;][vc_column_text]EndyMed Intensif is the first micro-needle radio frequency technology, noted for its unique, smooth and fast mode of operation. It is the perfect&#8230;<!-- AddThis Advanced Settings generic via filter on get_the_excerpt --><!-- AddThis Share Buttons generic via filter on get_the_excerpt --><\/p>\n","protected":false},"author":25,"featured_media":0,"parent":0,"menu_order":0,"comment_status":"closed","ping_status":"closed","template":"","meta":{"footnotes":""},"class_list":["post-17920","page","type-page","status-publish","hentry"],"yoast_head":"<!-- This site is optimized with the Yoast SEO Premium plugin v26.9 (Yoast SEO v27.2) - https:\/\/yoast.com\/product\/yoast-seo-premium-wordpress\/ -->\n<title>Endymed Intensif micro needle firming therapy - Canons Clinic | Surgery and Aesthetic Medicine in Barcelona, \u200b\u200bGranollers<\/title>\n<meta name=\"robots\" content=\"index, follow, max-snippet:-1, max-image-preview:large, max-video-preview:-1\" \/>\n<link rel=\"canonical\" href=\"https:\/\/www.canons.es\/en\/terapia-reafirmante-con-micro-agujas-endymed-intensif\/\" \/>\n<meta property=\"og:locale\" content=\"en_US\" \/>\n<meta property=\"og:type\" content=\"article\" \/>\n<meta property=\"og:title\" content=\"Endymed Intensif micro needle firming therapy\" \/>\n<meta property=\"og:description\" content=\"[vc_row css_animation=&#8221;&#8221; row_type=&#8221;row&#8221; use_row_as_full_screen_section=&#8221;no&#8221; type=&#8221;full_width&#8221; angled_section=&#8221;no&#8221; text_align=&#8221;left&#8221; background_image_as_pattern=&#8221;without_pattern&#8221; background_color=&#8221;#f7f7f7&#8243; section_type=&#8221;full-width&#8221;][vc_column][vc_empty_space height=&#8221;20px&#8221;][vc_empty_space height=&#8221;40px&#8221;][vc_row_inner row_type=&#8221;row&#8221; type=&#8221;full_width&#8221; text_align=&#8221;left&#8221; css_animation=&#8221;&#8221;][vc_column_inner width=&#8221;1\/2&#8243;][vc_single_image image=&#8221;18054&#8243; img_size=&#8221;full&#8221; alignment=&#8221;center&#8221; qode_css_animation=&#8221;&#8221;][vc_empty_space height=&#8221;40px&#8221;][\/vc_column_inner][vc_column_inner width=&#8221;1\/2&#8243;][vc_column_text]EndyMed Intensif is the first micro-needle radio frequency technology, noted for its unique, smooth and fast mode of operation. It is the perfect...\" \/>\n<meta property=\"og:url\" content=\"https:\/\/www.canons.es\/en\/terapia-reafirmante-con-micro-agujas-endymed-intensif\/\" \/>\n<meta property=\"og:site_name\" content=\"Canons Clinic | Surgery and Aesthetic Medicine in Barcelona, \u200b\u200bGranollers\" \/>\n<meta property=\"article:publisher\" content=\"https:\/\/www.facebook.com\/canonsclinics\/\" \/>\n<meta property=\"article:modified_time\" content=\"2020-06-29T11:42:11+00:00\" \/>\n<meta name=\"twitter:card\" content=\"summary_large_image\" \/>\n<meta name=\"twitter:site\" content=\"@canonsclinics\" \/>\n<meta name=\"twitter:label1\" content=\"Est. reading time\" \/>\n\t<meta name=\"twitter:data1\" content=\"5 minutes\" \/>\n<script type=\"application\/ld+json\" class=\"yoast-schema-graph\">{\"@context\":\"https:\/\/schema.org\",\"@graph\":[{\"@type\":\"WebPage\",\"@id\":\"https:\/\/www.canons.es\/en\/terapia-reafirmante-con-micro-agujas-endymed-intensif\/\",\"url\":\"https:\/\/www.canons.es\/en\/terapia-reafirmante-con-micro-agujas-endymed-intensif\/\",\"name\":\"Endymed Intensif micro needle firming therapy - Canons Clinic | Surgery and Aesthetic Medicine in Barcelona, \u200b\u200bGranollers\",\"isPartOf\":{\"@id\":\"https:\/\/www.canons.es\/#website\"},\"datePublished\":\"2020-06-15T14:17:15+00:00\",\"dateModified\":\"2020-06-29T11:42:11+00:00\",\"breadcrumb\":{\"@id\":\"https:\/\/www.canons.es\/en\/terapia-reafirmante-con-micro-agujas-endymed-intensif\/#breadcrumb\"},\"inLanguage\":\"en-US\",\"potentialAction\":[{\"@type\":\"ReadAction\",\"target\":[\"https:\/\/www.canons.es\/en\/terapia-reafirmante-con-micro-agujas-endymed-intensif\/\"]}]},{\"@type\":\"BreadcrumbList\",\"@id\":\"https:\/\/www.canons.es\/en\/terapia-reafirmante-con-micro-agujas-endymed-intensif\/#breadcrumb\",\"itemListElement\":[{\"@type\":\"ListItem\",\"position\":1,\"name\":\"Portada\",\"item\":\"https:\/\/www.canons.es\/en\/\"},{\"@type\":\"ListItem\",\"position\":2,\"name\":\"Endymed Intensif micro needle firming therapy\"}]},{\"@type\":\"WebSite\",\"@id\":\"https:\/\/www.canons.es\/#website\",\"url\":\"https:\/\/www.canons.es\/\",\"name\":\"Cirug\u00eda Pl\u00e1stica y Est\u00e9tica Barcelona y Granollers | C\u00e0nons Clinics\",\"description\":\"\",\"publisher\":{\"@id\":\"https:\/\/www.canons.es\/#organization\"},\"potentialAction\":[{\"@type\":\"SearchAction\",\"target\":{\"@type\":\"EntryPoint\",\"urlTemplate\":\"https:\/\/www.canons.es\/?s={search_term_string}\"},\"query-input\":{\"@type\":\"PropertyValueSpecification\",\"valueRequired\":true,\"valueName\":\"search_term_string\"}}],\"inLanguage\":\"en-US\"},{\"@type\":\"Organization\",\"@id\":\"https:\/\/www.canons.es\/#organization\",\"name\":\"Cirug\u00eda Pl\u00e1stica y Est\u00e9tica Barcelona y Granollers | C\u00e0nons Clinics\",\"url\":\"https:\/\/www.canons.es\/\",\"logo\":{\"@type\":\"ImageObject\",\"inLanguage\":\"en-US\",\"@id\":\"https:\/\/www.canons.es\/#\/schema\/logo\/image\/\",\"url\":\"https:\/\/www.canons.es\/wp-content\/uploads\/2025\/04\/logo-canons-clinics.jpg\",\"contentUrl\":\"https:\/\/www.canons.es\/wp-content\/uploads\/2025\/04\/logo-canons-clinics.jpg\",\"width\":600,\"height\":139,\"caption\":\"Cirug\u00eda Pl\u00e1stica y Est\u00e9tica Barcelona y Granollers | C\u00e0nons Clinics\"},\"image\":{\"@id\":\"https:\/\/www.canons.es\/#\/schema\/logo\/image\/\"},\"sameAs\":[\"https:\/\/www.facebook.com\/canonsclinics\/\",\"https:\/\/x.com\/canonsclinics\",\"https:\/\/www.instagram.com\/canonsclinics\/\",\"https:\/\/www.youtube.com\/channel\/UCI1Ia6LjALyo1CuQ0_HwtfQ\",\"https:\/\/www.linkedin.com\/company\/canons-clinics\/\"]}]}<\/script>\n<!-- \/ Yoast SEO Premium plugin. -->","yoast_head_json":{"title":"Endymed Intensif micro needle firming therapy - Canons Clinic | Surgery and Aesthetic Medicine in Barcelona, \u200b\u200bGranollers","robots":{"index":"index","follow":"follow","max-snippet":"max-snippet:-1","max-image-preview":"max-image-preview:large","max-video-preview":"max-video-preview:-1"},"canonical":"https:\/\/www.canons.es\/en\/terapia-reafirmante-con-micro-agujas-endymed-intensif\/","og_locale":"en_US","og_type":"article","og_title":"Endymed Intensif micro needle firming therapy","og_description":"[vc_row css_animation=&#8221;&#8221; row_type=&#8221;row&#8221; use_row_as_full_screen_section=&#8221;no&#8221; type=&#8221;full_width&#8221; angled_section=&#8221;no&#8221; text_align=&#8221;left&#8221; background_image_as_pattern=&#8221;without_pattern&#8221; background_color=&#8221;#f7f7f7&#8243; section_type=&#8221;full-width&#8221;][vc_column][vc_empty_space height=&#8221;20px&#8221;][vc_empty_space height=&#8221;40px&#8221;][vc_row_inner row_type=&#8221;row&#8221; type=&#8221;full_width&#8221; text_align=&#8221;left&#8221; css_animation=&#8221;&#8221;][vc_column_inner width=&#8221;1\/2&#8243;][vc_single_image image=&#8221;18054&#8243; img_size=&#8221;full&#8221; alignment=&#8221;center&#8221; qode_css_animation=&#8221;&#8221;][vc_empty_space height=&#8221;40px&#8221;][\/vc_column_inner][vc_column_inner width=&#8221;1\/2&#8243;][vc_column_text]EndyMed Intensif is the first micro-needle radio frequency technology, noted for its unique, smooth and fast mode of operation. It is the perfect...","og_url":"https:\/\/www.canons.es\/en\/terapia-reafirmante-con-micro-agujas-endymed-intensif\/","og_site_name":"Canons Clinic | Surgery and Aesthetic Medicine in Barcelona, \u200b\u200bGranollers","article_publisher":"https:\/\/www.facebook.com\/canonsclinics\/","article_modified_time":"2020-06-29T11:42:11+00:00","twitter_card":"summary_large_image","twitter_site":"@canonsclinics","twitter_misc":{"Est. reading time":"5 minutes"},"schema":{"@context":"https:\/\/schema.org","@graph":[{"@type":"WebPage","@id":"https:\/\/www.canons.es\/en\/terapia-reafirmante-con-micro-agujas-endymed-intensif\/","url":"https:\/\/www.canons.es\/en\/terapia-reafirmante-con-micro-agujas-endymed-intensif\/","name":"Endymed Intensif micro needle firming therapy - Canons Clinic | Surgery and Aesthetic Medicine in Barcelona, \u200b\u200bGranollers","isPartOf":{"@id":"https:\/\/www.canons.es\/#website"},"datePublished":"2020-06-15T14:17:15+00:00","dateModified":"2020-06-29T11:42:11+00:00","breadcrumb":{"@id":"https:\/\/www.canons.es\/en\/terapia-reafirmante-con-micro-agujas-endymed-intensif\/#breadcrumb"},"inLanguage":"en-US","potentialAction":[{"@type":"ReadAction","target":["https:\/\/www.canons.es\/en\/terapia-reafirmante-con-micro-agujas-endymed-intensif\/"]}]},{"@type":"BreadcrumbList","@id":"https:\/\/www.canons.es\/en\/terapia-reafirmante-con-micro-agujas-endymed-intensif\/#breadcrumb","itemListElement":[{"@type":"ListItem","position":1,"name":"Portada","item":"https:\/\/www.canons.es\/en\/"},{"@type":"ListItem","position":2,"name":"Endymed Intensif micro needle firming therapy"}]},{"@type":"WebSite","@id":"https:\/\/www.canons.es\/#website","url":"https:\/\/www.canons.es\/","name":"Cirug\u00eda Pl\u00e1stica y Est\u00e9tica Barcelona y Granollers | C\u00e0nons Clinics","description":"","publisher":{"@id":"https:\/\/www.canons.es\/#organization"},"potentialAction":[{"@type":"SearchAction","target":{"@type":"EntryPoint","urlTemplate":"https:\/\/www.canons.es\/?s={search_term_string}"},"query-input":{"@type":"PropertyValueSpecification","valueRequired":true,"valueName":"search_term_string"}}],"inLanguage":"en-US"},{"@type":"Organization","@id":"https:\/\/www.canons.es\/#organization","name":"Cirug\u00eda Pl\u00e1stica y Est\u00e9tica Barcelona y Granollers | C\u00e0nons Clinics","url":"https:\/\/www.canons.es\/","logo":{"@type":"ImageObject","inLanguage":"en-US","@id":"https:\/\/www.canons.es\/#\/schema\/logo\/image\/","url":"https:\/\/www.canons.es\/wp-content\/uploads\/2025\/04\/logo-canons-clinics.jpg","contentUrl":"https:\/\/www.canons.es\/wp-content\/uploads\/2025\/04\/logo-canons-clinics.jpg","width":600,"height":139,"caption":"Cirug\u00eda Pl\u00e1stica y Est\u00e9tica Barcelona y Granollers | C\u00e0nons Clinics"},"image":{"@id":"https:\/\/www.canons.es\/#\/schema\/logo\/image\/"},"sameAs":["https:\/\/www.facebook.com\/canonsclinics\/","https:\/\/x.com\/canonsclinics","https:\/\/www.instagram.com\/canonsclinics\/","https:\/\/www.youtube.com\/channel\/UCI1Ia6LjALyo1CuQ0_HwtfQ","https:\/\/www.linkedin.com\/company\/canons-clinics\/"]}]}},"_links":{"self":[{"href":"https:\/\/www.canons.es\/en\/wp-json\/wp\/v2\/pages\/17920","targetHints":{"allow":["GET"]}}],"collection":[{"href":"https:\/\/www.canons.es\/en\/wp-json\/wp\/v2\/pages"}],"about":[{"href":"https:\/\/www.canons.es\/en\/wp-json\/wp\/v2\/types\/page"}],"author":[{"embeddable":true,"href":"https:\/\/www.canons.es\/en\/wp-json\/wp\/v2\/users\/25"}],"replies":[{"embeddable":true,"href":"https:\/\/www.canons.es\/en\/wp-json\/wp\/v2\/comments?post=17920"}],"version-history":[{"count":0,"href":"https:\/\/www.canons.es\/en\/wp-json\/wp\/v2\/pages\/17920\/revisions"}],"wp:attachment":[{"href":"https:\/\/www.canons.es\/en\/wp-json\/wp\/v2\/media?parent=17920"}],"curies":[{"name":"wp","href":"https:\/\/api.w.org\/{rel}","templated":true}]}}