{"id":13336,"date":"2018-06-28T06:40:12","date_gmt":"2018-06-28T06:40:12","guid":{"rendered":"https:\/\/www.canons.es\/en\/instalaciones\/"},"modified":"2021-09-24T09:54:23","modified_gmt":"2021-09-24T09:54:23","slug":"clinics","status":"publish","type":"page","link":"https:\/\/www.canons.es\/en\/clinics\/","title":{"rendered":"Clinics"},"content":{"rendered":"<div class=\"wpb-content-wrapper\"><p>[vc_row css_animation=&#8221;&#8221; row_type=&#8221;row&#8221; use_row_as_full_screen_section=&#8221;no&#8221; type=&#8221;full_width&#8221; angled_section=&#8221;no&#8221; text_align=&#8221;left&#8221; background_image_as_pattern=&#8221;without_pattern&#8221; css=&#8221;.vc_custom_1552911397625{background-color: #efefef !important;}&#8221; z_index=&#8221;&#8221;][vc_column][vc_empty_space height=&#8221;40px&#8221;][vc_column_text]<\/p>\n<h1 style=\"text-align: center;\"><span style=\"text-align: center; font-family: Raleway; font-weight: 400; font-style: normal; color: #58595b !important;\">Our <\/span><span style=\"text-align: center; font-family: Raleway; font-weight: 400; font-style: normal; color: #3498db !important;\">clinics<\/span><\/h1>\n<p>[\/vc_column_text][vc_separator type=&#8221;small&#8221; position=&#8221;center&#8221; color=&#8221;#3498db&#8221;][vc_empty_space height=&#8221;20px&#8221;][vc_row_inner row_type=&#8221;row&#8221; type=&#8221;grid&#8221; text_align=&#8221;left&#8221; css_animation=&#8221;&#8221;][vc_column_inner width=&#8221;1\/3&#8243;][vc_single_image image=&#8221;13087&#8243; img_size=&#8221;353&#215;256&#8243; qode_css_animation=&#8221;&#8221; img_align=&#8221;center&#8221; custom_img_size=&#8221;352&#215;256&#8243; img_link=&#8221;\/contacto-barcelona\/&#8221; el_class=&#8221;borderhome&#8221;][vc_empty_space height=&#8221;30px&#8221; el_class=&#8221;borderno&#8221;]<div class=\"custom_font_holder\" style=\"font-family: raleway; font-size: 17px; line-height: 26px; font-style: normal; font-weight: 600; color: #818181; text-decoration: none; text-align: center;\"><a href=\"https:\/\/www.google.com\/maps?ll=41.399982,2.17233&amp;z=13&amp;t=m&amp;hl=es&amp;gl=ES&amp;mapclient=embed&amp;cid=1801470970923955931\" target=\"_blank\" rel=\"noopener noreferrer\">C\u00e0nons Clinics Barcelona<\/a><\/div>[vc_empty_space height=&#8221;30px&#8221; el_class=&#8221;borderno&#8221;][\/vc_column_inner][vc_column_inner width=&#8221;1\/3&#8243;][vc_single_image image=&#8221;6838&#8243; img_size=&#8221;full&#8221; alignment=&#8221;center&#8221; qode_css_animation=&#8221;&#8221; img_align=&#8221;center&#8221; custom_img_size=&#8221;352&#215;256&#8243; img_link=&#8221;\/contacto-granollers\/&#8221; el_class=&#8221;borderhome&#8221;][vc_empty_space height=&#8221;30px&#8221; el_class=&#8221;borderno&#8221;]<div class=\"custom_font_holder\" style=\"font-family: raleway; font-size: 17px; line-height: 26px; font-style: normal; font-weight: 600; color: #818181; text-decoration: none; text-align: center;\"><a href=\"https:\/\/www.google.com\/maps?ll=41.610252,2.29156&amp;z=17&amp;t=m&amp;hl=es-ES&amp;gl=ES&amp;mapclient=embed&amp;cid=1522813225476509765\" target=\"_blank\" rel=\"noopener noreferrer\">C\u00e0nons Clinics Granollers<\/a><\/div>[vc_empty_space height=&#8221;30px&#8221; el_class=&#8221;borderno&#8221;][\/vc_column_inner][vc_column_inner width=&#8221;1\/3&#8243;][vc_single_image image=&#8221;6836&#8243; img_size=&#8221;full&#8221; qode_css_animation=&#8221;&#8221; img_align=&#8221;center&#8221; custom_img_size=&#8221;352&#215;256&#8243; img_link=&#8221;\/contacto-reus\/&#8221; el_class=&#8221;borderhome&#8221;][vc_empty_space height=&#8221;30px&#8221; el_class=&#8221;borderno&#8221;]<div class=\"custom_font_holder\" style=\"font-family: raleway; font-size: 17px; line-height: 26px; font-style: normal; font-weight: 600; color: #818181; text-decoration: none; text-align: center;\"><a href=\"https:\/\/www.google.com\/maps?ll=41.159027,1.104992&amp;z=16&amp;t=m&amp;hl=es-ES&amp;gl=ES&amp;mapclient=embed&amp;q=Carrer+d%27Antoni+Gaud%C3%AD,+5+43202+Reus+Tarragona\" target=\"_blank\" rel=\"noopener noreferrer\">C\u00e0nons Clinics Reus<\/a><\/div>[vc_empty_space height=&#8221;30px&#8221; el_class=&#8221;borderno&#8221;][\/vc_column_inner][\/vc_row_inner][vc_empty_space height=&#8221;40px&#8221;][\/vc_column][\/vc_row][vc_row css_animation=&#8221;&#8221; row_type=&#8221;row&#8221; use_row_as_full_screen_section=&#8221;no&#8221; type=&#8221;grid&#8221; angled_section=&#8221;no&#8221; text_align=&#8221;left&#8221; background_image_as_pattern=&#8221;without_pattern&#8221; z_index=&#8221;&#8221;][vc_column][vc_empty_space height=&#8221;40px&#8221;][vc_column_text]Our clinics are equipped with the <strong>best technology<\/strong> to offer the most avant-garde treatments to our clients. We also prioritize your comfort by creating a calm and relaxed environment. In the following gallery you can see images of our facilities at <strong>C\u00e0nons Clinics<\/strong>.[\/vc_column_text][vc_empty_space height=&#8221;30px&#8221; el_class=&#8221;borderno&#8221;]<div class=\"custom_font_holder\" style=\"font-family: raleway; font-size: 17px; line-height: 26px; font-style: normal; font-weight: 600; color: #818181; text-decoration: none; text-align: center;\">C\u00e0nons Clinics Barcelona<\/div>[vc_empty_space height=&#8221;30px&#8221; el_class=&#8221;borderno&#8221;][vc_gallery type=&#8221;image_grid&#8221; images=&#8221;19555,19559,19563,19567,19571,19575,19579,19583,19587,19591,19595,19599&#8243; img_size=&#8221;full&#8221; column_number=&#8221;3&#8243; grayscale=&#8221;no&#8221; images_space=&#8221;gallery_with_space&#8221;][vc_empty_space height=&#8221;30px&#8221; el_class=&#8221;borderno&#8221;][vc_separator type=&#8221;normal&#8221;][vc_empty_space height=&#8221;30px&#8221; el_class=&#8221;borderno&#8221;]<div class=\"custom_font_holder\" style=\"font-family: raleway; font-size: 17px; line-height: 26px; font-style: normal; font-weight: 600; color: #818181; text-decoration: none; text-align: center;\">C\u00e0nons Clinics Granollers<\/div>[vc_empty_space height=&#8221;30px&#8221; el_class=&#8221;borderno&#8221;][vc_gallery type=&#8221;image_grid&#8221; images=&#8221;19460,19416,19420,19448,19436,19440,19424,19444,19428,19432,19452,19456&#8243; img_size=&#8221;full&#8221; column_number=&#8221;3&#8243; grayscale=&#8221;no&#8221; images_space=&#8221;gallery_with_space&#8221;][vc_empty_space height=&#8221;30px&#8221; el_class=&#8221;borderno&#8221;][\/vc_column][\/vc_row]<\/p>\n<\/div><!-- AddThis Advanced Settings generic via filter on the_content --><!-- AddThis Share Buttons generic via filter on the_content -->","protected":false},"excerpt":{"rendered":"<p>[vc_row css_animation=&#8221;&#8221; row_type=&#8221;row&#8221; use_row_as_full_screen_section=&#8221;no&#8221; type=&#8221;full_width&#8221; angled_section=&#8221;no&#8221; text_align=&#8221;left&#8221; background_image_as_pattern=&#8221;without_pattern&#8221; css=&#8221;.vc_custom_1552911397625{background-color: #efefef !important;}&#8221; z_index=&#8221;&#8221;][vc_column][vc_empty_space height=&#8221;40px&#8221;][vc_column_text] Our clinics [\/vc_column_text][vc_separator type=&#8221;small&#8221; position=&#8221;center&#8221; color=&#8221;#3498db&#8221;][vc_empty_space height=&#8221;20px&#8221;][vc_row_inner row_type=&#8221;row&#8221; type=&#8221;grid&#8221; text_align=&#8221;left&#8221; css_animation=&#8221;&#8221;][vc_column_inner width=&#8221;1\/3&#8243;][vc_single_image image=&#8221;13087&#8243; img_size=&#8221;353&#215;256&#8243; qode_css_animation=&#8221;&#8221; img_align=&#8221;center&#8221; custom_img_size=&#8221;352&#215;256&#8243; img_link=&#8221;\/contacto-barcelona\/&#8221; el_class=&#8221;borderhome&#8221;][vc_empty_space height=&#8221;30px&#8221; el_class=&#8221;borderno&#8221;][vc_empty_space height=&#8221;30px&#8221; el_class=&#8221;borderno&#8221;][\/vc_column_inner][vc_column_inner width=&#8221;1\/3&#8243;][vc_single_image image=&#8221;6838&#8243; img_size=&#8221;full&#8221; alignment=&#8221;center&#8221; qode_css_animation=&#8221;&#8221; img_align=&#8221;center&#8221; custom_img_size=&#8221;352&#215;256&#8243; img_link=&#8221;\/contacto-granollers\/&#8221; el_class=&#8221;borderhome&#8221;][vc_empty_space&#8230;<!-- AddThis Advanced Settings generic via filter on get_the_excerpt --><!-- AddThis Share Buttons generic via filter on get_the_excerpt --><\/p>\n","protected":false},"author":25,"featured_media":0,"parent":0,"menu_order":0,"comment_status":"closed","ping_status":"closed","template":"full_width.php","meta":{"footnotes":""},"class_list":["post-13336","page","type-page","status-publish","hentry"],"yoast_head":"<!-- This site is optimized with the Yoast SEO Premium plugin v26.9 (Yoast SEO v27.2) - https:\/\/yoast.com\/product\/yoast-seo-premium-wordpress\/ -->\n<title>Clinics - Canons Clinic | Surgery and Aesthetic Medicine in Barcelona, \u200b\u200bGranollers<\/title>\n<meta name=\"robots\" content=\"index, follow, max-snippet:-1, max-image-preview:large, max-video-preview:-1\" \/>\n<link rel=\"canonical\" href=\"https:\/\/www.canons.es\/en\/clinics\/\" \/>\n<meta property=\"og:locale\" content=\"en_US\" \/>\n<meta property=\"og:type\" content=\"article\" \/>\n<meta property=\"og:title\" content=\"Clinics\" \/>\n<meta property=\"og:description\" content=\"[vc_row css_animation=&#8221;&#8221; row_type=&#8221;row&#8221; use_row_as_full_screen_section=&#8221;no&#8221; type=&#8221;full_width&#8221; angled_section=&#8221;no&#8221; text_align=&#8221;left&#8221; background_image_as_pattern=&#8221;without_pattern&#8221; css=&#8221;.vc_custom_1552911397625{background-color: #efefef !important;}&#8221; z_index=&#8221;&#8221;][vc_column][vc_empty_space height=&#8221;40px&#8221;][vc_column_text] Our clinics [\/vc_column_text][vc_separator type=&#8221;small&#8221; position=&#8221;center&#8221; color=&#8221;#3498db&#8221;][vc_empty_space height=&#8221;20px&#8221;][vc_row_inner row_type=&#8221;row&#8221; type=&#8221;grid&#8221; text_align=&#8221;left&#8221; css_animation=&#8221;&#8221;][vc_column_inner width=&#8221;1\/3&#8243;][vc_single_image image=&#8221;13087&#8243; img_size=&#8221;353&#215;256&#8243; qode_css_animation=&#8221;&#8221; img_align=&#8221;center&#8221; custom_img_size=&#8221;352&#215;256&#8243; img_link=&#8221;\/contacto-barcelona\/&#8221; el_class=&#8221;borderhome&#8221;][vc_empty_space height=&#8221;30px&#8221; el_class=&#8221;borderno&#8221;][vc_empty_space height=&#8221;30px&#8221; el_class=&#8221;borderno&#8221;][\/vc_column_inner][vc_column_inner width=&#8221;1\/3&#8243;][vc_single_image image=&#8221;6838&#8243; img_size=&#8221;full&#8221; alignment=&#8221;center&#8221; qode_css_animation=&#8221;&#8221; img_align=&#8221;center&#8221; custom_img_size=&#8221;352&#215;256&#8243; img_link=&#8221;\/contacto-granollers\/&#8221; el_class=&#8221;borderhome&#8221;][vc_empty_space...\" \/>\n<meta property=\"og:url\" content=\"https:\/\/www.canons.es\/en\/clinics\/\" \/>\n<meta property=\"og:site_name\" content=\"Canons Clinic | Surgery and Aesthetic Medicine in Barcelona, \u200b\u200bGranollers\" \/>\n<meta property=\"article:publisher\" content=\"https:\/\/www.facebook.com\/canonsclinics\/\" \/>\n<meta property=\"article:modified_time\" content=\"2021-09-24T09:54:23+00:00\" \/>\n<meta name=\"twitter:card\" content=\"summary_large_image\" \/>\n<meta name=\"twitter:site\" content=\"@canonsclinics\" \/>\n<meta name=\"twitter:label1\" content=\"Est. reading time\" \/>\n\t<meta name=\"twitter:data1\" content=\"3 minutes\" \/>\n<script type=\"application\/ld+json\" class=\"yoast-schema-graph\">{\"@context\":\"https:\/\/schema.org\",\"@graph\":[{\"@type\":\"WebPage\",\"@id\":\"https:\/\/www.canons.es\/en\/clinics\/\",\"url\":\"https:\/\/www.canons.es\/en\/clinics\/\",\"name\":\"Clinics - Canons Clinic | Surgery and Aesthetic Medicine in Barcelona, \u200b\u200bGranollers\",\"isPartOf\":{\"@id\":\"https:\/\/www.canons.es\/#website\"},\"datePublished\":\"2018-06-28T06:40:12+00:00\",\"dateModified\":\"2021-09-24T09:54:23+00:00\",\"breadcrumb\":{\"@id\":\"https:\/\/www.canons.es\/en\/clinics\/#breadcrumb\"},\"inLanguage\":\"en-US\",\"potentialAction\":[{\"@type\":\"ReadAction\",\"target\":[\"https:\/\/www.canons.es\/en\/clinics\/\"]}]},{\"@type\":\"BreadcrumbList\",\"@id\":\"https:\/\/www.canons.es\/en\/clinics\/#breadcrumb\",\"itemListElement\":[{\"@type\":\"ListItem\",\"position\":1,\"name\":\"Portada\",\"item\":\"https:\/\/www.canons.es\/en\/\"},{\"@type\":\"ListItem\",\"position\":2,\"name\":\"Clinics\"}]},{\"@type\":\"WebSite\",\"@id\":\"https:\/\/www.canons.es\/#website\",\"url\":\"https:\/\/www.canons.es\/\",\"name\":\"Cirug\u00eda Pl\u00e1stica y Est\u00e9tica Barcelona y Granollers | C\u00e0nons Clinics\",\"description\":\"\",\"publisher\":{\"@id\":\"https:\/\/www.canons.es\/#organization\"},\"potentialAction\":[{\"@type\":\"SearchAction\",\"target\":{\"@type\":\"EntryPoint\",\"urlTemplate\":\"https:\/\/www.canons.es\/?s={search_term_string}\"},\"query-input\":{\"@type\":\"PropertyValueSpecification\",\"valueRequired\":true,\"valueName\":\"search_term_string\"}}],\"inLanguage\":\"en-US\"},{\"@type\":\"Organization\",\"@id\":\"https:\/\/www.canons.es\/#organization\",\"name\":\"Cirug\u00eda Pl\u00e1stica y Est\u00e9tica Barcelona y Granollers | C\u00e0nons Clinics\",\"url\":\"https:\/\/www.canons.es\/\",\"logo\":{\"@type\":\"ImageObject\",\"inLanguage\":\"en-US\",\"@id\":\"https:\/\/www.canons.es\/#\/schema\/logo\/image\/\",\"url\":\"https:\/\/www.canons.es\/wp-content\/uploads\/2025\/04\/logo-canons-clinics.jpg\",\"contentUrl\":\"https:\/\/www.canons.es\/wp-content\/uploads\/2025\/04\/logo-canons-clinics.jpg\",\"width\":600,\"height\":139,\"caption\":\"Cirug\u00eda Pl\u00e1stica y Est\u00e9tica Barcelona y Granollers | C\u00e0nons Clinics\"},\"image\":{\"@id\":\"https:\/\/www.canons.es\/#\/schema\/logo\/image\/\"},\"sameAs\":[\"https:\/\/www.facebook.com\/canonsclinics\/\",\"https:\/\/x.com\/canonsclinics\",\"https:\/\/www.instagram.com\/canonsclinics\/\",\"https:\/\/www.youtube.com\/channel\/UCI1Ia6LjALyo1CuQ0_HwtfQ\",\"https:\/\/www.linkedin.com\/company\/canons-clinics\/\"]}]}<\/script>\n<!-- \/ Yoast SEO Premium plugin. -->","yoast_head_json":{"title":"Clinics - Canons Clinic | Surgery and Aesthetic Medicine in Barcelona, \u200b\u200bGranollers","robots":{"index":"index","follow":"follow","max-snippet":"max-snippet:-1","max-image-preview":"max-image-preview:large","max-video-preview":"max-video-preview:-1"},"canonical":"https:\/\/www.canons.es\/en\/clinics\/","og_locale":"en_US","og_type":"article","og_title":"Clinics","og_description":"[vc_row css_animation=&#8221;&#8221; row_type=&#8221;row&#8221; use_row_as_full_screen_section=&#8221;no&#8221; type=&#8221;full_width&#8221; angled_section=&#8221;no&#8221; text_align=&#8221;left&#8221; background_image_as_pattern=&#8221;without_pattern&#8221; css=&#8221;.vc_custom_1552911397625{background-color: #efefef !important;}&#8221; z_index=&#8221;&#8221;][vc_column][vc_empty_space height=&#8221;40px&#8221;][vc_column_text] Our clinics [\/vc_column_text][vc_separator type=&#8221;small&#8221; position=&#8221;center&#8221; color=&#8221;#3498db&#8221;][vc_empty_space height=&#8221;20px&#8221;][vc_row_inner row_type=&#8221;row&#8221; type=&#8221;grid&#8221; text_align=&#8221;left&#8221; css_animation=&#8221;&#8221;][vc_column_inner width=&#8221;1\/3&#8243;][vc_single_image image=&#8221;13087&#8243; img_size=&#8221;353&#215;256&#8243; qode_css_animation=&#8221;&#8221; img_align=&#8221;center&#8221; custom_img_size=&#8221;352&#215;256&#8243; img_link=&#8221;\/contacto-barcelona\/&#8221; el_class=&#8221;borderhome&#8221;][vc_empty_space height=&#8221;30px&#8221; el_class=&#8221;borderno&#8221;][vc_empty_space height=&#8221;30px&#8221; el_class=&#8221;borderno&#8221;][\/vc_column_inner][vc_column_inner width=&#8221;1\/3&#8243;][vc_single_image image=&#8221;6838&#8243; img_size=&#8221;full&#8221; alignment=&#8221;center&#8221; qode_css_animation=&#8221;&#8221; img_align=&#8221;center&#8221; custom_img_size=&#8221;352&#215;256&#8243; img_link=&#8221;\/contacto-granollers\/&#8221; el_class=&#8221;borderhome&#8221;][vc_empty_space...","og_url":"https:\/\/www.canons.es\/en\/clinics\/","og_site_name":"Canons Clinic | Surgery and Aesthetic Medicine in Barcelona, \u200b\u200bGranollers","article_publisher":"https:\/\/www.facebook.com\/canonsclinics\/","article_modified_time":"2021-09-24T09:54:23+00:00","twitter_card":"summary_large_image","twitter_site":"@canonsclinics","twitter_misc":{"Est. reading time":"3 minutes"},"schema":{"@context":"https:\/\/schema.org","@graph":[{"@type":"WebPage","@id":"https:\/\/www.canons.es\/en\/clinics\/","url":"https:\/\/www.canons.es\/en\/clinics\/","name":"Clinics - Canons Clinic | Surgery and Aesthetic Medicine in Barcelona, \u200b\u200bGranollers","isPartOf":{"@id":"https:\/\/www.canons.es\/#website"},"datePublished":"2018-06-28T06:40:12+00:00","dateModified":"2021-09-24T09:54:23+00:00","breadcrumb":{"@id":"https:\/\/www.canons.es\/en\/clinics\/#breadcrumb"},"inLanguage":"en-US","potentialAction":[{"@type":"ReadAction","target":["https:\/\/www.canons.es\/en\/clinics\/"]}]},{"@type":"BreadcrumbList","@id":"https:\/\/www.canons.es\/en\/clinics\/#breadcrumb","itemListElement":[{"@type":"ListItem","position":1,"name":"Portada","item":"https:\/\/www.canons.es\/en\/"},{"@type":"ListItem","position":2,"name":"Clinics"}]},{"@type":"WebSite","@id":"https:\/\/www.canons.es\/#website","url":"https:\/\/www.canons.es\/","name":"Cirug\u00eda Pl\u00e1stica y Est\u00e9tica Barcelona y Granollers | C\u00e0nons Clinics","description":"","publisher":{"@id":"https:\/\/www.canons.es\/#organization"},"potentialAction":[{"@type":"SearchAction","target":{"@type":"EntryPoint","urlTemplate":"https:\/\/www.canons.es\/?s={search_term_string}"},"query-input":{"@type":"PropertyValueSpecification","valueRequired":true,"valueName":"search_term_string"}}],"inLanguage":"en-US"},{"@type":"Organization","@id":"https:\/\/www.canons.es\/#organization","name":"Cirug\u00eda Pl\u00e1stica y Est\u00e9tica Barcelona y Granollers | C\u00e0nons Clinics","url":"https:\/\/www.canons.es\/","logo":{"@type":"ImageObject","inLanguage":"en-US","@id":"https:\/\/www.canons.es\/#\/schema\/logo\/image\/","url":"https:\/\/www.canons.es\/wp-content\/uploads\/2025\/04\/logo-canons-clinics.jpg","contentUrl":"https:\/\/www.canons.es\/wp-content\/uploads\/2025\/04\/logo-canons-clinics.jpg","width":600,"height":139,"caption":"Cirug\u00eda Pl\u00e1stica y Est\u00e9tica Barcelona y Granollers | C\u00e0nons Clinics"},"image":{"@id":"https:\/\/www.canons.es\/#\/schema\/logo\/image\/"},"sameAs":["https:\/\/www.facebook.com\/canonsclinics\/","https:\/\/x.com\/canonsclinics","https:\/\/www.instagram.com\/canonsclinics\/","https:\/\/www.youtube.com\/channel\/UCI1Ia6LjALyo1CuQ0_HwtfQ","https:\/\/www.linkedin.com\/company\/canons-clinics\/"]}]}},"_links":{"self":[{"href":"https:\/\/www.canons.es\/en\/wp-json\/wp\/v2\/pages\/13336","targetHints":{"allow":["GET"]}}],"collection":[{"href":"https:\/\/www.canons.es\/en\/wp-json\/wp\/v2\/pages"}],"about":[{"href":"https:\/\/www.canons.es\/en\/wp-json\/wp\/v2\/types\/page"}],"author":[{"embeddable":true,"href":"https:\/\/www.canons.es\/en\/wp-json\/wp\/v2\/users\/25"}],"replies":[{"embeddable":true,"href":"https:\/\/www.canons.es\/en\/wp-json\/wp\/v2\/comments?post=13336"}],"version-history":[{"count":0,"href":"https:\/\/www.canons.es\/en\/wp-json\/wp\/v2\/pages\/13336\/revisions"}],"wp:attachment":[{"href":"https:\/\/www.canons.es\/en\/wp-json\/wp\/v2\/media?parent=13336"}],"curies":[{"name":"wp","href":"https:\/\/api.w.org\/{rel}","templated":true}]}}