{"id":12230,"date":"2016-06-21T13:35:28","date_gmt":"2016-06-21T13:35:28","guid":{"rendered":"https:\/\/www.canons.es\/en\/judit-raimundo-gonzalez\/"},"modified":"2021-11-23T08:19:50","modified_gmt":"2021-11-23T08:19:50","slug":"judit-raimundo-gonzalez","status":"publish","type":"page","link":"https:\/\/www.canons.es\/en\/canons-team\/judit-raimundo-gonzalez\/","title":{"rendered":"Equipo C\u00e0nons Clinics"},"content":{"rendered":"<div class=\"wpb-content-wrapper\"><p>[vc_row css_animation=&#8221;&#8221; row_type=&#8221;row&#8221; use_row_as_full_screen_section=&#8221;no&#8221; type=&#8221;full_width&#8221; angled_section=&#8221;no&#8221; text_align=&#8221;left&#8221; background_image_as_pattern=&#8221;without_pattern&#8221; section_type=&#8221;full-width&#8221;][vc_column width=&#8221;1\/2&#8243;][vc_single_image image=&#8221;19907&#8243; img_size=&#8221;full&#8221; qode_css_animation=&#8221;&#8221; css_animation=&#8221;fadeInLeft&#8221;][\/vc_column][vc_column width=&#8221;1\/2&#8243;][vc_column_text]<\/p>\n<h1 style=\"color: #6d98dc;\">Judit Raimundo Gonz\u00e1lez<\/h1>\n<p>[\/vc_column_text][vc_empty_space][vc_column_text]<\/p>\n<div id=\"stcpDiv\"><strong>Beautician \u2013 Image Consulting<\/strong><\/div>\n<p>[\/vc_column_text][vc_empty_space][vc_column_text]<\/p>\n<h4><span style=\"color: #6d98dc;\">ACADEMIC INFORMATION<\/span><\/h4>\n<p>&nbsp;<\/p>\n<ul>\n<li>Formative cycle of medium level of personal aesthetic, in Parc Estudi, Granollers<\/li>\n<li>Course of Fantasy makeup, in Parc Estudi, Granollers<\/li>\n<li>Course of LPG endermologie, in\u00a0Solilaser, Girona<\/li>\n<li>Makeup course, in Josep Pons, Barcelona<\/li>\n<li>Course hair removal laser and photodepilation<\/li>\n<li>Manual lymphatic drainage course, in DRV S.A<\/li>\n<li>Course of chiromassage<\/li>\n<li>Geothermal massage<\/li>\n<\/ul>\n<p>[\/vc_column_text][\/vc_column][\/vc_row][vc_row css_animation=&#8221;&#8221; row_type=&#8221;row&#8221; use_row_as_full_screen_section=&#8221;no&#8221; type=&#8221;full_width&#8221; angled_section=&#8221;no&#8221; text_align=&#8221;left&#8221; background_image_as_pattern=&#8221;without_pattern&#8221;][vc_column][vc_empty_space][\/vc_column][\/vc_row][vc_row css_animation=&#8221;&#8221; row_type=&#8221;row&#8221; use_row_as_full_screen_section=&#8221;no&#8221; type=&#8221;full_width&#8221; angled_section=&#8221;no&#8221; text_align=&#8221;left&#8221; background_image_as_pattern=&#8221;without_pattern&#8221; section_type=&#8221;full-width&#8221;][vc_column][vc_accordion style=&#8221;accordion&#8221;][vc_accordion_tab title=&#8221;PROFESSIONAL EXPERIENCE&#8221;][vc_column_text]<\/p>\n<ul>\n<li>Espais Mima (April 2004 &#8211; March 2005)<\/li>\n<li>Estil i Colors (March 2005 &#8211; December 2005)<\/li>\n<li>Armon\u00eda (December 2005 &#8211; November 2006)<\/li>\n<li>E.E. Bnstar (December 2006 &#8211; January 2008).<\/li>\n<li>Espai Est\u00e8tic (April 2009 &#8211; January 2012)<\/li>\n<li>Club Fitness DiR (October 2013 &#8211; October 2014)<\/li>\n<li>Instal\u00b7lacions de Lleure Esportiu Illa (December 2014 &#8211;\u00a0 October 2016)<\/li>\n<li>Esthetician and Aesthetic Medicine Assistant at C\u00e0nons Clinics de Granollers (October 2016-Present).<\/li>\n<\/ul>\n<p>[\/vc_column_text][\/vc_accordion_tab][\/vc_accordion][\/vc_column][\/vc_row]<\/p>\n<\/div><!-- AddThis Advanced Settings generic via filter on the_content --><!-- AddThis Share Buttons generic via filter on the_content -->","protected":false},"excerpt":{"rendered":"<p>[vc_row css_animation=&#8221;&#8221; row_type=&#8221;row&#8221; use_row_as_full_screen_section=&#8221;no&#8221; type=&#8221;full_width&#8221; angled_section=&#8221;no&#8221; text_align=&#8221;left&#8221; background_image_as_pattern=&#8221;without_pattern&#8221; section_type=&#8221;full-width&#8221;][vc_column width=&#8221;1\/2&#8243;][vc_single_image image=&#8221;19907&#8243; img_size=&#8221;full&#8221; qode_css_animation=&#8221;&#8221; css_animation=&#8221;fadeInLeft&#8221;][\/vc_column][vc_column width=&#8221;1\/2&#8243;][vc_column_text] Judit Raimundo Gonz\u00e1lez [\/vc_column_text][vc_empty_space][vc_column_text] Beautician \u2013 Image Consulting [\/vc_column_text][vc_empty_space][vc_column_text] ACADEMIC INFORMATION &nbsp; Formative cycle of medium level of personal aesthetic, in Parc Estudi, Granollers Course of Fantasy makeup, in Parc&#8230;<!-- AddThis Advanced Settings generic via filter on get_the_excerpt --><!-- AddThis Share Buttons generic via filter on get_the_excerpt --><\/p>\n","protected":false},"author":25,"featured_media":0,"parent":8971,"menu_order":0,"comment_status":"closed","ping_status":"closed","template":"","meta":{"footnotes":""},"class_list":["post-12230","page","type-page","status-publish","hentry"],"yoast_head":"<!-- This site is optimized with the Yoast SEO Premium plugin v26.9 (Yoast SEO v27.2) - https:\/\/yoast.com\/product\/yoast-seo-premium-wordpress\/ -->\n<title>Equipo C\u00e0nons Clinics - Canons Clinic | Surgery and Aesthetic Medicine in Barcelona, \u200b\u200bGranollers<\/title>\n<meta name=\"robots\" content=\"index, follow, max-snippet:-1, max-image-preview:large, max-video-preview:-1\" \/>\n<link rel=\"canonical\" href=\"https:\/\/www.canons.es\/en\/canons-team\/judit-raimundo-gonzalez\/\" \/>\n<meta property=\"og:locale\" content=\"en_US\" \/>\n<meta property=\"og:type\" content=\"article\" \/>\n<meta property=\"og:title\" content=\"Equipo C\u00e0nons Clinics\" \/>\n<meta property=\"og:description\" content=\"[vc_row css_animation=&#8221;&#8221; row_type=&#8221;row&#8221; use_row_as_full_screen_section=&#8221;no&#8221; type=&#8221;full_width&#8221; angled_section=&#8221;no&#8221; text_align=&#8221;left&#8221; background_image_as_pattern=&#8221;without_pattern&#8221; section_type=&#8221;full-width&#8221;][vc_column width=&#8221;1\/2&#8243;][vc_single_image image=&#8221;19907&#8243; img_size=&#8221;full&#8221; qode_css_animation=&#8221;&#8221; css_animation=&#8221;fadeInLeft&#8221;][\/vc_column][vc_column width=&#8221;1\/2&#8243;][vc_column_text] Judit Raimundo Gonz\u00e1lez [\/vc_column_text][vc_empty_space][vc_column_text] Beautician \u2013 Image Consulting [\/vc_column_text][vc_empty_space][vc_column_text] ACADEMIC INFORMATION &nbsp; Formative cycle of medium level of personal aesthetic, in Parc Estudi, Granollers Course of Fantasy makeup, in Parc...\" \/>\n<meta property=\"og:url\" content=\"https:\/\/www.canons.es\/en\/canons-team\/judit-raimundo-gonzalez\/\" \/>\n<meta property=\"og:site_name\" content=\"Canons Clinic | Surgery and Aesthetic Medicine in Barcelona, \u200b\u200bGranollers\" \/>\n<meta property=\"article:publisher\" content=\"https:\/\/www.facebook.com\/canonsclinics\/\" \/>\n<meta property=\"article:modified_time\" content=\"2021-11-23T08:19:50+00:00\" \/>\n<meta name=\"twitter:card\" content=\"summary_large_image\" \/>\n<meta name=\"twitter:site\" content=\"@canonsclinics\" \/>\n<meta name=\"twitter:label1\" content=\"Est. reading time\" \/>\n\t<meta name=\"twitter:data1\" content=\"1 minute\" \/>\n<script type=\"application\/ld+json\" class=\"yoast-schema-graph\">{\"@context\":\"https:\/\/schema.org\",\"@graph\":[{\"@type\":\"WebPage\",\"@id\":\"https:\/\/www.canons.es\/en\/canons-team\/judit-raimundo-gonzalez\/\",\"url\":\"https:\/\/www.canons.es\/en\/canons-team\/judit-raimundo-gonzalez\/\",\"name\":\"Equipo C\u00e0nons Clinics - Canons Clinic | Surgery and Aesthetic Medicine in Barcelona, \u200b\u200bGranollers\",\"isPartOf\":{\"@id\":\"https:\/\/www.canons.es\/#website\"},\"datePublished\":\"2016-06-21T13:35:28+00:00\",\"dateModified\":\"2021-11-23T08:19:50+00:00\",\"breadcrumb\":{\"@id\":\"https:\/\/www.canons.es\/en\/canons-team\/judit-raimundo-gonzalez\/#breadcrumb\"},\"inLanguage\":\"en-US\",\"potentialAction\":[{\"@type\":\"ReadAction\",\"target\":[\"https:\/\/www.canons.es\/en\/canons-team\/judit-raimundo-gonzalez\/\"]}]},{\"@type\":\"BreadcrumbList\",\"@id\":\"https:\/\/www.canons.es\/en\/canons-team\/judit-raimundo-gonzalez\/#breadcrumb\",\"itemListElement\":[{\"@type\":\"ListItem\",\"position\":1,\"name\":\"Portada\",\"item\":\"https:\/\/www.canons.es\/en\/\"},{\"@type\":\"ListItem\",\"position\":2,\"name\":\"C\u00e0nons Clinics Team\",\"item\":\"https:\/\/www.canons.es\/equipo-canons\/\"},{\"@type\":\"ListItem\",\"position\":3,\"name\":\"Equipo C\u00e0nons Clinics\"}]},{\"@type\":\"WebSite\",\"@id\":\"https:\/\/www.canons.es\/#website\",\"url\":\"https:\/\/www.canons.es\/\",\"name\":\"Cirug\u00eda Pl\u00e1stica y Est\u00e9tica Barcelona y Granollers | C\u00e0nons Clinics\",\"description\":\"\",\"publisher\":{\"@id\":\"https:\/\/www.canons.es\/#organization\"},\"potentialAction\":[{\"@type\":\"SearchAction\",\"target\":{\"@type\":\"EntryPoint\",\"urlTemplate\":\"https:\/\/www.canons.es\/?s={search_term_string}\"},\"query-input\":{\"@type\":\"PropertyValueSpecification\",\"valueRequired\":true,\"valueName\":\"search_term_string\"}}],\"inLanguage\":\"en-US\"},{\"@type\":\"Organization\",\"@id\":\"https:\/\/www.canons.es\/#organization\",\"name\":\"Cirug\u00eda Pl\u00e1stica y Est\u00e9tica Barcelona y Granollers | C\u00e0nons Clinics\",\"url\":\"https:\/\/www.canons.es\/\",\"logo\":{\"@type\":\"ImageObject\",\"inLanguage\":\"en-US\",\"@id\":\"https:\/\/www.canons.es\/#\/schema\/logo\/image\/\",\"url\":\"https:\/\/www.canons.es\/wp-content\/uploads\/2025\/04\/logo-canons-clinics.jpg\",\"contentUrl\":\"https:\/\/www.canons.es\/wp-content\/uploads\/2025\/04\/logo-canons-clinics.jpg\",\"width\":600,\"height\":139,\"caption\":\"Cirug\u00eda Pl\u00e1stica y Est\u00e9tica Barcelona y Granollers | C\u00e0nons Clinics\"},\"image\":{\"@id\":\"https:\/\/www.canons.es\/#\/schema\/logo\/image\/\"},\"sameAs\":[\"https:\/\/www.facebook.com\/canonsclinics\/\",\"https:\/\/x.com\/canonsclinics\",\"https:\/\/www.instagram.com\/canonsclinics\/\",\"https:\/\/www.youtube.com\/channel\/UCI1Ia6LjALyo1CuQ0_HwtfQ\",\"https:\/\/www.linkedin.com\/company\/canons-clinics\/\"]}]}<\/script>\n<!-- \/ Yoast SEO Premium plugin. -->","yoast_head_json":{"title":"Equipo C\u00e0nons Clinics - Canons Clinic | Surgery and Aesthetic Medicine in Barcelona, \u200b\u200bGranollers","robots":{"index":"index","follow":"follow","max-snippet":"max-snippet:-1","max-image-preview":"max-image-preview:large","max-video-preview":"max-video-preview:-1"},"canonical":"https:\/\/www.canons.es\/en\/canons-team\/judit-raimundo-gonzalez\/","og_locale":"en_US","og_type":"article","og_title":"Equipo C\u00e0nons Clinics","og_description":"[vc_row css_animation=&#8221;&#8221; row_type=&#8221;row&#8221; use_row_as_full_screen_section=&#8221;no&#8221; type=&#8221;full_width&#8221; angled_section=&#8221;no&#8221; text_align=&#8221;left&#8221; background_image_as_pattern=&#8221;without_pattern&#8221; section_type=&#8221;full-width&#8221;][vc_column width=&#8221;1\/2&#8243;][vc_single_image image=&#8221;19907&#8243; img_size=&#8221;full&#8221; qode_css_animation=&#8221;&#8221; css_animation=&#8221;fadeInLeft&#8221;][\/vc_column][vc_column width=&#8221;1\/2&#8243;][vc_column_text] Judit Raimundo Gonz\u00e1lez [\/vc_column_text][vc_empty_space][vc_column_text] Beautician \u2013 Image Consulting [\/vc_column_text][vc_empty_space][vc_column_text] ACADEMIC INFORMATION &nbsp; Formative cycle of medium level of personal aesthetic, in Parc Estudi, Granollers Course of Fantasy makeup, in Parc...","og_url":"https:\/\/www.canons.es\/en\/canons-team\/judit-raimundo-gonzalez\/","og_site_name":"Canons Clinic | Surgery and Aesthetic Medicine in Barcelona, \u200b\u200bGranollers","article_publisher":"https:\/\/www.facebook.com\/canonsclinics\/","article_modified_time":"2021-11-23T08:19:50+00:00","twitter_card":"summary_large_image","twitter_site":"@canonsclinics","twitter_misc":{"Est. reading time":"1 minute"},"schema":{"@context":"https:\/\/schema.org","@graph":[{"@type":"WebPage","@id":"https:\/\/www.canons.es\/en\/canons-team\/judit-raimundo-gonzalez\/","url":"https:\/\/www.canons.es\/en\/canons-team\/judit-raimundo-gonzalez\/","name":"Equipo C\u00e0nons Clinics - Canons Clinic | Surgery and Aesthetic Medicine in Barcelona, \u200b\u200bGranollers","isPartOf":{"@id":"https:\/\/www.canons.es\/#website"},"datePublished":"2016-06-21T13:35:28+00:00","dateModified":"2021-11-23T08:19:50+00:00","breadcrumb":{"@id":"https:\/\/www.canons.es\/en\/canons-team\/judit-raimundo-gonzalez\/#breadcrumb"},"inLanguage":"en-US","potentialAction":[{"@type":"ReadAction","target":["https:\/\/www.canons.es\/en\/canons-team\/judit-raimundo-gonzalez\/"]}]},{"@type":"BreadcrumbList","@id":"https:\/\/www.canons.es\/en\/canons-team\/judit-raimundo-gonzalez\/#breadcrumb","itemListElement":[{"@type":"ListItem","position":1,"name":"Portada","item":"https:\/\/www.canons.es\/en\/"},{"@type":"ListItem","position":2,"name":"C\u00e0nons Clinics Team","item":"https:\/\/www.canons.es\/equipo-canons\/"},{"@type":"ListItem","position":3,"name":"Equipo C\u00e0nons Clinics"}]},{"@type":"WebSite","@id":"https:\/\/www.canons.es\/#website","url":"https:\/\/www.canons.es\/","name":"Cirug\u00eda Pl\u00e1stica y Est\u00e9tica Barcelona y Granollers | C\u00e0nons Clinics","description":"","publisher":{"@id":"https:\/\/www.canons.es\/#organization"},"potentialAction":[{"@type":"SearchAction","target":{"@type":"EntryPoint","urlTemplate":"https:\/\/www.canons.es\/?s={search_term_string}"},"query-input":{"@type":"PropertyValueSpecification","valueRequired":true,"valueName":"search_term_string"}}],"inLanguage":"en-US"},{"@type":"Organization","@id":"https:\/\/www.canons.es\/#organization","name":"Cirug\u00eda Pl\u00e1stica y Est\u00e9tica Barcelona y Granollers | C\u00e0nons Clinics","url":"https:\/\/www.canons.es\/","logo":{"@type":"ImageObject","inLanguage":"en-US","@id":"https:\/\/www.canons.es\/#\/schema\/logo\/image\/","url":"https:\/\/www.canons.es\/wp-content\/uploads\/2025\/04\/logo-canons-clinics.jpg","contentUrl":"https:\/\/www.canons.es\/wp-content\/uploads\/2025\/04\/logo-canons-clinics.jpg","width":600,"height":139,"caption":"Cirug\u00eda Pl\u00e1stica y Est\u00e9tica Barcelona y Granollers | C\u00e0nons Clinics"},"image":{"@id":"https:\/\/www.canons.es\/#\/schema\/logo\/image\/"},"sameAs":["https:\/\/www.facebook.com\/canonsclinics\/","https:\/\/x.com\/canonsclinics","https:\/\/www.instagram.com\/canonsclinics\/","https:\/\/www.youtube.com\/channel\/UCI1Ia6LjALyo1CuQ0_HwtfQ","https:\/\/www.linkedin.com\/company\/canons-clinics\/"]}]}},"_links":{"self":[{"href":"https:\/\/www.canons.es\/en\/wp-json\/wp\/v2\/pages\/12230","targetHints":{"allow":["GET"]}}],"collection":[{"href":"https:\/\/www.canons.es\/en\/wp-json\/wp\/v2\/pages"}],"about":[{"href":"https:\/\/www.canons.es\/en\/wp-json\/wp\/v2\/types\/page"}],"author":[{"embeddable":true,"href":"https:\/\/www.canons.es\/en\/wp-json\/wp\/v2\/users\/25"}],"replies":[{"embeddable":true,"href":"https:\/\/www.canons.es\/en\/wp-json\/wp\/v2\/comments?post=12230"}],"version-history":[{"count":0,"href":"https:\/\/www.canons.es\/en\/wp-json\/wp\/v2\/pages\/12230\/revisions"}],"up":[{"embeddable":true,"href":"https:\/\/www.canons.es\/en\/wp-json\/wp\/v2\/pages\/8971"}],"wp:attachment":[{"href":"https:\/\/www.canons.es\/en\/wp-json\/wp\/v2\/media?parent=12230"}],"curies":[{"name":"wp","href":"https:\/\/api.w.org\/{rel}","templated":true}]}}