{"id":10401,"date":"2014-08-26T08:34:26","date_gmt":"2014-08-26T08:34:26","guid":{"rendered":"https:\/\/www.canons.es\/en\/contacto-barcelona\/"},"modified":"2023-09-19T12:52:39","modified_gmt":"2023-09-19T12:52:39","slug":"contacto-barcelona","status":"publish","type":"page","link":"https:\/\/www.canons.es\/en\/contacto-barcelona\/","title":{"rendered":"Contact Barcelona"},"content":{"rendered":"<div class=\"wpb-content-wrapper\"><p>[vc_row css_animation=&#8221;&#8221; row_type=&#8221;row&#8221; use_row_as_full_screen_section=&#8221;no&#8221; type=&#8221;full_width&#8221; angled_section=&#8221;no&#8221; text_align=&#8221;left&#8221; background_image_as_pattern=&#8221;without_pattern&#8221;][vc_column][vc_empty_space][vc_row_inner row_type=&#8221;row&#8221; type=&#8221;full_width&#8221; text_align=&#8221;left&#8221; css_animation=&#8221;&#8221;][vc_column_inner width=&#8221;1\/2&#8243;][vc_gmaps link=&#8221;#E-8_JTNDaWZyYW1lJTIwc3JjJTNEJTIyaHR0cHMlM0ElMkYlMkZ3d3cuZ29vZ2xlLmNvbSUyRm1hcHMlMkZlbWJlZCUzRnBiJTNEJTIxMW0xOCUyMTFtMTIlMjExbTMlMjExZDExOTcxLjI0MDUyNDEzNDMxMyUyMTJkMi4xNzIzODI0MDEzNDUxNjglMjEzZDQxLjM5OTkyOTU3NDg0MjQlMjEybTMlMjExZjAlMjEyZjAlMjEzZjAlMjEzbTIlMjExaTEwMjQlMjEyaTc2OCUyMTRmMTMuMSUyMTNtMyUyMTFtMiUyMTFzMHgxMmE0YTJlODMzZDEyYTlmJTI1M0EweDgyMjA0MmFkNjU3MTI3NmMlMjEyc0F2aW5ndWRhJTJCRGlhZ29uYWwlMjUyQyUyQjM1NCUyNTJDJTJCMDgwMTMlMkJCYXJjZWxvbmElMjE1ZTAlMjEzbTIlMjExc2NhJTIxMnNlcyUyMTR2MTU1NjAxNDgxNTI0NCUyMTVtMiUyMTFzY2ElMjEyc2VzJTIyJTIwd2lkdGglM0QlMjI2MDAlMjIlMjBoZWlnaHQlM0QlMjI0NTAlMjIlMjBmcmFtZWJvcmRlciUzRCUyMjAlMjIlMjBzdHlsZSUzRCUyMmJvcmRlciUzQTAlMjIlMjBhbGxvd2Z1bGxzY3JlZW4lM0UlM0MlMkZpZnJhbWUlM0U=&#8221; lat=&#8221;41.4053735&#8243; lon=&#8221;2.1660230999999612&#8243; address=&#8221;C\/ N\u00e0pols 345, 08025 Barcelona&#8221; height=&#8221;450px&#8221; zoom=&#8221;14&#8243; scrollwheel=&#8221;false&#8221;][vc_empty_space][vc_raw_html]JTNDcCUyMHN0eWxlJTNEJTIyZm9udC1mYW1pbHklM0ElMjBNb250c2VycmF0JTNCZm9udC1zaXplJTNBMThweCUzQnBhZGRpbmclM0ElMjAwJTIwMCUyMDAlMjAxNXB4JTNCJTIyJTIwY2xhc3MlM0QlMjJ0bGYlMjIlM0UlM0NpJTIwY2xhc3MlM0QlMjJxb2RlX2ljb25fZm9udF9hd2Vzb21lJTIwZmElMjBmYS1waG9uZSUyMHNpbXBsZV9zb2NpYWwlMjIlMjBzdHlsZSUzRCUyMmNvbG9yJTNBJTIwJTIzNjRiOGUxJTNCJTIyJTNFJTNDJTJGaSUzRSUzQ2ElMjBocmVmJTNEJTIydGVsJTNBJTJCMzQ2ODMyNzA3MDklMjIlM0UlMjA2ODMlMjAyNyUyMDA3JTIwMDklM0MlMkZhJTNFJTBBJTNDaSUyMGNsYXNzJTNEJTIycW9kZV9pY29uX2ZvbnRfYXdlc29tZSUyMGZhJTIwZmEtd2hhdHNhcHAlMjBzaW1wbGVfc29jaWFsJTIyJTIwc3R5bGUlM0QlMjJjb2xvciUzQSUyMCUyMzY0YjhlMSUzQm1hcmdpbi1sZWZ0JTNBMTJweCUzQiUyMiUzRSUzQyUyRmklM0UlMEElM0NhJTIwaHJlZiUzRCUyMmh0dHBzJTNBJTJGJTJGYXBpLndoYXRzYXBwLmNvbSUyRnNlbmQlM0ZwaG9uZSUzRCUyQjM0NjgzMjcwNzA5JTIyJTNFNjgzJTIwMjclMjAwNyUyMDA5JTNDJTJGYSUzRSUzQyUyRnAlM0UlMEE=[\/vc_raw_html][\/vc_column_inner][vc_column_inner width=&#8221;1\/2&#8243;]\n<div class=\"wpcf7 no-js\" id=\"wpcf7-f10545-o1\" lang=\"en-US\" dir=\"ltr\" data-wpcf7-id=\"10545\">\n<div class=\"screen-reader-response\"><p role=\"status\" aria-live=\"polite\" aria-atomic=\"true\"><\/p> <ul><\/ul><\/div>\n<form action=\"\/en\/wp-json\/wp\/v2\/pages\/10401#wpcf7-f10545-o1\" method=\"post\" class=\"wpcf7-form init default\" aria-label=\"Contact form\" novalidate=\"novalidate\" data-status=\"init\">\n<fieldset class=\"hidden-fields-container\"><input type=\"hidden\" name=\"_wpcf7\" value=\"10545\" \/><input type=\"hidden\" name=\"_wpcf7_version\" value=\"6.1.5\" \/><input type=\"hidden\" name=\"_wpcf7_locale\" value=\"en_US\" \/><input type=\"hidden\" name=\"_wpcf7_unit_tag\" value=\"wpcf7-f10545-o1\" \/><input type=\"hidden\" name=\"_wpcf7_container_post\" value=\"0\" \/><input type=\"hidden\" name=\"_wpcf7_posted_data_hash\" value=\"\" \/>\n<\/fieldset>\n<div class=\"row\">\n\t<div class=\"col-md-5\">\n\t\t<p><span class=\"wpcf7-form-control-wrap\" data-name=\"your-name\"><input size=\"40\" maxlength=\"400\" class=\"wpcf7-form-control wpcf7-text wpcf7-validates-as-required\" aria-required=\"true\" aria-invalid=\"false\" placeholder=\"Name *\" value=\"\" type=\"text\" name=\"your-name\" \/><\/span>\n\t\t<\/p>\n\t\t<p><span class=\"wpcf7-form-control-wrap\" data-name=\"telf\"><input size=\"40\" maxlength=\"400\" class=\"wpcf7-form-control wpcf7-text wpcf7-validates-as-required\" aria-required=\"true\" aria-invalid=\"false\" placeholder=\"Telephone *\" value=\"\" type=\"text\" name=\"telf\" \/><\/span>\n\t\t<\/p>\n\t\t<p><span class=\"wpcf7-form-control-wrap\" data-name=\"your-email\"><input size=\"40\" maxlength=\"400\" class=\"wpcf7-form-control wpcf7-email wpcf7-validates-as-required wpcf7-text wpcf7-validates-as-email\" aria-required=\"true\" aria-invalid=\"false\" placeholder=\"Email *\" value=\"\" type=\"email\" name=\"your-email\" \/><\/span>\n\t\t<\/p>\n\t<\/div>\n\t<div class=\"col-md-7\">\n\t\t<p><span class=\"wpcf7-form-control-wrap\" data-name=\"textarea-562\"><textarea cols=\"40\" rows=\"10\" maxlength=\"2000\" class=\"wpcf7-form-control wpcf7-textarea\" aria-invalid=\"false\" placeholder=\"Enquiry\" name=\"textarea-562\"><\/textarea><\/span>\n\t\t<\/p>\n\t<\/div>\n<\/div>\n<div class=\"row\">\n\t<div class=\"col-md-3\">\n\t\t<p><input class=\"wpcf7-form-control wpcf7-submit has-spinner\" type=\"submit\" value=\"SEND\" \/>\n\t\t<\/p>\n\t<\/div>\n<\/div>\n<div class=\"row\">\n\t<div class=\"col-md-12\">\n\t\t<p><span class=\"wpcf7-form-control-wrap\" data-name=\"acceptance-617\"><span class=\"wpcf7-form-control wpcf7-acceptance\"><span class=\"wpcf7-list-item\"><input type=\"checkbox\" name=\"acceptance-617\" value=\"1\" aria-invalid=\"false\" \/><\/span><\/span><\/span> I have read, I understand and agree with the<a style=\"text-decoration:none;\" href=\"https:\/\/www.canons.es\/politica-de-privacidad\"> Private Policy<\/a>.\n\t\t<\/p>\n\t<\/div>\n<\/div><div class=\"wpcf7-response-output\" aria-hidden=\"true\"><\/div>\n<\/form>\n<\/div>\n[\/vc_column_inner][\/vc_row_inner][\/vc_column][\/vc_row]<\/p>\n<\/div><!-- AddThis Advanced Settings generic via filter on the_content --><!-- AddThis Share Buttons generic via filter on the_content -->","protected":false},"excerpt":{"rendered":"<p>[vc_row css_animation=&#8221;&#8221; row_type=&#8221;row&#8221; use_row_as_full_screen_section=&#8221;no&#8221; type=&#8221;full_width&#8221; angled_section=&#8221;no&#8221; text_align=&#8221;left&#8221; background_image_as_pattern=&#8221;without_pattern&#8221;][vc_column][vc_empty_space][vc_row_inner row_type=&#8221;row&#8221; type=&#8221;full_width&#8221; text_align=&#8221;left&#8221; css_animation=&#8221;&#8221;][vc_column_inner width=&#8221;1\/2&#8243;][vc_gmaps link=&#8221;#E-8_JTNDaWZyYW1lJTIwc3JjJTNEJTIyaHR0cHMlM0ElMkYlMkZ3d3cuZ29vZ2xlLmNvbSUyRm1hcHMlMkZlbWJlZCUzRnBiJTNEJTIxMW0xOCUyMTFtMTIlMjExbTMlMjExZDExOTcxLjI0MDUyNDEzNDMxMyUyMTJkMi4xNzIzODI0MDEzNDUxNjglMjEzZDQxLjM5OTkyOTU3NDg0MjQlMjEybTMlMjExZjAlMjEyZjAlMjEzZjAlMjEzbTIlMjExaTEwMjQlMjEyaTc2OCUyMTRmMTMuMSUyMTNtMyUyMTFtMiUyMTFzMHgxMmE0YTJlODMzZDEyYTlmJTI1M0EweDgyMjA0MmFkNjU3MTI3NmMlMjEyc0F2aW5ndWRhJTJCRGlhZ29uYWwlMjUyQyUyQjM1NCUyNTJDJTJCMDgwMTMlMkJCYXJjZWxvbmElMjE1ZTAlMjEzbTIlMjExc2NhJTIxMnNlcyUyMTR2MTU1NjAxNDgxNTI0NCUyMTVtMiUyMTFzY2ElMjEyc2VzJTIyJTIwd2lkdGglM0QlMjI2MDAlMjIlMjBoZWlnaHQlM0QlMjI0NTAlMjIlMjBmcmFtZWJvcmRlciUzRCUyMjAlMjIlMjBzdHlsZSUzRCUyMmJvcmRlciUzQTAlMjIlMjBhbGxvd2Z1bGxzY3JlZW4lM0UlM0MlMkZpZnJhbWUlM0U=&#8221; lat=&#8221;41.4053735&#8243; lon=&#8221;2.1660230999999612&#8243; address=&#8221;C\/ N\u00e0pols 345, 08025 Barcelona&#8221; height=&#8221;450px&#8221; zoom=&#8221;14&#8243; scrollwheel=&#8221;false&#8221;][vc_empty_space][vc_raw_html]JTNDcCUyMHN0eWxlJTNEJTIyZm9udC1mYW1pbHklM0ElMjBNb250c2VycmF0JTNCZm9udC1zaXplJTNBMThweCUzQnBhZGRpbmclM0ElMjAwJTIwMCUyMDAlMjAxNXB4JTNCJTIyJTIwY2xhc3MlM0QlMjJ0bGYlMjIlM0UlM0NpJTIwY2xhc3MlM0QlMjJxb2RlX2ljb25fZm9udF9hd2Vzb21lJTIwZmElMjBmYS1waG9uZSUyMHNpbXBsZV9zb2NpYWwlMjIlMjBzdHlsZSUzRCUyMmNvbG9yJTNBJTIwJTIzNjRiOGUxJTNCJTIyJTNFJTNDJTJGaSUzRSUzQ2ElMjBocmVmJTNEJTIydGVsJTNBJTJCMzQ2ODMyNzA3MDklMjIlM0UlMjA2ODMlMjAyNyUyMDA3JTIwMDklM0MlMkZhJTNFJTBBJTNDaSUyMGNsYXNzJTNEJTIycW9kZV9pY29uX2ZvbnRfYXdlc29tZSUyMGZhJTIwZmEtd2hhdHNhcHAlMjBzaW1wbGVfc29jaWFsJTIyJTIwc3R5bGUlM0QlMjJjb2xvciUzQSUyMCUyMzY0YjhlMSUzQm1hcmdpbi1sZWZ0JTNBMTJweCUzQiUyMiUzRSUzQyUyRmklM0UlMEElM0NhJTIwaHJlZiUzRCUyMmh0dHBzJTNBJTJGJTJGYXBpLndoYXRzYXBwLmNvbSUyRnNlbmQlM0ZwaG9uZSUzRCUyQjM0NjgzMjcwNzA5JTIyJTNFNjgzJTIwMjclMjAwNyUyMDA5JTNDJTJGYSUzRSUzQyUyRnAlM0UlMEE=[\/vc_raw_html][\/vc_column_inner][vc_column_inner width=&#8221;1\/2&#8243;][\/vc_column_inner][\/vc_row_inner][\/vc_column][\/vc_row]<!-- AddThis Advanced Settings generic via filter on get_the_excerpt --><!-- AddThis Share Buttons generic via filter on get_the_excerpt --><\/p>\n","protected":false},"author":25,"featured_media":0,"parent":0,"menu_order":0,"comment_status":"open","ping_status":"open","template":"","meta":{"footnotes":""},"class_list":["post-10401","page","type-page","status-publish","hentry"],"yoast_head":"<!-- This site is optimized with the Yoast SEO Premium plugin v26.9 (Yoast SEO v27.2) - https:\/\/yoast.com\/product\/yoast-seo-premium-wordpress\/ -->\n<title>Contact Barcelona - Canons Clinic | Surgery and Aesthetic Medicine in Barcelona, \u200b\u200bGranollers<\/title>\n<meta name=\"robots\" content=\"index, follow, max-snippet:-1, max-image-preview:large, max-video-preview:-1\" \/>\n<link rel=\"canonical\" href=\"https:\/\/www.canons.es\/canons-barcelona\/\" \/>\n<meta property=\"og:locale\" content=\"en_US\" \/>\n<meta property=\"og:type\" content=\"article\" \/>\n<meta property=\"og:title\" content=\"Contact Barcelona\" \/>\n<meta property=\"og:description\" content=\"[vc_row css_animation=&#8221;&#8221; row_type=&#8221;row&#8221; use_row_as_full_screen_section=&#8221;no&#8221; type=&#8221;full_width&#8221; angled_section=&#8221;no&#8221; text_align=&#8221;left&#8221; background_image_as_pattern=&#8221;without_pattern&#8221;][vc_column][vc_empty_space][vc_row_inner row_type=&#8221;row&#8221; type=&#8221;full_width&#8221; text_align=&#8221;left&#8221; css_animation=&#8221;&#8221;][vc_column_inner width=&#8221;1\/2&#8243;][vc_gmaps link=&#8221;#E-8_JTNDaWZyYW1lJTIwc3JjJTNEJTIyaHR0cHMlM0ElMkYlMkZ3d3cuZ29vZ2xlLmNvbSUyRm1hcHMlMkZlbWJlZCUzRnBiJTNEJTIxMW0xOCUyMTFtMTIlMjExbTMlMjExZDExOTcxLjI0MDUyNDEzNDMxMyUyMTJkMi4xNzIzODI0MDEzNDUxNjglMjEzZDQxLjM5OTkyOTU3NDg0MjQlMjEybTMlMjExZjAlMjEyZjAlMjEzZjAlMjEzbTIlMjExaTEwMjQlMjEyaTc2OCUyMTRmMTMuMSUyMTNtMyUyMTFtMiUyMTFzMHgxMmE0YTJlODMzZDEyYTlmJTI1M0EweDgyMjA0MmFkNjU3MTI3NmMlMjEyc0F2aW5ndWRhJTJCRGlhZ29uYWwlMjUyQyUyQjM1NCUyNTJDJTJCMDgwMTMlMkJCYXJjZWxvbmElMjE1ZTAlMjEzbTIlMjExc2NhJTIxMnNlcyUyMTR2MTU1NjAxNDgxNTI0NCUyMTVtMiUyMTFzY2ElMjEyc2VzJTIyJTIwd2lkdGglM0QlMjI2MDAlMjIlMjBoZWlnaHQlM0QlMjI0NTAlMjIlMjBmcmFtZWJvcmRlciUzRCUyMjAlMjIlMjBzdHlsZSUzRCUyMmJvcmRlciUzQTAlMjIlMjBhbGxvd2Z1bGxzY3JlZW4lM0UlM0MlMkZpZnJhbWUlM0U=&#8221; lat=&#8221;41.4053735&#8243; lon=&#8221;2.1660230999999612&#8243; address=&#8221;C\/ N\u00e0pols 345, 08025 Barcelona&#8221; height=&#8221;450px&#8221; zoom=&#8221;14&#8243; scrollwheel=&#8221;false&#8221;][vc_empty_space][vc_raw_html]JTNDcCUyMHN0eWxlJTNEJTIyZm9udC1mYW1pbHklM0ElMjBNb250c2VycmF0JTNCZm9udC1zaXplJTNBMThweCUzQnBhZGRpbmclM0ElMjAwJTIwMCUyMDAlMjAxNXB4JTNCJTIyJTIwY2xhc3MlM0QlMjJ0bGYlMjIlM0UlM0NpJTIwY2xhc3MlM0QlMjJxb2RlX2ljb25fZm9udF9hd2Vzb21lJTIwZmElMjBmYS1waG9uZSUyMHNpbXBsZV9zb2NpYWwlMjIlMjBzdHlsZSUzRCUyMmNvbG9yJTNBJTIwJTIzNjRiOGUxJTNCJTIyJTNFJTNDJTJGaSUzRSUzQ2ElMjBocmVmJTNEJTIydGVsJTNBJTJCMzQ2ODMyNzA3MDklMjIlM0UlMjA2ODMlMjAyNyUyMDA3JTIwMDklM0MlMkZhJTNFJTBBJTNDaSUyMGNsYXNzJTNEJTIycW9kZV9pY29uX2ZvbnRfYXdlc29tZSUyMGZhJTIwZmEtd2hhdHNhcHAlMjBzaW1wbGVfc29jaWFsJTIyJTIwc3R5bGUlM0QlMjJjb2xvciUzQSUyMCUyMzY0YjhlMSUzQm1hcmdpbi1sZWZ0JTNBMTJweCUzQiUyMiUzRSUzQyUyRmklM0UlMEElM0NhJTIwaHJlZiUzRCUyMmh0dHBzJTNBJTJGJTJGYXBpLndoYXRzYXBwLmNvbSUyRnNlbmQlM0ZwaG9uZSUzRCUyQjM0NjgzMjcwNzA5JTIyJTNFNjgzJTIwMjclMjAwNyUyMDA5JTNDJTJGYSUzRSUzQyUyRnAlM0UlMEE=[\/vc_raw_html][\/vc_column_inner][vc_column_inner width=&#8221;1\/2&#8243;][\/vc_column_inner][\/vc_row_inner][\/vc_column][\/vc_row]\" \/>\n<meta property=\"og:url\" content=\"https:\/\/www.canons.es\/canons-barcelona\/\" \/>\n<meta property=\"og:site_name\" content=\"Canons Clinic | Surgery and Aesthetic Medicine in Barcelona, \u200b\u200bGranollers\" \/>\n<meta property=\"article:publisher\" content=\"https:\/\/www.facebook.com\/canonsclinics\/\" \/>\n<meta property=\"article:modified_time\" content=\"2023-09-19T12:52:39+00:00\" \/>\n<meta name=\"twitter:card\" content=\"summary_large_image\" \/>\n<meta name=\"twitter:site\" content=\"@canonsclinics\" \/>\n<meta name=\"twitter:label1\" content=\"Est. reading time\" \/>\n\t<meta name=\"twitter:data1\" content=\"1 minute\" \/>\n<script type=\"application\/ld+json\" class=\"yoast-schema-graph\">{\"@context\":\"https:\/\/schema.org\",\"@graph\":[{\"@type\":\"WebPage\",\"@id\":\"https:\/\/www.canons.es\/canons-barcelona\/\",\"url\":\"https:\/\/www.canons.es\/canons-barcelona\/\",\"name\":\"Contact Barcelona - Canons Clinic | Surgery and Aesthetic Medicine in Barcelona, \u200b\u200bGranollers\",\"isPartOf\":{\"@id\":\"https:\/\/www.canons.es\/#website\"},\"datePublished\":\"2014-08-26T08:34:26+00:00\",\"dateModified\":\"2023-09-19T12:52:39+00:00\",\"breadcrumb\":{\"@id\":\"https:\/\/www.canons.es\/canons-barcelona\/#breadcrumb\"},\"inLanguage\":\"en-US\",\"potentialAction\":[{\"@type\":\"ReadAction\",\"target\":[\"https:\/\/www.canons.es\/canons-barcelona\/\"]}]},{\"@type\":\"BreadcrumbList\",\"@id\":\"https:\/\/www.canons.es\/canons-barcelona\/#breadcrumb\",\"itemListElement\":[{\"@type\":\"ListItem\",\"position\":1,\"name\":\"Portada\",\"item\":\"https:\/\/www.canons.es\/en\/\"},{\"@type\":\"ListItem\",\"position\":2,\"name\":\"Contact Barcelona\"}]},{\"@type\":\"WebSite\",\"@id\":\"https:\/\/www.canons.es\/#website\",\"url\":\"https:\/\/www.canons.es\/\",\"name\":\"Cirug\u00eda Pl\u00e1stica y Est\u00e9tica Barcelona y Granollers | C\u00e0nons Clinics\",\"description\":\"\",\"publisher\":{\"@id\":\"https:\/\/www.canons.es\/#organization\"},\"potentialAction\":[{\"@type\":\"SearchAction\",\"target\":{\"@type\":\"EntryPoint\",\"urlTemplate\":\"https:\/\/www.canons.es\/?s={search_term_string}\"},\"query-input\":{\"@type\":\"PropertyValueSpecification\",\"valueRequired\":true,\"valueName\":\"search_term_string\"}}],\"inLanguage\":\"en-US\"},{\"@type\":\"Organization\",\"@id\":\"https:\/\/www.canons.es\/#organization\",\"name\":\"Cirug\u00eda Pl\u00e1stica y Est\u00e9tica Barcelona y Granollers | C\u00e0nons Clinics\",\"url\":\"https:\/\/www.canons.es\/\",\"logo\":{\"@type\":\"ImageObject\",\"inLanguage\":\"en-US\",\"@id\":\"https:\/\/www.canons.es\/#\/schema\/logo\/image\/\",\"url\":\"https:\/\/www.canons.es\/wp-content\/uploads\/2025\/04\/logo-canons-clinics.jpg\",\"contentUrl\":\"https:\/\/www.canons.es\/wp-content\/uploads\/2025\/04\/logo-canons-clinics.jpg\",\"width\":600,\"height\":139,\"caption\":\"Cirug\u00eda Pl\u00e1stica y Est\u00e9tica Barcelona y Granollers | C\u00e0nons Clinics\"},\"image\":{\"@id\":\"https:\/\/www.canons.es\/#\/schema\/logo\/image\/\"},\"sameAs\":[\"https:\/\/www.facebook.com\/canonsclinics\/\",\"https:\/\/x.com\/canonsclinics\",\"https:\/\/www.instagram.com\/canonsclinics\/\",\"https:\/\/www.youtube.com\/channel\/UCI1Ia6LjALyo1CuQ0_HwtfQ\",\"https:\/\/www.linkedin.com\/company\/canons-clinics\/\"]}]}<\/script>\n<!-- \/ Yoast SEO Premium plugin. -->","yoast_head_json":{"title":"Contact Barcelona - Canons Clinic | Surgery and Aesthetic Medicine in Barcelona, \u200b\u200bGranollers","robots":{"index":"index","follow":"follow","max-snippet":"max-snippet:-1","max-image-preview":"max-image-preview:large","max-video-preview":"max-video-preview:-1"},"canonical":"https:\/\/www.canons.es\/canons-barcelona\/","og_locale":"en_US","og_type":"article","og_title":"Contact Barcelona","og_description":"[vc_row css_animation=&#8221;&#8221; row_type=&#8221;row&#8221; use_row_as_full_screen_section=&#8221;no&#8221; type=&#8221;full_width&#8221; angled_section=&#8221;no&#8221; text_align=&#8221;left&#8221; background_image_as_pattern=&#8221;without_pattern&#8221;][vc_column][vc_empty_space][vc_row_inner row_type=&#8221;row&#8221; type=&#8221;full_width&#8221; text_align=&#8221;left&#8221; css_animation=&#8221;&#8221;][vc_column_inner width=&#8221;1\/2&#8243;][vc_gmaps link=&#8221;#E-8_JTNDaWZyYW1lJTIwc3JjJTNEJTIyaHR0cHMlM0ElMkYlMkZ3d3cuZ29vZ2xlLmNvbSUyRm1hcHMlMkZlbWJlZCUzRnBiJTNEJTIxMW0xOCUyMTFtMTIlMjExbTMlMjExZDExOTcxLjI0MDUyNDEzNDMxMyUyMTJkMi4xNzIzODI0MDEzNDUxNjglMjEzZDQxLjM5OTkyOTU3NDg0MjQlMjEybTMlMjExZjAlMjEyZjAlMjEzZjAlMjEzbTIlMjExaTEwMjQlMjEyaTc2OCUyMTRmMTMuMSUyMTNtMyUyMTFtMiUyMTFzMHgxMmE0YTJlODMzZDEyYTlmJTI1M0EweDgyMjA0MmFkNjU3MTI3NmMlMjEyc0F2aW5ndWRhJTJCRGlhZ29uYWwlMjUyQyUyQjM1NCUyNTJDJTJCMDgwMTMlMkJCYXJjZWxvbmElMjE1ZTAlMjEzbTIlMjExc2NhJTIxMnNlcyUyMTR2MTU1NjAxNDgxNTI0NCUyMTVtMiUyMTFzY2ElMjEyc2VzJTIyJTIwd2lkdGglM0QlMjI2MDAlMjIlMjBoZWlnaHQlM0QlMjI0NTAlMjIlMjBmcmFtZWJvcmRlciUzRCUyMjAlMjIlMjBzdHlsZSUzRCUyMmJvcmRlciUzQTAlMjIlMjBhbGxvd2Z1bGxzY3JlZW4lM0UlM0MlMkZpZnJhbWUlM0U=&#8221; lat=&#8221;41.4053735&#8243; lon=&#8221;2.1660230999999612&#8243; address=&#8221;C\/ N\u00e0pols 345, 08025 Barcelona&#8221; height=&#8221;450px&#8221; zoom=&#8221;14&#8243; scrollwheel=&#8221;false&#8221;][vc_empty_space][vc_raw_html]JTNDcCUyMHN0eWxlJTNEJTIyZm9udC1mYW1pbHklM0ElMjBNb250c2VycmF0JTNCZm9udC1zaXplJTNBMThweCUzQnBhZGRpbmclM0ElMjAwJTIwMCUyMDAlMjAxNXB4JTNCJTIyJTIwY2xhc3MlM0QlMjJ0bGYlMjIlM0UlM0NpJTIwY2xhc3MlM0QlMjJxb2RlX2ljb25fZm9udF9hd2Vzb21lJTIwZmElMjBmYS1waG9uZSUyMHNpbXBsZV9zb2NpYWwlMjIlMjBzdHlsZSUzRCUyMmNvbG9yJTNBJTIwJTIzNjRiOGUxJTNCJTIyJTNFJTNDJTJGaSUzRSUzQ2ElMjBocmVmJTNEJTIydGVsJTNBJTJCMzQ2ODMyNzA3MDklMjIlM0UlMjA2ODMlMjAyNyUyMDA3JTIwMDklM0MlMkZhJTNFJTBBJTNDaSUyMGNsYXNzJTNEJTIycW9kZV9pY29uX2ZvbnRfYXdlc29tZSUyMGZhJTIwZmEtd2hhdHNhcHAlMjBzaW1wbGVfc29jaWFsJTIyJTIwc3R5bGUlM0QlMjJjb2xvciUzQSUyMCUyMzY0YjhlMSUzQm1hcmdpbi1sZWZ0JTNBMTJweCUzQiUyMiUzRSUzQyUyRmklM0UlMEElM0NhJTIwaHJlZiUzRCUyMmh0dHBzJTNBJTJGJTJGYXBpLndoYXRzYXBwLmNvbSUyRnNlbmQlM0ZwaG9uZSUzRCUyQjM0NjgzMjcwNzA5JTIyJTNFNjgzJTIwMjclMjAwNyUyMDA5JTNDJTJGYSUzRSUzQyUyRnAlM0UlMEE=[\/vc_raw_html][\/vc_column_inner][vc_column_inner width=&#8221;1\/2&#8243;][\/vc_column_inner][\/vc_row_inner][\/vc_column][\/vc_row]","og_url":"https:\/\/www.canons.es\/canons-barcelona\/","og_site_name":"Canons Clinic | Surgery and Aesthetic Medicine in Barcelona, \u200b\u200bGranollers","article_publisher":"https:\/\/www.facebook.com\/canonsclinics\/","article_modified_time":"2023-09-19T12:52:39+00:00","twitter_card":"summary_large_image","twitter_site":"@canonsclinics","twitter_misc":{"Est. reading time":"1 minute"},"schema":{"@context":"https:\/\/schema.org","@graph":[{"@type":"WebPage","@id":"https:\/\/www.canons.es\/canons-barcelona\/","url":"https:\/\/www.canons.es\/canons-barcelona\/","name":"Contact Barcelona - Canons Clinic | Surgery and Aesthetic Medicine in Barcelona, \u200b\u200bGranollers","isPartOf":{"@id":"https:\/\/www.canons.es\/#website"},"datePublished":"2014-08-26T08:34:26+00:00","dateModified":"2023-09-19T12:52:39+00:00","breadcrumb":{"@id":"https:\/\/www.canons.es\/canons-barcelona\/#breadcrumb"},"inLanguage":"en-US","potentialAction":[{"@type":"ReadAction","target":["https:\/\/www.canons.es\/canons-barcelona\/"]}]},{"@type":"BreadcrumbList","@id":"https:\/\/www.canons.es\/canons-barcelona\/#breadcrumb","itemListElement":[{"@type":"ListItem","position":1,"name":"Portada","item":"https:\/\/www.canons.es\/en\/"},{"@type":"ListItem","position":2,"name":"Contact Barcelona"}]},{"@type":"WebSite","@id":"https:\/\/www.canons.es\/#website","url":"https:\/\/www.canons.es\/","name":"Cirug\u00eda Pl\u00e1stica y Est\u00e9tica Barcelona y Granollers | C\u00e0nons Clinics","description":"","publisher":{"@id":"https:\/\/www.canons.es\/#organization"},"potentialAction":[{"@type":"SearchAction","target":{"@type":"EntryPoint","urlTemplate":"https:\/\/www.canons.es\/?s={search_term_string}"},"query-input":{"@type":"PropertyValueSpecification","valueRequired":true,"valueName":"search_term_string"}}],"inLanguage":"en-US"},{"@type":"Organization","@id":"https:\/\/www.canons.es\/#organization","name":"Cirug\u00eda Pl\u00e1stica y Est\u00e9tica Barcelona y Granollers | C\u00e0nons Clinics","url":"https:\/\/www.canons.es\/","logo":{"@type":"ImageObject","inLanguage":"en-US","@id":"https:\/\/www.canons.es\/#\/schema\/logo\/image\/","url":"https:\/\/www.canons.es\/wp-content\/uploads\/2025\/04\/logo-canons-clinics.jpg","contentUrl":"https:\/\/www.canons.es\/wp-content\/uploads\/2025\/04\/logo-canons-clinics.jpg","width":600,"height":139,"caption":"Cirug\u00eda Pl\u00e1stica y Est\u00e9tica Barcelona y Granollers | C\u00e0nons Clinics"},"image":{"@id":"https:\/\/www.canons.es\/#\/schema\/logo\/image\/"},"sameAs":["https:\/\/www.facebook.com\/canonsclinics\/","https:\/\/x.com\/canonsclinics","https:\/\/www.instagram.com\/canonsclinics\/","https:\/\/www.youtube.com\/channel\/UCI1Ia6LjALyo1CuQ0_HwtfQ","https:\/\/www.linkedin.com\/company\/canons-clinics\/"]}]}},"_links":{"self":[{"href":"https:\/\/www.canons.es\/en\/wp-json\/wp\/v2\/pages\/10401","targetHints":{"allow":["GET"]}}],"collection":[{"href":"https:\/\/www.canons.es\/en\/wp-json\/wp\/v2\/pages"}],"about":[{"href":"https:\/\/www.canons.es\/en\/wp-json\/wp\/v2\/types\/page"}],"author":[{"embeddable":true,"href":"https:\/\/www.canons.es\/en\/wp-json\/wp\/v2\/users\/25"}],"replies":[{"embeddable":true,"href":"https:\/\/www.canons.es\/en\/wp-json\/wp\/v2\/comments?post=10401"}],"version-history":[{"count":0,"href":"https:\/\/www.canons.es\/en\/wp-json\/wp\/v2\/pages\/10401\/revisions"}],"wp:attachment":[{"href":"https:\/\/www.canons.es\/en\/wp-json\/wp\/v2\/media?parent=10401"}],"curies":[{"name":"wp","href":"https:\/\/api.w.org\/{rel}","templated":true}]}}