{"id":10190,"date":"2015-09-22T09:25:11","date_gmt":"2015-09-22T09:25:11","guid":{"rendered":"https:\/\/www.canons.es\/en\/servicios-de-estetica\/"},"modified":"2015-11-26T15:56:03","modified_gmt":"2015-11-26T15:56:03","slug":"servicios-de-estetica","status":"publish","type":"page","link":"https:\/\/www.canons.es\/en\/servicios-de-estetica\/","title":{"rendered":"COSMETIC SERVICES"},"content":{"rendered":"<div class=\"wpb-content-wrapper\"><p>[vc_row section_type=&#8221;full-width&#8221;][vc_column width=&#8221;1\/2&#8243;][vc_empty_space][vc_single_image image=&#8221;8321&#8243;][\/vc_column][vc_column width=&#8221;1\/2&#8243;][vc_column_text]<\/p>\n<p style=\"text-align: justify;\"><span id=\"sample-permalink\" tabindex=\"-1\">In C\u00e0nons Clinics, clinical surgery of Barcelona, Granollers and Reus, we offer you a universe of cosmetic services so you mimes you. <\/span><span id=\"sample-permalink\" tabindex=\"-1\"> <\/span><\/p>\n<p style=\"text-align: justify;\">Do you have a special event and want to be spectacular? Be the Queen of the party with our <strong>makeup<\/strong> and <strong>extension services<\/strong>, <strong>permanent and curly eyelashes<\/strong>?<span id=\"sample-permalink\" tabindex=\"-1\"> You will be the focus and without need for prior appointment. Take advantage of our extended hours! Put in the hands of experts in beauty clinics of aesthetic C\u00e0nons Clinics and looks more radiant than ever!<br \/>\n<\/span><\/p>\n<p>[\/vc_column_text][\/vc_column][\/vc_row][vc_row][vc_column][vc_empty_space][vc_heading title=&#8221;Cosmetic Services&#8221; style=&#8221;style2&#8243; align=&#8221;center&#8221;][vc_empty_space][\/vc_column][\/vc_row][vc_row section_type=&#8221;full-width&#8221; background_color=&#8221;#f7f7f7&#8243;][vc_column][vc_empty_space][vc_row_inner][vc_column_inner width=&#8221;1\/3&#8243;][vc_single_image image=&#8221;8570&#8243; img_size=&#8221;thumb-medium&#8221; link=&#8221;http:\/\/www.C\u00e0nons Clinics.es\/dermopigmentacion-medica-y-maquillaje-permanente\/&#8221; onclick=&#8221;custom_link&#8221; img_link=&#8221;\/en\/dermopigmentacion-medica-y-maquillaje-permanente\/&#8221;][vc_empty_space height=&#8221;15px&#8221;][vc_column_text]<\/p>\n<p style=\"font-size: 16px; text-align: center;\">Medical Dermopigmentation and permanent makeup<\/p>\n<p>[\/vc_column_text][\/vc_column_inner][vc_column_inner width=&#8221;1\/3&#8243;][vc_single_image image=&#8221;8571&#8243; img_size=&#8221;thumb-medium&#8221; link=&#8221;http:\/\/www.C\u00e0nons Clinics.es\/terapias-faciales\/&#8221; onclick=&#8221;custom_link&#8221; img_link=&#8221;\/en\/terapias-faciales\/&#8221;][vc_empty_space height=&#8221;15px&#8221;][vc_column_text]<\/p>\n<p style=\"font-size: 16px; text-align: center;\">Facial therapies<\/p>\n<p>[\/vc_column_text][\/vc_column_inner][vc_column_inner width=&#8221;1\/3&#8243;][vc_single_image image=&#8221;8572&#8243; img_size=&#8221;thumb-medium&#8221; link=&#8221;http:\/\/www.C\u00e0nons Clinics.es\/terapias-corporal\/&#8221; onclick=&#8221;custom_link&#8221; img_link=&#8221;\/en\/terapias-corporal\/&#8221;][vc_empty_space height=&#8221;15px&#8221;][vc_column_text]<\/p>\n<p style=\"font-size: 16px; text-align: center;\">Body therapies<\/p>\n<p>[\/vc_column_text][\/vc_column_inner][\/vc_row_inner][vc_row_inner][vc_column_inner width=&#8221;1\/3&#8243;][vc_single_image image=&#8221;8574&#8243; img_size=&#8221;thumb-medium&#8221; link=&#8221;http:\/\/www.C\u00e0nons Clinics.es\/pestanas-y-cejas\/&#8221; onclick=&#8221;custom_link&#8221; img_link=&#8221;\/en\/pestanas-y-cejas\/&#8221;][vc_empty_space height=&#8221;15px&#8221;][vc_column_text]<\/p>\n<p style=\"font-size: 16px; text-align: center;\">Lashes and brows<\/p>\n<p>[\/vc_column_text][\/vc_column_inner][vc_column_inner width=&#8221;1\/3&#8243;][vc_single_image image=&#8221;8575&#8243; img_size=&#8221;thumb-medium&#8221; link=&#8221;http:\/\/www.C\u00e0nons Clinics.es\/manicuras-y-pedicuras\/&#8221; onclick=&#8221;custom_link&#8221; img_link=&#8221;\/en\/manicuras-y-pedicuras\/&#8221;][vc_empty_space height=&#8221;15px&#8221;][vc_column_text]<\/p>\n<p style=\"font-size: 16px; text-align: center;\">Manicures and pedicures<\/p>\n<p>[\/vc_column_text][\/vc_column_inner][vc_column_inner width=&#8221;1\/3&#8243;][vc_single_image image=&#8221;8606&#8243; img_size=&#8221;thumb-medium&#8221; link=&#8221;http:\/\/www.C\u00e0nons Clinics.es\/bodyter-premium\/&#8221; onclick=&#8221;custom_link&#8221; img_link=&#8221;\/en\/bodyter-premium\/&#8221;][vc_empty_space height=&#8221;15px&#8221;][vc_column_text]<\/p>\n<p style=\"font-size: 16px; text-align: center;\">Bodyter Premium<\/p>\n<p>[\/vc_column_text][\/vc_column_inner][\/vc_row_inner][vc_row_inner][vc_column_inner width=&#8221;1\/3&#8243;][vc_single_image image=&#8221;8573&#8243; img_size=&#8221;thumb-medium&#8221; link=&#8221;http:\/\/www.C\u00e0nons Clinics.es\/maquillajes\/&#8221; onclick=&#8221;custom_link&#8221; img_link=&#8221;\/en\/maquillajes\/&#8221;][vc_empty_space height=&#8221;15px&#8221;][vc_column_text]<\/p>\n<p style=\"font-size: 16px; text-align: center;\">Makeup<\/p>\n<p>[\/vc_column_text][\/vc_column_inner][vc_column_inner width=&#8221;1\/3&#8243;][vc_single_image image=&#8221;8600&#8243; img_size=&#8221;thumb-medium&#8221; link=&#8221;http:\/\/www.C\u00e0nons Clinics.es\/depilaciones-con-cera\/&#8221; onclick=&#8221;custom_link&#8221; img_link=&#8221;\/en\/depilaciones-con-cera\/&#8221;][vc_empty_space height=&#8221;15px&#8221;][vc_column_text]<\/p>\n<p style=\"font-size: 16px; text-align: center;\">Hair removal with wax<\/p>\n<p>[\/vc_column_text][\/vc_column_inner][vc_column_inner width=&#8221;1\/3&#8243;][\/vc_column_inner][\/vc_row_inner][\/vc_column][\/vc_row]<\/p>\n<\/div><!-- AddThis Advanced Settings generic via filter on the_content --><!-- AddThis Share Buttons generic via filter on the_content -->","protected":false},"excerpt":{"rendered":"<p>[vc_row section_type=&#8221;full-width&#8221;][vc_column width=&#8221;1\/2&#8243;][vc_empty_space][vc_single_image image=&#8221;8321&#8243;][\/vc_column][vc_column width=&#8221;1\/2&#8243;][vc_column_text] In C\u00e0nons Clinics, clinical surgery of Barcelona, Granollers and Reus, we offer you a universe of cosmetic services so you mimes you. Do you have a special event and want to be spectacular? Be the Queen of the party with&#8230;<!-- AddThis Advanced Settings generic via filter on get_the_excerpt --><!-- AddThis Share Buttons generic via filter on get_the_excerpt --><\/p>\n","protected":false},"author":25,"featured_media":0,"parent":0,"menu_order":0,"comment_status":"closed","ping_status":"closed","template":"","meta":{"footnotes":""},"class_list":["post-10190","page","type-page","status-publish","hentry"],"yoast_head":"<!-- This site is optimized with the Yoast SEO Premium plugin v26.9 (Yoast SEO v27.4) - https:\/\/yoast.com\/product\/yoast-seo-premium-wordpress\/ -->\n<title>COSMETIC SERVICES - Canons Clinic | Surgery and Aesthetic Medicine in Barcelona, \u200b\u200bGranollers<\/title>\n<meta name=\"robots\" content=\"index, follow, max-snippet:-1, max-image-preview:large, max-video-preview:-1\" \/>\n<link rel=\"canonical\" href=\"https:\/\/www.canons.es\/?page_id=8368\" \/>\n<meta property=\"og:locale\" content=\"en_US\" \/>\n<meta property=\"og:type\" content=\"article\" \/>\n<meta property=\"og:title\" content=\"COSMETIC SERVICES\" \/>\n<meta property=\"og:description\" content=\"[vc_row section_type=&#8221;full-width&#8221;][vc_column width=&#8221;1\/2&#8243;][vc_empty_space][vc_single_image image=&#8221;8321&#8243;][\/vc_column][vc_column width=&#8221;1\/2&#8243;][vc_column_text] In C\u00e0nons Clinics, clinical surgery of Barcelona, Granollers and Reus, we offer you a universe of cosmetic services so you mimes you. Do you have a special event and want to be spectacular? Be the Queen of the party with...\" \/>\n<meta property=\"og:url\" content=\"https:\/\/www.canons.es\/?page_id=8368\" \/>\n<meta property=\"og:site_name\" content=\"Canons Clinic | Surgery and Aesthetic Medicine in Barcelona, \u200b\u200bGranollers\" \/>\n<meta property=\"article:publisher\" content=\"https:\/\/www.facebook.com\/canonsclinics\/\" \/>\n<meta property=\"article:modified_time\" content=\"2015-11-26T15:56:03+00:00\" \/>\n<meta name=\"twitter:card\" content=\"summary_large_image\" \/>\n<meta name=\"twitter:site\" content=\"@canonsclinics\" \/>\n<meta name=\"twitter:label1\" content=\"Est. reading time\" \/>\n\t<meta name=\"twitter:data1\" content=\"3 minutes\" \/>\n<script type=\"application\/ld+json\" class=\"yoast-schema-graph\">{\"@context\":\"https:\\\/\\\/schema.org\",\"@graph\":[{\"@type\":\"WebPage\",\"@id\":\"https:\\\/\\\/www.canons.es\\\/?page_id=8368\",\"url\":\"https:\\\/\\\/www.canons.es\\\/?page_id=8368\",\"name\":\"COSMETIC SERVICES - Canons Clinic | Surgery and Aesthetic Medicine in Barcelona, \u200b\u200bGranollers\",\"isPartOf\":{\"@id\":\"https:\\\/\\\/www.canons.es\\\/#website\"},\"datePublished\":\"2015-09-22T09:25:11+00:00\",\"dateModified\":\"2015-11-26T15:56:03+00:00\",\"breadcrumb\":{\"@id\":\"https:\\\/\\\/www.canons.es\\\/?page_id=8368#breadcrumb\"},\"inLanguage\":\"en-US\",\"potentialAction\":[{\"@type\":\"ReadAction\",\"target\":[\"https:\\\/\\\/www.canons.es\\\/?page_id=8368\"]}]},{\"@type\":\"BreadcrumbList\",\"@id\":\"https:\\\/\\\/www.canons.es\\\/?page_id=8368#breadcrumb\",\"itemListElement\":[{\"@type\":\"ListItem\",\"position\":1,\"name\":\"Portada\",\"item\":\"https:\\\/\\\/www.canons.es\\\/en\\\/\"},{\"@type\":\"ListItem\",\"position\":2,\"name\":\"COSMETIC SERVICES\"}]},{\"@type\":\"WebSite\",\"@id\":\"https:\\\/\\\/www.canons.es\\\/#website\",\"url\":\"https:\\\/\\\/www.canons.es\\\/\",\"name\":\"Cirug\u00eda Pl\u00e1stica y Est\u00e9tica Barcelona y Granollers | C\u00e0nons Clinics\",\"description\":\"\",\"publisher\":{\"@id\":\"https:\\\/\\\/www.canons.es\\\/#organization\"},\"potentialAction\":[{\"@type\":\"SearchAction\",\"target\":{\"@type\":\"EntryPoint\",\"urlTemplate\":\"https:\\\/\\\/www.canons.es\\\/?s={search_term_string}\"},\"query-input\":{\"@type\":\"PropertyValueSpecification\",\"valueRequired\":true,\"valueName\":\"search_term_string\"}}],\"inLanguage\":\"en-US\"},{\"@type\":\"Organization\",\"@id\":\"https:\\\/\\\/www.canons.es\\\/#organization\",\"name\":\"Cirug\u00eda Pl\u00e1stica y Est\u00e9tica Barcelona y Granollers | C\u00e0nons Clinics\",\"url\":\"https:\\\/\\\/www.canons.es\\\/\",\"logo\":{\"@type\":\"ImageObject\",\"inLanguage\":\"en-US\",\"@id\":\"https:\\\/\\\/www.canons.es\\\/#\\\/schema\\\/logo\\\/image\\\/\",\"url\":\"https:\\\/\\\/www.canons.es\\\/wp-content\\\/uploads\\\/2025\\\/04\\\/logo-canons-clinics.jpg\",\"contentUrl\":\"https:\\\/\\\/www.canons.es\\\/wp-content\\\/uploads\\\/2025\\\/04\\\/logo-canons-clinics.jpg\",\"width\":600,\"height\":139,\"caption\":\"Cirug\u00eda Pl\u00e1stica y Est\u00e9tica Barcelona y Granollers | C\u00e0nons Clinics\"},\"image\":{\"@id\":\"https:\\\/\\\/www.canons.es\\\/#\\\/schema\\\/logo\\\/image\\\/\"},\"sameAs\":[\"https:\\\/\\\/www.facebook.com\\\/canonsclinics\\\/\",\"https:\\\/\\\/x.com\\\/canonsclinics\",\"https:\\\/\\\/www.instagram.com\\\/canonsclinics\\\/\",\"https:\\\/\\\/www.youtube.com\\\/channel\\\/UCI1Ia6LjALyo1CuQ0_HwtfQ\",\"https:\\\/\\\/www.linkedin.com\\\/company\\\/canons-clinics\\\/\"]}]}<\/script>\n<!-- \/ Yoast SEO Premium plugin. -->","yoast_head_json":{"title":"COSMETIC SERVICES - Canons Clinic | Surgery and Aesthetic Medicine in Barcelona, \u200b\u200bGranollers","robots":{"index":"index","follow":"follow","max-snippet":"max-snippet:-1","max-image-preview":"max-image-preview:large","max-video-preview":"max-video-preview:-1"},"canonical":"https:\/\/www.canons.es\/?page_id=8368","og_locale":"en_US","og_type":"article","og_title":"COSMETIC SERVICES","og_description":"[vc_row section_type=&#8221;full-width&#8221;][vc_column width=&#8221;1\/2&#8243;][vc_empty_space][vc_single_image image=&#8221;8321&#8243;][\/vc_column][vc_column width=&#8221;1\/2&#8243;][vc_column_text] In C\u00e0nons Clinics, clinical surgery of Barcelona, Granollers and Reus, we offer you a universe of cosmetic services so you mimes you. Do you have a special event and want to be spectacular? Be the Queen of the party with...","og_url":"https:\/\/www.canons.es\/?page_id=8368","og_site_name":"Canons Clinic | Surgery and Aesthetic Medicine in Barcelona, \u200b\u200bGranollers","article_publisher":"https:\/\/www.facebook.com\/canonsclinics\/","article_modified_time":"2015-11-26T15:56:03+00:00","twitter_card":"summary_large_image","twitter_site":"@canonsclinics","twitter_misc":{"Est. reading time":"3 minutes"},"schema":{"@context":"https:\/\/schema.org","@graph":[{"@type":"WebPage","@id":"https:\/\/www.canons.es\/?page_id=8368","url":"https:\/\/www.canons.es\/?page_id=8368","name":"COSMETIC SERVICES - Canons Clinic | Surgery and Aesthetic Medicine in Barcelona, \u200b\u200bGranollers","isPartOf":{"@id":"https:\/\/www.canons.es\/#website"},"datePublished":"2015-09-22T09:25:11+00:00","dateModified":"2015-11-26T15:56:03+00:00","breadcrumb":{"@id":"https:\/\/www.canons.es\/?page_id=8368#breadcrumb"},"inLanguage":"en-US","potentialAction":[{"@type":"ReadAction","target":["https:\/\/www.canons.es\/?page_id=8368"]}]},{"@type":"BreadcrumbList","@id":"https:\/\/www.canons.es\/?page_id=8368#breadcrumb","itemListElement":[{"@type":"ListItem","position":1,"name":"Portada","item":"https:\/\/www.canons.es\/en\/"},{"@type":"ListItem","position":2,"name":"COSMETIC SERVICES"}]},{"@type":"WebSite","@id":"https:\/\/www.canons.es\/#website","url":"https:\/\/www.canons.es\/","name":"Cirug\u00eda Pl\u00e1stica y Est\u00e9tica Barcelona y Granollers | C\u00e0nons Clinics","description":"","publisher":{"@id":"https:\/\/www.canons.es\/#organization"},"potentialAction":[{"@type":"SearchAction","target":{"@type":"EntryPoint","urlTemplate":"https:\/\/www.canons.es\/?s={search_term_string}"},"query-input":{"@type":"PropertyValueSpecification","valueRequired":true,"valueName":"search_term_string"}}],"inLanguage":"en-US"},{"@type":"Organization","@id":"https:\/\/www.canons.es\/#organization","name":"Cirug\u00eda Pl\u00e1stica y Est\u00e9tica Barcelona y Granollers | C\u00e0nons Clinics","url":"https:\/\/www.canons.es\/","logo":{"@type":"ImageObject","inLanguage":"en-US","@id":"https:\/\/www.canons.es\/#\/schema\/logo\/image\/","url":"https:\/\/www.canons.es\/wp-content\/uploads\/2025\/04\/logo-canons-clinics.jpg","contentUrl":"https:\/\/www.canons.es\/wp-content\/uploads\/2025\/04\/logo-canons-clinics.jpg","width":600,"height":139,"caption":"Cirug\u00eda Pl\u00e1stica y Est\u00e9tica Barcelona y Granollers | C\u00e0nons Clinics"},"image":{"@id":"https:\/\/www.canons.es\/#\/schema\/logo\/image\/"},"sameAs":["https:\/\/www.facebook.com\/canonsclinics\/","https:\/\/x.com\/canonsclinics","https:\/\/www.instagram.com\/canonsclinics\/","https:\/\/www.youtube.com\/channel\/UCI1Ia6LjALyo1CuQ0_HwtfQ","https:\/\/www.linkedin.com\/company\/canons-clinics\/"]}]}},"_links":{"self":[{"href":"https:\/\/www.canons.es\/en\/wp-json\/wp\/v2\/pages\/10190","targetHints":{"allow":["GET"]}}],"collection":[{"href":"https:\/\/www.canons.es\/en\/wp-json\/wp\/v2\/pages"}],"about":[{"href":"https:\/\/www.canons.es\/en\/wp-json\/wp\/v2\/types\/page"}],"author":[{"embeddable":true,"href":"https:\/\/www.canons.es\/en\/wp-json\/wp\/v2\/users\/25"}],"replies":[{"embeddable":true,"href":"https:\/\/www.canons.es\/en\/wp-json\/wp\/v2\/comments?post=10190"}],"version-history":[{"count":0,"href":"https:\/\/www.canons.es\/en\/wp-json\/wp\/v2\/pages\/10190\/revisions"}],"wp:attachment":[{"href":"https:\/\/www.canons.es\/en\/wp-json\/wp\/v2\/media?parent=10190"}],"curies":[{"name":"wp","href":"https:\/\/api.w.org\/{rel}","templated":true}]}}