{"id":10092,"date":"2015-09-17T11:30:22","date_gmt":"2015-09-17T11:30:22","guid":{"rendered":"https:\/\/www.canons.es\/en\/cancer-de-piel\/"},"modified":"2019-04-10T09:24:13","modified_gmt":"2019-04-10T09:24:13","slug":"cancer-de-piel","status":"publish","type":"page","link":"https:\/\/www.canons.es\/en\/cirugia-dermatologica\/cancer-de-piel\/","title":{"rendered":"Skin Cancer"},"content":{"rendered":"<div class=\"wpb-content-wrapper\"><p>[vc_row css_animation=&#8221;&#8221; row_type=&#8221;row&#8221; use_row_as_full_screen_section=&#8221;no&#8221; type=&#8221;full_width&#8221; angled_section=&#8221;no&#8221; text_align=&#8221;left&#8221; background_image_as_pattern=&#8221;without_pattern&#8221; background_color=&#8221;#f7f7f7&#8243; section_type=&#8221;full-width&#8221;][vc_column][vc_empty_space height=&#8221;40px&#8221;][vc_row_inner row_type=&#8221;row&#8221; type=&#8221;full_width&#8221; text_align=&#8221;left&#8221; css_animation=&#8221;&#8221;][vc_column_inner width=&#8221;1\/2&#8243;][vc_single_image image=&#8221;8262&#8243; img_size=&#8221;full&#8221; alignment=&#8221;center&#8221; qode_css_animation=&#8221;&#8221;][\/vc_column_inner][vc_column_inner width=&#8221;1\/2&#8243;][vc_column_text]<\/p>\n<p style=\"text-align: justify;\">El c\u00e0ncer de pell \u00e9s una malaltia en la qual es troben c\u00e8l\u00b7lules malignes en les capes exteriors de la pell.<\/p>\n<p style=\"text-align: justify;\">La pell est\u00e0 composta per dues capes principals i diversos tipus de c\u00e8l\u00b7lules. La capa externa de la pell es diu epidermis. Aquesta cont\u00e9 tres classes de c\u00e8l\u00b7lules: les c\u00e8l\u00b7lules escamoses s\u00f3n planes en forma d\u2019escates situades a la part superficial de la pell, les c\u00e8l\u00b7lules basals s\u00f3n rodones situades sota les escamoses i els melanocits que emmagatzemen la melanina la pell.<\/p>\n<p style=\"text-align: justify;\">El c\u00e0ncer de pell \u00e9s m\u00e9s com\u00fa entre les persones que tenen la pell m\u00e9s blanca i han passat molt de temps exposades als raigs solars.<\/p>\n<p style=\"text-align: justify;\"><strong>El c\u00e0ncer de pell pot oc\u00f3rrer en qualsevol part del cos, per\u00f2 \u00e9s m\u00e9s com\u00fa en les \u00e0rees amb major exposici\u00f3 als raigs solars com cara, orelles, nas, coll, mans i bra\u00e7os.<\/strong><\/p>\n<p>[\/vc_column_text][\/vc_column_inner][\/vc_row_inner][\/vc_column][\/vc_row][vc_row css_animation=&#8221;&#8221; row_type=&#8221;row&#8221; use_row_as_full_screen_section=&#8221;no&#8221; type=&#8221;full_width&#8221; angled_section=&#8221;no&#8221; text_align=&#8221;left&#8221; background_image_as_pattern=&#8221;without_pattern&#8221; section_type=&#8221;full-width&#8221;][vc_column][vc_empty_space][vc_accordion style=&#8221;accordion&#8221;][vc_accordion_tab title=&#8221;Quina simptomatologia t\u00e9 el c\u00e0ncer cutani?&#8221;][vc_column_text]<\/p>\n<p style=\"text-align: justify;\">La simptomatologia \u00e9s variada, poden apar\u00e8ixer un o diversos canvis en les lesions cut\u00e0nies com canvis en la mida i di\u00e0metre igual o superior a 7 mm, canvis de forma, canvis de coloraci\u00f3, inflamaci\u00f3, sagnat, supuraci\u00f3, crosta, i alteracions en la sensibilitat com picors, dolor, co\u00efssor\u2026<\/p>\n<p style=\"text-align: justify;\">No tots els canvis en la pell signifiquen que es t\u00e9 c\u00e0ncer per\u00f2, s\u2019haur\u00e0 de consultar al metge quan detecti algun canvi en alguna lesi\u00f3 cut\u00e0nia.<\/p>\n<p style=\"text-align: justify;\"><strong>Si la persona t\u00e9 una taca o protuber\u00e0ncia a la pell, el metge pot extreure per analitzar i realitzar una bi\u00f2psia.<\/strong><\/p>\n<p>[\/vc_column_text][\/vc_accordion_tab][vc_accordion_tab title=&#8221;Quin pron\u00f2stic t\u00e9 el c\u00e0ncer de pell?&#8221;][vc_column_text]<\/p>\n<p style=\"text-align: justify;\"><strong>La majoria dels c\u00e0ncers de pell de tipus no melanoma poden curar-se.<\/strong> La probabilitat de la seva recuperaci\u00f3 o pron\u00f2stic i elecci\u00f3 de tractament dependran del tipus de c\u00e0ncer cutani que es diagnostiqui i de si s\u2019ha disseminat.<\/p>\n<p>[\/vc_column_text][\/vc_accordion_tab][vc_accordion_tab title=&#8221;Quins tipus de c\u00e0ncer cutani existeixen?&#8221;][vc_column_text]<\/p>\n<p style=\"text-align: justify;\">Hi ha diversos tipus de c\u00e0ncer que s\u2019originen en la pell. <strong>Els m\u00e9s comuns s\u00f3n el c\u00e0ncer de les c\u00e8l\u00b7lules basals i el c\u00e0ncer de les c\u00e8l\u00b7lules escamoses<\/strong>. Aquests tipus de c\u00e0ncer de la pell es denominen c\u00e0ncers de la pell no-melanoma.<\/p>\n<p style=\"text-align: justify;\">El melanoma \u00e9s un tipus de c\u00e0ncer de pell que s\u2019origina en els melan\u00f2cits. No \u00e9s tan com\u00fa com el c\u00e0ncer de les c\u00e8l\u00b7lules basals o el c\u00e0ncer de la pell de c\u00e8l\u00b7lules escamoses, per\u00f2 \u00e9s molt m\u00e9s greu.<\/p>\n<p>[\/vc_column_text][vc_row_inner row_type=&#8221;row&#8221; type=&#8221;full_width&#8221; text_align=&#8221;left&#8221; css_animation=&#8221;&#8221;][vc_column_inner width=&#8221;1\/4&#8243;][vc_single_image image=&#8221;8258&#8243; qode_css_animation=&#8221;&#8221;][\/vc_column_inner][vc_column_inner width=&#8221;3\/4&#8243;][vc_column_text]<\/p>\n<p style=\"text-align: justify;\"><b>El Carcinoma Basocelular <\/b>tamb\u00e9 anomenat com basalioma i com c\u00e0ncer de c\u00e8l\u00b7lules basals. Aquest \u00e9s el tipus de c\u00e0ncer m\u00e9s com\u00fa de pell no melanoma. En general, es d\u00f3na en \u00e0rees cut\u00e0nies que han estat exposades al sol. Sovint aquest c\u00e0ncer <strong>apareix en forma de bony amb aparen\u00e7a suau i nacarada, tamb\u00e9 pot presentar un aspecte de cicatriu i \u00e9s ferm al tacte<\/strong>. Els c\u00e0ncers de c\u00e8l\u00b7lules basals es poden disseminar als teixits del voltant per\u00f2, en general no es disseminen a altres parts del cos.<\/p>\n<p>[\/vc_column_text][\/vc_column_inner][\/vc_row_inner][vc_row_inner row_type=&#8221;row&#8221; type=&#8221;full_width&#8221; text_align=&#8221;left&#8221; css_animation=&#8221;&#8221;][vc_column_inner width=&#8221;5\/6&#8243;][vc_column_text]<\/p>\n<p style=\"text-align: justify;\"><b>El Carcinoma Espinocelular <\/b>tamb\u00e9 anomenat com tumor de c\u00e8l\u00b7lules escamoses. <strong>Generalment, tamb\u00e9 s\u2019origina en \u00e0rees cut\u00e0nies que han estat exposades al sol, sovint en la part superior del nas, el front, el llavi inferior i les mans<\/strong>. Tamb\u00e9, poden apar\u00e8ixer a \u00e0rees de pell que s\u2019han cremat, exposades a productes qu\u00edmics o, a radioter\u00e0pia.<\/p>\n<p style=\"text-align: justify;\">En general, aquest c\u00e0ncer apareix com una inflamaci\u00f3 de color vermellosa i dura. De vegades el tumor pot tenir un aspecte escam\u00f3s o, pot sagnar com tamb\u00e9, desenvolupar una crosta. A vegades, els tumors de c\u00e8l\u00b7lules escamoses poden disseminar cap als n\u00f2duls limf\u00e0tics de la zona afectada.<\/p>\n<p>[\/vc_column_text][\/vc_column_inner][vc_column_inner width=&#8221;1\/6&#8243;][vc_single_image image=&#8221;8259&#8243; qode_css_animation=&#8221;&#8221;][\/vc_column_inner][\/vc_row_inner][vc_row_inner row_type=&#8221;row&#8221; type=&#8221;full_width&#8221; text_align=&#8221;left&#8221; css_animation=&#8221;&#8221;][vc_column_inner width=&#8221;1\/4&#8243;][vc_single_image image=&#8221;8260&#8243; qode_css_animation=&#8221;&#8221;][\/vc_column_inner][vc_column_inner width=&#8221;3\/4&#8243;][vc_column_text]<\/p>\n<p style=\"text-align: justify;\"><b>El Melanoma <\/b>\u00e9s el <strong>c\u00e0ncer cutani m\u00e9s agressiu<\/strong> que s\u2019origina en les c\u00e8l\u00b7lules que emmagatzemen la melanina, els melan\u00f2cits.<\/p>\n<p style=\"text-align: justify;\">Tamb\u00e9, hi ha altres tipus de c\u00e0ncer que poden afectar la pell com el limfoma cutani de les c\u00e8l\u00b7lules T, un c\u00e0ncer del sistema limf\u00e0tic, i el sarcoma de Kaposi. Els c\u00e0ncers que s\u2019han originat en altres parts del cos tamb\u00e9 poden disseminar-se per met\u00e0stasi a la pell.<\/p>\n<p>[\/vc_column_text][\/vc_column_inner][\/vc_row_inner][\/vc_accordion_tab][vc_accordion_tab title=&#8221;Quin \u00e9s el procediment a seguir despr\u00e9s del diagn\u00f2stic de c\u00e0ncer cutani?&#8221;][vc_column_text]<\/p>\n<p style=\"text-align: justify;\">Un cop detectat el c\u00e0ncer de la pell, s\u2019han de fer m\u00e9s proves per determinar si el c\u00e0ncer s\u2019ha disseminat. Aquest procediment s\u2019anomena classificaci\u00f3 per etapes. <strong>El doctor necessitar\u00e0 diagnosticar l\u2019etapa i el tipus del c\u00e0ncer de la pell per planificar el tractament adequat mitjan\u00e7ant bi\u00f2psia.<\/strong><\/p>\n<p>[\/vc_column_text][\/vc_accordion_tab][vc_accordion_tab title=&#8221;Quin tipus de ter\u00e0pies s\u2019utilitza contra el c\u00e0ncer de la pell?&#8221;][vc_column_text]<\/p>\n<p style=\"text-align: justify;\">El tractament per al c\u00e0ncer de pell dependr\u00e0 del tipus i etapa de la malaltia, la seva edat i salut en general. Diversos c\u00e0ncers de pell s\u00f3n tractats per metges especialistes en cirurgia pl\u00e0stica, reparadora i est\u00e8tica.<\/p>\n<p style=\"text-align: justify;\">En general, el c\u00e1ncer de pell es pot tractar de manera ambulat\u00f2ria.<\/p>\n<p style=\"text-align: justify;\">Existeixen tractaments per a tots els pacients amb c\u00e0ncer cutani. S\u2019empren diferents tipus de tractaments.<\/p>\n<p style=\"text-align: justify;\"><strong>La cirurgia \u00e9s el tractament m\u00e9s com\u00fa pel c\u00e0ncer de pell.<\/strong> El metge pot extreure el c\u00e0ncer emprant algun dels seg\u00fcents m\u00e8todes.<\/p>\n<p style=\"text-align: justify;\"><strong>L\u2019extirpaci\u00f3 mitjan\u00e7ant cirurgia<\/strong> deixar\u00e0 una cicatriu a la pell. Depenent de la mida del c\u00e0ncer, es pot prendre pell d\u2019una altra part del cos per posar-se a l\u2019\u00e0rea on es va extreure el c\u00e0ncer. Aquest procediment s\u2019anomena empelt de pell. Els nostres especialistes en Cirurgia Pl\u00e0stica, Reparadora i Est\u00e8tica de C\u00e0nons Clinics utilitzaran els darrers aven\u00e7os amb t\u00e8cniques quir\u00fargiques com tamb\u00e9 si \u00e9s el cas, empelts amb l&#8217;objectiu de reduir les cicatrius.<\/p>\n<p style=\"text-align: justify;\"><b>La radioter\u00e0pia<\/b> consisteix en l\u2019\u00fas de raigs X per eliminar c\u00e8l \u00b7 lules canceroses i reduir tumors.<\/p>\n<p style=\"text-align: justify;\"><b>La quimioter\u00e0pia<\/b> consisteix en l\u2019\u00fas de medicaments per eliminar c\u00e8l\u00b7lules canceroses. El tractament de quimioter\u00e0pia m\u00e9s freq\u00fcent \u00e9s el que s\u2019administra per mitj\u00e0 d\u2019una crema o, loci\u00f3 aplicada a la pell per eliminar les c\u00e8l\u00b7lules canceroses, aquesta s\u2019anomena quimioter\u00e0pia t\u00f2pica.<\/p>\n<p style=\"text-align: justify;\">La quimioter\u00e0pia tamb\u00e9 pot administrar-se via oral amb comprimits o, pot introduir-se al cos a trav\u00e9s d\u2019una agulla en m\u00fascul. Un altre tipus de quimioter\u00e0pia \u00e9s la sist\u00e8mica administrada per via endovenosa que viatja a trav\u00e9s del cos i, pot destruir les c\u00e8l\u00b7lules canceroses situades fora de la pell. La quimioter\u00e0pia sist\u00e8mica est\u00e0 sent avaluada en proves cl\u00edniques.<\/p>\n<p style=\"text-align: justify;\"><b>La ter\u00e0pia biol\u00f2gica <\/b>es basa que el cos mateix combati el c\u00e0ncer. S\u2019empren subst\u00e0ncies produ\u00efdes pel propi cos o fabricades en un laboratori per impulsar, dirigir o restaurar les defenses naturals del cos contra la malaltia. La ter\u00e0pia biol\u00f2gica tamb\u00e9 es coneix com a ter\u00e0pia modificadora de la resposta biol\u00f2gica o immunoter\u00e0pia BRM.<\/p>\n<p style=\"text-align: justify;\"><b>La ter\u00e0pia fotodin\u00e0mica<\/b> s\u2019empra un feix de llum i qu\u00edmics espec\u00edfics per eliminar les c\u00e8l\u00b7lules canceroses.<\/p>\n<p>[\/vc_column_text][\/vc_accordion_tab][vc_accordion_tab title=&#8221;Quines precaucions haur\u00e9 prendre?&#8221;][vc_column_text]<\/p>\n<p style=\"text-align: justify;\">Amb l\u2019objectiu de limitar el risc de sagnat i hematomes haur\u00e0s d\u2019<strong>evitar prendre en els 7 dies previs<\/strong> al procediment antiagregants plaquetaris com Aspirina, Dipiridamol, Ticlopidina\u2026 com tamb\u00e9, en els 3 dies previs prendre antiinflamatoris no estero\u00efdals amb efecte antiagregant com Ibuprof\u00e8, Diclofenac, Indometacina, Piroxicam, Naproxeno\u2026<\/p>\n<p>[\/vc_column_text][\/vc_accordion_tab][\/vc_accordion][\/vc_column][\/vc_row]<\/p>\n<\/div><!-- AddThis Advanced Settings generic via filter on the_content --><!-- AddThis Share Buttons generic via filter on the_content -->","protected":false},"excerpt":{"rendered":"<p>[vc_row css_animation=&#8221;&#8221; row_type=&#8221;row&#8221; use_row_as_full_screen_section=&#8221;no&#8221; type=&#8221;full_width&#8221; angled_section=&#8221;no&#8221; text_align=&#8221;left&#8221; background_image_as_pattern=&#8221;without_pattern&#8221; background_color=&#8221;#f7f7f7&#8243; section_type=&#8221;full-width&#8221;][vc_column][vc_empty_space height=&#8221;40px&#8221;][vc_row_inner row_type=&#8221;row&#8221; type=&#8221;full_width&#8221; text_align=&#8221;left&#8221; css_animation=&#8221;&#8221;][vc_column_inner width=&#8221;1\/2&#8243;][vc_single_image image=&#8221;8262&#8243; img_size=&#8221;full&#8221; alignment=&#8221;center&#8221; qode_css_animation=&#8221;&#8221;][\/vc_column_inner][vc_column_inner width=&#8221;1\/2&#8243;][vc_column_text] El c\u00e0ncer de pell \u00e9s una malaltia en la qual es troben c\u00e8l\u00b7lules malignes en les capes exteriors de la pell. La pell est\u00e0&#8230;<!-- AddThis Advanced Settings generic via filter on get_the_excerpt --><!-- AddThis Share Buttons generic via filter on get_the_excerpt --><\/p>\n","protected":false},"author":25,"featured_media":16283,"parent":10025,"menu_order":0,"comment_status":"closed","ping_status":"closed","template":"","meta":{"footnotes":""},"class_list":["post-10092","page","type-page","status-publish","has-post-thumbnail","hentry"],"yoast_head":"<!-- This site is optimized with the Yoast SEO Premium plugin v26.9 (Yoast SEO v27.5) - https:\/\/yoast.com\/product\/yoast-seo-premium-wordpress\/ -->\n<title>Skin Cancer - Canons Clinic | Surgery and Aesthetic Medicine in Barcelona, \u200b\u200bGranollers<\/title>\n<meta name=\"robots\" content=\"index, follow, max-snippet:-1, max-image-preview:large, max-video-preview:-1\" \/>\n<link rel=\"canonical\" href=\"https:\/\/www.canons.es\/cirugia-dermatologica-2\/cancer-de-piel-2\/\" \/>\n<meta property=\"og:locale\" content=\"en_US\" \/>\n<meta property=\"og:type\" content=\"article\" \/>\n<meta property=\"og:title\" content=\"Skin Cancer\" \/>\n<meta property=\"og:description\" content=\"[vc_row css_animation=&#8221;&#8221; row_type=&#8221;row&#8221; use_row_as_full_screen_section=&#8221;no&#8221; type=&#8221;full_width&#8221; angled_section=&#8221;no&#8221; text_align=&#8221;left&#8221; background_image_as_pattern=&#8221;without_pattern&#8221; background_color=&#8221;#f7f7f7&#8243; section_type=&#8221;full-width&#8221;][vc_column][vc_empty_space height=&#8221;40px&#8221;][vc_row_inner row_type=&#8221;row&#8221; type=&#8221;full_width&#8221; text_align=&#8221;left&#8221; css_animation=&#8221;&#8221;][vc_column_inner width=&#8221;1\/2&#8243;][vc_single_image image=&#8221;8262&#8243; img_size=&#8221;full&#8221; alignment=&#8221;center&#8221; qode_css_animation=&#8221;&#8221;][\/vc_column_inner][vc_column_inner width=&#8221;1\/2&#8243;][vc_column_text] El c\u00e0ncer de pell \u00e9s una malaltia en la qual es troben c\u00e8l\u00b7lules malignes en les capes exteriors de la pell. La pell est\u00e0...\" \/>\n<meta property=\"og:url\" content=\"https:\/\/www.canons.es\/cirugia-dermatologica-2\/cancer-de-piel-2\/\" \/>\n<meta property=\"og:site_name\" content=\"Canons Clinic | Surgery and Aesthetic Medicine in Barcelona, \u200b\u200bGranollers\" \/>\n<meta property=\"article:publisher\" content=\"https:\/\/www.facebook.com\/canonsclinics\/\" \/>\n<meta property=\"article:modified_time\" content=\"2019-04-10T09:24:13+00:00\" \/>\n<meta property=\"og:image\" content=\"https:\/\/www.canons.es\/wp-content\/uploads\/2015\/09\/tratamiento-cancer-piel-barcelona.jpg\" \/>\n\t<meta property=\"og:image:width\" content=\"456\" \/>\n\t<meta property=\"og:image:height\" content=\"346\" \/>\n\t<meta property=\"og:image:type\" content=\"image\/jpeg\" \/>\n<meta name=\"twitter:card\" content=\"summary_large_image\" \/>\n<meta name=\"twitter:site\" content=\"@canonsclinics\" \/>\n<meta name=\"twitter:label1\" content=\"Est. reading time\" \/>\n\t<meta name=\"twitter:data1\" content=\"8 minutes\" \/>\n<script type=\"application\/ld+json\" class=\"yoast-schema-graph\">{\"@context\":\"https:\\\/\\\/schema.org\",\"@graph\":[{\"@type\":\"WebPage\",\"@id\":\"https:\\\/\\\/www.canons.es\\\/cirugia-dermatologica-2\\\/cancer-de-piel-2\\\/\",\"url\":\"https:\\\/\\\/www.canons.es\\\/cirugia-dermatologica-2\\\/cancer-de-piel-2\\\/\",\"name\":\"Skin Cancer - Canons Clinic | Surgery and Aesthetic Medicine in Barcelona, \u200b\u200bGranollers\",\"isPartOf\":{\"@id\":\"https:\\\/\\\/www.canons.es\\\/#website\"},\"primaryImageOfPage\":{\"@id\":\"https:\\\/\\\/www.canons.es\\\/cirugia-dermatologica-2\\\/cancer-de-piel-2\\\/#primaryimage\"},\"image\":{\"@id\":\"https:\\\/\\\/www.canons.es\\\/cirugia-dermatologica-2\\\/cancer-de-piel-2\\\/#primaryimage\"},\"thumbnailUrl\":\"https:\\\/\\\/www.canons.es\\\/wp-content\\\/uploads\\\/2015\\\/09\\\/tratamiento-cancer-piel-barcelona.jpg\",\"datePublished\":\"2015-09-17T11:30:22+00:00\",\"dateModified\":\"2019-04-10T09:24:13+00:00\",\"breadcrumb\":{\"@id\":\"https:\\\/\\\/www.canons.es\\\/cirugia-dermatologica-2\\\/cancer-de-piel-2\\\/#breadcrumb\"},\"inLanguage\":\"en-US\",\"potentialAction\":[{\"@type\":\"ReadAction\",\"target\":[\"https:\\\/\\\/www.canons.es\\\/cirugia-dermatologica-2\\\/cancer-de-piel-2\\\/\"]}]},{\"@type\":\"ImageObject\",\"inLanguage\":\"en-US\",\"@id\":\"https:\\\/\\\/www.canons.es\\\/cirugia-dermatologica-2\\\/cancer-de-piel-2\\\/#primaryimage\",\"url\":\"https:\\\/\\\/www.canons.es\\\/wp-content\\\/uploads\\\/2015\\\/09\\\/tratamiento-cancer-piel-barcelona.jpg\",\"contentUrl\":\"https:\\\/\\\/www.canons.es\\\/wp-content\\\/uploads\\\/2015\\\/09\\\/tratamiento-cancer-piel-barcelona.jpg\",\"width\":456,\"height\":346,\"caption\":\"Diagn\u00f3stico y tratamiento del c\u00e1ncer de piel en Barcelona y Granollers con valoraci\u00f3n m\u00e9dica, seguimiento y atenci\u00f3n especializada.\"},{\"@type\":\"BreadcrumbList\",\"@id\":\"https:\\\/\\\/www.canons.es\\\/cirugia-dermatologica-2\\\/cancer-de-piel-2\\\/#breadcrumb\",\"itemListElement\":[{\"@type\":\"ListItem\",\"position\":1,\"name\":\"Portada\",\"item\":\"https:\\\/\\\/www.canons.es\\\/en\\\/\"},{\"@type\":\"ListItem\",\"position\":2,\"name\":\"DERMATOLOGIC SURGERY\",\"item\":\"https:\\\/\\\/www.canons.es\\\/en\\\/cirugia-dermatologica\\\/\"},{\"@type\":\"ListItem\",\"position\":3,\"name\":\"Skin Cancer\"}]},{\"@type\":\"WebSite\",\"@id\":\"https:\\\/\\\/www.canons.es\\\/#website\",\"url\":\"https:\\\/\\\/www.canons.es\\\/\",\"name\":\"Cirug\u00eda Pl\u00e1stica y Est\u00e9tica Barcelona y Granollers | C\u00e0nons Clinics\",\"description\":\"\",\"publisher\":{\"@id\":\"https:\\\/\\\/www.canons.es\\\/#organization\"},\"potentialAction\":[{\"@type\":\"SearchAction\",\"target\":{\"@type\":\"EntryPoint\",\"urlTemplate\":\"https:\\\/\\\/www.canons.es\\\/?s={search_term_string}\"},\"query-input\":{\"@type\":\"PropertyValueSpecification\",\"valueRequired\":true,\"valueName\":\"search_term_string\"}}],\"inLanguage\":\"en-US\"},{\"@type\":\"Organization\",\"@id\":\"https:\\\/\\\/www.canons.es\\\/#organization\",\"name\":\"Cirug\u00eda Pl\u00e1stica y Est\u00e9tica Barcelona y Granollers | C\u00e0nons Clinics\",\"url\":\"https:\\\/\\\/www.canons.es\\\/\",\"logo\":{\"@type\":\"ImageObject\",\"inLanguage\":\"en-US\",\"@id\":\"https:\\\/\\\/www.canons.es\\\/#\\\/schema\\\/logo\\\/image\\\/\",\"url\":\"https:\\\/\\\/www.canons.es\\\/wp-content\\\/uploads\\\/2025\\\/04\\\/logo-canons-clinics.jpg\",\"contentUrl\":\"https:\\\/\\\/www.canons.es\\\/wp-content\\\/uploads\\\/2025\\\/04\\\/logo-canons-clinics.jpg\",\"width\":600,\"height\":139,\"caption\":\"Cirug\u00eda Pl\u00e1stica y Est\u00e9tica Barcelona y Granollers | C\u00e0nons Clinics\"},\"image\":{\"@id\":\"https:\\\/\\\/www.canons.es\\\/#\\\/schema\\\/logo\\\/image\\\/\"},\"sameAs\":[\"https:\\\/\\\/www.facebook.com\\\/canonsclinics\\\/\",\"https:\\\/\\\/x.com\\\/canonsclinics\",\"https:\\\/\\\/www.instagram.com\\\/canonsclinics\\\/\",\"https:\\\/\\\/www.youtube.com\\\/channel\\\/UCI1Ia6LjALyo1CuQ0_HwtfQ\",\"https:\\\/\\\/www.linkedin.com\\\/company\\\/canons-clinics\\\/\"]}]}<\/script>\n<!-- \/ Yoast SEO Premium plugin. -->","yoast_head_json":{"title":"Skin Cancer - Canons Clinic | Surgery and Aesthetic Medicine in Barcelona, \u200b\u200bGranollers","robots":{"index":"index","follow":"follow","max-snippet":"max-snippet:-1","max-image-preview":"max-image-preview:large","max-video-preview":"max-video-preview:-1"},"canonical":"https:\/\/www.canons.es\/cirugia-dermatologica-2\/cancer-de-piel-2\/","og_locale":"en_US","og_type":"article","og_title":"Skin Cancer","og_description":"[vc_row css_animation=&#8221;&#8221; row_type=&#8221;row&#8221; use_row_as_full_screen_section=&#8221;no&#8221; type=&#8221;full_width&#8221; angled_section=&#8221;no&#8221; text_align=&#8221;left&#8221; background_image_as_pattern=&#8221;without_pattern&#8221; background_color=&#8221;#f7f7f7&#8243; section_type=&#8221;full-width&#8221;][vc_column][vc_empty_space height=&#8221;40px&#8221;][vc_row_inner row_type=&#8221;row&#8221; type=&#8221;full_width&#8221; text_align=&#8221;left&#8221; css_animation=&#8221;&#8221;][vc_column_inner width=&#8221;1\/2&#8243;][vc_single_image image=&#8221;8262&#8243; img_size=&#8221;full&#8221; alignment=&#8221;center&#8221; qode_css_animation=&#8221;&#8221;][\/vc_column_inner][vc_column_inner width=&#8221;1\/2&#8243;][vc_column_text] El c\u00e0ncer de pell \u00e9s una malaltia en la qual es troben c\u00e8l\u00b7lules malignes en les capes exteriors de la pell. La pell est\u00e0...","og_url":"https:\/\/www.canons.es\/cirugia-dermatologica-2\/cancer-de-piel-2\/","og_site_name":"Canons Clinic | Surgery and Aesthetic Medicine in Barcelona, \u200b\u200bGranollers","article_publisher":"https:\/\/www.facebook.com\/canonsclinics\/","article_modified_time":"2019-04-10T09:24:13+00:00","og_image":[{"width":456,"height":346,"url":"https:\/\/www.canons.es\/wp-content\/uploads\/2015\/09\/tratamiento-cancer-piel-barcelona.jpg","type":"image\/jpeg"}],"twitter_card":"summary_large_image","twitter_site":"@canonsclinics","twitter_misc":{"Est. reading time":"8 minutes"},"schema":{"@context":"https:\/\/schema.org","@graph":[{"@type":"WebPage","@id":"https:\/\/www.canons.es\/cirugia-dermatologica-2\/cancer-de-piel-2\/","url":"https:\/\/www.canons.es\/cirugia-dermatologica-2\/cancer-de-piel-2\/","name":"Skin Cancer - Canons Clinic | Surgery and Aesthetic Medicine in Barcelona, \u200b\u200bGranollers","isPartOf":{"@id":"https:\/\/www.canons.es\/#website"},"primaryImageOfPage":{"@id":"https:\/\/www.canons.es\/cirugia-dermatologica-2\/cancer-de-piel-2\/#primaryimage"},"image":{"@id":"https:\/\/www.canons.es\/cirugia-dermatologica-2\/cancer-de-piel-2\/#primaryimage"},"thumbnailUrl":"https:\/\/www.canons.es\/wp-content\/uploads\/2015\/09\/tratamiento-cancer-piel-barcelona.jpg","datePublished":"2015-09-17T11:30:22+00:00","dateModified":"2019-04-10T09:24:13+00:00","breadcrumb":{"@id":"https:\/\/www.canons.es\/cirugia-dermatologica-2\/cancer-de-piel-2\/#breadcrumb"},"inLanguage":"en-US","potentialAction":[{"@type":"ReadAction","target":["https:\/\/www.canons.es\/cirugia-dermatologica-2\/cancer-de-piel-2\/"]}]},{"@type":"ImageObject","inLanguage":"en-US","@id":"https:\/\/www.canons.es\/cirugia-dermatologica-2\/cancer-de-piel-2\/#primaryimage","url":"https:\/\/www.canons.es\/wp-content\/uploads\/2015\/09\/tratamiento-cancer-piel-barcelona.jpg","contentUrl":"https:\/\/www.canons.es\/wp-content\/uploads\/2015\/09\/tratamiento-cancer-piel-barcelona.jpg","width":456,"height":346,"caption":"Diagn\u00f3stico y tratamiento del c\u00e1ncer de piel en Barcelona y Granollers con valoraci\u00f3n m\u00e9dica, seguimiento y atenci\u00f3n especializada."},{"@type":"BreadcrumbList","@id":"https:\/\/www.canons.es\/cirugia-dermatologica-2\/cancer-de-piel-2\/#breadcrumb","itemListElement":[{"@type":"ListItem","position":1,"name":"Portada","item":"https:\/\/www.canons.es\/en\/"},{"@type":"ListItem","position":2,"name":"DERMATOLOGIC SURGERY","item":"https:\/\/www.canons.es\/en\/cirugia-dermatologica\/"},{"@type":"ListItem","position":3,"name":"Skin Cancer"}]},{"@type":"WebSite","@id":"https:\/\/www.canons.es\/#website","url":"https:\/\/www.canons.es\/","name":"Cirug\u00eda Pl\u00e1stica y Est\u00e9tica Barcelona y Granollers | C\u00e0nons Clinics","description":"","publisher":{"@id":"https:\/\/www.canons.es\/#organization"},"potentialAction":[{"@type":"SearchAction","target":{"@type":"EntryPoint","urlTemplate":"https:\/\/www.canons.es\/?s={search_term_string}"},"query-input":{"@type":"PropertyValueSpecification","valueRequired":true,"valueName":"search_term_string"}}],"inLanguage":"en-US"},{"@type":"Organization","@id":"https:\/\/www.canons.es\/#organization","name":"Cirug\u00eda Pl\u00e1stica y Est\u00e9tica Barcelona y Granollers | C\u00e0nons Clinics","url":"https:\/\/www.canons.es\/","logo":{"@type":"ImageObject","inLanguage":"en-US","@id":"https:\/\/www.canons.es\/#\/schema\/logo\/image\/","url":"https:\/\/www.canons.es\/wp-content\/uploads\/2025\/04\/logo-canons-clinics.jpg","contentUrl":"https:\/\/www.canons.es\/wp-content\/uploads\/2025\/04\/logo-canons-clinics.jpg","width":600,"height":139,"caption":"Cirug\u00eda Pl\u00e1stica y Est\u00e9tica Barcelona y Granollers | C\u00e0nons Clinics"},"image":{"@id":"https:\/\/www.canons.es\/#\/schema\/logo\/image\/"},"sameAs":["https:\/\/www.facebook.com\/canonsclinics\/","https:\/\/x.com\/canonsclinics","https:\/\/www.instagram.com\/canonsclinics\/","https:\/\/www.youtube.com\/channel\/UCI1Ia6LjALyo1CuQ0_HwtfQ","https:\/\/www.linkedin.com\/company\/canons-clinics\/"]}]}},"_links":{"self":[{"href":"https:\/\/www.canons.es\/en\/wp-json\/wp\/v2\/pages\/10092","targetHints":{"allow":["GET"]}}],"collection":[{"href":"https:\/\/www.canons.es\/en\/wp-json\/wp\/v2\/pages"}],"about":[{"href":"https:\/\/www.canons.es\/en\/wp-json\/wp\/v2\/types\/page"}],"author":[{"embeddable":true,"href":"https:\/\/www.canons.es\/en\/wp-json\/wp\/v2\/users\/25"}],"replies":[{"embeddable":true,"href":"https:\/\/www.canons.es\/en\/wp-json\/wp\/v2\/comments?post=10092"}],"version-history":[{"count":0,"href":"https:\/\/www.canons.es\/en\/wp-json\/wp\/v2\/pages\/10092\/revisions"}],"up":[{"embeddable":true,"href":"https:\/\/www.canons.es\/en\/wp-json\/wp\/v2\/pages\/10025"}],"wp:featuredmedia":[{"embeddable":true,"href":"https:\/\/www.canons.es\/en\/wp-json\/wp\/v2\/media\/16283"}],"wp:attachment":[{"href":"https:\/\/www.canons.es\/en\/wp-json\/wp\/v2\/media?parent=10092"}],"curies":[{"name":"wp","href":"https:\/\/api.w.org\/{rel}","templated":true}]}}