{"id":10083,"date":"2015-09-17T10:23:25","date_gmt":"2015-09-17T10:23:25","guid":{"rendered":"https:\/\/www.canons.es\/en\/lesiones-cutaneas\/"},"modified":"2019-08-19T13:29:11","modified_gmt":"2019-08-19T13:29:11","slug":"lesiones-cutaneas","status":"publish","type":"page","link":"https:\/\/www.canons.es\/en\/cirugia-dermatologica\/lesiones-cutaneas\/","title":{"rendered":"Skin lesions"},"content":{"rendered":"<div class=\"wpb-content-wrapper\"><p>[vc_row css_animation=&#8221;&#8221; row_type=&#8221;row&#8221; use_row_as_full_screen_section=&#8221;no&#8221; type=&#8221;full_width&#8221; angled_section=&#8221;no&#8221; text_align=&#8221;left&#8221; background_image_as_pattern=&#8221;without_pattern&#8221; background_color=&#8221;#f7f7f7&#8243; padding=&#8221;medium&#8221; vpadding=&#8221;medium&#8221; section_type=&#8221;full-width&#8221; sp_top=&#8221;0&#8243; sp_bottom=&#8221;0&#8243; enable_border=&#8221;&#8221; enable_bottom_border=&#8221;&#8221; bg_type=&#8221;image&#8221; equal_height=&#8221;&#8221; background_style=&#8221;stretch&#8221; fixed_bg=&#8221;no&#8221; enable_parallax=&#8221;no&#8221; height=&#8221;content&#8221; bg_overlay=&#8221;&#8221; bg_overlay_opacity=&#8221;0.4&#8243; bg_overlay_dot=&#8221;no&#8221; enable_triangle=&#8221;&#8221; triangle_location=&#8221;top&#8221;][vc_column p_top=&#8221;0&#8243; p_bottom=&#8221;0&#8243; p_left=&#8221;0&#8243; p_right=&#8221;0&#8243; color_scheme=&#8221;&#8221; bg_overlay=&#8221;&#8221; bg_overlay_color=&#8221;&#8221; bg_overlay_opacity=&#8221;0.4&#8243;][vc_empty_space height=&#8221;40px&#8221;][vc_row_inner row_type=&#8221;row&#8221; type=&#8221;full_width&#8221; text_align=&#8221;left&#8221; css_animation=&#8221;&#8221; padding=&#8221;medium&#8221; vpadding=&#8221;medium&#8221;][vc_column_inner width=&#8221;1\/2&#8243;][vc_single_image image=&#8221;8251&#8243; img_size=&#8221;full&#8221; qode_css_animation=&#8221;&#8221; css_animation_delay=&#8221;100&#8243; img_align=&#8221;none&#8221; target=&#8221;_self&#8221; img_lightbox=&#8221;&#8221;][\/vc_column_inner][vc_column_inner width=&#8221;1\/2&#8243;][vc_column_text]<\/p>\n<p style=\"text-align: justify;\">Por diversos motivos como la exposici\u00f3n solar, rayos UVA, edad, diferentes tipos de piel, factores gen\u00e9ticos, etc. suelen haber un sin n\u00famero de <span style=\"color: #6d98dc;\"><strong>lesiones cut\u00e1neas<\/strong><\/span> como lunares, verrugas, tumores benignos de piel, epiteliomas, quistes, etc.<\/p>\n<p style=\"text-align: justify;\">Este tipo de lesiones cut\u00e1neas al ser en <span style=\"color: #6d98dc;\"><strong>zonas visibles<\/strong><\/span> y al tener cierta <span style=\"color: #6d98dc;\"><strong>tendencia a aumentar de tama\u00f1o<\/strong><\/span> son un motivo frecuente de consulta para su cirug\u00eda.<\/p>\n<p>[\/vc_column_text][\/vc_column_inner][\/vc_row_inner][\/vc_column][\/vc_row][vc_row css_animation=&#8221;&#8221; row_type=&#8221;row&#8221; use_row_as_full_screen_section=&#8221;no&#8221; type=&#8221;full_width&#8221; angled_section=&#8221;no&#8221; text_align=&#8221;left&#8221; background_image_as_pattern=&#8221;without_pattern&#8221; padding=&#8221;medium&#8221; vpadding=&#8221;medium&#8221; section_type=&#8221;full-width&#8221; sp_top=&#8221;0&#8243; sp_bottom=&#8221;0&#8243; enable_border=&#8221;&#8221; enable_bottom_border=&#8221;&#8221; bg_type=&#8221;image&#8221; equal_height=&#8221;&#8221; background_style=&#8221;stretch&#8221; fixed_bg=&#8221;no&#8221; enable_parallax=&#8221;no&#8221; height=&#8221;content&#8221; bg_overlay=&#8221;&#8221; bg_overlay_opacity=&#8221;0.4&#8243; bg_overlay_dot=&#8221;no&#8221; enable_triangle=&#8221;&#8221; triangle_location=&#8221;top&#8221;][vc_column p_top=&#8221;0&#8243; p_bottom=&#8221;0&#8243; p_left=&#8221;0&#8243; p_right=&#8221;0&#8243; color_scheme=&#8221;&#8221; bg_overlay=&#8221;&#8221; bg_overlay_color=&#8221;&#8221; bg_overlay_opacity=&#8221;0.4&#8243;][vc_empty_space][vc_accordion style=&#8221;accordion&#8221; disable_keyboard=&#8221;&#8221;][vc_accordion_tab title=&#8221;\u00bfCu\u00e1l ser\u00e1 el procedimiento?&#8221;][vc_column_text]<\/p>\n<p style=\"text-align: justify;\">Nuestros M\u00e9dicos, Especialistas en Cirug\u00eda Pl\u00e1stica y Est\u00e9tica, tratar\u00e1n este tipo de lesiones cut\u00e1neas <span style=\"color: #6d98dc;\"><strong>con la mayor pulcritud<\/strong><\/span> posible, de manera que <span style=\"color: #6d98dc;\"><strong>se extirpar\u00e1 la lesi\u00f3n con aparatolog\u00eda electrom\u00e9dica espec\u00edfica<\/strong><\/span> en cada caso en particular y <span style=\"color: #6d98dc;\"><strong>se suturar\u00e1 con monofilamentos fin\u00edsimos<\/strong><\/span> en todos los casos que sea posible <span style=\"color: #6d98dc;\"><strong>por v\u00eda intrad\u00e9rmica,<\/strong><\/span> <span style=\"color: #6d98dc;\"><strong>dejando una cicatriz casi imperceptible<\/strong><\/span> a simple vista.<\/p>\n<p style=\"text-align: justify;\">Se realizar\u00e1 en la gran mayor\u00eda de los casos de forma ambulatoria, en nuestros centros C\u00e0nons Clinics autorizados por la Generalitat de Catalunya<strong>,<\/strong> con registro sanitario correspondiente en cada uno de ellos. En casos especiales, se realizar\u00e1 en las cl\u00ednicas donde colaboramos.<\/p>\n<p style=\"text-align: justify;\">En primer lugar, aplicaremos <span style=\"color: #6d98dc;\"><strong>crema anest\u00e9sica t\u00f3pica<\/strong><\/span>, se administrar\u00e1 <span style=\"color: #6d98dc;\"><strong>anestesia local<\/strong><\/span> sobre el \u00e1rea a tratar y se realizar\u00e1 el procedimiento quir\u00fargico indicado. Se colocar\u00e1 un ap\u00f3sito adecuado en cada caso.<\/p>\n<p style=\"text-align: justify;\">Este tipo de procedimientos medicoquir\u00fargicos\u00a0est\u00e1n\u00a0muy bien tolerados, de manera que permitir\u00e1n <span style=\"color: #6d98dc;\"><strong>no alterar la vida social y\/o profesional.<\/strong><\/span><\/p>\n<p>[\/vc_column_text][\/vc_accordion_tab][vc_accordion_tab title=&#8221;\u00bfPodr\u00e9 ver alguna simulaci\u00f3n en 3D antes de la cirug\u00eda de lesiones cut\u00e1neas faciales?&#8221;][vc_column_text]<\/p>\n<p style=\"text-align: justify;\">En nuestros centros C\u00e0nons Clinics, especializados en Cirug\u00eda y Medicina Est\u00e9tica, ofrecemos la posibilidad de <span style=\"color: #6d98dc;\"><strong>mostrar mediante un nuevo programa 3D E-Stetix diversas simulaciones en tres dimensiones de la cirug\u00eda<\/strong><\/span> de ex\u00e9resi de lesiones cut\u00e1neas faciales para poder analizar de forma personalizada, y seg\u00fan criterio m\u00e9dico, todos los aspectos que desees mejorar, s\u00f3lo\u00a0realizando unas fotograf\u00edas previas. As\u00ed te podr\u00e1s hacer una idea, siempre aproximada, de c\u00f3mo quedar\u00e1 despu\u00e9s, ya que intervienen gran variedad de factores.<\/p>\n<p>[\/vc_column_text][\/vc_accordion_tab][vc_accordion_tab title=&#8221;\u00bfC\u00f3mo ser\u00e1 la postcirug\u00eda?&#8221;][vc_column_text]<\/p>\n<p style=\"text-align: justify;\">Se pautar\u00e1n analg\u00e9sicos seg\u00fan cada caso en particular y, si se precisa, tambi\u00e9n antibi\u00f3ticos. Se explicar\u00e1 c\u00f3mo realizar las curas de la cicatriz y se indicar\u00e1 cuando acudir a la consulta para retirar puntos y realizar el control postquir\u00fargico.<\/p>\n<p>[\/vc_column_text][\/vc_accordion_tab][vc_accordion_tab title=&#8221;\u00bfQu\u00e9 precauciones deber\u00e9 tomar?&#8221;][vc_column_text]<\/p>\n<p style=\"text-align: justify;\">Con el objetivo de limitar el riesgo de sangrado y hematomas tendr\u00e1s que evitar tomar en los 7 d\u00edas previos al procedimiento antiagregantes plaquetarios como Aspirina, Dipiridamol, Ticlopidina\u2026 como tambi\u00e9n, en los 3 d\u00edas previos tomar antiinflamatorios no esteroideos con efecto antiagregante como Ibuprofeno, Diclofenaco, Indometacina, Piroxicam, Naproxeno\u2026<\/p>\n<p>[\/vc_column_text][\/vc_accordion_tab][vc_accordion_tab title=&#8221;Otras opciones de tratamiento&#8221;][vc_column_text]Informate sobre el tratamiento con <b><a style=\"color: #6d98dc;\" href=\"\/terapia-de-plasma-fraccionado-plasmage\/\">Plasmage<\/a><\/b>[\/vc_column_text][\/vc_accordion_tab][\/vc_accordion][\/vc_column][\/vc_row]<\/p>\n<\/div><!-- AddThis Advanced Settings generic via filter on the_content --><!-- AddThis Share Buttons generic via filter on the_content -->","protected":false},"excerpt":{"rendered":"<p>[vc_row css_animation=&#8221;&#8221; row_type=&#8221;row&#8221; use_row_as_full_screen_section=&#8221;no&#8221; type=&#8221;full_width&#8221; angled_section=&#8221;no&#8221; text_align=&#8221;left&#8221; background_image_as_pattern=&#8221;without_pattern&#8221; background_color=&#8221;#f7f7f7&#8243; padding=&#8221;medium&#8221; vpadding=&#8221;medium&#8221; section_type=&#8221;full-width&#8221; sp_top=&#8221;0&#8243; sp_bottom=&#8221;0&#8243; enable_border=&#8221;&#8221; enable_bottom_border=&#8221;&#8221; bg_type=&#8221;image&#8221; equal_height=&#8221;&#8221; background_style=&#8221;stretch&#8221; fixed_bg=&#8221;no&#8221; enable_parallax=&#8221;no&#8221; height=&#8221;content&#8221; bg_overlay=&#8221;&#8221; bg_overlay_opacity=&#8221;0.4&#8243; bg_overlay_dot=&#8221;no&#8221; enable_triangle=&#8221;&#8221; triangle_location=&#8221;top&#8221;][vc_column p_top=&#8221;0&#8243; p_bottom=&#8221;0&#8243; p_left=&#8221;0&#8243; p_right=&#8221;0&#8243; color_scheme=&#8221;&#8221; bg_overlay=&#8221;&#8221; bg_overlay_color=&#8221;&#8221; bg_overlay_opacity=&#8221;0.4&#8243;][vc_empty_space height=&#8221;40px&#8221;][vc_row_inner row_type=&#8221;row&#8221; type=&#8221;full_width&#8221; text_align=&#8221;left&#8221; css_animation=&#8221;&#8221; padding=&#8221;medium&#8221; vpadding=&#8221;medium&#8221;][vc_column_inner width=&#8221;1\/2&#8243;][vc_single_image image=&#8221;8251&#8243; img_size=&#8221;full&#8221;&#8230;<!-- AddThis Advanced Settings generic via filter on get_the_excerpt --><!-- AddThis Share Buttons generic via filter on get_the_excerpt --><\/p>\n","protected":false},"author":25,"featured_media":16285,"parent":10025,"menu_order":0,"comment_status":"closed","ping_status":"closed","template":"","meta":{"footnotes":""},"class_list":["post-10083","page","type-page","status-publish","has-post-thumbnail","hentry"],"yoast_head":"<!-- This site is optimized with the Yoast SEO Premium plugin v26.9 (Yoast SEO v27.5) - https:\/\/yoast.com\/product\/yoast-seo-premium-wordpress\/ -->\n<title>Skin lesions - Canons Clinic | Surgery and Aesthetic Medicine in Barcelona, \u200b\u200bGranollers<\/title>\n<meta name=\"robots\" content=\"index, follow, max-snippet:-1, max-image-preview:large, max-video-preview:-1\" \/>\n<link rel=\"canonical\" href=\"https:\/\/www.canons.es\/cirugia-dermatologica-2\/lesiones-cutaneas\/\" \/>\n<meta property=\"og:locale\" content=\"en_US\" \/>\n<meta property=\"og:type\" content=\"article\" \/>\n<meta property=\"og:title\" content=\"Skin lesions\" \/>\n<meta property=\"og:description\" content=\"[vc_row css_animation=&#8221;&#8221; row_type=&#8221;row&#8221; use_row_as_full_screen_section=&#8221;no&#8221; type=&#8221;full_width&#8221; angled_section=&#8221;no&#8221; text_align=&#8221;left&#8221; background_image_as_pattern=&#8221;without_pattern&#8221; background_color=&#8221;#f7f7f7&#8243; padding=&#8221;medium&#8221; vpadding=&#8221;medium&#8221; section_type=&#8221;full-width&#8221; sp_top=&#8221;0&#8243; sp_bottom=&#8221;0&#8243; enable_border=&#8221;&#8221; enable_bottom_border=&#8221;&#8221; bg_type=&#8221;image&#8221; equal_height=&#8221;&#8221; background_style=&#8221;stretch&#8221; fixed_bg=&#8221;no&#8221; enable_parallax=&#8221;no&#8221; height=&#8221;content&#8221; bg_overlay=&#8221;&#8221; bg_overlay_opacity=&#8221;0.4&#8243; bg_overlay_dot=&#8221;no&#8221; enable_triangle=&#8221;&#8221; triangle_location=&#8221;top&#8221;][vc_column p_top=&#8221;0&#8243; p_bottom=&#8221;0&#8243; p_left=&#8221;0&#8243; p_right=&#8221;0&#8243; color_scheme=&#8221;&#8221; bg_overlay=&#8221;&#8221; bg_overlay_color=&#8221;&#8221; bg_overlay_opacity=&#8221;0.4&#8243;][vc_empty_space height=&#8221;40px&#8221;][vc_row_inner row_type=&#8221;row&#8221; type=&#8221;full_width&#8221; text_align=&#8221;left&#8221; css_animation=&#8221;&#8221; padding=&#8221;medium&#8221; vpadding=&#8221;medium&#8221;][vc_column_inner width=&#8221;1\/2&#8243;][vc_single_image image=&#8221;8251&#8243; img_size=&#8221;full&#8221;...\" \/>\n<meta property=\"og:url\" content=\"https:\/\/www.canons.es\/cirugia-dermatologica-2\/lesiones-cutaneas\/\" \/>\n<meta property=\"og:site_name\" content=\"Canons Clinic | Surgery and Aesthetic Medicine in Barcelona, \u200b\u200bGranollers\" \/>\n<meta property=\"article:publisher\" content=\"https:\/\/www.facebook.com\/canonsclinics\/\" \/>\n<meta property=\"article:modified_time\" content=\"2019-08-19T13:29:11+00:00\" \/>\n<meta property=\"og:image\" content=\"https:\/\/www.canons.es\/wp-content\/uploads\/2015\/09\/correccion-lesiones-cutaneas-barcelona.jpg\" \/>\n\t<meta property=\"og:image:width\" content=\"456\" \/>\n\t<meta property=\"og:image:height\" content=\"184\" \/>\n\t<meta property=\"og:image:type\" content=\"image\/jpeg\" \/>\n<meta name=\"twitter:card\" content=\"summary_large_image\" \/>\n<meta name=\"twitter:site\" content=\"@canonsclinics\" \/>\n<meta name=\"twitter:label1\" content=\"Est. reading time\" \/>\n\t<meta name=\"twitter:data1\" content=\"4 minutes\" \/>\n<script type=\"application\/ld+json\" class=\"yoast-schema-graph\">{\"@context\":\"https:\\\/\\\/schema.org\",\"@graph\":[{\"@type\":\"WebPage\",\"@id\":\"https:\\\/\\\/www.canons.es\\\/cirugia-dermatologica-2\\\/lesiones-cutaneas\\\/\",\"url\":\"https:\\\/\\\/www.canons.es\\\/cirugia-dermatologica-2\\\/lesiones-cutaneas\\\/\",\"name\":\"Skin lesions - Canons Clinic | Surgery and Aesthetic Medicine in Barcelona, \u200b\u200bGranollers\",\"isPartOf\":{\"@id\":\"https:\\\/\\\/www.canons.es\\\/#website\"},\"primaryImageOfPage\":{\"@id\":\"https:\\\/\\\/www.canons.es\\\/cirugia-dermatologica-2\\\/lesiones-cutaneas\\\/#primaryimage\"},\"image\":{\"@id\":\"https:\\\/\\\/www.canons.es\\\/cirugia-dermatologica-2\\\/lesiones-cutaneas\\\/#primaryimage\"},\"thumbnailUrl\":\"https:\\\/\\\/www.canons.es\\\/wp-content\\\/uploads\\\/2015\\\/09\\\/correccion-lesiones-cutaneas-barcelona.jpg\",\"datePublished\":\"2015-09-17T10:23:25+00:00\",\"dateModified\":\"2019-08-19T13:29:11+00:00\",\"breadcrumb\":{\"@id\":\"https:\\\/\\\/www.canons.es\\\/cirugia-dermatologica-2\\\/lesiones-cutaneas\\\/#breadcrumb\"},\"inLanguage\":\"en-US\",\"potentialAction\":[{\"@type\":\"ReadAction\",\"target\":[\"https:\\\/\\\/www.canons.es\\\/cirugia-dermatologica-2\\\/lesiones-cutaneas\\\/\"]}]},{\"@type\":\"ImageObject\",\"inLanguage\":\"en-US\",\"@id\":\"https:\\\/\\\/www.canons.es\\\/cirugia-dermatologica-2\\\/lesiones-cutaneas\\\/#primaryimage\",\"url\":\"https:\\\/\\\/www.canons.es\\\/wp-content\\\/uploads\\\/2015\\\/09\\\/correccion-lesiones-cutaneas-barcelona.jpg\",\"contentUrl\":\"https:\\\/\\\/www.canons.es\\\/wp-content\\\/uploads\\\/2015\\\/09\\\/correccion-lesiones-cutaneas-barcelona.jpg\",\"width\":456,\"height\":184,\"caption\":\"Tratamiento de lesiones cut\u00e1neas en Barcelona y Granollers con valoraci\u00f3n m\u00e9dica, diagn\u00f3stico y opciones seguras para cuidar la piel.\"},{\"@type\":\"BreadcrumbList\",\"@id\":\"https:\\\/\\\/www.canons.es\\\/cirugia-dermatologica-2\\\/lesiones-cutaneas\\\/#breadcrumb\",\"itemListElement\":[{\"@type\":\"ListItem\",\"position\":1,\"name\":\"Portada\",\"item\":\"https:\\\/\\\/www.canons.es\\\/en\\\/\"},{\"@type\":\"ListItem\",\"position\":2,\"name\":\"DERMATOLOGIC SURGERY\",\"item\":\"https:\\\/\\\/www.canons.es\\\/en\\\/cirugia-dermatologica\\\/\"},{\"@type\":\"ListItem\",\"position\":3,\"name\":\"Skin lesions\"}]},{\"@type\":\"WebSite\",\"@id\":\"https:\\\/\\\/www.canons.es\\\/#website\",\"url\":\"https:\\\/\\\/www.canons.es\\\/\",\"name\":\"Cirug\u00eda Pl\u00e1stica y Est\u00e9tica Barcelona y Granollers | C\u00e0nons Clinics\",\"description\":\"\",\"publisher\":{\"@id\":\"https:\\\/\\\/www.canons.es\\\/#organization\"},\"potentialAction\":[{\"@type\":\"SearchAction\",\"target\":{\"@type\":\"EntryPoint\",\"urlTemplate\":\"https:\\\/\\\/www.canons.es\\\/?s={search_term_string}\"},\"query-input\":{\"@type\":\"PropertyValueSpecification\",\"valueRequired\":true,\"valueName\":\"search_term_string\"}}],\"inLanguage\":\"en-US\"},{\"@type\":\"Organization\",\"@id\":\"https:\\\/\\\/www.canons.es\\\/#organization\",\"name\":\"Cirug\u00eda Pl\u00e1stica y Est\u00e9tica Barcelona y Granollers | C\u00e0nons Clinics\",\"url\":\"https:\\\/\\\/www.canons.es\\\/\",\"logo\":{\"@type\":\"ImageObject\",\"inLanguage\":\"en-US\",\"@id\":\"https:\\\/\\\/www.canons.es\\\/#\\\/schema\\\/logo\\\/image\\\/\",\"url\":\"https:\\\/\\\/www.canons.es\\\/wp-content\\\/uploads\\\/2025\\\/04\\\/logo-canons-clinics.jpg\",\"contentUrl\":\"https:\\\/\\\/www.canons.es\\\/wp-content\\\/uploads\\\/2025\\\/04\\\/logo-canons-clinics.jpg\",\"width\":600,\"height\":139,\"caption\":\"Cirug\u00eda Pl\u00e1stica y Est\u00e9tica Barcelona y Granollers | C\u00e0nons Clinics\"},\"image\":{\"@id\":\"https:\\\/\\\/www.canons.es\\\/#\\\/schema\\\/logo\\\/image\\\/\"},\"sameAs\":[\"https:\\\/\\\/www.facebook.com\\\/canonsclinics\\\/\",\"https:\\\/\\\/x.com\\\/canonsclinics\",\"https:\\\/\\\/www.instagram.com\\\/canonsclinics\\\/\",\"https:\\\/\\\/www.youtube.com\\\/channel\\\/UCI1Ia6LjALyo1CuQ0_HwtfQ\",\"https:\\\/\\\/www.linkedin.com\\\/company\\\/canons-clinics\\\/\"]}]}<\/script>\n<!-- \/ Yoast SEO Premium plugin. -->","yoast_head_json":{"title":"Skin lesions - Canons Clinic | Surgery and Aesthetic Medicine in Barcelona, \u200b\u200bGranollers","robots":{"index":"index","follow":"follow","max-snippet":"max-snippet:-1","max-image-preview":"max-image-preview:large","max-video-preview":"max-video-preview:-1"},"canonical":"https:\/\/www.canons.es\/cirugia-dermatologica-2\/lesiones-cutaneas\/","og_locale":"en_US","og_type":"article","og_title":"Skin lesions","og_description":"[vc_row css_animation=&#8221;&#8221; row_type=&#8221;row&#8221; use_row_as_full_screen_section=&#8221;no&#8221; type=&#8221;full_width&#8221; angled_section=&#8221;no&#8221; text_align=&#8221;left&#8221; background_image_as_pattern=&#8221;without_pattern&#8221; background_color=&#8221;#f7f7f7&#8243; padding=&#8221;medium&#8221; vpadding=&#8221;medium&#8221; section_type=&#8221;full-width&#8221; sp_top=&#8221;0&#8243; sp_bottom=&#8221;0&#8243; enable_border=&#8221;&#8221; enable_bottom_border=&#8221;&#8221; bg_type=&#8221;image&#8221; equal_height=&#8221;&#8221; background_style=&#8221;stretch&#8221; fixed_bg=&#8221;no&#8221; enable_parallax=&#8221;no&#8221; height=&#8221;content&#8221; bg_overlay=&#8221;&#8221; bg_overlay_opacity=&#8221;0.4&#8243; bg_overlay_dot=&#8221;no&#8221; enable_triangle=&#8221;&#8221; triangle_location=&#8221;top&#8221;][vc_column p_top=&#8221;0&#8243; p_bottom=&#8221;0&#8243; p_left=&#8221;0&#8243; p_right=&#8221;0&#8243; color_scheme=&#8221;&#8221; bg_overlay=&#8221;&#8221; bg_overlay_color=&#8221;&#8221; bg_overlay_opacity=&#8221;0.4&#8243;][vc_empty_space height=&#8221;40px&#8221;][vc_row_inner row_type=&#8221;row&#8221; type=&#8221;full_width&#8221; text_align=&#8221;left&#8221; css_animation=&#8221;&#8221; padding=&#8221;medium&#8221; vpadding=&#8221;medium&#8221;][vc_column_inner width=&#8221;1\/2&#8243;][vc_single_image image=&#8221;8251&#8243; img_size=&#8221;full&#8221;...","og_url":"https:\/\/www.canons.es\/cirugia-dermatologica-2\/lesiones-cutaneas\/","og_site_name":"Canons Clinic | Surgery and Aesthetic Medicine in Barcelona, \u200b\u200bGranollers","article_publisher":"https:\/\/www.facebook.com\/canonsclinics\/","article_modified_time":"2019-08-19T13:29:11+00:00","og_image":[{"width":456,"height":184,"url":"https:\/\/www.canons.es\/wp-content\/uploads\/2015\/09\/correccion-lesiones-cutaneas-barcelona.jpg","type":"image\/jpeg"}],"twitter_card":"summary_large_image","twitter_site":"@canonsclinics","twitter_misc":{"Est. reading time":"4 minutes"},"schema":{"@context":"https:\/\/schema.org","@graph":[{"@type":"WebPage","@id":"https:\/\/www.canons.es\/cirugia-dermatologica-2\/lesiones-cutaneas\/","url":"https:\/\/www.canons.es\/cirugia-dermatologica-2\/lesiones-cutaneas\/","name":"Skin lesions - Canons Clinic | Surgery and Aesthetic Medicine in Barcelona, \u200b\u200bGranollers","isPartOf":{"@id":"https:\/\/www.canons.es\/#website"},"primaryImageOfPage":{"@id":"https:\/\/www.canons.es\/cirugia-dermatologica-2\/lesiones-cutaneas\/#primaryimage"},"image":{"@id":"https:\/\/www.canons.es\/cirugia-dermatologica-2\/lesiones-cutaneas\/#primaryimage"},"thumbnailUrl":"https:\/\/www.canons.es\/wp-content\/uploads\/2015\/09\/correccion-lesiones-cutaneas-barcelona.jpg","datePublished":"2015-09-17T10:23:25+00:00","dateModified":"2019-08-19T13:29:11+00:00","breadcrumb":{"@id":"https:\/\/www.canons.es\/cirugia-dermatologica-2\/lesiones-cutaneas\/#breadcrumb"},"inLanguage":"en-US","potentialAction":[{"@type":"ReadAction","target":["https:\/\/www.canons.es\/cirugia-dermatologica-2\/lesiones-cutaneas\/"]}]},{"@type":"ImageObject","inLanguage":"en-US","@id":"https:\/\/www.canons.es\/cirugia-dermatologica-2\/lesiones-cutaneas\/#primaryimage","url":"https:\/\/www.canons.es\/wp-content\/uploads\/2015\/09\/correccion-lesiones-cutaneas-barcelona.jpg","contentUrl":"https:\/\/www.canons.es\/wp-content\/uploads\/2015\/09\/correccion-lesiones-cutaneas-barcelona.jpg","width":456,"height":184,"caption":"Tratamiento de lesiones cut\u00e1neas en Barcelona y Granollers con valoraci\u00f3n m\u00e9dica, diagn\u00f3stico y opciones seguras para cuidar la piel."},{"@type":"BreadcrumbList","@id":"https:\/\/www.canons.es\/cirugia-dermatologica-2\/lesiones-cutaneas\/#breadcrumb","itemListElement":[{"@type":"ListItem","position":1,"name":"Portada","item":"https:\/\/www.canons.es\/en\/"},{"@type":"ListItem","position":2,"name":"DERMATOLOGIC SURGERY","item":"https:\/\/www.canons.es\/en\/cirugia-dermatologica\/"},{"@type":"ListItem","position":3,"name":"Skin lesions"}]},{"@type":"WebSite","@id":"https:\/\/www.canons.es\/#website","url":"https:\/\/www.canons.es\/","name":"Cirug\u00eda Pl\u00e1stica y Est\u00e9tica Barcelona y Granollers | C\u00e0nons Clinics","description":"","publisher":{"@id":"https:\/\/www.canons.es\/#organization"},"potentialAction":[{"@type":"SearchAction","target":{"@type":"EntryPoint","urlTemplate":"https:\/\/www.canons.es\/?s={search_term_string}"},"query-input":{"@type":"PropertyValueSpecification","valueRequired":true,"valueName":"search_term_string"}}],"inLanguage":"en-US"},{"@type":"Organization","@id":"https:\/\/www.canons.es\/#organization","name":"Cirug\u00eda Pl\u00e1stica y Est\u00e9tica Barcelona y Granollers | C\u00e0nons Clinics","url":"https:\/\/www.canons.es\/","logo":{"@type":"ImageObject","inLanguage":"en-US","@id":"https:\/\/www.canons.es\/#\/schema\/logo\/image\/","url":"https:\/\/www.canons.es\/wp-content\/uploads\/2025\/04\/logo-canons-clinics.jpg","contentUrl":"https:\/\/www.canons.es\/wp-content\/uploads\/2025\/04\/logo-canons-clinics.jpg","width":600,"height":139,"caption":"Cirug\u00eda Pl\u00e1stica y Est\u00e9tica Barcelona y Granollers | C\u00e0nons Clinics"},"image":{"@id":"https:\/\/www.canons.es\/#\/schema\/logo\/image\/"},"sameAs":["https:\/\/www.facebook.com\/canonsclinics\/","https:\/\/x.com\/canonsclinics","https:\/\/www.instagram.com\/canonsclinics\/","https:\/\/www.youtube.com\/channel\/UCI1Ia6LjALyo1CuQ0_HwtfQ","https:\/\/www.linkedin.com\/company\/canons-clinics\/"]}]}},"_links":{"self":[{"href":"https:\/\/www.canons.es\/en\/wp-json\/wp\/v2\/pages\/10083","targetHints":{"allow":["GET"]}}],"collection":[{"href":"https:\/\/www.canons.es\/en\/wp-json\/wp\/v2\/pages"}],"about":[{"href":"https:\/\/www.canons.es\/en\/wp-json\/wp\/v2\/types\/page"}],"author":[{"embeddable":true,"href":"https:\/\/www.canons.es\/en\/wp-json\/wp\/v2\/users\/25"}],"replies":[{"embeddable":true,"href":"https:\/\/www.canons.es\/en\/wp-json\/wp\/v2\/comments?post=10083"}],"version-history":[{"count":0,"href":"https:\/\/www.canons.es\/en\/wp-json\/wp\/v2\/pages\/10083\/revisions"}],"up":[{"embeddable":true,"href":"https:\/\/www.canons.es\/en\/wp-json\/wp\/v2\/pages\/10025"}],"wp:featuredmedia":[{"embeddable":true,"href":"https:\/\/www.canons.es\/en\/wp-json\/wp\/v2\/media\/16285"}],"wp:attachment":[{"href":"https:\/\/www.canons.es\/en\/wp-json\/wp\/v2\/media?parent=10083"}],"curies":[{"name":"wp","href":"https:\/\/api.w.org\/{rel}","templated":true}]}}