{"id":10057,"date":"2015-09-17T15:57:12","date_gmt":"2015-09-17T15:57:12","guid":{"rendered":"https:\/\/www.canons.es\/en\/microcirugia-en-reconstruccion-mamaria\/"},"modified":"2019-04-10T09:31:33","modified_gmt":"2019-04-10T09:31:33","slug":"microcirugia-en-reconstruccion-mamaria","status":"publish","type":"page","link":"https:\/\/www.canons.es\/en\/cirugia-plastica-reparadora\/microcirugia-en-reconstruccion-mamaria\/","title":{"rendered":"Microcirug\u00eda en Reconstrucci\u00f3n Mamaria"},"content":{"rendered":"<div class=\"wpb-content-wrapper\"><p>[vc_row css_animation=&#8221;&#8221; row_type=&#8221;row&#8221; use_row_as_full_screen_section=&#8221;no&#8221; type=&#8221;full_width&#8221; angled_section=&#8221;no&#8221; text_align=&#8221;left&#8221; background_image_as_pattern=&#8221;without_pattern&#8221; background_color=&#8221;#f7f7f7&#8243; section_type=&#8221;full-width&#8221;][vc_column][vc_empty_space height=&#8221;40px&#8221;][vc_row_inner row_type=&#8221;row&#8221; type=&#8221;full_width&#8221; text_align=&#8221;left&#8221; css_animation=&#8221;&#8221;][vc_column_inner width=&#8221;1\/2&#8243;][vc_single_image image=&#8221;8288&#8243; img_size=&#8221;full&#8221; qode_css_animation=&#8221;&#8221;][\/vc_column_inner][vc_column_inner width=&#8221;1\/2&#8243;][vc_column_text]Microsurgical techniques have meant a great advance in reconstructive surgery in recent years. Currently, surgical microscopes and magnifying specific glasses for microsurgery traumatic post allow us to suture tiny blood vessels and nerves damaged by surgical resections such as mastectomy. This form can be <strong>reconstructed structures such as moms with own tissue and the best aesthetic and functional results.<\/strong>[\/vc_column_text][\/vc_column_inner][\/vc_row_inner][\/vc_column][\/vc_row][vc_row css_animation=&#8221;&#8221; row_type=&#8221;row&#8221; use_row_as_full_screen_section=&#8221;no&#8221; type=&#8221;full_width&#8221; angled_section=&#8221;no&#8221; text_align=&#8221;left&#8221; background_image_as_pattern=&#8221;without_pattern&#8221; section_type=&#8221;full-width&#8221;][vc_column][vc_empty_space][vc_accordion style=&#8221;accordion&#8221;][vc_accordion_tab title=&#8221;\u00bfQui\u00e9n realiza la reconstrucci\u00f3n mamaria?&#8221;][vc_column_text]<\/p>\n<p style=\"text-align: justify;\">Tan pronto como una mujer es diagnosticada de c\u00e1ncer de mama, \u00e9sta debe informarse sobre las posibilidades de reconstrucci\u00f3n. El onc\u00f3logo y el cirujano pl\u00e1stico deben coordinarse para desarrollar una estrategia que confluya en el mejor resultado posible.<\/p>\n<p style=\"text-align: justify;\">El cirujano pl\u00e1stico es el especialista, que por su formaci\u00f3n en la especialidad en Cirug\u00eda Pl\u00e1stica, Reparadora y Est\u00e9tica posee los recursos t\u00e9cnicos y est\u00e9ticos adecuados para reconstruir una mama con un aspecto lo m\u00e1s natural posible. Tras evaluar el estado general de la paciente, \u00e9ste le informar\u00e1 de las opciones m\u00e1s apropiadas para su edad, salud, caracter\u00edsticas f\u00edsicas y anat\u00f3micas y expectativas de futuro.<\/p>\n<p>[\/vc_column_text][\/vc_accordion_tab][vc_accordion_tab title=&#8221;\u00bfQui\u00e9n y cu\u00e1ndo puede reconstruirse la mama?&#8221;][vc_column_text]<\/p>\n<p style=\"text-align: justify;\">En la mayor\u00eda de casos es posible hacer la reconstrucci\u00f3n microquir\u00fargica a la vez que se extirpa completamente el tumor de la mama, evitando a la paciente la experiencia de verse mastectomizada y as\u00ed evitar el trauma psicol\u00f3gico postmastectom\u00eda y conseguir los mejores resultados est\u00e9ticos.<\/p>\n<p style=\"text-align: justify;\">Cuando la mama se reconstruye a la vez que se realiza la mastectom\u00eda, t\u00e9cnica denominada <span style=\"color: #6d98dc;\"><strong>reconstrucci\u00f3n inmediata<\/strong><\/span>, la paciente se despierta de la intervenci\u00f3n con un contorno mamario adecuado, evitando la experiencia de verse con la mama amputada. El beneficio psicol\u00f3gico de esta t\u00e9cnica es claro.<\/p>\n<p style=\"text-align: justify;\">La t\u00e9cnica de reconstrucci\u00f3n inmediata exige una colaboraci\u00f3n estrecha entre el cirujano que extirpa la mama y el cirujano pl\u00e1stico, ya que es necesaria la presencia de ambos cuando se interviene. Esta situaci\u00f3n no es posible en hospitales donde no hay cirujano pl\u00e1stico, situaci\u00f3n que hace necesario retrasar la reconstrucci\u00f3n, que ser\u00e1 realizada en otro centro.<\/p>\n<p style=\"text-align: justify;\">En algunos casos, sin embargo, la reconstrucci\u00f3n puede o debe posponerse, t\u00e9cnica denominada reconstrucci\u00f3n diferida. Algunas mujeres no se sienten c\u00f3modas hablando de la reconstrucci\u00f3n mientras intentan adaptarse al hecho de haber sido diagnosticadas de un c\u00e1ncer de mama. Otras mujeres simplemente no desean m\u00e1s intervenciones que las estrictamente necesarias para curar la enfermedad. Otras veces, el empleo de t\u00e9cnicas m\u00e1s complejas de reconstrucci\u00f3n hace aconsejable retrasar la reconstrucci\u00f3n para no extender excesivamente la intervenci\u00f3n. Si existen problemas m\u00e9dicos asociados, como obesidad, hipertensi\u00f3n, tambi\u00e9n puede ser necesario retrasar la reconstrucci\u00f3n.<\/p>\n<p style=\"text-align: justify;\">En cualquiera de los casos, lo importante es disponer de una informaci\u00f3n adecuada y clara sobre las posibilidades de reconstrucci\u00f3n antes de ser intervenida, para enfrentarse a la operaci\u00f3n de la forma m\u00e1s positiva posible.<\/p>\n<p>[\/vc_column_text][\/vc_accordion_tab][vc_accordion_tab title=&#8221;\u00bfQu\u00e9 finalidades tiene la reconstrucci\u00f3n mamaria?&#8221;][vc_column_text]<\/p>\n<ul>\n<li>Recrear una mama de aspecto natural, incluyendo la areola y el pez\u00f3n.<\/li>\n<li>Eliminar la necesidad de llevar pr\u00f3tesis externas de relleno posibilitando llevar prendas de vestir que no ser\u00edan posibles sin reconstrucci\u00f3n como ba\u00f1adores, escotes, etc.<\/li>\n<li>Rellenar el hueco y la deformidad que puede quedar en el t\u00f3rax.<\/li>\n<li>Restaurar la imagen corporal y mejorar la calidad de vida.<\/li>\n<\/ul>\n<p style=\"text-align: justify;\">Para la inmensa mayor\u00eda de las mujeres con c\u00e1ncer de mama, la reconstrucci\u00f3n de la misma mejora la imagen, lo cual facilita una mayor estabilidad emocional, permite enfrentarse de una forma m\u00e1s positiva a la enfermedad y llevar una vida social y sexual m\u00e1s activa.<\/p>\n<p>[\/vc_column_text][\/vc_accordion_tab][vc_accordion_tab title=&#8221;\u00bfCu\u00e1les son las t\u00e9cnicas posibles de reconstrucci\u00f3n mamaria?&#8221;][vc_column_text]<\/p>\n<p style=\"text-align: justify;\">Existen diversos tipos de t\u00e9cnicas para reconstruir la mama:<\/p>\n<p style=\"text-align: justify;\"><span style=\"color: #6d98dc;\"><strong>1. T\u00e9cnicas microquir\u00fargicas:<\/strong><\/span><\/p>\n<p style=\"text-align: justify;\">Se denominan t\u00e9cnicas microquir\u00fargicas de reconstrucci\u00f3n mediante colgajos.<\/p>\n<p style=\"text-align: justify;\">Las zonas de donde se obtiene este tejido m\u00e1s frecuentemente utilizadas son la abdominal o la zona sub escapular de la espalda.<\/p>\n<p>[\/vc_column_text][vc_row_inner row_type=&#8221;row&#8221; type=&#8221;full_width&#8221; text_align=&#8221;left&#8221; css_animation=&#8221;&#8221;][vc_column_inner width=&#8221;1\/4&#8243;][vc_single_image image=&#8221;8283&#8243; qode_css_animation=&#8221;&#8221;][\/vc_column_inner][vc_column_inner width=&#8221;3\/4&#8243;][vc_column_text]<\/p>\n<p style=\"text-align: justify;\">En los \u00faltimos a\u00f1os se han desarrollo un amplio abanico de t\u00e9cnicas de reconstrucci\u00f3n mamaria entre las cuales est\u00e1 la reconstrucci\u00f3n mamaria microquir\u00fargica con colgajos de piel y grasa abdominal\u00a0 como el colgajo DIEP y el SIEA han sido una revoluci\u00f3n porque posibilita al cirujano pl\u00e1stico <span style=\"color: #6d98dc;\"><strong>crear una mama muy similar en forma, textura y caracter\u00edsticas a la no operada<\/strong><\/span>. Este tipo de t\u00e9cnicas microquir\u00fargicas ofrecen las ventajas de tener menos riesgo de complicaciones por emplearse tejidos propios y con m\u00ednimas secuelas postquir\u00fargicas, siendo las cicatrices similares a una abdominoplastia est\u00e9tica.<\/p>\n<p>[\/vc_column_text][\/vc_column_inner][\/vc_row_inner][vc_empty_space height=&#8221;15px&#8221;][vc_row_inner row_type=&#8221;row&#8221; type=&#8221;full_width&#8221; text_align=&#8221;left&#8221; css_animation=&#8221;&#8221;][vc_column_inner][vc_column_text]<\/p>\n<p style=\"text-align: justify;\"><span style=\"color: #6d98dc;\"><strong>2. T\u00e9cnicas de expansi\u00f3n cut\u00e1nea:<\/strong><\/span>\u00a0consiste en expandir la piel y posteriormente, colocar una pr\u00f3tesis. Despu\u00e9s de la mastectom\u00eda, el cirujano pl\u00e1stico coloca un expansor, parecido a un globo hinchable, debajo de la piel y de la musculatura del pecho. Donde a trav\u00e9s de un mecanismo de v\u00e1lvula enterrado bajo la piel, se introduce una soluci\u00f3n de suero salino semanalmente, durante varias semanas, hasta rellenar el expansor. Una vez que la piel de la regi\u00f3n del pecho ha dado de s\u00ed lo suficiente, se retira este expansor y se sustituye por una pr\u00f3tesis mamaria definitiva.<\/p>\n<p>[\/vc_column_text][\/vc_column_inner][\/vc_row_inner][vc_row_inner row_type=&#8221;row&#8221; type=&#8221;full_width&#8221; text_align=&#8221;left&#8221; css_animation=&#8221;&#8221;][vc_column_inner width=&#8221;2\/3&#8243;][vc_column_text]<\/p>\n<p style=\"text-align: justify;\">Existen determinados expansores que est\u00e1n dise\u00f1ados de tal manera que permiten ser mantenidos como implantes definitivos.\u00a0Si la mama no mastectomizada es demasiado grande, demasiado peque\u00f1a o est\u00e1 muy ca\u00edda, puede ser necesario reducirla, aumentarla o elevarla, a la vez que se reconstruye la otra, para conseguir un resultado sim\u00e9trico. El pez\u00f3n y la areola se reconstruyen despu\u00e9s, mediante anestesia local y de manera ambulante sin necesidad de ingreso.<\/p>\n<p>[\/vc_column_text][\/vc_column_inner][vc_column_inner width=&#8221;1\/3&#8243;][vc_single_image image=&#8221;8286&#8243; qode_css_animation=&#8221;&#8221;][\/vc_column_inner][\/vc_row_inner][\/vc_accordion_tab][vc_accordion_tab title=&#8221;\u00bfQu\u00e9 precauciones deber\u00e9 tomar?&#8221;][vc_column_text]<\/p>\n<p style=\"text-align: justify;\">Con el objetivo de limitar el riesgo de sangrado y hematomas tendr\u00e1s que evitar tomar en los 7 d\u00edas previos al procedimiento antiagregantes plaquetarios como Aspirina, Dipiridamol, Ticlopidina\u2026 como tambi\u00e9n, en los 3 d\u00edas previos tomar antiinflamatorios no esteroideos con efecto antiagregante como Ibuprofeno, Diclofenaco, Indometacina, Piroxicam, Naproxeno\u2026<\/p>\n<p>[\/vc_column_text][\/vc_accordion_tab][\/vc_accordion][\/vc_column][\/vc_row]<\/p>\n<\/div><!-- AddThis Advanced Settings generic via filter on the_content --><!-- AddThis Share Buttons generic via filter on the_content -->","protected":false},"excerpt":{"rendered":"<p>[vc_row css_animation=&#8221;&#8221; row_type=&#8221;row&#8221; use_row_as_full_screen_section=&#8221;no&#8221; type=&#8221;full_width&#8221; angled_section=&#8221;no&#8221; text_align=&#8221;left&#8221; background_image_as_pattern=&#8221;without_pattern&#8221; background_color=&#8221;#f7f7f7&#8243; section_type=&#8221;full-width&#8221;][vc_column][vc_empty_space height=&#8221;40px&#8221;][vc_row_inner row_type=&#8221;row&#8221; type=&#8221;full_width&#8221; text_align=&#8221;left&#8221; css_animation=&#8221;&#8221;][vc_column_inner width=&#8221;1\/2&#8243;][vc_single_image image=&#8221;8288&#8243; img_size=&#8221;full&#8221; qode_css_animation=&#8221;&#8221;][\/vc_column_inner][vc_column_inner width=&#8221;1\/2&#8243;][vc_column_text]Microsurgical techniques have meant a great advance in reconstructive surgery in recent years. Currently, surgical microscopes and magnifying specific glasses for microsurgery traumatic post allow us&#8230;<!-- AddThis Advanced Settings generic via filter on get_the_excerpt --><!-- AddThis Share Buttons generic via filter on get_the_excerpt --><\/p>\n","protected":false},"author":25,"featured_media":0,"parent":10066,"menu_order":0,"comment_status":"closed","ping_status":"closed","template":"","meta":{"footnotes":""},"class_list":["post-10057","page","type-page","status-publish","hentry"],"yoast_head":"<!-- This site is optimized with the Yoast SEO Premium plugin v26.9 (Yoast SEO v27.4) - https:\/\/yoast.com\/product\/yoast-seo-premium-wordpress\/ -->\n<title>Microcirug\u00eda en Reconstrucci\u00f3n Mamaria - Canons Clinic | Surgery and Aesthetic Medicine in Barcelona, \u200b\u200bGranollers<\/title>\n<meta name=\"robots\" content=\"index, follow, max-snippet:-1, max-image-preview:large, max-video-preview:-1\" \/>\n<link rel=\"canonical\" href=\"https:\/\/www.canons.es\/cirugia-plastica-reparadora-2\/microcirugia-en-reconstruccion-mamaria\/\" \/>\n<meta property=\"og:locale\" content=\"en_US\" \/>\n<meta property=\"og:type\" content=\"article\" \/>\n<meta property=\"og:title\" content=\"Microcirug\u00eda en Reconstrucci\u00f3n Mamaria\" \/>\n<meta property=\"og:description\" content=\"[vc_row css_animation=&#8221;&#8221; row_type=&#8221;row&#8221; use_row_as_full_screen_section=&#8221;no&#8221; type=&#8221;full_width&#8221; angled_section=&#8221;no&#8221; text_align=&#8221;left&#8221; background_image_as_pattern=&#8221;without_pattern&#8221; background_color=&#8221;#f7f7f7&#8243; section_type=&#8221;full-width&#8221;][vc_column][vc_empty_space height=&#8221;40px&#8221;][vc_row_inner row_type=&#8221;row&#8221; type=&#8221;full_width&#8221; text_align=&#8221;left&#8221; css_animation=&#8221;&#8221;][vc_column_inner width=&#8221;1\/2&#8243;][vc_single_image image=&#8221;8288&#8243; img_size=&#8221;full&#8221; qode_css_animation=&#8221;&#8221;][\/vc_column_inner][vc_column_inner width=&#8221;1\/2&#8243;][vc_column_text]Microsurgical techniques have meant a great advance in reconstructive surgery in recent years. Currently, surgical microscopes and magnifying specific glasses for microsurgery traumatic post allow us...\" \/>\n<meta property=\"og:url\" content=\"https:\/\/www.canons.es\/cirugia-plastica-reparadora-2\/microcirugia-en-reconstruccion-mamaria\/\" \/>\n<meta property=\"og:site_name\" content=\"Canons Clinic | Surgery and Aesthetic Medicine in Barcelona, \u200b\u200bGranollers\" \/>\n<meta property=\"article:publisher\" content=\"https:\/\/www.facebook.com\/canonsclinics\/\" \/>\n<meta property=\"article:modified_time\" content=\"2019-04-10T09:31:33+00:00\" \/>\n<meta name=\"twitter:card\" content=\"summary_large_image\" \/>\n<meta name=\"twitter:site\" content=\"@canonsclinics\" \/>\n<meta name=\"twitter:label1\" content=\"Est. reading time\" \/>\n\t<meta name=\"twitter:data1\" content=\"7 minutes\" \/>\n<script type=\"application\/ld+json\" class=\"yoast-schema-graph\">{\"@context\":\"https:\\\/\\\/schema.org\",\"@graph\":[{\"@type\":\"WebPage\",\"@id\":\"https:\\\/\\\/www.canons.es\\\/cirugia-plastica-reparadora-2\\\/microcirugia-en-reconstruccion-mamaria\\\/\",\"url\":\"https:\\\/\\\/www.canons.es\\\/cirugia-plastica-reparadora-2\\\/microcirugia-en-reconstruccion-mamaria\\\/\",\"name\":\"Microcirug\u00eda en Reconstrucci\u00f3n Mamaria - Canons Clinic | Surgery and Aesthetic Medicine in Barcelona, \u200b\u200bGranollers\",\"isPartOf\":{\"@id\":\"https:\\\/\\\/www.canons.es\\\/#website\"},\"datePublished\":\"2015-09-17T15:57:12+00:00\",\"dateModified\":\"2019-04-10T09:31:33+00:00\",\"breadcrumb\":{\"@id\":\"https:\\\/\\\/www.canons.es\\\/cirugia-plastica-reparadora-2\\\/microcirugia-en-reconstruccion-mamaria\\\/#breadcrumb\"},\"inLanguage\":\"en-US\",\"potentialAction\":[{\"@type\":\"ReadAction\",\"target\":[\"https:\\\/\\\/www.canons.es\\\/cirugia-plastica-reparadora-2\\\/microcirugia-en-reconstruccion-mamaria\\\/\"]}]},{\"@type\":\"BreadcrumbList\",\"@id\":\"https:\\\/\\\/www.canons.es\\\/cirugia-plastica-reparadora-2\\\/microcirugia-en-reconstruccion-mamaria\\\/#breadcrumb\",\"itemListElement\":[{\"@type\":\"ListItem\",\"position\":1,\"name\":\"Portada\",\"item\":\"https:\\\/\\\/www.canons.es\\\/en\\\/\"},{\"@type\":\"ListItem\",\"position\":2,\"name\":\"RECONSTRUCTIVE SURGERY\",\"item\":\"https:\\\/\\\/www.canons.es\\\/en\\\/cirugia-plastica-reparadora\\\/\"},{\"@type\":\"ListItem\",\"position\":3,\"name\":\"Microcirug\u00eda en Reconstrucci\u00f3n Mamaria\"}]},{\"@type\":\"WebSite\",\"@id\":\"https:\\\/\\\/www.canons.es\\\/#website\",\"url\":\"https:\\\/\\\/www.canons.es\\\/\",\"name\":\"Cirug\u00eda Pl\u00e1stica y Est\u00e9tica Barcelona y Granollers | C\u00e0nons Clinics\",\"description\":\"\",\"publisher\":{\"@id\":\"https:\\\/\\\/www.canons.es\\\/#organization\"},\"potentialAction\":[{\"@type\":\"SearchAction\",\"target\":{\"@type\":\"EntryPoint\",\"urlTemplate\":\"https:\\\/\\\/www.canons.es\\\/?s={search_term_string}\"},\"query-input\":{\"@type\":\"PropertyValueSpecification\",\"valueRequired\":true,\"valueName\":\"search_term_string\"}}],\"inLanguage\":\"en-US\"},{\"@type\":\"Organization\",\"@id\":\"https:\\\/\\\/www.canons.es\\\/#organization\",\"name\":\"Cirug\u00eda Pl\u00e1stica y Est\u00e9tica Barcelona y Granollers | C\u00e0nons Clinics\",\"url\":\"https:\\\/\\\/www.canons.es\\\/\",\"logo\":{\"@type\":\"ImageObject\",\"inLanguage\":\"en-US\",\"@id\":\"https:\\\/\\\/www.canons.es\\\/#\\\/schema\\\/logo\\\/image\\\/\",\"url\":\"https:\\\/\\\/www.canons.es\\\/wp-content\\\/uploads\\\/2025\\\/04\\\/logo-canons-clinics.jpg\",\"contentUrl\":\"https:\\\/\\\/www.canons.es\\\/wp-content\\\/uploads\\\/2025\\\/04\\\/logo-canons-clinics.jpg\",\"width\":600,\"height\":139,\"caption\":\"Cirug\u00eda Pl\u00e1stica y Est\u00e9tica Barcelona y Granollers | C\u00e0nons Clinics\"},\"image\":{\"@id\":\"https:\\\/\\\/www.canons.es\\\/#\\\/schema\\\/logo\\\/image\\\/\"},\"sameAs\":[\"https:\\\/\\\/www.facebook.com\\\/canonsclinics\\\/\",\"https:\\\/\\\/x.com\\\/canonsclinics\",\"https:\\\/\\\/www.instagram.com\\\/canonsclinics\\\/\",\"https:\\\/\\\/www.youtube.com\\\/channel\\\/UCI1Ia6LjALyo1CuQ0_HwtfQ\",\"https:\\\/\\\/www.linkedin.com\\\/company\\\/canons-clinics\\\/\"]}]}<\/script>\n<!-- \/ Yoast SEO Premium plugin. -->","yoast_head_json":{"title":"Microcirug\u00eda en Reconstrucci\u00f3n Mamaria - Canons Clinic | Surgery and Aesthetic Medicine in Barcelona, \u200b\u200bGranollers","robots":{"index":"index","follow":"follow","max-snippet":"max-snippet:-1","max-image-preview":"max-image-preview:large","max-video-preview":"max-video-preview:-1"},"canonical":"https:\/\/www.canons.es\/cirugia-plastica-reparadora-2\/microcirugia-en-reconstruccion-mamaria\/","og_locale":"en_US","og_type":"article","og_title":"Microcirug\u00eda en Reconstrucci\u00f3n Mamaria","og_description":"[vc_row css_animation=&#8221;&#8221; row_type=&#8221;row&#8221; use_row_as_full_screen_section=&#8221;no&#8221; type=&#8221;full_width&#8221; angled_section=&#8221;no&#8221; text_align=&#8221;left&#8221; background_image_as_pattern=&#8221;without_pattern&#8221; background_color=&#8221;#f7f7f7&#8243; section_type=&#8221;full-width&#8221;][vc_column][vc_empty_space height=&#8221;40px&#8221;][vc_row_inner row_type=&#8221;row&#8221; type=&#8221;full_width&#8221; text_align=&#8221;left&#8221; css_animation=&#8221;&#8221;][vc_column_inner width=&#8221;1\/2&#8243;][vc_single_image image=&#8221;8288&#8243; img_size=&#8221;full&#8221; qode_css_animation=&#8221;&#8221;][\/vc_column_inner][vc_column_inner width=&#8221;1\/2&#8243;][vc_column_text]Microsurgical techniques have meant a great advance in reconstructive surgery in recent years. Currently, surgical microscopes and magnifying specific glasses for microsurgery traumatic post allow us...","og_url":"https:\/\/www.canons.es\/cirugia-plastica-reparadora-2\/microcirugia-en-reconstruccion-mamaria\/","og_site_name":"Canons Clinic | Surgery and Aesthetic Medicine in Barcelona, \u200b\u200bGranollers","article_publisher":"https:\/\/www.facebook.com\/canonsclinics\/","article_modified_time":"2019-04-10T09:31:33+00:00","twitter_card":"summary_large_image","twitter_site":"@canonsclinics","twitter_misc":{"Est. reading time":"7 minutes"},"schema":{"@context":"https:\/\/schema.org","@graph":[{"@type":"WebPage","@id":"https:\/\/www.canons.es\/cirugia-plastica-reparadora-2\/microcirugia-en-reconstruccion-mamaria\/","url":"https:\/\/www.canons.es\/cirugia-plastica-reparadora-2\/microcirugia-en-reconstruccion-mamaria\/","name":"Microcirug\u00eda en Reconstrucci\u00f3n Mamaria - Canons Clinic | Surgery and Aesthetic Medicine in Barcelona, \u200b\u200bGranollers","isPartOf":{"@id":"https:\/\/www.canons.es\/#website"},"datePublished":"2015-09-17T15:57:12+00:00","dateModified":"2019-04-10T09:31:33+00:00","breadcrumb":{"@id":"https:\/\/www.canons.es\/cirugia-plastica-reparadora-2\/microcirugia-en-reconstruccion-mamaria\/#breadcrumb"},"inLanguage":"en-US","potentialAction":[{"@type":"ReadAction","target":["https:\/\/www.canons.es\/cirugia-plastica-reparadora-2\/microcirugia-en-reconstruccion-mamaria\/"]}]},{"@type":"BreadcrumbList","@id":"https:\/\/www.canons.es\/cirugia-plastica-reparadora-2\/microcirugia-en-reconstruccion-mamaria\/#breadcrumb","itemListElement":[{"@type":"ListItem","position":1,"name":"Portada","item":"https:\/\/www.canons.es\/en\/"},{"@type":"ListItem","position":2,"name":"RECONSTRUCTIVE SURGERY","item":"https:\/\/www.canons.es\/en\/cirugia-plastica-reparadora\/"},{"@type":"ListItem","position":3,"name":"Microcirug\u00eda en Reconstrucci\u00f3n Mamaria"}]},{"@type":"WebSite","@id":"https:\/\/www.canons.es\/#website","url":"https:\/\/www.canons.es\/","name":"Cirug\u00eda Pl\u00e1stica y Est\u00e9tica Barcelona y Granollers | C\u00e0nons Clinics","description":"","publisher":{"@id":"https:\/\/www.canons.es\/#organization"},"potentialAction":[{"@type":"SearchAction","target":{"@type":"EntryPoint","urlTemplate":"https:\/\/www.canons.es\/?s={search_term_string}"},"query-input":{"@type":"PropertyValueSpecification","valueRequired":true,"valueName":"search_term_string"}}],"inLanguage":"en-US"},{"@type":"Organization","@id":"https:\/\/www.canons.es\/#organization","name":"Cirug\u00eda Pl\u00e1stica y Est\u00e9tica Barcelona y Granollers | C\u00e0nons Clinics","url":"https:\/\/www.canons.es\/","logo":{"@type":"ImageObject","inLanguage":"en-US","@id":"https:\/\/www.canons.es\/#\/schema\/logo\/image\/","url":"https:\/\/www.canons.es\/wp-content\/uploads\/2025\/04\/logo-canons-clinics.jpg","contentUrl":"https:\/\/www.canons.es\/wp-content\/uploads\/2025\/04\/logo-canons-clinics.jpg","width":600,"height":139,"caption":"Cirug\u00eda Pl\u00e1stica y Est\u00e9tica Barcelona y Granollers | C\u00e0nons Clinics"},"image":{"@id":"https:\/\/www.canons.es\/#\/schema\/logo\/image\/"},"sameAs":["https:\/\/www.facebook.com\/canonsclinics\/","https:\/\/x.com\/canonsclinics","https:\/\/www.instagram.com\/canonsclinics\/","https:\/\/www.youtube.com\/channel\/UCI1Ia6LjALyo1CuQ0_HwtfQ","https:\/\/www.linkedin.com\/company\/canons-clinics\/"]}]}},"_links":{"self":[{"href":"https:\/\/www.canons.es\/en\/wp-json\/wp\/v2\/pages\/10057","targetHints":{"allow":["GET"]}}],"collection":[{"href":"https:\/\/www.canons.es\/en\/wp-json\/wp\/v2\/pages"}],"about":[{"href":"https:\/\/www.canons.es\/en\/wp-json\/wp\/v2\/types\/page"}],"author":[{"embeddable":true,"href":"https:\/\/www.canons.es\/en\/wp-json\/wp\/v2\/users\/25"}],"replies":[{"embeddable":true,"href":"https:\/\/www.canons.es\/en\/wp-json\/wp\/v2\/comments?post=10057"}],"version-history":[{"count":0,"href":"https:\/\/www.canons.es\/en\/wp-json\/wp\/v2\/pages\/10057\/revisions"}],"up":[{"embeddable":true,"href":"https:\/\/www.canons.es\/en\/wp-json\/wp\/v2\/pages\/10066"}],"wp:attachment":[{"href":"https:\/\/www.canons.es\/en\/wp-json\/wp\/v2\/media?parent=10057"}],"curies":[{"name":"wp","href":"https:\/\/api.w.org\/{rel}","templated":true}]}}