{"id":9985,"date":"2015-09-24T11:43:03","date_gmt":"2015-09-24T11:43:03","guid":{"rendered":"https:\/\/www.canons.es\/ca\/fotodepilacion-medica-hombre\/"},"modified":"2023-07-19T10:40:03","modified_gmt":"2023-07-19T10:40:03","slug":"depilacio-laser-home","status":"publish","type":"page","link":"https:\/\/www.canons.es\/ca\/unitat-laser\/depilacio-laser-home\/","title":{"rendered":"DEPILACI\u00d3 L\u00c0SER HOME"},"content":{"rendered":"<div class=\"wpb-content-wrapper\"><p>[vc_row css_animation=&#8221;&#8221; row_type=&#8221;row&#8221; use_row_as_full_screen_section=&#8221;no&#8221; type=&#8221;full_width&#8221; angled_section=&#8221;no&#8221; text_align=&#8221;left&#8221; background_image_as_pattern=&#8221;without_pattern&#8221; background_color=&#8221;#f7f7f7&#8243; section_type=&#8221;full-width&#8221;][vc_column][vc_empty_space height=&#8221;15px&#8221;]<div class=\"custom_font_holder\" style=\"font-family: Raleway; font-size: 35px; line-height: 26px; font-style: normal; font-weight: 300; color: #1e70b3; text-decoration: none; text-align: left;\">DEPILACI\u00d3 L\u00c0SER HOME<\/div>[vc_empty_space height=&#8221;40px&#8221;][vc_row_inner row_type=&#8221;row&#8221; type=&#8221;full_width&#8221; text_align=&#8221;left&#8221; css_animation=&#8221;&#8221;][vc_column_inner width=&#8221;1\/2&#8243;][vc_single_image image=&#8221;8562&#8243; img_size=&#8221;full&#8221; alignment=&#8221;center&#8221; qode_css_animation=&#8221;&#8221;][vc_empty_space height=&#8221;40px&#8221;][\/vc_column_inner][vc_column_inner width=&#8221;1\/2&#8243;][vc_column_text]<\/p>\n<p style=\"text-align: justify;\">Elimina el borrissol del teu cos de forma definitiva a trav\u00e9s de la nostra t\u00e8cnica de depilaci\u00f3 l\u00e0ser m\u00e9s avan\u00e7ada del mercat. Aconsegueix una\u00a0<strong>depilaci\u00f3 segura, efica\u00e7 i confortable, fins i tot en la pell bronzejada<\/strong>.<\/p>\n<p>El nostre sistema l\u00e0ser actua de forma efica\u00e7 sobre les estructures fol\u00b7liculars profundes per arribar fins al fol\u00b7licle piloso, on \u00e9s absorbit. Amb aquest m\u00e8tode aconseguim una major efic\u00e0cia, utilitzant una fluencia m\u00e9s baixa i\u00a0<strong>millorant la comoditat del pacient<\/strong>\u00a0a trav\u00e9s del refredament per contacte de safir.[\/vc_column_text][\/vc_column_inner][\/vc_row_inner][\/vc_column][\/vc_row][vc_row css_animation=&#8221;&#8221; row_type=&#8221;row&#8221; use_row_as_full_screen_section=&#8221;no&#8221; type=&#8221;full_width&#8221; angled_section=&#8221;no&#8221; text_align=&#8221;left&#8221; background_image_as_pattern=&#8221;without_pattern&#8221; section_type=&#8221;full-width&#8221;][vc_column][vc_empty_space][vc_accordion style=&#8221;accordion&#8221;][vc_accordion_tab title=&#8221;\u00c9S UN TRACTAMENT SEGUR?&#8221; title_color=&#8221;#3f3f3f&#8221;][vc_column_text]Es tracta d\u2019un modern l\u00e0ser de pulzada llarga i alta energia que emet un suau feix de llum que travessa la pell fins al fol\u00b7licle piloso, on \u00e9s absorbit. L\u2019energia l\u00e0ser es transforma en calor i destrueix el fol\u00b7licle pil\u00f3s, aix\u00ed com els vasos que ho nodreixen, sense afectar a la pell circumdant.<\/p>\n<p>La protecci\u00f3 de l\u2019epidermis \u00e9s fonamental quan es tracten tipus de pells m\u00e9s fosques i es prefereix el refredament per contacte a causa de la seva capacitat de proporcionar refredament abans, durant i despr\u00e9s de cada pols. El nostre sistema de depilaci\u00f3 l\u00e0ser \u00e9s l\u2019\u00fanic amb longituds d\u2019ona de 1064 nm i 755 nm que utilitza refredament per contacte del safir per oferir un refredament continuo abans, durant i despr\u00e9s de cada polzada\u00a0de l\u00e0ser, la qual cosa augmenta al m\u00e0xim la comoditat del pacient i la seguretat del tractament. \u00c9s fins i tot segur d\u2019aplicar en piles de fototipos alts o lleugerament bronzejades.<\/p>\n<p>Treballem amb un\u00a0<span style=\"color: #6d98dc;\"><strong>sistema de depilaci\u00f3 utilitzat exclusivament per metges especialistes en tecnologia l\u00e0ser<\/strong><\/span>\u00a0i per professionals formats i supervisats per metges.<\/p>\n<p>Sota supervisi\u00f3 m\u00e8dica inicialment fem un test de prova per observar la resposta epid\u00e8rmica al l\u00e0ser, si a les 48 hores la resposta ha estat positiva podr\u00e0 realitzar-se el tractament complet.[\/vc_column_text][vc_empty_space][vc_row_inner row_type=&#8221;row&#8221; type=&#8221;full_width&#8221; text_align=&#8221;left&#8221; css_animation=&#8221;&#8221;][vc_column_inner width=&#8221;1\/4&#8243;]<br \/>\n[\/vc_column_inner][vc_column_inner width=&#8221;1\/2&#8243;][vc_raw_html]JTNDZGl2JTIwc3R5bGUlM0QlMjJ0ZXh0LWFsaWduJTNBJTIwY2VudGVyJTIyJTNFJTBBJTA5JTNDdmlkZW8lMjBwb3N0ZXIlM0QlMjIlMkZ3cC1jb250ZW50JTJGdXBsb2FkcyUyRjIwMjMlMkYwNyUyRmRlcGlsYWNpb24tbGFzZXItaG9tYnJlLXZpZGVvLmpwZyUyMiUyMGNvbnRyb2xzJTIwc3R5bGUlM0QlMjJtYXgtd2lkdGglM0E2MDBweCUzQm1hcmdpbiUzQSUyMDAlMjBhdXRvJTNCd2lkdGglM0ExMDAlMjUlMjIlM0UlMEElMDklMjAlMjAlM0Nzb3VyY2UlMjBzcmMlM0QlMjIlMkZ3cC1jb250ZW50JTJGdXBsb2FkcyUyRjIwMjMlMkYwNyUyRmNhbm9ucy1kZXBpbGFjaW9uLWxhc2VyLWhvbWJyZS5tcDQlMjIlMjB0eXBlJTNEJTIydmlkZW8lMkZtcDQlMjIlM0UlMEElMDklMjAlMjBUdSUyMG5hdmVnYWRvciUyMG5vJTIwc29wb3J0YSUyMHYlQzMlQURkZW9zJTIwTVA0JTBBJTA5JTNDJTJGdmlkZW8lM0UlMEElM0MlMkZkaXYlM0U=[\/vc_raw_html][\/vc_column_inner][vc_column_inner width=&#8221;1\/4&#8243;]<br \/>\n[\/vc_column_inner][\/vc_row_inner][\/vc_accordion_tab][vc_accordion_tab title=&#8221;QUINS AVANTATGES OBTINDR\u00c9 ENFRONT D\u2019ALTRES M\u00c8TODES DE DEPILACI\u00d3?&#8221; title_color=&#8221;#3f3f3f&#8221;][vc_column_text]<\/p>\n<ul>\n<li><span style=\"color: #6d98dc;\"><strong>Prev\u00e9 les foliculitis o \u201cgolondrinos\u201d<\/strong><\/span>\u00a0sobretot en aixelles i engonals.<\/li>\n<li><span style=\"color: #6d98dc;\"><strong>M\u00e9s efectiva i duradora<\/strong><\/span>\u00a0perqu\u00e8 actua selectivament sobre la melanina debilitant l\u2019arrel del borrissol facial i corporal sense alterar la pell.<\/li>\n<li>Gaireb\u00e9\u00a0<span style=\"color: #6d98dc;\"><strong>indolora<\/strong><\/span>.<\/li>\n<li><span style=\"color: #6d98dc;\"><strong>Econ\u00f2mica<\/strong>\u00a0<\/span>perqu\u00e8 amb m\u00ednimes sessions obtindr\u00e0s m\u00e0xims resultats.<\/li>\n<\/ul>\n<p>[\/vc_column_text][\/vc_accordion_tab][vc_accordion_tab title=&#8221;QUANTES SESSIONS NECESSITAR\u00c9?&#8221; title_color=&#8221;#3f3f3f&#8221;][vc_column_text]A partir d\u2019una resposta positiva i, en funci\u00f3 de les \u00e0rees a tractar com tamb\u00e9 del color de la teva pell i, del teu borrissol aix\u00ed com de la fortalesa i cicle de creixement d\u2019aquest es establiran el nombre de sessions requerides aix\u00ed com la seva durada.<\/p>\n<p>El tractament nom\u00e9s resulta\u00a0<span style=\"color: #6d98dc;\"><strong>efica\u00e7 sobre el borrissol que es troba en el seu proc\u00e9s inicial de creixement<\/strong><\/span>, fet que fa que siguin\u00a0<span style=\"color: #6d98dc;\"><strong>necess\u00e0ries aproximadament 5 sessions de mitjana<\/strong><\/span>, a difer\u00e8ncia d\u2019altres sistemes de depilaci\u00f3 del mercat que precisen m\u00e9s del doble per obtenir resultats satisfactoris.[\/vc_column_text][\/vc_accordion_tab][vc_accordion_tab title=&#8221;A QUINA EDAT PODR\u00c9 INICIAR LA DEPILACI\u00d3 L\u00c0SER?&#8221; title_color=&#8221;#3f3f3f&#8221;][vc_column_text]<\/p>\n<p style=\"text-align: justify;\">Podr\u00e0s\u00a0<span style=\"color: #6d98dc;\"><strong>iniciar en l\u2019adolesc\u00e8ncia a partir dels 16 anys<\/strong><\/span>\u00a0sense problemes i, sempre sota indicaci\u00f3 m\u00e8dica i, amb el consentiment patern.<\/p>\n<p>[\/vc_column_text][\/vc_accordion_tab][vc_accordion_tab title=&#8221;QUINES PRECAUCIONS HAUR\u00c9 DE PRENDRE ABANS I DESPR\u00c9S D\u2019INICIAR EL TRACTAMENT?&#8221; title_color=&#8221;#3f3f3f&#8221;][vc_column_text]<\/p>\n<ul>\n<li><strong><span style=\"color: #6d98dc;\">Evitar el sol i raigs UVA entre 4 i 6 setmanes<\/span>,<\/strong>\u00a0abans i despr\u00e9s d\u2019haver realitzat el tractament o, fins que el professional ho autoritzi.<\/li>\n<li><span style=\"color: #6d98dc;\"><strong>Evitar<\/strong>\u00a0<\/span>qualsevol<strong>\u00a0<span style=\"color: #6d98dc;\">medicaci\u00f3 fotosensibilitzant<\/span>.<\/strong><\/li>\n<li>Si tens un historial d\u2019herpes perioral, pot resultar necess\u00e0ria la prescripci\u00f3 d\u2019una ter\u00e0pia profil\u00e0ctica antiviral.<\/li>\n<\/ul>\n<ul>\n<li><span style=\"color: #6d98dc;\"><strong>Si la teva pell \u00e9s de tonalitat fosca, ser\u00e0 necessari la utilitzaci\u00f3 d\u2019una crema despigmentant<\/strong><\/span> entre 4 i 6 setmanes abans d\u2019iniciar el tractament millorar\u00e0 els resultats d\u2019aquest.<\/li>\n<li><span style=\"color: #6d98dc;\"><strong>Hidratar la zona abans i despr\u00e9s<\/strong><\/span>\u00a0amb gels d\u2019aloe vera.<\/li>\n<li><span style=\"color: #6d98dc;\"><strong>Exfoliar la zona a tractar abans i despr\u00e9s<\/strong><\/span>\u00a0de la depilaci\u00f3 l\u00e0ser Alexandrita.<\/li>\n<\/ul>\n<p>[\/vc_column_text][\/vc_accordion_tab][vc_accordion_tab title=&#8221;SENTIR\u00c9 MOL\u00c8STIES DURANT EL TRACTAMENT?&#8221; title_color=&#8221;#3f3f3f&#8221;][vc_column_text]La majoria de persones experimenten nom\u00e9s una<strong>\u00a0<span style=\"color: #6d98dc;\">lleugera sensaci\u00f3 d\u2019incomoditat durant el tractament<\/span><\/strong>. L\u2019esmentat sistema de refredament per contacte de safir, a m\u00e9s de protegir-te la pell, fa que el tractament sigui molt m\u00e9s c\u00f2mode.<\/p>\n<p>No obstant aix\u00f2, el grau d\u2019incomoditat varia d\u2019una persona a una altra, depenent del seu llindar de dolor. En funci\u00f3 de la teva toler\u00e0ncia podr\u00e0s aplicar-te mitja hora abans de la depilaci\u00f3 l\u00e0ser un anest\u00e8sic t\u00f2pic.[\/vc_column_text][\/vc_accordion_tab][vc_accordion_tab title=&#8221;QUINS PODEN SER ELS POSSIBLES EFECTES SECUNDARIS?&#8221; title_color=&#8221;#3f3f3f&#8221;][vc_column_text]<\/p>\n<p style=\"text-align: justify;\">El sistema Gentle de Candela, elimina de manera segura el borrissol no desitjat, sense causar danys a l\u2019estructura de la pell.\u00a0<span style=\"color: #6d98dc;\"><strong>L\u2019\u00e0rea tractada pot tornar ros\u00e0cia o vermella als 30 minuts de comen\u00e7ar el tractament<\/strong><\/span>. Aquesta irritaci\u00f3 pot durar hores o fins i tot diversos dies i, s\u2019alleuja aplicant fred sobre la zona o un gel d\u2019aloe vera o similar.<\/p>\n<p>[\/vc_column_text][\/vc_accordion_tab][vc_accordion_tab title=&#8221;LLISTA DE TRACTAMENTS EN HOMES&#8221; title_color=&#8221;#3f3f3f&#8221;][vc_row_inner row_type=&#8221;row&#8221; type=&#8221;full_width&#8221; text_align=&#8221;left&#8221; css_animation=&#8221;&#8221;][vc_column_inner width=&#8221;1\/4&#8243;][vc_column_text]<\/p>\n<ul>\n<li>Celles<\/li>\n<li>Orelles<\/li>\n<li>Nas<\/li>\n<li>P\u00f2muls<\/li>\n<li>Clatell<\/li>\n<li>Aixelles<\/li>\n<li>Bra\u00e7os Sencers<\/li>\n<li>Mitjos Bra\u00e7os<\/li>\n<\/ul>\n<p>[\/vc_column_text][\/vc_column_inner][vc_column_inner width=&#8221;1\/4&#8243;][\/vc_column_inner][vc_column_inner width=&#8221;1\/4&#8243;][vc_column_text]<\/p>\n<ul>\n<li>T\u00f2rax<\/li>\n<li>Abdomen<\/li>\n<li>Esquena<\/li>\n<li>Glutis<\/li>\n<li>Engonals<\/li>\n<li>Cames Senceres<\/li>\n<li>Mitges Cames<\/li>\n<\/ul>\n<p>[\/vc_column_text][\/vc_column_inner][vc_column_inner width=&#8221;1\/4&#8243;]<br \/>\n[\/vc_column_inner][\/vc_row_inner][\/vc_accordion_tab][\/vc_accordion][vc_empty_space height=&#8221;50px&#8221;][\/vc_column][\/vc_row]<\/p>\n<\/div><!-- AddThis Advanced Settings generic via filter on the_content --><!-- AddThis Share Buttons generic via filter on the_content -->","protected":false},"excerpt":{"rendered":"<p>[vc_row css_animation=&#8221;&#8221; row_type=&#8221;row&#8221; use_row_as_full_screen_section=&#8221;no&#8221; type=&#8221;full_width&#8221; angled_section=&#8221;no&#8221; text_align=&#8221;left&#8221; background_image_as_pattern=&#8221;without_pattern&#8221; background_color=&#8221;#f7f7f7&#8243; section_type=&#8221;full-width&#8221;][vc_column][vc_empty_space height=&#8221;15px&#8221;][vc_empty_space height=&#8221;40px&#8221;][vc_row_inner row_type=&#8221;row&#8221; type=&#8221;full_width&#8221; text_align=&#8221;left&#8221; css_animation=&#8221;&#8221;][vc_column_inner width=&#8221;1\/2&#8243;][vc_single_image image=&#8221;8562&#8243; img_size=&#8221;full&#8221; alignment=&#8221;center&#8221; qode_css_animation=&#8221;&#8221;][vc_empty_space height=&#8221;40px&#8221;][\/vc_column_inner][vc_column_inner width=&#8221;1\/2&#8243;][vc_column_text] Elimina el borrissol del teu cos de forma definitiva a trav\u00e9s de la nostra t\u00e8cnica de depilaci\u00f3 l\u00e0ser m\u00e9s avan\u00e7ada del mercat&#8230;.<!-- AddThis Advanced Settings generic via filter on get_the_excerpt --><!-- AddThis Share Buttons generic via filter on get_the_excerpt --><\/p>\n","protected":false},"author":25,"featured_media":14936,"parent":11377,"menu_order":0,"comment_status":"closed","ping_status":"closed","template":"","meta":{"footnotes":""},"class_list":["post-9985","page","type-page","status-publish","has-post-thumbnail","hentry"],"yoast_head":"<!-- This site is optimized with the Yoast SEO Premium plugin v26.9 (Yoast SEO v27.5) - https:\/\/yoast.com\/product\/yoast-seo-premium-wordpress\/ -->\n<title>DEPILACI\u00d3 L\u00c0SER HOME - Cl\u00ednica C\u00e0nons | Cirurgia i Medicina Estetica a Barcelona, \u200b\u200bGranollers<\/title>\n<meta name=\"robots\" content=\"index, follow, max-snippet:-1, max-image-preview:large, max-video-preview:-1\" \/>\n<link rel=\"canonical\" href=\"https:\/\/www.canons.es\/ca\/unitat-laser\/depilacio-laser-home\/\" \/>\n<meta property=\"og:locale\" content=\"ca_ES\" \/>\n<meta property=\"og:type\" content=\"article\" \/>\n<meta property=\"og:title\" content=\"DEPILACI\u00d3 L\u00c0SER HOME\" \/>\n<meta property=\"og:description\" content=\"[vc_row css_animation=&#8221;&#8221; row_type=&#8221;row&#8221; use_row_as_full_screen_section=&#8221;no&#8221; type=&#8221;full_width&#8221; angled_section=&#8221;no&#8221; text_align=&#8221;left&#8221; background_image_as_pattern=&#8221;without_pattern&#8221; background_color=&#8221;#f7f7f7&#8243; section_type=&#8221;full-width&#8221;][vc_column][vc_empty_space height=&#8221;15px&#8221;][vc_empty_space height=&#8221;40px&#8221;][vc_row_inner row_type=&#8221;row&#8221; type=&#8221;full_width&#8221; text_align=&#8221;left&#8221; css_animation=&#8221;&#8221;][vc_column_inner width=&#8221;1\/2&#8243;][vc_single_image image=&#8221;8562&#8243; img_size=&#8221;full&#8221; alignment=&#8221;center&#8221; qode_css_animation=&#8221;&#8221;][vc_empty_space height=&#8221;40px&#8221;][\/vc_column_inner][vc_column_inner width=&#8221;1\/2&#8243;][vc_column_text] Elimina el borrissol del teu cos de forma definitiva a trav\u00e9s de la nostra t\u00e8cnica de depilaci\u00f3 l\u00e0ser m\u00e9s avan\u00e7ada del mercat....\" \/>\n<meta property=\"og:url\" content=\"https:\/\/www.canons.es\/ca\/unitat-laser\/depilacio-laser-home\/\" \/>\n<meta property=\"og:site_name\" content=\"Cl\u00ednica C\u00e0nons | Cirurgia i Medicina Estetica a Barcelona, \u200b\u200bGranollers\" \/>\n<meta property=\"article:publisher\" content=\"https:\/\/www.facebook.com\/canonsclinics\/\" \/>\n<meta property=\"article:modified_time\" content=\"2023-07-19T10:40:03+00:00\" \/>\n<meta property=\"og:image\" content=\"https:\/\/www.canons.es\/wp-content\/uploads\/2015\/09\/fotodepilacion-laser-hombre-granollers.jpg\" \/>\n\t<meta property=\"og:image:width\" content=\"456\" \/>\n\t<meta property=\"og:image:height\" content=\"210\" \/>\n\t<meta property=\"og:image:type\" content=\"image\/jpeg\" \/>\n<meta name=\"twitter:card\" content=\"summary_large_image\" \/>\n<meta name=\"twitter:site\" content=\"@canonsclinics\" \/>\n<meta name=\"twitter:label1\" content=\"Temps estimat de lectura\" \/>\n\t<meta name=\"twitter:data1\" content=\"7 minuts\" \/>\n<script type=\"application\/ld+json\" class=\"yoast-schema-graph\">{\"@context\":\"https:\\\/\\\/schema.org\",\"@graph\":[{\"@type\":\"WebPage\",\"@id\":\"https:\\\/\\\/www.canons.es\\\/ca\\\/unitat-laser\\\/depilacio-laser-home\\\/\",\"url\":\"https:\\\/\\\/www.canons.es\\\/ca\\\/unitat-laser\\\/depilacio-laser-home\\\/\",\"name\":\"DEPILACI\u00d3 L\u00c0SER HOME - Cl\u00ednica C\u00e0nons | Cirurgia i Medicina Estetica a Barcelona, \u200b\u200bGranollers\",\"isPartOf\":{\"@id\":\"https:\\\/\\\/www.canons.es\\\/#website\"},\"primaryImageOfPage\":{\"@id\":\"https:\\\/\\\/www.canons.es\\\/ca\\\/unitat-laser\\\/depilacio-laser-home\\\/#primaryimage\"},\"image\":{\"@id\":\"https:\\\/\\\/www.canons.es\\\/ca\\\/unitat-laser\\\/depilacio-laser-home\\\/#primaryimage\"},\"thumbnailUrl\":\"https:\\\/\\\/www.canons.es\\\/wp-content\\\/uploads\\\/2015\\\/09\\\/fotodepilacion-laser-hombre-granollers.jpg\",\"datePublished\":\"2015-09-24T11:43:03+00:00\",\"dateModified\":\"2023-07-19T10:40:03+00:00\",\"breadcrumb\":{\"@id\":\"https:\\\/\\\/www.canons.es\\\/ca\\\/unitat-laser\\\/depilacio-laser-home\\\/#breadcrumb\"},\"inLanguage\":\"ca\",\"potentialAction\":[{\"@type\":\"ReadAction\",\"target\":[\"https:\\\/\\\/www.canons.es\\\/ca\\\/unitat-laser\\\/depilacio-laser-home\\\/\"]}]},{\"@type\":\"ImageObject\",\"inLanguage\":\"ca\",\"@id\":\"https:\\\/\\\/www.canons.es\\\/ca\\\/unitat-laser\\\/depilacio-laser-home\\\/#primaryimage\",\"url\":\"https:\\\/\\\/www.canons.es\\\/wp-content\\\/uploads\\\/2015\\\/09\\\/fotodepilacion-laser-hombre-granollers.jpg\",\"contentUrl\":\"https:\\\/\\\/www.canons.es\\\/wp-content\\\/uploads\\\/2015\\\/09\\\/fotodepilacion-laser-hombre-granollers.jpg\",\"width\":456,\"height\":210,\"caption\":\"Depilaci\u00f3n l\u00e1ser para hombre en Barcelona y Granollers con sesiones seguras y eficaces para reducir el vello y cuidar la piel.\"},{\"@type\":\"BreadcrumbList\",\"@id\":\"https:\\\/\\\/www.canons.es\\\/ca\\\/unitat-laser\\\/depilacio-laser-home\\\/#breadcrumb\",\"itemListElement\":[{\"@type\":\"ListItem\",\"position\":1,\"name\":\"Portada\",\"item\":\"https:\\\/\\\/www.canons.es\\\/ca\\\/\"},{\"@type\":\"ListItem\",\"position\":2,\"name\":\"UNITAT L\u00c0SER\",\"item\":\"https:\\\/\\\/www.canons.es\\\/unidad-laser-2\\\/\"},{\"@type\":\"ListItem\",\"position\":3,\"name\":\"DEPILACI\u00d3 L\u00c0SER HOME\"}]},{\"@type\":\"WebSite\",\"@id\":\"https:\\\/\\\/www.canons.es\\\/#website\",\"url\":\"https:\\\/\\\/www.canons.es\\\/\",\"name\":\"Cirug\u00eda Pl\u00e1stica y Est\u00e9tica Barcelona y Granollers | C\u00e0nons Clinics\",\"description\":\"\",\"publisher\":{\"@id\":\"https:\\\/\\\/www.canons.es\\\/#organization\"},\"potentialAction\":[{\"@type\":\"SearchAction\",\"target\":{\"@type\":\"EntryPoint\",\"urlTemplate\":\"https:\\\/\\\/www.canons.es\\\/?s={search_term_string}\"},\"query-input\":{\"@type\":\"PropertyValueSpecification\",\"valueRequired\":true,\"valueName\":\"search_term_string\"}}],\"inLanguage\":\"ca\"},{\"@type\":\"Organization\",\"@id\":\"https:\\\/\\\/www.canons.es\\\/#organization\",\"name\":\"Cirug\u00eda Pl\u00e1stica y Est\u00e9tica Barcelona y Granollers | C\u00e0nons Clinics\",\"url\":\"https:\\\/\\\/www.canons.es\\\/\",\"logo\":{\"@type\":\"ImageObject\",\"inLanguage\":\"ca\",\"@id\":\"https:\\\/\\\/www.canons.es\\\/#\\\/schema\\\/logo\\\/image\\\/\",\"url\":\"https:\\\/\\\/www.canons.es\\\/wp-content\\\/uploads\\\/2025\\\/04\\\/logo-canons-clinics.jpg\",\"contentUrl\":\"https:\\\/\\\/www.canons.es\\\/wp-content\\\/uploads\\\/2025\\\/04\\\/logo-canons-clinics.jpg\",\"width\":600,\"height\":139,\"caption\":\"Cirug\u00eda Pl\u00e1stica y Est\u00e9tica Barcelona y Granollers | C\u00e0nons Clinics\"},\"image\":{\"@id\":\"https:\\\/\\\/www.canons.es\\\/#\\\/schema\\\/logo\\\/image\\\/\"},\"sameAs\":[\"https:\\\/\\\/www.facebook.com\\\/canonsclinics\\\/\",\"https:\\\/\\\/x.com\\\/canonsclinics\",\"https:\\\/\\\/www.instagram.com\\\/canonsclinics\\\/\",\"https:\\\/\\\/www.youtube.com\\\/channel\\\/UCI1Ia6LjALyo1CuQ0_HwtfQ\",\"https:\\\/\\\/www.linkedin.com\\\/company\\\/canons-clinics\\\/\"]}]}<\/script>\n<!-- \/ Yoast SEO Premium plugin. -->","yoast_head_json":{"title":"DEPILACI\u00d3 L\u00c0SER HOME - Cl\u00ednica C\u00e0nons | Cirurgia i Medicina Estetica a Barcelona, \u200b\u200bGranollers","robots":{"index":"index","follow":"follow","max-snippet":"max-snippet:-1","max-image-preview":"max-image-preview:large","max-video-preview":"max-video-preview:-1"},"canonical":"https:\/\/www.canons.es\/ca\/unitat-laser\/depilacio-laser-home\/","og_locale":"ca_ES","og_type":"article","og_title":"DEPILACI\u00d3 L\u00c0SER HOME","og_description":"[vc_row css_animation=&#8221;&#8221; row_type=&#8221;row&#8221; use_row_as_full_screen_section=&#8221;no&#8221; type=&#8221;full_width&#8221; angled_section=&#8221;no&#8221; text_align=&#8221;left&#8221; background_image_as_pattern=&#8221;without_pattern&#8221; background_color=&#8221;#f7f7f7&#8243; section_type=&#8221;full-width&#8221;][vc_column][vc_empty_space height=&#8221;15px&#8221;][vc_empty_space height=&#8221;40px&#8221;][vc_row_inner row_type=&#8221;row&#8221; type=&#8221;full_width&#8221; text_align=&#8221;left&#8221; css_animation=&#8221;&#8221;][vc_column_inner width=&#8221;1\/2&#8243;][vc_single_image image=&#8221;8562&#8243; img_size=&#8221;full&#8221; alignment=&#8221;center&#8221; qode_css_animation=&#8221;&#8221;][vc_empty_space height=&#8221;40px&#8221;][\/vc_column_inner][vc_column_inner width=&#8221;1\/2&#8243;][vc_column_text] Elimina el borrissol del teu cos de forma definitiva a trav\u00e9s de la nostra t\u00e8cnica de depilaci\u00f3 l\u00e0ser m\u00e9s avan\u00e7ada del mercat....","og_url":"https:\/\/www.canons.es\/ca\/unitat-laser\/depilacio-laser-home\/","og_site_name":"Cl\u00ednica C\u00e0nons | Cirurgia i Medicina Estetica a Barcelona, \u200b\u200bGranollers","article_publisher":"https:\/\/www.facebook.com\/canonsclinics\/","article_modified_time":"2023-07-19T10:40:03+00:00","og_image":[{"width":456,"height":210,"url":"https:\/\/www.canons.es\/wp-content\/uploads\/2015\/09\/fotodepilacion-laser-hombre-granollers.jpg","type":"image\/jpeg"}],"twitter_card":"summary_large_image","twitter_site":"@canonsclinics","twitter_misc":{"Temps estimat de lectura":"7 minuts"},"schema":{"@context":"https:\/\/schema.org","@graph":[{"@type":"WebPage","@id":"https:\/\/www.canons.es\/ca\/unitat-laser\/depilacio-laser-home\/","url":"https:\/\/www.canons.es\/ca\/unitat-laser\/depilacio-laser-home\/","name":"DEPILACI\u00d3 L\u00c0SER HOME - Cl\u00ednica C\u00e0nons | Cirurgia i Medicina Estetica a Barcelona, \u200b\u200bGranollers","isPartOf":{"@id":"https:\/\/www.canons.es\/#website"},"primaryImageOfPage":{"@id":"https:\/\/www.canons.es\/ca\/unitat-laser\/depilacio-laser-home\/#primaryimage"},"image":{"@id":"https:\/\/www.canons.es\/ca\/unitat-laser\/depilacio-laser-home\/#primaryimage"},"thumbnailUrl":"https:\/\/www.canons.es\/wp-content\/uploads\/2015\/09\/fotodepilacion-laser-hombre-granollers.jpg","datePublished":"2015-09-24T11:43:03+00:00","dateModified":"2023-07-19T10:40:03+00:00","breadcrumb":{"@id":"https:\/\/www.canons.es\/ca\/unitat-laser\/depilacio-laser-home\/#breadcrumb"},"inLanguage":"ca","potentialAction":[{"@type":"ReadAction","target":["https:\/\/www.canons.es\/ca\/unitat-laser\/depilacio-laser-home\/"]}]},{"@type":"ImageObject","inLanguage":"ca","@id":"https:\/\/www.canons.es\/ca\/unitat-laser\/depilacio-laser-home\/#primaryimage","url":"https:\/\/www.canons.es\/wp-content\/uploads\/2015\/09\/fotodepilacion-laser-hombre-granollers.jpg","contentUrl":"https:\/\/www.canons.es\/wp-content\/uploads\/2015\/09\/fotodepilacion-laser-hombre-granollers.jpg","width":456,"height":210,"caption":"Depilaci\u00f3n l\u00e1ser para hombre en Barcelona y Granollers con sesiones seguras y eficaces para reducir el vello y cuidar la piel."},{"@type":"BreadcrumbList","@id":"https:\/\/www.canons.es\/ca\/unitat-laser\/depilacio-laser-home\/#breadcrumb","itemListElement":[{"@type":"ListItem","position":1,"name":"Portada","item":"https:\/\/www.canons.es\/ca\/"},{"@type":"ListItem","position":2,"name":"UNITAT L\u00c0SER","item":"https:\/\/www.canons.es\/unidad-laser-2\/"},{"@type":"ListItem","position":3,"name":"DEPILACI\u00d3 L\u00c0SER HOME"}]},{"@type":"WebSite","@id":"https:\/\/www.canons.es\/#website","url":"https:\/\/www.canons.es\/","name":"Cirug\u00eda Pl\u00e1stica y Est\u00e9tica Barcelona y Granollers | C\u00e0nons Clinics","description":"","publisher":{"@id":"https:\/\/www.canons.es\/#organization"},"potentialAction":[{"@type":"SearchAction","target":{"@type":"EntryPoint","urlTemplate":"https:\/\/www.canons.es\/?s={search_term_string}"},"query-input":{"@type":"PropertyValueSpecification","valueRequired":true,"valueName":"search_term_string"}}],"inLanguage":"ca"},{"@type":"Organization","@id":"https:\/\/www.canons.es\/#organization","name":"Cirug\u00eda Pl\u00e1stica y Est\u00e9tica Barcelona y Granollers | C\u00e0nons Clinics","url":"https:\/\/www.canons.es\/","logo":{"@type":"ImageObject","inLanguage":"ca","@id":"https:\/\/www.canons.es\/#\/schema\/logo\/image\/","url":"https:\/\/www.canons.es\/wp-content\/uploads\/2025\/04\/logo-canons-clinics.jpg","contentUrl":"https:\/\/www.canons.es\/wp-content\/uploads\/2025\/04\/logo-canons-clinics.jpg","width":600,"height":139,"caption":"Cirug\u00eda Pl\u00e1stica y Est\u00e9tica Barcelona y Granollers | C\u00e0nons Clinics"},"image":{"@id":"https:\/\/www.canons.es\/#\/schema\/logo\/image\/"},"sameAs":["https:\/\/www.facebook.com\/canonsclinics\/","https:\/\/x.com\/canonsclinics","https:\/\/www.instagram.com\/canonsclinics\/","https:\/\/www.youtube.com\/channel\/UCI1Ia6LjALyo1CuQ0_HwtfQ","https:\/\/www.linkedin.com\/company\/canons-clinics\/"]}]}},"_links":{"self":[{"href":"https:\/\/www.canons.es\/ca\/wp-json\/wp\/v2\/pages\/9985","targetHints":{"allow":["GET"]}}],"collection":[{"href":"https:\/\/www.canons.es\/ca\/wp-json\/wp\/v2\/pages"}],"about":[{"href":"https:\/\/www.canons.es\/ca\/wp-json\/wp\/v2\/types\/page"}],"author":[{"embeddable":true,"href":"https:\/\/www.canons.es\/ca\/wp-json\/wp\/v2\/users\/25"}],"replies":[{"embeddable":true,"href":"https:\/\/www.canons.es\/ca\/wp-json\/wp\/v2\/comments?post=9985"}],"version-history":[{"count":0,"href":"https:\/\/www.canons.es\/ca\/wp-json\/wp\/v2\/pages\/9985\/revisions"}],"up":[{"embeddable":true,"href":"https:\/\/www.canons.es\/ca\/wp-json\/wp\/v2\/pages\/11377"}],"wp:featuredmedia":[{"embeddable":true,"href":"https:\/\/www.canons.es\/ca\/wp-json\/wp\/v2\/media\/14936"}],"wp:attachment":[{"href":"https:\/\/www.canons.es\/ca\/wp-json\/wp\/v2\/media?parent=9985"}],"curies":[{"name":"wp","href":"https:\/\/api.w.org\/{rel}","templated":true}]}}