{"id":9949,"date":"2015-09-18T14:58:23","date_gmt":"2015-09-18T14:58:23","guid":{"rendered":"https:\/\/www.canons.es\/ca\/dietas-medicas-hipocaloricas\/"},"modified":"2019-04-10T08:08:08","modified_gmt":"2019-04-10T08:08:08","slug":"dietes-mediques-hipocaloriques","status":"publish","type":"page","link":"https:\/\/www.canons.es\/ca\/dietetica-i-nutricio\/dietes-mediques-hipocaloriques\/","title":{"rendered":"Dietes M\u00e8diques Hipocal\u00f2riques"},"content":{"rendered":"<div class=\"wpb-content-wrapper\"><p>[vc_row css_animation=&#8221;&#8221; row_type=&#8221;row&#8221; use_row_as_full_screen_section=&#8221;no&#8221; type=&#8221;full_width&#8221; angled_section=&#8221;no&#8221; text_align=&#8221;left&#8221; background_image_as_pattern=&#8221;without_pattern&#8221; background_color=&#8221;#f7f7f7&#8243; section_type=&#8221;full-width&#8221;][vc_column][vc_empty_space height=&#8221;20px&#8221;]<div class=\"custom_font_holder\" style=\"font-family: Raleway; font-size: 35px; line-height: 26px; font-style: normal; font-weight: 300; color: #1e70b3; text-decoration: none; text-align: left;\">DIETES M\u00c8DIQUES HIPOCAL\u00d2RIQUES<\/div>[vc_empty_space height=&#8221;40px&#8221;][vc_row_inner row_type=&#8221;row&#8221; type=&#8221;full_width&#8221; text_align=&#8221;left&#8221; css_animation=&#8221;&#8221;][vc_column_inner width=&#8221;1\/2&#8243;][vc_single_image image=&#8221;8334&#8243; img_size=&#8221;full&#8221; alignment=&#8221;center&#8221; qode_css_animation=&#8221;&#8221;][vc_empty_space height=&#8221;40px&#8221;][\/vc_column_inner][vc_column_inner width=&#8221;1\/2&#8243;][vc_column_text]<\/p>\n<p style=\"text-align: justify;\">Ja ho has provat tot? A les nostres cl\u00edniques et realitzarem un<strong> estudi dels h\u00e0bits alimentaris, estudi hematol\u00f2gic i bioqu\u00edmic, la qual cosa ens permetr\u00e0 elaborar una dieta hipocal\u00f2rica personalitzada adaptada a les teves caracter\u00edstiques i metabolisme<\/strong>.<\/p>\n<p>[\/vc_column_text][\/vc_column_inner][\/vc_row_inner][\/vc_column][\/vc_row][vc_row css_animation=&#8221;&#8221; row_type=&#8221;row&#8221; use_row_as_full_screen_section=&#8221;no&#8221; type=&#8221;full_width&#8221; angled_section=&#8221;no&#8221; text_align=&#8221;left&#8221; background_image_as_pattern=&#8221;without_pattern&#8221; section_type=&#8221;full-width&#8221;][vc_column][vc_empty_space][vc_accordion style=&#8221;accordion&#8221;][vc_accordion_tab title=&#8221;En qu\u00e8 consisteix?&#8221;][vc_column_text]<\/p>\n<p style=\"text-align: justify;\">La dieta equilibrada i sana ens ajuda a mantenir una salut confortable. La dieta \u00e9s b\u00e0sica en el tractament de nombroses patologies com l&#8217;obesitat, un greu problema de salut p\u00fablica que va en augment o determinats factors de risc de malaltia cardiovascular com hipercolesterol\u00e8mia, hiperuric\u00e8mia\u2026<\/p>\n<p>D&#8217;entrada es fa un <strong><span style=\"color: #6d98dc;\">estudi dels h\u00e0bits alimentaris, estudi hematol\u00f2gico i bioqu\u00edmic, permet elaborar una dieta hipocal\u00f2rica personalitzada que ens ajudar\u00e0 a adquirir i mantenir uns h\u00e0bits alimentaris adequats<\/span>.<\/strong><\/p>\n<p><span style=\"color: #6d98dc;\"><strong>Les dietes hipocal\u00f2riques han de ser personalitzades<\/strong><\/span> ja que existeixen factors externs, psicol\u00f2gics, laborals, socials, etc. que s&#8217;han de tenir en compte i valorar-los.<\/p>\n<p>Aconseguir el pes adequat desitjat \u00e9s possible amb el control de professionals i, sobretot, amb esfor\u00e7 i const\u00e0ncia.[\/vc_column_text][\/vc_accordion_tab][vc_accordion_tab title=&#8221;Puc complementar la Dieta Hipocal\u00f3rica amb tractaments de Remodelaci\u00f3 del Contorn Corporal?&#8221;][vc_column_text]<\/p>\n<p style=\"text-align: justify;\">Com a tractament complementari a les dietes, en alguns casos <strong><span style=\"color: #6d98dc;\">la disminuci\u00f3 de pes es complementa amb altres tractaments medico-est\u00e8tics<\/span><\/strong> tals com la <a href=\"\/ca\/mesoterapia-corporal-para-combatir-la-celulitis\/\">Mesoterapia Corporal<\/a> mitjan\u00e7ant injeccions intrad\u00e8rmiques de productes homeop\u00e0tics, la <a href=\"\/ca\/intralipoterapia-con-aqualyx\/\">Intralipoterapia amb Aqualyx<\/a> o una <a href=\"\/ca\/lipoescultura-corporal-asistida-por-laser\/\">Lipoescultura assistida per L\u00e0ser<\/a>, entre uns altres\u2026<\/p>\n<p>L&#8217;objectiu principal \u00e9s una <span style=\"color: #6d98dc;\"><strong>remodelaci\u00f3 del contorn corporal de les zones que presenten acumulaci\u00f3 de greix i cel\u00b7lulitits localitzada<\/strong><\/span> mitjan\u00e7ant injeccions intrad\u00e8rmiques de productes homeop\u00e0ticos que activen la circulaci\u00f3 i eliminen contingut gras.[\/vc_column_text][\/vc_accordion_tab][\/vc_accordion][\/vc_column][\/vc_row]<\/p>\n<\/div><!-- AddThis Advanced Settings generic via filter on the_content --><!-- AddThis Share Buttons generic via filter on the_content -->","protected":false},"excerpt":{"rendered":"<p>[vc_row css_animation=&#8221;&#8221; row_type=&#8221;row&#8221; use_row_as_full_screen_section=&#8221;no&#8221; type=&#8221;full_width&#8221; angled_section=&#8221;no&#8221; text_align=&#8221;left&#8221; background_image_as_pattern=&#8221;without_pattern&#8221; background_color=&#8221;#f7f7f7&#8243; section_type=&#8221;full-width&#8221;][vc_column][vc_empty_space height=&#8221;20px&#8221;][vc_empty_space height=&#8221;40px&#8221;][vc_row_inner row_type=&#8221;row&#8221; type=&#8221;full_width&#8221; text_align=&#8221;left&#8221; css_animation=&#8221;&#8221;][vc_column_inner width=&#8221;1\/2&#8243;][vc_single_image image=&#8221;8334&#8243; img_size=&#8221;full&#8221; alignment=&#8221;center&#8221; qode_css_animation=&#8221;&#8221;][vc_empty_space height=&#8221;40px&#8221;][\/vc_column_inner][vc_column_inner width=&#8221;1\/2&#8243;][vc_column_text] Ja ho has provat tot? A les nostres cl\u00edniques et realitzarem un estudi dels h\u00e0bits alimentaris, estudi hematol\u00f2gic i bioqu\u00edmic, la qual&#8230;<!-- AddThis Advanced Settings generic via filter on get_the_excerpt --><!-- AddThis Share Buttons generic via filter on get_the_excerpt --><\/p>\n","protected":false},"author":25,"featured_media":0,"parent":10164,"menu_order":0,"comment_status":"closed","ping_status":"closed","template":"","meta":{"footnotes":""},"class_list":["post-9949","page","type-page","status-publish","hentry"],"yoast_head":"<!-- This site is optimized with the Yoast SEO Premium plugin v26.9 (Yoast SEO v27.2) - https:\/\/yoast.com\/product\/yoast-seo-premium-wordpress\/ -->\n<title>Dietes M\u00e8diques Hipocal\u00f2riques - Cl\u00ednica C\u00e0nons | Cirurgia i Medicina Estetica a Barcelona, \u200b\u200bGranollers<\/title>\n<meta name=\"robots\" content=\"index, follow, max-snippet:-1, max-image-preview:large, max-video-preview:-1\" \/>\n<link rel=\"canonical\" href=\"https:\/\/www.canons.es\/dietetica-y-nutricion-2\/dietas-medicas-hipocaloricas-2\/\" \/>\n<meta property=\"og:locale\" content=\"ca_ES\" \/>\n<meta property=\"og:type\" content=\"article\" \/>\n<meta property=\"og:title\" content=\"Dietes M\u00e8diques Hipocal\u00f2riques\" \/>\n<meta property=\"og:description\" content=\"[vc_row css_animation=&#8221;&#8221; row_type=&#8221;row&#8221; use_row_as_full_screen_section=&#8221;no&#8221; type=&#8221;full_width&#8221; angled_section=&#8221;no&#8221; text_align=&#8221;left&#8221; background_image_as_pattern=&#8221;without_pattern&#8221; background_color=&#8221;#f7f7f7&#8243; section_type=&#8221;full-width&#8221;][vc_column][vc_empty_space height=&#8221;20px&#8221;][vc_empty_space height=&#8221;40px&#8221;][vc_row_inner row_type=&#8221;row&#8221; type=&#8221;full_width&#8221; text_align=&#8221;left&#8221; css_animation=&#8221;&#8221;][vc_column_inner width=&#8221;1\/2&#8243;][vc_single_image image=&#8221;8334&#8243; img_size=&#8221;full&#8221; alignment=&#8221;center&#8221; qode_css_animation=&#8221;&#8221;][vc_empty_space height=&#8221;40px&#8221;][\/vc_column_inner][vc_column_inner width=&#8221;1\/2&#8243;][vc_column_text] Ja ho has provat tot? A les nostres cl\u00edniques et realitzarem un estudi dels h\u00e0bits alimentaris, estudi hematol\u00f2gic i bioqu\u00edmic, la qual...\" \/>\n<meta property=\"og:url\" content=\"https:\/\/www.canons.es\/dietetica-y-nutricion-2\/dietas-medicas-hipocaloricas-2\/\" \/>\n<meta property=\"og:site_name\" content=\"Cl\u00ednica C\u00e0nons | Cirurgia i Medicina Estetica a Barcelona, \u200b\u200bGranollers\" \/>\n<meta property=\"article:publisher\" content=\"https:\/\/www.facebook.com\/canonsclinics\/\" \/>\n<meta property=\"article:modified_time\" content=\"2019-04-10T08:08:08+00:00\" \/>\n<meta name=\"twitter:card\" content=\"summary_large_image\" \/>\n<meta name=\"twitter:site\" content=\"@canonsclinics\" \/>\n<meta name=\"twitter:label1\" content=\"Temps estimat de lectura\" \/>\n\t<meta name=\"twitter:data1\" content=\"2 minuts\" \/>\n<script type=\"application\/ld+json\" class=\"yoast-schema-graph\">{\"@context\":\"https:\/\/schema.org\",\"@graph\":[{\"@type\":\"WebPage\",\"@id\":\"https:\/\/www.canons.es\/dietetica-y-nutricion-2\/dietas-medicas-hipocaloricas-2\/\",\"url\":\"https:\/\/www.canons.es\/dietetica-y-nutricion-2\/dietas-medicas-hipocaloricas-2\/\",\"name\":\"Dietes M\u00e8diques Hipocal\u00f2riques - Cl\u00ednica C\u00e0nons | Cirurgia i Medicina Estetica a Barcelona, \u200b\u200bGranollers\",\"isPartOf\":{\"@id\":\"https:\/\/www.canons.es\/#website\"},\"datePublished\":\"2015-09-18T14:58:23+00:00\",\"dateModified\":\"2019-04-10T08:08:08+00:00\",\"breadcrumb\":{\"@id\":\"https:\/\/www.canons.es\/dietetica-y-nutricion-2\/dietas-medicas-hipocaloricas-2\/#breadcrumb\"},\"inLanguage\":\"ca\",\"potentialAction\":[{\"@type\":\"ReadAction\",\"target\":[\"https:\/\/www.canons.es\/dietetica-y-nutricion-2\/dietas-medicas-hipocaloricas-2\/\"]}]},{\"@type\":\"BreadcrumbList\",\"@id\":\"https:\/\/www.canons.es\/dietetica-y-nutricion-2\/dietas-medicas-hipocaloricas-2\/#breadcrumb\",\"itemListElement\":[{\"@type\":\"ListItem\",\"position\":1,\"name\":\"Portada\",\"item\":\"https:\/\/www.canons.es\/ca\/\"},{\"@type\":\"ListItem\",\"position\":2,\"name\":\"DIET\u00c8TICA I NUTRICI\u00d3\",\"item\":\"https:\/\/www.canons.es\/ca\/dietetica-i-nutricio\/\"},{\"@type\":\"ListItem\",\"position\":3,\"name\":\"Dietes M\u00e8diques Hipocal\u00f2riques\"}]},{\"@type\":\"WebSite\",\"@id\":\"https:\/\/www.canons.es\/#website\",\"url\":\"https:\/\/www.canons.es\/\",\"name\":\"Cirug\u00eda Pl\u00e1stica y Est\u00e9tica Barcelona y Granollers | C\u00e0nons Clinics\",\"description\":\"\",\"publisher\":{\"@id\":\"https:\/\/www.canons.es\/#organization\"},\"potentialAction\":[{\"@type\":\"SearchAction\",\"target\":{\"@type\":\"EntryPoint\",\"urlTemplate\":\"https:\/\/www.canons.es\/?s={search_term_string}\"},\"query-input\":{\"@type\":\"PropertyValueSpecification\",\"valueRequired\":true,\"valueName\":\"search_term_string\"}}],\"inLanguage\":\"ca\"},{\"@type\":\"Organization\",\"@id\":\"https:\/\/www.canons.es\/#organization\",\"name\":\"Cirug\u00eda Pl\u00e1stica y Est\u00e9tica Barcelona y Granollers | C\u00e0nons Clinics\",\"url\":\"https:\/\/www.canons.es\/\",\"logo\":{\"@type\":\"ImageObject\",\"inLanguage\":\"ca\",\"@id\":\"https:\/\/www.canons.es\/#\/schema\/logo\/image\/\",\"url\":\"https:\/\/www.canons.es\/wp-content\/uploads\/2025\/04\/logo-canons-clinics.jpg\",\"contentUrl\":\"https:\/\/www.canons.es\/wp-content\/uploads\/2025\/04\/logo-canons-clinics.jpg\",\"width\":600,\"height\":139,\"caption\":\"Cirug\u00eda Pl\u00e1stica y Est\u00e9tica Barcelona y Granollers | C\u00e0nons Clinics\"},\"image\":{\"@id\":\"https:\/\/www.canons.es\/#\/schema\/logo\/image\/\"},\"sameAs\":[\"https:\/\/www.facebook.com\/canonsclinics\/\",\"https:\/\/x.com\/canonsclinics\",\"https:\/\/www.instagram.com\/canonsclinics\/\",\"https:\/\/www.youtube.com\/channel\/UCI1Ia6LjALyo1CuQ0_HwtfQ\",\"https:\/\/www.linkedin.com\/company\/canons-clinics\/\"]}]}<\/script>\n<!-- \/ Yoast SEO Premium plugin. -->","yoast_head_json":{"title":"Dietes M\u00e8diques Hipocal\u00f2riques - Cl\u00ednica C\u00e0nons | Cirurgia i Medicina Estetica a Barcelona, \u200b\u200bGranollers","robots":{"index":"index","follow":"follow","max-snippet":"max-snippet:-1","max-image-preview":"max-image-preview:large","max-video-preview":"max-video-preview:-1"},"canonical":"https:\/\/www.canons.es\/dietetica-y-nutricion-2\/dietas-medicas-hipocaloricas-2\/","og_locale":"ca_ES","og_type":"article","og_title":"Dietes M\u00e8diques Hipocal\u00f2riques","og_description":"[vc_row css_animation=&#8221;&#8221; row_type=&#8221;row&#8221; use_row_as_full_screen_section=&#8221;no&#8221; type=&#8221;full_width&#8221; angled_section=&#8221;no&#8221; text_align=&#8221;left&#8221; background_image_as_pattern=&#8221;without_pattern&#8221; background_color=&#8221;#f7f7f7&#8243; section_type=&#8221;full-width&#8221;][vc_column][vc_empty_space height=&#8221;20px&#8221;][vc_empty_space height=&#8221;40px&#8221;][vc_row_inner row_type=&#8221;row&#8221; type=&#8221;full_width&#8221; text_align=&#8221;left&#8221; css_animation=&#8221;&#8221;][vc_column_inner width=&#8221;1\/2&#8243;][vc_single_image image=&#8221;8334&#8243; img_size=&#8221;full&#8221; alignment=&#8221;center&#8221; qode_css_animation=&#8221;&#8221;][vc_empty_space height=&#8221;40px&#8221;][\/vc_column_inner][vc_column_inner width=&#8221;1\/2&#8243;][vc_column_text] Ja ho has provat tot? A les nostres cl\u00edniques et realitzarem un estudi dels h\u00e0bits alimentaris, estudi hematol\u00f2gic i bioqu\u00edmic, la qual...","og_url":"https:\/\/www.canons.es\/dietetica-y-nutricion-2\/dietas-medicas-hipocaloricas-2\/","og_site_name":"Cl\u00ednica C\u00e0nons | Cirurgia i Medicina Estetica a Barcelona, \u200b\u200bGranollers","article_publisher":"https:\/\/www.facebook.com\/canonsclinics\/","article_modified_time":"2019-04-10T08:08:08+00:00","twitter_card":"summary_large_image","twitter_site":"@canonsclinics","twitter_misc":{"Temps estimat de lectura":"2 minuts"},"schema":{"@context":"https:\/\/schema.org","@graph":[{"@type":"WebPage","@id":"https:\/\/www.canons.es\/dietetica-y-nutricion-2\/dietas-medicas-hipocaloricas-2\/","url":"https:\/\/www.canons.es\/dietetica-y-nutricion-2\/dietas-medicas-hipocaloricas-2\/","name":"Dietes M\u00e8diques Hipocal\u00f2riques - Cl\u00ednica C\u00e0nons | Cirurgia i Medicina Estetica a Barcelona, \u200b\u200bGranollers","isPartOf":{"@id":"https:\/\/www.canons.es\/#website"},"datePublished":"2015-09-18T14:58:23+00:00","dateModified":"2019-04-10T08:08:08+00:00","breadcrumb":{"@id":"https:\/\/www.canons.es\/dietetica-y-nutricion-2\/dietas-medicas-hipocaloricas-2\/#breadcrumb"},"inLanguage":"ca","potentialAction":[{"@type":"ReadAction","target":["https:\/\/www.canons.es\/dietetica-y-nutricion-2\/dietas-medicas-hipocaloricas-2\/"]}]},{"@type":"BreadcrumbList","@id":"https:\/\/www.canons.es\/dietetica-y-nutricion-2\/dietas-medicas-hipocaloricas-2\/#breadcrumb","itemListElement":[{"@type":"ListItem","position":1,"name":"Portada","item":"https:\/\/www.canons.es\/ca\/"},{"@type":"ListItem","position":2,"name":"DIET\u00c8TICA I NUTRICI\u00d3","item":"https:\/\/www.canons.es\/ca\/dietetica-i-nutricio\/"},{"@type":"ListItem","position":3,"name":"Dietes M\u00e8diques Hipocal\u00f2riques"}]},{"@type":"WebSite","@id":"https:\/\/www.canons.es\/#website","url":"https:\/\/www.canons.es\/","name":"Cirug\u00eda Pl\u00e1stica y Est\u00e9tica Barcelona y Granollers | C\u00e0nons Clinics","description":"","publisher":{"@id":"https:\/\/www.canons.es\/#organization"},"potentialAction":[{"@type":"SearchAction","target":{"@type":"EntryPoint","urlTemplate":"https:\/\/www.canons.es\/?s={search_term_string}"},"query-input":{"@type":"PropertyValueSpecification","valueRequired":true,"valueName":"search_term_string"}}],"inLanguage":"ca"},{"@type":"Organization","@id":"https:\/\/www.canons.es\/#organization","name":"Cirug\u00eda Pl\u00e1stica y Est\u00e9tica Barcelona y Granollers | C\u00e0nons Clinics","url":"https:\/\/www.canons.es\/","logo":{"@type":"ImageObject","inLanguage":"ca","@id":"https:\/\/www.canons.es\/#\/schema\/logo\/image\/","url":"https:\/\/www.canons.es\/wp-content\/uploads\/2025\/04\/logo-canons-clinics.jpg","contentUrl":"https:\/\/www.canons.es\/wp-content\/uploads\/2025\/04\/logo-canons-clinics.jpg","width":600,"height":139,"caption":"Cirug\u00eda Pl\u00e1stica y Est\u00e9tica Barcelona y Granollers | C\u00e0nons Clinics"},"image":{"@id":"https:\/\/www.canons.es\/#\/schema\/logo\/image\/"},"sameAs":["https:\/\/www.facebook.com\/canonsclinics\/","https:\/\/x.com\/canonsclinics","https:\/\/www.instagram.com\/canonsclinics\/","https:\/\/www.youtube.com\/channel\/UCI1Ia6LjALyo1CuQ0_HwtfQ","https:\/\/www.linkedin.com\/company\/canons-clinics\/"]}]}},"_links":{"self":[{"href":"https:\/\/www.canons.es\/ca\/wp-json\/wp\/v2\/pages\/9949","targetHints":{"allow":["GET"]}}],"collection":[{"href":"https:\/\/www.canons.es\/ca\/wp-json\/wp\/v2\/pages"}],"about":[{"href":"https:\/\/www.canons.es\/ca\/wp-json\/wp\/v2\/types\/page"}],"author":[{"embeddable":true,"href":"https:\/\/www.canons.es\/ca\/wp-json\/wp\/v2\/users\/25"}],"replies":[{"embeddable":true,"href":"https:\/\/www.canons.es\/ca\/wp-json\/wp\/v2\/comments?post=9949"}],"version-history":[{"count":0,"href":"https:\/\/www.canons.es\/ca\/wp-json\/wp\/v2\/pages\/9949\/revisions"}],"up":[{"embeddable":true,"href":"https:\/\/www.canons.es\/ca\/wp-json\/wp\/v2\/pages\/10164"}],"wp:attachment":[{"href":"https:\/\/www.canons.es\/ca\/wp-json\/wp\/v2\/media?parent=9949"}],"curies":[{"name":"wp","href":"https:\/\/api.w.org\/{rel}","templated":true}]}}