{"id":9892,"date":"2015-09-16T16:45:43","date_gmt":"2015-09-16T16:45:43","guid":{"rendered":"https:\/\/www.canons.es\/ca\/nimfoplastia-o-reduccion-de-labios-menores\/"},"modified":"2020-01-29T14:03:28","modified_gmt":"2020-01-29T14:03:28","slug":"nimfoplastia-o-reduccio-de-llavis-menors","status":"publish","type":"page","link":"https:\/\/www.canons.es\/ca\/cirurgia-intima-femenina\/nimfoplastia-o-reduccio-de-llavis-menors\/","title":{"rendered":"Nimfopl\u00e0stia o Correcci\u00f3 dels Llavis Menors"},"content":{"rendered":"<div class=\"wpb-content-wrapper\"><p>[vc_row css_animation=&#8221;&#8221; row_type=&#8221;row&#8221; use_row_as_full_screen_section=&#8221;no&#8221; type=&#8221;full_width&#8221; angled_section=&#8221;no&#8221; text_align=&#8221;left&#8221; background_image_as_pattern=&#8221;without_pattern&#8221; background_color=&#8221;#f7f7f7&#8243; section_type=&#8221;full-width&#8221;][vc_column][vc_empty_space height=&#8221;20px&#8221;]<div class=\"custom_font_holder\" style=\"font-family: Raleway; font-size: 35px; line-height: 26px; font-style: normal; font-weight: 300; color: #1e70b3; text-decoration: none; text-align: left;\">NIMFOPL\u00c0STIA<\/div>[vc_empty_space height=&#8221;40px&#8221;][vc_row_inner row_type=&#8221;row&#8221; type=&#8221;full_width&#8221; text_align=&#8221;left&#8221; css_animation=&#8221;&#8221;][vc_column_inner width=&#8221;1\/2&#8243;][vc_single_image image=&#8221;8172&#8243; img_size=&#8221;full&#8221; alignment=&#8221;center&#8221; qode_css_animation=&#8221;&#8221;][vc_empty_space height=&#8221;40px&#8221;][\/vc_column_inner][vc_column_inner width=&#8221;1\/2&#8243;][vc_column_text]<\/p>\n<p style=\"text-align: justify;\">La nimfopl\u00e0stia \u00e9s una intervenci\u00f3 quir\u00fargica la finalitat de la qual \u00e9s <strong>corregir les alteracions del desenvolupament normal dels llavis menors mitjan\u00e7ant una nova t\u00e8cnica<\/strong>, realitzant petites incisions que es suturar\u00e1 amb material reabsorbible que s&#8217;anir\u00e0 eliminant pel propi cos en unes dues setmanes.<\/p>\n<p>[\/vc_column_text][\/vc_column_inner][\/vc_row_inner][\/vc_column][\/vc_row][vc_row css_animation=&#8221;&#8221; row_type=&#8221;row&#8221; use_row_as_full_screen_section=&#8221;no&#8221; type=&#8221;full_width&#8221; angled_section=&#8221;no&#8221; text_align=&#8221;left&#8221; background_image_as_pattern=&#8221;without_pattern&#8221; section_type=&#8221;full-width&#8221;][vc_column][vc_empty_space][vc_accordion style=&#8221;accordion&#8221;][vc_accordion_tab title=&#8221;En qu\u00e8 consisteix la Nimfopl\u00e0stia o Correcci\u00f3 dels Llavis Menors?&#8221;][vc_column_text]<\/p>\n<div id=\"stcpDiv\">\n<p style=\"text-align: justify;\">Consisteix en una intervenci\u00f3 quir\u00fargica que t\u00e9 per finalitat <span style=\"color: #6d98dc;\"><strong>corregir les deformitats en l\u2019anatomia dels llavis menors mitjan\u00e7ant una t\u00e8cnica espec\u00edfica on es realitzaran petites incisions que es suturaran amb material reabsorbible que s\u2019anir\u00e0 eliminant pel propi cos en unes dues setmanes<\/strong><\/span>, de manera que els Llavis Menors cicatritzen de forma progressiva i natural.<\/p>\n<p style=\"text-align: justify;\">Es tracta d\u2019una cirurgia que es porta a terme en una cl\u00ednica o hospital de forma ambulat\u00f2ria sota sedaci\u00f3 endovenosa, normalment. De manera que a les poques hores de la intervenci\u00f3 es donar\u00e0 l\u2019alta hospital\u00e0ria. <strong><span style=\"color: #6d98dc;\">T\u00e9 una durada aproximada d\u20191 hora<\/span>.<\/strong><\/p>\n<p style=\"text-align: justify;\">\u00c9s una cirurgia que en moltes ocasions es realitza secund\u00e0riament a altres cirurgies d\u2019est\u00e8tica pl\u00e0stica.<\/p>\n<\/div>\n<p>[\/vc_column_text][\/vc_accordion_tab][vc_accordion_tab title=&#8221;Qui \u00e9s la candidata ideal per sotmetre a una Nimfopl\u00e0stia o Correcci\u00f3 de Llavis Menors?&#8221;][vc_column_text]<\/p>\n<div id=\"stcpDiv\">\n<p style=\"text-align: justify;\">La candidata id\u00f2nia per a la Correcci\u00f3 dels Llavis Menors s\u00f3n totes les <strong><span style=\"color: #6d98dc;\">dones que b\u00e9 despr\u00e9s dels embarassos, en edats avan\u00e7ades o per causes cong\u00e8nites en noies joves presenten alteracions de grand\u00e0ria, els han crescut els Llavis Menors de manera desproporcionada o b\u00e9, s\u00f3n asim\u00e8trics, un m\u00e9s gran que l\u2019altre<\/span>.<\/strong><\/p>\n<p style=\"text-align: justify;\">Tamb\u00e9, poden ser aquelles dones que a part d\u00b4incomodar la mida dels Llavis Menors els crea mol\u00e8sties al portar peces ajustades, presenten certa incomoditat i\/o dolor al mantenir relacions sexuals o tenen cert complexe al quedar-se nues o al portar biquini.<\/p>\n<\/div>\n<p>[\/vc_column_text][\/vc_accordion_tab][vc_accordion_tab title=&#8221;Com ser\u00e0 la tornada a la normalitat?&#8221;][vc_column_text]<\/p>\n<div id=\"stcpDiv\">\n<p style=\"text-align: justify;\"><strong><span style=\"color: #6d98dc;\">Despr\u00e9s de la cirurgia de reducci\u00f3 de Llavis Menors \u00e9s normal trobar-se una mica cansada i adolorida durant uns dies<\/span>.<\/strong><\/p>\n<p style=\"text-align: justify;\">Ser\u00e0 molt important el rep\u00f2s relatiu i l\u2019aplicaci\u00f3 de fred local durant les primeres 48h. de la cirurgia. La majoria de les mol\u00e8sties s\u2019han de controlar sense problemes amb la pauta d\u2019analg\u00e8sics i antiinflamatoris que t\u2019haur\u00e0 prescrit teu cirurgi\u00e0 pl\u00e0stic.<\/p>\n<p style=\"text-align: justify;\">Haur\u00e0s de portar una compresa per controlar el sagnat postquir\u00fargic, que ser\u00e0 normal si \u00e9s m\u00ednim. \u00c9s normal tenir una sensaci\u00f3 d\u2019inflamaci\u00f3 als Llavis menors durant les dues primeres setmanes. No es retiraran els punts ja que s\u2019utilitza sutura reabsorbible hipoalerg\u00e8nica.<\/p>\n<p style=\"text-align: justify;\"><strong><span style=\"color: #6d98dc;\">Estar\u00e0s condicionada durant un m\u00e0xim de dos o tres dies depenent de l\u2019activitat que realitzis, ja que la zona estar\u00e0 inflamada encara que no adolorida<\/span>.<\/strong> No es tracta d\u2019una intervenci\u00f3 dolorosa.<\/p>\n<p style=\"text-align: justify;\">Immediatament despr\u00e9s de la Cirurgia de reducci\u00f3 dels Llavis menors veur\u00e0s el resultat final. Els resultats s\u00f3n permanents, sense cicatrius perceptibles.<\/p>\n<\/div>\n<p>[\/vc_column_text][\/vc_accordion_tab][vc_accordion_tab title=&#8221;Com es planifica la Nimfopl\u00e0stia o Correcci\u00f3 de Llavis Menors?&#8221;][vc_column_text]<\/p>\n<div id=\"stcpDiv\">\n<p style=\"text-align: justify;\">Durant la primera consulta, el cirurgi\u00e0 pl\u00e0stic avaluar\u00e0 la mida i la forma dels llavis menors, la qualitat de la pell i, el teu estat general de salut. Sol\u00b7licitar\u00e0 proves preoperat\u00f2ries i, un electrocardiograma si cal.<\/p>\n<p style=\"text-align: justify;\">Tamb\u00e9, t\u2019explicar\u00e0 quin \u00e9s el tipus d\u2019anest\u00e8sia que s\u2019utilitzar\u00e0, la necessitat d\u2019ingressar a la cl\u00ednica on es realitzar\u00e0 la cirurgia i els costos de la intervenci\u00f3.<\/p>\n<p style=\"text-align: justify;\">Haur\u00e0s d\u2019exposar les teves expectatives de manera sincera i franca, perqu\u00e8 el cirurgi\u00e0 pl\u00e0stic et mostri les alternatives disponibles segons les teves necessitats.<\/p>\n<p style=\"text-align: justify;\">El doctor et donar\u00e0 instruccions sobre com preparar-te per la cirurgia, incloent les pautes a seguir sobre la presa o supressi\u00f3 de medicaments, vitamines, suplements de ferro, aliments, l\u00edquids i tabac.<\/p>\n<p style=\"text-align: justify;\"><span style=\"color: #6d98dc;\"><strong>Assegura\u2019t, tamb\u00e9 que algun familiar o acompanyant pugui acompanyar-te quan se\u2019t doni l\u2019alta<\/strong><\/span> i, que en cas necessari, puguin ajudar-te uns dies.<\/p>\n<\/div>\n<p>[\/vc_column_text][\/vc_accordion_tab][vc_accordion_tab title=&#8221;Quines precaucions haur\u00e9 prendre?&#8221;][vc_column_text]<\/p>\n<div id=\"stcpDiv\" style=\"text-align: justify;\">Amb l\u2019objectiu de limitar el risc de sagnat i hematomes haur\u00e0s d\u2019evitar prendre en els <strong><span style=\"color: #6d98dc;\">7 dies previs al procediment<\/span><\/strong> antiagregants plaquetaris com Aspirina, Dipiridamol, Ticlopidina\u2026 com tamb\u00e9, en els 3 dies previs prendre antiinflamatoris no estero\u00efdals amb efecte antiagregant com Ibuprof\u00e8, Diclofenac, Indometacina, Piroxicam, Naprox\u00e8\u2026<\/div>\n<p>[\/vc_column_text][\/vc_accordion_tab][\/vc_accordion][\/vc_column][\/vc_row]<\/p>\n<\/div><!-- AddThis Advanced Settings generic via filter on the_content --><!-- AddThis Share Buttons generic via filter on the_content -->","protected":false},"excerpt":{"rendered":"<p>[vc_row css_animation=&#8221;&#8221; row_type=&#8221;row&#8221; use_row_as_full_screen_section=&#8221;no&#8221; type=&#8221;full_width&#8221; angled_section=&#8221;no&#8221; text_align=&#8221;left&#8221; background_image_as_pattern=&#8221;without_pattern&#8221; background_color=&#8221;#f7f7f7&#8243; section_type=&#8221;full-width&#8221;][vc_column][vc_empty_space height=&#8221;20px&#8221;][vc_empty_space height=&#8221;40px&#8221;][vc_row_inner row_type=&#8221;row&#8221; type=&#8221;full_width&#8221; text_align=&#8221;left&#8221; css_animation=&#8221;&#8221;][vc_column_inner width=&#8221;1\/2&#8243;][vc_single_image image=&#8221;8172&#8243; img_size=&#8221;full&#8221; alignment=&#8221;center&#8221; qode_css_animation=&#8221;&#8221;][vc_empty_space height=&#8221;40px&#8221;][\/vc_column_inner][vc_column_inner width=&#8221;1\/2&#8243;][vc_column_text] La nimfopl\u00e0stia \u00e9s una intervenci\u00f3 quir\u00fargica la finalitat de la qual \u00e9s corregir les alteracions del desenvolupament normal dels llavis menors mitjan\u00e7ant&#8230;<!-- AddThis Advanced Settings generic via filter on get_the_excerpt --><!-- AddThis Share Buttons generic via filter on get_the_excerpt --><\/p>\n","protected":false},"author":25,"featured_media":0,"parent":10019,"menu_order":0,"comment_status":"closed","ping_status":"closed","template":"","meta":{"footnotes":""},"class_list":["post-9892","page","type-page","status-publish","hentry"],"yoast_head":"<!-- This site is optimized with the Yoast SEO Premium plugin v26.9 (Yoast SEO v27.2) - https:\/\/yoast.com\/product\/yoast-seo-premium-wordpress\/ -->\n<title>Nimfopl\u00e0stia o Correcci\u00f3 dels Llavis Menors - Cl\u00ednica C\u00e0nons | Cirurgia i Medicina Estetica a Barcelona, \u200b\u200bGranollers<\/title>\n<meta name=\"robots\" content=\"index, follow, max-snippet:-1, max-image-preview:large, max-video-preview:-1\" \/>\n<link rel=\"canonical\" href=\"https:\/\/www.canons.es\/ca\/cirurgia-intima-femenina\/nimfoplastia-o-reduccio-de-llavis-menors\/\" \/>\n<meta property=\"og:locale\" content=\"ca_ES\" \/>\n<meta property=\"og:type\" content=\"article\" \/>\n<meta property=\"og:title\" content=\"Nimfopl\u00e0stia o Correcci\u00f3 dels Llavis Menors\" \/>\n<meta property=\"og:description\" content=\"[vc_row css_animation=&#8221;&#8221; row_type=&#8221;row&#8221; use_row_as_full_screen_section=&#8221;no&#8221; type=&#8221;full_width&#8221; angled_section=&#8221;no&#8221; text_align=&#8221;left&#8221; background_image_as_pattern=&#8221;without_pattern&#8221; background_color=&#8221;#f7f7f7&#8243; section_type=&#8221;full-width&#8221;][vc_column][vc_empty_space height=&#8221;20px&#8221;][vc_empty_space height=&#8221;40px&#8221;][vc_row_inner row_type=&#8221;row&#8221; type=&#8221;full_width&#8221; text_align=&#8221;left&#8221; css_animation=&#8221;&#8221;][vc_column_inner width=&#8221;1\/2&#8243;][vc_single_image image=&#8221;8172&#8243; img_size=&#8221;full&#8221; alignment=&#8221;center&#8221; qode_css_animation=&#8221;&#8221;][vc_empty_space height=&#8221;40px&#8221;][\/vc_column_inner][vc_column_inner width=&#8221;1\/2&#8243;][vc_column_text] La nimfopl\u00e0stia \u00e9s una intervenci\u00f3 quir\u00fargica la finalitat de la qual \u00e9s corregir les alteracions del desenvolupament normal dels llavis menors mitjan\u00e7ant...\" \/>\n<meta property=\"og:url\" content=\"https:\/\/www.canons.es\/ca\/cirurgia-intima-femenina\/nimfoplastia-o-reduccio-de-llavis-menors\/\" \/>\n<meta property=\"og:site_name\" content=\"Cl\u00ednica C\u00e0nons | Cirurgia i Medicina Estetica a Barcelona, \u200b\u200bGranollers\" \/>\n<meta property=\"article:publisher\" content=\"https:\/\/www.facebook.com\/canonsclinics\/\" \/>\n<meta property=\"article:modified_time\" content=\"2020-01-29T14:03:28+00:00\" \/>\n<meta name=\"twitter:card\" content=\"summary_large_image\" \/>\n<meta name=\"twitter:site\" content=\"@canonsclinics\" \/>\n<meta name=\"twitter:label1\" content=\"Temps estimat de lectura\" \/>\n\t<meta name=\"twitter:data1\" content=\"5 minuts\" \/>\n<script type=\"application\/ld+json\" class=\"yoast-schema-graph\">{\"@context\":\"https:\/\/schema.org\",\"@graph\":[{\"@type\":\"WebPage\",\"@id\":\"https:\/\/www.canons.es\/ca\/cirurgia-intima-femenina\/nimfoplastia-o-reduccio-de-llavis-menors\/\",\"url\":\"https:\/\/www.canons.es\/ca\/cirurgia-intima-femenina\/nimfoplastia-o-reduccio-de-llavis-menors\/\",\"name\":\"Nimfopl\u00e0stia o Correcci\u00f3 dels Llavis Menors - Cl\u00ednica C\u00e0nons | Cirurgia i Medicina Estetica a Barcelona, \u200b\u200bGranollers\",\"isPartOf\":{\"@id\":\"https:\/\/www.canons.es\/#website\"},\"datePublished\":\"2015-09-16T16:45:43+00:00\",\"dateModified\":\"2020-01-29T14:03:28+00:00\",\"breadcrumb\":{\"@id\":\"https:\/\/www.canons.es\/ca\/cirurgia-intima-femenina\/nimfoplastia-o-reduccio-de-llavis-menors\/#breadcrumb\"},\"inLanguage\":\"ca\",\"potentialAction\":[{\"@type\":\"ReadAction\",\"target\":[\"https:\/\/www.canons.es\/ca\/cirurgia-intima-femenina\/nimfoplastia-o-reduccio-de-llavis-menors\/\"]}]},{\"@type\":\"BreadcrumbList\",\"@id\":\"https:\/\/www.canons.es\/ca\/cirurgia-intima-femenina\/nimfoplastia-o-reduccio-de-llavis-menors\/#breadcrumb\",\"itemListElement\":[{\"@type\":\"ListItem\",\"position\":1,\"name\":\"Portada\",\"item\":\"https:\/\/www.canons.es\/ca\/\"},{\"@type\":\"ListItem\",\"position\":2,\"name\":\"CIRURGIA PL\u00c0STICA \u00cdNTIMA FEMENINA\",\"item\":\"https:\/\/www.canons.es\/ca\/cirurgia-intima-femenina\/\"},{\"@type\":\"ListItem\",\"position\":3,\"name\":\"Nimfopl\u00e0stia o Correcci\u00f3 dels Llavis Menors\"}]},{\"@type\":\"WebSite\",\"@id\":\"https:\/\/www.canons.es\/#website\",\"url\":\"https:\/\/www.canons.es\/\",\"name\":\"Cirug\u00eda Pl\u00e1stica y Est\u00e9tica Barcelona y Granollers | C\u00e0nons Clinics\",\"description\":\"\",\"publisher\":{\"@id\":\"https:\/\/www.canons.es\/#organization\"},\"potentialAction\":[{\"@type\":\"SearchAction\",\"target\":{\"@type\":\"EntryPoint\",\"urlTemplate\":\"https:\/\/www.canons.es\/?s={search_term_string}\"},\"query-input\":{\"@type\":\"PropertyValueSpecification\",\"valueRequired\":true,\"valueName\":\"search_term_string\"}}],\"inLanguage\":\"ca\"},{\"@type\":\"Organization\",\"@id\":\"https:\/\/www.canons.es\/#organization\",\"name\":\"Cirug\u00eda Pl\u00e1stica y Est\u00e9tica Barcelona y Granollers | C\u00e0nons Clinics\",\"url\":\"https:\/\/www.canons.es\/\",\"logo\":{\"@type\":\"ImageObject\",\"inLanguage\":\"ca\",\"@id\":\"https:\/\/www.canons.es\/#\/schema\/logo\/image\/\",\"url\":\"https:\/\/www.canons.es\/wp-content\/uploads\/2025\/04\/logo-canons-clinics.jpg\",\"contentUrl\":\"https:\/\/www.canons.es\/wp-content\/uploads\/2025\/04\/logo-canons-clinics.jpg\",\"width\":600,\"height\":139,\"caption\":\"Cirug\u00eda Pl\u00e1stica y Est\u00e9tica Barcelona y Granollers | C\u00e0nons Clinics\"},\"image\":{\"@id\":\"https:\/\/www.canons.es\/#\/schema\/logo\/image\/\"},\"sameAs\":[\"https:\/\/www.facebook.com\/canonsclinics\/\",\"https:\/\/x.com\/canonsclinics\",\"https:\/\/www.instagram.com\/canonsclinics\/\",\"https:\/\/www.youtube.com\/channel\/UCI1Ia6LjALyo1CuQ0_HwtfQ\",\"https:\/\/www.linkedin.com\/company\/canons-clinics\/\"]}]}<\/script>\n<!-- \/ Yoast SEO Premium plugin. -->","yoast_head_json":{"title":"Nimfopl\u00e0stia o Correcci\u00f3 dels Llavis Menors - Cl\u00ednica C\u00e0nons | Cirurgia i Medicina Estetica a Barcelona, \u200b\u200bGranollers","robots":{"index":"index","follow":"follow","max-snippet":"max-snippet:-1","max-image-preview":"max-image-preview:large","max-video-preview":"max-video-preview:-1"},"canonical":"https:\/\/www.canons.es\/ca\/cirurgia-intima-femenina\/nimfoplastia-o-reduccio-de-llavis-menors\/","og_locale":"ca_ES","og_type":"article","og_title":"Nimfopl\u00e0stia o Correcci\u00f3 dels Llavis Menors","og_description":"[vc_row css_animation=&#8221;&#8221; row_type=&#8221;row&#8221; use_row_as_full_screen_section=&#8221;no&#8221; type=&#8221;full_width&#8221; angled_section=&#8221;no&#8221; text_align=&#8221;left&#8221; background_image_as_pattern=&#8221;without_pattern&#8221; background_color=&#8221;#f7f7f7&#8243; section_type=&#8221;full-width&#8221;][vc_column][vc_empty_space height=&#8221;20px&#8221;][vc_empty_space height=&#8221;40px&#8221;][vc_row_inner row_type=&#8221;row&#8221; type=&#8221;full_width&#8221; text_align=&#8221;left&#8221; css_animation=&#8221;&#8221;][vc_column_inner width=&#8221;1\/2&#8243;][vc_single_image image=&#8221;8172&#8243; img_size=&#8221;full&#8221; alignment=&#8221;center&#8221; qode_css_animation=&#8221;&#8221;][vc_empty_space height=&#8221;40px&#8221;][\/vc_column_inner][vc_column_inner width=&#8221;1\/2&#8243;][vc_column_text] La nimfopl\u00e0stia \u00e9s una intervenci\u00f3 quir\u00fargica la finalitat de la qual \u00e9s corregir les alteracions del desenvolupament normal dels llavis menors mitjan\u00e7ant...","og_url":"https:\/\/www.canons.es\/ca\/cirurgia-intima-femenina\/nimfoplastia-o-reduccio-de-llavis-menors\/","og_site_name":"Cl\u00ednica C\u00e0nons | Cirurgia i Medicina Estetica a Barcelona, \u200b\u200bGranollers","article_publisher":"https:\/\/www.facebook.com\/canonsclinics\/","article_modified_time":"2020-01-29T14:03:28+00:00","twitter_card":"summary_large_image","twitter_site":"@canonsclinics","twitter_misc":{"Temps estimat de lectura":"5 minuts"},"schema":{"@context":"https:\/\/schema.org","@graph":[{"@type":"WebPage","@id":"https:\/\/www.canons.es\/ca\/cirurgia-intima-femenina\/nimfoplastia-o-reduccio-de-llavis-menors\/","url":"https:\/\/www.canons.es\/ca\/cirurgia-intima-femenina\/nimfoplastia-o-reduccio-de-llavis-menors\/","name":"Nimfopl\u00e0stia o Correcci\u00f3 dels Llavis Menors - Cl\u00ednica C\u00e0nons | Cirurgia i Medicina Estetica a Barcelona, \u200b\u200bGranollers","isPartOf":{"@id":"https:\/\/www.canons.es\/#website"},"datePublished":"2015-09-16T16:45:43+00:00","dateModified":"2020-01-29T14:03:28+00:00","breadcrumb":{"@id":"https:\/\/www.canons.es\/ca\/cirurgia-intima-femenina\/nimfoplastia-o-reduccio-de-llavis-menors\/#breadcrumb"},"inLanguage":"ca","potentialAction":[{"@type":"ReadAction","target":["https:\/\/www.canons.es\/ca\/cirurgia-intima-femenina\/nimfoplastia-o-reduccio-de-llavis-menors\/"]}]},{"@type":"BreadcrumbList","@id":"https:\/\/www.canons.es\/ca\/cirurgia-intima-femenina\/nimfoplastia-o-reduccio-de-llavis-menors\/#breadcrumb","itemListElement":[{"@type":"ListItem","position":1,"name":"Portada","item":"https:\/\/www.canons.es\/ca\/"},{"@type":"ListItem","position":2,"name":"CIRURGIA PL\u00c0STICA \u00cdNTIMA FEMENINA","item":"https:\/\/www.canons.es\/ca\/cirurgia-intima-femenina\/"},{"@type":"ListItem","position":3,"name":"Nimfopl\u00e0stia o Correcci\u00f3 dels Llavis Menors"}]},{"@type":"WebSite","@id":"https:\/\/www.canons.es\/#website","url":"https:\/\/www.canons.es\/","name":"Cirug\u00eda Pl\u00e1stica y Est\u00e9tica Barcelona y Granollers | C\u00e0nons Clinics","description":"","publisher":{"@id":"https:\/\/www.canons.es\/#organization"},"potentialAction":[{"@type":"SearchAction","target":{"@type":"EntryPoint","urlTemplate":"https:\/\/www.canons.es\/?s={search_term_string}"},"query-input":{"@type":"PropertyValueSpecification","valueRequired":true,"valueName":"search_term_string"}}],"inLanguage":"ca"},{"@type":"Organization","@id":"https:\/\/www.canons.es\/#organization","name":"Cirug\u00eda Pl\u00e1stica y Est\u00e9tica Barcelona y Granollers | C\u00e0nons Clinics","url":"https:\/\/www.canons.es\/","logo":{"@type":"ImageObject","inLanguage":"ca","@id":"https:\/\/www.canons.es\/#\/schema\/logo\/image\/","url":"https:\/\/www.canons.es\/wp-content\/uploads\/2025\/04\/logo-canons-clinics.jpg","contentUrl":"https:\/\/www.canons.es\/wp-content\/uploads\/2025\/04\/logo-canons-clinics.jpg","width":600,"height":139,"caption":"Cirug\u00eda Pl\u00e1stica y Est\u00e9tica Barcelona y Granollers | C\u00e0nons Clinics"},"image":{"@id":"https:\/\/www.canons.es\/#\/schema\/logo\/image\/"},"sameAs":["https:\/\/www.facebook.com\/canonsclinics\/","https:\/\/x.com\/canonsclinics","https:\/\/www.instagram.com\/canonsclinics\/","https:\/\/www.youtube.com\/channel\/UCI1Ia6LjALyo1CuQ0_HwtfQ","https:\/\/www.linkedin.com\/company\/canons-clinics\/"]}]}},"_links":{"self":[{"href":"https:\/\/www.canons.es\/ca\/wp-json\/wp\/v2\/pages\/9892","targetHints":{"allow":["GET"]}}],"collection":[{"href":"https:\/\/www.canons.es\/ca\/wp-json\/wp\/v2\/pages"}],"about":[{"href":"https:\/\/www.canons.es\/ca\/wp-json\/wp\/v2\/types\/page"}],"author":[{"embeddable":true,"href":"https:\/\/www.canons.es\/ca\/wp-json\/wp\/v2\/users\/25"}],"replies":[{"embeddable":true,"href":"https:\/\/www.canons.es\/ca\/wp-json\/wp\/v2\/comments?post=9892"}],"version-history":[{"count":0,"href":"https:\/\/www.canons.es\/ca\/wp-json\/wp\/v2\/pages\/9892\/revisions"}],"up":[{"embeddable":true,"href":"https:\/\/www.canons.es\/ca\/wp-json\/wp\/v2\/pages\/10019"}],"wp:attachment":[{"href":"https:\/\/www.canons.es\/ca\/wp-json\/wp\/v2\/media?parent=9892"}],"curies":[{"name":"wp","href":"https:\/\/api.w.org\/{rel}","templated":true}]}}