{"id":9854,"date":"2015-09-16T14:31:12","date_gmt":"2015-09-16T14:31:12","guid":{"rendered":"https:\/\/www.canons.es\/ca\/lifting-de-muslos-o-cruroplastia\/"},"modified":"2020-01-29T12:33:02","modified_gmt":"2020-01-29T12:33:02","slug":"lifting-de-muslos-o-cruroplastia","status":"publish","type":"page","link":"https:\/\/www.canons.es\/ca\/cirurgia-plastica-corporal\/lifting-de-muslos-o-cruroplastia\/","title":{"rendered":"Lifting de Cuixes o Cruropl\u00e0stia"},"content":{"rendered":"<div class=\"wpb-content-wrapper\"><p>[vc_row css_animation=&#8221;&#8221; row_type=&#8221;row&#8221; use_row_as_full_screen_section=&#8221;no&#8221; type=&#8221;full_width&#8221; angled_section=&#8221;no&#8221; text_align=&#8221;left&#8221; background_image_as_pattern=&#8221;without_pattern&#8221; background_color=&#8221;#f7f7f7&#8243; section_type=&#8221;full-width&#8221;][vc_column][vc_empty_space height=&#8221;20px&#8221;]<div class=\"custom_font_holder\" style=\"font-family: Raleway; font-size: 35px; line-height: 26px; font-style: normal; font-weight: 300; color: #1e70b3; text-decoration: none; text-align: left;\">L\u00cdFTING DE CUIXES<\/div>[vc_empty_space height=&#8221;40px&#8221;][vc_row_inner row_type=&#8221;row&#8221; type=&#8221;full_width&#8221; text_align=&#8221;left&#8221; css_animation=&#8221;&#8221;][vc_column_inner width=&#8221;1\/2&#8243;][vc_single_image image=&#8221;8138&#8243; img_size=&#8221;full&#8221; alignment=&#8221;center&#8221; qode_css_animation=&#8221;&#8221;][vc_empty_space height=&#8221;40px&#8221;][\/vc_column_inner][vc_column_inner width=&#8221;1\/2&#8243;][vc_column_text]<\/p>\n<p style=\"text-align: justify;\">Aquest procediment quir\u00fargic t&#8217;ajudar\u00e0 a<strong> millorar la forma i firmesa\u00a0de les cuixes que per diferents factors gen\u00e8tics, reducci\u00f3 important de pes o canvis hormonals ha perdut elasticitat i s&#8217;ha anat despenjant amb el pas dels anys.<\/strong><\/p>\n<p>[\/vc_column_text][\/vc_column_inner][\/vc_row_inner][\/vc_column][\/vc_row][vc_row css_animation=&#8221;&#8221; row_type=&#8221;row&#8221; use_row_as_full_screen_section=&#8221;no&#8221; type=&#8221;full_width&#8221; angled_section=&#8221;no&#8221; text_align=&#8221;left&#8221; background_image_as_pattern=&#8221;without_pattern&#8221; section_type=&#8221;full-width&#8221;][vc_column][vc_empty_space][vc_accordion style=&#8221;accordion&#8221;][vc_accordion_tab title=&#8221;En qu\u00e8 consisteix la Cirurgia de Lifting de Cuixes o Cruroplastia?&#8221;][vc_column_text]<\/p>\n<p style=\"text-align: justify;\">\u00c9s un procediment quir\u00fargic dirigit a <span style=\"color: #6d98dc;\"><strong>millorar el contorn de les cuixes<\/strong><\/span> que per diferents factors gen\u00e8tics, reducci\u00f3 important de pes, canvis hormonals\u2026 han perdut la elasticitat cut\u00e0nia i la pell s\u2019ha anat despenjant amb el pas dels anys.<\/p>\n<p style=\"text-align: justify;\">Es realitzar\u00e0 aplicant una cirurgia de tracci\u00f3 cut\u00e0nia segons l\u2019anatomia, el grau de despenjament cutani i, el criteri del teu cirurgi\u00e0.<\/p>\n<p style=\"text-align: justify;\">Es poden realitzar les incisions nom\u00e9s a la cara interna de les cuixes aprop del plec inguinal o, b\u00e9 pot ser necessari portar-les fins els plecs subglutis. De vegades, el Lifting de Cuixes pot ser necessari fer la incisi\u00f3 semicircular.<\/p>\n<p style=\"text-align: justify;\">Seguidament, es traccionar\u00e0 la pell tant en sentit superior com medial d\u00b4aquesta manera es modelar\u00e0 la pell distesa de les cuixes, al mateix temps que elevarem el teixit despenjat.<\/p>\n<p style=\"text-align: justify;\">No oblidis per\u00f2, que les incisions seran proporcionals a la quantitat d\u2019exc\u00e9s cutani sobrant i, que per eliminar aquesta no hi ha altra manera possible de realitzar cicatrius. L\u2019elecci\u00f3 es far\u00e0 amb l\u2019objectiu que les incisions quedin situades de manera que la cicatrius quedin el menys visibles possible.<\/p>\n<p style=\"text-align: justify;\">Freq\u00fcentment, la Cirurgia de Lifting de Cuixes s\u2019associa per obtenir millors resultats amb la\u00a0<a href=\"http:\/\/www.C\u00e0nons Clinics.es\/ca\/lipoescultura-corporal-asistida-por-laser\/\">Liposucci\u00f3 assistida amb\u00a0L\u00e0ser<\/a>\u00a0per ajudar a remodelar el contorn de les cuixes i reafirmar la pell amb l\u2019ajuda del feix de llum L\u00e0ser que estimula la producci\u00f3 dels teixits de sosteniment. No es realitzaran noves cicatrius ja que s\u2019aprofitaran les realitzades en el Lifting de Cuixes.<\/p>\n<p style=\"text-align: justify;\">Es deixaran uns drenatges per evitar hematomes interns i es retiraran normalment abans de tenir l\u2019alta hospital\u00e0ria.<\/p>\n<p style=\"text-align: justify;\">El Lifting de Cuixes normalment, si no hi ha contraindicacions, s\u2019ha de fer sota anest\u00e8sia general ja que \u00e9s la t\u00e8cnica anest\u00e8sica que ens permetr\u00e0 treballar millor i, amb m\u00e9s seguretat. El temps quir\u00fargic ser\u00e0 aproximadament, entre dues i tres hores.<\/p>\n<p style=\"text-align: justify;\"><strong><span style=\"color: #6d98dc;\">Es suturaran les incisions de manera que quedin el menys visibles possible<\/span>.<\/strong> Immediatament despr\u00e9s es col\u00b7locaran embenats compressius en cada una de les cuixes durant dos o tres dies per facilitar la cicatritzaci\u00f3, al mateix temps que es col\u00b7locar\u00e0 una pe\u00e7a de pressoter\u00e0pia a les cuixes per facilitar la recuperaci\u00f3 postquir\u00fargica.<\/p>\n<p style=\"text-align: justify;\">Obtindr\u00e0s unes cuixes remodelades arm\u00f2niques amb el reste del cos. <strong><span style=\"color: #6d98dc;\">Les cicatrius s\u2019atenuen amb el pas del temps<\/span>.<\/strong><\/p>\n<p>[\/vc_column_text][\/vc_accordion_tab][vc_accordion_tab title=&#8221;Qui \u00e9s el candidat ideal per sotmetre&#8217;s a una cirurgia de Lifting de Cuixes o Cruropl\u00e0stia?&#8221;][vc_column_text]<\/p>\n<p style=\"text-align: justify;\">El candidat ideal per sotmetre&#8217;s a un Lifting de Cuixes generalment, seran persones que per diferents factors gen\u00e8tics, reducci\u00f3 important de pes, canvis hormonals, embarassos m\u00faltiples\u2026 <span style=\"color: #6d98dc;\"><strong>hagin perdut elasticitat cut\u00e0nia a les cuixes i glutis fet que provocar\u00e0 diferents graus de flaccid\u00e8s cut\u00e0nia que en determinats casos arribar\u00e0 a mig curt termini a ser invalidant per realitzar les activitats de la vida di\u00e0ria com caminar, fer exercici\u2026 <\/strong><\/span><\/p>\n<p style=\"text-align: justify;\">El fet de sotmetre\u2019s a una cirurgia de Lifting de Cuixes i Glutis resoldr\u00e0 aquesta situaci\u00f3 de manera que<strong><span style=\"color: #6d98dc;\"> tensar\u00e0 i remodelar\u00e0 les zones amb flaccid\u00e8s i, exc\u00e9s cutani aportant major mobilitat i comfort<\/span>.\u00a0<\/strong><\/p>\n<p>[\/vc_column_text][\/vc_accordion_tab][vc_accordion_tab title=&#8221;Com ser\u00e0 la tornada a la normalitat?&#8221;][vc_column_text]<\/p>\n<p style=\"text-align: justify;\">Et sentir\u00e0s cansat\/da i molest\/ a alguns dies despr\u00e9s de la intervenci\u00f3, <span style=\"color: #6d98dc;\"><strong>haur\u00e0s d\u2019estar en rep\u00f2s al llit un o dos dies<\/strong><\/span>, sense sotmetre a tensi\u00f3 les sutures. Podr\u00e0s fer les teves necessitats b\u00e0siques sense excessives tensions. La major part de les mol\u00e8sties seran tractades sense problemes amb la pauta d\u2019analg\u00e8sics i antiinflamatoris.<\/p>\n<p style=\"text-align: justify;\">En dos o tres dies et retirarem els embenats i t\u2019indicarem la pe\u00e7a de pressoter\u00e0pia que haur\u00e0s de portar. Les sensacions estranyes a la pell i la inflamaci\u00f3 m\u00e9s important disminuiran en m\u00e9s o menys tres setmanes.<\/p>\n<p style=\"text-align: justify;\">Les sutures seran retirades aproximadament, en dues setmanes. Les teves cames probablement, estaran m\u00e9s sensibles a l\u2019estimulaci\u00f3 directa en dues o tres setmanes. Despr\u00e9s progressivament, trigaran algunes setmanes m\u00e9s a recuperar el seu aspecte normal.<\/p>\n<p style=\"text-align: justify;\">Les cicatrius inicialment, estaran endurides i rosades almenys durant sis setmanes. Encara que aquest enduriment pot durar alguns mesos. Despr\u00e9s, generalment amb els mesos s\u2019aniran atenuant fins a ser poc evidents.<\/p>\n<p style=\"text-align: justify;\">Normalment,<strong><span style=\"color: #6d98dc;\"> haur\u00e0s de ser capa\u00e7 de tornar a la vida di\u00e0ria en uns quinze dies sempre d&#8217;una manera moderada intentant fer moviments bruscs en les extremitats inferiors<\/span>.<\/strong><\/p>\n<p>[\/vc_column_text][\/vc_accordion_tab][vc_accordion_tab title=&#8221;Com m&#8217;he de planificar la Cirurgia de Lifting de Cuixes o Cruropl\u00e0stia?&#8221;][vc_column_text]<\/p>\n<p style=\"text-align: justify;\">A la consulta inicial avaluarem el teu estat de salut i t\u2019explicarem les t\u00e8cniques quir\u00fargiques m\u00e9s apropiades per al teu cas en particular, tenint en compte b\u00e0sicament la consist\u00e8ncia i firmesa de la pell i, les condicions del teu cos.<\/p>\n<p style=\"text-align: justify;\">Haur\u00e0s d\u2019explicar quines s\u00f3n les teves expectatives de manera que el teu cirurgi\u00e0 t\u2019indicar\u00e0 les alternatives, els avantatges, riscos i limitacions dels diferents procediments medicoquir\u00fargics possibles segons el teu cas en particular.<\/p>\n<p style=\"text-align: justify;\">El doctor t\u2019explicar\u00e0 el tipus d\u2019anest\u00e8sia que utilitzem habitualment, l\u2019hospital on es realitzar\u00e0 la intervenci\u00f3, i els costos de la mateixa. Tamb\u00e9 et donar\u00e0 totes les instruccions sobre com preparar la cirurgia, el temps de dejuni previ a aquesta i la medicaci\u00f3 que haur\u00e0s evitar, aix\u00ed com les pautes d\u2019administraci\u00f3 dels antibi\u00f2tics i, altres medicaments que s\u00f3n importants perqu\u00e8 tot vagi b\u00e9.<\/p>\n<p style=\"text-align: justify;\"><span style=\"color: #6d98dc;\"><strong>Assegura\u2019t, tamb\u00e9 que algun familiar o acompanyant pugui acompanyar-te quan se\u2019t doni l\u2019alta<\/strong><\/span> i que, en cas necessari, puguin ajudar-te uns dies.<\/p>\n<p>[\/vc_column_text][\/vc_accordion_tab][vc_accordion_tab title=&#8221;Quines precaucions haur\u00e9 prendre?&#8221;][vc_column_text]<\/p>\n<p style=\"text-align: justify;\">Amb l\u2019objectiu de limitar el risc de sagnat i hematomes haur\u00e0s d\u2019evitar prendre en els <span style=\"color: #6d98dc;\"><strong>7 dies previs al procediment<\/strong> <\/span>antiagregants plaquetaris com Aspirina, Dipiridamol, Ticlopidina\u2026 com tamb\u00e9, en els 3 dies previs prendre antiinflamatoris no estero\u00efdals amb efecte antiagregant com Ibuprof\u00e8, Diclofenac, Indometacina, Piroxicam, Naprox\u00e8\u2026<\/p>\n<p>[\/vc_column_text][\/vc_accordion_tab][\/vc_accordion][\/vc_column][\/vc_row]<\/p>\n<\/div><!-- AddThis Advanced Settings generic via filter on the_content --><!-- AddThis Share Buttons generic via filter on the_content -->","protected":false},"excerpt":{"rendered":"<p>[vc_row css_animation=&#8221;&#8221; row_type=&#8221;row&#8221; use_row_as_full_screen_section=&#8221;no&#8221; type=&#8221;full_width&#8221; angled_section=&#8221;no&#8221; text_align=&#8221;left&#8221; background_image_as_pattern=&#8221;without_pattern&#8221; background_color=&#8221;#f7f7f7&#8243; section_type=&#8221;full-width&#8221;][vc_column][vc_empty_space height=&#8221;20px&#8221;][vc_empty_space height=&#8221;40px&#8221;][vc_row_inner row_type=&#8221;row&#8221; type=&#8221;full_width&#8221; text_align=&#8221;left&#8221; css_animation=&#8221;&#8221;][vc_column_inner width=&#8221;1\/2&#8243;][vc_single_image image=&#8221;8138&#8243; img_size=&#8221;full&#8221; alignment=&#8221;center&#8221; qode_css_animation=&#8221;&#8221;][vc_empty_space height=&#8221;40px&#8221;][\/vc_column_inner][vc_column_inner width=&#8221;1\/2&#8243;][vc_column_text] Aquest procediment quir\u00fargic t&#8217;ajudar\u00e0 a millorar la forma i firmesa\u00a0de les cuixes que per diferents factors gen\u00e8tics, reducci\u00f3 important de pes o&#8230;<!-- AddThis Advanced Settings generic via filter on get_the_excerpt --><!-- AddThis Share Buttons generic via filter on get_the_excerpt --><\/p>\n","protected":false},"author":25,"featured_media":0,"parent":9872,"menu_order":0,"comment_status":"closed","ping_status":"closed","template":"","meta":{"footnotes":""},"class_list":["post-9854","page","type-page","status-publish","hentry"],"yoast_head":"<!-- This site is optimized with the Yoast SEO Premium plugin v26.9 (Yoast SEO v27.2) - https:\/\/yoast.com\/product\/yoast-seo-premium-wordpress\/ -->\n<title>Lifting de Cuixes o Cruropl\u00e0stia - Cl\u00ednica C\u00e0nons | Cirurgia i Medicina Estetica a Barcelona, \u200b\u200bGranollers<\/title>\n<meta name=\"robots\" content=\"index, follow, max-snippet:-1, max-image-preview:large, max-video-preview:-1\" \/>\n<link rel=\"canonical\" href=\"https:\/\/www.canons.es\/cirugia-plastica-corporal-2\/lifting-de-muslos-o-cruroplastia\/\" \/>\n<meta property=\"og:locale\" content=\"ca_ES\" \/>\n<meta property=\"og:type\" content=\"article\" \/>\n<meta property=\"og:title\" content=\"Lifting de Cuixes o Cruropl\u00e0stia\" \/>\n<meta property=\"og:description\" content=\"[vc_row css_animation=&#8221;&#8221; row_type=&#8221;row&#8221; use_row_as_full_screen_section=&#8221;no&#8221; type=&#8221;full_width&#8221; angled_section=&#8221;no&#8221; text_align=&#8221;left&#8221; background_image_as_pattern=&#8221;without_pattern&#8221; background_color=&#8221;#f7f7f7&#8243; section_type=&#8221;full-width&#8221;][vc_column][vc_empty_space height=&#8221;20px&#8221;][vc_empty_space height=&#8221;40px&#8221;][vc_row_inner row_type=&#8221;row&#8221; type=&#8221;full_width&#8221; text_align=&#8221;left&#8221; css_animation=&#8221;&#8221;][vc_column_inner width=&#8221;1\/2&#8243;][vc_single_image image=&#8221;8138&#8243; img_size=&#8221;full&#8221; alignment=&#8221;center&#8221; qode_css_animation=&#8221;&#8221;][vc_empty_space height=&#8221;40px&#8221;][\/vc_column_inner][vc_column_inner width=&#8221;1\/2&#8243;][vc_column_text] Aquest procediment quir\u00fargic t&#8217;ajudar\u00e0 a millorar la forma i firmesa\u00a0de les cuixes que per diferents factors gen\u00e8tics, reducci\u00f3 important de pes o...\" \/>\n<meta property=\"og:url\" content=\"https:\/\/www.canons.es\/cirugia-plastica-corporal-2\/lifting-de-muslos-o-cruroplastia\/\" \/>\n<meta property=\"og:site_name\" content=\"Cl\u00ednica C\u00e0nons | Cirurgia i Medicina Estetica a Barcelona, \u200b\u200bGranollers\" \/>\n<meta property=\"article:publisher\" content=\"https:\/\/www.facebook.com\/canonsclinics\/\" \/>\n<meta property=\"article:modified_time\" content=\"2020-01-29T12:33:02+00:00\" \/>\n<meta name=\"twitter:card\" content=\"summary_large_image\" \/>\n<meta name=\"twitter:site\" content=\"@canonsclinics\" \/>\n<meta name=\"twitter:label1\" content=\"Temps estimat de lectura\" \/>\n\t<meta name=\"twitter:data1\" content=\"6 minuts\" \/>\n<script type=\"application\/ld+json\" class=\"yoast-schema-graph\">{\"@context\":\"https:\/\/schema.org\",\"@graph\":[{\"@type\":\"WebPage\",\"@id\":\"https:\/\/www.canons.es\/cirugia-plastica-corporal-2\/lifting-de-muslos-o-cruroplastia\/\",\"url\":\"https:\/\/www.canons.es\/cirugia-plastica-corporal-2\/lifting-de-muslos-o-cruroplastia\/\",\"name\":\"Lifting de Cuixes o Cruropl\u00e0stia - Cl\u00ednica C\u00e0nons | Cirurgia i Medicina Estetica a Barcelona, \u200b\u200bGranollers\",\"isPartOf\":{\"@id\":\"https:\/\/www.canons.es\/#website\"},\"datePublished\":\"2015-09-16T14:31:12+00:00\",\"dateModified\":\"2020-01-29T12:33:02+00:00\",\"breadcrumb\":{\"@id\":\"https:\/\/www.canons.es\/cirugia-plastica-corporal-2\/lifting-de-muslos-o-cruroplastia\/#breadcrumb\"},\"inLanguage\":\"ca\",\"potentialAction\":[{\"@type\":\"ReadAction\",\"target\":[\"https:\/\/www.canons.es\/cirugia-plastica-corporal-2\/lifting-de-muslos-o-cruroplastia\/\"]}]},{\"@type\":\"BreadcrumbList\",\"@id\":\"https:\/\/www.canons.es\/cirugia-plastica-corporal-2\/lifting-de-muslos-o-cruroplastia\/#breadcrumb\",\"itemListElement\":[{\"@type\":\"ListItem\",\"position\":1,\"name\":\"Portada\",\"item\":\"https:\/\/www.canons.es\/ca\/\"},{\"@type\":\"ListItem\",\"position\":2,\"name\":\"CIRURGIA PL\u00c0STICA CORPORAL\",\"item\":\"https:\/\/www.canons.es\/ca\/cirurgia-plastica-corporal\/\"},{\"@type\":\"ListItem\",\"position\":3,\"name\":\"Lifting de Cuixes o Cruropl\u00e0stia\"}]},{\"@type\":\"WebSite\",\"@id\":\"https:\/\/www.canons.es\/#website\",\"url\":\"https:\/\/www.canons.es\/\",\"name\":\"Cirug\u00eda Pl\u00e1stica y Est\u00e9tica Barcelona y Granollers | C\u00e0nons Clinics\",\"description\":\"\",\"publisher\":{\"@id\":\"https:\/\/www.canons.es\/#organization\"},\"potentialAction\":[{\"@type\":\"SearchAction\",\"target\":{\"@type\":\"EntryPoint\",\"urlTemplate\":\"https:\/\/www.canons.es\/?s={search_term_string}\"},\"query-input\":{\"@type\":\"PropertyValueSpecification\",\"valueRequired\":true,\"valueName\":\"search_term_string\"}}],\"inLanguage\":\"ca\"},{\"@type\":\"Organization\",\"@id\":\"https:\/\/www.canons.es\/#organization\",\"name\":\"Cirug\u00eda Pl\u00e1stica y Est\u00e9tica Barcelona y Granollers | C\u00e0nons Clinics\",\"url\":\"https:\/\/www.canons.es\/\",\"logo\":{\"@type\":\"ImageObject\",\"inLanguage\":\"ca\",\"@id\":\"https:\/\/www.canons.es\/#\/schema\/logo\/image\/\",\"url\":\"https:\/\/www.canons.es\/wp-content\/uploads\/2025\/04\/logo-canons-clinics.jpg\",\"contentUrl\":\"https:\/\/www.canons.es\/wp-content\/uploads\/2025\/04\/logo-canons-clinics.jpg\",\"width\":600,\"height\":139,\"caption\":\"Cirug\u00eda Pl\u00e1stica y Est\u00e9tica Barcelona y Granollers | C\u00e0nons Clinics\"},\"image\":{\"@id\":\"https:\/\/www.canons.es\/#\/schema\/logo\/image\/\"},\"sameAs\":[\"https:\/\/www.facebook.com\/canonsclinics\/\",\"https:\/\/x.com\/canonsclinics\",\"https:\/\/www.instagram.com\/canonsclinics\/\",\"https:\/\/www.youtube.com\/channel\/UCI1Ia6LjALyo1CuQ0_HwtfQ\",\"https:\/\/www.linkedin.com\/company\/canons-clinics\/\"]}]}<\/script>\n<!-- \/ Yoast SEO Premium plugin. -->","yoast_head_json":{"title":"Lifting de Cuixes o Cruropl\u00e0stia - Cl\u00ednica C\u00e0nons | Cirurgia i Medicina Estetica a Barcelona, \u200b\u200bGranollers","robots":{"index":"index","follow":"follow","max-snippet":"max-snippet:-1","max-image-preview":"max-image-preview:large","max-video-preview":"max-video-preview:-1"},"canonical":"https:\/\/www.canons.es\/cirugia-plastica-corporal-2\/lifting-de-muslos-o-cruroplastia\/","og_locale":"ca_ES","og_type":"article","og_title":"Lifting de Cuixes o Cruropl\u00e0stia","og_description":"[vc_row css_animation=&#8221;&#8221; row_type=&#8221;row&#8221; use_row_as_full_screen_section=&#8221;no&#8221; type=&#8221;full_width&#8221; angled_section=&#8221;no&#8221; text_align=&#8221;left&#8221; background_image_as_pattern=&#8221;without_pattern&#8221; background_color=&#8221;#f7f7f7&#8243; section_type=&#8221;full-width&#8221;][vc_column][vc_empty_space height=&#8221;20px&#8221;][vc_empty_space height=&#8221;40px&#8221;][vc_row_inner row_type=&#8221;row&#8221; type=&#8221;full_width&#8221; text_align=&#8221;left&#8221; css_animation=&#8221;&#8221;][vc_column_inner width=&#8221;1\/2&#8243;][vc_single_image image=&#8221;8138&#8243; img_size=&#8221;full&#8221; alignment=&#8221;center&#8221; qode_css_animation=&#8221;&#8221;][vc_empty_space height=&#8221;40px&#8221;][\/vc_column_inner][vc_column_inner width=&#8221;1\/2&#8243;][vc_column_text] Aquest procediment quir\u00fargic t&#8217;ajudar\u00e0 a millorar la forma i firmesa\u00a0de les cuixes que per diferents factors gen\u00e8tics, reducci\u00f3 important de pes o...","og_url":"https:\/\/www.canons.es\/cirugia-plastica-corporal-2\/lifting-de-muslos-o-cruroplastia\/","og_site_name":"Cl\u00ednica C\u00e0nons | Cirurgia i Medicina Estetica a Barcelona, \u200b\u200bGranollers","article_publisher":"https:\/\/www.facebook.com\/canonsclinics\/","article_modified_time":"2020-01-29T12:33:02+00:00","twitter_card":"summary_large_image","twitter_site":"@canonsclinics","twitter_misc":{"Temps estimat de lectura":"6 minuts"},"schema":{"@context":"https:\/\/schema.org","@graph":[{"@type":"WebPage","@id":"https:\/\/www.canons.es\/cirugia-plastica-corporal-2\/lifting-de-muslos-o-cruroplastia\/","url":"https:\/\/www.canons.es\/cirugia-plastica-corporal-2\/lifting-de-muslos-o-cruroplastia\/","name":"Lifting de Cuixes o Cruropl\u00e0stia - Cl\u00ednica C\u00e0nons | Cirurgia i Medicina Estetica a Barcelona, \u200b\u200bGranollers","isPartOf":{"@id":"https:\/\/www.canons.es\/#website"},"datePublished":"2015-09-16T14:31:12+00:00","dateModified":"2020-01-29T12:33:02+00:00","breadcrumb":{"@id":"https:\/\/www.canons.es\/cirugia-plastica-corporal-2\/lifting-de-muslos-o-cruroplastia\/#breadcrumb"},"inLanguage":"ca","potentialAction":[{"@type":"ReadAction","target":["https:\/\/www.canons.es\/cirugia-plastica-corporal-2\/lifting-de-muslos-o-cruroplastia\/"]}]},{"@type":"BreadcrumbList","@id":"https:\/\/www.canons.es\/cirugia-plastica-corporal-2\/lifting-de-muslos-o-cruroplastia\/#breadcrumb","itemListElement":[{"@type":"ListItem","position":1,"name":"Portada","item":"https:\/\/www.canons.es\/ca\/"},{"@type":"ListItem","position":2,"name":"CIRURGIA PL\u00c0STICA CORPORAL","item":"https:\/\/www.canons.es\/ca\/cirurgia-plastica-corporal\/"},{"@type":"ListItem","position":3,"name":"Lifting de Cuixes o Cruropl\u00e0stia"}]},{"@type":"WebSite","@id":"https:\/\/www.canons.es\/#website","url":"https:\/\/www.canons.es\/","name":"Cirug\u00eda Pl\u00e1stica y Est\u00e9tica Barcelona y Granollers | C\u00e0nons Clinics","description":"","publisher":{"@id":"https:\/\/www.canons.es\/#organization"},"potentialAction":[{"@type":"SearchAction","target":{"@type":"EntryPoint","urlTemplate":"https:\/\/www.canons.es\/?s={search_term_string}"},"query-input":{"@type":"PropertyValueSpecification","valueRequired":true,"valueName":"search_term_string"}}],"inLanguage":"ca"},{"@type":"Organization","@id":"https:\/\/www.canons.es\/#organization","name":"Cirug\u00eda Pl\u00e1stica y Est\u00e9tica Barcelona y Granollers | C\u00e0nons Clinics","url":"https:\/\/www.canons.es\/","logo":{"@type":"ImageObject","inLanguage":"ca","@id":"https:\/\/www.canons.es\/#\/schema\/logo\/image\/","url":"https:\/\/www.canons.es\/wp-content\/uploads\/2025\/04\/logo-canons-clinics.jpg","contentUrl":"https:\/\/www.canons.es\/wp-content\/uploads\/2025\/04\/logo-canons-clinics.jpg","width":600,"height":139,"caption":"Cirug\u00eda Pl\u00e1stica y Est\u00e9tica Barcelona y Granollers | C\u00e0nons Clinics"},"image":{"@id":"https:\/\/www.canons.es\/#\/schema\/logo\/image\/"},"sameAs":["https:\/\/www.facebook.com\/canonsclinics\/","https:\/\/x.com\/canonsclinics","https:\/\/www.instagram.com\/canonsclinics\/","https:\/\/www.youtube.com\/channel\/UCI1Ia6LjALyo1CuQ0_HwtfQ","https:\/\/www.linkedin.com\/company\/canons-clinics\/"]}]}},"_links":{"self":[{"href":"https:\/\/www.canons.es\/ca\/wp-json\/wp\/v2\/pages\/9854","targetHints":{"allow":["GET"]}}],"collection":[{"href":"https:\/\/www.canons.es\/ca\/wp-json\/wp\/v2\/pages"}],"about":[{"href":"https:\/\/www.canons.es\/ca\/wp-json\/wp\/v2\/types\/page"}],"author":[{"embeddable":true,"href":"https:\/\/www.canons.es\/ca\/wp-json\/wp\/v2\/users\/25"}],"replies":[{"embeddable":true,"href":"https:\/\/www.canons.es\/ca\/wp-json\/wp\/v2\/comments?post=9854"}],"version-history":[{"count":0,"href":"https:\/\/www.canons.es\/ca\/wp-json\/wp\/v2\/pages\/9854\/revisions"}],"up":[{"embeddable":true,"href":"https:\/\/www.canons.es\/ca\/wp-json\/wp\/v2\/pages\/9872"}],"wp:attachment":[{"href":"https:\/\/www.canons.es\/ca\/wp-json\/wp\/v2\/media?parent=9854"}],"curies":[{"name":"wp","href":"https:\/\/api.w.org\/{rel}","templated":true}]}}