{"id":9834,"date":"2015-09-15T14:41:08","date_gmt":"2015-09-15T14:41:08","guid":{"rendered":"https:\/\/www.canons.es\/ca\/miniabdominoplastia-y-abdominoplastia\/"},"modified":"2020-01-29T12:10:39","modified_gmt":"2020-01-29T12:10:39","slug":"miniabdominoplastia-y-abdominoplastia","status":"publish","type":"page","link":"https:\/\/www.canons.es\/ca\/cirurgia-plastica-corporal\/miniabdominoplastia-y-abdominoplastia\/","title":{"rendered":"MiniAbdominopl\u00e0stia i Abdominopl\u00e0stia"},"content":{"rendered":"<div class=\"wpb-content-wrapper\"><p>[vc_row css_animation=&#8221;&#8221; row_type=&#8221;row&#8221; use_row_as_full_screen_section=&#8221;no&#8221; type=&#8221;full_width&#8221; angled_section=&#8221;no&#8221; text_align=&#8221;left&#8221; background_image_as_pattern=&#8221;without_pattern&#8221; background_color=&#8221;#f7f7f7&#8243; section_type=&#8221;full-width&#8221;][vc_column][vc_empty_space height=&#8221;20px&#8221;]<div class=\"custom_font_holder\" style=\"font-family: Raleway; font-size: 35px; line-height: 26px; font-style: normal; font-weight: 300; color: #1e70b3; text-decoration: none; text-align: left;\">MINIABDOMINOPL\u00c0STIA I ABDOMINOPL\u00c0STIA<\/div>[vc_empty_space height=&#8221;40px&#8221;][vc_row_inner row_type=&#8221;row&#8221; type=&#8221;full_width&#8221; text_align=&#8221;left&#8221; css_animation=&#8221;&#8221;][vc_column_inner width=&#8221;1\/2&#8243;][vc_single_image image=&#8221;8128&#8243; img_size=&#8221;full&#8221; alignment=&#8221;center&#8221; qode_css_animation=&#8221;&#8221; css_animation_delay=&#8221;0&#8243;][vc_empty_space height=&#8221;40px&#8221;][\/vc_column_inner][vc_column_inner width=&#8221;1\/2&#8243;][vc_column_text]<\/p>\n<p style=\"text-align: justify;\">Despr\u00e9s d&#8217;una p\u00e8rdua de pes acusada o un embar\u00e0s la pell, els m\u00fasculs abdominals perden la seva tonicitat muscular natural i queden semioberts o oberts \u00edntegrament, la qual cosa provoca l&#8217;acumulaci\u00f3 d&#8217;un exc\u00e9s de pell a la zona de l&#8217;abdomen.<\/p>\n<p style=\"text-align: justify;\">En una Abdominopl\u00e0stia es procedeix a l&#8217;extirpaci\u00f3 de l&#8217;exc\u00e9s cutani i del greix abdominal, amb el que aconseguim la correcci\u00f3 de la flaccidesa muscular.<\/p>\n<p style=\"text-align: justify;\"><strong>Amb la MiniAbdominopl\u00e0stia aconseguir\u00e0s un \u201cefecte planxat\u201c de l&#8217;abdomen, quedant m\u00e9s pla, m\u00e9s ferm i amb una cintura contornejada i m\u00e9s estreta.<\/strong><\/p>\n<p>[\/vc_column_text][\/vc_column_inner][\/vc_row_inner][\/vc_column][\/vc_row][vc_row css_animation=&#8221;&#8221; row_type=&#8221;row&#8221; use_row_as_full_screen_section=&#8221;no&#8221; type=&#8221;full_width&#8221; angled_section=&#8221;no&#8221; text_align=&#8221;left&#8221; background_image_as_pattern=&#8221;without_pattern&#8221; section_type=&#8221;full-width&#8221;][vc_column][vc_empty_space][vc_accordion style=&#8221;accordion&#8221;][vc_accordion_tab title=&#8221;En qu\u00e8 consisteix la MiniAbdominoplastia?&#8221;][vc_column_text]<\/p>\n<p style=\"text-align: justify;\">La MiniAbdominoplastia es realitza en persones que nom\u00e9s tenen acumulaci\u00f3 de greix a la zona sota el melic i distensi\u00f3 abdominal. Consisteix a realitzar una <span style=\"color: #6d98dc;\"><strong>incisi\u00f3 allargada per sobre de la l\u00ednia del pubis<\/strong><\/span>, la qual es difumina amb el borrissol, no ser\u00e0 necess\u00e0ria la incisi\u00f3 al voltant del melic. A trav\u00e9s de la incisi\u00f3 <strong><span style=\"color: #6d98dc;\">s\u2019extreu l\u2019exc\u00e9s cutani i de grasa abdominal estirant la zona abdominal, al mateix temps que es sutura la paret abdominal<\/span>.<\/strong><\/p>\n<p style=\"text-align: justify;\">El procediment medicoquir\u00fargic es realitza mitjan\u00e7ant anest\u00e8sia general i sol durar entre 1 i 2 hores aproximadament, depenent si s\u2019associa amb una\u00a0<a href=\"http:\/\/www.C\u00e0nons Clinics.es\/ca\/lipoescultura-corporal-asistida-por-laser\/\">lipoescultura del contorn corporal<\/a>.<\/p>\n<p style=\"text-align: justify;\">Immediatament despr\u00e9s de la cirurgia es col\u00b7locar\u00e0 una faixa de pressoter\u00e0pia a mida que es refor\u00e7ar\u00e0 amb un embenat compressiu per ajudar que la recuperaci\u00f3 sigui el m\u00e9s r\u00e0pida possible.<\/p>\n<p style=\"text-align: justify;\">La MiniAbdominoplastia <strong><span style=\"color: #6d98dc;\">aconseguir\u00e0 un \u201cefecte planxa\u201d de l\u2019abdomen quedant m\u00e9s pla, m\u00e9s ferm i, una cintura contornejada i m\u00e9s estreta<\/span>.<\/strong><\/p>\n<p>[\/vc_column_text][\/vc_accordion_tab][vc_accordion_tab title=&#8221;En qu\u00e8 consisteix la Abdominopl\u00e0stia?&#8221;][vc_column_text]<\/p>\n<p style=\"text-align: justify;\">La Abdominopl\u00e0stia consisteix en <strong><span style=\"color: #6d98dc;\">l\u2019extirpaci\u00f3 de l\u2019exc\u00e9s cutani, la grasa abdominal i en la correcci\u00f3 de la flaccid\u00e8s muscular<\/span>.<\/strong><\/p>\n<p style=\"text-align: justify;\">Es realitzar\u00e0 una incisi\u00f3 per sobre del pubis que es prolongar\u00e0 en direcci\u00f3 a les caderes. A la vegada, tamb\u00e9 es realitza una segona incisi\u00f3 al voltant del melic, per poder separar-lo dels teixits del voltant.<\/p>\n<p>[\/vc_column_text][vc_empty_space][vc_row_inner row_type=&#8221;row&#8221; type=&#8221;full_width&#8221; text_align=&#8221;left&#8221; css_animation=&#8221;&#8221;][vc_column_inner width=&#8221;1\/3&#8243;][vc_single_image image=&#8221;8120&#8243; qode_css_animation=&#8221;&#8221; img_align=&#8221;right&#8221;][\/vc_column_inner][vc_column_inner width=&#8221;1\/3&#8243;][vc_single_image image=&#8221;8121&#8243; qode_css_animation=&#8221;&#8221; img_align=&#8221;center&#8221;][\/vc_column_inner][vc_column_inner width=&#8221;1\/3&#8243;][vc_single_image image=&#8221;8122&#8243; qode_css_animation=&#8221;&#8221;][\/vc_column_inner][\/vc_row_inner][vc_empty_space][vc_column_text]<\/p>\n<p style=\"text-align: justify;\">A continuaci\u00f3, s\u2019alliberar\u00e0 la pell de la paret abdominal fins arribar a les costelles, exposant els m\u00fasculs abdominals que seguidament es traccionaran cap avall. La musculatura abdominal quedar\u00e0 tibada i unida en la l\u00ednia mitjana mitjan\u00e7ant sutures refor\u00e7ades, proporcionant aix\u00ed una paret abdominal ferma i una cintura m\u00e9s estreta.<\/p>\n<p style=\"text-align: justify;\">La pell separada \u00e9s estirada en direcci\u00f3 al pubis i, l&#8217;exc\u00e9s cutani extirpat. El melic es recol\u00b7locar\u00e0 a la seva nova posici\u00f3. Finalment, es realitzaran les sutures i es col\u00b7locar\u00e0 un embenat compressiu amb una faixa abdominal pressoter\u00e0pica a mida per disminuir el dolor i els hematomes postquir\u00fargics al mateix temps que es col\u00b7locaran uns drenatges temporals per eliminar l\u2019exc\u00e9s de fluids que pugui acumular-se en la zona abdominal.<\/p>\n<p style=\"text-align: justify;\">Freq\u00fcentment, l&#8217;Abdominopl\u00e0stia va associada a una <a href=\"http:\/\/www.C\u00e0nons Clinics.es\/ca\/lipoescultura-corporal-asistida-por-laser\/\">lipoescultura del contorn corporal assistida per L\u00e0ser<\/a>\u00a0per dur a terme un procediment integral del contorn corporal el qual remodelar\u00e0 la silueta corporal harmonitzant la silueta corporal.<\/p>\n<p style=\"text-align: justify;\">Una abdominopl\u00e0stia completa sol durar entre 2 i 3 hores, depenent de la quantitat d\u2019exc\u00e9s de grasa i de pell i, de la musculatura abdominal. Es dur\u00e0 a terme sota anest\u00e8sia general.<\/p>\n<p style=\"text-align: justify;\">Aquest procediment pot reduir dr\u00e0sticament l\u2019aspecte volumin\u00f3s de l\u2019abdomen. A canvi, deixa una cicatriu que, que depenent de l\u2019extensi\u00f3 del problema original i de la cirurgia requerida per corregir, pot ser m\u00e9s o menys llarga.<\/p>\n<p style=\"text-align: justify;\"><strong><span style=\"color: #6d98dc;\">L\u2019Abdominopl\u00e0stia aconseguir\u00e0 un \u201cefecte planxa\u201d de l\u2019abdomen quedant m\u00e9s llis i consistent amb una cintura contornejada i m\u00e9s estreta<\/span>.<\/strong><\/p>\n<p>[\/vc_column_text][\/vc_accordion_tab][vc_accordion_tab title=&#8221;Qui \u00e9s el candidat ideal per sotmetre a una MiniAbdominoplastia oa una Abdominopl\u00e0stia?&#8221;][vc_column_text]<\/p>\n<p style=\"text-align: justify;\">El candidat ideal per sotmetre a una abdominopl\u00e0stia s\u00f3n aquelles dones o homes que tenen una silueta relativament bona, per\u00f2 que estan <strong><span style=\"color: #6d98dc;\">preocupats per l\u2019acumulaci\u00f3 de greix o per l\u2019exc\u00e9s de pell a l\u2019abdomen com tamb\u00e9 de la distensi\u00f3 abdominal i que no millora tot i la dieta o l\u2019exercici f\u00edsic<\/span>.<\/strong><\/p>\n<p style=\"text-align: justify;\">Aquesta cirurgia \u00e9s especialment freq\u00fcent en persones que han tingut augment de pes i, posteriorment una p\u00e8rdua sobtada. Es d\u00f3na en casos de dones que han tingut un o m\u00e9s embarassos, despr\u00e9s dels quals la pell i m\u00fasculs abdominals han perdut la seva tonicitat muscular natural i, han quedat semioberts o, oberts en la seva totalitat. Tamb\u00e9, \u00e9s freq\u00fcent en persones que s\u2019han sotm\u00e8s a cirurgia bari\u00e0trica o, que han patit determinades malalties\u2026<\/p>\n<p style=\"text-align: justify;\">Hauran de posposar la cirurgia aquelles persones que hagin de perdre molt pes, igual que les dones que pretenguin tenir futurs embarassos, ja que durant la cirurgia es tensen els m\u00fasculs verticals de l\u2019abdomen i, poden tornar a relaxar-se en el transcurs d\u2019un altre embar\u00e0s.<\/p>\n<p>[\/vc_column_text][\/vc_accordion_tab][vc_accordion_tab title=&#8221;Com ser\u00e0 la tornada a la normalitat?&#8221;][vc_column_text]<\/p>\n<p style=\"text-align: justify;\"><strong><span style=\"color: #6d98dc;\">Durant els primers dies l\u2019abdomen sol estar una mica inflamat i es poden notar algunes mol\u00e8sties que es controlen amb la pauta d\u2019analg\u00e8sia i antiinflamatoris<\/span>.<\/strong><\/p>\n<p style=\"text-align: justify;\">Depenent de l\u2019extensi\u00f3 de la cirurgia, podr\u00e0s marxar a casa al cap d\u2019un o dos dies. El teu cirurgi\u00e0 pl\u00e0stic et donar\u00e0 instruccions per dutxar-te i, canviar els embenats.<\/p>\n<p style=\"text-align: justify;\">Tot i que al principi no podr\u00e0s estirar-te del tot, haur\u00e0s de comen\u00e7ar a caminar tan aviat com sigui possible. Els punts exteriors de la pell seran retirats entre els 5 i 7 dies. L\u00b4embenat es substituir\u00e0 per una faixa de pressoter\u00e0pia abdominal a mida.<\/p>\n<p style=\"text-align: justify;\">Podr\u00e0s necessitar unes setmanes per tornar a sentir-te com abans. Si el teu estat f\u00edsic previ a la cirurgia era bo, incloent una musculatura abdominal forta, la recuperaci\u00f3 despr\u00e9s de la abdominopl\u00e0stia ser\u00e0 m\u00e9s r\u00e0pida. Podr\u00e0s iniciar exercici f\u00edsic quan t&#8217;indiqui el teu cirurgi\u00e0.<\/p>\n<p style=\"text-align: justify;\">Les cicatrius aniran canviant d\u2019aspecte i coloraci\u00f3 durant els primers 6 mesos fins a l\u2019any de la cirurgia, aproximadament. Generalment, ser\u00e0 a partir dels 9 mesos o, gaireb\u00e9 fins l\u2019any de la cirurgia que la cicatriu s\u2019anir\u00e0 aplanant i, aclarint.<\/p>\n<p style=\"text-align: justify;\"><strong><span style=\"color: #6d98dc;\">La cicatriu de la abdominopl\u00e0stia quedar\u00e0 camuflada sota del bikini o banyador<\/span>.<\/strong><\/p>\n<p>[\/vc_column_text][\/vc_accordion_tab][vc_accordion_tab title=&#8221;Com he de planificar la MiniAbdominopl\u00e0stia o Abdominopl\u00e0stia?&#8221;][vc_column_text]<\/p>\n<p style=\"text-align: justify;\">A la consulta inicial, el teu cirurgi\u00e0 pl\u00e0stic avaluar\u00e0 el teu estat de salut, determinar\u00e0 l\u2019extensi\u00f3 de l\u2019acumulaci\u00f3 de grasa a la zona abdominal i, el grau de tonicitat muscular. No oblidis a esmentar si ets fumador o fumadora, si est\u00e0s prenent alguna medicaci\u00f3 o, vitamines.<\/p>\n<p style=\"text-align: justify;\">Haur\u00e0s d\u2019exposar les teves expectatives de manera sincera i franca, perqu\u00e8 el teu cirurgi\u00e0 pl\u00e0stic et mostri totes les alternatives disponibles per al teu cas en particular, amb els riscs i limitacions de cadascuna d\u2019elles. En qualsevol cas, el teu cirurgi\u00e0 pl\u00e0stic determinar\u00e0 quin ser\u00e0 el procediment adequat en el teu cas.<\/p>\n<p style=\"text-align: justify;\">El teu cirurgi\u00e0 pl\u00e0stic tamb\u00e9 t\u2019explicar\u00e0 quin tipus d\u2019anest\u00e8sia emprar\u00e0 l\u2019anestesista, els dies d\u2019ingr\u00e9s, la necessitat d\u2019ingressar a la cl\u00ednica on es realitzar\u00e0 la cirurgia i, els costos de la intervenci\u00f3.<\/p>\n<p style=\"text-align: justify;\">Tamb\u00e9, et donar\u00e0 instruccions sobre com preparar-te per la cirurgia, incloent les pautes a seguir sobre la presa o supressi\u00f3 de medicaments, vitamines, suplements de ferro, aliments, l\u00edquids i tabac.<\/p>\n<p style=\"text-align: justify;\"><span style=\"color: #6d98dc;\"><strong>Assegura\u2019t, tamb\u00e9 que algun familiar o acompanyant pugui acompanyar-te quan se\u2019t doni l\u2019alta<\/strong><\/span> i que, en cas necessari, puguin ajudar-te uns dies.<\/p>\n<p>[\/vc_column_text][\/vc_accordion_tab][vc_accordion_tab title=&#8221;Quines precaucions haur\u00e9 prendre?&#8221;][vc_column_text]<\/p>\n<p style=\"text-align: justify;\">Amb l\u2019objectiu de limitar el risc de sagnat i hematomes haur\u00e0s d\u2019evitar prendre en els<span style=\"color: #6d98dc;\"><strong> 7 dies previs al procediment<\/strong><\/span> antiagregants plaquetaris com Aspirina, Dipiridamol, Ticlopidina\u2026 com tamb\u00e9, en els 3 dies previs prendre antiinflamatoris no estero\u00efdals amb efecte antiagregant com Ibuprof\u00e8, Diclofenac , Indometacina, Piroxicam, Naprox\u00e8\u2026<\/p>\n<p>[\/vc_column_text][\/vc_accordion_tab][\/vc_accordion][\/vc_column][\/vc_row]<\/p>\n<\/div><!-- AddThis Advanced Settings generic via filter on the_content --><!-- AddThis Share Buttons generic via filter on the_content -->","protected":false},"excerpt":{"rendered":"<p>[vc_row css_animation=&#8221;&#8221; row_type=&#8221;row&#8221; use_row_as_full_screen_section=&#8221;no&#8221; type=&#8221;full_width&#8221; angled_section=&#8221;no&#8221; text_align=&#8221;left&#8221; background_image_as_pattern=&#8221;without_pattern&#8221; background_color=&#8221;#f7f7f7&#8243; section_type=&#8221;full-width&#8221;][vc_column][vc_empty_space height=&#8221;20px&#8221;][vc_empty_space height=&#8221;40px&#8221;][vc_row_inner row_type=&#8221;row&#8221; type=&#8221;full_width&#8221; text_align=&#8221;left&#8221; css_animation=&#8221;&#8221;][vc_column_inner width=&#8221;1\/2&#8243;][vc_single_image image=&#8221;8128&#8243; img_size=&#8221;full&#8221; alignment=&#8221;center&#8221; qode_css_animation=&#8221;&#8221; css_animation_delay=&#8221;0&#8243;][vc_empty_space height=&#8221;40px&#8221;][\/vc_column_inner][vc_column_inner width=&#8221;1\/2&#8243;][vc_column_text] Despr\u00e9s d&#8217;una p\u00e8rdua de pes acusada o un embar\u00e0s la pell, els m\u00fasculs abdominals perden la seva tonicitat muscular natural i&#8230;<!-- AddThis Advanced Settings generic via filter on get_the_excerpt --><!-- AddThis Share Buttons generic via filter on get_the_excerpt --><\/p>\n","protected":false},"author":25,"featured_media":0,"parent":9872,"menu_order":0,"comment_status":"closed","ping_status":"closed","template":"","meta":{"footnotes":""},"class_list":["post-9834","page","type-page","status-publish","hentry"],"yoast_head":"<!-- This site is optimized with the Yoast SEO Premium plugin v26.9 (Yoast SEO v27.5) - https:\/\/yoast.com\/product\/yoast-seo-premium-wordpress\/ -->\n<title>MiniAbdominopl\u00e0stia i Abdominopl\u00e0stia - Cl\u00ednica C\u00e0nons | Cirurgia i Medicina Estetica a Barcelona, \u200b\u200bGranollers<\/title>\n<meta name=\"robots\" content=\"index, follow, max-snippet:-1, max-image-preview:large, max-video-preview:-1\" \/>\n<link rel=\"canonical\" href=\"https:\/\/www.canons.es\/cirugia-plastica-corporal-2\/miniabdominoplastia-y-abdominoplastia\/\" \/>\n<meta property=\"og:locale\" content=\"ca_ES\" \/>\n<meta property=\"og:type\" content=\"article\" \/>\n<meta property=\"og:title\" content=\"MiniAbdominopl\u00e0stia i Abdominopl\u00e0stia\" \/>\n<meta property=\"og:description\" content=\"[vc_row css_animation=&#8221;&#8221; row_type=&#8221;row&#8221; use_row_as_full_screen_section=&#8221;no&#8221; type=&#8221;full_width&#8221; angled_section=&#8221;no&#8221; text_align=&#8221;left&#8221; background_image_as_pattern=&#8221;without_pattern&#8221; background_color=&#8221;#f7f7f7&#8243; section_type=&#8221;full-width&#8221;][vc_column][vc_empty_space height=&#8221;20px&#8221;][vc_empty_space height=&#8221;40px&#8221;][vc_row_inner row_type=&#8221;row&#8221; type=&#8221;full_width&#8221; text_align=&#8221;left&#8221; css_animation=&#8221;&#8221;][vc_column_inner width=&#8221;1\/2&#8243;][vc_single_image image=&#8221;8128&#8243; img_size=&#8221;full&#8221; alignment=&#8221;center&#8221; qode_css_animation=&#8221;&#8221; css_animation_delay=&#8221;0&#8243;][vc_empty_space height=&#8221;40px&#8221;][\/vc_column_inner][vc_column_inner width=&#8221;1\/2&#8243;][vc_column_text] Despr\u00e9s d&#8217;una p\u00e8rdua de pes acusada o un embar\u00e0s la pell, els m\u00fasculs abdominals perden la seva tonicitat muscular natural i...\" \/>\n<meta property=\"og:url\" content=\"https:\/\/www.canons.es\/cirugia-plastica-corporal-2\/miniabdominoplastia-y-abdominoplastia\/\" \/>\n<meta property=\"og:site_name\" content=\"Cl\u00ednica C\u00e0nons | Cirurgia i Medicina Estetica a Barcelona, \u200b\u200bGranollers\" \/>\n<meta property=\"article:publisher\" content=\"https:\/\/www.facebook.com\/canonsclinics\/\" \/>\n<meta property=\"article:modified_time\" content=\"2020-01-29T12:10:39+00:00\" \/>\n<meta name=\"twitter:card\" content=\"summary_large_image\" \/>\n<meta name=\"twitter:site\" content=\"@canonsclinics\" \/>\n<meta name=\"twitter:label1\" content=\"Temps estimat de lectura\" \/>\n\t<meta name=\"twitter:data1\" content=\"8 minuts\" \/>\n<script type=\"application\/ld+json\" class=\"yoast-schema-graph\">{\"@context\":\"https:\\\/\\\/schema.org\",\"@graph\":[{\"@type\":\"WebPage\",\"@id\":\"https:\\\/\\\/www.canons.es\\\/cirugia-plastica-corporal-2\\\/miniabdominoplastia-y-abdominoplastia\\\/\",\"url\":\"https:\\\/\\\/www.canons.es\\\/cirugia-plastica-corporal-2\\\/miniabdominoplastia-y-abdominoplastia\\\/\",\"name\":\"MiniAbdominopl\u00e0stia i Abdominopl\u00e0stia - Cl\u00ednica C\u00e0nons | Cirurgia i Medicina Estetica a Barcelona, \u200b\u200bGranollers\",\"isPartOf\":{\"@id\":\"https:\\\/\\\/www.canons.es\\\/#website\"},\"datePublished\":\"2015-09-15T14:41:08+00:00\",\"dateModified\":\"2020-01-29T12:10:39+00:00\",\"breadcrumb\":{\"@id\":\"https:\\\/\\\/www.canons.es\\\/cirugia-plastica-corporal-2\\\/miniabdominoplastia-y-abdominoplastia\\\/#breadcrumb\"},\"inLanguage\":\"ca\",\"potentialAction\":[{\"@type\":\"ReadAction\",\"target\":[\"https:\\\/\\\/www.canons.es\\\/cirugia-plastica-corporal-2\\\/miniabdominoplastia-y-abdominoplastia\\\/\"]}]},{\"@type\":\"BreadcrumbList\",\"@id\":\"https:\\\/\\\/www.canons.es\\\/cirugia-plastica-corporal-2\\\/miniabdominoplastia-y-abdominoplastia\\\/#breadcrumb\",\"itemListElement\":[{\"@type\":\"ListItem\",\"position\":1,\"name\":\"Portada\",\"item\":\"https:\\\/\\\/www.canons.es\\\/ca\\\/\"},{\"@type\":\"ListItem\",\"position\":2,\"name\":\"CIRURGIA PL\u00c0STICA CORPORAL\",\"item\":\"https:\\\/\\\/www.canons.es\\\/ca\\\/cirurgia-plastica-corporal\\\/\"},{\"@type\":\"ListItem\",\"position\":3,\"name\":\"MiniAbdominopl\u00e0stia i Abdominopl\u00e0stia\"}]},{\"@type\":\"WebSite\",\"@id\":\"https:\\\/\\\/www.canons.es\\\/#website\",\"url\":\"https:\\\/\\\/www.canons.es\\\/\",\"name\":\"Cirug\u00eda Pl\u00e1stica y Est\u00e9tica Barcelona y Granollers | C\u00e0nons Clinics\",\"description\":\"\",\"publisher\":{\"@id\":\"https:\\\/\\\/www.canons.es\\\/#organization\"},\"potentialAction\":[{\"@type\":\"SearchAction\",\"target\":{\"@type\":\"EntryPoint\",\"urlTemplate\":\"https:\\\/\\\/www.canons.es\\\/?s={search_term_string}\"},\"query-input\":{\"@type\":\"PropertyValueSpecification\",\"valueRequired\":true,\"valueName\":\"search_term_string\"}}],\"inLanguage\":\"ca\"},{\"@type\":\"Organization\",\"@id\":\"https:\\\/\\\/www.canons.es\\\/#organization\",\"name\":\"Cirug\u00eda Pl\u00e1stica y Est\u00e9tica Barcelona y Granollers | C\u00e0nons Clinics\",\"url\":\"https:\\\/\\\/www.canons.es\\\/\",\"logo\":{\"@type\":\"ImageObject\",\"inLanguage\":\"ca\",\"@id\":\"https:\\\/\\\/www.canons.es\\\/#\\\/schema\\\/logo\\\/image\\\/\",\"url\":\"https:\\\/\\\/www.canons.es\\\/wp-content\\\/uploads\\\/2025\\\/04\\\/logo-canons-clinics.jpg\",\"contentUrl\":\"https:\\\/\\\/www.canons.es\\\/wp-content\\\/uploads\\\/2025\\\/04\\\/logo-canons-clinics.jpg\",\"width\":600,\"height\":139,\"caption\":\"Cirug\u00eda Pl\u00e1stica y Est\u00e9tica Barcelona y Granollers | C\u00e0nons Clinics\"},\"image\":{\"@id\":\"https:\\\/\\\/www.canons.es\\\/#\\\/schema\\\/logo\\\/image\\\/\"},\"sameAs\":[\"https:\\\/\\\/www.facebook.com\\\/canonsclinics\\\/\",\"https:\\\/\\\/x.com\\\/canonsclinics\",\"https:\\\/\\\/www.instagram.com\\\/canonsclinics\\\/\",\"https:\\\/\\\/www.youtube.com\\\/channel\\\/UCI1Ia6LjALyo1CuQ0_HwtfQ\",\"https:\\\/\\\/www.linkedin.com\\\/company\\\/canons-clinics\\\/\"]}]}<\/script>\n<!-- \/ Yoast SEO Premium plugin. -->","yoast_head_json":{"title":"MiniAbdominopl\u00e0stia i Abdominopl\u00e0stia - Cl\u00ednica C\u00e0nons | Cirurgia i Medicina Estetica a Barcelona, \u200b\u200bGranollers","robots":{"index":"index","follow":"follow","max-snippet":"max-snippet:-1","max-image-preview":"max-image-preview:large","max-video-preview":"max-video-preview:-1"},"canonical":"https:\/\/www.canons.es\/cirugia-plastica-corporal-2\/miniabdominoplastia-y-abdominoplastia\/","og_locale":"ca_ES","og_type":"article","og_title":"MiniAbdominopl\u00e0stia i Abdominopl\u00e0stia","og_description":"[vc_row css_animation=&#8221;&#8221; row_type=&#8221;row&#8221; use_row_as_full_screen_section=&#8221;no&#8221; type=&#8221;full_width&#8221; angled_section=&#8221;no&#8221; text_align=&#8221;left&#8221; background_image_as_pattern=&#8221;without_pattern&#8221; background_color=&#8221;#f7f7f7&#8243; section_type=&#8221;full-width&#8221;][vc_column][vc_empty_space height=&#8221;20px&#8221;][vc_empty_space height=&#8221;40px&#8221;][vc_row_inner row_type=&#8221;row&#8221; type=&#8221;full_width&#8221; text_align=&#8221;left&#8221; css_animation=&#8221;&#8221;][vc_column_inner width=&#8221;1\/2&#8243;][vc_single_image image=&#8221;8128&#8243; img_size=&#8221;full&#8221; alignment=&#8221;center&#8221; qode_css_animation=&#8221;&#8221; css_animation_delay=&#8221;0&#8243;][vc_empty_space height=&#8221;40px&#8221;][\/vc_column_inner][vc_column_inner width=&#8221;1\/2&#8243;][vc_column_text] Despr\u00e9s d&#8217;una p\u00e8rdua de pes acusada o un embar\u00e0s la pell, els m\u00fasculs abdominals perden la seva tonicitat muscular natural i...","og_url":"https:\/\/www.canons.es\/cirugia-plastica-corporal-2\/miniabdominoplastia-y-abdominoplastia\/","og_site_name":"Cl\u00ednica C\u00e0nons | Cirurgia i Medicina Estetica a Barcelona, \u200b\u200bGranollers","article_publisher":"https:\/\/www.facebook.com\/canonsclinics\/","article_modified_time":"2020-01-29T12:10:39+00:00","twitter_card":"summary_large_image","twitter_site":"@canonsclinics","twitter_misc":{"Temps estimat de lectura":"8 minuts"},"schema":{"@context":"https:\/\/schema.org","@graph":[{"@type":"WebPage","@id":"https:\/\/www.canons.es\/cirugia-plastica-corporal-2\/miniabdominoplastia-y-abdominoplastia\/","url":"https:\/\/www.canons.es\/cirugia-plastica-corporal-2\/miniabdominoplastia-y-abdominoplastia\/","name":"MiniAbdominopl\u00e0stia i Abdominopl\u00e0stia - Cl\u00ednica C\u00e0nons | Cirurgia i Medicina Estetica a Barcelona, \u200b\u200bGranollers","isPartOf":{"@id":"https:\/\/www.canons.es\/#website"},"datePublished":"2015-09-15T14:41:08+00:00","dateModified":"2020-01-29T12:10:39+00:00","breadcrumb":{"@id":"https:\/\/www.canons.es\/cirugia-plastica-corporal-2\/miniabdominoplastia-y-abdominoplastia\/#breadcrumb"},"inLanguage":"ca","potentialAction":[{"@type":"ReadAction","target":["https:\/\/www.canons.es\/cirugia-plastica-corporal-2\/miniabdominoplastia-y-abdominoplastia\/"]}]},{"@type":"BreadcrumbList","@id":"https:\/\/www.canons.es\/cirugia-plastica-corporal-2\/miniabdominoplastia-y-abdominoplastia\/#breadcrumb","itemListElement":[{"@type":"ListItem","position":1,"name":"Portada","item":"https:\/\/www.canons.es\/ca\/"},{"@type":"ListItem","position":2,"name":"CIRURGIA PL\u00c0STICA CORPORAL","item":"https:\/\/www.canons.es\/ca\/cirurgia-plastica-corporal\/"},{"@type":"ListItem","position":3,"name":"MiniAbdominopl\u00e0stia i Abdominopl\u00e0stia"}]},{"@type":"WebSite","@id":"https:\/\/www.canons.es\/#website","url":"https:\/\/www.canons.es\/","name":"Cirug\u00eda Pl\u00e1stica y Est\u00e9tica Barcelona y Granollers | C\u00e0nons Clinics","description":"","publisher":{"@id":"https:\/\/www.canons.es\/#organization"},"potentialAction":[{"@type":"SearchAction","target":{"@type":"EntryPoint","urlTemplate":"https:\/\/www.canons.es\/?s={search_term_string}"},"query-input":{"@type":"PropertyValueSpecification","valueRequired":true,"valueName":"search_term_string"}}],"inLanguage":"ca"},{"@type":"Organization","@id":"https:\/\/www.canons.es\/#organization","name":"Cirug\u00eda Pl\u00e1stica y Est\u00e9tica Barcelona y Granollers | C\u00e0nons Clinics","url":"https:\/\/www.canons.es\/","logo":{"@type":"ImageObject","inLanguage":"ca","@id":"https:\/\/www.canons.es\/#\/schema\/logo\/image\/","url":"https:\/\/www.canons.es\/wp-content\/uploads\/2025\/04\/logo-canons-clinics.jpg","contentUrl":"https:\/\/www.canons.es\/wp-content\/uploads\/2025\/04\/logo-canons-clinics.jpg","width":600,"height":139,"caption":"Cirug\u00eda Pl\u00e1stica y Est\u00e9tica Barcelona y Granollers | C\u00e0nons Clinics"},"image":{"@id":"https:\/\/www.canons.es\/#\/schema\/logo\/image\/"},"sameAs":["https:\/\/www.facebook.com\/canonsclinics\/","https:\/\/x.com\/canonsclinics","https:\/\/www.instagram.com\/canonsclinics\/","https:\/\/www.youtube.com\/channel\/UCI1Ia6LjALyo1CuQ0_HwtfQ","https:\/\/www.linkedin.com\/company\/canons-clinics\/"]}]}},"_links":{"self":[{"href":"https:\/\/www.canons.es\/ca\/wp-json\/wp\/v2\/pages\/9834","targetHints":{"allow":["GET"]}}],"collection":[{"href":"https:\/\/www.canons.es\/ca\/wp-json\/wp\/v2\/pages"}],"about":[{"href":"https:\/\/www.canons.es\/ca\/wp-json\/wp\/v2\/types\/page"}],"author":[{"embeddable":true,"href":"https:\/\/www.canons.es\/ca\/wp-json\/wp\/v2\/users\/25"}],"replies":[{"embeddable":true,"href":"https:\/\/www.canons.es\/ca\/wp-json\/wp\/v2\/comments?post=9834"}],"version-history":[{"count":0,"href":"https:\/\/www.canons.es\/ca\/wp-json\/wp\/v2\/pages\/9834\/revisions"}],"up":[{"embeddable":true,"href":"https:\/\/www.canons.es\/ca\/wp-json\/wp\/v2\/pages\/9872"}],"wp:attachment":[{"href":"https:\/\/www.canons.es\/ca\/wp-json\/wp\/v2\/media?parent=9834"}],"curies":[{"name":"wp","href":"https:\/\/api.w.org\/{rel}","templated":true}]}}