{"id":9806,"date":"2015-09-15T11:55:45","date_gmt":"2015-09-15T11:55:45","guid":{"rendered":"https:\/\/www.canons.es\/ca\/ginecomastia\/"},"modified":"2020-01-29T12:52:58","modified_gmt":"2020-01-29T12:52:58","slug":"ginecomastia","status":"publish","type":"page","link":"https:\/\/www.canons.es\/ca\/cirurgia-plastica-corporal\/ginecomastia\/","title":{"rendered":"Ginecom\u00e0stia"},"content":{"rendered":"<div class=\"wpb-content-wrapper\"><p>[vc_row css_animation=&#8221;&#8221; row_type=&#8221;row&#8221; use_row_as_full_screen_section=&#8221;no&#8221; type=&#8221;full_width&#8221; angled_section=&#8221;no&#8221; text_align=&#8221;left&#8221; background_image_as_pattern=&#8221;without_pattern&#8221; background_color=&#8221;#f7f7f7&#8243; section_type=&#8221;full-width&#8221;][vc_column][vc_empty_space height=&#8221;20px&#8221;]<div class=\"custom_font_holder\" style=\"font-family: Raleway; font-size: 35px; line-height: 26px; font-style: normal; font-weight: 300; color: #1e70b3; text-decoration: none; text-align: left;\">GINECOM\u00c0STIA<\/div>[vc_empty_space height=&#8221;40px&#8221;][vc_row_inner row_type=&#8221;row&#8221; type=&#8221;full_width&#8221; text_align=&#8221;left&#8221; css_animation=&#8221;&#8221;][vc_column_inner width=&#8221;1\/2&#8243;][vc_single_image image=&#8221;8104&#8243; img_size=&#8221;full&#8221; alignment=&#8221;center&#8221; qode_css_animation=&#8221;&#8221;][vc_empty_space height=&#8221;40px&#8221;][\/vc_column_inner][vc_column_inner width=&#8221;1\/2&#8243;][vc_column_text]<\/p>\n<p style=\"text-align: justify;\">Aquest procediment quir\u00fargic <strong>lipoaspira l&#8217;exc\u00e9s de greix de la gl\u00e0ndula mam\u00e0ria, permetent una remodelaci\u00f3 de les mames masculines. <\/strong>El principal avantatge d&#8217;aquesta nova t\u00e8cnica \u00e9s que s&#8217;aconsegueix<strong> una remodelaci\u00f3 corporal m\u00e9s precisa i major que l&#8217;aconseguida amb la cl\u00e0ssica liposucci\u00f3 profunda.<\/strong><\/p>\n<p>[\/vc_column_text][\/vc_column_inner][\/vc_row_inner][\/vc_column][\/vc_row][vc_row css_animation=&#8221;&#8221; row_type=&#8221;row&#8221; use_row_as_full_screen_section=&#8221;no&#8221; type=&#8221;full_width&#8221; angled_section=&#8221;no&#8221; text_align=&#8221;left&#8221; background_image_as_pattern=&#8221;without_pattern&#8221; section_type=&#8221;full-width&#8221;][vc_column][vc_empty_space][vc_accordion style=&#8221;accordion&#8221;][vc_accordion_tab title=&#8221;En qu\u00e8 consisteix la Ginecom\u00e0stia?&#8221;][vc_column_text]<\/p>\n<p style=\"text-align: justify;\">Es tracta d\u2019una cirurgia molt senzilla, que<span style=\"color: #6d98dc;\"><strong> et permetr\u00e0 reincorporar al teu ritme de vida habitual en 24 \u2013 48 h.<\/strong><\/span>, aproximadament. La pr\u00e0ctica d\u2019una mamografia ens aclarir\u00e0 del predomini de la ginecom\u00e0stia i, conseq\u00fcentment de la t\u00e8cnica a emprar.<\/p>\n<p style=\"text-align: justify;\">Es realitza mitjan\u00e7ant Lipoaspiraci\u00f3 assistida per L\u00e0ser. <strong><span style=\"color: #6d98dc;\">L\u2019exc\u00e9s de greix i \/ o gl\u00e0ndula mam\u00e0ria de manera que s\u2019extreu el greix i \/ o la gl\u00e0ndula permetent una remodelaci\u00f3 de les mames masculines i retracci\u00f3 del teixit gr\u00e0cies a l\u2019augment de temperatura subcut\u00e0nia que produeix el l\u00e0ser quir\u00fargic<\/span>.<\/strong><\/p>\n<p style=\"text-align: justify;\">El principal avantatge d\u2019aquesta nova t\u00e8cnica \u00e9s que s\u2019aconsegueix una remodelaci\u00f3 corporal m\u00e9s precisa i m\u00e9s que l\u2019aconseguida amb la liposucci\u00f3 tradicional.<\/p>\n<p style=\"text-align: justify;\">Consisteix a realitzar una petita incisi\u00f3 just sota el mugr\u00f3 a tractar per on s\u2019introdueix simult\u00e0niament una llum l\u00e0ser i una c\u00e0nula fin\u00edssima de liposucci\u00f3 per aspirar l\u2019exc\u00e9s de greix i \/ o gl\u00e0ndula mam\u00e0ria.<\/p>\n<p style=\"text-align: justify;\">At\u00e8s que la c\u00e0nula que s\u2019introdueix \u00e9s molt fina, les incisions s\u00f3n m\u00ednimes les quals desapareixeran tan aviat baixi la inflamaci\u00f3 de la zona de manera que les cicatrius seran pr\u00e0cticament imperceptibles al pas del temps.<\/p>\n<p style=\"text-align: justify;\">La principal novetat d\u2019aquesta t\u00e8cnica rau en la caracter\u00edstica que en el moment que es realitza la liposucci\u00f3 del greix corporal simult\u00e0niament s\u2019est\u00e0 tractant la zona lipoaspirada amb l\u00e0ser. El l\u00e0ser t\u00e9 la caracter\u00edstica de retreure l\u2019epidermis, estimular el col\u00b7l\u00e0gen subcutani i coagular els vasos sanguinis que sagnen durant la liposucci\u00f3.<\/p>\n<p style=\"text-align: justify;\">La Liposucci\u00f3 assistida per L\u00e0ser de la Ginecom\u00e0stia es fa de manera ambulat\u00f2ria i, sol realitzar amb anest\u00e8sia local o sedaci\u00f3. Per tant, si no hi ha inconvenients el mateix dia es d\u00f3na l\u2019alta.<\/p>\n<p style=\"text-align: justify;\">La durada sol oscil\u00b7lar entre 1 i 2 hores, el temps \u00e9s variable depenent de l\u2019\u00e0rea a tractar.<\/p>\n<p style=\"text-align: justify;\">En finalitzar la intervenci\u00f3 es col\u00b7locar\u00e0 una pe\u00e7a de pressoter\u00e0pia sobre la zona lipoaspirada que haur\u00e0s de dur fins que el teu cirurgi\u00e0 t\u2019indiqui.<\/p>\n<p>[\/vc_column_text][\/vc_accordion_tab][vc_accordion_tab title=&#8221;Qui \u00e9s el candidat ideal per sotmetre a una Ginecom\u00e0stia?&#8221;][vc_column_text]<\/p>\n<p style=\"text-align: justify;\">Els tres casos on es determinen els candidats ideals per sotmetre a una ginecom\u00e0stia, serien en primer lloc la diagnosticada com a <span style=\"color: #6d98dc;\"><strong>Ginecom\u00e0stia Fisiol\u00f2gica<\/strong><\/span> la qual s\u2019ent\u00e9n per la condici\u00f3 que es presenta en l\u2019home, generalment durant l\u2019adolesc\u00e8ncia i que es caracteritza per la pres\u00e8ncia de teixit glandular mamari engrandit, unilateral o bilateral, hipersensible i que creix gradualment. Tamb\u00e9, es pot donar en gent gran i adults, sense causa determinada.<\/p>\n<p style=\"text-align: justify;\">Tamb\u00e9, es pot dur a terme per l\u2019exist\u00e8ncia d\u2019una Ginecom\u00e0stia Patol\u00f2gica la qual es caracteritza per la pres\u00e8ncia de teixit glandular mamari major de 4 cm. de di\u00e0metre, hipersensible i gradualment aumentat sense causes fisiol\u00f2giques.<\/p>\n<p style=\"text-align: justify;\">Finalment, els candidats que tamb\u00e9 serien ideals per sotmetre a una ginecom\u00e0stia serien els diagnosticats de Pseudoginecom\u00e0stia en la qual es produeix un augment del greix mam\u00e0ria sense hipertr\u00f2fia glandular.<\/p>\n<p>[\/vc_column_text][\/vc_accordion_tab][vc_accordion_tab title=&#8221;En qu\u00e8 es diferencia la lipoaspiraci\u00f3 de Ginecom\u00e0stia assistida per l\u00e0ser amb la Liposucci\u00f3 Tradicional?&#8221;][vc_column_text]<\/p>\n<p style=\"text-align: justify;\">La Lipoescultura assistida amb L\u00e0ser <span style=\"color: #6d98dc;\"><strong>extraiem el greix superficial deixant un penjoll fi i lleuger que es retreu, al mateix temps gr\u00e0cies a la calor que despr\u00e8n el L\u00e0ser estimula la s\u00edntesi de col\u00b7l\u00e0gen i elastina de les capes subcut\u00e0nies<\/strong><\/span>, creant aix\u00ed noves corbes i volums emfatitzant al m\u00e0xim la propietat de retracci\u00f3 de la pell, a la vegada que coagula els vasos sanguinis de les zones tractades.<\/p>\n<p style=\"text-align: justify;\">En canvi, la liposucci\u00f3 tradicional deixa un penjoll cutani adip\u00f3s massa gruixut i pesat que pot despenjar la pell de la zona tractada.<\/p>\n<p>[\/vc_column_text][\/vc_accordion_tab][vc_accordion_tab title=&#8221;Com ser\u00e0 la tornada a la normalitat?&#8221;][vc_column_text]<\/p>\n<p style=\"text-align: justify;\"><strong><span style=\"color: #6d98dc;\">\u00c9s freq\u00fcent que apareguin petits hematomes i inflamaci\u00f3 a la zona lipoaspirada<\/span>.<\/strong> Aquests efectes postquir\u00fargics no s\u00f3n molestos. El dolor \u00e9s molt superficial i es podran tractar perfectament amb analg\u00e8sics i antiinflamatoris.<\/p>\n<p style=\"text-align: justify;\">\u00c9s important que durant les primeres 24 hores facis rep\u00f2s relatiu, et posis fred local i que segueixis tota la pauta analg\u00e8sica i antiinflamat\u00f2ria que t\u2019indicar\u00e0 el teu cirurgi\u00e0 pl\u00e0stic.<\/p>\n<p style=\"text-align: justify;\">En finalitzar la intervenci\u00f3 es col\u00b7locar\u00e0 una ermilla de pressoter\u00e0pia a mida\u00a0sobre la zona lipoaspirada que haur\u00e0s de portar durant un mes, aproximadament.<\/p>\n<p style=\"text-align: justify;\">Tamb\u00e9, haur\u00e0s de portar una pe\u00e7a de pressoter\u00e0pia personalitzades a almenys tres setmanes per obtenir una bona readaptaci\u00f3 cut\u00e0nia i disminuir els signes inflamatoris. Bona part de l\u2019\u00e8xit de tota cirurgia dep\u00e8n de la cura postoperatori.<\/p>\n<p style=\"text-align: justify;\">A m\u00e9s, a C\u00e0nons Clinics, centres especialitzats en Cirurgia i Medicina Est\u00e8tica complementem la Ginecom\u00e0stia mitjan\u00e7ant liposucci\u00f3 assistida per l\u00e0ser amb drenatges limf\u00e0tics manuals i massatges espec\u00edfics reafirmants, anticel\u00b7lul\u00edtics\u2026 amb l\u2019objectiu d\u2019escur\u00e7ar el per\u00edode postquir\u00fargic i, tornar ben aviat a la normalitat del dia a dia.<\/p>\n<p>[\/vc_column_text][\/vc_accordion_tab][vc_accordion_tab title=&#8221;Com he de planificar la Ginecom\u00e0stia?&#8221;][vc_column_text]<\/p>\n<p style=\"text-align: justify;\">El teu cirurgi\u00e0 et donar\u00e0 instruccions sobre com preparar-te per la cirurgia, incloent les pautes a seguir sobre la presa o supressi\u00f3 de medicaments, vitamines, suplements de ferro, aliments, l\u00edquids i tabac.<\/p>\n<p style=\"text-align: justify;\"><span style=\"color: #6d98dc;\"><strong>Assegura\u2019t, tamb\u00e9 que algun familiar o acompanyant pugui acompanyar-te quan se\u2019t doni l\u2019alta<\/strong><\/span> i que, en cas necessari, puguin ajudar-te un parell de dies.<\/p>\n<p>[\/vc_column_text][\/vc_accordion_tab][vc_accordion_tab title=&#8221;Quines precaucions haur\u00e9 prendre?&#8221;][vc_column_text]<\/p>\n<p style=\"text-align: justify;\">Amb l\u2019objectiu de limitar el risc de sagnat i hematomes haur\u00e0s d\u2019evitar prendre en els <span style=\"color: #6d98dc;\"><strong>7 dies previs al procediment<\/strong> <\/span>antiagregants plaquetaris com Aspirina, Dipiridamol, Ticlopidina\u2026 com tamb\u00e9, en els 3 dies previs prendre antiinflamatoris no estero\u00efdals amb efecte antiagregant com ibuprof\u00e8, Diclofenac, Indometacina, Piroxicam, Naprox\u00e8\u2026<\/p>\n<p>[\/vc_column_text][\/vc_accordion_tab][\/vc_accordion][\/vc_column][\/vc_row]<\/p>\n<\/div><!-- AddThis Advanced Settings generic via filter on the_content --><!-- AddThis Share Buttons generic via filter on the_content -->","protected":false},"excerpt":{"rendered":"<p>[vc_row css_animation=&#8221;&#8221; row_type=&#8221;row&#8221; use_row_as_full_screen_section=&#8221;no&#8221; type=&#8221;full_width&#8221; angled_section=&#8221;no&#8221; text_align=&#8221;left&#8221; background_image_as_pattern=&#8221;without_pattern&#8221; background_color=&#8221;#f7f7f7&#8243; section_type=&#8221;full-width&#8221;][vc_column][vc_empty_space height=&#8221;20px&#8221;][vc_empty_space height=&#8221;40px&#8221;][vc_row_inner row_type=&#8221;row&#8221; type=&#8221;full_width&#8221; text_align=&#8221;left&#8221; css_animation=&#8221;&#8221;][vc_column_inner width=&#8221;1\/2&#8243;][vc_single_image image=&#8221;8104&#8243; img_size=&#8221;full&#8221; alignment=&#8221;center&#8221; qode_css_animation=&#8221;&#8221;][vc_empty_space height=&#8221;40px&#8221;][\/vc_column_inner][vc_column_inner width=&#8221;1\/2&#8243;][vc_column_text] Aquest procediment quir\u00fargic lipoaspira l&#8217;exc\u00e9s de greix de la gl\u00e0ndula mam\u00e0ria, permetent una remodelaci\u00f3 de les mames masculines. El principal avantatge d&#8217;aquesta&#8230;<!-- AddThis Advanced Settings generic via filter on get_the_excerpt --><!-- AddThis Share Buttons generic via filter on get_the_excerpt --><\/p>\n","protected":false},"author":25,"featured_media":0,"parent":9872,"menu_order":0,"comment_status":"closed","ping_status":"closed","template":"","meta":{"footnotes":""},"class_list":["post-9806","page","type-page","status-publish","hentry"],"yoast_head":"<!-- This site is optimized with the Yoast SEO Premium plugin v26.9 (Yoast SEO v27.4) - https:\/\/yoast.com\/product\/yoast-seo-premium-wordpress\/ -->\n<title>Ginecom\u00e0stia - Cl\u00ednica C\u00e0nons | Cirurgia i Medicina Estetica a Barcelona, \u200b\u200bGranollers<\/title>\n<meta name=\"robots\" content=\"index, follow, max-snippet:-1, max-image-preview:large, max-video-preview:-1\" \/>\n<link rel=\"canonical\" href=\"https:\/\/www.canons.es\/cirugia-plastica-corporal-2\/ginecomastia\/\" \/>\n<meta property=\"og:locale\" content=\"ca_ES\" \/>\n<meta property=\"og:type\" content=\"article\" \/>\n<meta property=\"og:title\" content=\"Ginecom\u00e0stia\" \/>\n<meta property=\"og:description\" content=\"[vc_row css_animation=&#8221;&#8221; row_type=&#8221;row&#8221; use_row_as_full_screen_section=&#8221;no&#8221; type=&#8221;full_width&#8221; angled_section=&#8221;no&#8221; text_align=&#8221;left&#8221; background_image_as_pattern=&#8221;without_pattern&#8221; background_color=&#8221;#f7f7f7&#8243; section_type=&#8221;full-width&#8221;][vc_column][vc_empty_space height=&#8221;20px&#8221;][vc_empty_space height=&#8221;40px&#8221;][vc_row_inner row_type=&#8221;row&#8221; type=&#8221;full_width&#8221; text_align=&#8221;left&#8221; css_animation=&#8221;&#8221;][vc_column_inner width=&#8221;1\/2&#8243;][vc_single_image image=&#8221;8104&#8243; img_size=&#8221;full&#8221; alignment=&#8221;center&#8221; qode_css_animation=&#8221;&#8221;][vc_empty_space height=&#8221;40px&#8221;][\/vc_column_inner][vc_column_inner width=&#8221;1\/2&#8243;][vc_column_text] Aquest procediment quir\u00fargic lipoaspira l&#8217;exc\u00e9s de greix de la gl\u00e0ndula mam\u00e0ria, permetent una remodelaci\u00f3 de les mames masculines. El principal avantatge d&#8217;aquesta...\" \/>\n<meta property=\"og:url\" content=\"https:\/\/www.canons.es\/cirugia-plastica-corporal-2\/ginecomastia\/\" \/>\n<meta property=\"og:site_name\" content=\"Cl\u00ednica C\u00e0nons | Cirurgia i Medicina Estetica a Barcelona, \u200b\u200bGranollers\" \/>\n<meta property=\"article:publisher\" content=\"https:\/\/www.facebook.com\/canonsclinics\/\" \/>\n<meta property=\"article:modified_time\" content=\"2020-01-29T12:52:58+00:00\" \/>\n<meta name=\"twitter:card\" content=\"summary_large_image\" \/>\n<meta name=\"twitter:site\" content=\"@canonsclinics\" \/>\n<meta name=\"twitter:label1\" content=\"Temps estimat de lectura\" \/>\n\t<meta name=\"twitter:data1\" content=\"6 minuts\" \/>\n<script type=\"application\/ld+json\" class=\"yoast-schema-graph\">{\"@context\":\"https:\\\/\\\/schema.org\",\"@graph\":[{\"@type\":\"WebPage\",\"@id\":\"https:\\\/\\\/www.canons.es\\\/cirugia-plastica-corporal-2\\\/ginecomastia\\\/\",\"url\":\"https:\\\/\\\/www.canons.es\\\/cirugia-plastica-corporal-2\\\/ginecomastia\\\/\",\"name\":\"Ginecom\u00e0stia - Cl\u00ednica C\u00e0nons | Cirurgia i Medicina Estetica a Barcelona, \u200b\u200bGranollers\",\"isPartOf\":{\"@id\":\"https:\\\/\\\/www.canons.es\\\/#website\"},\"datePublished\":\"2015-09-15T11:55:45+00:00\",\"dateModified\":\"2020-01-29T12:52:58+00:00\",\"breadcrumb\":{\"@id\":\"https:\\\/\\\/www.canons.es\\\/cirugia-plastica-corporal-2\\\/ginecomastia\\\/#breadcrumb\"},\"inLanguage\":\"ca\",\"potentialAction\":[{\"@type\":\"ReadAction\",\"target\":[\"https:\\\/\\\/www.canons.es\\\/cirugia-plastica-corporal-2\\\/ginecomastia\\\/\"]}]},{\"@type\":\"BreadcrumbList\",\"@id\":\"https:\\\/\\\/www.canons.es\\\/cirugia-plastica-corporal-2\\\/ginecomastia\\\/#breadcrumb\",\"itemListElement\":[{\"@type\":\"ListItem\",\"position\":1,\"name\":\"Portada\",\"item\":\"https:\\\/\\\/www.canons.es\\\/ca\\\/\"},{\"@type\":\"ListItem\",\"position\":2,\"name\":\"CIRURGIA PL\u00c0STICA CORPORAL\",\"item\":\"https:\\\/\\\/www.canons.es\\\/ca\\\/cirurgia-plastica-corporal\\\/\"},{\"@type\":\"ListItem\",\"position\":3,\"name\":\"Ginecom\u00e0stia\"}]},{\"@type\":\"WebSite\",\"@id\":\"https:\\\/\\\/www.canons.es\\\/#website\",\"url\":\"https:\\\/\\\/www.canons.es\\\/\",\"name\":\"Cirug\u00eda Pl\u00e1stica y Est\u00e9tica Barcelona y Granollers | C\u00e0nons Clinics\",\"description\":\"\",\"publisher\":{\"@id\":\"https:\\\/\\\/www.canons.es\\\/#organization\"},\"potentialAction\":[{\"@type\":\"SearchAction\",\"target\":{\"@type\":\"EntryPoint\",\"urlTemplate\":\"https:\\\/\\\/www.canons.es\\\/?s={search_term_string}\"},\"query-input\":{\"@type\":\"PropertyValueSpecification\",\"valueRequired\":true,\"valueName\":\"search_term_string\"}}],\"inLanguage\":\"ca\"},{\"@type\":\"Organization\",\"@id\":\"https:\\\/\\\/www.canons.es\\\/#organization\",\"name\":\"Cirug\u00eda Pl\u00e1stica y Est\u00e9tica Barcelona y Granollers | C\u00e0nons Clinics\",\"url\":\"https:\\\/\\\/www.canons.es\\\/\",\"logo\":{\"@type\":\"ImageObject\",\"inLanguage\":\"ca\",\"@id\":\"https:\\\/\\\/www.canons.es\\\/#\\\/schema\\\/logo\\\/image\\\/\",\"url\":\"https:\\\/\\\/www.canons.es\\\/wp-content\\\/uploads\\\/2025\\\/04\\\/logo-canons-clinics.jpg\",\"contentUrl\":\"https:\\\/\\\/www.canons.es\\\/wp-content\\\/uploads\\\/2025\\\/04\\\/logo-canons-clinics.jpg\",\"width\":600,\"height\":139,\"caption\":\"Cirug\u00eda Pl\u00e1stica y Est\u00e9tica Barcelona y Granollers | C\u00e0nons Clinics\"},\"image\":{\"@id\":\"https:\\\/\\\/www.canons.es\\\/#\\\/schema\\\/logo\\\/image\\\/\"},\"sameAs\":[\"https:\\\/\\\/www.facebook.com\\\/canonsclinics\\\/\",\"https:\\\/\\\/x.com\\\/canonsclinics\",\"https:\\\/\\\/www.instagram.com\\\/canonsclinics\\\/\",\"https:\\\/\\\/www.youtube.com\\\/channel\\\/UCI1Ia6LjALyo1CuQ0_HwtfQ\",\"https:\\\/\\\/www.linkedin.com\\\/company\\\/canons-clinics\\\/\"]}]}<\/script>\n<!-- \/ Yoast SEO Premium plugin. -->","yoast_head_json":{"title":"Ginecom\u00e0stia - Cl\u00ednica C\u00e0nons | Cirurgia i Medicina Estetica a Barcelona, \u200b\u200bGranollers","robots":{"index":"index","follow":"follow","max-snippet":"max-snippet:-1","max-image-preview":"max-image-preview:large","max-video-preview":"max-video-preview:-1"},"canonical":"https:\/\/www.canons.es\/cirugia-plastica-corporal-2\/ginecomastia\/","og_locale":"ca_ES","og_type":"article","og_title":"Ginecom\u00e0stia","og_description":"[vc_row css_animation=&#8221;&#8221; row_type=&#8221;row&#8221; use_row_as_full_screen_section=&#8221;no&#8221; type=&#8221;full_width&#8221; angled_section=&#8221;no&#8221; text_align=&#8221;left&#8221; background_image_as_pattern=&#8221;without_pattern&#8221; background_color=&#8221;#f7f7f7&#8243; section_type=&#8221;full-width&#8221;][vc_column][vc_empty_space height=&#8221;20px&#8221;][vc_empty_space height=&#8221;40px&#8221;][vc_row_inner row_type=&#8221;row&#8221; type=&#8221;full_width&#8221; text_align=&#8221;left&#8221; css_animation=&#8221;&#8221;][vc_column_inner width=&#8221;1\/2&#8243;][vc_single_image image=&#8221;8104&#8243; img_size=&#8221;full&#8221; alignment=&#8221;center&#8221; qode_css_animation=&#8221;&#8221;][vc_empty_space height=&#8221;40px&#8221;][\/vc_column_inner][vc_column_inner width=&#8221;1\/2&#8243;][vc_column_text] Aquest procediment quir\u00fargic lipoaspira l&#8217;exc\u00e9s de greix de la gl\u00e0ndula mam\u00e0ria, permetent una remodelaci\u00f3 de les mames masculines. El principal avantatge d&#8217;aquesta...","og_url":"https:\/\/www.canons.es\/cirugia-plastica-corporal-2\/ginecomastia\/","og_site_name":"Cl\u00ednica C\u00e0nons | Cirurgia i Medicina Estetica a Barcelona, \u200b\u200bGranollers","article_publisher":"https:\/\/www.facebook.com\/canonsclinics\/","article_modified_time":"2020-01-29T12:52:58+00:00","twitter_card":"summary_large_image","twitter_site":"@canonsclinics","twitter_misc":{"Temps estimat de lectura":"6 minuts"},"schema":{"@context":"https:\/\/schema.org","@graph":[{"@type":"WebPage","@id":"https:\/\/www.canons.es\/cirugia-plastica-corporal-2\/ginecomastia\/","url":"https:\/\/www.canons.es\/cirugia-plastica-corporal-2\/ginecomastia\/","name":"Ginecom\u00e0stia - Cl\u00ednica C\u00e0nons | Cirurgia i Medicina Estetica a Barcelona, \u200b\u200bGranollers","isPartOf":{"@id":"https:\/\/www.canons.es\/#website"},"datePublished":"2015-09-15T11:55:45+00:00","dateModified":"2020-01-29T12:52:58+00:00","breadcrumb":{"@id":"https:\/\/www.canons.es\/cirugia-plastica-corporal-2\/ginecomastia\/#breadcrumb"},"inLanguage":"ca","potentialAction":[{"@type":"ReadAction","target":["https:\/\/www.canons.es\/cirugia-plastica-corporal-2\/ginecomastia\/"]}]},{"@type":"BreadcrumbList","@id":"https:\/\/www.canons.es\/cirugia-plastica-corporal-2\/ginecomastia\/#breadcrumb","itemListElement":[{"@type":"ListItem","position":1,"name":"Portada","item":"https:\/\/www.canons.es\/ca\/"},{"@type":"ListItem","position":2,"name":"CIRURGIA PL\u00c0STICA CORPORAL","item":"https:\/\/www.canons.es\/ca\/cirurgia-plastica-corporal\/"},{"@type":"ListItem","position":3,"name":"Ginecom\u00e0stia"}]},{"@type":"WebSite","@id":"https:\/\/www.canons.es\/#website","url":"https:\/\/www.canons.es\/","name":"Cirug\u00eda Pl\u00e1stica y Est\u00e9tica Barcelona y Granollers | C\u00e0nons Clinics","description":"","publisher":{"@id":"https:\/\/www.canons.es\/#organization"},"potentialAction":[{"@type":"SearchAction","target":{"@type":"EntryPoint","urlTemplate":"https:\/\/www.canons.es\/?s={search_term_string}"},"query-input":{"@type":"PropertyValueSpecification","valueRequired":true,"valueName":"search_term_string"}}],"inLanguage":"ca"},{"@type":"Organization","@id":"https:\/\/www.canons.es\/#organization","name":"Cirug\u00eda Pl\u00e1stica y Est\u00e9tica Barcelona y Granollers | C\u00e0nons Clinics","url":"https:\/\/www.canons.es\/","logo":{"@type":"ImageObject","inLanguage":"ca","@id":"https:\/\/www.canons.es\/#\/schema\/logo\/image\/","url":"https:\/\/www.canons.es\/wp-content\/uploads\/2025\/04\/logo-canons-clinics.jpg","contentUrl":"https:\/\/www.canons.es\/wp-content\/uploads\/2025\/04\/logo-canons-clinics.jpg","width":600,"height":139,"caption":"Cirug\u00eda Pl\u00e1stica y Est\u00e9tica Barcelona y Granollers | C\u00e0nons Clinics"},"image":{"@id":"https:\/\/www.canons.es\/#\/schema\/logo\/image\/"},"sameAs":["https:\/\/www.facebook.com\/canonsclinics\/","https:\/\/x.com\/canonsclinics","https:\/\/www.instagram.com\/canonsclinics\/","https:\/\/www.youtube.com\/channel\/UCI1Ia6LjALyo1CuQ0_HwtfQ","https:\/\/www.linkedin.com\/company\/canons-clinics\/"]}]}},"_links":{"self":[{"href":"https:\/\/www.canons.es\/ca\/wp-json\/wp\/v2\/pages\/9806","targetHints":{"allow":["GET"]}}],"collection":[{"href":"https:\/\/www.canons.es\/ca\/wp-json\/wp\/v2\/pages"}],"about":[{"href":"https:\/\/www.canons.es\/ca\/wp-json\/wp\/v2\/types\/page"}],"author":[{"embeddable":true,"href":"https:\/\/www.canons.es\/ca\/wp-json\/wp\/v2\/users\/25"}],"replies":[{"embeddable":true,"href":"https:\/\/www.canons.es\/ca\/wp-json\/wp\/v2\/comments?post=9806"}],"version-history":[{"count":0,"href":"https:\/\/www.canons.es\/ca\/wp-json\/wp\/v2\/pages\/9806\/revisions"}],"up":[{"embeddable":true,"href":"https:\/\/www.canons.es\/ca\/wp-json\/wp\/v2\/pages\/9872"}],"wp:attachment":[{"href":"https:\/\/www.canons.es\/ca\/wp-json\/wp\/v2\/media?parent=9806"}],"curies":[{"name":"wp","href":"https:\/\/api.w.org\/{rel}","templated":true}]}}