{"id":9788,"date":"2015-09-14T14:49:16","date_gmt":"2015-09-14T14:49:16","guid":{"rendered":"https:\/\/www.canons.es\/ca\/reduccion-de-mamas\/"},"modified":"2019-12-13T12:42:34","modified_gmt":"2019-12-13T12:42:34","slug":"reduccion-de-mamas","status":"publish","type":"page","link":"https:\/\/www.canons.es\/ca\/cirurgia-plastica-corporal\/reduccion-de-mamas\/","title":{"rendered":"Reducci\u00f3 de Mames"},"content":{"rendered":"<div class=\"wpb-content-wrapper\"><p>[vc_row css_animation=&#8221;&#8221; row_type=&#8221;row&#8221; use_row_as_full_screen_section=&#8221;no&#8221; type=&#8221;full_width&#8221; angled_section=&#8221;no&#8221; text_align=&#8221;left&#8221; background_image_as_pattern=&#8221;without_pattern&#8221; background_color=&#8221;#f7f7f7&#8243; section_type=&#8221;full-width&#8221;][vc_column][vc_empty_space height=&#8221;20px&#8221;]<div class=\"custom_font_holder\" style=\"font-family: Raleway; font-size: 35px; line-height: 26px; font-style: normal; font-weight: 300; color: #1e70b3; text-decoration: none; text-align: left;\">REDUCCI\u00d3 DE MAMES<\/div>[vc_empty_space height=&#8221;40px&#8221;][vc_row_inner row_type=&#8221;row&#8221; type=&#8221;full_width&#8221; text_align=&#8221;left&#8221; css_animation=&#8221;&#8221;][vc_column_inner width=&#8221;1\/2&#8243;][vc_single_image image=&#8221;8092&#8243; img_size=&#8221;full&#8221; alignment=&#8221;center&#8221; qode_css_animation=&#8221;&#8221;][vc_empty_space height=&#8221;40px&#8221;][\/vc_column_inner][vc_column_inner width=&#8221;1\/2&#8243;][vc_column_text]<\/p>\n<p style=\"text-align: justify;\">Les dones amb mames grans poden presentar alguns problemes, com el dolor d&#8217;esquena i de coll, irritacions de la pell sota la mama com tamb\u00e9 problemes respiratoris.<\/p>\n<p>La reducci\u00f3 de mames \u00e9s un procediment que et permetr\u00e0<strong> disminuir i remodelar la grand\u00e0ria de les mames col\u00b7locant la are\u00f2la en l&#8217;altura correcta, fent-les m\u00e9s proporcionades a l&#8217;anatomia de la dona.<\/strong><\/p>\n<p>[\/vc_column_text][\/vc_column_inner][\/vc_row_inner][\/vc_column][\/vc_row][vc_row css_animation=&#8221;&#8221; row_type=&#8221;row&#8221; use_row_as_full_screen_section=&#8221;no&#8221; type=&#8221;full_width&#8221; angled_section=&#8221;no&#8221; text_align=&#8221;left&#8221; background_image_as_pattern=&#8221;without_pattern&#8221; section_type=&#8221;full-width&#8221;][vc_column][vc_empty_space][vc_accordion style=&#8221;accordion&#8221;][vc_accordion_tab title=&#8221;En qu\u00e8 consisteix la Reducci\u00f3 de Mames?&#8221;][vc_column_text]<\/p>\n<p style=\"text-align: justify;\">La cirurgia de Reducci\u00f3 de Mames \u00e9s una t\u00e8cnica segura, sempre que sigui realitzada per un cirurgi\u00e0 pl\u00e0stic qualificat.<\/p>\n<p style=\"text-align: justify;\">La Reducci\u00f3 de Mames o tamb\u00e9 anomenada Mastopl\u00e0stia de Reducci\u00f3 \u00e9s un <strong><span style=\"color: #6d98dc;\">procediment quir\u00fargic per disminuir i remodelar la mida de les mames col\u00b7locant l&#8217;aure\u00f2la a l\u2019altura correcta fent-les m\u00e9s proporcionades a l\u2019anatomia de la dona. A la vegada, tamb\u00e9 si \u00e9s el cas es pot reduir la mida de l\u2019aure\u00f2la<\/span>.<\/strong><\/p>\n<p style=\"text-align: justify;\">La durada pot ser entre 2 i 4 hores aproximadament, tot i que en determinats casos es pot allargar. Encara que hi ha diferents t\u00e8cniques que s\u2019utilitzen en funci\u00f3 de la mida del pit, edat\u2026 en general, s\u00f3n necess\u00e0ries incisions al voltant de l\u2019aure\u00f2la, verticals i horitzontals en el plec submamari, en forma d\u2019\u00e0ncora.<\/p>\n<p>[\/vc_column_text][vc_empty_space][vc_row_inner row_type=&#8221;row&#8221; type=&#8221;full_width&#8221; text_align=&#8221;left&#8221; css_animation=&#8221;&#8221;][vc_column_inner width=&#8221;1\/3&#8243;][vc_single_image image=&#8221;8088&#8243; qode_css_animation=&#8221;&#8221;][\/vc_column_inner][vc_column_inner width=&#8221;1\/3&#8243;][vc_single_image image=&#8221;8089&#8243; qode_css_animation=&#8221;&#8221;][\/vc_column_inner][vc_column_inner width=&#8221;1\/3&#8243;][vc_single_image image=&#8221;8090&#8243; qode_css_animation=&#8221;&#8221;][\/vc_column_inner][\/vc_row_inner][vc_empty_space][vc_column_text]<\/p>\n<p style=\"text-align: justify;\">Les incisons que es realitzen es suturen amb fin\u00edsimes sutures deixant la m\u00ednima cicatriu possible i, que amb el pas del temps quasi no es veuen.<\/p>\n<p style=\"text-align: justify;\">La intervenci\u00f3 es realitza sota anest\u00e8sia general, i el cirurgi\u00e0 extirpa la pell, la gl\u00e0ndula i el greix excessiu, situa el mogr\u00f3 en la seva localitzaci\u00f3 i al\u00e7ada correctes i despr\u00e9s remodela la mama remanent. Despr\u00e9s de l\u2019operaci\u00f3 es col\u00b7loca un sostenidor de pressoter\u00e0pia a mida juntament amb un embenat compressiu. Normalment, es donar\u00e0 l\u2019alta al dia seg\u00fcent de la intervenci\u00f3.<\/p>\n<p style=\"text-align: justify;\"><strong><span style=\"color: #6d98dc;\">La finalitat de la Mamopl\u00e0stia de Reducci\u00f3 \u00e9s proporcionar a la dona unes mames d&#8217;una mida proporcionada a la seva anatomia i est\u00e8ticament boniques<\/span>.<\/strong><\/p>\n<p>[\/vc_column_text][\/vc_accordion_tab][vc_accordion_tab title=&#8221;Qui \u00e9s el candidat ideal per sotmetre a una Reducci\u00f3 de Mames?&#8221;][vc_column_text]<\/p>\n<p style=\"text-align: justify;\">Moltes de les dones que es sotmeten a aquesta intervenci\u00f3 estan preocupades per l\u2019excessiu volum del seu pit que interfereix amb moltes activitats i pot causar mol\u00e8sties f\u00edsiques per l\u2019exc\u00e9s de pes de les mames, com dolor d&#8217;esquena, de cervicals\u2026 irritacions cut\u00e0nies a la zona submam\u00e0ria, problemas respiratoris\u2026<\/p>\n<p style=\"text-align: justify;\">A la vegada, tamb\u00e9 i cada vegada amb m\u00e9s freq\u00fc\u00e8ncia, les causes poden ser purament psicol\u00f2giques com est\u00e8tiques on es porta a terme la cirurgia de manera preventiva a les conseq\u00fc\u00e8ncies f\u00edsiques de Mames amb excessiu volum.<\/p>\n<p style=\"text-align: justify;\"><strong><span style=\"color: #6d98dc;\">Normalment, s\u2019espera fins que el pit s\u2019hagi desenvolupat completament, encara que pot portar a terme abans si els problemes psicol\u00f2gics i\/o f\u00edsics s\u00f3n molt importants<\/span>.<\/strong><\/p>\n<p>[\/vc_column_text][\/vc_accordion_tab][vc_accordion_tab title=&#8221;Com ser\u00e0 la tornada a la normalitat?&#8221;][vc_column_text]<\/p>\n<p style=\"text-align: justify;\"><span style=\"color: #6d98dc;\"><strong>Despr\u00e9s de la cirurgia de Reducci\u00f3 de Mames \u00e9s normal estar adolorida durant uns dies<\/strong><\/span>, per\u00f2 podr\u00e0s fer vida gaireb\u00e9 normal a les 24-48 hores, aproximadament. La majoria de les mol\u00e8sties es controlen b\u00e9 amb la medicaci\u00f3 prescrita pel teu cirurgi\u00e0 pl\u00e0stic, encara que les mames poden estar adolorides un parell de setmanes, aproximadament.<\/p>\n<p style=\"text-align: justify;\">L\u2019embenat o els ap\u00f2sits seran retirats en uns dies, sent substitu\u00efts per un sostenidor de pressoter\u00e0pia a mida, que haur\u00e0s de portar de la manera que t\u2019indiqui el teu cirurgi\u00e0. \u00c9s normal tenir una sensaci\u00f3 de distensi\u00f3 als mugrons durant les dues primeres setmanes.<\/p>\n<p style=\"text-align: justify;\">Despr\u00e9s de la reducci\u00f3 pot ser normal tenir una disminuci\u00f3 de sensibilitat als mugrons que cedeix generalment amb els mesos. Els punts es retiren entre els 7 i 14 dies.<\/p>\n<p style=\"text-align: justify;\">Al cap de pocs dies podr\u00e0s fer vida gaireb\u00e9 normal. Haur\u00e0s de limitar les activitats f\u00edsiques fortes durant unes setmanes, fins que et recuperis de la intervenci\u00f3. El teu cirurgi\u00e0 pl\u00e0stic t\u2019anir\u00e0 visitant durant els mesos seg\u00fcents a la cirurgia per veure l\u2019evoluci\u00f3.<\/p>\n<p style=\"text-align: justify;\"><strong><span style=\"color: #6d98dc;\">Hauran de passar uns mesos fins que les mames adquireixin l\u2019aspecte definitiu. Tanmateix, les mames canviaran davant els est\u00edmuls hormonals normals, l\u2019embar\u00e0s o els canvis de pes<\/span>.<\/strong><\/p>\n<p>[\/vc_column_text][\/vc_accordion_tab][vc_accordion_tab title=&#8221;Com he de planificar la Cirurgia de Reducci\u00f3 de Mames?&#8221;][vc_column_text]<\/p>\n<p style=\"text-align: justify;\">Durant la primera consulta, el cirurgi\u00e0 pl\u00e0stic avaluar\u00e0 la mida i la forma de les mames, la firmesa de la pell com tamb\u00e9 el seu estat general de salut. Es realitzar\u00e0 a m\u00e9s una exploraci\u00f3 de mames i, en alguns casos, cal presentar un estudi mamogr\u00e0fic. Se t&#8217;explicaran les diferents t\u00e8cniques quir\u00fargiques, es discutir\u00e0 la mida i la forma que tindran els teus pits i les opcions o, la combinaci\u00f3 de procediments que siguin millor per a tu.<\/p>\n<p style=\"text-align: justify;\">Haur\u00e0s d&#8217;exposar les teves expectatives de manera sincera i franca, perqu\u00e8 el cirurgi\u00e0 pl\u00e0stic et mostri les alternatives disponibles per a les teves necessitats. El doctor et donar\u00e0 instruccions sobre com preparar-te per la cirurgia, incloent les pautes a seguir sobre la presa o supressi\u00f3 de medicaments, vitamines, suplements de ferro, aliments, l\u00edquids i tabac.<\/p>\n<p style=\"text-align: justify;\">No dubtis a preguntar qualsevol q\u00fcesti\u00f3 que et plantegis, especialment aquelles relacionades amb les teves expectatives sobre els resultats.<\/p>\n<p style=\"text-align: justify;\"><span style=\"color: #6d98dc;\"><strong>Assegura\u2019t tamb\u00e9 que algun familiar o acompanyant et pugui acompanyar quan se\u2019t doni l\u2019alta<\/strong><\/span> i que, en cas necessari, puguin ajudar-te un parell de dies.<\/p>\n<p>[\/vc_column_text][\/vc_accordion_tab][vc_accordion_tab title=&#8221;Quines precaucions haur\u00e9 de prendre?&#8221;][vc_column_text]<\/p>\n<p style=\"text-align: justify;\">Amb l\u2019objectiu de limitar el risc de sagnat i hematomes haur\u00e0s d\u2019evitar prendre en els <span style=\"color: #6d98dc;\"><strong>7 dies previs al procediment<\/strong><\/span> antiagregants plaquetaris com Aspirina, Dipiridamol, Ticlopidina\u2026 com tamb\u00e9, en els 3 dies previs prendre antiinflamatoris no estero\u00efdals amb efecte antiagregant com ibuprof\u00e8, Diclofenac, Indometacina, Piroxicam, Naprox\u00e8\u2026<\/p>\n<p>[\/vc_column_text][\/vc_accordion_tab][\/vc_accordion][\/vc_column][\/vc_row]<\/p>\n<\/div><!-- AddThis Advanced Settings generic via filter on the_content --><!-- AddThis Share Buttons generic via filter on the_content -->","protected":false},"excerpt":{"rendered":"<p>[vc_row css_animation=&#8221;&#8221; row_type=&#8221;row&#8221; use_row_as_full_screen_section=&#8221;no&#8221; type=&#8221;full_width&#8221; angled_section=&#8221;no&#8221; text_align=&#8221;left&#8221; background_image_as_pattern=&#8221;without_pattern&#8221; background_color=&#8221;#f7f7f7&#8243; section_type=&#8221;full-width&#8221;][vc_column][vc_empty_space height=&#8221;20px&#8221;][vc_empty_space height=&#8221;40px&#8221;][vc_row_inner row_type=&#8221;row&#8221; type=&#8221;full_width&#8221; text_align=&#8221;left&#8221; css_animation=&#8221;&#8221;][vc_column_inner width=&#8221;1\/2&#8243;][vc_single_image image=&#8221;8092&#8243; img_size=&#8221;full&#8221; alignment=&#8221;center&#8221; qode_css_animation=&#8221;&#8221;][vc_empty_space height=&#8221;40px&#8221;][\/vc_column_inner][vc_column_inner width=&#8221;1\/2&#8243;][vc_column_text] Les dones amb mames grans poden presentar alguns problemes, com el dolor d&#8217;esquena i de coll, irritacions de la pell sota la&#8230;<!-- AddThis Advanced Settings generic via filter on get_the_excerpt --><!-- AddThis Share Buttons generic via filter on get_the_excerpt --><\/p>\n","protected":false},"author":25,"featured_media":0,"parent":9872,"menu_order":0,"comment_status":"closed","ping_status":"closed","template":"","meta":{"footnotes":""},"class_list":["post-9788","page","type-page","status-publish","hentry"],"yoast_head":"<!-- This site is optimized with the Yoast SEO Premium plugin v26.9 (Yoast SEO v27.2) - https:\/\/yoast.com\/product\/yoast-seo-premium-wordpress\/ -->\n<title>Reducci\u00f3 de Mames - Cl\u00ednica C\u00e0nons | Cirurgia i Medicina Estetica a Barcelona, \u200b\u200bGranollers<\/title>\n<meta name=\"robots\" content=\"index, follow, max-snippet:-1, max-image-preview:large, max-video-preview:-1\" \/>\n<link rel=\"canonical\" href=\"https:\/\/www.canons.es\/cirugia-plastica-corporal-2\/reduccion-de-pecho\/\" \/>\n<meta property=\"og:locale\" content=\"ca_ES\" \/>\n<meta property=\"og:type\" content=\"article\" \/>\n<meta property=\"og:title\" content=\"Reducci\u00f3 de Mames\" \/>\n<meta property=\"og:description\" content=\"[vc_row css_animation=&#8221;&#8221; row_type=&#8221;row&#8221; use_row_as_full_screen_section=&#8221;no&#8221; type=&#8221;full_width&#8221; angled_section=&#8221;no&#8221; text_align=&#8221;left&#8221; background_image_as_pattern=&#8221;without_pattern&#8221; background_color=&#8221;#f7f7f7&#8243; section_type=&#8221;full-width&#8221;][vc_column][vc_empty_space height=&#8221;20px&#8221;][vc_empty_space height=&#8221;40px&#8221;][vc_row_inner row_type=&#8221;row&#8221; type=&#8221;full_width&#8221; text_align=&#8221;left&#8221; css_animation=&#8221;&#8221;][vc_column_inner width=&#8221;1\/2&#8243;][vc_single_image image=&#8221;8092&#8243; img_size=&#8221;full&#8221; alignment=&#8221;center&#8221; qode_css_animation=&#8221;&#8221;][vc_empty_space height=&#8221;40px&#8221;][\/vc_column_inner][vc_column_inner width=&#8221;1\/2&#8243;][vc_column_text] Les dones amb mames grans poden presentar alguns problemes, com el dolor d&#8217;esquena i de coll, irritacions de la pell sota la...\" \/>\n<meta property=\"og:url\" content=\"https:\/\/www.canons.es\/cirugia-plastica-corporal-2\/reduccion-de-pecho\/\" \/>\n<meta property=\"og:site_name\" content=\"Cl\u00ednica C\u00e0nons | Cirurgia i Medicina Estetica a Barcelona, \u200b\u200bGranollers\" \/>\n<meta property=\"article:publisher\" content=\"https:\/\/www.facebook.com\/canonsclinics\/\" \/>\n<meta property=\"article:modified_time\" content=\"2019-12-13T12:42:34+00:00\" \/>\n<meta name=\"twitter:card\" content=\"summary_large_image\" \/>\n<meta name=\"twitter:site\" content=\"@canonsclinics\" \/>\n<meta name=\"twitter:label1\" content=\"Temps estimat de lectura\" \/>\n\t<meta name=\"twitter:data1\" content=\"6 minuts\" \/>\n<script type=\"application\/ld+json\" class=\"yoast-schema-graph\">{\"@context\":\"https:\/\/schema.org\",\"@graph\":[{\"@type\":\"WebPage\",\"@id\":\"https:\/\/www.canons.es\/cirugia-plastica-corporal-2\/reduccion-de-pecho\/\",\"url\":\"https:\/\/www.canons.es\/cirugia-plastica-corporal-2\/reduccion-de-pecho\/\",\"name\":\"Reducci\u00f3 de Mames - Cl\u00ednica C\u00e0nons | Cirurgia i Medicina Estetica a Barcelona, \u200b\u200bGranollers\",\"isPartOf\":{\"@id\":\"https:\/\/www.canons.es\/#website\"},\"datePublished\":\"2015-09-14T14:49:16+00:00\",\"dateModified\":\"2019-12-13T12:42:34+00:00\",\"breadcrumb\":{\"@id\":\"https:\/\/www.canons.es\/cirugia-plastica-corporal-2\/reduccion-de-pecho\/#breadcrumb\"},\"inLanguage\":\"ca\",\"potentialAction\":[{\"@type\":\"ReadAction\",\"target\":[\"https:\/\/www.canons.es\/cirugia-plastica-corporal-2\/reduccion-de-pecho\/\"]}]},{\"@type\":\"BreadcrumbList\",\"@id\":\"https:\/\/www.canons.es\/cirugia-plastica-corporal-2\/reduccion-de-pecho\/#breadcrumb\",\"itemListElement\":[{\"@type\":\"ListItem\",\"position\":1,\"name\":\"Portada\",\"item\":\"https:\/\/www.canons.es\/ca\/\"},{\"@type\":\"ListItem\",\"position\":2,\"name\":\"CIRURGIA PL\u00c0STICA CORPORAL\",\"item\":\"https:\/\/www.canons.es\/ca\/cirurgia-plastica-corporal\/\"},{\"@type\":\"ListItem\",\"position\":3,\"name\":\"Reducci\u00f3 de Mames\"}]},{\"@type\":\"WebSite\",\"@id\":\"https:\/\/www.canons.es\/#website\",\"url\":\"https:\/\/www.canons.es\/\",\"name\":\"Cirug\u00eda Pl\u00e1stica y Est\u00e9tica Barcelona y Granollers | C\u00e0nons Clinics\",\"description\":\"\",\"publisher\":{\"@id\":\"https:\/\/www.canons.es\/#organization\"},\"potentialAction\":[{\"@type\":\"SearchAction\",\"target\":{\"@type\":\"EntryPoint\",\"urlTemplate\":\"https:\/\/www.canons.es\/?s={search_term_string}\"},\"query-input\":{\"@type\":\"PropertyValueSpecification\",\"valueRequired\":true,\"valueName\":\"search_term_string\"}}],\"inLanguage\":\"ca\"},{\"@type\":\"Organization\",\"@id\":\"https:\/\/www.canons.es\/#organization\",\"name\":\"Cirug\u00eda Pl\u00e1stica y Est\u00e9tica Barcelona y Granollers | C\u00e0nons Clinics\",\"url\":\"https:\/\/www.canons.es\/\",\"logo\":{\"@type\":\"ImageObject\",\"inLanguage\":\"ca\",\"@id\":\"https:\/\/www.canons.es\/#\/schema\/logo\/image\/\",\"url\":\"https:\/\/www.canons.es\/wp-content\/uploads\/2025\/04\/logo-canons-clinics.jpg\",\"contentUrl\":\"https:\/\/www.canons.es\/wp-content\/uploads\/2025\/04\/logo-canons-clinics.jpg\",\"width\":600,\"height\":139,\"caption\":\"Cirug\u00eda Pl\u00e1stica y Est\u00e9tica Barcelona y Granollers | C\u00e0nons Clinics\"},\"image\":{\"@id\":\"https:\/\/www.canons.es\/#\/schema\/logo\/image\/\"},\"sameAs\":[\"https:\/\/www.facebook.com\/canonsclinics\/\",\"https:\/\/x.com\/canonsclinics\",\"https:\/\/www.instagram.com\/canonsclinics\/\",\"https:\/\/www.youtube.com\/channel\/UCI1Ia6LjALyo1CuQ0_HwtfQ\",\"https:\/\/www.linkedin.com\/company\/canons-clinics\/\"]}]}<\/script>\n<!-- \/ Yoast SEO Premium plugin. -->","yoast_head_json":{"title":"Reducci\u00f3 de Mames - Cl\u00ednica C\u00e0nons | Cirurgia i Medicina Estetica a Barcelona, \u200b\u200bGranollers","robots":{"index":"index","follow":"follow","max-snippet":"max-snippet:-1","max-image-preview":"max-image-preview:large","max-video-preview":"max-video-preview:-1"},"canonical":"https:\/\/www.canons.es\/cirugia-plastica-corporal-2\/reduccion-de-pecho\/","og_locale":"ca_ES","og_type":"article","og_title":"Reducci\u00f3 de Mames","og_description":"[vc_row css_animation=&#8221;&#8221; row_type=&#8221;row&#8221; use_row_as_full_screen_section=&#8221;no&#8221; type=&#8221;full_width&#8221; angled_section=&#8221;no&#8221; text_align=&#8221;left&#8221; background_image_as_pattern=&#8221;without_pattern&#8221; background_color=&#8221;#f7f7f7&#8243; section_type=&#8221;full-width&#8221;][vc_column][vc_empty_space height=&#8221;20px&#8221;][vc_empty_space height=&#8221;40px&#8221;][vc_row_inner row_type=&#8221;row&#8221; type=&#8221;full_width&#8221; text_align=&#8221;left&#8221; css_animation=&#8221;&#8221;][vc_column_inner width=&#8221;1\/2&#8243;][vc_single_image image=&#8221;8092&#8243; img_size=&#8221;full&#8221; alignment=&#8221;center&#8221; qode_css_animation=&#8221;&#8221;][vc_empty_space height=&#8221;40px&#8221;][\/vc_column_inner][vc_column_inner width=&#8221;1\/2&#8243;][vc_column_text] Les dones amb mames grans poden presentar alguns problemes, com el dolor d&#8217;esquena i de coll, irritacions de la pell sota la...","og_url":"https:\/\/www.canons.es\/cirugia-plastica-corporal-2\/reduccion-de-pecho\/","og_site_name":"Cl\u00ednica C\u00e0nons | Cirurgia i Medicina Estetica a Barcelona, \u200b\u200bGranollers","article_publisher":"https:\/\/www.facebook.com\/canonsclinics\/","article_modified_time":"2019-12-13T12:42:34+00:00","twitter_card":"summary_large_image","twitter_site":"@canonsclinics","twitter_misc":{"Temps estimat de lectura":"6 minuts"},"schema":{"@context":"https:\/\/schema.org","@graph":[{"@type":"WebPage","@id":"https:\/\/www.canons.es\/cirugia-plastica-corporal-2\/reduccion-de-pecho\/","url":"https:\/\/www.canons.es\/cirugia-plastica-corporal-2\/reduccion-de-pecho\/","name":"Reducci\u00f3 de Mames - Cl\u00ednica C\u00e0nons | Cirurgia i Medicina Estetica a Barcelona, \u200b\u200bGranollers","isPartOf":{"@id":"https:\/\/www.canons.es\/#website"},"datePublished":"2015-09-14T14:49:16+00:00","dateModified":"2019-12-13T12:42:34+00:00","breadcrumb":{"@id":"https:\/\/www.canons.es\/cirugia-plastica-corporal-2\/reduccion-de-pecho\/#breadcrumb"},"inLanguage":"ca","potentialAction":[{"@type":"ReadAction","target":["https:\/\/www.canons.es\/cirugia-plastica-corporal-2\/reduccion-de-pecho\/"]}]},{"@type":"BreadcrumbList","@id":"https:\/\/www.canons.es\/cirugia-plastica-corporal-2\/reduccion-de-pecho\/#breadcrumb","itemListElement":[{"@type":"ListItem","position":1,"name":"Portada","item":"https:\/\/www.canons.es\/ca\/"},{"@type":"ListItem","position":2,"name":"CIRURGIA PL\u00c0STICA CORPORAL","item":"https:\/\/www.canons.es\/ca\/cirurgia-plastica-corporal\/"},{"@type":"ListItem","position":3,"name":"Reducci\u00f3 de Mames"}]},{"@type":"WebSite","@id":"https:\/\/www.canons.es\/#website","url":"https:\/\/www.canons.es\/","name":"Cirug\u00eda Pl\u00e1stica y Est\u00e9tica Barcelona y Granollers | C\u00e0nons Clinics","description":"","publisher":{"@id":"https:\/\/www.canons.es\/#organization"},"potentialAction":[{"@type":"SearchAction","target":{"@type":"EntryPoint","urlTemplate":"https:\/\/www.canons.es\/?s={search_term_string}"},"query-input":{"@type":"PropertyValueSpecification","valueRequired":true,"valueName":"search_term_string"}}],"inLanguage":"ca"},{"@type":"Organization","@id":"https:\/\/www.canons.es\/#organization","name":"Cirug\u00eda Pl\u00e1stica y Est\u00e9tica Barcelona y Granollers | C\u00e0nons Clinics","url":"https:\/\/www.canons.es\/","logo":{"@type":"ImageObject","inLanguage":"ca","@id":"https:\/\/www.canons.es\/#\/schema\/logo\/image\/","url":"https:\/\/www.canons.es\/wp-content\/uploads\/2025\/04\/logo-canons-clinics.jpg","contentUrl":"https:\/\/www.canons.es\/wp-content\/uploads\/2025\/04\/logo-canons-clinics.jpg","width":600,"height":139,"caption":"Cirug\u00eda Pl\u00e1stica y Est\u00e9tica Barcelona y Granollers | C\u00e0nons Clinics"},"image":{"@id":"https:\/\/www.canons.es\/#\/schema\/logo\/image\/"},"sameAs":["https:\/\/www.facebook.com\/canonsclinics\/","https:\/\/x.com\/canonsclinics","https:\/\/www.instagram.com\/canonsclinics\/","https:\/\/www.youtube.com\/channel\/UCI1Ia6LjALyo1CuQ0_HwtfQ","https:\/\/www.linkedin.com\/company\/canons-clinics\/"]}]}},"_links":{"self":[{"href":"https:\/\/www.canons.es\/ca\/wp-json\/wp\/v2\/pages\/9788","targetHints":{"allow":["GET"]}}],"collection":[{"href":"https:\/\/www.canons.es\/ca\/wp-json\/wp\/v2\/pages"}],"about":[{"href":"https:\/\/www.canons.es\/ca\/wp-json\/wp\/v2\/types\/page"}],"author":[{"embeddable":true,"href":"https:\/\/www.canons.es\/ca\/wp-json\/wp\/v2\/users\/25"}],"replies":[{"embeddable":true,"href":"https:\/\/www.canons.es\/ca\/wp-json\/wp\/v2\/comments?post=9788"}],"version-history":[{"count":0,"href":"https:\/\/www.canons.es\/ca\/wp-json\/wp\/v2\/pages\/9788\/revisions"}],"up":[{"embeddable":true,"href":"https:\/\/www.canons.es\/ca\/wp-json\/wp\/v2\/pages\/9872"}],"wp:attachment":[{"href":"https:\/\/www.canons.es\/ca\/wp-json\/wp\/v2\/media?parent=9788"}],"curies":[{"name":"wp","href":"https:\/\/api.w.org\/{rel}","templated":true}]}}