{"id":9732,"date":"2015-09-09T16:20:43","date_gmt":"2015-09-09T16:20:43","guid":{"rendered":"https:\/\/www.canons.es\/ca\/mentoplastia\/"},"modified":"2019-12-12T16:12:49","modified_gmt":"2019-12-12T16:12:49","slug":"mentoplastia","status":"publish","type":"page","link":"https:\/\/www.canons.es\/ca\/cirurgia-plastica-facial\/mentoplastia\/","title":{"rendered":"Mentopl\u00e0stia"},"content":{"rendered":"<div class=\"wpb-content-wrapper\"><p>[vc_row css_animation=&#8221;&#8221; row_type=&#8221;row&#8221; use_row_as_full_screen_section=&#8221;no&#8221; type=&#8221;full_width&#8221; angled_section=&#8221;no&#8221; text_align=&#8221;left&#8221; background_image_as_pattern=&#8221;without_pattern&#8221; background_color=&#8221;#f7f7f7&#8243; section_type=&#8221;full-width&#8221;][vc_column][vc_empty_space height=&#8221;20px&#8221;]<div class=\"custom_font_holder\" style=\"font-family: Raleway; font-size: 35px; line-height: 26px; font-style: normal; font-weight: 300; color: #1e70b3; text-decoration: none; text-align: left;\">MENTOPL\u00c0STIA<\/div>[vc_empty_space][vc_row_inner row_type=&#8221;row&#8221; type=&#8221;full_width&#8221; text_align=&#8221;left&#8221; css_animation=&#8221;&#8221;][vc_column_inner width=&#8221;1\/2&#8243;][vc_single_image image=&#8221;8009&#8243; img_size=&#8221;full&#8221; alignment=&#8221;center&#8221; qode_css_animation=&#8221;&#8221;][vc_empty_space][\/vc_column_inner][vc_column_inner width=&#8221;1\/2&#8243;][vc_column_text]<\/p>\n<p style=\"text-align: justify;\">\u00c9s una de les cirurgies pl\u00e0stiques i est\u00e8tiques facials especialitzades a aconseguir major harmonia entre les diferents faccions del rostre.<\/p>\n<p>Un procediment quir\u00fargic que el <strong>seu objectiu \u00e9s tant augmentar o b\u00e9 reduir el ment\u00f3 depenent de cada cas en particular<\/strong>. Aquesta cirurgia canvia donant uns resultats molt satisfactoris suavitzant i equilibrant els principals eixos facials juntament amb les l\u00ednies d&#8217;expressi\u00f3.[\/vc_column_text][\/vc_column_inner][\/vc_row_inner][\/vc_column][\/vc_row][vc_row css_animation=&#8221;&#8221; row_type=&#8221;row&#8221; use_row_as_full_screen_section=&#8221;no&#8221; type=&#8221;full_width&#8221; angled_section=&#8221;no&#8221; text_align=&#8221;left&#8221; background_image_as_pattern=&#8221;without_pattern&#8221; section_type=&#8221;full-width&#8221;][vc_column][vc_empty_space height=&#8221;40px&#8221;][vc_accordion style=&#8221;accordion&#8221;][vc_accordion_tab title=&#8221;Qui \u00e9s el candidat ideal per sotmetre&#8217;s a una Mentopl\u00e0stia?&#8221;][vc_column_text]<\/p>\n<p style=\"text-align: justify;\"><strong><span style=\"color: #6d98dc;\">Les persones amb el ment\u00f3 desproporcionat molt petit en relaci\u00f3 amb el seu rostre o si per contra sobresurt i resta harmonia a la cara<\/span>.<\/strong> Aquesta persona ser\u00e0 un bon candidat per la mentopl\u00e0stia.<\/p>\n<p>[\/vc_column_text][\/vc_accordion_tab][vc_accordion_tab title=&#8221;En qu\u00e8 consisteix la Mentopl\u00e0stia d&#8217;Augment?&#8221;][vc_column_text]<\/p>\n<p style=\"text-align: justify;\"><strong><span style=\"color: #6d98dc;\">\u00c9s un procediment medicoquir\u00fargic que incrementa la projecci\u00f3 i\/o dimensions del ment\u00f3, obtenint com a resultat final un equilibri de proporcions entre les diferents faccions del rostre<\/span>.<\/strong><\/p>\n<p>Mitjan\u00e7ant l&#8217;aplicaci\u00f3 d&#8217;anest\u00e8sia local i\/o sedaci\u00f3, el cirurgi\u00e0 pl\u00e0stic realitza una petita incisi\u00f3 a nivell de la mucosa bucal interna del llavi inferior de manera que s&#8217;insereix l&#8217;implant de silicona per sobre de l&#8217;os de la mand\u00edbula inferior.<\/p>\n<p style=\"text-align: justify;\">La cicatriu intraoral resultant no \u00e9s visible. Aquest procediment pot ser a\u00efllat per\u00f2 \u00e9s freq\u00fcent que es realitzi juntament amb una <a href=\"http:\/\/www.C\u00e0nons Clinics.es\/ca\/lifting-de-papada\/\">liposucci\u00f3 de papada<\/a>, <a href=\"http:\/\/www.C\u00e0nons Clinics.es\/ca\/lifting-de-cuello\/\">lifting<\/a> o una <a href=\"http:\/\/www.C\u00e0nons Clinics.es\/ca\/rinoplastia\/\">rinopl\u00e0stia<\/a>, per obtenir un perfil m\u00e9s atractiu en el seu conjunt.<\/p>\n<p>Els implants de silicona utilitzats tenen tots els registres pertinents de sanitat que garanteixen m\u00e0xima qualitat en l&#8217;implant i m\u00e0xima seguretat en els resultats.<\/p>\n<p><span style=\"color: #6d98dc;\"><strong>En casos lleus la mentoplastia d&#8217;augment es podria dur a terme mitjan\u00e7ant implants de farcit biocompatibles<\/strong> <\/span>amb tots els controls de seguretat sanitaris o amb greix de la pr\u00f2pia persona.<\/p>\n<p>Aquest procediment ambulatori t\u00e9 una durada aproximada entre 40 minuts i 1 hora.<\/p>\n<p>Un benefici addicional de l&#8217;implant de ment\u00f3, a part de millorar el perfil del rostre, tamb\u00e9 s&#8217;estira la pell de la zona intervinguda de manera que \u00e9s possible que s&#8217;experimenti una reducci\u00f3 de papada.[\/vc_column_text][\/vc_accordion_tab][vc_accordion_tab title=&#8221;Podr\u00e9 veure alguna simulaci\u00f3 en 3D abans de la Mentopl\u00e0stia?&#8221;][vc_column_text]<\/p>\n<p style=\"text-align: justify;\">Als nostres centres C\u00e0nons Clinics, especialitzats en Cirurgia i Medicina Est\u00e8tica, oferim la possibilitat de mostrar, mitjan\u00e7ant un nou programa 3D I-Stetix, diverses simulacions en tres dimensions de la cirurgia de Ment\u00f3 per poder analitzar de forma personalitzada, i segons criteri m\u00e8dic, tots els aspectes que desitgis millorar, solament realitzant unes fotografies pr\u00e8vies. D&#8217;aquesta forma, <strong><span style=\"color: #6d98dc;\">et podr\u00e0s fer una idea, sempre aproximada, de com quedar\u00e0s despr\u00e9s, ja que intervenen gran varietat de factors<\/span>.<\/strong><\/p>\n<p>[\/vc_column_text][\/vc_accordion_tab][vc_accordion_tab title=&#8221;En qu\u00e8 consisteix la Mentopl\u00e0stia de Reducci\u00f3?&#8221;][vc_column_text]<\/p>\n<p style=\"text-align: justify;\"><strong><span style=\"color: #6d98dc;\">La mentopl\u00e0stia de reducci\u00f3 s&#8217;aplica en persones afectades per un proc\u00e9s anomenat prognatisme, com en els casos de feminitzaci\u00f3 facial<\/span>.<\/strong><\/p>\n<p>\u00c9s un procediment quir\u00fargic que disminueix la grand\u00e0ria del ment\u00f3 donant-li a aquest menor projecci\u00f3 de manera amb l&#8217;objectiu d&#8217;obtenir com a resultat final una armonitzaci\u00f3 facial entre les diferents faccions del rostre.<\/p>\n<p>Mitjan\u00e7ant l&#8217;aplicaci\u00f3 d&#8217;anest\u00e8sia local o sedaci\u00f3 el cirurgi\u00e0 pl\u00e0stic realitza una petita incisi\u00f3 a nivell de la mucosa bucal interna del llavi inferior, de manera que en funci\u00f3 del grau de severitat es realitza un raspat mentoni\u00e0 o b\u00e9 una resecci\u00f3 de la part anterior de l&#8217;os mandibular.<\/p>\n<p>La cicatriu intraoral resultant no \u00e9s visible. Aquest procediment pot ser a\u00efllat per\u00f2 \u00e9s freq\u00fcent que es realitzi juntament amb una liposucci\u00f3 de papada, lifting o una rinopl\u00e0stia, per obtenir un perfil m\u00e9s atractiu en el seu conjunt.<\/p>\n<p>Aquest procediment ambulatori t\u00e9 una durada aproximada entre 40 minuts i 1 hora.[\/vc_column_text][\/vc_accordion_tab][vc_accordion_tab title=&#8221;Com ser\u00e0 la volta a la normalitat?&#8221;][vc_column_text]<\/p>\n<p style=\"text-align: justify;\">Per evitar que la inflamaci\u00f3 sigui m\u00e9s gran, el pacient ha de guardar rep\u00f2s relatiu i aplicar-se fred local una vegada hagi deixat la cl\u00ednica. Tamb\u00e9 ha de seguir la pauta de analg\u00e8sics i antiinflamatoris l&#8217;ajudaran a disminuir la sensaci\u00f3 de malestar al voltant de la boca. D&#8217;acord a cada cas particular, el temps de recuperaci\u00f3 pot variar.<\/p>\n<p>Depenent de la t\u00e8cnica empleada en la sutura i, en el tipus d&#8217;incisi\u00f3, els punts es remouen despr\u00e9s de 7 dies o simplement es reabsorben sols.<\/p>\n<p>De manera preventiva i correctiva es col\u00b7locar\u00e0 un m\u00ednim embenatge en el ment\u00f3 una vegada hagi estat intervingut. Per alleujar les mol\u00e8sties originades pel procediment i la natural inflamaci\u00f3, el pacient ha de guardar rep\u00f2s relatiu, per aconseguir una adequada recuperaci\u00f3. Aix\u00ed mateix ha de seguir les indicacions del cirurgi\u00e0 sobre els procediments a seguir i els analg\u00e9sicos a prendre.<\/p>\n<p>Se suggereix dormir amb el cap elevat durant els primers dies despr\u00e9s de la cirurgia, per facilitar el proc\u00e9s de recuperaci\u00f3.<\/p>\n<p><span style=\"color: #6d98dc;\"><strong>Si la persona consumeix tabac, ha de deixar de fumar almenys durant les 3 setmanes posteriors a la cirurgia<\/strong><\/span>, amb la finalitat d&#8217;evitar inconvenients amb la cicatritzaci\u00f3.<\/p>\n<p>En la majoria dels casos haur\u00e0s de seguir una dieta l\u00edquida durant les primeres 24 hores. Si la incisi\u00f3 \u00e9s intraoral \u00e9s fonamental que la persona tingui especial cura amb la seva higiene bucal per contribuir amb la cicatritzaci\u00f3 de la ferida. Malgrat que les sutures intraorals s\u00f3n reabsorbibles, \u00e9s important que no ingereixi carns ni productes l\u00e0ctics, per evitar la proliferaci\u00f3 de bacteris dins de la boca.<\/p>\n<p>Despr\u00e9s d&#8217;1 o 2 setmanes la persona podr\u00e0 comen\u00e7ar a notar l&#8217;aspecte harmoni\u00f3s del seu ment\u00f3, per\u00f2 solament transcorreguts 3 mesos notar\u00e0 el resultat final de la intervenci\u00f3.[\/vc_column_text][\/vc_accordion_tab][vc_accordion_tab title=&#8221;Com em preparo la cirurgia?&#8221;][vc_column_text]<\/p>\n<p style=\"text-align: justify;\">El cirurgi\u00e0 pl\u00e0stic et donar\u00e0 instruccions sobre com preparar-te per a la cirurgia, incloent les pautes a seguir sobre la presa o supressi\u00f3 de medicaments, vitamines, suplements de ferro, aliments, l\u00edquids i, tabac.<\/p>\n<p><span style=\"color: #6d98dc;\"><strong>Assegura&#8217;t, a m\u00e9s, que algun familiar o acompanyant pugui portar-te a casa quan se&#8217;t doni l&#8217;alta <\/strong><\/span>i que, en cas necessari, puguin ajudar-te uns dies.[\/vc_column_text][\/vc_accordion_tab][vc_accordion_tab title=&#8221;Quines precaucions haur\u00e9 de prendre?&#8221;][vc_column_text]<\/p>\n<p style=\"text-align: justify;\">Amb l&#8217;objectiu de limitar el risc de sagnat i hematomes haur\u00e0s d&#8217;<span style=\"color: #6d98dc;\"><strong>evitar prendre en els 7 dies previs<\/strong><\/span> al procediment antiagregants plaquetaris com a Aspirina, Dipiridamol, Ticlopidina\u2026 com tamb\u00e9, en els 3 dies previs prendre antiinflamatorios no esteroideos amb efecte antiagregant com Ibuprofeno, Diclofenaco, Indometacina, Piroxicam, Naproxeno\u2026<\/p>\n<p>[\/vc_column_text][\/vc_accordion_tab][\/vc_accordion][\/vc_column][\/vc_row]<\/p>\n<\/div><!-- AddThis Advanced Settings generic via filter on the_content --><!-- AddThis Share Buttons generic via filter on the_content -->","protected":false},"excerpt":{"rendered":"<p>[vc_row css_animation=&#8221;&#8221; row_type=&#8221;row&#8221; use_row_as_full_screen_section=&#8221;no&#8221; type=&#8221;full_width&#8221; angled_section=&#8221;no&#8221; text_align=&#8221;left&#8221; background_image_as_pattern=&#8221;without_pattern&#8221; background_color=&#8221;#f7f7f7&#8243; section_type=&#8221;full-width&#8221;][vc_column][vc_empty_space height=&#8221;20px&#8221;][vc_empty_space][vc_row_inner row_type=&#8221;row&#8221; type=&#8221;full_width&#8221; text_align=&#8221;left&#8221; css_animation=&#8221;&#8221;][vc_column_inner width=&#8221;1\/2&#8243;][vc_single_image image=&#8221;8009&#8243; img_size=&#8221;full&#8221; alignment=&#8221;center&#8221; qode_css_animation=&#8221;&#8221;][vc_empty_space][\/vc_column_inner][vc_column_inner width=&#8221;1\/2&#8243;][vc_column_text] \u00c9s una de les cirurgies pl\u00e0stiques i est\u00e8tiques facials especialitzades a aconseguir major harmonia entre les diferents faccions del rostre. Un procediment quir\u00fargic que&#8230;<!-- AddThis Advanced Settings generic via filter on get_the_excerpt --><!-- AddThis Share Buttons generic via filter on get_the_excerpt --><\/p>\n","protected":false},"author":25,"featured_media":0,"parent":9761,"menu_order":0,"comment_status":"closed","ping_status":"closed","template":"","meta":{"footnotes":""},"class_list":["post-9732","page","type-page","status-publish","hentry"],"yoast_head":"<!-- This site is optimized with the Yoast SEO Premium plugin v26.9 (Yoast SEO v27.2) - https:\/\/yoast.com\/product\/yoast-seo-premium-wordpress\/ -->\n<title>Mentopl\u00e0stia - Cl\u00ednica C\u00e0nons | Cirurgia i Medicina Estetica a Barcelona, \u200b\u200bGranollers<\/title>\n<meta name=\"robots\" content=\"index, follow, max-snippet:-1, max-image-preview:large, max-video-preview:-1\" \/>\n<link rel=\"canonical\" href=\"https:\/\/www.canons.es\/cirugia-plastica-facial-2\/mentoplastia\/\" \/>\n<meta property=\"og:locale\" content=\"ca_ES\" \/>\n<meta property=\"og:type\" content=\"article\" \/>\n<meta property=\"og:title\" content=\"Mentopl\u00e0stia\" \/>\n<meta property=\"og:description\" content=\"[vc_row css_animation=&#8221;&#8221; row_type=&#8221;row&#8221; use_row_as_full_screen_section=&#8221;no&#8221; type=&#8221;full_width&#8221; angled_section=&#8221;no&#8221; text_align=&#8221;left&#8221; background_image_as_pattern=&#8221;without_pattern&#8221; background_color=&#8221;#f7f7f7&#8243; section_type=&#8221;full-width&#8221;][vc_column][vc_empty_space height=&#8221;20px&#8221;][vc_empty_space][vc_row_inner row_type=&#8221;row&#8221; type=&#8221;full_width&#8221; text_align=&#8221;left&#8221; css_animation=&#8221;&#8221;][vc_column_inner width=&#8221;1\/2&#8243;][vc_single_image image=&#8221;8009&#8243; img_size=&#8221;full&#8221; alignment=&#8221;center&#8221; qode_css_animation=&#8221;&#8221;][vc_empty_space][\/vc_column_inner][vc_column_inner width=&#8221;1\/2&#8243;][vc_column_text] \u00c9s una de les cirurgies pl\u00e0stiques i est\u00e8tiques facials especialitzades a aconseguir major harmonia entre les diferents faccions del rostre. Un procediment quir\u00fargic que...\" \/>\n<meta property=\"og:url\" content=\"https:\/\/www.canons.es\/cirugia-plastica-facial-2\/mentoplastia\/\" \/>\n<meta property=\"og:site_name\" content=\"Cl\u00ednica C\u00e0nons | Cirurgia i Medicina Estetica a Barcelona, \u200b\u200bGranollers\" \/>\n<meta property=\"article:publisher\" content=\"https:\/\/www.facebook.com\/canonsclinics\/\" \/>\n<meta property=\"article:modified_time\" content=\"2019-12-12T16:12:49+00:00\" \/>\n<meta name=\"twitter:card\" content=\"summary_large_image\" \/>\n<meta name=\"twitter:site\" content=\"@canonsclinics\" \/>\n<meta name=\"twitter:label1\" content=\"Temps estimat de lectura\" \/>\n\t<meta name=\"twitter:data1\" content=\"6 minuts\" \/>\n<script type=\"application\/ld+json\" class=\"yoast-schema-graph\">{\"@context\":\"https:\/\/schema.org\",\"@graph\":[{\"@type\":\"WebPage\",\"@id\":\"https:\/\/www.canons.es\/cirugia-plastica-facial-2\/mentoplastia\/\",\"url\":\"https:\/\/www.canons.es\/cirugia-plastica-facial-2\/mentoplastia\/\",\"name\":\"Mentopl\u00e0stia - Cl\u00ednica C\u00e0nons | Cirurgia i Medicina Estetica a Barcelona, \u200b\u200bGranollers\",\"isPartOf\":{\"@id\":\"https:\/\/www.canons.es\/#website\"},\"datePublished\":\"2015-09-09T16:20:43+00:00\",\"dateModified\":\"2019-12-12T16:12:49+00:00\",\"breadcrumb\":{\"@id\":\"https:\/\/www.canons.es\/cirugia-plastica-facial-2\/mentoplastia\/#breadcrumb\"},\"inLanguage\":\"ca\",\"potentialAction\":[{\"@type\":\"ReadAction\",\"target\":[\"https:\/\/www.canons.es\/cirugia-plastica-facial-2\/mentoplastia\/\"]}]},{\"@type\":\"BreadcrumbList\",\"@id\":\"https:\/\/www.canons.es\/cirugia-plastica-facial-2\/mentoplastia\/#breadcrumb\",\"itemListElement\":[{\"@type\":\"ListItem\",\"position\":1,\"name\":\"Portada\",\"item\":\"https:\/\/www.canons.es\/ca\/\"},{\"@type\":\"ListItem\",\"position\":2,\"name\":\"CIRURGIA PL\u00c0STICA FACIAL\",\"item\":\"https:\/\/www.canons.es\/ca\/cirurgia-plastica-facial\/\"},{\"@type\":\"ListItem\",\"position\":3,\"name\":\"Mentopl\u00e0stia\"}]},{\"@type\":\"WebSite\",\"@id\":\"https:\/\/www.canons.es\/#website\",\"url\":\"https:\/\/www.canons.es\/\",\"name\":\"Cirug\u00eda Pl\u00e1stica y Est\u00e9tica Barcelona y Granollers | C\u00e0nons Clinics\",\"description\":\"\",\"publisher\":{\"@id\":\"https:\/\/www.canons.es\/#organization\"},\"potentialAction\":[{\"@type\":\"SearchAction\",\"target\":{\"@type\":\"EntryPoint\",\"urlTemplate\":\"https:\/\/www.canons.es\/?s={search_term_string}\"},\"query-input\":{\"@type\":\"PropertyValueSpecification\",\"valueRequired\":true,\"valueName\":\"search_term_string\"}}],\"inLanguage\":\"ca\"},{\"@type\":\"Organization\",\"@id\":\"https:\/\/www.canons.es\/#organization\",\"name\":\"Cirug\u00eda Pl\u00e1stica y Est\u00e9tica Barcelona y Granollers | C\u00e0nons Clinics\",\"url\":\"https:\/\/www.canons.es\/\",\"logo\":{\"@type\":\"ImageObject\",\"inLanguage\":\"ca\",\"@id\":\"https:\/\/www.canons.es\/#\/schema\/logo\/image\/\",\"url\":\"https:\/\/www.canons.es\/wp-content\/uploads\/2025\/04\/logo-canons-clinics.jpg\",\"contentUrl\":\"https:\/\/www.canons.es\/wp-content\/uploads\/2025\/04\/logo-canons-clinics.jpg\",\"width\":600,\"height\":139,\"caption\":\"Cirug\u00eda Pl\u00e1stica y Est\u00e9tica Barcelona y Granollers | C\u00e0nons Clinics\"},\"image\":{\"@id\":\"https:\/\/www.canons.es\/#\/schema\/logo\/image\/\"},\"sameAs\":[\"https:\/\/www.facebook.com\/canonsclinics\/\",\"https:\/\/x.com\/canonsclinics\",\"https:\/\/www.instagram.com\/canonsclinics\/\",\"https:\/\/www.youtube.com\/channel\/UCI1Ia6LjALyo1CuQ0_HwtfQ\",\"https:\/\/www.linkedin.com\/company\/canons-clinics\/\"]}]}<\/script>\n<!-- \/ Yoast SEO Premium plugin. -->","yoast_head_json":{"title":"Mentopl\u00e0stia - Cl\u00ednica C\u00e0nons | Cirurgia i Medicina Estetica a Barcelona, \u200b\u200bGranollers","robots":{"index":"index","follow":"follow","max-snippet":"max-snippet:-1","max-image-preview":"max-image-preview:large","max-video-preview":"max-video-preview:-1"},"canonical":"https:\/\/www.canons.es\/cirugia-plastica-facial-2\/mentoplastia\/","og_locale":"ca_ES","og_type":"article","og_title":"Mentopl\u00e0stia","og_description":"[vc_row css_animation=&#8221;&#8221; row_type=&#8221;row&#8221; use_row_as_full_screen_section=&#8221;no&#8221; type=&#8221;full_width&#8221; angled_section=&#8221;no&#8221; text_align=&#8221;left&#8221; background_image_as_pattern=&#8221;without_pattern&#8221; background_color=&#8221;#f7f7f7&#8243; section_type=&#8221;full-width&#8221;][vc_column][vc_empty_space height=&#8221;20px&#8221;][vc_empty_space][vc_row_inner row_type=&#8221;row&#8221; type=&#8221;full_width&#8221; text_align=&#8221;left&#8221; css_animation=&#8221;&#8221;][vc_column_inner width=&#8221;1\/2&#8243;][vc_single_image image=&#8221;8009&#8243; img_size=&#8221;full&#8221; alignment=&#8221;center&#8221; qode_css_animation=&#8221;&#8221;][vc_empty_space][\/vc_column_inner][vc_column_inner width=&#8221;1\/2&#8243;][vc_column_text] \u00c9s una de les cirurgies pl\u00e0stiques i est\u00e8tiques facials especialitzades a aconseguir major harmonia entre les diferents faccions del rostre. Un procediment quir\u00fargic que...","og_url":"https:\/\/www.canons.es\/cirugia-plastica-facial-2\/mentoplastia\/","og_site_name":"Cl\u00ednica C\u00e0nons | Cirurgia i Medicina Estetica a Barcelona, \u200b\u200bGranollers","article_publisher":"https:\/\/www.facebook.com\/canonsclinics\/","article_modified_time":"2019-12-12T16:12:49+00:00","twitter_card":"summary_large_image","twitter_site":"@canonsclinics","twitter_misc":{"Temps estimat de lectura":"6 minuts"},"schema":{"@context":"https:\/\/schema.org","@graph":[{"@type":"WebPage","@id":"https:\/\/www.canons.es\/cirugia-plastica-facial-2\/mentoplastia\/","url":"https:\/\/www.canons.es\/cirugia-plastica-facial-2\/mentoplastia\/","name":"Mentopl\u00e0stia - Cl\u00ednica C\u00e0nons | Cirurgia i Medicina Estetica a Barcelona, \u200b\u200bGranollers","isPartOf":{"@id":"https:\/\/www.canons.es\/#website"},"datePublished":"2015-09-09T16:20:43+00:00","dateModified":"2019-12-12T16:12:49+00:00","breadcrumb":{"@id":"https:\/\/www.canons.es\/cirugia-plastica-facial-2\/mentoplastia\/#breadcrumb"},"inLanguage":"ca","potentialAction":[{"@type":"ReadAction","target":["https:\/\/www.canons.es\/cirugia-plastica-facial-2\/mentoplastia\/"]}]},{"@type":"BreadcrumbList","@id":"https:\/\/www.canons.es\/cirugia-plastica-facial-2\/mentoplastia\/#breadcrumb","itemListElement":[{"@type":"ListItem","position":1,"name":"Portada","item":"https:\/\/www.canons.es\/ca\/"},{"@type":"ListItem","position":2,"name":"CIRURGIA PL\u00c0STICA FACIAL","item":"https:\/\/www.canons.es\/ca\/cirurgia-plastica-facial\/"},{"@type":"ListItem","position":3,"name":"Mentopl\u00e0stia"}]},{"@type":"WebSite","@id":"https:\/\/www.canons.es\/#website","url":"https:\/\/www.canons.es\/","name":"Cirug\u00eda Pl\u00e1stica y Est\u00e9tica Barcelona y Granollers | C\u00e0nons Clinics","description":"","publisher":{"@id":"https:\/\/www.canons.es\/#organization"},"potentialAction":[{"@type":"SearchAction","target":{"@type":"EntryPoint","urlTemplate":"https:\/\/www.canons.es\/?s={search_term_string}"},"query-input":{"@type":"PropertyValueSpecification","valueRequired":true,"valueName":"search_term_string"}}],"inLanguage":"ca"},{"@type":"Organization","@id":"https:\/\/www.canons.es\/#organization","name":"Cirug\u00eda Pl\u00e1stica y Est\u00e9tica Barcelona y Granollers | C\u00e0nons Clinics","url":"https:\/\/www.canons.es\/","logo":{"@type":"ImageObject","inLanguage":"ca","@id":"https:\/\/www.canons.es\/#\/schema\/logo\/image\/","url":"https:\/\/www.canons.es\/wp-content\/uploads\/2025\/04\/logo-canons-clinics.jpg","contentUrl":"https:\/\/www.canons.es\/wp-content\/uploads\/2025\/04\/logo-canons-clinics.jpg","width":600,"height":139,"caption":"Cirug\u00eda Pl\u00e1stica y Est\u00e9tica Barcelona y Granollers | C\u00e0nons Clinics"},"image":{"@id":"https:\/\/www.canons.es\/#\/schema\/logo\/image\/"},"sameAs":["https:\/\/www.facebook.com\/canonsclinics\/","https:\/\/x.com\/canonsclinics","https:\/\/www.instagram.com\/canonsclinics\/","https:\/\/www.youtube.com\/channel\/UCI1Ia6LjALyo1CuQ0_HwtfQ","https:\/\/www.linkedin.com\/company\/canons-clinics\/"]}]}},"_links":{"self":[{"href":"https:\/\/www.canons.es\/ca\/wp-json\/wp\/v2\/pages\/9732","targetHints":{"allow":["GET"]}}],"collection":[{"href":"https:\/\/www.canons.es\/ca\/wp-json\/wp\/v2\/pages"}],"about":[{"href":"https:\/\/www.canons.es\/ca\/wp-json\/wp\/v2\/types\/page"}],"author":[{"embeddable":true,"href":"https:\/\/www.canons.es\/ca\/wp-json\/wp\/v2\/users\/25"}],"replies":[{"embeddable":true,"href":"https:\/\/www.canons.es\/ca\/wp-json\/wp\/v2\/comments?post=9732"}],"version-history":[{"count":0,"href":"https:\/\/www.canons.es\/ca\/wp-json\/wp\/v2\/pages\/9732\/revisions"}],"up":[{"embeddable":true,"href":"https:\/\/www.canons.es\/ca\/wp-json\/wp\/v2\/pages\/9761"}],"wp:attachment":[{"href":"https:\/\/www.canons.es\/ca\/wp-json\/wp\/v2\/media?parent=9732"}],"curies":[{"name":"wp","href":"https:\/\/api.w.org\/{rel}","templated":true}]}}