{"id":9723,"date":"2015-09-08T16:05:10","date_gmt":"2015-09-08T16:05:10","guid":{"rendered":"https:\/\/www.canons.es\/ca\/lifting-de-papada\/"},"modified":"2019-12-12T16:44:15","modified_gmt":"2019-12-12T16:44:15","slug":"lifting-de-papada","status":"publish","type":"page","link":"https:\/\/www.canons.es\/ca\/cirurgia-plastica-facial\/lifting-de-papada\/","title":{"rendered":"Lifting de Papada"},"content":{"rendered":"<div class=\"wpb-content-wrapper\"><p>[vc_row css_animation=&#8221;&#8221; row_type=&#8221;row&#8221; use_row_as_full_screen_section=&#8221;no&#8221; type=&#8221;full_width&#8221; angled_section=&#8221;no&#8221; text_align=&#8221;left&#8221; background_image_as_pattern=&#8221;without_pattern&#8221; background_color=&#8221;#f7f7f7&#8243; section_type=&#8221;full-width&#8221;][vc_column][vc_empty_space height=&#8221;20px&#8221;]<div class=\"custom_font_holder\" style=\"font-family: Raleway; font-size: 35px; line-height: 26px; font-style: normal; font-weight: 300; color: #1e70b3; text-decoration: none; text-align: left;\">LIFTING DE PAPADA<\/div>[vc_empty_space][vc_row_inner row_type=&#8221;row&#8221; type=&#8221;full_width&#8221; text_align=&#8221;left&#8221; css_animation=&#8221;&#8221;][vc_column_inner width=&#8221;1\/2&#8243;][vc_single_image image=&#8221;8003&#8243; img_size=&#8221;full&#8221; alignment=&#8221;center&#8221; qode_css_animation=&#8221;&#8221;][vc_empty_space][\/vc_column_inner][vc_column_inner width=&#8221;1\/2&#8243;][vc_column_text]<\/p>\n<p style=\"text-align: justify;\">La papada, la capa de greix subcutani que s\u2019acumula sota el ment\u00f3, contribueix a desdibuixar l\u2019\u00f2val facial a causa de la p\u00e8rdua d\u2019elasticitat muscular fisiol\u00f2gica que es perd amb el pas dels anys.<\/p>\n<p style=\"text-align: justify;\">Amb la Liposucci\u00f3 assistida per L\u00e0ser podr\u00e0s <strong>reafirmar i eliminar la papada contribuint a millorar el contorn mandibular facial, aportant un aspecte m\u00e9s juvenil.<\/strong><\/p>\n<p>[\/vc_column_text][\/vc_column_inner][\/vc_row_inner][\/vc_column][\/vc_row][vc_row css_animation=&#8221;&#8221; row_type=&#8221;row&#8221; use_row_as_full_screen_section=&#8221;no&#8221; type=&#8221;full_width&#8221; angled_section=&#8221;no&#8221; text_align=&#8221;left&#8221; background_image_as_pattern=&#8221;without_pattern&#8221; section_type=&#8221;full-width&#8221;][vc_column][vc_empty_space height=&#8221;40px&#8221;][vc_accordion style=&#8221;accordion&#8221;][vc_accordion_tab title=&#8221;Qui \u00e9s el candidat ideal per sotmetre a una Liposucci\u00f3 de Papada assistida per L\u00e0ser?&#8221;][vc_column_text]<\/p>\n<p style=\"text-align: justify;\">La Liposucci\u00f3 de Papada assistida per L\u00e0ser \u00e9s la millor soluci\u00f3 per a persones joves i, de mitjana edat, tant per a homes com per dones, que tenen la pell el\u00e0stica i fina i, que desitgen disminuir el greix que es va acumulant amb els anys sota el ment\u00f3.<\/p>\n<p style=\"text-align: justify;\"><strong><span style=\"color: #6d98dc;\">La finalitat ser\u00e0 remodelar l\u2019\u00f2val facial adquirint un aspecte redefinit d\u2019aquest, remodelat i llis<\/span>.\u00a0<\/strong><\/p>\n<p>[\/vc_column_text][\/vc_accordion_tab][vc_accordion_tab title=&#8221;Es pot fer en ambdos sexes?&#8221;][vc_column_text]La Liposucci\u00f3 assistida per L\u00e0ser de la papada est\u00e0 indicada tant per a dones com per a homes, si b\u00e9 cal tenir en compte que l\u2019acumulaci\u00f3 de greix en ambd\u00f3s sexes \u00e9s molt diferent, a causa de les diferents zones d\u2019adher\u00e8ncia de greix i als variats est\u00edmuls hormonals.<\/p>\n<p><span style=\"color: #6d98dc;\"><strong>Cal destacar que aquesta t\u00e8cnica quir\u00fargica es pot realitzar en diverses zones al mateix temps, incloent altres \u00e0rees com abdomen, flancs, cuixes, bra\u00e7os, aixelles, esquena, turmells\u2026<\/strong><\/span>[\/vc_column_text][\/vc_accordion_tab][vc_accordion_tab title=&#8221;En qu\u00e8 consisteix la Liposucci\u00f3 de Papada assistida per L\u00e0ser?&#8221;][vc_column_text]<\/p>\n<p style=\"text-align: justify;\"><strong><span style=\"color: #6d98dc;\">Es tracta d\u2019una cirurgia molt senzilla, que et permetr\u00e0 reincorporar-te al teu ritme de vida habitual a les 24 h. aproximadament, del procediment<\/span>.<\/strong><\/p>\n<p style=\"text-align: justify;\">Consisteix a realitzar una petita incisi\u00f3 just sota el ment\u00f3, per on s\u2019introdueix simult\u00e0niament la fibra de llum l\u00e0ser i, la c\u00e0nula fin\u00edsima de liposucci\u00f3 per aspirar l\u2019exc\u00e9s de greix a la papada.<\/p>\n<p style=\"text-align: justify;\">At\u00e8s que la c\u00e0nula que s\u2019introdueix \u00e9s molt fina, les incisions s\u00f3n m\u00ednimes i, m\u00ednims els hematomes que desapareixeran als pocs dies.<\/p>\n<p style=\"text-align: justify;\">Els punts de sutura es retiraran aproximadament a la setmana de La liposucci\u00f3 de papada. Quedant unes cicatrius pr\u00e0cticament imperceptibles.<\/p>\n<p style=\"text-align: justify;\">La novetat d\u2019aquesta t\u00e8cnica \u00e9s que en el moment que es realitza la liposucci\u00f3 del greix de la papada simult\u00e0niament s\u2019est\u00e0 tractant la zona <strong><span style=\"color: #6d98dc;\">lipoaspirada amb l\u00e0ser el qual t\u00e9 la caracter\u00edstica de retreure l\u2019epidermis, estimular el col\u00b7l\u00e0gen subcutani i coagular els vasos sanguinis que sagnen durant la liposucci\u00f3<\/span>.<\/strong><\/p>\n<p style=\"text-align: justify;\">La liposucci\u00f3 de papada es fa de manera ambulat\u00f2ria i es sol\u00a0realitzar amb anest\u00e8sia local.<\/p>\n<p>[\/vc_column_text][\/vc_accordion_tab][vc_accordion_tab title=&#8221;Podr\u00e9 veure alguna simulaci\u00f3 en 3D abans d\u2019operar-me de Liposucci\u00f3 de Papada?&#8221;][vc_column_text]<\/p>\n<p style=\"text-align: justify;\">En els nostres centres C\u00e0nons Clinics, especialitzats en Cirurgia i Medicina Est\u00e8tica oferim la possibilitat de mostrar mitjan\u00e7ant un nou programa 3D E-Stetix diverses simulacions en tres dimensions de la Liposucci\u00f3 de Papada per poder analitzar de forma personalitzada i, segons criteri m\u00e8dic tots els aspectes que desitgis millorar nom\u00e9s fent unes fotografies pr\u00e8vies, <strong><span style=\"color: #6d98dc;\">on et podr\u00e0s fer una idea, sempre aproximada, de com quedar\u00e0s despr\u00e9s de la cirurgia ja que intervenen molts factors<\/span>.<\/strong><\/p>\n<p>[\/vc_column_text][\/vc_accordion_tab][vc_accordion_tab title=&#8221;En qu\u00e8 es diferencia la Liposucci\u00f3 de papada assistida per l\u00e0ser amb la Liposucci\u00f3 Tradicional?&#8221;][vc_column_text]<\/p>\n<p style=\"text-align: justify;\">El problema de la liposucci\u00f3 tradicional \u00e9s que deixa un penjoll cutani-adip\u00f3s massa gruixut i pesat. No obstant aix\u00f2, amb la Liposucci\u00f3 assistida per l\u00e0ser <span style=\"color: #6d98dc;\"><strong>extirpem tamb\u00e9 el greix superficial que gr\u00e0cies a l\u2019aplicaci\u00f3 de l\u00e1ser aquest penjoll fa que es retregui, al mateix temps que amb la calor estimula la s\u00edntesi de col\u00b7l\u00e0gen i elastina<\/strong><\/span>, creant aix\u00ed noves corbes i volums emfatitzant al m\u00e0xim la propietat de retracci\u00f3 de la pell.<\/p>\n<p>[\/vc_column_text][\/vc_accordion_tab][vc_accordion_tab title=&#8221;Com ser\u00e0 la tornada a la normalitat?&#8221;][vc_column_text]<\/p>\n<p style=\"text-align: justify;\">\u00c9s freq\u00fcent que apareguin petits hematomes i inflamaci\u00f3 a la zona lipoaspirada. Aquests efectes postquir\u00fargics no s\u00f3n molestos. El dolor \u00e9s molt superficial i, podran tractar perfectament amb analg\u00e8sics i antiinflamatoris que et recomanar\u00e0 el teu cirurgi\u00e0.<\/p>\n<p style=\"text-align: justify;\">\u00c9s important que durant les primeres 24 hores facis rep\u00f2s relatiu, et posis fred local i, que segueixis tota la pauta analg\u00e8sica i antiinflamat\u00f2ria que t\u2019indicar\u00e0 el teu cirurgi\u00e0 pl\u00e0stic.<\/p>\n<p style=\"text-align: justify;\">En finalitzar la intervenci\u00f3 es col\u00b7locar\u00e0 una bena el\u00e0stica o, pe\u00e7a de pressoter\u00e0pia al ment\u00f3 que haur\u00e0s de portar durant uns dies.<\/p>\n<p style=\"text-align: justify;\">A m\u00e9s, a C\u00e0nons Clinics, centres especialitzats en Cirurgia i Medicina Est\u00e8tica,<b>\u00a0<\/b><strong><span style=\"color: #6d98dc;\">complementem la Liposucci\u00f3 assistida per L\u00e0ser de papada amb drenatges limf\u00e0tics manuals i massatges espec\u00edfics reafirmants amb l\u2019objectiu d\u2019escur\u00e7ar el per\u00edode postquir\u00fargic i tornar ben aviat a la normalitat del dia a dia<\/span>.<\/strong><\/p>\n<p>[\/vc_column_text][\/vc_accordion_tab][vc_accordion_tab title=&#8221;Com em preparo la cirurgia?&#8221;][vc_column_text]El doctor et donar\u00e0 instruccions sobre com preparar-te per la cirurgia, incloent les pautes a seguir sobre la presa o supressi\u00f3 de medicaments, vitamines, suplements de ferro, aliments, l\u00edquids i tabac.<\/p>\n<p><span style=\"color: #6d98dc;\"><strong>Assegura\u2019t, a m\u00e9s, que algun familiar o acompanyant pugui acompanyar-te quan se\u2019t doni l\u2019alta<\/strong><\/span> i que, en cas necessari, puguin ajudar-te uns dies.[\/vc_column_text][\/vc_accordion_tab][vc_accordion_tab title=&#8221;Quines precaucions haur\u00e9 prendre?&#8221;][vc_column_text]<\/p>\n<p style=\"text-align: justify;\">Amb l\u2019objectiu de limitar el risc de sagnat i hematomes haur\u00e0s d\u2019<span style=\"color: #6d98dc;\"><strong>evitar prendre en els 7 dies previs al procediment<\/strong><\/span> antiagregants plaquetaris com Aspirina, Dipiridamol, Ticlopidina\u2026 com tamb\u00e9, en els 3 dies previs prendre antiinflamatoris no estero\u00efdals amb efecte antiagregant com ibuprof\u00e8, Diclofenac, Indometacina, Piroxicam, Naprox\u00e8\u2026<\/p>\n<p>[\/vc_column_text][\/vc_accordion_tab][\/vc_accordion][\/vc_column][\/vc_row]<\/p>\n<\/div><!-- AddThis Advanced Settings generic via filter on the_content --><!-- AddThis Share Buttons generic via filter on the_content -->","protected":false},"excerpt":{"rendered":"<p>[vc_row css_animation=&#8221;&#8221; row_type=&#8221;row&#8221; use_row_as_full_screen_section=&#8221;no&#8221; type=&#8221;full_width&#8221; angled_section=&#8221;no&#8221; text_align=&#8221;left&#8221; background_image_as_pattern=&#8221;without_pattern&#8221; background_color=&#8221;#f7f7f7&#8243; section_type=&#8221;full-width&#8221;][vc_column][vc_empty_space height=&#8221;20px&#8221;][vc_empty_space][vc_row_inner row_type=&#8221;row&#8221; type=&#8221;full_width&#8221; text_align=&#8221;left&#8221; css_animation=&#8221;&#8221;][vc_column_inner width=&#8221;1\/2&#8243;][vc_single_image image=&#8221;8003&#8243; img_size=&#8221;full&#8221; alignment=&#8221;center&#8221; qode_css_animation=&#8221;&#8221;][vc_empty_space][\/vc_column_inner][vc_column_inner width=&#8221;1\/2&#8243;][vc_column_text] La papada, la capa de greix subcutani que s\u2019acumula sota el ment\u00f3, contribueix a desdibuixar l\u2019\u00f2val facial a causa de la p\u00e8rdua d\u2019elasticitat muscular&#8230;<!-- AddThis Advanced Settings generic via filter on get_the_excerpt --><!-- AddThis Share Buttons generic via filter on get_the_excerpt --><\/p>\n","protected":false},"author":25,"featured_media":0,"parent":9761,"menu_order":0,"comment_status":"closed","ping_status":"closed","template":"","meta":{"footnotes":""},"class_list":["post-9723","page","type-page","status-publish","hentry"],"yoast_head":"<!-- This site is optimized with the Yoast SEO Premium plugin v26.9 (Yoast SEO v27.6) - https:\/\/yoast.com\/product\/yoast-seo-premium-wordpress\/ -->\n<title>Lifting de Papada - Cl\u00ednica C\u00e0nons | Cirurgia i Medicina Estetica a Barcelona, \u200b\u200bGranollers<\/title>\n<meta name=\"robots\" content=\"index, follow, max-snippet:-1, max-image-preview:large, max-video-preview:-1\" \/>\n<link rel=\"canonical\" href=\"https:\/\/www.canons.es\/cirugia-plastica-facial-2\/lifting-de-papada\/\" \/>\n<meta property=\"og:locale\" content=\"ca_ES\" \/>\n<meta property=\"og:type\" content=\"article\" \/>\n<meta property=\"og:title\" content=\"Lifting de Papada\" \/>\n<meta property=\"og:description\" content=\"[vc_row css_animation=&#8221;&#8221; row_type=&#8221;row&#8221; use_row_as_full_screen_section=&#8221;no&#8221; type=&#8221;full_width&#8221; angled_section=&#8221;no&#8221; text_align=&#8221;left&#8221; background_image_as_pattern=&#8221;without_pattern&#8221; background_color=&#8221;#f7f7f7&#8243; section_type=&#8221;full-width&#8221;][vc_column][vc_empty_space height=&#8221;20px&#8221;][vc_empty_space][vc_row_inner row_type=&#8221;row&#8221; type=&#8221;full_width&#8221; text_align=&#8221;left&#8221; css_animation=&#8221;&#8221;][vc_column_inner width=&#8221;1\/2&#8243;][vc_single_image image=&#8221;8003&#8243; img_size=&#8221;full&#8221; alignment=&#8221;center&#8221; qode_css_animation=&#8221;&#8221;][vc_empty_space][\/vc_column_inner][vc_column_inner width=&#8221;1\/2&#8243;][vc_column_text] La papada, la capa de greix subcutani que s\u2019acumula sota el ment\u00f3, contribueix a desdibuixar l\u2019\u00f2val facial a causa de la p\u00e8rdua d\u2019elasticitat muscular...\" \/>\n<meta property=\"og:url\" content=\"https:\/\/www.canons.es\/cirugia-plastica-facial-2\/lifting-de-papada\/\" \/>\n<meta property=\"og:site_name\" content=\"Cl\u00ednica C\u00e0nons | Cirurgia i Medicina Estetica a Barcelona, \u200b\u200bGranollers\" \/>\n<meta property=\"article:publisher\" content=\"https:\/\/www.facebook.com\/canonsclinics\/\" \/>\n<meta property=\"article:modified_time\" content=\"2019-12-12T16:44:15+00:00\" \/>\n<meta name=\"twitter:card\" content=\"summary_large_image\" \/>\n<meta name=\"twitter:site\" content=\"@canonsclinics\" \/>\n<meta name=\"twitter:label1\" content=\"Temps estimat de lectura\" \/>\n\t<meta name=\"twitter:data1\" content=\"6 minuts\" \/>\n<script type=\"application\/ld+json\" class=\"yoast-schema-graph\">{\"@context\":\"https:\\\/\\\/schema.org\",\"@graph\":[{\"@type\":\"WebPage\",\"@id\":\"https:\\\/\\\/www.canons.es\\\/cirugia-plastica-facial-2\\\/lifting-de-papada\\\/\",\"url\":\"https:\\\/\\\/www.canons.es\\\/cirugia-plastica-facial-2\\\/lifting-de-papada\\\/\",\"name\":\"Lifting de Papada - Cl\u00ednica C\u00e0nons | Cirurgia i Medicina Estetica a Barcelona, \u200b\u200bGranollers\",\"isPartOf\":{\"@id\":\"https:\\\/\\\/www.canons.es\\\/#website\"},\"datePublished\":\"2015-09-08T16:05:10+00:00\",\"dateModified\":\"2019-12-12T16:44:15+00:00\",\"breadcrumb\":{\"@id\":\"https:\\\/\\\/www.canons.es\\\/cirugia-plastica-facial-2\\\/lifting-de-papada\\\/#breadcrumb\"},\"inLanguage\":\"ca\",\"potentialAction\":[{\"@type\":\"ReadAction\",\"target\":[\"https:\\\/\\\/www.canons.es\\\/cirugia-plastica-facial-2\\\/lifting-de-papada\\\/\"]}]},{\"@type\":\"BreadcrumbList\",\"@id\":\"https:\\\/\\\/www.canons.es\\\/cirugia-plastica-facial-2\\\/lifting-de-papada\\\/#breadcrumb\",\"itemListElement\":[{\"@type\":\"ListItem\",\"position\":1,\"name\":\"Portada\",\"item\":\"https:\\\/\\\/www.canons.es\\\/ca\\\/\"},{\"@type\":\"ListItem\",\"position\":2,\"name\":\"CIRURGIA PL\u00c0STICA FACIAL\",\"item\":\"https:\\\/\\\/www.canons.es\\\/ca\\\/cirurgia-plastica-facial\\\/\"},{\"@type\":\"ListItem\",\"position\":3,\"name\":\"Lifting de Papada\"}]},{\"@type\":\"WebSite\",\"@id\":\"https:\\\/\\\/www.canons.es\\\/#website\",\"url\":\"https:\\\/\\\/www.canons.es\\\/\",\"name\":\"Cirug\u00eda Pl\u00e1stica y Est\u00e9tica Barcelona y Granollers | C\u00e0nons Clinics\",\"description\":\"\",\"publisher\":{\"@id\":\"https:\\\/\\\/www.canons.es\\\/#organization\"},\"potentialAction\":[{\"@type\":\"SearchAction\",\"target\":{\"@type\":\"EntryPoint\",\"urlTemplate\":\"https:\\\/\\\/www.canons.es\\\/?s={search_term_string}\"},\"query-input\":{\"@type\":\"PropertyValueSpecification\",\"valueRequired\":true,\"valueName\":\"search_term_string\"}}],\"inLanguage\":\"ca\"},{\"@type\":\"Organization\",\"@id\":\"https:\\\/\\\/www.canons.es\\\/#organization\",\"name\":\"Cirug\u00eda Pl\u00e1stica y Est\u00e9tica Barcelona y Granollers | C\u00e0nons Clinics\",\"url\":\"https:\\\/\\\/www.canons.es\\\/\",\"logo\":{\"@type\":\"ImageObject\",\"inLanguage\":\"ca\",\"@id\":\"https:\\\/\\\/www.canons.es\\\/#\\\/schema\\\/logo\\\/image\\\/\",\"url\":\"https:\\\/\\\/www.canons.es\\\/wp-content\\\/uploads\\\/2025\\\/04\\\/logo-canons-clinics.jpg\",\"contentUrl\":\"https:\\\/\\\/www.canons.es\\\/wp-content\\\/uploads\\\/2025\\\/04\\\/logo-canons-clinics.jpg\",\"width\":600,\"height\":139,\"caption\":\"Cirug\u00eda Pl\u00e1stica y Est\u00e9tica Barcelona y Granollers | C\u00e0nons Clinics\"},\"image\":{\"@id\":\"https:\\\/\\\/www.canons.es\\\/#\\\/schema\\\/logo\\\/image\\\/\"},\"sameAs\":[\"https:\\\/\\\/www.facebook.com\\\/canonsclinics\\\/\",\"https:\\\/\\\/x.com\\\/canonsclinics\",\"https:\\\/\\\/www.instagram.com\\\/canonsclinics\\\/\",\"https:\\\/\\\/www.youtube.com\\\/channel\\\/UCI1Ia6LjALyo1CuQ0_HwtfQ\",\"https:\\\/\\\/www.linkedin.com\\\/company\\\/canons-clinics\\\/\"]}]}<\/script>\n<!-- \/ Yoast SEO Premium plugin. -->","yoast_head_json":{"title":"Lifting de Papada - Cl\u00ednica C\u00e0nons | Cirurgia i Medicina Estetica a Barcelona, \u200b\u200bGranollers","robots":{"index":"index","follow":"follow","max-snippet":"max-snippet:-1","max-image-preview":"max-image-preview:large","max-video-preview":"max-video-preview:-1"},"canonical":"https:\/\/www.canons.es\/cirugia-plastica-facial-2\/lifting-de-papada\/","og_locale":"ca_ES","og_type":"article","og_title":"Lifting de Papada","og_description":"[vc_row css_animation=&#8221;&#8221; row_type=&#8221;row&#8221; use_row_as_full_screen_section=&#8221;no&#8221; type=&#8221;full_width&#8221; angled_section=&#8221;no&#8221; text_align=&#8221;left&#8221; background_image_as_pattern=&#8221;without_pattern&#8221; background_color=&#8221;#f7f7f7&#8243; section_type=&#8221;full-width&#8221;][vc_column][vc_empty_space height=&#8221;20px&#8221;][vc_empty_space][vc_row_inner row_type=&#8221;row&#8221; type=&#8221;full_width&#8221; text_align=&#8221;left&#8221; css_animation=&#8221;&#8221;][vc_column_inner width=&#8221;1\/2&#8243;][vc_single_image image=&#8221;8003&#8243; img_size=&#8221;full&#8221; alignment=&#8221;center&#8221; qode_css_animation=&#8221;&#8221;][vc_empty_space][\/vc_column_inner][vc_column_inner width=&#8221;1\/2&#8243;][vc_column_text] La papada, la capa de greix subcutani que s\u2019acumula sota el ment\u00f3, contribueix a desdibuixar l\u2019\u00f2val facial a causa de la p\u00e8rdua d\u2019elasticitat muscular...","og_url":"https:\/\/www.canons.es\/cirugia-plastica-facial-2\/lifting-de-papada\/","og_site_name":"Cl\u00ednica C\u00e0nons | Cirurgia i Medicina Estetica a Barcelona, \u200b\u200bGranollers","article_publisher":"https:\/\/www.facebook.com\/canonsclinics\/","article_modified_time":"2019-12-12T16:44:15+00:00","twitter_card":"summary_large_image","twitter_site":"@canonsclinics","twitter_misc":{"Temps estimat de lectura":"6 minuts"},"schema":{"@context":"https:\/\/schema.org","@graph":[{"@type":"WebPage","@id":"https:\/\/www.canons.es\/cirugia-plastica-facial-2\/lifting-de-papada\/","url":"https:\/\/www.canons.es\/cirugia-plastica-facial-2\/lifting-de-papada\/","name":"Lifting de Papada - Cl\u00ednica C\u00e0nons | Cirurgia i Medicina Estetica a Barcelona, \u200b\u200bGranollers","isPartOf":{"@id":"https:\/\/www.canons.es\/#website"},"datePublished":"2015-09-08T16:05:10+00:00","dateModified":"2019-12-12T16:44:15+00:00","breadcrumb":{"@id":"https:\/\/www.canons.es\/cirugia-plastica-facial-2\/lifting-de-papada\/#breadcrumb"},"inLanguage":"ca","potentialAction":[{"@type":"ReadAction","target":["https:\/\/www.canons.es\/cirugia-plastica-facial-2\/lifting-de-papada\/"]}]},{"@type":"BreadcrumbList","@id":"https:\/\/www.canons.es\/cirugia-plastica-facial-2\/lifting-de-papada\/#breadcrumb","itemListElement":[{"@type":"ListItem","position":1,"name":"Portada","item":"https:\/\/www.canons.es\/ca\/"},{"@type":"ListItem","position":2,"name":"CIRURGIA PL\u00c0STICA FACIAL","item":"https:\/\/www.canons.es\/ca\/cirurgia-plastica-facial\/"},{"@type":"ListItem","position":3,"name":"Lifting de Papada"}]},{"@type":"WebSite","@id":"https:\/\/www.canons.es\/#website","url":"https:\/\/www.canons.es\/","name":"Cirug\u00eda Pl\u00e1stica y Est\u00e9tica Barcelona y Granollers | C\u00e0nons Clinics","description":"","publisher":{"@id":"https:\/\/www.canons.es\/#organization"},"potentialAction":[{"@type":"SearchAction","target":{"@type":"EntryPoint","urlTemplate":"https:\/\/www.canons.es\/?s={search_term_string}"},"query-input":{"@type":"PropertyValueSpecification","valueRequired":true,"valueName":"search_term_string"}}],"inLanguage":"ca"},{"@type":"Organization","@id":"https:\/\/www.canons.es\/#organization","name":"Cirug\u00eda Pl\u00e1stica y Est\u00e9tica Barcelona y Granollers | C\u00e0nons Clinics","url":"https:\/\/www.canons.es\/","logo":{"@type":"ImageObject","inLanguage":"ca","@id":"https:\/\/www.canons.es\/#\/schema\/logo\/image\/","url":"https:\/\/www.canons.es\/wp-content\/uploads\/2025\/04\/logo-canons-clinics.jpg","contentUrl":"https:\/\/www.canons.es\/wp-content\/uploads\/2025\/04\/logo-canons-clinics.jpg","width":600,"height":139,"caption":"Cirug\u00eda Pl\u00e1stica y Est\u00e9tica Barcelona y Granollers | C\u00e0nons Clinics"},"image":{"@id":"https:\/\/www.canons.es\/#\/schema\/logo\/image\/"},"sameAs":["https:\/\/www.facebook.com\/canonsclinics\/","https:\/\/x.com\/canonsclinics","https:\/\/www.instagram.com\/canonsclinics\/","https:\/\/www.youtube.com\/channel\/UCI1Ia6LjALyo1CuQ0_HwtfQ","https:\/\/www.linkedin.com\/company\/canons-clinics\/"]}]}},"_links":{"self":[{"href":"https:\/\/www.canons.es\/ca\/wp-json\/wp\/v2\/pages\/9723","targetHints":{"allow":["GET"]}}],"collection":[{"href":"https:\/\/www.canons.es\/ca\/wp-json\/wp\/v2\/pages"}],"about":[{"href":"https:\/\/www.canons.es\/ca\/wp-json\/wp\/v2\/types\/page"}],"author":[{"embeddable":true,"href":"https:\/\/www.canons.es\/ca\/wp-json\/wp\/v2\/users\/25"}],"replies":[{"embeddable":true,"href":"https:\/\/www.canons.es\/ca\/wp-json\/wp\/v2\/comments?post=9723"}],"version-history":[{"count":0,"href":"https:\/\/www.canons.es\/ca\/wp-json\/wp\/v2\/pages\/9723\/revisions"}],"up":[{"embeddable":true,"href":"https:\/\/www.canons.es\/ca\/wp-json\/wp\/v2\/pages\/9761"}],"wp:attachment":[{"href":"https:\/\/www.canons.es\/ca\/wp-json\/wp\/v2\/media?parent=9723"}],"curies":[{"name":"wp","href":"https:\/\/api.w.org\/{rel}","templated":true}]}}