{"id":9704,"date":"2015-09-08T15:35:29","date_gmt":"2015-09-08T15:35:29","guid":{"rendered":"https:\/\/www.canons.es\/ca\/lifting-de-cuello\/"},"modified":"2019-12-12T15:58:42","modified_gmt":"2019-12-12T15:58:42","slug":"lifting-de-cuello","status":"publish","type":"page","link":"https:\/\/www.canons.es\/ca\/cirurgia-plastica-facial\/lifting-de-cuello\/","title":{"rendered":"Cervical Lifting de Coll o Cervical"},"content":{"rendered":"<div class=\"wpb-content-wrapper\"><p>[vc_row css_animation=&#8221;&#8221; row_type=&#8221;row&#8221; use_row_as_full_screen_section=&#8221;no&#8221; type=&#8221;full_width&#8221; angled_section=&#8221;no&#8221; text_align=&#8221;left&#8221; background_image_as_pattern=&#8221;without_pattern&#8221; background_color=&#8221;#f7f7f7&#8243; section_type=&#8221;full-width&#8221;][vc_column][vc_empty_space height=&#8221;20px&#8221;]<div class=\"custom_font_holder\" style=\"font-family: Raleway; font-size: 35px; line-height: 26px; font-style: normal; font-weight: 300; color: #1e70b3; text-decoration: none; text-align: left;\">LIFTING CERVICAL<\/div>[vc_empty_space][vc_row_inner row_type=&#8221;row&#8221; type=&#8221;full_width&#8221; text_align=&#8221;left&#8221; css_animation=&#8221;&#8221;][vc_column_inner width=&#8221;1\/2&#8243;][vc_single_image image=&#8221;7987&#8243; img_size=&#8221;full&#8221; alignment=&#8221;center&#8221; qode_css_animation=&#8221;&#8221;][vc_empty_space][\/vc_column_inner][vc_column_inner width=&#8221;1\/2&#8243;][vc_column_text]<\/p>\n<p style=\"text-align: justify;\">Els plecs entre la boca i el nas s\u2019accentuen, el perfil mandibular perd definici\u00f3 i, el coll augmenta la seva flaccid\u00e8s. El Lifting Facial com intervenci\u00f3 es pot realitzar a\u00eflladament o, en combinaci\u00f3 amb altres cirurgies de la cara com <a href=\"\/ca\/rinoplastia\/\">rinopl\u00e0stia<\/a> o <a href=\"http:\/\/www.C\u00e0nons Clinics.es\/ca\/blefaroplastia\/\">blefaropl\u00e0stia<\/a>.<\/p>\n<p>[\/vc_column_text][\/vc_column_inner][\/vc_row_inner][\/vc_column][\/vc_row][vc_row css_animation=&#8221;&#8221; row_type=&#8221;row&#8221; use_row_as_full_screen_section=&#8221;no&#8221; type=&#8221;full_width&#8221; angled_section=&#8221;no&#8221; text_align=&#8221;left&#8221; background_image_as_pattern=&#8221;without_pattern&#8221; section_type=&#8221;full-width&#8221;][vc_column][vc_empty_space height=&#8221;40px&#8221;][vc_accordion style=&#8221;accordion&#8221;][vc_accordion_tab title=&#8221;Qui \u00e9s el candidat ideal per sotmetre a un Lifting de Coll o Cervical?&#8221;][vc_column_text]<\/p>\n<p style=\"text-align: justify;\">Els millors candidats s\u00f3n aquells homes i dones en qu\u00e8 la pell ha comen\u00e7at a despenjar, per\u00f2 aquesta segueix mantenint un bon grau d\u2019elasticitat. Un Lifting de Coll o Cervical <strong><span style=\"color: #6d98dc;\">aconseguir\u00e0 aportar un millor aspecte i una aparen\u00e7a m\u00e9s jove<\/span>.<\/strong><\/p>\n<p style=\"text-align: justify;\">L\u2019edat sol estar entre els cinquanta i els setanta anys per\u00f2 tamb\u00e9 es realitzen liftings en persones majors de setanta anys amb excel\u00b7lents resultats.<\/p>\n<p>[\/vc_column_text][\/vc_accordion_tab][vc_accordion_tab title=&#8221;En qu\u00e8 consisteix el Lifting Cervical?&#8221;][vc_column_text]<\/p>\n<p style=\"text-align: justify;\">El Lifting de Coll o Cervical \u00e9s poc freq\u00fcent fer-ho de forma a\u00efllada. El m\u00e9s habitual \u00e9s associar-lo al Lifting del Ter\u00e7 Inferior Facial per aconseguir resultats m\u00e9s harm\u00f2nics.<\/p>\n<p style=\"text-align: justify;\">El <strong><span style=\"color: #6d98dc;\">Lifting consisteix b\u00e0sicament en tensar les capes musculars i la pell, retirant el teixit sobrant<\/span>.<\/strong> Una vegada concl\u00f2s, les ferides es tanquen deixant temporalment uns petits drenatges sota la pell perqu\u00e8 no s\u2019acumuli cap exudat o sang. Finalment, es col\u00b7locar\u00e0 un embenat.<\/p>\n<p style=\"text-align: justify;\">El Lifting ha de ser realitzat en una cl\u00ednica autoritzada ja que es realitza amb sedaci\u00f3 o, anest\u00e8sia general depenent de cada cas en particular.<\/p>\n<p style=\"text-align: justify;\">La seva estada a la cl\u00ednica dependr\u00e0 del tipus d\u2019anest\u00e8sia i, de l\u2019extensi\u00f3 del Lifting.<\/p>\n<p>[\/vc_column_text][\/vc_accordion_tab][vc_accordion_tab title=&#8221;Com ser\u00e0 la tornada a la normalitat?&#8221;][vc_column_text]<\/p>\n<p style=\"text-align: justify;\">El postoperatori no sol ser dolor\u00f3s. <strong><span style=\"color: #6d98dc;\">Les mol\u00e8sties que normalment apareixen es solen controlar b\u00e9 amb els analg\u00e8sics habituals. L\u2019embenat i els drenatges normalment es retiren en 24 a 48 hores<\/span>.<\/strong><\/p>\n<p style=\"text-align: justify;\">Els primers punts es retiren cap a la setmana i, els punts del cuir cabellut i \/ o les grapes una mica m\u00e9s tard.<\/p>\n<p style=\"text-align: justify;\">\u00c9s normal que es tingui una sensaci\u00f3 de hiposensibilitat facial, aquesta sensaci\u00f3 \u00e9s transit\u00f2ria i, desapareix en unes quantes setmanes. Considera com a normal que la cara estar\u00e0 inflamada i, amb hematomes, aquest aspecte nom\u00e9s durar\u00e0 entre 10 i 15 dies, aproximadament.<\/p>\n<p style=\"text-align: justify;\">\u00c9s aconsellable que facis rep\u00f2s relatiu durant les dues primeres setmanes i, que evitis els exercicis o, activitats violentes durant almenys les dues setmanes seg\u00fcents a la cirurgia. La pell de la cara necessitar\u00e0 cures espec\u00edfiques i, no haur\u00e0s exposar-la al sol o, a raigs UVA durant almenys tres mesos.<\/p>\n<p style=\"text-align: justify;\">Al principi, pots sentir-te preocupada \/ o per l\u2019aspecte de la cara, pensa que la majoria de les persones tornen a una vida normal, incloent el treball, a partir de les dues setmanes depenent de cada cas.\u00a0 A partir de la tercera setmana, el teu aspecte ser\u00e0 molt millor. Si has de tornar a treballar, pots aplicar maquillatge per amagar els possibles morats que puguin persistir.<\/p>\n<p style=\"text-align: justify;\">En aquest per\u00edode la inflamaci\u00f3 es normalitza i desapareixen els hematomes. Les cicatrius tarden algunes setmanes m\u00e9s en dissimular, per\u00f2 finalment es fan pr\u00e0cticament imperceptibles.<\/p>\n<p style=\"text-align: justify;\">Les perspectives del lifting s\u00f3n bones especialment si ets conscient que els resultats no s\u2019aprecien de manera immediata.<\/p>\n<p>[\/vc_column_text][\/vc_accordion_tab][vc_accordion_tab title=&#8221;Com em planifico el Lifting Cervical?&#8221;][vc_column_text]<\/p>\n<p style=\"text-align: justify;\">El teu cirurgi\u00e0 t\u2019explicar\u00e0 quina t\u00e8cnica s\u2019utilitzar\u00e0 en el teu cas en particular, aix\u00ed com l\u2019anest\u00e8sia m\u00e9s aconsellable.<\/p>\n<p style=\"text-align: justify;\">No deixis de preguntar al teu cirurgi\u00e0 pl\u00e0stic qualsevol dubte que tinguis sobre la cirurgia, tamb\u00e9 has de pensar detingudament en les teves expectatives i, transmetre-les al teu cirurgi\u00e0.<\/p>\n<p style=\"text-align: justify;\">El doctor t\u2019indicar\u00e0 quins passos has de seguir per preparar la intervenci\u00f3. Tamb\u00e9 comprovar\u00e0 tots aquells aspectes m\u00e8dics que puguin causar problemes despr\u00e9s de la intervenci\u00f3, com tensi\u00f3 alta no controlada, problemes de coagulaci\u00f3, etc. Comenta-li si est\u00e0s prenent algun tipus de medicaci\u00f3, especialment aspirines o qualsevol medicament que pugui afectar la coagulaci\u00f3 de la sang.<\/p>\n<p style=\"text-align: justify;\">Haur\u00e0s de seguir acuradament les pautes que et faciliti el cirurgi\u00e0 pl\u00e0stic, fet que t\u2019ajudar\u00e0 en gran mesura a que la cirurgia es desenvolupi millor. Si ets fumador\/a \u00e9s fonamental que almenys quatre setmanes abans i despr\u00e9s de la intervenci\u00f3 deixis de fumar. El tabac dificulta que la sang flueixi cap a la pell i pot interferir en la recuperaci\u00f3 de les cicatrius.<\/p>\n<p style=\"text-align: justify;\"><strong><span style=\"color: #6d98dc;\">Si tens els cabells curts \u00e9s recomanable que els deixis cr\u00e9ixer abans de la intervenci\u00f3, ja que el cabell llarg ajuda a amagar les cicatrius de la cirurgia.<\/span><\/strong><\/p>\n<p style=\"text-align: justify;\"><span style=\"color: #6d98dc;\"><strong>Quan el lifting s\u2019hagi realitzat recorda que tant si has estat ingressada o ha estat una cirurgia ambulat\u00f2ria haur\u00e0s de comptar amb ajuda tant per tal que porti a casa com per ajudar-te a casa durant els primers dies.<\/strong><\/span><\/p>\n<p>[\/vc_column_text][\/vc_accordion_tab][vc_accordion_tab title=&#8221;Quines precaucions haur\u00e9 prendre?&#8221;][vc_column_text]<\/p>\n<p style=\"text-align: justify;\">Amb l\u2019objectiu de limitar el risc de sagnat i hematomes haur\u00e0s d\u2019<span style=\"color: #6d98dc;\"><strong>evitar prendre en els 7 dies previs<\/strong><\/span> al procediment antiagregants plaquetaris com Aspirina, Dipiridamol, Ticlopidina\u2026 com tamb\u00e9, en els 3 dies previs prendre antiinflamatoris no estero\u00efdals amb efecte antiagregant com ibuprof\u00e8, Diclofenac, Indometacina, Piroxicam, Naproxeno\u2026<\/p>\n<p>[\/vc_column_text][\/vc_accordion_tab][\/vc_accordion][\/vc_column][\/vc_row]<\/p>\n<\/div><!-- AddThis Advanced Settings generic via filter on the_content --><!-- AddThis Share Buttons generic via filter on the_content -->","protected":false},"excerpt":{"rendered":"<p>[vc_row css_animation=&#8221;&#8221; row_type=&#8221;row&#8221; use_row_as_full_screen_section=&#8221;no&#8221; type=&#8221;full_width&#8221; angled_section=&#8221;no&#8221; text_align=&#8221;left&#8221; background_image_as_pattern=&#8221;without_pattern&#8221; background_color=&#8221;#f7f7f7&#8243; section_type=&#8221;full-width&#8221;][vc_column][vc_empty_space height=&#8221;20px&#8221;][vc_empty_space][vc_row_inner row_type=&#8221;row&#8221; type=&#8221;full_width&#8221; text_align=&#8221;left&#8221; css_animation=&#8221;&#8221;][vc_column_inner width=&#8221;1\/2&#8243;][vc_single_image image=&#8221;7987&#8243; img_size=&#8221;full&#8221; alignment=&#8221;center&#8221; qode_css_animation=&#8221;&#8221;][vc_empty_space][\/vc_column_inner][vc_column_inner width=&#8221;1\/2&#8243;][vc_column_text] Els plecs entre la boca i el nas s\u2019accentuen, el perfil mandibular perd definici\u00f3 i, el coll augmenta la seva flaccid\u00e8s. El Lifting Facial&#8230;<!-- AddThis Advanced Settings generic via filter on get_the_excerpt --><!-- AddThis Share Buttons generic via filter on get_the_excerpt --><\/p>\n","protected":false},"author":25,"featured_media":0,"parent":9761,"menu_order":0,"comment_status":"closed","ping_status":"closed","template":"","meta":{"footnotes":""},"class_list":["post-9704","page","type-page","status-publish","hentry"],"yoast_head":"<!-- This site is optimized with the Yoast SEO Premium plugin v26.9 (Yoast SEO v27.2) - https:\/\/yoast.com\/product\/yoast-seo-premium-wordpress\/ -->\n<title>Cervical Lifting de Coll o Cervical - Cl\u00ednica C\u00e0nons | Cirurgia i Medicina Estetica a Barcelona, \u200b\u200bGranollers<\/title>\n<meta name=\"robots\" content=\"index, follow, max-snippet:-1, max-image-preview:large, max-video-preview:-1\" \/>\n<link rel=\"canonical\" href=\"https:\/\/www.canons.es\/cirugia-plastica-facial-2\/lifting-de-cuello\/\" \/>\n<meta property=\"og:locale\" content=\"ca_ES\" \/>\n<meta property=\"og:type\" content=\"article\" \/>\n<meta property=\"og:title\" content=\"Cervical Lifting de Coll o Cervical\" \/>\n<meta property=\"og:description\" content=\"[vc_row css_animation=&#8221;&#8221; row_type=&#8221;row&#8221; use_row_as_full_screen_section=&#8221;no&#8221; type=&#8221;full_width&#8221; angled_section=&#8221;no&#8221; text_align=&#8221;left&#8221; background_image_as_pattern=&#8221;without_pattern&#8221; background_color=&#8221;#f7f7f7&#8243; section_type=&#8221;full-width&#8221;][vc_column][vc_empty_space height=&#8221;20px&#8221;][vc_empty_space][vc_row_inner row_type=&#8221;row&#8221; type=&#8221;full_width&#8221; text_align=&#8221;left&#8221; css_animation=&#8221;&#8221;][vc_column_inner width=&#8221;1\/2&#8243;][vc_single_image image=&#8221;7987&#8243; img_size=&#8221;full&#8221; alignment=&#8221;center&#8221; qode_css_animation=&#8221;&#8221;][vc_empty_space][\/vc_column_inner][vc_column_inner width=&#8221;1\/2&#8243;][vc_column_text] Els plecs entre la boca i el nas s\u2019accentuen, el perfil mandibular perd definici\u00f3 i, el coll augmenta la seva flaccid\u00e8s. El Lifting Facial...\" \/>\n<meta property=\"og:url\" content=\"https:\/\/www.canons.es\/cirugia-plastica-facial-2\/lifting-de-cuello\/\" \/>\n<meta property=\"og:site_name\" content=\"Cl\u00ednica C\u00e0nons | Cirurgia i Medicina Estetica a Barcelona, \u200b\u200bGranollers\" \/>\n<meta property=\"article:publisher\" content=\"https:\/\/www.facebook.com\/canonsclinics\/\" \/>\n<meta property=\"article:modified_time\" content=\"2019-12-12T15:58:42+00:00\" \/>\n<meta name=\"twitter:card\" content=\"summary_large_image\" \/>\n<meta name=\"twitter:site\" content=\"@canonsclinics\" \/>\n<meta name=\"twitter:label1\" content=\"Temps estimat de lectura\" \/>\n\t<meta name=\"twitter:data1\" content=\"5 minuts\" \/>\n<script type=\"application\/ld+json\" class=\"yoast-schema-graph\">{\"@context\":\"https:\/\/schema.org\",\"@graph\":[{\"@type\":\"WebPage\",\"@id\":\"https:\/\/www.canons.es\/cirugia-plastica-facial-2\/lifting-de-cuello\/\",\"url\":\"https:\/\/www.canons.es\/cirugia-plastica-facial-2\/lifting-de-cuello\/\",\"name\":\"Cervical Lifting de Coll o Cervical - Cl\u00ednica C\u00e0nons | Cirurgia i Medicina Estetica a Barcelona, \u200b\u200bGranollers\",\"isPartOf\":{\"@id\":\"https:\/\/www.canons.es\/#website\"},\"datePublished\":\"2015-09-08T15:35:29+00:00\",\"dateModified\":\"2019-12-12T15:58:42+00:00\",\"breadcrumb\":{\"@id\":\"https:\/\/www.canons.es\/cirugia-plastica-facial-2\/lifting-de-cuello\/#breadcrumb\"},\"inLanguage\":\"ca\",\"potentialAction\":[{\"@type\":\"ReadAction\",\"target\":[\"https:\/\/www.canons.es\/cirugia-plastica-facial-2\/lifting-de-cuello\/\"]}]},{\"@type\":\"BreadcrumbList\",\"@id\":\"https:\/\/www.canons.es\/cirugia-plastica-facial-2\/lifting-de-cuello\/#breadcrumb\",\"itemListElement\":[{\"@type\":\"ListItem\",\"position\":1,\"name\":\"Portada\",\"item\":\"https:\/\/www.canons.es\/ca\/\"},{\"@type\":\"ListItem\",\"position\":2,\"name\":\"CIRURGIA PL\u00c0STICA FACIAL\",\"item\":\"https:\/\/www.canons.es\/ca\/cirurgia-plastica-facial\/\"},{\"@type\":\"ListItem\",\"position\":3,\"name\":\"Cervical Lifting de Coll o Cervical\"}]},{\"@type\":\"WebSite\",\"@id\":\"https:\/\/www.canons.es\/#website\",\"url\":\"https:\/\/www.canons.es\/\",\"name\":\"Cirug\u00eda Pl\u00e1stica y Est\u00e9tica Barcelona y Granollers | C\u00e0nons Clinics\",\"description\":\"\",\"publisher\":{\"@id\":\"https:\/\/www.canons.es\/#organization\"},\"potentialAction\":[{\"@type\":\"SearchAction\",\"target\":{\"@type\":\"EntryPoint\",\"urlTemplate\":\"https:\/\/www.canons.es\/?s={search_term_string}\"},\"query-input\":{\"@type\":\"PropertyValueSpecification\",\"valueRequired\":true,\"valueName\":\"search_term_string\"}}],\"inLanguage\":\"ca\"},{\"@type\":\"Organization\",\"@id\":\"https:\/\/www.canons.es\/#organization\",\"name\":\"Cirug\u00eda Pl\u00e1stica y Est\u00e9tica Barcelona y Granollers | C\u00e0nons Clinics\",\"url\":\"https:\/\/www.canons.es\/\",\"logo\":{\"@type\":\"ImageObject\",\"inLanguage\":\"ca\",\"@id\":\"https:\/\/www.canons.es\/#\/schema\/logo\/image\/\",\"url\":\"https:\/\/www.canons.es\/wp-content\/uploads\/2025\/04\/logo-canons-clinics.jpg\",\"contentUrl\":\"https:\/\/www.canons.es\/wp-content\/uploads\/2025\/04\/logo-canons-clinics.jpg\",\"width\":600,\"height\":139,\"caption\":\"Cirug\u00eda Pl\u00e1stica y Est\u00e9tica Barcelona y Granollers | C\u00e0nons Clinics\"},\"image\":{\"@id\":\"https:\/\/www.canons.es\/#\/schema\/logo\/image\/\"},\"sameAs\":[\"https:\/\/www.facebook.com\/canonsclinics\/\",\"https:\/\/x.com\/canonsclinics\",\"https:\/\/www.instagram.com\/canonsclinics\/\",\"https:\/\/www.youtube.com\/channel\/UCI1Ia6LjALyo1CuQ0_HwtfQ\",\"https:\/\/www.linkedin.com\/company\/canons-clinics\/\"]}]}<\/script>\n<!-- \/ Yoast SEO Premium plugin. -->","yoast_head_json":{"title":"Cervical Lifting de Coll o Cervical - Cl\u00ednica C\u00e0nons | Cirurgia i Medicina Estetica a Barcelona, \u200b\u200bGranollers","robots":{"index":"index","follow":"follow","max-snippet":"max-snippet:-1","max-image-preview":"max-image-preview:large","max-video-preview":"max-video-preview:-1"},"canonical":"https:\/\/www.canons.es\/cirugia-plastica-facial-2\/lifting-de-cuello\/","og_locale":"ca_ES","og_type":"article","og_title":"Cervical Lifting de Coll o Cervical","og_description":"[vc_row css_animation=&#8221;&#8221; row_type=&#8221;row&#8221; use_row_as_full_screen_section=&#8221;no&#8221; type=&#8221;full_width&#8221; angled_section=&#8221;no&#8221; text_align=&#8221;left&#8221; background_image_as_pattern=&#8221;without_pattern&#8221; background_color=&#8221;#f7f7f7&#8243; section_type=&#8221;full-width&#8221;][vc_column][vc_empty_space height=&#8221;20px&#8221;][vc_empty_space][vc_row_inner row_type=&#8221;row&#8221; type=&#8221;full_width&#8221; text_align=&#8221;left&#8221; css_animation=&#8221;&#8221;][vc_column_inner width=&#8221;1\/2&#8243;][vc_single_image image=&#8221;7987&#8243; img_size=&#8221;full&#8221; alignment=&#8221;center&#8221; qode_css_animation=&#8221;&#8221;][vc_empty_space][\/vc_column_inner][vc_column_inner width=&#8221;1\/2&#8243;][vc_column_text] Els plecs entre la boca i el nas s\u2019accentuen, el perfil mandibular perd definici\u00f3 i, el coll augmenta la seva flaccid\u00e8s. El Lifting Facial...","og_url":"https:\/\/www.canons.es\/cirugia-plastica-facial-2\/lifting-de-cuello\/","og_site_name":"Cl\u00ednica C\u00e0nons | Cirurgia i Medicina Estetica a Barcelona, \u200b\u200bGranollers","article_publisher":"https:\/\/www.facebook.com\/canonsclinics\/","article_modified_time":"2019-12-12T15:58:42+00:00","twitter_card":"summary_large_image","twitter_site":"@canonsclinics","twitter_misc":{"Temps estimat de lectura":"5 minuts"},"schema":{"@context":"https:\/\/schema.org","@graph":[{"@type":"WebPage","@id":"https:\/\/www.canons.es\/cirugia-plastica-facial-2\/lifting-de-cuello\/","url":"https:\/\/www.canons.es\/cirugia-plastica-facial-2\/lifting-de-cuello\/","name":"Cervical Lifting de Coll o Cervical - Cl\u00ednica C\u00e0nons | Cirurgia i Medicina Estetica a Barcelona, \u200b\u200bGranollers","isPartOf":{"@id":"https:\/\/www.canons.es\/#website"},"datePublished":"2015-09-08T15:35:29+00:00","dateModified":"2019-12-12T15:58:42+00:00","breadcrumb":{"@id":"https:\/\/www.canons.es\/cirugia-plastica-facial-2\/lifting-de-cuello\/#breadcrumb"},"inLanguage":"ca","potentialAction":[{"@type":"ReadAction","target":["https:\/\/www.canons.es\/cirugia-plastica-facial-2\/lifting-de-cuello\/"]}]},{"@type":"BreadcrumbList","@id":"https:\/\/www.canons.es\/cirugia-plastica-facial-2\/lifting-de-cuello\/#breadcrumb","itemListElement":[{"@type":"ListItem","position":1,"name":"Portada","item":"https:\/\/www.canons.es\/ca\/"},{"@type":"ListItem","position":2,"name":"CIRURGIA PL\u00c0STICA FACIAL","item":"https:\/\/www.canons.es\/ca\/cirurgia-plastica-facial\/"},{"@type":"ListItem","position":3,"name":"Cervical Lifting de Coll o Cervical"}]},{"@type":"WebSite","@id":"https:\/\/www.canons.es\/#website","url":"https:\/\/www.canons.es\/","name":"Cirug\u00eda Pl\u00e1stica y Est\u00e9tica Barcelona y Granollers | C\u00e0nons Clinics","description":"","publisher":{"@id":"https:\/\/www.canons.es\/#organization"},"potentialAction":[{"@type":"SearchAction","target":{"@type":"EntryPoint","urlTemplate":"https:\/\/www.canons.es\/?s={search_term_string}"},"query-input":{"@type":"PropertyValueSpecification","valueRequired":true,"valueName":"search_term_string"}}],"inLanguage":"ca"},{"@type":"Organization","@id":"https:\/\/www.canons.es\/#organization","name":"Cirug\u00eda Pl\u00e1stica y Est\u00e9tica Barcelona y Granollers | C\u00e0nons Clinics","url":"https:\/\/www.canons.es\/","logo":{"@type":"ImageObject","inLanguage":"ca","@id":"https:\/\/www.canons.es\/#\/schema\/logo\/image\/","url":"https:\/\/www.canons.es\/wp-content\/uploads\/2025\/04\/logo-canons-clinics.jpg","contentUrl":"https:\/\/www.canons.es\/wp-content\/uploads\/2025\/04\/logo-canons-clinics.jpg","width":600,"height":139,"caption":"Cirug\u00eda Pl\u00e1stica y Est\u00e9tica Barcelona y Granollers | C\u00e0nons Clinics"},"image":{"@id":"https:\/\/www.canons.es\/#\/schema\/logo\/image\/"},"sameAs":["https:\/\/www.facebook.com\/canonsclinics\/","https:\/\/x.com\/canonsclinics","https:\/\/www.instagram.com\/canonsclinics\/","https:\/\/www.youtube.com\/channel\/UCI1Ia6LjALyo1CuQ0_HwtfQ","https:\/\/www.linkedin.com\/company\/canons-clinics\/"]}]}},"_links":{"self":[{"href":"https:\/\/www.canons.es\/ca\/wp-json\/wp\/v2\/pages\/9704","targetHints":{"allow":["GET"]}}],"collection":[{"href":"https:\/\/www.canons.es\/ca\/wp-json\/wp\/v2\/pages"}],"about":[{"href":"https:\/\/www.canons.es\/ca\/wp-json\/wp\/v2\/types\/page"}],"author":[{"embeddable":true,"href":"https:\/\/www.canons.es\/ca\/wp-json\/wp\/v2\/users\/25"}],"replies":[{"embeddable":true,"href":"https:\/\/www.canons.es\/ca\/wp-json\/wp\/v2\/comments?post=9704"}],"version-history":[{"count":0,"href":"https:\/\/www.canons.es\/ca\/wp-json\/wp\/v2\/pages\/9704\/revisions"}],"up":[{"embeddable":true,"href":"https:\/\/www.canons.es\/ca\/wp-json\/wp\/v2\/pages\/9761"}],"wp:attachment":[{"href":"https:\/\/www.canons.es\/ca\/wp-json\/wp\/v2\/media?parent=9704"}],"curies":[{"name":"wp","href":"https:\/\/api.w.org\/{rel}","templated":true}]}}