{"id":9657,"date":"2015-09-25T11:47:49","date_gmt":"2015-09-25T11:47:49","guid":{"rendered":"https:\/\/www.canons.es\/ca\/manicuras-y-pedicuras\/"},"modified":"2019-12-12T15:12:36","modified_gmt":"2019-12-12T15:12:36","slug":"manicuras-y-pedicuras","status":"publish","type":"page","link":"https:\/\/www.canons.es\/ca\/coporal-estetica-avancada\/manicuras-y-pedicuras\/","title":{"rendered":"Manicures i Pedicures"},"content":{"rendered":"<div class=\"wpb-content-wrapper\"><p>[vc_row css_animation=&#8221;&#8221; row_type=&#8221;row&#8221; use_row_as_full_screen_section=&#8221;no&#8221; type=&#8221;full_width&#8221; angled_section=&#8221;no&#8221; text_align=&#8221;left&#8221; background_image_as_pattern=&#8221;without_pattern&#8221; background_color=&#8221;#f7f7f7&#8243; section_type=&#8221;full-width&#8221;][vc_column][vc_empty_space height=&#8221;20px&#8221;]<div class=\"custom_font_holder\" style=\"font-family: Raleway; font-size: 35px; line-height: 26px; font-style: normal; font-weight: 300; color: #1e70b3; text-decoration: none; text-align: left;\">MANICURES I PEDICURES<\/div>[vc_empty_space height=&#8221;40px&#8221;][vc_row_inner row_type=&#8221;row&#8221; type=&#8221;full_width&#8221; text_align=&#8221;left&#8221; css_animation=&#8221;&#8221;][vc_column_inner width=&#8221;1\/2&#8243;][vc_single_image image=&#8221;8648&#8243; img_size=&#8221;full&#8221; alignment=&#8221;center&#8221; qode_css_animation=&#8221;&#8221;][vc_empty_space height=&#8221;40px&#8221;][\/vc_column_inner][vc_column_inner width=&#8221;1\/2&#8243;][vc_column_text]<\/p>\n<p style=\"text-align: justify;\"><strong>Estem al corrent de les \u00faltimes tend\u00e8ncies i, coloracions d&#8217;esmaltats<\/strong>, aix\u00ed com tamb\u00e9, portem a terme les millors t\u00e8cniques que respecten la salut natural de les ungles.<\/p>\n<p>Prestem especial atenci\u00f3 en la neteja, desinfecci\u00f3 i, esterilitzaci\u00f3 de tots els materials utilitzats garantint la m\u00e0xima seguretat.[\/vc_column_text][\/vc_column_inner][\/vc_row_inner][\/vc_column][\/vc_row][vc_row css_animation=&#8221;&#8221; row_type=&#8221;row&#8221; use_row_as_full_screen_section=&#8221;no&#8221; type=&#8221;full_width&#8221; angled_section=&#8221;no&#8221; text_align=&#8221;left&#8221; background_image_as_pattern=&#8221;without_pattern&#8221; section_type=&#8221;full-width&#8221;][vc_column][vc_empty_space][vc_accordion style=&#8221;accordion&#8221;][vc_accordion_tab title=&#8221;Serveis per a les dones&#8221;][vc_column_text]<\/p>\n<ul>\n<li><span lang=\"ca\" tabindex=\"0\"><strong>Esmaltar:<\/strong> <\/span><span lang=\"ca\" tabindex=\"0\">Aplicaci\u00f3 d&#8217;esmalt i capa protector<\/span><\/li>\n<li><strong>Llimar i esmaltar:<\/strong> <span lang=\"ca\" tabindex=\"0\">Llimat d&#8217;ungles, aplicaci\u00f3 d&#8217;esmalt i capa protectora.<\/span><\/li>\n<li><strong>Manicura B\u00e0sica:<\/strong> Llimat d&#8217;ungles, tractament de cut\u00edcules, aplicaci\u00f3 d&#8217;esmalt i capa protectora amb un massatge relaxant de mans.<\/li>\n<li><strong>Manicura SPA:<\/strong> <span lang=\"ca\" tabindex=\"0\">Llimat d&#8217;ungles, tractament de cut\u00edcules, exfoliaci\u00f3 i mascareta nutritiva, aplicaci\u00f3 d&#8217;esmalt i capa protectora amb un massatge relaxant de manos.<\/span><\/li>\n<li><strong>Manicura Shellac:<\/strong> <span lang=\"ca\" tabindex=\"0\">La millor soluci\u00f3 per lluir les ungles perfectes amb brillantor permanent mitjan\u00e7ant una t\u00e8cnica innovadora d&#8217;esmalt per capes que augmenta la resist\u00e8ncia i durabilitat respecte a les manicures tradicionals. Refor\u00e7a la duresa de les teves u\u00f1as.<\/span><\/li>\n<li><strong>Pedicura B\u00e0sica:<\/strong> <span lang=\"ca\" tabindex=\"0\">Llimat d&#8217;ungles, tractament de cut\u00edcules, aplicaci\u00f3 d&#8217;esmalt i capa protectora amb un massatge relaxant de pies.<\/span><\/li>\n<li><strong>Pedicura SPA:<\/strong> <span lang=\"ca\" tabindex=\"0\">Llimat d&#8217;ungles, tractament de cut\u00edcules, exfoliaci\u00f3 i mascareta nutritiva, aplicaci\u00f3 d&#8217;esmalt i capa protectora amb un massatge relaxant de pies.<\/span><\/li>\n<li><strong>Pedicura Shellac:<\/strong> L<span lang=\"ca\" tabindex=\"0\">a millor soluci\u00f3 per lluir les ungles perfectes amb brillantor permanent mitjan\u00e7ant una t\u00e8cnica innovadora d&#8217;esmalt per capes que augmenta la resist\u00e8ncia i durabilitat respecte a les pedicures tradicionals. El teu esmalt tindr\u00e0 la mateixa lluentor fins a 3 setmana despr\u00e9s.<\/span><\/li>\n<\/ul>\n<p>[\/vc_column_text][\/vc_accordion_tab][vc_accordion_tab title=&#8221;Serveis per als homes&#8221;][vc_column_text]<\/p>\n<ul>\n<li><strong><span lang=\"ca\" tabindex=\"0\">Manicura B\u00e0sica: <\/span><\/strong><span lang=\"ca\" tabindex=\"0\">Llimat d&#8217;ungles, tractament de cut\u00edcules, aplicaci\u00f3 d&#8217;esmalt i capa protectora amb un massatge relaxant de manos.<\/span><\/li>\n<li><strong>Manicura SPA:<\/strong> Llimat d&#8217;ungles, tractament de cut\u00edcules, exfoliaci\u00f3 i mascareta nutritiva, amb un massatge relaxant de manos.<\/li>\n<li><strong>Pedicura B\u00e0sica:<\/strong>\u00a0 <span lang=\"ca\" tabindex=\"0\">Llimat d&#8217;ungles, tractament de cut\u00edcules amb un massatge relaxant de pies.<\/span><\/li>\n<li><strong>Pedicura SPA:<\/strong> <span lang=\"ca\" tabindex=\"0\">Llimat d&#8217;ungles, tractament de cut\u00edcules, exfoliaci\u00f3 i mascareta nutritiva, amb un massatge relaxant de peus.<\/span><\/li>\n<\/ul>\n<p>[\/vc_column_text][\/vc_accordion_tab][\/vc_accordion][\/vc_column][\/vc_row]<\/p>\n<\/div><!-- AddThis Advanced Settings generic via filter on the_content --><!-- AddThis Share Buttons generic via filter on the_content -->","protected":false},"excerpt":{"rendered":"<p>[vc_row css_animation=&#8221;&#8221; row_type=&#8221;row&#8221; use_row_as_full_screen_section=&#8221;no&#8221; type=&#8221;full_width&#8221; angled_section=&#8221;no&#8221; text_align=&#8221;left&#8221; background_image_as_pattern=&#8221;without_pattern&#8221; background_color=&#8221;#f7f7f7&#8243; section_type=&#8221;full-width&#8221;][vc_column][vc_empty_space height=&#8221;20px&#8221;][vc_empty_space height=&#8221;40px&#8221;][vc_row_inner row_type=&#8221;row&#8221; type=&#8221;full_width&#8221; text_align=&#8221;left&#8221; css_animation=&#8221;&#8221;][vc_column_inner width=&#8221;1\/2&#8243;][vc_single_image image=&#8221;8648&#8243; img_size=&#8221;full&#8221; alignment=&#8221;center&#8221; qode_css_animation=&#8221;&#8221;][vc_empty_space height=&#8221;40px&#8221;][\/vc_column_inner][vc_column_inner width=&#8221;1\/2&#8243;][vc_column_text] Estem al corrent de les \u00faltimes tend\u00e8ncies i, coloracions d&#8217;esmaltats, aix\u00ed com tamb\u00e9, portem a terme les millors t\u00e8cniques que respecten la&#8230;<!-- AddThis Advanced Settings generic via filter on get_the_excerpt --><!-- AddThis Share Buttons generic via filter on get_the_excerpt --><\/p>\n","protected":false},"author":25,"featured_media":0,"parent":11492,"menu_order":0,"comment_status":"closed","ping_status":"closed","template":"","meta":{"footnotes":""},"class_list":["post-9657","page","type-page","status-publish","hentry"],"yoast_head":"<!-- This site is optimized with the Yoast SEO Premium plugin v26.9 (Yoast SEO v27.2) - https:\/\/yoast.com\/product\/yoast-seo-premium-wordpress\/ -->\n<title>Manicures i Pedicures - Cl\u00ednica C\u00e0nons | Cirurgia i Medicina Estetica a Barcelona, \u200b\u200bGranollers<\/title>\n<meta name=\"robots\" content=\"index, follow, max-snippet:-1, max-image-preview:large, max-video-preview:-1\" \/>\n<link rel=\"canonical\" href=\"https:\/\/www.canons.es\/ca\/coporal-estetica-avancada\/manicuras-y-pedicuras\/\" \/>\n<meta property=\"og:locale\" content=\"ca_ES\" \/>\n<meta property=\"og:type\" content=\"article\" \/>\n<meta property=\"og:title\" content=\"Manicures i Pedicures\" \/>\n<meta property=\"og:description\" content=\"[vc_row css_animation=&#8221;&#8221; row_type=&#8221;row&#8221; use_row_as_full_screen_section=&#8221;no&#8221; type=&#8221;full_width&#8221; angled_section=&#8221;no&#8221; text_align=&#8221;left&#8221; background_image_as_pattern=&#8221;without_pattern&#8221; background_color=&#8221;#f7f7f7&#8243; section_type=&#8221;full-width&#8221;][vc_column][vc_empty_space height=&#8221;20px&#8221;][vc_empty_space height=&#8221;40px&#8221;][vc_row_inner row_type=&#8221;row&#8221; type=&#8221;full_width&#8221; text_align=&#8221;left&#8221; css_animation=&#8221;&#8221;][vc_column_inner width=&#8221;1\/2&#8243;][vc_single_image image=&#8221;8648&#8243; img_size=&#8221;full&#8221; alignment=&#8221;center&#8221; qode_css_animation=&#8221;&#8221;][vc_empty_space height=&#8221;40px&#8221;][\/vc_column_inner][vc_column_inner width=&#8221;1\/2&#8243;][vc_column_text] Estem al corrent de les \u00faltimes tend\u00e8ncies i, coloracions d&#8217;esmaltats, aix\u00ed com tamb\u00e9, portem a terme les millors t\u00e8cniques que respecten la...\" \/>\n<meta property=\"og:url\" content=\"https:\/\/www.canons.es\/ca\/coporal-estetica-avancada\/manicuras-y-pedicuras\/\" \/>\n<meta property=\"og:site_name\" content=\"Cl\u00ednica C\u00e0nons | Cirurgia i Medicina Estetica a Barcelona, \u200b\u200bGranollers\" \/>\n<meta property=\"article:publisher\" content=\"https:\/\/www.facebook.com\/canonsclinics\/\" \/>\n<meta property=\"article:modified_time\" content=\"2019-12-12T15:12:36+00:00\" \/>\n<meta name=\"twitter:card\" content=\"summary_large_image\" \/>\n<meta name=\"twitter:site\" content=\"@canonsclinics\" \/>\n<meta name=\"twitter:label1\" content=\"Temps estimat de lectura\" \/>\n\t<meta name=\"twitter:data1\" content=\"3 minuts\" \/>\n<script type=\"application\/ld+json\" class=\"yoast-schema-graph\">{\"@context\":\"https:\/\/schema.org\",\"@graph\":[{\"@type\":\"WebPage\",\"@id\":\"https:\/\/www.canons.es\/ca\/coporal-estetica-avancada\/manicuras-y-pedicuras\/\",\"url\":\"https:\/\/www.canons.es\/ca\/coporal-estetica-avancada\/manicuras-y-pedicuras\/\",\"name\":\"Manicures i Pedicures - Cl\u00ednica C\u00e0nons | Cirurgia i Medicina Estetica a Barcelona, \u200b\u200bGranollers\",\"isPartOf\":{\"@id\":\"https:\/\/www.canons.es\/#website\"},\"datePublished\":\"2015-09-25T11:47:49+00:00\",\"dateModified\":\"2019-12-12T15:12:36+00:00\",\"breadcrumb\":{\"@id\":\"https:\/\/www.canons.es\/ca\/coporal-estetica-avancada\/manicuras-y-pedicuras\/#breadcrumb\"},\"inLanguage\":\"ca\",\"potentialAction\":[{\"@type\":\"ReadAction\",\"target\":[\"https:\/\/www.canons.es\/ca\/coporal-estetica-avancada\/manicuras-y-pedicuras\/\"]}]},{\"@type\":\"BreadcrumbList\",\"@id\":\"https:\/\/www.canons.es\/ca\/coporal-estetica-avancada\/manicuras-y-pedicuras\/#breadcrumb\",\"itemListElement\":[{\"@type\":\"ListItem\",\"position\":1,\"name\":\"Portada\",\"item\":\"https:\/\/www.canons.es\/ca\/\"},{\"@type\":\"ListItem\",\"position\":2,\"name\":\"CORPORAL EST\u00c8TICA AVAN\u00c7ADA\",\"item\":\"https:\/\/www.canons.es\/ca\/coporal-estetica-avancada\/\"},{\"@type\":\"ListItem\",\"position\":3,\"name\":\"Manicures i Pedicures\"}]},{\"@type\":\"WebSite\",\"@id\":\"https:\/\/www.canons.es\/#website\",\"url\":\"https:\/\/www.canons.es\/\",\"name\":\"Cirug\u00eda Pl\u00e1stica y Est\u00e9tica Barcelona y Granollers | C\u00e0nons Clinics\",\"description\":\"\",\"publisher\":{\"@id\":\"https:\/\/www.canons.es\/#organization\"},\"potentialAction\":[{\"@type\":\"SearchAction\",\"target\":{\"@type\":\"EntryPoint\",\"urlTemplate\":\"https:\/\/www.canons.es\/?s={search_term_string}\"},\"query-input\":{\"@type\":\"PropertyValueSpecification\",\"valueRequired\":true,\"valueName\":\"search_term_string\"}}],\"inLanguage\":\"ca\"},{\"@type\":\"Organization\",\"@id\":\"https:\/\/www.canons.es\/#organization\",\"name\":\"Cirug\u00eda Pl\u00e1stica y Est\u00e9tica Barcelona y Granollers | C\u00e0nons Clinics\",\"url\":\"https:\/\/www.canons.es\/\",\"logo\":{\"@type\":\"ImageObject\",\"inLanguage\":\"ca\",\"@id\":\"https:\/\/www.canons.es\/#\/schema\/logo\/image\/\",\"url\":\"https:\/\/www.canons.es\/wp-content\/uploads\/2025\/04\/logo-canons-clinics.jpg\",\"contentUrl\":\"https:\/\/www.canons.es\/wp-content\/uploads\/2025\/04\/logo-canons-clinics.jpg\",\"width\":600,\"height\":139,\"caption\":\"Cirug\u00eda Pl\u00e1stica y Est\u00e9tica Barcelona y Granollers | C\u00e0nons Clinics\"},\"image\":{\"@id\":\"https:\/\/www.canons.es\/#\/schema\/logo\/image\/\"},\"sameAs\":[\"https:\/\/www.facebook.com\/canonsclinics\/\",\"https:\/\/x.com\/canonsclinics\",\"https:\/\/www.instagram.com\/canonsclinics\/\",\"https:\/\/www.youtube.com\/channel\/UCI1Ia6LjALyo1CuQ0_HwtfQ\",\"https:\/\/www.linkedin.com\/company\/canons-clinics\/\"]}]}<\/script>\n<!-- \/ Yoast SEO Premium plugin. -->","yoast_head_json":{"title":"Manicures i Pedicures - Cl\u00ednica C\u00e0nons | Cirurgia i Medicina Estetica a Barcelona, \u200b\u200bGranollers","robots":{"index":"index","follow":"follow","max-snippet":"max-snippet:-1","max-image-preview":"max-image-preview:large","max-video-preview":"max-video-preview:-1"},"canonical":"https:\/\/www.canons.es\/ca\/coporal-estetica-avancada\/manicuras-y-pedicuras\/","og_locale":"ca_ES","og_type":"article","og_title":"Manicures i Pedicures","og_description":"[vc_row css_animation=&#8221;&#8221; row_type=&#8221;row&#8221; use_row_as_full_screen_section=&#8221;no&#8221; type=&#8221;full_width&#8221; angled_section=&#8221;no&#8221; text_align=&#8221;left&#8221; background_image_as_pattern=&#8221;without_pattern&#8221; background_color=&#8221;#f7f7f7&#8243; section_type=&#8221;full-width&#8221;][vc_column][vc_empty_space height=&#8221;20px&#8221;][vc_empty_space height=&#8221;40px&#8221;][vc_row_inner row_type=&#8221;row&#8221; type=&#8221;full_width&#8221; text_align=&#8221;left&#8221; css_animation=&#8221;&#8221;][vc_column_inner width=&#8221;1\/2&#8243;][vc_single_image image=&#8221;8648&#8243; img_size=&#8221;full&#8221; alignment=&#8221;center&#8221; qode_css_animation=&#8221;&#8221;][vc_empty_space height=&#8221;40px&#8221;][\/vc_column_inner][vc_column_inner width=&#8221;1\/2&#8243;][vc_column_text] Estem al corrent de les \u00faltimes tend\u00e8ncies i, coloracions d&#8217;esmaltats, aix\u00ed com tamb\u00e9, portem a terme les millors t\u00e8cniques que respecten la...","og_url":"https:\/\/www.canons.es\/ca\/coporal-estetica-avancada\/manicuras-y-pedicuras\/","og_site_name":"Cl\u00ednica C\u00e0nons | Cirurgia i Medicina Estetica a Barcelona, \u200b\u200bGranollers","article_publisher":"https:\/\/www.facebook.com\/canonsclinics\/","article_modified_time":"2019-12-12T15:12:36+00:00","twitter_card":"summary_large_image","twitter_site":"@canonsclinics","twitter_misc":{"Temps estimat de lectura":"3 minuts"},"schema":{"@context":"https:\/\/schema.org","@graph":[{"@type":"WebPage","@id":"https:\/\/www.canons.es\/ca\/coporal-estetica-avancada\/manicuras-y-pedicuras\/","url":"https:\/\/www.canons.es\/ca\/coporal-estetica-avancada\/manicuras-y-pedicuras\/","name":"Manicures i Pedicures - Cl\u00ednica C\u00e0nons | Cirurgia i Medicina Estetica a Barcelona, \u200b\u200bGranollers","isPartOf":{"@id":"https:\/\/www.canons.es\/#website"},"datePublished":"2015-09-25T11:47:49+00:00","dateModified":"2019-12-12T15:12:36+00:00","breadcrumb":{"@id":"https:\/\/www.canons.es\/ca\/coporal-estetica-avancada\/manicuras-y-pedicuras\/#breadcrumb"},"inLanguage":"ca","potentialAction":[{"@type":"ReadAction","target":["https:\/\/www.canons.es\/ca\/coporal-estetica-avancada\/manicuras-y-pedicuras\/"]}]},{"@type":"BreadcrumbList","@id":"https:\/\/www.canons.es\/ca\/coporal-estetica-avancada\/manicuras-y-pedicuras\/#breadcrumb","itemListElement":[{"@type":"ListItem","position":1,"name":"Portada","item":"https:\/\/www.canons.es\/ca\/"},{"@type":"ListItem","position":2,"name":"CORPORAL EST\u00c8TICA AVAN\u00c7ADA","item":"https:\/\/www.canons.es\/ca\/coporal-estetica-avancada\/"},{"@type":"ListItem","position":3,"name":"Manicures i Pedicures"}]},{"@type":"WebSite","@id":"https:\/\/www.canons.es\/#website","url":"https:\/\/www.canons.es\/","name":"Cirug\u00eda Pl\u00e1stica y Est\u00e9tica Barcelona y Granollers | C\u00e0nons Clinics","description":"","publisher":{"@id":"https:\/\/www.canons.es\/#organization"},"potentialAction":[{"@type":"SearchAction","target":{"@type":"EntryPoint","urlTemplate":"https:\/\/www.canons.es\/?s={search_term_string}"},"query-input":{"@type":"PropertyValueSpecification","valueRequired":true,"valueName":"search_term_string"}}],"inLanguage":"ca"},{"@type":"Organization","@id":"https:\/\/www.canons.es\/#organization","name":"Cirug\u00eda Pl\u00e1stica y Est\u00e9tica Barcelona y Granollers | C\u00e0nons Clinics","url":"https:\/\/www.canons.es\/","logo":{"@type":"ImageObject","inLanguage":"ca","@id":"https:\/\/www.canons.es\/#\/schema\/logo\/image\/","url":"https:\/\/www.canons.es\/wp-content\/uploads\/2025\/04\/logo-canons-clinics.jpg","contentUrl":"https:\/\/www.canons.es\/wp-content\/uploads\/2025\/04\/logo-canons-clinics.jpg","width":600,"height":139,"caption":"Cirug\u00eda Pl\u00e1stica y Est\u00e9tica Barcelona y Granollers | C\u00e0nons Clinics"},"image":{"@id":"https:\/\/www.canons.es\/#\/schema\/logo\/image\/"},"sameAs":["https:\/\/www.facebook.com\/canonsclinics\/","https:\/\/x.com\/canonsclinics","https:\/\/www.instagram.com\/canonsclinics\/","https:\/\/www.youtube.com\/channel\/UCI1Ia6LjALyo1CuQ0_HwtfQ","https:\/\/www.linkedin.com\/company\/canons-clinics\/"]}]}},"_links":{"self":[{"href":"https:\/\/www.canons.es\/ca\/wp-json\/wp\/v2\/pages\/9657","targetHints":{"allow":["GET"]}}],"collection":[{"href":"https:\/\/www.canons.es\/ca\/wp-json\/wp\/v2\/pages"}],"about":[{"href":"https:\/\/www.canons.es\/ca\/wp-json\/wp\/v2\/types\/page"}],"author":[{"embeddable":true,"href":"https:\/\/www.canons.es\/ca\/wp-json\/wp\/v2\/users\/25"}],"replies":[{"embeddable":true,"href":"https:\/\/www.canons.es\/ca\/wp-json\/wp\/v2\/comments?post=9657"}],"version-history":[{"count":0,"href":"https:\/\/www.canons.es\/ca\/wp-json\/wp\/v2\/pages\/9657\/revisions"}],"up":[{"embeddable":true,"href":"https:\/\/www.canons.es\/ca\/wp-json\/wp\/v2\/pages\/11492"}],"wp:attachment":[{"href":"https:\/\/www.canons.es\/ca\/wp-json\/wp\/v2\/media?parent=9657"}],"curies":[{"name":"wp","href":"https:\/\/api.w.org\/{rel}","templated":true}]}}