{"id":9639,"date":"2015-09-25T11:59:37","date_gmt":"2015-09-25T11:59:37","guid":{"rendered":"https:\/\/www.canons.es\/ca\/bodyter-premium\/"},"modified":"2015-11-26T11:59:02","modified_gmt":"2015-11-26T11:59:02","slug":"bodyter-premium","status":"publish","type":"page","link":"https:\/\/www.canons.es\/ca\/bodyter-premium\/","title":{"rendered":"Bodyter Premium"},"content":{"rendered":"<div class=\"wpb-content-wrapper\"><p>[vc_row section_type=&#8221;full-width&#8221; background_color=&#8221;#f7f7f7&#8243;][vc_column][vc_empty_space height=&#8221;40px&#8221;][vc_row_inner][vc_column_inner width=&#8221;1\/2&#8243;][vc_single_image image=&#8221;8655&#8243; img_link_large=&#8221;&#8221;][\/vc_column_inner][vc_column_inner width=&#8221;1\/2&#8243;][vc_column_text]<\/p>\n<p style=\"text-align: justify;\">T\u2019oferim la m\u00e9s avan\u00e7ada aparatologia corporal Bodyter Premium que garanteix <strong>notables resultats en la millora de la cel\u00b7lulitis, la flaccidesa corporal, la remodelaci\u00f3 del contorn corporal<\/strong>, alhora que <strong>activa el sistema circulatori i limf\u00e0tic<\/strong> gr\u00e0cies a la combinaci\u00f3 d&#8217;Electroestimulaci\u00f3, Termoter\u00e0pia i Electroporaci\u00f3.<\/p>\n<p>[\/vc_column_text][\/vc_column_inner][\/vc_row_inner][\/vc_column][\/vc_row][vc_row][vc_column][vc_empty_space][vc_accordion][vc_accordion_tab title=&#8221;Com actua?&#8221;][vc_column_text]<\/p>\n<p style=\"text-align: justify;\">D\u2019una banda, l\u2019Electroestimulaci\u00f3 utilitza corrents de mitjana i baixa freq\u00fc\u00e8ncia per <strong>tonificar la teva musculatura i actuar sobre la degradaci\u00f3 dels greixos.<\/strong> D\u2019altra banda, simult\u00e0niament la termoestimulaci\u00f3 utilitza la calor per actuar sobre el metabolisme cel\u00b7lular accelerant i, <strong>afavorint amb aix\u00f2 el consum i degradaci\u00f3 dels dip\u00f2sits grassos.<\/strong> I, finalment s\u2019activa l\u2019Electroporaci\u00f3 mitjan\u00e7ant corrents de mitja freq\u00fc\u00e8ncia que <strong>afavoreix la penetraci\u00f3 cel \u00b7 lular de principis actius espec\u00edfics per a cada alteraci\u00f3 a tractar<\/strong>.<\/p>\n<p>[\/vc_column_text][\/vc_accordion_tab][vc_accordion_tab title=&#8221;Quantes sessions es recomanen?&#8221;][vc_column_text]<\/p>\n<p style=\"text-align: justify;\">Segons cada cas en particular aplicarem diferents tipus de corrents i temperatures. El nombre de sessions recomanades sempre dependr\u00e0 de la import\u00e0ncia, severitat i extensi\u00f3 de l\u2019alteraci\u00f3 a tractar, per\u00f2 en general <strong>se solen realitzar entre 10 i 12 sessions amb una freq\u00fc\u00e8ncia de dos sessions setmanals<\/strong>.<\/p>\n<p>La durada de les sessions podr\u00e0 ser <strong>d\u2019un temps aproximat d\u20191 hora o, de 30 minuts.<\/strong> Un cop t\u2019hagin donat el resultat desitjat, \u00e9s important establir un programa de manteniment.<\/p>\n<p>[\/vc_column_text][\/vc_accordion_tab][vc_accordion_tab title=&#8221;Tractaments per a la dona (val de 10 sessions)&#8221;][vc_column_text]<\/p>\n<ul>\n<li>Remodelaci\u00f3 Corporal<\/li>\n<\/ul>\n<ul>\n<li>Flacciditat Corporal<\/li>\n<\/ul>\n<ul>\n<li>Circulatori i Drenant<\/li>\n<\/ul>\n<ul>\n<li>Cel\u00b7lulitis Tova<\/li>\n<\/ul>\n<ul>\n<li>Cel\u00b7lulitis Mixta<\/li>\n<\/ul>\n<ul>\n<li>Cel\u00b7lulitis Dura<\/li>\n<\/ul>\n<ul>\n<li>Cel\u00b7lulitis Edematosa<\/li>\n<\/ul>\n<p>[\/vc_column_text][\/vc_accordion_tab][vc_accordion_tab title=&#8221;Tractaments per a homes&#8221;][vc_column_text]<\/p>\n<ul>\n<li>Remodelaci\u00f3 Corporal<\/li>\n<\/ul>\n<ul>\n<li>Flacciditat Corporal<\/li>\n<\/ul>\n<ul>\n<li>Circulatori i Drenant<\/li>\n<\/ul>\n<p>[\/vc_column_text][\/vc_accordion_tab][\/vc_accordion][\/vc_column][\/vc_row]<\/p>\n<\/div><!-- AddThis Advanced Settings generic via filter on the_content --><!-- AddThis Share Buttons generic via filter on the_content -->","protected":false},"excerpt":{"rendered":"<p>[vc_row section_type=&#8221;full-width&#8221; background_color=&#8221;#f7f7f7&#8243;][vc_column][vc_empty_space height=&#8221;40px&#8221;][vc_row_inner][vc_column_inner width=&#8221;1\/2&#8243;][vc_single_image image=&#8221;8655&#8243; img_link_large=&#8221;&#8221;][\/vc_column_inner][vc_column_inner width=&#8221;1\/2&#8243;][vc_column_text] T\u2019oferim la m\u00e9s avan\u00e7ada aparatologia corporal Bodyter Premium que garanteix notables resultats en la millora de la cel\u00b7lulitis, la flaccidesa corporal, la remodelaci\u00f3 del contorn corporal, alhora que activa el sistema circulatori i limf\u00e0tic gr\u00e0cies a la&#8230;<!-- AddThis Advanced Settings generic via filter on get_the_excerpt --><!-- AddThis Share Buttons generic via filter on get_the_excerpt --><\/p>\n","protected":false},"author":25,"featured_media":0,"parent":0,"menu_order":0,"comment_status":"closed","ping_status":"closed","template":"","meta":{"footnotes":""},"class_list":["post-9639","page","type-page","status-publish","hentry"],"yoast_head":"<!-- This site is optimized with the Yoast SEO Premium plugin v26.9 (Yoast SEO v27.2) - https:\/\/yoast.com\/product\/yoast-seo-premium-wordpress\/ -->\n<title>Bodyter Premium - Cl\u00ednica C\u00e0nons | Cirurgia i Medicina Estetica a Barcelona, \u200b\u200bGranollers<\/title>\n<meta name=\"robots\" content=\"index, follow, max-snippet:-1, max-image-preview:large, max-video-preview:-1\" \/>\n<link rel=\"canonical\" href=\"https:\/\/www.canons.es\/bodyter-premium\/\" \/>\n<meta property=\"og:locale\" content=\"ca_ES\" \/>\n<meta property=\"og:type\" content=\"article\" \/>\n<meta property=\"og:title\" content=\"Bodyter Premium\" \/>\n<meta property=\"og:description\" content=\"[vc_row section_type=&#8221;full-width&#8221; background_color=&#8221;#f7f7f7&#8243;][vc_column][vc_empty_space height=&#8221;40px&#8221;][vc_row_inner][vc_column_inner width=&#8221;1\/2&#8243;][vc_single_image image=&#8221;8655&#8243; img_link_large=&#8221;&#8221;][\/vc_column_inner][vc_column_inner width=&#8221;1\/2&#8243;][vc_column_text] T\u2019oferim la m\u00e9s avan\u00e7ada aparatologia corporal Bodyter Premium que garanteix notables resultats en la millora de la cel\u00b7lulitis, la flaccidesa corporal, la remodelaci\u00f3 del contorn corporal, alhora que activa el sistema circulatori i limf\u00e0tic gr\u00e0cies a la...\" \/>\n<meta property=\"og:url\" content=\"https:\/\/www.canons.es\/bodyter-premium\/\" \/>\n<meta property=\"og:site_name\" content=\"Cl\u00ednica C\u00e0nons | Cirurgia i Medicina Estetica a Barcelona, \u200b\u200bGranollers\" \/>\n<meta property=\"article:publisher\" content=\"https:\/\/www.facebook.com\/canonsclinics\/\" \/>\n<meta property=\"article:modified_time\" content=\"2015-11-26T11:59:02+00:00\" \/>\n<meta name=\"twitter:card\" content=\"summary_large_image\" \/>\n<meta name=\"twitter:site\" content=\"@canonsclinics\" \/>\n<meta name=\"twitter:label1\" content=\"Temps estimat de lectura\" \/>\n\t<meta name=\"twitter:data1\" content=\"2 minuts\" \/>\n<script type=\"application\/ld+json\" class=\"yoast-schema-graph\">{\"@context\":\"https:\/\/schema.org\",\"@graph\":[{\"@type\":\"WebPage\",\"@id\":\"https:\/\/www.canons.es\/bodyter-premium\/\",\"url\":\"https:\/\/www.canons.es\/bodyter-premium\/\",\"name\":\"Bodyter Premium - Cl\u00ednica C\u00e0nons | Cirurgia i Medicina Estetica a Barcelona, \u200b\u200bGranollers\",\"isPartOf\":{\"@id\":\"https:\/\/www.canons.es\/#website\"},\"datePublished\":\"2015-09-25T11:59:37+00:00\",\"dateModified\":\"2015-11-26T11:59:02+00:00\",\"breadcrumb\":{\"@id\":\"https:\/\/www.canons.es\/bodyter-premium\/#breadcrumb\"},\"inLanguage\":\"ca\",\"potentialAction\":[{\"@type\":\"ReadAction\",\"target\":[\"https:\/\/www.canons.es\/bodyter-premium\/\"]}]},{\"@type\":\"BreadcrumbList\",\"@id\":\"https:\/\/www.canons.es\/bodyter-premium\/#breadcrumb\",\"itemListElement\":[{\"@type\":\"ListItem\",\"position\":1,\"name\":\"Portada\",\"item\":\"https:\/\/www.canons.es\/ca\/\"},{\"@type\":\"ListItem\",\"position\":2,\"name\":\"Bodyter Premium\"}]},{\"@type\":\"WebSite\",\"@id\":\"https:\/\/www.canons.es\/#website\",\"url\":\"https:\/\/www.canons.es\/\",\"name\":\"Cirug\u00eda Pl\u00e1stica y Est\u00e9tica Barcelona y Granollers | C\u00e0nons Clinics\",\"description\":\"\",\"publisher\":{\"@id\":\"https:\/\/www.canons.es\/#organization\"},\"potentialAction\":[{\"@type\":\"SearchAction\",\"target\":{\"@type\":\"EntryPoint\",\"urlTemplate\":\"https:\/\/www.canons.es\/?s={search_term_string}\"},\"query-input\":{\"@type\":\"PropertyValueSpecification\",\"valueRequired\":true,\"valueName\":\"search_term_string\"}}],\"inLanguage\":\"ca\"},{\"@type\":\"Organization\",\"@id\":\"https:\/\/www.canons.es\/#organization\",\"name\":\"Cirug\u00eda Pl\u00e1stica y Est\u00e9tica Barcelona y Granollers | C\u00e0nons Clinics\",\"url\":\"https:\/\/www.canons.es\/\",\"logo\":{\"@type\":\"ImageObject\",\"inLanguage\":\"ca\",\"@id\":\"https:\/\/www.canons.es\/#\/schema\/logo\/image\/\",\"url\":\"https:\/\/www.canons.es\/wp-content\/uploads\/2025\/04\/logo-canons-clinics.jpg\",\"contentUrl\":\"https:\/\/www.canons.es\/wp-content\/uploads\/2025\/04\/logo-canons-clinics.jpg\",\"width\":600,\"height\":139,\"caption\":\"Cirug\u00eda Pl\u00e1stica y Est\u00e9tica Barcelona y Granollers | C\u00e0nons Clinics\"},\"image\":{\"@id\":\"https:\/\/www.canons.es\/#\/schema\/logo\/image\/\"},\"sameAs\":[\"https:\/\/www.facebook.com\/canonsclinics\/\",\"https:\/\/x.com\/canonsclinics\",\"https:\/\/www.instagram.com\/canonsclinics\/\",\"https:\/\/www.youtube.com\/channel\/UCI1Ia6LjALyo1CuQ0_HwtfQ\",\"https:\/\/www.linkedin.com\/company\/canons-clinics\/\"]}]}<\/script>\n<!-- \/ Yoast SEO Premium plugin. -->","yoast_head_json":{"title":"Bodyter Premium - Cl\u00ednica C\u00e0nons | Cirurgia i Medicina Estetica a Barcelona, \u200b\u200bGranollers","robots":{"index":"index","follow":"follow","max-snippet":"max-snippet:-1","max-image-preview":"max-image-preview:large","max-video-preview":"max-video-preview:-1"},"canonical":"https:\/\/www.canons.es\/bodyter-premium\/","og_locale":"ca_ES","og_type":"article","og_title":"Bodyter Premium","og_description":"[vc_row section_type=&#8221;full-width&#8221; background_color=&#8221;#f7f7f7&#8243;][vc_column][vc_empty_space height=&#8221;40px&#8221;][vc_row_inner][vc_column_inner width=&#8221;1\/2&#8243;][vc_single_image image=&#8221;8655&#8243; img_link_large=&#8221;&#8221;][\/vc_column_inner][vc_column_inner width=&#8221;1\/2&#8243;][vc_column_text] T\u2019oferim la m\u00e9s avan\u00e7ada aparatologia corporal Bodyter Premium que garanteix notables resultats en la millora de la cel\u00b7lulitis, la flaccidesa corporal, la remodelaci\u00f3 del contorn corporal, alhora que activa el sistema circulatori i limf\u00e0tic gr\u00e0cies a la...","og_url":"https:\/\/www.canons.es\/bodyter-premium\/","og_site_name":"Cl\u00ednica C\u00e0nons | Cirurgia i Medicina Estetica a Barcelona, \u200b\u200bGranollers","article_publisher":"https:\/\/www.facebook.com\/canonsclinics\/","article_modified_time":"2015-11-26T11:59:02+00:00","twitter_card":"summary_large_image","twitter_site":"@canonsclinics","twitter_misc":{"Temps estimat de lectura":"2 minuts"},"schema":{"@context":"https:\/\/schema.org","@graph":[{"@type":"WebPage","@id":"https:\/\/www.canons.es\/bodyter-premium\/","url":"https:\/\/www.canons.es\/bodyter-premium\/","name":"Bodyter Premium - Cl\u00ednica C\u00e0nons | Cirurgia i Medicina Estetica a Barcelona, \u200b\u200bGranollers","isPartOf":{"@id":"https:\/\/www.canons.es\/#website"},"datePublished":"2015-09-25T11:59:37+00:00","dateModified":"2015-11-26T11:59:02+00:00","breadcrumb":{"@id":"https:\/\/www.canons.es\/bodyter-premium\/#breadcrumb"},"inLanguage":"ca","potentialAction":[{"@type":"ReadAction","target":["https:\/\/www.canons.es\/bodyter-premium\/"]}]},{"@type":"BreadcrumbList","@id":"https:\/\/www.canons.es\/bodyter-premium\/#breadcrumb","itemListElement":[{"@type":"ListItem","position":1,"name":"Portada","item":"https:\/\/www.canons.es\/ca\/"},{"@type":"ListItem","position":2,"name":"Bodyter Premium"}]},{"@type":"WebSite","@id":"https:\/\/www.canons.es\/#website","url":"https:\/\/www.canons.es\/","name":"Cirug\u00eda Pl\u00e1stica y Est\u00e9tica Barcelona y Granollers | C\u00e0nons Clinics","description":"","publisher":{"@id":"https:\/\/www.canons.es\/#organization"},"potentialAction":[{"@type":"SearchAction","target":{"@type":"EntryPoint","urlTemplate":"https:\/\/www.canons.es\/?s={search_term_string}"},"query-input":{"@type":"PropertyValueSpecification","valueRequired":true,"valueName":"search_term_string"}}],"inLanguage":"ca"},{"@type":"Organization","@id":"https:\/\/www.canons.es\/#organization","name":"Cirug\u00eda Pl\u00e1stica y Est\u00e9tica Barcelona y Granollers | C\u00e0nons Clinics","url":"https:\/\/www.canons.es\/","logo":{"@type":"ImageObject","inLanguage":"ca","@id":"https:\/\/www.canons.es\/#\/schema\/logo\/image\/","url":"https:\/\/www.canons.es\/wp-content\/uploads\/2025\/04\/logo-canons-clinics.jpg","contentUrl":"https:\/\/www.canons.es\/wp-content\/uploads\/2025\/04\/logo-canons-clinics.jpg","width":600,"height":139,"caption":"Cirug\u00eda Pl\u00e1stica y Est\u00e9tica Barcelona y Granollers | C\u00e0nons Clinics"},"image":{"@id":"https:\/\/www.canons.es\/#\/schema\/logo\/image\/"},"sameAs":["https:\/\/www.facebook.com\/canonsclinics\/","https:\/\/x.com\/canonsclinics","https:\/\/www.instagram.com\/canonsclinics\/","https:\/\/www.youtube.com\/channel\/UCI1Ia6LjALyo1CuQ0_HwtfQ","https:\/\/www.linkedin.com\/company\/canons-clinics\/"]}]}},"_links":{"self":[{"href":"https:\/\/www.canons.es\/ca\/wp-json\/wp\/v2\/pages\/9639","targetHints":{"allow":["GET"]}}],"collection":[{"href":"https:\/\/www.canons.es\/ca\/wp-json\/wp\/v2\/pages"}],"about":[{"href":"https:\/\/www.canons.es\/ca\/wp-json\/wp\/v2\/types\/page"}],"author":[{"embeddable":true,"href":"https:\/\/www.canons.es\/ca\/wp-json\/wp\/v2\/users\/25"}],"replies":[{"embeddable":true,"href":"https:\/\/www.canons.es\/ca\/wp-json\/wp\/v2\/comments?post=9639"}],"version-history":[{"count":0,"href":"https:\/\/www.canons.es\/ca\/wp-json\/wp\/v2\/pages\/9639\/revisions"}],"wp:attachment":[{"href":"https:\/\/www.canons.es\/ca\/wp-json\/wp\/v2\/media?parent=9639"}],"curies":[{"name":"wp","href":"https:\/\/api.w.org\/{rel}","templated":true}]}}