{"id":9618,"date":"2015-09-08T14:38:08","date_gmt":"2015-09-08T14:38:08","guid":{"rendered":"https:\/\/www.canons.es\/ca\/elevacion-de-cejas\/"},"modified":"2019-12-12T16:28:46","modified_gmt":"2019-12-12T16:28:46","slug":"elevacion-de-cejas","status":"publish","type":"page","link":"https:\/\/www.canons.es\/ca\/cirurgia-plastica-facial\/elevacion-de-cejas\/","title":{"rendered":"Cirurgia d\u2019Elevaci\u00f3 de Celles"},"content":{"rendered":"<div class=\"wpb-content-wrapper\"><p>[vc_row css_animation=&#8221;&#8221; row_type=&#8221;row&#8221; use_row_as_full_screen_section=&#8221;no&#8221; type=&#8221;full_width&#8221; angled_section=&#8221;no&#8221; text_align=&#8221;left&#8221; background_image_as_pattern=&#8221;without_pattern&#8221; background_color=&#8221;#f7f7f7&#8243; section_type=&#8221;full-width&#8221;][vc_column][vc_empty_space height=&#8221;20px&#8221;]<div class=\"custom_font_holder\" style=\"font-family: Raleway; font-size: 35px; line-height: 26px; font-style: normal; font-weight: 300; color: #1e70b3; text-decoration: none; text-align: left;\">ELEVACI\u00d3 DE CELLES<\/div>[vc_empty_space height=&#8221;40px&#8221;][vc_row_inner row_type=&#8221;row&#8221; type=&#8221;full_width&#8221; text_align=&#8221;left&#8221; css_animation=&#8221;&#8221;][vc_column_inner width=&#8221;1\/2&#8243;][vc_single_image image=&#8221;7974&#8243; img_size=&#8221;full&#8221; alignment=&#8221;center&#8221; qode_css_animation=&#8221;&#8221;][vc_empty_space height=&#8221;40px&#8221;][\/vc_column_inner][vc_column_inner width=&#8221;1\/2&#8243;][vc_column_text]<\/p>\n<p style=\"text-align: justify;\">El pas del temps provoca una flaccidesa progressiva de les celles, donant a la teva mirada un aspecte trist i apagat.<\/p>\n<p><strong>Recuperem la posici\u00f3 natural de les celles<\/strong> mitjan\u00e7ant una innovadora t\u00e8cnica de rejoveniment facial amb el sistema de fixaci\u00f3 multipunt reabsorbible anomenat ENDOTINE Transbleph&#x2122;. Un nou i revolucionari procediment segur, simple i r\u00e0pid amb resultats immediats.[\/vc_column_text][\/vc_column_inner][\/vc_row_inner][\/vc_column][\/vc_row][vc_row css_animation=&#8221;&#8221; row_type=&#8221;row&#8221; use_row_as_full_screen_section=&#8221;no&#8221; type=&#8221;full_width&#8221; angled_section=&#8221;no&#8221; text_align=&#8221;left&#8221; background_image_as_pattern=&#8221;without_pattern&#8221; section_type=&#8221;full-width&#8221;][vc_column][vc_empty_space][vc_accordion style=&#8221;accordion&#8221;][vc_accordion_tab title=&#8221;Qui \u00e9s el candidat ideal per sotmetre a una Cirurgia d\u2019Elevaci\u00f3 de Celles?&#8221;][vc_column_text]<\/p>\n<p style=\"text-align: justify;\">Les persones que amb m\u00e9s freq\u00fc\u00e8ncia es sotmeten a aquestes intervencions s\u00f3n aquelles que diuen que l\u2019aspecte de la seva mirada no els agrada, pel seu <strong><span style=\"color: #6d98dc;\">aspecte de cansament o tristesa que no es correspon amb la realitat<\/span>.<\/strong><\/p>\n<p>[\/vc_column_text][\/vc_accordion_tab][vc_accordion_tab title=&#8221;En qu\u00e8 consisteix la Cirurgia d\u2019Elevaci\u00f3 de Celles?&#8221;][vc_column_text]<\/p>\n<p style=\"text-align: justify;\">A causa del proc\u00e9s natural d\u2019envelliment facial o b\u00e9 a alteracions de les estructures facials es posa de manifest un despenjament progressiu de les celles.<\/p>\n<p style=\"text-align: justify;\">La cirurgia d\u2019elevaci\u00f3 de celles mitjan\u00e7ant fixaci\u00f3 directa \u00e9s un <strong><span style=\"color: #6d98dc;\">nou i revolucionari procediment segur, simple i r\u00e0pid amb resultats immediats<\/span>.<\/strong><\/p>\n<p style=\"text-align: justify;\">Consisteix a recuperar la posici\u00f3 natural de les celles mitjan\u00e7ant la t\u00e8cnica de rejoveniment facial amb el sistema de fixaci\u00f3 multipunt reabsorbible anomenat ENDOTINE Transbleph &#x2122; que consisteix en realitzar una \u00fanica incisi\u00f3, la qual es realitza en les blefaropl\u00e0sties de parpella superior convencionals i per on <span style=\"color: #6d98dc;\"><strong>s\u2019implanta un fixador que aixeca les celles amb un sistema multipunts de tres pues patentada per CoaptSystems<\/strong><\/span>, la qual permet una <strong><span style=\"color: #6d98dc;\">fixaci\u00f3 segura amb la possibilitat de reajustar l\u2019al\u00e7ada i corregir la posici\u00f3 de les celles<\/span>.<\/strong><\/p>\n<p style=\"text-align: justify;\">La utilitzaci\u00f3 de ENDOTINE Transbleph &#x2122; permet al professional de la Cirurgia Pl\u00e0stica i Est\u00e8tica ajudar a recuperar una aparen\u00e7a juvenil, una bonica i rejovenida mirada, sense haver de patir un l\u00edfting Frontal complet.<\/p>\n<p style=\"text-align: justify;\">Normalment s\u2019utilitza \u00fanicament anest\u00e8sia local, tamb\u00e9 de vegades depenent del cas s\u2019utilitza tamb\u00e9 sedaci\u00f3.<\/p>\n<p>[\/vc_column_text][\/vc_accordion_tab][vc_accordion_tab title=&#8221;Podr\u00e9 veure alguna simulaci\u00f3 en 3D abans d\u2019operar-me de la Cirurgia d\u2019Elevaci\u00f3 de Celles?&#8221;][vc_column_text]<\/p>\n<p style=\"text-align: justify;\">En els nostres centres C\u00e0nons Clinics, especialitzats en Cirurgia i Medicina Est\u00e8tica, oferim la possibilitat de mostrar mitjan\u00e7ant un nou programa 3D E-Stetix diverses simulacions en tres dimensions de la Cirurgia d\u2019Elevaci\u00f3 de Celles per poder analitzar de forma personalitzada, i segons criteri m\u00e8dic, tots els aspectes que desitgis millorar de les teves celles nom\u00e9s fent unes <strong><span style=\"color: #6d98dc;\">fotografies pr\u00e8vies, on et podr\u00e0s fer una idea, sempre aproximada, de com quedar\u00e0s despr\u00e9s de la cirurgia ja que intervenen molts factors<\/span>.<\/strong><\/p>\n<p>[\/vc_column_text][\/vc_accordion_tab][vc_accordion_tab title=&#8221;Podr\u00e9 combinar-ho amb altres cirurgies i tractaments?&#8221;][vc_column_text]<\/p>\n<p style=\"text-align: justify;\"><span style=\"color: #6d98dc;\"><strong>Normalment es combina amb la <a style=\"color: #6d98dc;\" href=\"http:\/\/www.C\u00e0nons Clinics.es\/ca\/blefaroplastia\/\">blefaropl\u00e0stia<\/a>, una combinaci\u00f3 insuperable<\/strong><\/span>. Obtindr\u00e0s els millors resultats combinant la blefaropl\u00e0stia amb l\u2019elevaci\u00f3 i reposicionament de les celles en una mateixa sessi\u00f3 quir\u00fargica.<\/p>\n<p style=\"text-align: justify;\">Tamb\u00e9 es pot combinar amb altres procediments medicoest\u00e8tics com la toxina botul\u00ednica, mesoter\u00e0pia, farcits d\u2019arrugues\u2026<\/p>\n<p>[\/vc_column_text][\/vc_accordion_tab][vc_accordion_tab title=&#8221;Com em preparo per la cirurgia?&#8221;][vc_column_text]<\/p>\n<p style=\"text-align: justify;\">El teu cirugi\u00e0 pl\u00e0stic i est\u00e8tic et donar\u00e0 instruccions sobre com preparar la cirurgia, incloent les pautes a seguir sobre la presa o supressi\u00f3 de medicaments, vitamines, suplements de ferro, aliments, l\u00edquids i tabac.<\/p>\n<p style=\"text-align: justify;\"><span style=\"color: #6d98dc;\"><strong>Assegura\u2019t tamb\u00e9 que algun familiar o acompanyant t\u2019acompanyi en el moment que te&#8217;n vas d\u2019alta<\/strong><\/span> i que, en cas necessari, et pugui ajudar uns dies.<\/p>\n<p>[\/vc_column_text][\/vc_accordion_tab][vc_accordion_tab title=&#8221;Quines precaucions haur\u00e9 de prendre?&#8221;][vc_column_text]<\/p>\n<p style=\"text-align: justify;\">Amb l\u2019objectiu de limitar el risc de sagnat i hematomes haur\u00e0s d\u2019<span style=\"color: #6d98dc;\"><strong>evitar prendre en els 7 dies previs<\/strong><strong> al procediment<\/strong> <\/span>antiagregants plaquetaris com Aspirina, Dipiridamol, Ticlopidina\u2026 com tamb\u00e9, en els 3 dies previs prendre antiinflamatoris no estero\u00efdals amb efecte antiagregant com Ibuprof\u00e8, Diclofenac, Indometacina, Piroxicam, Naprox\u00e8\u2026<\/p>\n<p>[\/vc_column_text][\/vc_accordion_tab][\/vc_accordion][\/vc_column][\/vc_row]<\/p>\n<\/div><!-- AddThis Advanced Settings generic via filter on the_content --><!-- AddThis Share Buttons generic via filter on the_content -->","protected":false},"excerpt":{"rendered":"<p>[vc_row css_animation=&#8221;&#8221; row_type=&#8221;row&#8221; use_row_as_full_screen_section=&#8221;no&#8221; type=&#8221;full_width&#8221; angled_section=&#8221;no&#8221; text_align=&#8221;left&#8221; background_image_as_pattern=&#8221;without_pattern&#8221; background_color=&#8221;#f7f7f7&#8243; section_type=&#8221;full-width&#8221;][vc_column][vc_empty_space height=&#8221;20px&#8221;][vc_empty_space height=&#8221;40px&#8221;][vc_row_inner row_type=&#8221;row&#8221; type=&#8221;full_width&#8221; text_align=&#8221;left&#8221; css_animation=&#8221;&#8221;][vc_column_inner width=&#8221;1\/2&#8243;][vc_single_image image=&#8221;7974&#8243; img_size=&#8221;full&#8221; alignment=&#8221;center&#8221; qode_css_animation=&#8221;&#8221;][vc_empty_space height=&#8221;40px&#8221;][\/vc_column_inner][vc_column_inner width=&#8221;1\/2&#8243;][vc_column_text] El pas del temps provoca una flaccidesa progressiva de les celles, donant a la teva mirada un aspecte trist i apagat. Recuperem&#8230;<!-- AddThis Advanced Settings generic via filter on get_the_excerpt --><!-- AddThis Share Buttons generic via filter on get_the_excerpt --><\/p>\n","protected":false},"author":25,"featured_media":0,"parent":9761,"menu_order":0,"comment_status":"closed","ping_status":"closed","template":"","meta":{"footnotes":""},"class_list":["post-9618","page","type-page","status-publish","hentry"],"yoast_head":"<!-- This site is optimized with the Yoast SEO Premium plugin v26.9 (Yoast SEO v27.2) - https:\/\/yoast.com\/product\/yoast-seo-premium-wordpress\/ -->\n<title>Cirurgia d\u2019Elevaci\u00f3 de Celles - Cl\u00ednica C\u00e0nons | Cirurgia i Medicina Estetica a Barcelona, \u200b\u200bGranollers<\/title>\n<meta name=\"robots\" content=\"index, follow, max-snippet:-1, max-image-preview:large, max-video-preview:-1\" \/>\n<link rel=\"canonical\" href=\"https:\/\/www.canons.es\/ca\/cirurgia-plastica-facial\/elevacion-de-cejas\/\" \/>\n<meta property=\"og:locale\" content=\"ca_ES\" \/>\n<meta property=\"og:type\" content=\"article\" \/>\n<meta property=\"og:title\" content=\"Cirurgia d\u2019Elevaci\u00f3 de Celles\" \/>\n<meta property=\"og:description\" content=\"[vc_row css_animation=&#8221;&#8221; row_type=&#8221;row&#8221; use_row_as_full_screen_section=&#8221;no&#8221; type=&#8221;full_width&#8221; angled_section=&#8221;no&#8221; text_align=&#8221;left&#8221; background_image_as_pattern=&#8221;without_pattern&#8221; background_color=&#8221;#f7f7f7&#8243; section_type=&#8221;full-width&#8221;][vc_column][vc_empty_space height=&#8221;20px&#8221;][vc_empty_space height=&#8221;40px&#8221;][vc_row_inner row_type=&#8221;row&#8221; type=&#8221;full_width&#8221; text_align=&#8221;left&#8221; css_animation=&#8221;&#8221;][vc_column_inner width=&#8221;1\/2&#8243;][vc_single_image image=&#8221;7974&#8243; img_size=&#8221;full&#8221; alignment=&#8221;center&#8221; qode_css_animation=&#8221;&#8221;][vc_empty_space height=&#8221;40px&#8221;][\/vc_column_inner][vc_column_inner width=&#8221;1\/2&#8243;][vc_column_text] El pas del temps provoca una flaccidesa progressiva de les celles, donant a la teva mirada un aspecte trist i apagat. Recuperem...\" \/>\n<meta property=\"og:url\" content=\"https:\/\/www.canons.es\/ca\/cirurgia-plastica-facial\/elevacion-de-cejas\/\" \/>\n<meta property=\"og:site_name\" content=\"Cl\u00ednica C\u00e0nons | Cirurgia i Medicina Estetica a Barcelona, \u200b\u200bGranollers\" \/>\n<meta property=\"article:publisher\" content=\"https:\/\/www.facebook.com\/canonsclinics\/\" \/>\n<meta property=\"article:modified_time\" content=\"2019-12-12T16:28:46+00:00\" \/>\n<meta name=\"twitter:card\" content=\"summary_large_image\" \/>\n<meta name=\"twitter:site\" content=\"@canonsclinics\" \/>\n<meta name=\"twitter:label1\" content=\"Temps estimat de lectura\" \/>\n\t<meta name=\"twitter:data1\" content=\"4 minuts\" \/>\n<script type=\"application\/ld+json\" class=\"yoast-schema-graph\">{\"@context\":\"https:\/\/schema.org\",\"@graph\":[{\"@type\":\"WebPage\",\"@id\":\"https:\/\/www.canons.es\/ca\/cirurgia-plastica-facial\/elevacion-de-cejas\/\",\"url\":\"https:\/\/www.canons.es\/ca\/cirurgia-plastica-facial\/elevacion-de-cejas\/\",\"name\":\"Cirurgia d\u2019Elevaci\u00f3 de Celles - Cl\u00ednica C\u00e0nons | Cirurgia i Medicina Estetica a Barcelona, \u200b\u200bGranollers\",\"isPartOf\":{\"@id\":\"https:\/\/www.canons.es\/#website\"},\"datePublished\":\"2015-09-08T14:38:08+00:00\",\"dateModified\":\"2019-12-12T16:28:46+00:00\",\"breadcrumb\":{\"@id\":\"https:\/\/www.canons.es\/ca\/cirurgia-plastica-facial\/elevacion-de-cejas\/#breadcrumb\"},\"inLanguage\":\"ca\",\"potentialAction\":[{\"@type\":\"ReadAction\",\"target\":[\"https:\/\/www.canons.es\/ca\/cirurgia-plastica-facial\/elevacion-de-cejas\/\"]}]},{\"@type\":\"BreadcrumbList\",\"@id\":\"https:\/\/www.canons.es\/ca\/cirurgia-plastica-facial\/elevacion-de-cejas\/#breadcrumb\",\"itemListElement\":[{\"@type\":\"ListItem\",\"position\":1,\"name\":\"Portada\",\"item\":\"https:\/\/www.canons.es\/ca\/\"},{\"@type\":\"ListItem\",\"position\":2,\"name\":\"CIRURGIA PL\u00c0STICA FACIAL\",\"item\":\"https:\/\/www.canons.es\/ca\/cirurgia-plastica-facial\/\"},{\"@type\":\"ListItem\",\"position\":3,\"name\":\"Cirurgia d\u2019Elevaci\u00f3 de Celles\"}]},{\"@type\":\"WebSite\",\"@id\":\"https:\/\/www.canons.es\/#website\",\"url\":\"https:\/\/www.canons.es\/\",\"name\":\"Cirug\u00eda Pl\u00e1stica y Est\u00e9tica Barcelona y Granollers | C\u00e0nons Clinics\",\"description\":\"\",\"publisher\":{\"@id\":\"https:\/\/www.canons.es\/#organization\"},\"potentialAction\":[{\"@type\":\"SearchAction\",\"target\":{\"@type\":\"EntryPoint\",\"urlTemplate\":\"https:\/\/www.canons.es\/?s={search_term_string}\"},\"query-input\":{\"@type\":\"PropertyValueSpecification\",\"valueRequired\":true,\"valueName\":\"search_term_string\"}}],\"inLanguage\":\"ca\"},{\"@type\":\"Organization\",\"@id\":\"https:\/\/www.canons.es\/#organization\",\"name\":\"Cirug\u00eda Pl\u00e1stica y Est\u00e9tica Barcelona y Granollers | C\u00e0nons Clinics\",\"url\":\"https:\/\/www.canons.es\/\",\"logo\":{\"@type\":\"ImageObject\",\"inLanguage\":\"ca\",\"@id\":\"https:\/\/www.canons.es\/#\/schema\/logo\/image\/\",\"url\":\"https:\/\/www.canons.es\/wp-content\/uploads\/2025\/04\/logo-canons-clinics.jpg\",\"contentUrl\":\"https:\/\/www.canons.es\/wp-content\/uploads\/2025\/04\/logo-canons-clinics.jpg\",\"width\":600,\"height\":139,\"caption\":\"Cirug\u00eda Pl\u00e1stica y Est\u00e9tica Barcelona y Granollers | C\u00e0nons Clinics\"},\"image\":{\"@id\":\"https:\/\/www.canons.es\/#\/schema\/logo\/image\/\"},\"sameAs\":[\"https:\/\/www.facebook.com\/canonsclinics\/\",\"https:\/\/x.com\/canonsclinics\",\"https:\/\/www.instagram.com\/canonsclinics\/\",\"https:\/\/www.youtube.com\/channel\/UCI1Ia6LjALyo1CuQ0_HwtfQ\",\"https:\/\/www.linkedin.com\/company\/canons-clinics\/\"]}]}<\/script>\n<!-- \/ Yoast SEO Premium plugin. -->","yoast_head_json":{"title":"Cirurgia d\u2019Elevaci\u00f3 de Celles - Cl\u00ednica C\u00e0nons | Cirurgia i Medicina Estetica a Barcelona, \u200b\u200bGranollers","robots":{"index":"index","follow":"follow","max-snippet":"max-snippet:-1","max-image-preview":"max-image-preview:large","max-video-preview":"max-video-preview:-1"},"canonical":"https:\/\/www.canons.es\/ca\/cirurgia-plastica-facial\/elevacion-de-cejas\/","og_locale":"ca_ES","og_type":"article","og_title":"Cirurgia d\u2019Elevaci\u00f3 de Celles","og_description":"[vc_row css_animation=&#8221;&#8221; row_type=&#8221;row&#8221; use_row_as_full_screen_section=&#8221;no&#8221; type=&#8221;full_width&#8221; angled_section=&#8221;no&#8221; text_align=&#8221;left&#8221; background_image_as_pattern=&#8221;without_pattern&#8221; background_color=&#8221;#f7f7f7&#8243; section_type=&#8221;full-width&#8221;][vc_column][vc_empty_space height=&#8221;20px&#8221;][vc_empty_space height=&#8221;40px&#8221;][vc_row_inner row_type=&#8221;row&#8221; type=&#8221;full_width&#8221; text_align=&#8221;left&#8221; css_animation=&#8221;&#8221;][vc_column_inner width=&#8221;1\/2&#8243;][vc_single_image image=&#8221;7974&#8243; img_size=&#8221;full&#8221; alignment=&#8221;center&#8221; qode_css_animation=&#8221;&#8221;][vc_empty_space height=&#8221;40px&#8221;][\/vc_column_inner][vc_column_inner width=&#8221;1\/2&#8243;][vc_column_text] El pas del temps provoca una flaccidesa progressiva de les celles, donant a la teva mirada un aspecte trist i apagat. Recuperem...","og_url":"https:\/\/www.canons.es\/ca\/cirurgia-plastica-facial\/elevacion-de-cejas\/","og_site_name":"Cl\u00ednica C\u00e0nons | Cirurgia i Medicina Estetica a Barcelona, \u200b\u200bGranollers","article_publisher":"https:\/\/www.facebook.com\/canonsclinics\/","article_modified_time":"2019-12-12T16:28:46+00:00","twitter_card":"summary_large_image","twitter_site":"@canonsclinics","twitter_misc":{"Temps estimat de lectura":"4 minuts"},"schema":{"@context":"https:\/\/schema.org","@graph":[{"@type":"WebPage","@id":"https:\/\/www.canons.es\/ca\/cirurgia-plastica-facial\/elevacion-de-cejas\/","url":"https:\/\/www.canons.es\/ca\/cirurgia-plastica-facial\/elevacion-de-cejas\/","name":"Cirurgia d\u2019Elevaci\u00f3 de Celles - Cl\u00ednica C\u00e0nons | Cirurgia i Medicina Estetica a Barcelona, \u200b\u200bGranollers","isPartOf":{"@id":"https:\/\/www.canons.es\/#website"},"datePublished":"2015-09-08T14:38:08+00:00","dateModified":"2019-12-12T16:28:46+00:00","breadcrumb":{"@id":"https:\/\/www.canons.es\/ca\/cirurgia-plastica-facial\/elevacion-de-cejas\/#breadcrumb"},"inLanguage":"ca","potentialAction":[{"@type":"ReadAction","target":["https:\/\/www.canons.es\/ca\/cirurgia-plastica-facial\/elevacion-de-cejas\/"]}]},{"@type":"BreadcrumbList","@id":"https:\/\/www.canons.es\/ca\/cirurgia-plastica-facial\/elevacion-de-cejas\/#breadcrumb","itemListElement":[{"@type":"ListItem","position":1,"name":"Portada","item":"https:\/\/www.canons.es\/ca\/"},{"@type":"ListItem","position":2,"name":"CIRURGIA PL\u00c0STICA FACIAL","item":"https:\/\/www.canons.es\/ca\/cirurgia-plastica-facial\/"},{"@type":"ListItem","position":3,"name":"Cirurgia d\u2019Elevaci\u00f3 de Celles"}]},{"@type":"WebSite","@id":"https:\/\/www.canons.es\/#website","url":"https:\/\/www.canons.es\/","name":"Cirug\u00eda Pl\u00e1stica y Est\u00e9tica Barcelona y Granollers | C\u00e0nons Clinics","description":"","publisher":{"@id":"https:\/\/www.canons.es\/#organization"},"potentialAction":[{"@type":"SearchAction","target":{"@type":"EntryPoint","urlTemplate":"https:\/\/www.canons.es\/?s={search_term_string}"},"query-input":{"@type":"PropertyValueSpecification","valueRequired":true,"valueName":"search_term_string"}}],"inLanguage":"ca"},{"@type":"Organization","@id":"https:\/\/www.canons.es\/#organization","name":"Cirug\u00eda Pl\u00e1stica y Est\u00e9tica Barcelona y Granollers | C\u00e0nons Clinics","url":"https:\/\/www.canons.es\/","logo":{"@type":"ImageObject","inLanguage":"ca","@id":"https:\/\/www.canons.es\/#\/schema\/logo\/image\/","url":"https:\/\/www.canons.es\/wp-content\/uploads\/2025\/04\/logo-canons-clinics.jpg","contentUrl":"https:\/\/www.canons.es\/wp-content\/uploads\/2025\/04\/logo-canons-clinics.jpg","width":600,"height":139,"caption":"Cirug\u00eda Pl\u00e1stica y Est\u00e9tica Barcelona y Granollers | C\u00e0nons Clinics"},"image":{"@id":"https:\/\/www.canons.es\/#\/schema\/logo\/image\/"},"sameAs":["https:\/\/www.facebook.com\/canonsclinics\/","https:\/\/x.com\/canonsclinics","https:\/\/www.instagram.com\/canonsclinics\/","https:\/\/www.youtube.com\/channel\/UCI1Ia6LjALyo1CuQ0_HwtfQ","https:\/\/www.linkedin.com\/company\/canons-clinics\/"]}]}},"_links":{"self":[{"href":"https:\/\/www.canons.es\/ca\/wp-json\/wp\/v2\/pages\/9618","targetHints":{"allow":["GET"]}}],"collection":[{"href":"https:\/\/www.canons.es\/ca\/wp-json\/wp\/v2\/pages"}],"about":[{"href":"https:\/\/www.canons.es\/ca\/wp-json\/wp\/v2\/types\/page"}],"author":[{"embeddable":true,"href":"https:\/\/www.canons.es\/ca\/wp-json\/wp\/v2\/users\/25"}],"replies":[{"embeddable":true,"href":"https:\/\/www.canons.es\/ca\/wp-json\/wp\/v2\/comments?post=9618"}],"version-history":[{"count":0,"href":"https:\/\/www.canons.es\/ca\/wp-json\/wp\/v2\/pages\/9618\/revisions"}],"up":[{"embeddable":true,"href":"https:\/\/www.canons.es\/ca\/wp-json\/wp\/v2\/pages\/9761"}],"wp:attachment":[{"href":"https:\/\/www.canons.es\/ca\/wp-json\/wp\/v2\/media?parent=9618"}],"curies":[{"name":"wp","href":"https:\/\/api.w.org\/{rel}","templated":true}]}}