{"id":9595,"date":"2015-09-07T15:06:04","date_gmt":"2015-09-07T15:06:04","guid":{"rendered":"https:\/\/www.canons.es\/ca\/aumento-de-pomulos\/"},"modified":"2019-12-12T15:28:49","modified_gmt":"2019-12-12T15:28:49","slug":"aumento-de-pomulos","status":"publish","type":"page","link":"https:\/\/www.canons.es\/ca\/cirurgia-plastica-facial\/aumento-de-pomulos\/","title":{"rendered":"Augment de P\u00f2muls"},"content":{"rendered":"<div class=\"wpb-content-wrapper\"><p>[vc_row css_animation=&#8221;&#8221; row_type=&#8221;row&#8221; use_row_as_full_screen_section=&#8221;no&#8221; type=&#8221;full_width&#8221; angled_section=&#8221;no&#8221; text_align=&#8221;left&#8221; background_image_as_pattern=&#8221;without_pattern&#8221; background_color=&#8221;#f9f9f9&#8243; section_type=&#8221;full-width&#8221;][vc_column][vc_empty_space height=&#8221;20px&#8221;]<div class=\"custom_font_holder\" style=\"font-family: Raleway; font-size: 35px; line-height: 26px; font-style: normal; font-weight: 300; color: #1e70b3; text-decoration: none; text-align: left;\">AUGMENT DE P\u00d2MULS<\/div>[vc_empty_space height=&#8221;40px&#8221;][vc_row_inner row_type=&#8221;row&#8221; type=&#8221;full_width&#8221; text_align=&#8221;left&#8221; css_animation=&#8221;&#8221;][vc_column_inner width=&#8221;1\/2&#8243;][vc_single_image image=&#8221;7943&#8243; img_size=&#8221;full&#8221; alignment=&#8221;center&#8221; qode_css_animation=&#8221;&#8221;][vc_empty_space height=&#8221;40px&#8221;][\/vc_column_inner][vc_column_inner width=&#8221;1\/2&#8243;][vc_column_text]<\/p>\n<p style=\"text-align: justify;\">Protocol ideal per a aquelles persones amb els\u00a0<strong>p\u00f2muls que encara\u00a0no s&#8217;han desenvolupat suficientment, s\u00f3n aplanats o es troben disminu\u00efts i, per tant, atorguen al semblant un aspecte de cansament permanent i poc saludable.<\/strong><\/p>\n<p>Aconsegueix l&#8217;aspecte que sempre has volgut mitjan\u00e7ant una senzilla intervenci\u00f3 amb\u00a0la qual aplicarem les t\u00e8cniques menys invasives amb les m\u00e0ximes garanties de seguretat.[\/vc_column_text][\/vc_column_inner][\/vc_row_inner][\/vc_column][\/vc_row][vc_row css_animation=&#8221;&#8221; row_type=&#8221;row&#8221; use_row_as_full_screen_section=&#8221;no&#8221; type=&#8221;full_width&#8221; angled_section=&#8221;no&#8221; text_align=&#8221;left&#8221; background_image_as_pattern=&#8221;without_pattern&#8221; section_type=&#8221;full-width&#8221;][vc_column][vc_empty_space][vc_accordion style=&#8221;accordion&#8221;][vc_accordion_tab title=&#8221;Qui \u00e9s el candidat ideal per sotmetre a un Augment de p\u00f2muls?&#8221;][vc_column_text]<\/p>\n<p style=\"text-align: justify;\">Si veus que el teu rostre li falta estructura, que els teus <span style=\"color: #6d98dc;\"><strong>p\u00f2muls s\u00f3n molt plans o que per trets propis hereditaris els teus p\u00f2muls no tenen les proporcions adequades a la teva estructura facial<\/strong><\/span>, \u00e9s possible que necessitis una Cirurgia d&#8217;Augment de P\u00f2muls per harmonitzar el teu rostre.<\/p>\n<p style=\"text-align: justify;\">En qualsevol cas, no oblidis que ser\u00e0 amb l\u2019ajuda del teu cirurgi\u00e0 que podr\u00e0s determinar la necessitat de sotmetre\u2019t a una Malarpl\u00e0stia d\u2019Augment.<\/p>\n<p style=\"text-align: justify;\">Mitjan\u00e7ant un acurat estudi del teu cas en particular i la valoraci\u00f3 pels nostres metges especialistes en Cirurgia Pl\u00e0stica i Est\u00e8tica, el teu cirurgi\u00e0 analitzar\u00e0 acuradament els canvis de volum en els p\u00f2muls i t\u2019aconsellar\u00e0 les modificacions m\u00e9s convenients segons el teu cas en particular.<\/p>\n<p>[\/vc_column_text][\/vc_accordion_tab][vc_accordion_tab title=&#8221;En qu\u00e8 consisteix l\u2019Augment de P\u00f2muls o Malarpl\u00e0stia d\u2019Augment?&#8221;][vc_column_text]<\/p>\n<p style=\"text-align: justify;\">Els p\u00f2muls o malars s\u00f3n els ossos que donen suport a les dues promin\u00e8ncies de la cara conegudes com galtes. Aquestes estructures malars brinden eleg\u00e0ncia i bellesa a la cara.<\/p>\n<p style=\"text-align: justify;\">Quan els p\u00f2muls no s\u2019han desenvolupat prou, s\u00f3n aplanats o es troben disminu\u00efts aporten al rostre un aspecte de cansament permanent i poc saludable.<\/p>\n<p style=\"text-align: justify;\"><span style=\"color: #6d98dc;\"><strong>Aquesta intervenci\u00f3 corregeix la manca de projecci\u00f3 o asimetria dels p\u00f2muls. Es practica col\u00b7locant petits implants de la configuraci\u00f3, forma i mida adequats, a trav\u00e9s d\u2019una m\u00ednima incisi\u00f3 a l\u2019interior de la boca.<\/strong><\/span><\/p>\n<p style=\"text-align: justify;\">Aquests implants estan certificats per la Comunitat Europea. Garanteixen la m\u00e0xima qualitat de l\u2019implant i m\u00e0xima seguretat.<\/p>\n<p style=\"text-align: justify;\">Normalment es realitza una m\u00ednima incisi\u00f3 a la boca, just a l\u2019\u00e0rea on es troba la geniva i el llavi superior, de manera que no queden cicatrius exposades.<\/p>\n<p style=\"text-align: justify;\">Es pot fer com un procediment ambulatori a\u00efllat o, b\u00e9 combinar durant el mateix temps quir\u00fargic amb altres procediments com elevaci\u00f3 de celles, rinopl\u00e0stia, blefaropl\u00e0stia, lifting\u2026 per aconseguir un tractament facial global.<\/p>\n<p>[\/vc_column_text][\/vc_accordion_tab][vc_accordion_tab title=&#8221;Podr\u00e9 veure alguna simulaci\u00f3 en 3D abans d\u2019operar-me d\u2019Augment de P\u00f2muls?&#8221;][vc_column_text]<\/p>\n<p style=\"text-align: justify;\">En els nostres centres C\u00e0nons Clinics, especialitzats en Cirurgia i Medicina Est\u00e8tica, oferim la possibilitat de mostrar mitjan\u00e7ant un <span style=\"color: #6d98dc;\"><strong>nou programa 3D E-Stetix<\/strong><\/span> diverses simulacions en tres dimensions de l&#8217;Augment de P\u00f2muls per poder analitzar de forma personalitzada, i \u00a0segons criteri m\u00e8di,c tots els aspectes que desitgis millorar dels teus p\u00f2muls nom\u00e9s fent unes fotografies pr\u00e8vies, on <strong><span style=\"color: #6d98dc;\">et podr\u00e0s fer una idea, sempre aproximada, de com quedar\u00e0s despr\u00e9s de la cirurgia ja que intervenen molts factors<\/span>.<\/strong><\/p>\n<p>[\/vc_column_text][\/vc_accordion_tab][vc_accordion_tab title=&#8221;Es pot utilitzar un farciment en lloc de l\u2019implant?&#8221;][vc_column_text]Actualment, \u00e9s possible<strong><span style=\"color: #6d98dc;\"> utilitzar teixit gras propi. Ajudant-se d\u2019unes c\u00e0nules especials i mitjan\u00e7ant microaspiraci\u00f3, el cirurgi\u00e0 pren el teixit gras i el processa<\/span>.<\/strong><\/p>\n<p>Posteriorment, <span style=\"color: #6d98dc;\"><strong>s\u2019injecta aquest teixit emprant una t\u00e8cnica molt precisa<\/strong><\/span>, que permet que el greix s\u2019adapti als espais que requereixen augmentar volum.<\/p>\n<p>D\u2019altra banda, tamb\u00e9 es pot realitzar un augment del malar amb subst\u00e0ncies injectables sint\u00e8tiques testades sense efectes secundaris, que eviten processos m\u00e9s llargs com pot resultar l\u2019extracci\u00f3 del greix mitjan\u00e7ant liposucci\u00f3.[\/vc_column_text][\/vc_accordion_tab][vc_accordion_tab title=&#8221;Com ser\u00e0 la tornada a la normalitat?&#8221;][vc_column_text]<\/p>\n<p style=\"text-align: justify;\">La malarplastia \u00e9s una cirurgia generalment ambulat\u00f2ria, \u00e9s a dir, que <span style=\"color: #6d98dc;\"><strong>no requereix hospitalitzaci\u00f3<\/strong><\/span>. \u00c9s possible que amb el pas de les hores tinguis algunes mol\u00e8sties, les quals es controlen amb fred local i la pauta d\u2019analg\u00e8sics i antiinflamatoris recomanada pel teu cirurgi\u00e0.<\/p>\n<p style=\"text-align: justify;\">Pot apar\u00e8ixer inflamaci\u00f3 a la zona de la intervenci\u00f3, la qual cosa \u00e9s completament normal. Quan arribis a casa \u00e9s important que et posis fred local per evitar al m\u00e0xim possibles hematomes i inflamacions.<\/p>\n<p style=\"text-align: justify;\">\u00c9s important que planifiqueu amb anticipaci\u00f3 el dia de la cirurgia i, tinguis al teu costat una persona de la teva confian\u00e7a, que et porti a casa i, et cuidi almenys les primeres 24 hores.<\/p>\n<p style=\"text-align: justify;\">Si tens qualsevol consulta no dubtis en contactar amb el nostre equip de C\u00e0nons Clinics, especialistes en Cirurgia i Medicina Est\u00e8tica, el qual estar\u00e0 atent a tot el seu proc\u00e9s de recuperaci\u00f3.<\/p>\n<p>[\/vc_column_text][\/vc_accordion_tab][vc_accordion_tab title=&#8221;Quant es demora la recuperaci\u00f3?&#8221;][vc_column_text]<\/p>\n<p style=\"text-align: justify;\"><span style=\"color: #6d98dc;\"><strong>La recuperaci\u00f3 d\u2019una cirurgia del malar \u00e9s r\u00e0pida i generalment es podr\u00e0 tornar a les tasques habituals r\u00e0pidament<\/strong><\/span>. En alguns casos es pot allargar uns dies. Recordeu que la recuperaci\u00f3 dep\u00e8n en gran part del propi organisme.<\/p>\n<p>[\/vc_column_text][\/vc_accordion_tab][vc_accordion_tab title=&#8221;Com em preparo la cirurgia?&#8221;][vc_column_text]El teu cirurgi\u00e0 et donar\u00e0 instruccions sobre com preparar-te per la cirurgia, incloent les pautes a seguir sobre la presa o supressi\u00f3 de medicaments, vitamines, suplements de ferro, aliments, l\u00edquids i, tabac.<\/p>\n<p><span style=\"color: #6d98dc;\"><strong>Assegura\u2019t que algun familiar o acompanyant et pugui acompanyar<\/strong><\/span> quan se\u2019t doni l\u2019alta i que, en cas necessari, puguin ajudar-te uns dies.[\/vc_column_text][\/vc_accordion_tab][vc_accordion_tab title=&#8221;Quines precaucions haur\u00e9 de prendre?&#8221;][vc_column_text]<\/p>\n<p style=\"text-align: justify;\">Amb l\u2019objectiu de limitar el risc de sagnat i hematomes haur\u00e0s d\u2019<span style=\"color: #6d98dc;\"><strong>evitar prendre en els 7 dies previs<\/strong><\/span> al procediment antiagregants plaquetaris com Aspirina, Dipiridamol, Ticlopidina\u2026 com tamb\u00e9, en els 3 dies previs prendre antiinflamatoris no estero\u00efdals amb efecte antiagregant com ibuprof\u00e8, Diclofenac, Indometacina, Piroxicam, Naprox\u00e8\u2026<\/p>\n<p>[\/vc_column_text][\/vc_accordion_tab][\/vc_accordion][\/vc_column][\/vc_row]<\/p>\n<\/div><!-- AddThis Advanced Settings generic via filter on the_content --><!-- AddThis Share Buttons generic via filter on the_content -->","protected":false},"excerpt":{"rendered":"<p>[vc_row css_animation=&#8221;&#8221; row_type=&#8221;row&#8221; use_row_as_full_screen_section=&#8221;no&#8221; type=&#8221;full_width&#8221; angled_section=&#8221;no&#8221; text_align=&#8221;left&#8221; background_image_as_pattern=&#8221;without_pattern&#8221; background_color=&#8221;#f9f9f9&#8243; section_type=&#8221;full-width&#8221;][vc_column][vc_empty_space height=&#8221;20px&#8221;][vc_empty_space height=&#8221;40px&#8221;][vc_row_inner row_type=&#8221;row&#8221; type=&#8221;full_width&#8221; text_align=&#8221;left&#8221; css_animation=&#8221;&#8221;][vc_column_inner width=&#8221;1\/2&#8243;][vc_single_image image=&#8221;7943&#8243; img_size=&#8221;full&#8221; alignment=&#8221;center&#8221; qode_css_animation=&#8221;&#8221;][vc_empty_space height=&#8221;40px&#8221;][\/vc_column_inner][vc_column_inner width=&#8221;1\/2&#8243;][vc_column_text] Protocol ideal per a aquelles persones amb els\u00a0p\u00f2muls que encara\u00a0no s&#8217;han desenvolupat suficientment, s\u00f3n aplanats o es troben disminu\u00efts i, per tant,&#8230;<!-- AddThis Advanced Settings generic via filter on get_the_excerpt --><!-- AddThis Share Buttons generic via filter on get_the_excerpt --><\/p>\n","protected":false},"author":25,"featured_media":0,"parent":9761,"menu_order":0,"comment_status":"closed","ping_status":"closed","template":"","meta":{"footnotes":""},"class_list":["post-9595","page","type-page","status-publish","hentry"],"yoast_head":"<!-- This site is optimized with the Yoast SEO Premium plugin v26.9 (Yoast SEO v27.2) - https:\/\/yoast.com\/product\/yoast-seo-premium-wordpress\/ -->\n<title>Augment de P\u00f2muls - Cl\u00ednica C\u00e0nons | Cirurgia i Medicina Estetica a Barcelona, \u200b\u200bGranollers<\/title>\n<meta name=\"robots\" content=\"index, follow, max-snippet:-1, max-image-preview:large, max-video-preview:-1\" \/>\n<link rel=\"canonical\" href=\"https:\/\/www.canons.es\/cirugia-plastica-facial-2\/aumento-de-pomulos\/\" \/>\n<meta property=\"og:locale\" content=\"ca_ES\" \/>\n<meta property=\"og:type\" content=\"article\" \/>\n<meta property=\"og:title\" content=\"Augment de P\u00f2muls\" \/>\n<meta property=\"og:description\" content=\"[vc_row css_animation=&#8221;&#8221; row_type=&#8221;row&#8221; use_row_as_full_screen_section=&#8221;no&#8221; type=&#8221;full_width&#8221; angled_section=&#8221;no&#8221; text_align=&#8221;left&#8221; background_image_as_pattern=&#8221;without_pattern&#8221; background_color=&#8221;#f9f9f9&#8243; section_type=&#8221;full-width&#8221;][vc_column][vc_empty_space height=&#8221;20px&#8221;][vc_empty_space height=&#8221;40px&#8221;][vc_row_inner row_type=&#8221;row&#8221; type=&#8221;full_width&#8221; text_align=&#8221;left&#8221; css_animation=&#8221;&#8221;][vc_column_inner width=&#8221;1\/2&#8243;][vc_single_image image=&#8221;7943&#8243; img_size=&#8221;full&#8221; alignment=&#8221;center&#8221; qode_css_animation=&#8221;&#8221;][vc_empty_space height=&#8221;40px&#8221;][\/vc_column_inner][vc_column_inner width=&#8221;1\/2&#8243;][vc_column_text] Protocol ideal per a aquelles persones amb els\u00a0p\u00f2muls que encara\u00a0no s&#8217;han desenvolupat suficientment, s\u00f3n aplanats o es troben disminu\u00efts i, per tant,...\" \/>\n<meta property=\"og:url\" content=\"https:\/\/www.canons.es\/cirugia-plastica-facial-2\/aumento-de-pomulos\/\" \/>\n<meta property=\"og:site_name\" content=\"Cl\u00ednica C\u00e0nons | Cirurgia i Medicina Estetica a Barcelona, \u200b\u200bGranollers\" \/>\n<meta property=\"article:publisher\" content=\"https:\/\/www.facebook.com\/canonsclinics\/\" \/>\n<meta property=\"article:modified_time\" content=\"2019-12-12T15:28:49+00:00\" \/>\n<meta name=\"twitter:card\" content=\"summary_large_image\" \/>\n<meta name=\"twitter:site\" content=\"@canonsclinics\" \/>\n<meta name=\"twitter:label1\" content=\"Temps estimat de lectura\" \/>\n\t<meta name=\"twitter:data1\" content=\"6 minuts\" \/>\n<script type=\"application\/ld+json\" class=\"yoast-schema-graph\">{\"@context\":\"https:\/\/schema.org\",\"@graph\":[{\"@type\":\"WebPage\",\"@id\":\"https:\/\/www.canons.es\/cirugia-plastica-facial-2\/aumento-de-pomulos\/\",\"url\":\"https:\/\/www.canons.es\/cirugia-plastica-facial-2\/aumento-de-pomulos\/\",\"name\":\"Augment de P\u00f2muls - Cl\u00ednica C\u00e0nons | Cirurgia i Medicina Estetica a Barcelona, \u200b\u200bGranollers\",\"isPartOf\":{\"@id\":\"https:\/\/www.canons.es\/#website\"},\"datePublished\":\"2015-09-07T15:06:04+00:00\",\"dateModified\":\"2019-12-12T15:28:49+00:00\",\"breadcrumb\":{\"@id\":\"https:\/\/www.canons.es\/cirugia-plastica-facial-2\/aumento-de-pomulos\/#breadcrumb\"},\"inLanguage\":\"ca\",\"potentialAction\":[{\"@type\":\"ReadAction\",\"target\":[\"https:\/\/www.canons.es\/cirugia-plastica-facial-2\/aumento-de-pomulos\/\"]}]},{\"@type\":\"BreadcrumbList\",\"@id\":\"https:\/\/www.canons.es\/cirugia-plastica-facial-2\/aumento-de-pomulos\/#breadcrumb\",\"itemListElement\":[{\"@type\":\"ListItem\",\"position\":1,\"name\":\"Portada\",\"item\":\"https:\/\/www.canons.es\/ca\/\"},{\"@type\":\"ListItem\",\"position\":2,\"name\":\"CIRURGIA PL\u00c0STICA FACIAL\",\"item\":\"https:\/\/www.canons.es\/ca\/cirurgia-plastica-facial\/\"},{\"@type\":\"ListItem\",\"position\":3,\"name\":\"Augment de P\u00f2muls\"}]},{\"@type\":\"WebSite\",\"@id\":\"https:\/\/www.canons.es\/#website\",\"url\":\"https:\/\/www.canons.es\/\",\"name\":\"Cirug\u00eda Pl\u00e1stica y Est\u00e9tica Barcelona y Granollers | C\u00e0nons Clinics\",\"description\":\"\",\"publisher\":{\"@id\":\"https:\/\/www.canons.es\/#organization\"},\"potentialAction\":[{\"@type\":\"SearchAction\",\"target\":{\"@type\":\"EntryPoint\",\"urlTemplate\":\"https:\/\/www.canons.es\/?s={search_term_string}\"},\"query-input\":{\"@type\":\"PropertyValueSpecification\",\"valueRequired\":true,\"valueName\":\"search_term_string\"}}],\"inLanguage\":\"ca\"},{\"@type\":\"Organization\",\"@id\":\"https:\/\/www.canons.es\/#organization\",\"name\":\"Cirug\u00eda Pl\u00e1stica y Est\u00e9tica Barcelona y Granollers | C\u00e0nons Clinics\",\"url\":\"https:\/\/www.canons.es\/\",\"logo\":{\"@type\":\"ImageObject\",\"inLanguage\":\"ca\",\"@id\":\"https:\/\/www.canons.es\/#\/schema\/logo\/image\/\",\"url\":\"https:\/\/www.canons.es\/wp-content\/uploads\/2025\/04\/logo-canons-clinics.jpg\",\"contentUrl\":\"https:\/\/www.canons.es\/wp-content\/uploads\/2025\/04\/logo-canons-clinics.jpg\",\"width\":600,\"height\":139,\"caption\":\"Cirug\u00eda Pl\u00e1stica y Est\u00e9tica Barcelona y Granollers | C\u00e0nons Clinics\"},\"image\":{\"@id\":\"https:\/\/www.canons.es\/#\/schema\/logo\/image\/\"},\"sameAs\":[\"https:\/\/www.facebook.com\/canonsclinics\/\",\"https:\/\/x.com\/canonsclinics\",\"https:\/\/www.instagram.com\/canonsclinics\/\",\"https:\/\/www.youtube.com\/channel\/UCI1Ia6LjALyo1CuQ0_HwtfQ\",\"https:\/\/www.linkedin.com\/company\/canons-clinics\/\"]}]}<\/script>\n<!-- \/ Yoast SEO Premium plugin. -->","yoast_head_json":{"title":"Augment de P\u00f2muls - Cl\u00ednica C\u00e0nons | Cirurgia i Medicina Estetica a Barcelona, \u200b\u200bGranollers","robots":{"index":"index","follow":"follow","max-snippet":"max-snippet:-1","max-image-preview":"max-image-preview:large","max-video-preview":"max-video-preview:-1"},"canonical":"https:\/\/www.canons.es\/cirugia-plastica-facial-2\/aumento-de-pomulos\/","og_locale":"ca_ES","og_type":"article","og_title":"Augment de P\u00f2muls","og_description":"[vc_row css_animation=&#8221;&#8221; row_type=&#8221;row&#8221; use_row_as_full_screen_section=&#8221;no&#8221; type=&#8221;full_width&#8221; angled_section=&#8221;no&#8221; text_align=&#8221;left&#8221; background_image_as_pattern=&#8221;without_pattern&#8221; background_color=&#8221;#f9f9f9&#8243; section_type=&#8221;full-width&#8221;][vc_column][vc_empty_space height=&#8221;20px&#8221;][vc_empty_space height=&#8221;40px&#8221;][vc_row_inner row_type=&#8221;row&#8221; type=&#8221;full_width&#8221; text_align=&#8221;left&#8221; css_animation=&#8221;&#8221;][vc_column_inner width=&#8221;1\/2&#8243;][vc_single_image image=&#8221;7943&#8243; img_size=&#8221;full&#8221; alignment=&#8221;center&#8221; qode_css_animation=&#8221;&#8221;][vc_empty_space height=&#8221;40px&#8221;][\/vc_column_inner][vc_column_inner width=&#8221;1\/2&#8243;][vc_column_text] Protocol ideal per a aquelles persones amb els\u00a0p\u00f2muls que encara\u00a0no s&#8217;han desenvolupat suficientment, s\u00f3n aplanats o es troben disminu\u00efts i, per tant,...","og_url":"https:\/\/www.canons.es\/cirugia-plastica-facial-2\/aumento-de-pomulos\/","og_site_name":"Cl\u00ednica C\u00e0nons | Cirurgia i Medicina Estetica a Barcelona, \u200b\u200bGranollers","article_publisher":"https:\/\/www.facebook.com\/canonsclinics\/","article_modified_time":"2019-12-12T15:28:49+00:00","twitter_card":"summary_large_image","twitter_site":"@canonsclinics","twitter_misc":{"Temps estimat de lectura":"6 minuts"},"schema":{"@context":"https:\/\/schema.org","@graph":[{"@type":"WebPage","@id":"https:\/\/www.canons.es\/cirugia-plastica-facial-2\/aumento-de-pomulos\/","url":"https:\/\/www.canons.es\/cirugia-plastica-facial-2\/aumento-de-pomulos\/","name":"Augment de P\u00f2muls - Cl\u00ednica C\u00e0nons | Cirurgia i Medicina Estetica a Barcelona, \u200b\u200bGranollers","isPartOf":{"@id":"https:\/\/www.canons.es\/#website"},"datePublished":"2015-09-07T15:06:04+00:00","dateModified":"2019-12-12T15:28:49+00:00","breadcrumb":{"@id":"https:\/\/www.canons.es\/cirugia-plastica-facial-2\/aumento-de-pomulos\/#breadcrumb"},"inLanguage":"ca","potentialAction":[{"@type":"ReadAction","target":["https:\/\/www.canons.es\/cirugia-plastica-facial-2\/aumento-de-pomulos\/"]}]},{"@type":"BreadcrumbList","@id":"https:\/\/www.canons.es\/cirugia-plastica-facial-2\/aumento-de-pomulos\/#breadcrumb","itemListElement":[{"@type":"ListItem","position":1,"name":"Portada","item":"https:\/\/www.canons.es\/ca\/"},{"@type":"ListItem","position":2,"name":"CIRURGIA PL\u00c0STICA FACIAL","item":"https:\/\/www.canons.es\/ca\/cirurgia-plastica-facial\/"},{"@type":"ListItem","position":3,"name":"Augment de P\u00f2muls"}]},{"@type":"WebSite","@id":"https:\/\/www.canons.es\/#website","url":"https:\/\/www.canons.es\/","name":"Cirug\u00eda Pl\u00e1stica y Est\u00e9tica Barcelona y Granollers | C\u00e0nons Clinics","description":"","publisher":{"@id":"https:\/\/www.canons.es\/#organization"},"potentialAction":[{"@type":"SearchAction","target":{"@type":"EntryPoint","urlTemplate":"https:\/\/www.canons.es\/?s={search_term_string}"},"query-input":{"@type":"PropertyValueSpecification","valueRequired":true,"valueName":"search_term_string"}}],"inLanguage":"ca"},{"@type":"Organization","@id":"https:\/\/www.canons.es\/#organization","name":"Cirug\u00eda Pl\u00e1stica y Est\u00e9tica Barcelona y Granollers | C\u00e0nons Clinics","url":"https:\/\/www.canons.es\/","logo":{"@type":"ImageObject","inLanguage":"ca","@id":"https:\/\/www.canons.es\/#\/schema\/logo\/image\/","url":"https:\/\/www.canons.es\/wp-content\/uploads\/2025\/04\/logo-canons-clinics.jpg","contentUrl":"https:\/\/www.canons.es\/wp-content\/uploads\/2025\/04\/logo-canons-clinics.jpg","width":600,"height":139,"caption":"Cirug\u00eda Pl\u00e1stica y Est\u00e9tica Barcelona y Granollers | C\u00e0nons Clinics"},"image":{"@id":"https:\/\/www.canons.es\/#\/schema\/logo\/image\/"},"sameAs":["https:\/\/www.facebook.com\/canonsclinics\/","https:\/\/x.com\/canonsclinics","https:\/\/www.instagram.com\/canonsclinics\/","https:\/\/www.youtube.com\/channel\/UCI1Ia6LjALyo1CuQ0_HwtfQ","https:\/\/www.linkedin.com\/company\/canons-clinics\/"]}]}},"_links":{"self":[{"href":"https:\/\/www.canons.es\/ca\/wp-json\/wp\/v2\/pages\/9595","targetHints":{"allow":["GET"]}}],"collection":[{"href":"https:\/\/www.canons.es\/ca\/wp-json\/wp\/v2\/pages"}],"about":[{"href":"https:\/\/www.canons.es\/ca\/wp-json\/wp\/v2\/types\/page"}],"author":[{"embeddable":true,"href":"https:\/\/www.canons.es\/ca\/wp-json\/wp\/v2\/users\/25"}],"replies":[{"embeddable":true,"href":"https:\/\/www.canons.es\/ca\/wp-json\/wp\/v2\/comments?post=9595"}],"version-history":[{"count":0,"href":"https:\/\/www.canons.es\/ca\/wp-json\/wp\/v2\/pages\/9595\/revisions"}],"up":[{"embeddable":true,"href":"https:\/\/www.canons.es\/ca\/wp-json\/wp\/v2\/pages\/9761"}],"wp:attachment":[{"href":"https:\/\/www.canons.es\/ca\/wp-json\/wp\/v2\/media?parent=9595"}],"curies":[{"name":"wp","href":"https:\/\/api.w.org\/{rel}","templated":true}]}}