{"id":9575,"date":"2015-08-24T11:04:59","date_gmt":"2015-08-24T11:04:59","guid":{"rendered":"https:\/\/www.canons.es\/ca\/intralipoterapia-con-aqualyx\/"},"modified":"2019-04-05T08:03:10","modified_gmt":"2019-04-05T08:03:10","slug":"intralipoterapia-con-aqualyx","status":"publish","type":"page","link":"https:\/\/www.canons.es\/ca\/intralipoterapia-con-aqualyx\/","title":{"rendered":"Intralipoterapia amb Aqualyx"},"content":{"rendered":"<div class=\"wpb-content-wrapper\"><p>[vc_row css_animation=&#8221;&#8221; row_type=&#8221;row&#8221; use_row_as_full_screen_section=&#8221;no&#8221; type=&#8221;full_width&#8221; angled_section=&#8221;no&#8221; text_align=&#8221;left&#8221; background_image_as_pattern=&#8221;without_pattern&#8221; background_color=&#8221;#f9f9f9&#8243; section_type=&#8221;full-width&#8221;][vc_column][vc_empty_space height=&#8221;40px&#8221;][vc_row_inner row_type=&#8221;row&#8221; type=&#8221;full_width&#8221; text_align=&#8221;left&#8221; css_animation=&#8221;&#8221;][vc_column_inner width=&#8221;1\/2&#8243;][vc_single_image image=&#8221;8794&#8243; img_size=&#8221;full&#8221; alignment=&#8221;center&#8221; qode_css_animation=&#8221;&#8221;][vc_empty_space height=&#8221;40px&#8221;][\/vc_column_inner][vc_column_inner width=&#8221;1\/2&#8243;][vc_column_text]<\/p>\n<p style=\"text-align: justify;\">\u00c9s un protocol m\u00e8dic espec\u00edficament format per l\u2019\u00fas d\u2019una soluci\u00f3 injectable biocompatible i totalment reabsorbible que s\u2019anomena Aqualyx , permet <strong>destruir gradualment els c\u00famuls de greix en zones delimitades i localitzades.<\/strong><\/p>\n<p style=\"text-align: justify;\">Actualment, es considera el tractament d\u2019elecci\u00f3 com a alternativa a la <a href=\"http:\/\/www.C\u00e0nons Clinics.es\/ca\/lipoescultura-corporal-asistida-por-laser\/\">liposucci\u00f3<\/a>.<\/p>\n<p>[\/vc_column_text][\/vc_column_inner][\/vc_row_inner][\/vc_column][\/vc_row][vc_row css_animation=&#8221;&#8221; row_type=&#8221;row&#8221; use_row_as_full_screen_section=&#8221;no&#8221; type=&#8221;full_width&#8221; angled_section=&#8221;no&#8221; text_align=&#8221;left&#8221; background_image_as_pattern=&#8221;without_pattern&#8221; section_type=&#8221;full-width&#8221;][vc_column][vc_empty_space][vc_accordion style=&#8221;accordion&#8221;][vc_accordion_tab title=&#8221;Com actua?&#8221;][vc_column_text]<\/p>\n<p style=\"text-align: justify;\">S\u2019injecta Aqualyx en el teixit adip\u00f3s amb la t\u00e8cnica anomenada intralipoterapia produint una tumesc\u00e8ncia del teixit, permetent que aquest penetri en els adip\u00f2cits de la zona o zones a tractar de manera que<span style=\"color: #6d98dc;\"><strong> s\u2019inicia un proc\u00e9s de adipocitolisis o eliminaci\u00f3 de c\u00e8l\u00b7lules de greix<\/strong><\/span>, que potenciarem amb l\u2019ajuda dels <strong><span style=\"color: #6d98dc;\">drenatges limf\u00e0tics manuals accelerant el proc\u00e9s d\u2019eliminaci\u00f3 de greix localitzat<\/span>.<\/strong><\/p>\n<p>[\/vc_column_text][vc_empty_space][vc_row_inner row_type=&#8221;row&#8221; type=&#8221;full_width&#8221; text_align=&#8221;left&#8221; css_animation=&#8221;&#8221;][vc_column_inner width=&#8221;1\/4&#8243;]<br \/>\n[\/vc_column_inner][vc_column_inner width=&#8221;1\/2&#8243;][vc_video link=&#8221;https:\/\/www.youtube.com\/embed\/O3lf0WPDNTI&#8221;][\/vc_column_inner][vc_column_inner width=&#8221;1\/4&#8243;]<br \/>\n[\/vc_column_inner][\/vc_row_inner][vc_empty_space][\/vc_accordion_tab][vc_accordion_tab title=&#8221;Quines zones podr\u00e9 tractar-me amb Aqualyx?&#8221;][vc_column_text]<\/p>\n<p style=\"text-align: justify;\"><strong><span style=\"color: #6d98dc;\">Les \u00e0rees corporals majorment afectades per adipositats localitzades que no desapareixen amb dieta ni exercici f\u00edsic<\/span>.<\/strong><\/p>\n<p style=\"text-align: justify;\">Les \u00e0rees majorment afectades s\u00f3n els flancs, la part interna de les cuixes, la part interior del genoll, la regi\u00f3 trocant\u00e8rica o \u201ccartutxeres\u201d, l\u2019abdomen, les extremitats superiors i el doble ment\u00f3 o papada.<\/p>\n<p>[\/vc_column_text][\/vc_accordion_tab][vc_accordion_tab title=&#8221;Quin ser\u00e0 el protocol a seguir?&#8221;][vc_column_text]<\/p>\n<p style=\"text-align: justify;\">Pr\u00e8viament al tractament d\u2019Aqualyx, i si \u00e9s necessari, realitzarem una sessi\u00f3 de drenatge limf\u00e0tic manual a la zona a tractar per eliminar l\u00edquids i toxines. D\u2019aquesta manera adequarem aquesta perqu\u00e8 sigui m\u00e9s receptiva al tractament amb l&#8217;Aqualyx.<\/p>\n<p style=\"text-align: justify;\">Posteriorment, es desinfectar\u00e0 correctament la zona de tractament. Depenent de la zona o zones a tractar el doctor injectar\u00e0 la quantitat adequada en cada cas en particular.<\/p>\n<p style=\"text-align: justify;\">Encara que s\u2019ha observat una alta toler\u00e0ncia al tractament, Aqualyx mai s\u2019haur\u00e0 injectar en quantitats superiors a 40 ml per sessi\u00f3 o, 25 ml en una \u00e0rea anat\u00f2mica espec\u00edfica. Si cal, es poden afegir 0,2 ml de lidoca\u00efna pura sense adrenalina o, qualsevol altre vasoconstrictor a cada vial de Aqualyx.<\/p>\n<p style=\"text-align: justify;\">Posteriorment, <span style=\"color: #6d98dc;\"><strong>es realitzaran 3 drenatges limf\u00e0tics manuals per accelerar el proc\u00e9s<\/strong><\/span> d\u2019eliminaci\u00f3 de greix.<\/p>\n<p style=\"text-align: justify;\">D\u2019acord amb dades cl\u00edniques objectives, <strong><span style=\"color: #6d98dc;\">els tractaments s\u2019han de fer a intervals de 15 dies o superiors<\/span>.<\/strong><\/p>\n<p style=\"text-align: justify;\">El<span style=\"color: #6d98dc;\"> <strong>total de sessions de intralipoterapia amb Aqualyx varia, entre 2 i 5<\/strong><\/span>, segons l\u2019extensi\u00f3 de les \u00e0rees a tractar, amb un interval mitj\u00e0 entre 3 i 4 setmanes entre una i altra. Depenent d\u2019aspectes cl\u00ednics particulars aquests intervals es podran modificar.<\/p>\n<p style=\"text-align: justify;\">Per garantir el manteniment dels resultats obtinguts, \u00e9s important que visiti l\u2019especialista uns mesos despr\u00e9s del tractament.<\/p>\n<p>[\/vc_column_text][\/vc_accordion_tab][vc_accordion_tab title=&#8221;Qu\u00e8 et recomanarem despr\u00e9s de cada sessi\u00f3?&#8221;][vc_column_text]<\/p>\n<p style=\"text-align: justify;\"><span style=\"color: #6d98dc;\"><strong>Evitar exposar-te a les radiacions solars o bronzejar amb ultraviolats<\/strong><\/span>, com a m\u00ednim durant els primers 45 dies despr\u00e9s de cada sessi\u00f3. Tamb\u00e9, haur\u00e0s de realitzar un tractament domiciliari espec\u00edfic per accelerar el proc\u00e9s.<\/p>\n<p>[\/vc_column_text][\/vc_accordion_tab][vc_accordion_tab title=&#8221;Podr\u00e9 combinar amb altres ter\u00e0pies corporals?&#8221;][vc_column_text]<\/p>\n<p style=\"text-align: justify;\">\u00c9s totalment <span style=\"color: #6d98dc;\"><strong>compatible i combinable amb totes les ter\u00e0pies<\/strong><\/span> metge est\u00e8tiques corporals seguint les recomanacions pautades pels nostres Metges Especialistes en Medicina Est\u00e8tica de C\u00e0nons Clinics aportant un tractament global amb l\u2019objectiu de millorar la imatge personal.<\/p>\n<p>[\/vc_column_text][\/vc_accordion_tab][\/vc_accordion][\/vc_column][\/vc_row]<\/p>\n<\/div><!-- AddThis Advanced Settings generic via filter on the_content --><!-- AddThis Share Buttons generic via filter on the_content -->","protected":false},"excerpt":{"rendered":"<p>[vc_row css_animation=&#8221;&#8221; row_type=&#8221;row&#8221; use_row_as_full_screen_section=&#8221;no&#8221; type=&#8221;full_width&#8221; angled_section=&#8221;no&#8221; text_align=&#8221;left&#8221; background_image_as_pattern=&#8221;without_pattern&#8221; background_color=&#8221;#f9f9f9&#8243; section_type=&#8221;full-width&#8221;][vc_column][vc_empty_space height=&#8221;40px&#8221;][vc_row_inner row_type=&#8221;row&#8221; type=&#8221;full_width&#8221; text_align=&#8221;left&#8221; css_animation=&#8221;&#8221;][vc_column_inner width=&#8221;1\/2&#8243;][vc_single_image image=&#8221;8794&#8243; img_size=&#8221;full&#8221; alignment=&#8221;center&#8221; qode_css_animation=&#8221;&#8221;][vc_empty_space height=&#8221;40px&#8221;][\/vc_column_inner][vc_column_inner width=&#8221;1\/2&#8243;][vc_column_text] \u00c9s un protocol m\u00e8dic espec\u00edficament format per l\u2019\u00fas d\u2019una soluci\u00f3 injectable biocompatible i totalment reabsorbible que s\u2019anomena Aqualyx , permet destruir gradualment els&#8230;<!-- AddThis Advanced Settings generic via filter on get_the_excerpt --><!-- AddThis Share Buttons generic via filter on get_the_excerpt --><\/p>\n","protected":false},"author":25,"featured_media":0,"parent":0,"menu_order":0,"comment_status":"closed","ping_status":"closed","template":"","meta":{"footnotes":""},"class_list":["post-9575","page","type-page","status-publish","hentry"],"yoast_head":"<!-- This site is optimized with the Yoast SEO Premium plugin v26.9 (Yoast SEO v27.5) - https:\/\/yoast.com\/product\/yoast-seo-premium-wordpress\/ -->\n<title>Intralipoterapia amb Aqualyx - Cl\u00ednica C\u00e0nons | Cirurgia i Medicina Estetica a Barcelona, \u200b\u200bGranollers<\/title>\n<meta name=\"robots\" content=\"index, follow, max-snippet:-1, max-image-preview:large, max-video-preview:-1\" \/>\n<link rel=\"canonical\" href=\"https:\/\/www.canons.es\/intralipoterapia-con-aqualyx\/\" \/>\n<meta property=\"og:locale\" content=\"ca_ES\" \/>\n<meta property=\"og:type\" content=\"article\" \/>\n<meta property=\"og:title\" content=\"Intralipoterapia amb Aqualyx\" \/>\n<meta property=\"og:description\" content=\"[vc_row css_animation=&#8221;&#8221; row_type=&#8221;row&#8221; use_row_as_full_screen_section=&#8221;no&#8221; type=&#8221;full_width&#8221; angled_section=&#8221;no&#8221; text_align=&#8221;left&#8221; background_image_as_pattern=&#8221;without_pattern&#8221; background_color=&#8221;#f9f9f9&#8243; section_type=&#8221;full-width&#8221;][vc_column][vc_empty_space height=&#8221;40px&#8221;][vc_row_inner row_type=&#8221;row&#8221; type=&#8221;full_width&#8221; text_align=&#8221;left&#8221; css_animation=&#8221;&#8221;][vc_column_inner width=&#8221;1\/2&#8243;][vc_single_image image=&#8221;8794&#8243; img_size=&#8221;full&#8221; alignment=&#8221;center&#8221; qode_css_animation=&#8221;&#8221;][vc_empty_space height=&#8221;40px&#8221;][\/vc_column_inner][vc_column_inner width=&#8221;1\/2&#8243;][vc_column_text] \u00c9s un protocol m\u00e8dic espec\u00edficament format per l\u2019\u00fas d\u2019una soluci\u00f3 injectable biocompatible i totalment reabsorbible que s\u2019anomena Aqualyx , permet destruir gradualment els...\" \/>\n<meta property=\"og:url\" content=\"https:\/\/www.canons.es\/intralipoterapia-con-aqualyx\/\" \/>\n<meta property=\"og:site_name\" content=\"Cl\u00ednica C\u00e0nons | Cirurgia i Medicina Estetica a Barcelona, \u200b\u200bGranollers\" \/>\n<meta property=\"article:publisher\" content=\"https:\/\/www.facebook.com\/canonsclinics\/\" \/>\n<meta property=\"article:modified_time\" content=\"2019-04-05T08:03:10+00:00\" \/>\n<meta name=\"twitter:card\" content=\"summary_large_image\" \/>\n<meta name=\"twitter:site\" content=\"@canonsclinics\" \/>\n<meta name=\"twitter:label1\" content=\"Temps estimat de lectura\" \/>\n\t<meta name=\"twitter:data1\" content=\"4 minuts\" \/>\n<script type=\"application\/ld+json\" class=\"yoast-schema-graph\">{\"@context\":\"https:\\\/\\\/schema.org\",\"@graph\":[{\"@type\":\"WebPage\",\"@id\":\"https:\\\/\\\/www.canons.es\\\/intralipoterapia-con-aqualyx\\\/\",\"url\":\"https:\\\/\\\/www.canons.es\\\/intralipoterapia-con-aqualyx\\\/\",\"name\":\"Intralipoterapia amb Aqualyx - Cl\u00ednica C\u00e0nons | Cirurgia i Medicina Estetica a Barcelona, \u200b\u200bGranollers\",\"isPartOf\":{\"@id\":\"https:\\\/\\\/www.canons.es\\\/#website\"},\"datePublished\":\"2015-08-24T11:04:59+00:00\",\"dateModified\":\"2019-04-05T08:03:10+00:00\",\"breadcrumb\":{\"@id\":\"https:\\\/\\\/www.canons.es\\\/intralipoterapia-con-aqualyx\\\/#breadcrumb\"},\"inLanguage\":\"ca\",\"potentialAction\":[{\"@type\":\"ReadAction\",\"target\":[\"https:\\\/\\\/www.canons.es\\\/intralipoterapia-con-aqualyx\\\/\"]}]},{\"@type\":\"BreadcrumbList\",\"@id\":\"https:\\\/\\\/www.canons.es\\\/intralipoterapia-con-aqualyx\\\/#breadcrumb\",\"itemListElement\":[{\"@type\":\"ListItem\",\"position\":1,\"name\":\"Portada\",\"item\":\"https:\\\/\\\/www.canons.es\\\/ca\\\/\"},{\"@type\":\"ListItem\",\"position\":2,\"name\":\"Intralipoterapia amb Aqualyx\"}]},{\"@type\":\"WebSite\",\"@id\":\"https:\\\/\\\/www.canons.es\\\/#website\",\"url\":\"https:\\\/\\\/www.canons.es\\\/\",\"name\":\"Cirug\u00eda Pl\u00e1stica y Est\u00e9tica Barcelona y Granollers | C\u00e0nons Clinics\",\"description\":\"\",\"publisher\":{\"@id\":\"https:\\\/\\\/www.canons.es\\\/#organization\"},\"potentialAction\":[{\"@type\":\"SearchAction\",\"target\":{\"@type\":\"EntryPoint\",\"urlTemplate\":\"https:\\\/\\\/www.canons.es\\\/?s={search_term_string}\"},\"query-input\":{\"@type\":\"PropertyValueSpecification\",\"valueRequired\":true,\"valueName\":\"search_term_string\"}}],\"inLanguage\":\"ca\"},{\"@type\":\"Organization\",\"@id\":\"https:\\\/\\\/www.canons.es\\\/#organization\",\"name\":\"Cirug\u00eda Pl\u00e1stica y Est\u00e9tica Barcelona y Granollers | C\u00e0nons Clinics\",\"url\":\"https:\\\/\\\/www.canons.es\\\/\",\"logo\":{\"@type\":\"ImageObject\",\"inLanguage\":\"ca\",\"@id\":\"https:\\\/\\\/www.canons.es\\\/#\\\/schema\\\/logo\\\/image\\\/\",\"url\":\"https:\\\/\\\/www.canons.es\\\/wp-content\\\/uploads\\\/2025\\\/04\\\/logo-canons-clinics.jpg\",\"contentUrl\":\"https:\\\/\\\/www.canons.es\\\/wp-content\\\/uploads\\\/2025\\\/04\\\/logo-canons-clinics.jpg\",\"width\":600,\"height\":139,\"caption\":\"Cirug\u00eda Pl\u00e1stica y Est\u00e9tica Barcelona y Granollers | C\u00e0nons Clinics\"},\"image\":{\"@id\":\"https:\\\/\\\/www.canons.es\\\/#\\\/schema\\\/logo\\\/image\\\/\"},\"sameAs\":[\"https:\\\/\\\/www.facebook.com\\\/canonsclinics\\\/\",\"https:\\\/\\\/x.com\\\/canonsclinics\",\"https:\\\/\\\/www.instagram.com\\\/canonsclinics\\\/\",\"https:\\\/\\\/www.youtube.com\\\/channel\\\/UCI1Ia6LjALyo1CuQ0_HwtfQ\",\"https:\\\/\\\/www.linkedin.com\\\/company\\\/canons-clinics\\\/\"]}]}<\/script>\n<!-- \/ Yoast SEO Premium plugin. -->","yoast_head_json":{"title":"Intralipoterapia amb Aqualyx - Cl\u00ednica C\u00e0nons | Cirurgia i Medicina Estetica a Barcelona, \u200b\u200bGranollers","robots":{"index":"index","follow":"follow","max-snippet":"max-snippet:-1","max-image-preview":"max-image-preview:large","max-video-preview":"max-video-preview:-1"},"canonical":"https:\/\/www.canons.es\/intralipoterapia-con-aqualyx\/","og_locale":"ca_ES","og_type":"article","og_title":"Intralipoterapia amb Aqualyx","og_description":"[vc_row css_animation=&#8221;&#8221; row_type=&#8221;row&#8221; use_row_as_full_screen_section=&#8221;no&#8221; type=&#8221;full_width&#8221; angled_section=&#8221;no&#8221; text_align=&#8221;left&#8221; background_image_as_pattern=&#8221;without_pattern&#8221; background_color=&#8221;#f9f9f9&#8243; section_type=&#8221;full-width&#8221;][vc_column][vc_empty_space height=&#8221;40px&#8221;][vc_row_inner row_type=&#8221;row&#8221; type=&#8221;full_width&#8221; text_align=&#8221;left&#8221; css_animation=&#8221;&#8221;][vc_column_inner width=&#8221;1\/2&#8243;][vc_single_image image=&#8221;8794&#8243; img_size=&#8221;full&#8221; alignment=&#8221;center&#8221; qode_css_animation=&#8221;&#8221;][vc_empty_space height=&#8221;40px&#8221;][\/vc_column_inner][vc_column_inner width=&#8221;1\/2&#8243;][vc_column_text] \u00c9s un protocol m\u00e8dic espec\u00edficament format per l\u2019\u00fas d\u2019una soluci\u00f3 injectable biocompatible i totalment reabsorbible que s\u2019anomena Aqualyx , permet destruir gradualment els...","og_url":"https:\/\/www.canons.es\/intralipoterapia-con-aqualyx\/","og_site_name":"Cl\u00ednica C\u00e0nons | Cirurgia i Medicina Estetica a Barcelona, \u200b\u200bGranollers","article_publisher":"https:\/\/www.facebook.com\/canonsclinics\/","article_modified_time":"2019-04-05T08:03:10+00:00","twitter_card":"summary_large_image","twitter_site":"@canonsclinics","twitter_misc":{"Temps estimat de lectura":"4 minuts"},"schema":{"@context":"https:\/\/schema.org","@graph":[{"@type":"WebPage","@id":"https:\/\/www.canons.es\/intralipoterapia-con-aqualyx\/","url":"https:\/\/www.canons.es\/intralipoterapia-con-aqualyx\/","name":"Intralipoterapia amb Aqualyx - Cl\u00ednica C\u00e0nons | Cirurgia i Medicina Estetica a Barcelona, \u200b\u200bGranollers","isPartOf":{"@id":"https:\/\/www.canons.es\/#website"},"datePublished":"2015-08-24T11:04:59+00:00","dateModified":"2019-04-05T08:03:10+00:00","breadcrumb":{"@id":"https:\/\/www.canons.es\/intralipoterapia-con-aqualyx\/#breadcrumb"},"inLanguage":"ca","potentialAction":[{"@type":"ReadAction","target":["https:\/\/www.canons.es\/intralipoterapia-con-aqualyx\/"]}]},{"@type":"BreadcrumbList","@id":"https:\/\/www.canons.es\/intralipoterapia-con-aqualyx\/#breadcrumb","itemListElement":[{"@type":"ListItem","position":1,"name":"Portada","item":"https:\/\/www.canons.es\/ca\/"},{"@type":"ListItem","position":2,"name":"Intralipoterapia amb Aqualyx"}]},{"@type":"WebSite","@id":"https:\/\/www.canons.es\/#website","url":"https:\/\/www.canons.es\/","name":"Cirug\u00eda Pl\u00e1stica y Est\u00e9tica Barcelona y Granollers | C\u00e0nons Clinics","description":"","publisher":{"@id":"https:\/\/www.canons.es\/#organization"},"potentialAction":[{"@type":"SearchAction","target":{"@type":"EntryPoint","urlTemplate":"https:\/\/www.canons.es\/?s={search_term_string}"},"query-input":{"@type":"PropertyValueSpecification","valueRequired":true,"valueName":"search_term_string"}}],"inLanguage":"ca"},{"@type":"Organization","@id":"https:\/\/www.canons.es\/#organization","name":"Cirug\u00eda Pl\u00e1stica y Est\u00e9tica Barcelona y Granollers | C\u00e0nons Clinics","url":"https:\/\/www.canons.es\/","logo":{"@type":"ImageObject","inLanguage":"ca","@id":"https:\/\/www.canons.es\/#\/schema\/logo\/image\/","url":"https:\/\/www.canons.es\/wp-content\/uploads\/2025\/04\/logo-canons-clinics.jpg","contentUrl":"https:\/\/www.canons.es\/wp-content\/uploads\/2025\/04\/logo-canons-clinics.jpg","width":600,"height":139,"caption":"Cirug\u00eda Pl\u00e1stica y Est\u00e9tica Barcelona y Granollers | C\u00e0nons Clinics"},"image":{"@id":"https:\/\/www.canons.es\/#\/schema\/logo\/image\/"},"sameAs":["https:\/\/www.facebook.com\/canonsclinics\/","https:\/\/x.com\/canonsclinics","https:\/\/www.instagram.com\/canonsclinics\/","https:\/\/www.youtube.com\/channel\/UCI1Ia6LjALyo1CuQ0_HwtfQ","https:\/\/www.linkedin.com\/company\/canons-clinics\/"]}]}},"_links":{"self":[{"href":"https:\/\/www.canons.es\/ca\/wp-json\/wp\/v2\/pages\/9575","targetHints":{"allow":["GET"]}}],"collection":[{"href":"https:\/\/www.canons.es\/ca\/wp-json\/wp\/v2\/pages"}],"about":[{"href":"https:\/\/www.canons.es\/ca\/wp-json\/wp\/v2\/types\/page"}],"author":[{"embeddable":true,"href":"https:\/\/www.canons.es\/ca\/wp-json\/wp\/v2\/users\/25"}],"replies":[{"embeddable":true,"href":"https:\/\/www.canons.es\/ca\/wp-json\/wp\/v2\/comments?post=9575"}],"version-history":[{"count":0,"href":"https:\/\/www.canons.es\/ca\/wp-json\/wp\/v2\/pages\/9575\/revisions"}],"wp:attachment":[{"href":"https:\/\/www.canons.es\/ca\/wp-json\/wp\/v2\/media?parent=9575"}],"curies":[{"name":"wp","href":"https:\/\/api.w.org\/{rel}","templated":true}]}}